{"id":9961,"date":"2024-06-20T10:41:38","date_gmt":"2024-06-20T02:41:38","guid":{"rendered":"https:\/\/theo.niranbio.com\/etil-vanilina\/"},"modified":"2024-08-16T16:59:03","modified_gmt":"2024-08-16T08:59:03","slug":"etil-vanilina","status":"publish","type":"product","link":"https:\/\/theo.niranbio.com\/pt-br\/etil-vanilina.html","title":{"rendered":"Etil Vanilina"},"content":{"rendered":"<h2><span class=\"ez-toc-section\" id=\"O_que_e_Etil_Vanilina\"><\/span>O que \u00e9 Etil Vanilina?<span class=\"ez-toc-section-end\"><\/span><\/h2>\n<p>O agente aromatizante sint\u00e9tico etil vanilina tem o perfume distinto da vanilina e \u00e9 um p\u00f3 cristalino que varia de cor do branco ao levemente amarelo. Tem cheiro de chocolate delicioso. \u00c9 amplamente utilizado em aromatizantes, cosm\u00e9ticos, aditivos alimentares, medicamentos e outras ind\u00fastrias porque \u00e9 essencialmente at\u00f3xico. Existem tr\u00eas m\u00e9todos principais para a prepara\u00e7\u00e3o de etil vanilina:<\/p>\n<p>1. S\u00edntese qu\u00edmica: O grupo hidroxila na vanilina \u00e9 convertido em etil vanilina por rea\u00e7\u00e3o com etanol ou agentes et\u00edlicos. Catalisadores e a regula\u00e7\u00e3o de par\u00e2metros de rea\u00e7\u00e3o como press\u00e3o e temperatura s\u00e3o normalmente usados \u200b\u200bneste processo. Este m\u00e9todo pode efetivamente fabricar etil vanilina e \u00e9 ideal para produ\u00e7\u00e3o em larga escala.<\/p>\n<p>2. M\u00e9todo de extra\u00e7\u00e3o natural: Primeiro, a vanilina \u00e9 extra\u00edda de favas de baunilha e depois etilada. Este m\u00e9todo depende da qualidade e do fornecimento de mat\u00e9rias-primas naturais. Este processo \u00e9 relativamente complexo e caro, e \u00e9 usado principalmente no mercado de alto padr\u00e3o.<\/p>\n<p>3. Bioss\u00edntese: A vanilina ou seu precursor \u00e9 convertido em etil vanilina por fermenta\u00e7\u00e3o microbiana ou rea\u00e7\u00e3o catalisada por enzimas. Este m\u00e9todo \u00e9 mais ecol\u00f3gico, mas atualmente \u00e9 raramente usado na produ\u00e7\u00e3o industrial e \u00e9 usado principalmente no est\u00e1gio de pesquisa e desenvolvimento.<\/p>\n<h2><span class=\"ez-toc-section\" id=\"Parametros_relacionados\"><\/span>Par\u00e2metros relacionados:<span class=\"ez-toc-section-end\"><\/span><\/h2>\n<table>\n<tbody>\n<tr>\n<td>ITENS<\/td>\n<td>UNIDADE<\/td>\n<td>PADR\u00c3O<\/td>\n<\/tr>\n<tr>\n<td>Ensaio (em base seca)<\/td>\n<td>%<\/td>\n<td>\u226599.90 %<\/td>\n<\/tr>\n<tr>\n<td>Faixa de fus\u00e3o<\/td>\n<td>\u2103<\/td>\n<td>76-78<\/td>\n<\/tr>\n<tr>\n<td>Perda na secagem<\/td>\n<td>%<\/td>\n<td>\u22640.5<\/td>\n<\/tr>\n<tr>\n<td>Res\u00edduo na igni\u00e7\u00e3o<\/td>\n<td>%<\/td>\n<td>\u22640.05<\/td>\n<\/tr>\n<tr>\n<td>Metais pesados (Pb)<\/td>\n<td>%<\/td>\n<td>\u22640.001<\/td>\n<\/tr>\n<tr>\n<td>Ars\u00eanico<\/td>\n<td>%<\/td>\n<td>\u22640.0003<\/td>\n<\/tr>\n<tr>\n<td>Solubilidade<\/td>\n<td>%<\/td>\n<td>1g em 100 ML de \u00e1gua (50\u2103) ou 5 ML de etanol 95%<\/td>\n<\/tr>\n<\/tbody>\n<\/table>\n<h2><span class=\"ez-toc-section\" id=\"Dosagem_recomendada\"><\/span>Dosagem recomendada:<span class=\"ez-toc-section-end\"><\/span><\/h2>\n<table>\n<tbody>\n<tr>\n<td>Nome do alimento<\/td>\n<td>Uso m\u00e1ximo (g\/kg)<\/td>\n<\/tr>\n<tr>\n<td>Sorvete<\/td>\n<td>0,1-0,3 g\/kg<\/td>\n<\/tr>\n<tr>\n<td>Bolo<\/td>\n<td>0,05-0,2 g\/kg<\/td>\n<\/tr>\n<tr>\n<td>Chocolate<\/td>\n<td>0,1-0,2 g\/kg<\/td>\n<\/tr>\n<tr>\n<td>Creme<\/td>\n<td>0,1-0,3 g\/kg<\/td>\n<\/tr>\n<tr>\n<td>Doces<\/td>\n<td>0,1-0,3 g\/kg<\/td>\n<\/tr>\n<tr>\n<td>Leite aromatizado<\/td>\n<td>0,1-0,2 g\/kg<\/td>\n<\/tr>\n<tr>\n<td>Queijo<\/td>\n<td>0,05-0,1 g\/kg<\/td>\n<\/tr>\n<tr>\n<td>Bolo<\/td>\n<td>0,05-0,2 g\/kg<\/td>\n<\/tr>\n<tr>\n<td>Geleia<\/td>\n<td>0,05-0,1 g\/kg<\/td>\n<\/tr>\n<tr>\n<td>Molho para salada<\/td>\n<td>0,05-0,1 g\/kg<\/td>\n<\/tr>\n<tr>\n<td>Bebidas de frutas<\/td>\n<td>0,02-0,05 g\/kg<\/td>\n<\/tr>\n<tr>\n<td>Mistura para assar<\/td>\n<td>0,05-0,2 g\/kg<\/td>\n<\/tr>\n<tr>\n<td>Molho<\/td>\n<td>0,05-0,1 g\/kg<\/td>\n<\/tr>\n<tr>\n<td>Alimentos enlatados<\/td>\n<td>0,02-0,05 g\/kg<\/td>\n<\/tr>\n<\/tbody>\n<\/table>\n<h2><span class=\"ez-toc-section\" id=\"A_etil_vanilina_tem_uma_ampla_gama_de_utilizacoes\"><\/span>A etil vanilina tem uma ampla gama de utiliza\u00e7\u00f5es<span class=\"ez-toc-section-end\"><\/span><\/h2>\n<p>1. Melhore o sabor: A etil vanilina \u00e9 um poderoso intensificador de sabor que pode melhorar significativamente o sabor de baunilha dos alimentos. Pode produzir um forte sabor de baunilha em baixas concentra\u00e7\u00f5es e \u00e9 amplamente usado em sobremesas como sorvetes, biscoitos e bolos.<\/p>\n<p>2. Melhore o sabor: Pode ajustar e melhorar o sabor dos alimentos, tornando-os mais ricos e coordenados. O sabor rico da etil vanilina pode equilibrar e mascarar o sabor de outros ingredientes e real\u00e7ar o sabor geral de alimentos como chocolate, doces e creme.<\/p>\n<p>3. Mascarar odores ruins: A etil vanilina tem a fun\u00e7\u00e3o de mascarar e neutralizar odores ruins nos alimentos. Ele pode mascarar efetivamente o odor de mat\u00e9rias-primas alimentares ou odores ruins gerados durante o processamento, e \u00e9 frequentemente usado em condimentos e alimentos prontos para consumo.<\/p>\n<p>4. Proporciona uma experi\u00eancia de sabor natural: Como um poderoso substituto para a baunilha, a etil vanilina pode simular o sabor da baunilha natural e proporcionar uma experi\u00eancia de sabor pr\u00f3xima \u00e0 baunilha natural, que \u00e9 adequada para alimentos e bebidas de alta qualidade.<\/p>\n<p>5. Forte estabilidade: Possui boa estabilidade qu\u00edmica em v\u00e1rios alimentos e bebidas, e pode manter a estabilidade do sabor durante o armazenamento de longo prazo, tornando-o adequado para produtos com longa vida \u00fatil, como caf\u00e9 instant\u00e2neo e sobremesas congeladas.<\/p>\n<h2><span class=\"ez-toc-section\" id=\"O_usuario_fez_a_seguinte_pergunta\"><\/span>O usu\u00e1rio fez a seguinte pergunta:<span class=\"ez-toc-section-end\"><\/span><\/h2>\n<p>Pergunta: O que distingue a etil vanilina da vanilina?<\/p>\n<p>Resposta: A vanilina e a etil vanilina s\u00e3o ambas compostos de sabor de baunilha, mas diferem em intensidade de sabor e aplica\u00e7\u00e3o. A vanilina combina bem com uma ampla variedade de pratos e bebidas e tem um sabor sutil de baunilha. A etil vanilina tem um sabor mais forte de baunilha e \u00e9 adequada para produtos de alta qualidade que exigem um sabor forte de baunilha, e \u00e9 frequentemente usada para mascarar o sabor desagrad\u00e1vel de outros ingredientes. A etil vanilina tem uma concentra\u00e7\u00e3o de sabor mais alta, mas o custo \u00e9 relativamente alto.<\/p>\n","protected":false},"excerpt":{"rendered":"<ul>\n<li>C\u00f3digo CAS: 121-32-4<\/li>\n<li>F\u00f3rmula qu\u00edmica: C9H10O3<\/li>\n<li>Certifica\u00e7\u00f5es: KOSHER, ISO, HALAL, FSSC22000, BRC, etc.<\/li>\n<li>Padr\u00e3o:<\/li>\n<li>Quantidade m\u00ednima do pedido: 1000KG<\/li>\n<li>Prazo de validade: 2 anos<\/li>\n<\/ul>\n","protected":false},"featured_media":9962,"template":"","meta":{"site-sidebar-layout":"default","site-content-layout":"","ast-site-content-layout":"default","site-content-style":"default","site-sidebar-style":"default","ast-global-header-display":"","ast-banner-title-visibility":"","ast-main-header-display":"","ast-hfb-above-header-display":"","ast-hfb-below-header-display":"","ast-hfb-mobile-header-display":"","site-post-title":"","ast-breadcrumbs-content":"","ast-featured-img":"","footer-sml-layout":"","theme-transparent-header-meta":"default","adv-header-id-meta":"","stick-header-meta":"","header-above-stick-meta":"","header-main-stick-meta":"","header-below-stick-meta":"","astra-migrate-meta-layouts":"set","ast-page-background-enabled":"default","ast-page-background-meta":{"desktop":{"background-color":"var(--ast-global-color-4)","background-image":"","background-repeat":"repeat","background-position":"center center","background-size":"auto","background-attachment":"scroll","background-type":"","background-media":"","overlay-type":"","overlay-color":"","overlay-opacity":"","overlay-gradient":""},"tablet":{"background-color":"","background-image":"","background-repeat":"repeat","background-position":"center center","background-size":"auto","background-attachment":"scroll","background-type":"","background-media":"","overlay-type":"","overlay-color":"","overlay-opacity":"","overlay-gradient":""},"mobile":{"background-color":"","background-image":"","background-repeat":"repeat","background-position":"center center","background-size":"auto","background-attachment":"scroll","background-type":"","background-media":"","overlay-type":"","overlay-color":"","overlay-opacity":"","overlay-gradient":""}},"ast-content-background-meta":{"desktop":{"background-color":"var(--ast-global-color-5)","background-image":"","background-repeat":"repeat","background-position":"center center","background-size":"auto","background-attachment":"scroll","background-type":"","background-media":"","overlay-type":"","overlay-color":"","overlay-opacity":"","overlay-gradient":""},"tablet":{"background-color":"var(--ast-global-color-5)","background-image":"","background-repeat":"repeat","background-position":"center center","background-size":"auto","background-attachment":"scroll","background-type":"","background-media":"","overlay-type":"","overlay-color":"","overlay-opacity":"","overlay-gradient":""},"mobile":{"background-color":"var(--ast-global-color-5)","background-image":"","background-repeat":"repeat","background-position":"center center","background-size":"auto","background-attachment":"scroll","background-type":"","background-media":"","overlay-type":"","overlay-color":"","overlay-opacity":"","overlay-gradient":""}}},"product_brand":[],"product_cat":[87],"product_tag":[],"class_list":{"0":"post-9961","1":"product","2":"type-product","3":"status-publish","4":"has-post-thumbnail","6":"product_cat-produto-intensificador-de-sabor","7":"desktop-align-center","8":"tablet-align-left","9":"mobile-align-left","11":"first","12":"instock","13":"shipping-taxable","14":"product-type-simple"},"yoast_head":"<!-- This site is optimized with the Yoast SEO plugin v26.5 - https:\/\/yoast.com\/wordpress\/plugins\/seo\/ -->\n<title>Fornecedor de Etil Vanilina, P\u00f3 de Etil Vanilina de Grau Aliment\u00edcio | Niranbio Chemical<\/title>\n<meta name=\"description\" content=\"Nossa etil vanilina (E2216) tem o perfume distinto da vanilina e \u00e9 um p\u00f3 cristalino cuja cor varia do branco ao levemente amarelo, tudo a pre\u00e7os competitivos.\" \/>\n<meta name=\"robots\" content=\"noindex, follow, max-snippet:-1, max-image-preview:large, max-video-preview:-1\" \/>\n<meta name=\"twitter:label1\" content=\"Est. tempo de leitura\" \/>\n\t<meta name=\"twitter:data1\" content=\"4 minutos\" \/>\n<script type=\"application\/ld+json\" class=\"yoast-schema-graph\">{\"@context\":\"https:\/\/schema.org\",\"@graph\":[{\"@type\":\"WebPage\",\"@id\":\"https:\/\/theo.niranbio.com\/pt-br\/etil-vanilina.html\",\"url\":\"https:\/\/theo.niranbio.com\/pt-br\/etil-vanilina.html\",\"name\":\"Fornecedor de Etil Vanilina, P\u00f3 de Etil Vanilina de Grau Aliment\u00edcio | Niranbio Chemical\",\"isPartOf\":{\"@id\":\"https:\/\/theo.niranbio.com\/pt-br\/#website\"},\"primaryImageOfPage\":{\"@id\":\"https:\/\/theo.niranbio.com\/pt-br\/etil-vanilina.html#primaryimage\"},\"image\":{\"@id\":\"https:\/\/theo.niranbio.com\/pt-br\/etil-vanilina.html#primaryimage\"},\"thumbnailUrl\":\"https:\/\/theo.niranbio.com\/wp-content\/uploads\/2024\/06\/Ethyl-Vanillin.webp\",\"datePublished\":\"2024-06-20T02:41:38+00:00\",\"dateModified\":\"2024-08-16T08:59:03+00:00\",\"description\":\"Nossa etil vanilina (E2216) tem o perfume distinto da vanilina e \u00e9 um p\u00f3 cristalino cuja cor varia do branco ao levemente amarelo, tudo a pre\u00e7os competitivos.\",\"breadcrumb\":{\"@id\":\"https:\/\/theo.niranbio.com\/pt-br\/etil-vanilina.html#breadcrumb\"},\"inLanguage\":\"pt-BR\",\"potentialAction\":[{\"@type\":\"ReadAction\",\"target\":[\"https:\/\/theo.niranbio.com\/pt-br\/etil-vanilina.html\"]}]},{\"@type\":\"ImageObject\",\"inLanguage\":\"pt-BR\",\"@id\":\"https:\/\/theo.niranbio.com\/pt-br\/etil-vanilina.html#primaryimage\",\"url\":\"https:\/\/theo.niranbio.com\/wp-content\/uploads\/2024\/06\/Ethyl-Vanillin.webp\",\"contentUrl\":\"https:\/\/theo.niranbio.com\/wp-content\/uploads\/2024\/06\/Ethyl-Vanillin.webp\",\"width\":600,\"height\":600,\"caption\":\"Etil Vanilina\"},{\"@type\":\"BreadcrumbList\",\"@id\":\"https:\/\/theo.niranbio.com\/pt-br\/etil-vanilina.html#breadcrumb\",\"itemListElement\":[{\"@type\":\"ListItem\",\"position\":1,\"name\":\"Home\",\"item\":\"https:\/\/theo.niranbio.com\/pt-br\/\"},{\"@type\":\"ListItem\",\"position\":2,\"name\":\"Produtos\",\"item\":\"https:\/\/theo.niranbio.com\/pt-br\/produtos.html\"},{\"@type\":\"ListItem\",\"position\":3,\"name\":\"Intensificador de Sabor\",\"item\":\"https:\/\/theo.niranbio.com\/pt-br\/produto-intensificador-de-sabor\/\"},{\"@type\":\"ListItem\",\"position\":4,\"name\":\"Etil Vanilina\"}]},{\"@type\":\"WebSite\",\"@id\":\"https:\/\/theo.niranbio.com\/pt-br\/#website\",\"url\":\"https:\/\/theo.niranbio.com\/pt-br\/\",\"name\":\"Niranbio Chemical\",\"description\":\"\",\"publisher\":{\"@id\":\"https:\/\/theo.niranbio.com\/pt-br\/#organization\"},\"potentialAction\":[{\"@type\":\"SearchAction\",\"target\":{\"@type\":\"EntryPoint\",\"urlTemplate\":\"https:\/\/theo.niranbio.com\/pt-br\/?s={search_term_string}\"},\"query-input\":{\"@type\":\"PropertyValueSpecification\",\"valueRequired\":true,\"valueName\":\"search_term_string\"}}],\"inLanguage\":\"pt-BR\"},{\"@type\":\"Organization\",\"@id\":\"https:\/\/theo.niranbio.com\/pt-br\/#organization\",\"name\":\"Niranbio Chemical\",\"url\":\"https:\/\/theo.niranbio.com\/pt-br\/\",\"logo\":{\"@type\":\"ImageObject\",\"inLanguage\":\"pt-BR\",\"@id\":\"https:\/\/theo.niranbio.com\/pt-br\/#\/schema\/logo\/image\/\",\"url\":\"https:\/\/theo.niranbio.com\/wp-content\/uploads\/2024\/06\/Niranbio.png\",\"contentUrl\":\"https:\/\/theo.niranbio.com\/wp-content\/uploads\/2024\/06\/Niranbio.png\",\"width\":270,\"height\":100,\"caption\":\"Niranbio Chemical\"},\"image\":{\"@id\":\"https:\/\/theo.niranbio.com\/pt-br\/#\/schema\/logo\/image\/\"}}]}<\/script>\n<!-- \/ Yoast SEO plugin. -->","yoast_head_json":{"title":"Fornecedor de Etil Vanilina, P\u00f3 de Etil Vanilina de Grau Aliment\u00edcio | Niranbio Chemical","description":"Nossa etil vanilina (E2216) tem o perfume distinto da vanilina e \u00e9 um p\u00f3 cristalino cuja cor varia do branco ao levemente amarelo, tudo a pre\u00e7os competitivos.","robots":{"index":"noindex","follow":"follow","max-snippet":"max-snippet:-1","max-image-preview":"max-image-preview:large","max-video-preview":"max-video-preview:-1"},"twitter_misc":{"Est. tempo de leitura":"4 minutos"},"schema":{"@context":"https:\/\/schema.org","@graph":[{"@type":"WebPage","@id":"https:\/\/theo.niranbio.com\/pt-br\/etil-vanilina.html","url":"https:\/\/theo.niranbio.com\/pt-br\/etil-vanilina.html","name":"Fornecedor de Etil Vanilina, P\u00f3 de Etil Vanilina de Grau Aliment\u00edcio | Niranbio Chemical","isPartOf":{"@id":"https:\/\/theo.niranbio.com\/pt-br\/#website"},"primaryImageOfPage":{"@id":"https:\/\/theo.niranbio.com\/pt-br\/etil-vanilina.html#primaryimage"},"image":{"@id":"https:\/\/theo.niranbio.com\/pt-br\/etil-vanilina.html#primaryimage"},"thumbnailUrl":"https:\/\/theo.niranbio.com\/wp-content\/uploads\/2024\/06\/Ethyl-Vanillin.webp","datePublished":"2024-06-20T02:41:38+00:00","dateModified":"2024-08-16T08:59:03+00:00","description":"Nossa etil vanilina (E2216) tem o perfume distinto da vanilina e \u00e9 um p\u00f3 cristalino cuja cor varia do branco ao levemente amarelo, tudo a pre\u00e7os competitivos.","breadcrumb":{"@id":"https:\/\/theo.niranbio.com\/pt-br\/etil-vanilina.html#breadcrumb"},"inLanguage":"pt-BR","potentialAction":[{"@type":"ReadAction","target":["https:\/\/theo.niranbio.com\/pt-br\/etil-vanilina.html"]}]},{"@type":"ImageObject","inLanguage":"pt-BR","@id":"https:\/\/theo.niranbio.com\/pt-br\/etil-vanilina.html#primaryimage","url":"https:\/\/theo.niranbio.com\/wp-content\/uploads\/2024\/06\/Ethyl-Vanillin.webp","contentUrl":"https:\/\/theo.niranbio.com\/wp-content\/uploads\/2024\/06\/Ethyl-Vanillin.webp","width":600,"height":600,"caption":"Etil Vanilina"},{"@type":"BreadcrumbList","@id":"https:\/\/theo.niranbio.com\/pt-br\/etil-vanilina.html#breadcrumb","itemListElement":[{"@type":"ListItem","position":1,"name":"Home","item":"https:\/\/theo.niranbio.com\/pt-br\/"},{"@type":"ListItem","position":2,"name":"Produtos","item":"https:\/\/theo.niranbio.com\/pt-br\/produtos.html"},{"@type":"ListItem","position":3,"name":"Intensificador de Sabor","item":"https:\/\/theo.niranbio.com\/pt-br\/produto-intensificador-de-sabor\/"},{"@type":"ListItem","position":4,"name":"Etil Vanilina"}]},{"@type":"WebSite","@id":"https:\/\/theo.niranbio.com\/pt-br\/#website","url":"https:\/\/theo.niranbio.com\/pt-br\/","name":"Niranbio Chemical","description":"","publisher":{"@id":"https:\/\/theo.niranbio.com\/pt-br\/#organization"},"potentialAction":[{"@type":"SearchAction","target":{"@type":"EntryPoint","urlTemplate":"https:\/\/theo.niranbio.com\/pt-br\/?s={search_term_string}"},"query-input":{"@type":"PropertyValueSpecification","valueRequired":true,"valueName":"search_term_string"}}],"inLanguage":"pt-BR"},{"@type":"Organization","@id":"https:\/\/theo.niranbio.com\/pt-br\/#organization","name":"Niranbio Chemical","url":"https:\/\/theo.niranbio.com\/pt-br\/","logo":{"@type":"ImageObject","inLanguage":"pt-BR","@id":"https:\/\/theo.niranbio.com\/pt-br\/#\/schema\/logo\/image\/","url":"https:\/\/theo.niranbio.com\/wp-content\/uploads\/2024\/06\/Niranbio.png","contentUrl":"https:\/\/theo.niranbio.com\/wp-content\/uploads\/2024\/06\/Niranbio.png","width":270,"height":100,"caption":"Niranbio Chemical"},"image":{"@id":"https:\/\/theo.niranbio.com\/pt-br\/#\/schema\/logo\/image\/"}}]}},"_links":{"self":[{"href":"https:\/\/theo.niranbio.com\/pt-br\/wp-json\/wp\/v2\/product\/9961","targetHints":{"allow":["GET"]}}],"collection":[{"href":"https:\/\/theo.niranbio.com\/pt-br\/wp-json\/wp\/v2\/product"}],"about":[{"href":"https:\/\/theo.niranbio.com\/pt-br\/wp-json\/wp\/v2\/types\/product"}],"version-history":[{"count":0,"href":"https:\/\/theo.niranbio.com\/pt-br\/wp-json\/wp\/v2\/product\/9961\/revisions"}],"wp:featuredmedia":[{"embeddable":true,"href":"https:\/\/theo.niranbio.com\/pt-br\/wp-json\/wp\/v2\/media\/9962"}],"wp:attachment":[{"href":"https:\/\/theo.niranbio.com\/pt-br\/wp-json\/wp\/v2\/media?parent=9961"}],"wp:term":[{"taxonomy":"product_brand","embeddable":true,"href":"https:\/\/theo.niranbio.com\/pt-br\/wp-json\/wp\/v2\/product_brand?post=9961"},{"taxonomy":"product_cat","embeddable":true,"href":"https:\/\/theo.niranbio.com\/pt-br\/wp-json\/wp\/v2\/product_cat?post=9961"},{"taxonomy":"product_tag","embeddable":true,"href":"https:\/\/theo.niranbio.com\/pt-br\/wp-json\/wp\/v2\/product_tag?post=9961"}],"curies":[{"name":"wp","href":"https:\/\/api.w.org\/{rel}","templated":true}]}}