{"id":9944,"date":"2024-06-20T10:43:11","date_gmt":"2024-06-20T02:43:11","guid":{"rendered":"https:\/\/theo.niranbio.com\/glutamato-monossodico\/"},"modified":"2024-08-16T16:56:36","modified_gmt":"2024-08-16T08:56:36","slug":"glutamato-monossodico","status":"publish","type":"product","link":"https:\/\/theo.niranbio.com\/pt-br\/glutamato-monossodico.html","title":{"rendered":"Glutamato monoss\u00f3dico"},"content":{"rendered":"<h2><span class=\"ez-toc-section\" id=\"O_que_e_glutamato_monossodico\"><\/span>O que \u00e9 glutamato monoss\u00f3dico?<span class=\"ez-toc-section-end\"><\/span><\/h2>\n<p>Um aromatizante com umami que se dissolve facilmente em \u00e1gua \u00e9 o glutamato monoss\u00f3dico. Suas principais mat\u00e9rias-primas s\u00e3o prote\u00ednas como o gl\u00faten de trigo. Ele tem uma apar\u00eancia de cristal branco ou incolor e \u00e9 amplamente utilizado em resid\u00eancias, servi\u00e7os de buffet, processamento de alimentos, etc. A prepara\u00e7\u00e3o do glutamato monoss\u00f3dico depende principalmente da fermenta\u00e7\u00e3o microbiana. Este processo usa Corynebacterium glutamicum para converter a fonte de carbono em amido ou mela\u00e7o em \u00e1cido L-glut\u00e2mico, que \u00e9 eficiente, econ\u00f4mico e ecologicamente correto.<\/p>\n<p>O processo de fermenta\u00e7\u00e3o \u00e9 realizado em temperatura e valor de pH controlados, e ent\u00e3o o \u00e1cido L-glut\u00e2mico \u00e9 convertido em glutamato de s\u00f3dio por meio de precipita\u00e7\u00e3o \u00e1cida e rea\u00e7\u00e3o de neutraliza\u00e7\u00e3o, e finalmente o glutamato monoss\u00f3dico finalizado \u00e9 obtido ap\u00f3s cristaliza\u00e7\u00e3o e secagem. Embora a s\u00edntese qu\u00edmica e os m\u00e9todos enzim\u00e1ticos tamb\u00e9m possam ser usados \u200b\u200bpara preparar glutamato monoss\u00f3dico, sua aplica\u00e7\u00e3o na China \u00e9 muito menos popular do que a fermenta\u00e7\u00e3o microbiana. A s\u00edntese qu\u00edmica gera glutamato de s\u00f3dio por meio de rea\u00e7\u00f5es qu\u00edmicas e \u00e9 adequada para alguns cen\u00e1rios espec\u00edficos, enquanto os m\u00e9todos enzim\u00e1ticos s\u00e3o usados \u200b\u200bprincipalmente para pesquisa laboratorial ou produ\u00e7\u00e3o em pequena escala. Em geral, a fermenta\u00e7\u00e3o microbiana se tornou o processo principal para a produ\u00e7\u00e3o dom\u00e9stica de glutamato monoss\u00f3dico devido \u00e0 sua alta efici\u00eancia, baixo custo e ambiente de produ\u00e7\u00e3o amig\u00e1vel.<\/p>\n<h2><span class=\"ez-toc-section\" id=\"Parametros_relacionados\"><\/span>Par\u00e2metros relacionados:<span class=\"ez-toc-section-end\"><\/span><\/h2>\n<table>\n<tbody>\n<tr>\n<td>ITENS<\/td>\n<td>PADR\u00c3O<\/td>\n<\/tr>\n<tr>\n<td>Ensaio<\/td>\n<td>99,0% min<\/td>\n<\/tr>\n<tr>\n<td>PH (solu\u00e7\u00e3o a 5%)<\/td>\n<td>6.7-7.2<\/td>\n<\/tr>\n<tr>\n<td>Conte\u00fado de s\u00f3dio<\/td>\n<td>12,30% no m\u00e1ximo<\/td>\n<\/tr>\n<tr>\n<td>Transmit\u00e2ncia<\/td>\n<td>98,0% min<\/td>\n<\/tr>\n<tr>\n<td>Rota\u00e7\u00e3o espec\u00edfica [\u03b1]D20\u2103<\/td>\n<td>+24.90- +25.30<\/td>\n<\/tr>\n<tr>\n<td>Perda na secagem<\/td>\n<td>0,5% no m\u00e1ximo<\/td>\n<\/tr>\n<tr>\n<td>Metais pesados<\/td>\n<td>M\u00e1ximo de 10 ppm<\/td>\n<\/tr>\n<tr>\n<td>Ars\u00eanico (As2SO3)<\/td>\n<td>0,5 ppm no m\u00e1ximo<\/td>\n<\/tr>\n<tr>\n<td>Ferro<\/td>\n<td>M\u00e1ximo de 5 ppm<\/td>\n<\/tr>\n<tr>\n<td>Cloreto<\/td>\n<td>0,1% no m\u00e1ximo<\/td>\n<\/tr>\n<tr>\n<td>\u00c1cido pirrolidoncarbox\u00edlico<\/td>\n<td>0,2 % no m\u00e1ximo<\/td>\n<\/tr>\n<tr>\n<td>Chumbo (Pb)<\/td>\n<td>1 ppm m\u00e1x.<\/td>\n<\/tr>\n<tr>\n<td>Sulfato<\/td>\n<td>0,05% no m\u00e1ximo<\/td>\n<\/tr>\n<tr>\n<td colspan=\"2\">Padr\u00e3o microbiol\u00f3gico<\/td>\n<\/tr>\n<tr>\n<td>Contagem total de placas<\/td>\n<td>M\u00e1ximo de 1.000 ufc\/g<\/td>\n<\/tr>\n<tr>\n<td>Contagem de mofo<\/td>\n<td>M\u00e1ximo de 100 ufc\/g<\/td>\n<\/tr>\n<tr>\n<td>Contagem de leveduras<\/td>\n<td>M\u00e1ximo de 100 ufc\/g<\/td>\n<\/tr>\n<tr>\n<td>Coliformes<\/td>\n<td>M\u00e1x.<br \/>\n3\/g<\/td>\n<\/tr>\n<tr>\n<td>Salmonela<\/td>\n<td>Negativo em 25g<\/td>\n<\/tr>\n<tr>\n<td>Enterobacteriaceae<\/td>\n<td>M\u00e1x.<br \/>\n10 ufc\/g<\/td>\n<\/tr>\n<tr>\n<td>Bact\u00e9rias patog\u00eanicas<\/td>\n<td>Ausente<\/td>\n<\/tr>\n<tr>\n<td>E. Coli<\/td>\n<td>Negativo em 25g<\/td>\n<\/tr>\n<\/tbody>\n<\/table>\n<h2><span class=\"ez-toc-section\" id=\"Dosagem_recomendada\"><\/span>Dosagem recomendada:<span class=\"ez-toc-section-end\"><\/span><\/h2>\n<table>\n<tbody>\n<tr>\n<td>Nome do alimento<\/td>\n<td>Uso m\u00e1ximo (g\/kg)<\/td>\n<\/tr>\n<tr>\n<td>Alimentos enlatados<\/td>\n<td>1,0-2,0 g\/kg<\/td>\n<\/tr>\n<tr>\n<td>Molho de tempero<\/td>\n<td>5,0-10,0 g\/kg<\/td>\n<\/tr>\n<tr>\n<td>Produtos de carne (como salsichas, presunto)<\/td>\n<td>2,0-5,0 g\/kg<\/td>\n<\/tr>\n<tr>\n<td>Molho para salada<\/td>\n<td>3,0-5,0 g\/kg<\/td>\n<\/tr>\n<tr>\n<td>Tempero<\/td>\n<td>5,0-10,0 g\/kg<\/td>\n<\/tr>\n<tr>\n<td>Alimento inchado<\/td>\n<td>2,0-4,0 g\/kg<\/td>\n<\/tr>\n<tr>\n<td>Marinada de carne<\/td>\n<td>4,0-6,0 g\/kg<\/td>\n<\/tr>\n<tr>\n<td>Doces<\/td>\n<td>0,5-1,0 g\/kg<\/td>\n<\/tr>\n<tr>\n<td>Panifica\u00e7\u00e3o<\/td>\n<td>1,0-3,0 g\/kg<\/td>\n<\/tr>\n<tr>\n<td>Molho de soja<\/td>\n<td>1,0-3,0 g\/kg<\/td>\n<\/tr>\n<tr>\n<td>Bebidas \u00e0 base de suco de frutas<\/td>\n<td>0,5-1,0 g\/kg<\/td>\n<\/tr>\n<tr>\n<td>Cerveja<\/td>\n<td>0,5-1,0 g\/kg<\/td>\n<\/tr>\n<tr>\n<td>Chocolate<\/td>\n<td>0,5-1,0 g\/kg<\/td>\n<\/tr>\n<tr>\n<td>Produtos de queijo<\/td>\n<td>1,0-2,0 g\/kg<\/td>\n<\/tr>\n<\/tbody>\n<\/table>\n<h2><span class=\"ez-toc-section\" id=\"O_glutamato_monossodico_tem_uma_ampla_gama_de_usos\"><\/span>O glutamato monoss\u00f3dico tem uma ampla gama de usos<span class=\"ez-toc-section-end\"><\/span><\/h2>\n<p>1. Melhorar o sabor: o MSG \u00e9 um intensificador de sabor eficaz que pode melhorar significativamente o sabor umami dos alimentos, especialmente no realce dos sabores salgados e carnudos. \u00c9 amplamente utilizado em sopas, molhos, alimentos enlatados e macarr\u00e3o instant\u00e2neo para ajudar a real\u00e7ar o sabor geral dos alimentos.<\/p>\n<p>2. Melhorar o sabor: o MSG n\u00e3o s\u00f3 melhora o sabor dos alimentos, mas tamb\u00e9m melhora o sabor, tornando o sabor dos alimentos mais rico e harmonioso. Ele equilibra o sabor de outros temperos para melhorar a experi\u00eancia sensorial geral e \u00e9 amplamente utilizado em alimentos processados, congelados e em restaurantes.<\/p>\n<p>3. Reduzir o uso de sal de s\u00f3dio: Ao melhorar o sabor umami dos alimentos, o MSG pode reduzir a demanda por sal, reduzindo assim o uso de sal de s\u00f3dio. Esse recurso o torna particularmente importante em alimentos com baixo teor de s\u00f3dio ou sal para ajudar a controlar a ingest\u00e3o de s\u00f3dio, mantendo o sabor dos alimentos.<\/p>\n<p>4. Ajustar o equil\u00edbrio do sabor: o MSG pode funcionar em sinergia com outros temperos (como sal e a\u00e7\u00facar) para ajustar o equil\u00edbrio do sabor dos alimentos e torn\u00e1-lo mais completo. \u00c9 utilizado em molhos, produtos c\u00e1rneos e fast food para garantir a consist\u00eancia e coordena\u00e7\u00e3o do sabor dos alimentos.<\/p>\n<p>5. Melhorar o umami: o MSG melhora significativamente o sabor umami dos alimentos, aumentando o teor de glutamato nos alimentos, tornando-os mais deliciosos. \u00c9 comumente encontrado em sopas, refei\u00e7\u00f5es prontas, temperos e alimentos tufados para real\u00e7ar o sabor umami dos alimentos. 6. Melhorar o aroma: o MSG pode melhorar o aroma dos alimentos, fazendo com que emitam um cheiro mais atraente, melhorando assim o apetite geral. \u00c9 adicionado a produtos assados, enlatados e temperos para melhorar as caracter\u00edsticas arom\u00e1ticas e o apelo dos alimentos.<\/p>\n<h2><span class=\"ez-toc-section\" id=\"O_usuario_fez_a_seguinte_pergunta\"><\/span>O usu\u00e1rio fez a seguinte pergunta:<span class=\"ez-toc-section-end\"><\/span><\/h2>\n<p>Pergunta: O que acontece se eu comer muito MSG?<\/p>\n<p>Resposta: A ingest\u00e3o excessiva de MSG pode causar algum desconforto, como a &#8220;s\u00edndrome do restaurante chin\u00eas&#8221;, incluindo sintomas como dor de cabe\u00e7a, rubor facial, suor, etc. Al\u00e9m disso, desconforto gastrointestinal como incha\u00e7o e dor de est\u00f4mago podem ser causados \u200b\u200bpor altas dosagens de MSG. Embora a maioria das pessoas possa consumir MSG com seguran\u00e7a e modera\u00e7\u00e3o, pessoas sens\u00edveis ou aquelas com certas doen\u00e7as cr\u00f4nicas devem controlar cuidadosamente sua ingest\u00e3o para evitar potenciais riscos \u00e0 sa\u00fade.<\/p>\n","protected":false},"excerpt":{"rendered":"<ul>\n<li>CAS: 142-47-2<\/li>\n<li>F\u00f3rmula qu\u00edmica: C5H8NNaO4<\/li>\n<li>Certifica\u00e7\u00f5es: KOSHER, ISO, HALAL, FSSC22000, BRC, etc.<\/li>\n<li>Padr\u00e3o:<\/li>\n<li>Quantidade m\u00ednima do pedido: 1000KG<\/li>\n<li>Prazo de validade: 2 anos<\/li>\n<\/ul>\n","protected":false},"featured_media":9945,"template":"","meta":{"site-sidebar-layout":"default","site-content-layout":"","ast-site-content-layout":"default","site-content-style":"default","site-sidebar-style":"default","ast-global-header-display":"","ast-banner-title-visibility":"","ast-main-header-display":"","ast-hfb-above-header-display":"","ast-hfb-below-header-display":"","ast-hfb-mobile-header-display":"","site-post-title":"","ast-breadcrumbs-content":"","ast-featured-img":"","footer-sml-layout":"","theme-transparent-header-meta":"default","adv-header-id-meta":"","stick-header-meta":"","header-above-stick-meta":"","header-main-stick-meta":"","header-below-stick-meta":"","astra-migrate-meta-layouts":"set","ast-page-background-enabled":"default","ast-page-background-meta":{"desktop":{"background-color":"var(--ast-global-color-4)","background-image":"","background-repeat":"repeat","background-position":"center center","background-size":"auto","background-attachment":"scroll","background-type":"","background-media":"","overlay-type":"","overlay-color":"","overlay-opacity":"","overlay-gradient":""},"tablet":{"background-color":"","background-image":"","background-repeat":"repeat","background-position":"center center","background-size":"auto","background-attachment":"scroll","background-type":"","background-media":"","overlay-type":"","overlay-color":"","overlay-opacity":"","overlay-gradient":""},"mobile":{"background-color":"","background-image":"","background-repeat":"repeat","background-position":"center center","background-size":"auto","background-attachment":"scroll","background-type":"","background-media":"","overlay-type":"","overlay-color":"","overlay-opacity":"","overlay-gradient":""}},"ast-content-background-meta":{"desktop":{"background-color":"var(--ast-global-color-5)","background-image":"","background-repeat":"repeat","background-position":"center center","background-size":"auto","background-attachment":"scroll","background-type":"","background-media":"","overlay-type":"","overlay-color":"","overlay-opacity":"","overlay-gradient":""},"tablet":{"background-color":"var(--ast-global-color-5)","background-image":"","background-repeat":"repeat","background-position":"center center","background-size":"auto","background-attachment":"scroll","background-type":"","background-media":"","overlay-type":"","overlay-color":"","overlay-opacity":"","overlay-gradient":""},"mobile":{"background-color":"var(--ast-global-color-5)","background-image":"","background-repeat":"repeat","background-position":"center center","background-size":"auto","background-attachment":"scroll","background-type":"","background-media":"","overlay-type":"","overlay-color":"","overlay-opacity":"","overlay-gradient":""}}},"product_brand":[],"product_cat":[87],"product_tag":[],"class_list":{"0":"post-9944","1":"product","2":"type-product","3":"status-publish","4":"has-post-thumbnail","6":"product_cat-produto-intensificador-de-sabor","7":"desktop-align-center","8":"tablet-align-left","9":"mobile-align-left","11":"first","12":"instock","13":"shipping-taxable","14":"product-type-simple"},"yoast_head":"<!-- This site is optimized with the Yoast SEO plugin v26.5 - https:\/\/yoast.com\/wordpress\/plugins\/seo\/ -->\n<title>Glutamato monossodico pofabricante, grau aliment\u00edcio glutamato monoss\u00f3dico | Niranbio Chemical<\/title>\n<meta name=\"description\" content=\"Nosso p\u00f3 de glutamato monoss\u00f3dico E621 tem uma apar\u00eancia de cristal branco ou incolor e \u00e9 amplamente utilizado em resid\u00eancias, servi\u00e7os de buffet, processamento de alimentos, etc.\" \/>\n<meta name=\"robots\" content=\"noindex, follow, max-snippet:-1, max-image-preview:large, max-video-preview:-1\" \/>\n<meta name=\"twitter:label1\" content=\"Est. tempo de leitura\" \/>\n\t<meta name=\"twitter:data1\" content=\"4 minutos\" \/>\n<script type=\"application\/ld+json\" class=\"yoast-schema-graph\">{\"@context\":\"https:\/\/schema.org\",\"@graph\":[{\"@type\":\"WebPage\",\"@id\":\"https:\/\/theo.niranbio.com\/pt-br\/glutamato-monossodico.html\",\"url\":\"https:\/\/theo.niranbio.com\/pt-br\/glutamato-monossodico.html\",\"name\":\"Glutamato monossodico pofabricante, grau aliment\u00edcio glutamato monoss\u00f3dico | Niranbio Chemical\",\"isPartOf\":{\"@id\":\"https:\/\/theo.niranbio.com\/pt-br\/#website\"},\"primaryImageOfPage\":{\"@id\":\"https:\/\/theo.niranbio.com\/pt-br\/glutamato-monossodico.html#primaryimage\"},\"image\":{\"@id\":\"https:\/\/theo.niranbio.com\/pt-br\/glutamato-monossodico.html#primaryimage\"},\"thumbnailUrl\":\"https:\/\/theo.niranbio.com\/wp-content\/uploads\/2024\/06\/Monosodium-Glutamate.webp\",\"datePublished\":\"2024-06-20T02:43:11+00:00\",\"dateModified\":\"2024-08-16T08:56:36+00:00\",\"description\":\"Nosso p\u00f3 de glutamato monoss\u00f3dico E621 tem uma apar\u00eancia de cristal branco ou incolor e \u00e9 amplamente utilizado em resid\u00eancias, servi\u00e7os de buffet, processamento de alimentos, etc.\",\"breadcrumb\":{\"@id\":\"https:\/\/theo.niranbio.com\/pt-br\/glutamato-monossodico.html#breadcrumb\"},\"inLanguage\":\"pt-BR\",\"potentialAction\":[{\"@type\":\"ReadAction\",\"target\":[\"https:\/\/theo.niranbio.com\/pt-br\/glutamato-monossodico.html\"]}]},{\"@type\":\"ImageObject\",\"inLanguage\":\"pt-BR\",\"@id\":\"https:\/\/theo.niranbio.com\/pt-br\/glutamato-monossodico.html#primaryimage\",\"url\":\"https:\/\/theo.niranbio.com\/wp-content\/uploads\/2024\/06\/Monosodium-Glutamate.webp\",\"contentUrl\":\"https:\/\/theo.niranbio.com\/wp-content\/uploads\/2024\/06\/Monosodium-Glutamate.webp\",\"width\":600,\"height\":600,\"caption\":\"Glutamato monoss\u00f3dico\"},{\"@type\":\"BreadcrumbList\",\"@id\":\"https:\/\/theo.niranbio.com\/pt-br\/glutamato-monossodico.html#breadcrumb\",\"itemListElement\":[{\"@type\":\"ListItem\",\"position\":1,\"name\":\"Home\",\"item\":\"https:\/\/theo.niranbio.com\/pt-br\/\"},{\"@type\":\"ListItem\",\"position\":2,\"name\":\"Produtos\",\"item\":\"https:\/\/theo.niranbio.com\/pt-br\/produtos.html\"},{\"@type\":\"ListItem\",\"position\":3,\"name\":\"Intensificador de Sabor\",\"item\":\"https:\/\/theo.niranbio.com\/pt-br\/produto-intensificador-de-sabor\/\"},{\"@type\":\"ListItem\",\"position\":4,\"name\":\"Glutamato monoss\u00f3dico\"}]},{\"@type\":\"WebSite\",\"@id\":\"https:\/\/theo.niranbio.com\/pt-br\/#website\",\"url\":\"https:\/\/theo.niranbio.com\/pt-br\/\",\"name\":\"Niranbio Chemical\",\"description\":\"\",\"publisher\":{\"@id\":\"https:\/\/theo.niranbio.com\/pt-br\/#organization\"},\"potentialAction\":[{\"@type\":\"SearchAction\",\"target\":{\"@type\":\"EntryPoint\",\"urlTemplate\":\"https:\/\/theo.niranbio.com\/pt-br\/?s={search_term_string}\"},\"query-input\":{\"@type\":\"PropertyValueSpecification\",\"valueRequired\":true,\"valueName\":\"search_term_string\"}}],\"inLanguage\":\"pt-BR\"},{\"@type\":\"Organization\",\"@id\":\"https:\/\/theo.niranbio.com\/pt-br\/#organization\",\"name\":\"Niranbio Chemical\",\"url\":\"https:\/\/theo.niranbio.com\/pt-br\/\",\"logo\":{\"@type\":\"ImageObject\",\"inLanguage\":\"pt-BR\",\"@id\":\"https:\/\/theo.niranbio.com\/pt-br\/#\/schema\/logo\/image\/\",\"url\":\"https:\/\/theo.niranbio.com\/wp-content\/uploads\/2024\/06\/Niranbio.png\",\"contentUrl\":\"https:\/\/theo.niranbio.com\/wp-content\/uploads\/2024\/06\/Niranbio.png\",\"width\":270,\"height\":100,\"caption\":\"Niranbio Chemical\"},\"image\":{\"@id\":\"https:\/\/theo.niranbio.com\/pt-br\/#\/schema\/logo\/image\/\"}}]}<\/script>\n<!-- \/ Yoast SEO plugin. -->","yoast_head_json":{"title":"Glutamato monossodico pofabricante, grau aliment\u00edcio glutamato monoss\u00f3dico | Niranbio Chemical","description":"Nosso p\u00f3 de glutamato monoss\u00f3dico E621 tem uma apar\u00eancia de cristal branco ou incolor e \u00e9 amplamente utilizado em resid\u00eancias, servi\u00e7os de buffet, processamento de alimentos, etc.","robots":{"index":"noindex","follow":"follow","max-snippet":"max-snippet:-1","max-image-preview":"max-image-preview:large","max-video-preview":"max-video-preview:-1"},"twitter_misc":{"Est. tempo de leitura":"4 minutos"},"schema":{"@context":"https:\/\/schema.org","@graph":[{"@type":"WebPage","@id":"https:\/\/theo.niranbio.com\/pt-br\/glutamato-monossodico.html","url":"https:\/\/theo.niranbio.com\/pt-br\/glutamato-monossodico.html","name":"Glutamato monossodico pofabricante, grau aliment\u00edcio glutamato monoss\u00f3dico | Niranbio Chemical","isPartOf":{"@id":"https:\/\/theo.niranbio.com\/pt-br\/#website"},"primaryImageOfPage":{"@id":"https:\/\/theo.niranbio.com\/pt-br\/glutamato-monossodico.html#primaryimage"},"image":{"@id":"https:\/\/theo.niranbio.com\/pt-br\/glutamato-monossodico.html#primaryimage"},"thumbnailUrl":"https:\/\/theo.niranbio.com\/wp-content\/uploads\/2024\/06\/Monosodium-Glutamate.webp","datePublished":"2024-06-20T02:43:11+00:00","dateModified":"2024-08-16T08:56:36+00:00","description":"Nosso p\u00f3 de glutamato monoss\u00f3dico E621 tem uma apar\u00eancia de cristal branco ou incolor e \u00e9 amplamente utilizado em resid\u00eancias, servi\u00e7os de buffet, processamento de alimentos, etc.","breadcrumb":{"@id":"https:\/\/theo.niranbio.com\/pt-br\/glutamato-monossodico.html#breadcrumb"},"inLanguage":"pt-BR","potentialAction":[{"@type":"ReadAction","target":["https:\/\/theo.niranbio.com\/pt-br\/glutamato-monossodico.html"]}]},{"@type":"ImageObject","inLanguage":"pt-BR","@id":"https:\/\/theo.niranbio.com\/pt-br\/glutamato-monossodico.html#primaryimage","url":"https:\/\/theo.niranbio.com\/wp-content\/uploads\/2024\/06\/Monosodium-Glutamate.webp","contentUrl":"https:\/\/theo.niranbio.com\/wp-content\/uploads\/2024\/06\/Monosodium-Glutamate.webp","width":600,"height":600,"caption":"Glutamato monoss\u00f3dico"},{"@type":"BreadcrumbList","@id":"https:\/\/theo.niranbio.com\/pt-br\/glutamato-monossodico.html#breadcrumb","itemListElement":[{"@type":"ListItem","position":1,"name":"Home","item":"https:\/\/theo.niranbio.com\/pt-br\/"},{"@type":"ListItem","position":2,"name":"Produtos","item":"https:\/\/theo.niranbio.com\/pt-br\/produtos.html"},{"@type":"ListItem","position":3,"name":"Intensificador de Sabor","item":"https:\/\/theo.niranbio.com\/pt-br\/produto-intensificador-de-sabor\/"},{"@type":"ListItem","position":4,"name":"Glutamato monoss\u00f3dico"}]},{"@type":"WebSite","@id":"https:\/\/theo.niranbio.com\/pt-br\/#website","url":"https:\/\/theo.niranbio.com\/pt-br\/","name":"Niranbio Chemical","description":"","publisher":{"@id":"https:\/\/theo.niranbio.com\/pt-br\/#organization"},"potentialAction":[{"@type":"SearchAction","target":{"@type":"EntryPoint","urlTemplate":"https:\/\/theo.niranbio.com\/pt-br\/?s={search_term_string}"},"query-input":{"@type":"PropertyValueSpecification","valueRequired":true,"valueName":"search_term_string"}}],"inLanguage":"pt-BR"},{"@type":"Organization","@id":"https:\/\/theo.niranbio.com\/pt-br\/#organization","name":"Niranbio Chemical","url":"https:\/\/theo.niranbio.com\/pt-br\/","logo":{"@type":"ImageObject","inLanguage":"pt-BR","@id":"https:\/\/theo.niranbio.com\/pt-br\/#\/schema\/logo\/image\/","url":"https:\/\/theo.niranbio.com\/wp-content\/uploads\/2024\/06\/Niranbio.png","contentUrl":"https:\/\/theo.niranbio.com\/wp-content\/uploads\/2024\/06\/Niranbio.png","width":270,"height":100,"caption":"Niranbio Chemical"},"image":{"@id":"https:\/\/theo.niranbio.com\/pt-br\/#\/schema\/logo\/image\/"}}]}},"_links":{"self":[{"href":"https:\/\/theo.niranbio.com\/pt-br\/wp-json\/wp\/v2\/product\/9944","targetHints":{"allow":["GET"]}}],"collection":[{"href":"https:\/\/theo.niranbio.com\/pt-br\/wp-json\/wp\/v2\/product"}],"about":[{"href":"https:\/\/theo.niranbio.com\/pt-br\/wp-json\/wp\/v2\/types\/product"}],"version-history":[{"count":0,"href":"https:\/\/theo.niranbio.com\/pt-br\/wp-json\/wp\/v2\/product\/9944\/revisions"}],"wp:featuredmedia":[{"embeddable":true,"href":"https:\/\/theo.niranbio.com\/pt-br\/wp-json\/wp\/v2\/media\/9945"}],"wp:attachment":[{"href":"https:\/\/theo.niranbio.com\/pt-br\/wp-json\/wp\/v2\/media?parent=9944"}],"wp:term":[{"taxonomy":"product_brand","embeddable":true,"href":"https:\/\/theo.niranbio.com\/pt-br\/wp-json\/wp\/v2\/product_brand?post=9944"},{"taxonomy":"product_cat","embeddable":true,"href":"https:\/\/theo.niranbio.com\/pt-br\/wp-json\/wp\/v2\/product_cat?post=9944"},{"taxonomy":"product_tag","embeddable":true,"href":"https:\/\/theo.niranbio.com\/pt-br\/wp-json\/wp\/v2\/product_tag?post=9944"}],"curies":[{"name":"wp","href":"https:\/\/api.w.org\/{rel}","templated":true}]}}