{"id":9937,"date":"2024-06-20T10:37:43","date_gmt":"2024-06-20T02:37:43","guid":{"rendered":"https:\/\/theo.niranbio.com\/cristais-de-mentol\/"},"modified":"2024-08-16T17:00:22","modified_gmt":"2024-08-16T09:00:22","slug":"cristais-de-mentol","status":"publish","type":"product","link":"https:\/\/theo.niranbio.com\/pt-br\/cristais-de-mentol.html","title":{"rendered":"Cristais de Mentol"},"content":{"rendered":"<h2><span class=\"ez-toc-section\" id=\"O_que_sao_Cristais_de_Mentol\"><\/span>O que s\u00e3o Cristais de Mentol?<span class=\"ez-toc-section-end\"><\/span><\/h2>\n<p>Cristais de mentol s\u00e3o uma subst\u00e2ncia org\u00e2nica com um aroma refrescante de menta. Eles aparecem como cristais em bloco brancos ou incolores. Eles s\u00e3o quimicamente est\u00e1veis \u200b\u200be podem evaporar com vapor. Eles s\u00e3o adequados para uso como aromatizantes em produtos culin\u00e1rios como bebidas e doces.<\/p>\n<p>Existem quatro processos de prepara\u00e7\u00e3o para cristais de mentol:<\/p>\n<p>1. Extrair \u00f3leo de hortel\u00e3-pimenta por destila\u00e7\u00e3o a vapor. O \u00f3leo de hortel\u00e3-pimenta extra\u00eddo cont\u00e9m mentol. Em seguida, o \u00f3leo de hortel\u00e3-pimenta \u00e9 refinado para remover outros componentes para obter mentol de alta pureza. No entanto, esse m\u00e9todo tem uma alta taxa de extra\u00e7\u00e3o e \u00e9 mais comumente usado na China.<\/p>\n<p>2. Resfriar o \u00f3leo de hortel\u00e3-pimenta ou adicionar um solvente e cristalizar o mentol controlando a temperatura e a escolha do solvente. Cristais de mentol s\u00e3o geralmente obtidos por filtra\u00e7\u00e3o ou centrifuga\u00e7\u00e3o. Essa t\u00e9cnica produz uma subst\u00e2ncia relativamente pura, que encontra ampla aplica\u00e7\u00e3o na China.<\/p>\n<p>3. O mentol \u00e9 sintetizado por rea\u00e7\u00e3o de s\u00edntese qu\u00edmica usando mat\u00e9rias-primas como acetato de isoamila. Este processo pode controlar a pureza e a qualidade do produto, mas o processo \u00e9 complicado e o custo de mat\u00e9rias-primas e equipamentos \u00e9 alto.<\/p>\n<p>4. Fermenta\u00e7\u00e3o usando microrganismos espec\u00edficos para produzir mentol. Os microrganismos sintetizam mentol sob condi\u00e7\u00f5es espec\u00edficas e, em seguida, obt\u00eam cristais de mentol por meio de etapas de extra\u00e7\u00e3o e purifica\u00e7\u00e3o. Este processo \u00e9 relativamente ecol\u00f3gico, mas requer um longo ciclo de fermenta\u00e7\u00e3o e controle das condi\u00e7\u00f5es de cultura microbiana.<\/p>\n<h2><span class=\"ez-toc-section\" id=\"Parametros_relacionados\"><\/span>Par\u00e2metros relacionados:<span class=\"ez-toc-section-end\"><\/span><\/h2>\n<table>\n<tbody>\n<tr>\n<td>ITEM<\/td>\n<td>PADR\u00c3O<\/td>\n<\/tr>\n<tr>\n<td width=\"195\">Odor<\/td>\n<td>Hortel\u00e3-pimenta<\/td>\n<\/tr>\n<tr>\n<td width=\"195\">Ponto de fus\u00e3o (\u2103)<\/td>\n<td>41\u2103\uff5e44\u2103<\/td>\n<\/tr>\n<tr>\n<td width=\"195\">Solubilidade (25\u2103)<\/td>\n<td>Muito sol\u00favel em \u00e1lcool, \u00f3leos vol\u00e1teis; ligeiramente sol\u00favel em \u00e1gua.<br \/>\nUm ml se dissolve em 1 ml de etanol 95%.<\/td>\n<\/tr>\n<tr>\n<td width=\"195\">Res\u00edduo na evapora\u00e7\u00e3o<\/td>\n<td>NMT 0,05%<\/td>\n<\/tr>\n<tr>\n<td width=\"195\">Rota\u00e7\u00e3o espec\u00edfica (25\u2103)<\/td>\n<td>&#8211; 45\u00b0\uff5e &#8211; 51\u00b0<\/td>\n<\/tr>\n<tr>\n<td width=\"195\">Conte\u00fado de As<\/td>\n<td>\u2264 3 ppm<\/td>\n<\/tr>\n<tr>\n<td width=\"195\">Metais pesados<\/td>\n<td>\u2264 10 ppm<\/td>\n<\/tr>\n<tr>\n<td width=\"195\">Pureza cromatogr\u00e1fica<\/td>\n<td>A resposta do pico devido ao mentol n\u00e3o \u00e9 inferior a 97%<\/td>\n<\/tr>\n<tr>\n<td width=\"195\">Metais pesados (como PB)<\/td>\n<td>\u2264 10 mg\/ kg<\/td>\n<\/tr>\n<\/tbody>\n<\/table>\n<h2><span class=\"ez-toc-section\" id=\"Dosagem_recomendada\"><\/span>Dosagem recomendada:<span class=\"ez-toc-section-end\"><\/span><\/h2>\n<table>\n<tbody>\n<tr>\n<td>Nome do alimento<\/td>\n<td>Uso m\u00e1ximo (g\/kg)<\/td>\n<\/tr>\n<tr>\n<td>Goma de mascar de menta<\/td>\n<td>0,1-0,3 g\/kg<\/td>\n<\/tr>\n<tr>\n<td>Balas de menta<\/td>\n<td>0,2-0,5 g\/kg<\/td>\n<\/tr>\n<tr>\n<td>Chocolate com menta<\/td>\n<td>0,1-0,3 g\/kg<\/td>\n<\/tr>\n<tr>\n<td>Milkshake de menta<\/td>\n<td>0,1-0,2 g\/kg<\/td>\n<\/tr>\n<tr>\n<td>Aroma de menta<\/td>\n<td>0,05-0,1 g\/kg<\/td>\n<\/tr>\n<tr>\n<td>Mistura de aromatizantes de menta<\/td>\n<td>0,2-0,5 g\/kg<\/td>\n<\/tr>\n<tr>\n<td>Aroma de menta<\/td>\n<td>0,1-0,2 g\/kg<\/td>\n<\/tr>\n<tr>\n<td>Bebida de suco de hortel\u00e3<\/td>\n<td>0,05-0,1 g\/kg<\/td>\n<\/tr>\n<tr>\n<td>Sobremesa congelada de menta<\/td>\n<td>0,1-0,2 g\/kg<\/td>\n<\/tr>\n<\/tbody>\n<\/table>\n<h2><span class=\"ez-toc-section\" id=\"Os_cristais_de_mentol_tem_uma_ampla_gama_de_usos\"><\/span>Os cristais de mentol t\u00eam uma ampla gama de usos<span class=\"ez-toc-section-end\"><\/span><\/h2>\n<p>1. Fornece um sabor refrescante de menta: os cristais de mentol t\u00eam um forte sabor refrescante de menta, que pode melhorar significativamente o sabor de menta em alimentos e bebidas, tornando-os mais refrescantes e refrescantes.<\/p>\n<p>2. Melhora o sabor dos alimentos: o efeito refrescante do mentol pode melhorar o sabor dos alimentos, tornando o produto mais refrescante e confort\u00e1vel na boca.<\/p>\n<p>3. Mascarar odores ruins: a fragr\u00e2ncia do mentol pode efetivamente mascarar odores ruins ou outros sabores indesej\u00e1veis \u200b\u200bnos alimentos, melhorando assim o sabor do produto. Isso o torna uma escolha ideal para mascarar odores em condimentos, alimentos prontos para consumo e certos alimentos processados.<\/p>\n<p>4. Melhore a sensa\u00e7\u00e3o de resfriamento: O mentol tem um efeito de resfriamento significativo e pode fornecer uma sensa\u00e7\u00e3o de resfriamento natural semelhante \u00e0s folhas de hortel\u00e3 nos alimentos. Essa propriedade o torna amplamente utilizado em gomas de mascar, sorvetes e sobremesas congeladas para aumentar a sensa\u00e7\u00e3o de resfriamento.<\/p>\n<p>5. Como um agente de sabor e aromatizante: O mentol \u00e9 usado como um agente de sabor e aromatizante, e seu forte sabor de menta pode efetivamente real\u00e7ar e ajustar o sabor dos alimentos.<\/p>\n<p>6. Melhore a vida \u00fatil: O mentol possui algumas qualidades antibacterianas que podem ajudar a prolongar o armazenamento dos alimentos e prevenir o crescimento de micr\u00f3bios espec\u00edficos.<\/p>\n<h2><span class=\"ez-toc-section\" id=\"O_usuario_fez_a_seguinte_pergunta\"><\/span>O usu\u00e1rio fez a seguinte pergunta:<span class=\"ez-toc-section-end\"><\/span><\/h2>\n<p>Pergunta: Quais efeitos os cristais de mentol t\u00eam no corpo?<\/p>\n<p>Resposta: 1. Sensa\u00e7\u00e3o de resfriamento: O mentol tem uma sensa\u00e7\u00e3o de resfriamento significativa que pode estimular os receptores de temperatura na boca, proporcionando uma experi\u00eancia fresca e confort\u00e1vel. A ingest\u00e3o moderada pode melhorar o sabor e o gosto dos alimentos.<\/p>\n<p>2. Promover a digest\u00e3o: O mentol pode ajudar a promover a digest\u00e3o em quantidades moderadas e ajudar a aliviar o desconforto estomacal. Sua sensa\u00e7\u00e3o de resfriamento tamb\u00e9m pode proporcionar al\u00edvio para alguns problemas digestivos.<\/p>\n<p>3. Efeito antibacteriano: Devido \u00e0s suas qualidades antibacterianas espec\u00edficas, o mentol pode ajudar a promover uma boa higiene oral, prevenindo o crescimento de bact\u00e9rias na boca.<\/p>\n","protected":false},"excerpt":{"rendered":"<ul>\n<li>CAS: 2216-51-5<\/li>\n<li>F\u00f3rmula qu\u00edmica: \uff2310\uff2820\uff2f<\/li>\n<li>Certifica\u00e7\u00f5es: KOSHER, ISO, HALAL, FSSC22000, BRC, etc.<\/li>\n<li>Padr\u00e3o: FCC VI<\/li>\n<li>Quantidade m\u00ednima do pedido: 1000KG<\/li>\n<li>Prazo de validade: 2 anos<\/li>\n<\/ul>\n","protected":false},"featured_media":9938,"template":"","meta":{"site-sidebar-layout":"default","site-content-layout":"","ast-site-content-layout":"default","site-content-style":"default","site-sidebar-style":"default","ast-global-header-display":"","ast-banner-title-visibility":"","ast-main-header-display":"","ast-hfb-above-header-display":"","ast-hfb-below-header-display":"","ast-hfb-mobile-header-display":"","site-post-title":"","ast-breadcrumbs-content":"","ast-featured-img":"","footer-sml-layout":"","theme-transparent-header-meta":"default","adv-header-id-meta":"","stick-header-meta":"","header-above-stick-meta":"","header-main-stick-meta":"","header-below-stick-meta":"","astra-migrate-meta-layouts":"set","ast-page-background-enabled":"default","ast-page-background-meta":{"desktop":{"background-color":"var(--ast-global-color-4)","background-image":"","background-repeat":"repeat","background-position":"center center","background-size":"auto","background-attachment":"scroll","background-type":"","background-media":"","overlay-type":"","overlay-color":"","overlay-opacity":"","overlay-gradient":""},"tablet":{"background-color":"","background-image":"","background-repeat":"repeat","background-position":"center center","background-size":"auto","background-attachment":"scroll","background-type":"","background-media":"","overlay-type":"","overlay-color":"","overlay-opacity":"","overlay-gradient":""},"mobile":{"background-color":"","background-image":"","background-repeat":"repeat","background-position":"center center","background-size":"auto","background-attachment":"scroll","background-type":"","background-media":"","overlay-type":"","overlay-color":"","overlay-opacity":"","overlay-gradient":""}},"ast-content-background-meta":{"desktop":{"background-color":"var(--ast-global-color-5)","background-image":"","background-repeat":"repeat","background-position":"center center","background-size":"auto","background-attachment":"scroll","background-type":"","background-media":"","overlay-type":"","overlay-color":"","overlay-opacity":"","overlay-gradient":""},"tablet":{"background-color":"var(--ast-global-color-5)","background-image":"","background-repeat":"repeat","background-position":"center center","background-size":"auto","background-attachment":"scroll","background-type":"","background-media":"","overlay-type":"","overlay-color":"","overlay-opacity":"","overlay-gradient":""},"mobile":{"background-color":"var(--ast-global-color-5)","background-image":"","background-repeat":"repeat","background-position":"center center","background-size":"auto","background-attachment":"scroll","background-type":"","background-media":"","overlay-type":"","overlay-color":"","overlay-opacity":"","overlay-gradient":""}}},"product_brand":[],"product_cat":[87],"product_tag":[],"class_list":{"0":"post-9937","1":"product","2":"type-product","3":"status-publish","4":"has-post-thumbnail","6":"product_cat-produto-intensificador-de-sabor","7":"desktop-align-center","8":"tablet-align-left","9":"mobile-align-left","11":"first","12":"instock","13":"shipping-taxable","14":"product-type-simple"},"yoast_head":"<!-- This site is optimized with the Yoast SEO plugin v26.5 - https:\/\/yoast.com\/wordpress\/plugins\/seo\/ -->\n<title>Fabricante de Cristais de Mentol, Cristais de Mentol Natural Atacado a Granel | Niranbio Chemical<\/title>\n<meta name=\"description\" content=\"Nossos cristais de mentol aparecem como cristais em bloco brancos ou incolores, eles s\u00e3o adequados para uso como aromatizantes em produtos culin\u00e1rios como bebidas e doces.\" \/>\n<meta name=\"robots\" content=\"noindex, follow, max-snippet:-1, max-image-preview:large, max-video-preview:-1\" \/>\n<meta name=\"twitter:label1\" content=\"Est. tempo de leitura\" \/>\n\t<meta name=\"twitter:data1\" content=\"4 minutos\" \/>\n<script type=\"application\/ld+json\" class=\"yoast-schema-graph\">{\"@context\":\"https:\/\/schema.org\",\"@graph\":[{\"@type\":\"WebPage\",\"@id\":\"https:\/\/theo.niranbio.com\/pt-br\/cristais-de-mentol.html\",\"url\":\"https:\/\/theo.niranbio.com\/pt-br\/cristais-de-mentol.html\",\"name\":\"Fabricante de Cristais de Mentol, Cristais de Mentol Natural Atacado a Granel | Niranbio Chemical\",\"isPartOf\":{\"@id\":\"https:\/\/theo.niranbio.com\/pt-br\/#website\"},\"primaryImageOfPage\":{\"@id\":\"https:\/\/theo.niranbio.com\/pt-br\/cristais-de-mentol.html#primaryimage\"},\"image\":{\"@id\":\"https:\/\/theo.niranbio.com\/pt-br\/cristais-de-mentol.html#primaryimage\"},\"thumbnailUrl\":\"https:\/\/theo.niranbio.com\/wp-content\/uploads\/2024\/06\/Menthol-Crystals.webp\",\"datePublished\":\"2024-06-20T02:37:43+00:00\",\"dateModified\":\"2024-08-16T09:00:22+00:00\",\"description\":\"Nossos cristais de mentol aparecem como cristais em bloco brancos ou incolores, eles s\u00e3o adequados para uso como aromatizantes em produtos culin\u00e1rios como bebidas e doces.\",\"breadcrumb\":{\"@id\":\"https:\/\/theo.niranbio.com\/pt-br\/cristais-de-mentol.html#breadcrumb\"},\"inLanguage\":\"pt-BR\",\"potentialAction\":[{\"@type\":\"ReadAction\",\"target\":[\"https:\/\/theo.niranbio.com\/pt-br\/cristais-de-mentol.html\"]}]},{\"@type\":\"ImageObject\",\"inLanguage\":\"pt-BR\",\"@id\":\"https:\/\/theo.niranbio.com\/pt-br\/cristais-de-mentol.html#primaryimage\",\"url\":\"https:\/\/theo.niranbio.com\/wp-content\/uploads\/2024\/06\/Menthol-Crystals.webp\",\"contentUrl\":\"https:\/\/theo.niranbio.com\/wp-content\/uploads\/2024\/06\/Menthol-Crystals.webp\",\"width\":800,\"height\":800,\"caption\":\"Cristais de mentol\"},{\"@type\":\"BreadcrumbList\",\"@id\":\"https:\/\/theo.niranbio.com\/pt-br\/cristais-de-mentol.html#breadcrumb\",\"itemListElement\":[{\"@type\":\"ListItem\",\"position\":1,\"name\":\"Home\",\"item\":\"https:\/\/theo.niranbio.com\/pt-br\/\"},{\"@type\":\"ListItem\",\"position\":2,\"name\":\"Produtos\",\"item\":\"https:\/\/theo.niranbio.com\/pt-br\/produtos.html\"},{\"@type\":\"ListItem\",\"position\":3,\"name\":\"Intensificador de Sabor\",\"item\":\"https:\/\/theo.niranbio.com\/pt-br\/produto-intensificador-de-sabor\/\"},{\"@type\":\"ListItem\",\"position\":4,\"name\":\"Cristais de Mentol\"}]},{\"@type\":\"WebSite\",\"@id\":\"https:\/\/theo.niranbio.com\/pt-br\/#website\",\"url\":\"https:\/\/theo.niranbio.com\/pt-br\/\",\"name\":\"Niranbio Chemical\",\"description\":\"\",\"publisher\":{\"@id\":\"https:\/\/theo.niranbio.com\/pt-br\/#organization\"},\"potentialAction\":[{\"@type\":\"SearchAction\",\"target\":{\"@type\":\"EntryPoint\",\"urlTemplate\":\"https:\/\/theo.niranbio.com\/pt-br\/?s={search_term_string}\"},\"query-input\":{\"@type\":\"PropertyValueSpecification\",\"valueRequired\":true,\"valueName\":\"search_term_string\"}}],\"inLanguage\":\"pt-BR\"},{\"@type\":\"Organization\",\"@id\":\"https:\/\/theo.niranbio.com\/pt-br\/#organization\",\"name\":\"Niranbio Chemical\",\"url\":\"https:\/\/theo.niranbio.com\/pt-br\/\",\"logo\":{\"@type\":\"ImageObject\",\"inLanguage\":\"pt-BR\",\"@id\":\"https:\/\/theo.niranbio.com\/pt-br\/#\/schema\/logo\/image\/\",\"url\":\"https:\/\/theo.niranbio.com\/wp-content\/uploads\/2024\/06\/Niranbio.png\",\"contentUrl\":\"https:\/\/theo.niranbio.com\/wp-content\/uploads\/2024\/06\/Niranbio.png\",\"width\":270,\"height\":100,\"caption\":\"Niranbio Chemical\"},\"image\":{\"@id\":\"https:\/\/theo.niranbio.com\/pt-br\/#\/schema\/logo\/image\/\"}}]}<\/script>\n<!-- \/ Yoast SEO plugin. -->","yoast_head_json":{"title":"Fabricante de Cristais de Mentol, Cristais de Mentol Natural Atacado a Granel | Niranbio Chemical","description":"Nossos cristais de mentol aparecem como cristais em bloco brancos ou incolores, eles s\u00e3o adequados para uso como aromatizantes em produtos culin\u00e1rios como bebidas e doces.","robots":{"index":"noindex","follow":"follow","max-snippet":"max-snippet:-1","max-image-preview":"max-image-preview:large","max-video-preview":"max-video-preview:-1"},"twitter_misc":{"Est. tempo de leitura":"4 minutos"},"schema":{"@context":"https:\/\/schema.org","@graph":[{"@type":"WebPage","@id":"https:\/\/theo.niranbio.com\/pt-br\/cristais-de-mentol.html","url":"https:\/\/theo.niranbio.com\/pt-br\/cristais-de-mentol.html","name":"Fabricante de Cristais de Mentol, Cristais de Mentol Natural Atacado a Granel | Niranbio Chemical","isPartOf":{"@id":"https:\/\/theo.niranbio.com\/pt-br\/#website"},"primaryImageOfPage":{"@id":"https:\/\/theo.niranbio.com\/pt-br\/cristais-de-mentol.html#primaryimage"},"image":{"@id":"https:\/\/theo.niranbio.com\/pt-br\/cristais-de-mentol.html#primaryimage"},"thumbnailUrl":"https:\/\/theo.niranbio.com\/wp-content\/uploads\/2024\/06\/Menthol-Crystals.webp","datePublished":"2024-06-20T02:37:43+00:00","dateModified":"2024-08-16T09:00:22+00:00","description":"Nossos cristais de mentol aparecem como cristais em bloco brancos ou incolores, eles s\u00e3o adequados para uso como aromatizantes em produtos culin\u00e1rios como bebidas e doces.","breadcrumb":{"@id":"https:\/\/theo.niranbio.com\/pt-br\/cristais-de-mentol.html#breadcrumb"},"inLanguage":"pt-BR","potentialAction":[{"@type":"ReadAction","target":["https:\/\/theo.niranbio.com\/pt-br\/cristais-de-mentol.html"]}]},{"@type":"ImageObject","inLanguage":"pt-BR","@id":"https:\/\/theo.niranbio.com\/pt-br\/cristais-de-mentol.html#primaryimage","url":"https:\/\/theo.niranbio.com\/wp-content\/uploads\/2024\/06\/Menthol-Crystals.webp","contentUrl":"https:\/\/theo.niranbio.com\/wp-content\/uploads\/2024\/06\/Menthol-Crystals.webp","width":800,"height":800,"caption":"Cristais de mentol"},{"@type":"BreadcrumbList","@id":"https:\/\/theo.niranbio.com\/pt-br\/cristais-de-mentol.html#breadcrumb","itemListElement":[{"@type":"ListItem","position":1,"name":"Home","item":"https:\/\/theo.niranbio.com\/pt-br\/"},{"@type":"ListItem","position":2,"name":"Produtos","item":"https:\/\/theo.niranbio.com\/pt-br\/produtos.html"},{"@type":"ListItem","position":3,"name":"Intensificador de Sabor","item":"https:\/\/theo.niranbio.com\/pt-br\/produto-intensificador-de-sabor\/"},{"@type":"ListItem","position":4,"name":"Cristais de Mentol"}]},{"@type":"WebSite","@id":"https:\/\/theo.niranbio.com\/pt-br\/#website","url":"https:\/\/theo.niranbio.com\/pt-br\/","name":"Niranbio Chemical","description":"","publisher":{"@id":"https:\/\/theo.niranbio.com\/pt-br\/#organization"},"potentialAction":[{"@type":"SearchAction","target":{"@type":"EntryPoint","urlTemplate":"https:\/\/theo.niranbio.com\/pt-br\/?s={search_term_string}"},"query-input":{"@type":"PropertyValueSpecification","valueRequired":true,"valueName":"search_term_string"}}],"inLanguage":"pt-BR"},{"@type":"Organization","@id":"https:\/\/theo.niranbio.com\/pt-br\/#organization","name":"Niranbio Chemical","url":"https:\/\/theo.niranbio.com\/pt-br\/","logo":{"@type":"ImageObject","inLanguage":"pt-BR","@id":"https:\/\/theo.niranbio.com\/pt-br\/#\/schema\/logo\/image\/","url":"https:\/\/theo.niranbio.com\/wp-content\/uploads\/2024\/06\/Niranbio.png","contentUrl":"https:\/\/theo.niranbio.com\/wp-content\/uploads\/2024\/06\/Niranbio.png","width":270,"height":100,"caption":"Niranbio Chemical"},"image":{"@id":"https:\/\/theo.niranbio.com\/pt-br\/#\/schema\/logo\/image\/"}}]}},"_links":{"self":[{"href":"https:\/\/theo.niranbio.com\/pt-br\/wp-json\/wp\/v2\/product\/9937","targetHints":{"allow":["GET"]}}],"collection":[{"href":"https:\/\/theo.niranbio.com\/pt-br\/wp-json\/wp\/v2\/product"}],"about":[{"href":"https:\/\/theo.niranbio.com\/pt-br\/wp-json\/wp\/v2\/types\/product"}],"version-history":[{"count":0,"href":"https:\/\/theo.niranbio.com\/pt-br\/wp-json\/wp\/v2\/product\/9937\/revisions"}],"wp:featuredmedia":[{"embeddable":true,"href":"https:\/\/theo.niranbio.com\/pt-br\/wp-json\/wp\/v2\/media\/9938"}],"wp:attachment":[{"href":"https:\/\/theo.niranbio.com\/pt-br\/wp-json\/wp\/v2\/media?parent=9937"}],"wp:term":[{"taxonomy":"product_brand","embeddable":true,"href":"https:\/\/theo.niranbio.com\/pt-br\/wp-json\/wp\/v2\/product_brand?post=9937"},{"taxonomy":"product_cat","embeddable":true,"href":"https:\/\/theo.niranbio.com\/pt-br\/wp-json\/wp\/v2\/product_cat?post=9937"},{"taxonomy":"product_tag","embeddable":true,"href":"https:\/\/theo.niranbio.com\/pt-br\/wp-json\/wp\/v2\/product_tag?post=9937"}],"curies":[{"name":"wp","href":"https:\/\/api.w.org\/{rel}","templated":true}]}}