{"id":9926,"date":"2024-06-20T10:43:46","date_gmt":"2024-06-20T02:43:46","guid":{"rendered":"https:\/\/theo.niranbio.com\/gengibre-em-po\/"},"modified":"2024-08-16T16:51:42","modified_gmt":"2024-08-16T08:51:42","slug":"gengibre-em-po","status":"publish","type":"product","link":"https:\/\/theo.niranbio.com\/pt-br\/gengibre-em-po.html","title":{"rendered":"Gengibre em p\u00f3"},"content":{"rendered":"<h2><span class=\"ez-toc-section\" id=\"O_que_e_po_de_gengibre\"><\/span>O que \u00e9 p\u00f3 de gengibre?<span class=\"ez-toc-section-end\"><\/span><\/h2>\n<p>O principal material do p\u00f3 de gengibre \u00e9 o gengibre, que \u00e9 um p\u00f3 amarelo na apar\u00eancia. Suas principais fun\u00e7\u00f5es s\u00e3o aquecer, excitar, suar, parar o v\u00f4mito, desintoxicar, aquecer os pulm\u00f5es e parar a tosse, etc. \u00c9 especialmente adequado para vento-frio ex\u00f3geno, dor de cabe\u00e7a, catarro, tosse, resfriado estomacal e v\u00f4mito, etc., e \u00e9 amplamente utilizado na ind\u00fastria aliment\u00edcia.<\/p>\n<p>A fabrica\u00e7\u00e3o de p\u00f3 de gengibre geralmente seleciona gengibre de alta qualidade como mat\u00e9ria-prima e passa por etapas como lavagem, descascamento, fatiamento, secagem, tritura\u00e7\u00e3o e peneiramento. A produ\u00e7\u00e3o moderna geralmente usa um secador para secar para garantir que o teor de umidade das fatias de gengibre caia abaixo de 10% e, em seguida, tritura-o em p\u00f3 fino por meio de um moedor e controla a finura por meio de telas de diferentes malhas. Por fim, o gengibre em p\u00f3 \u00e9 embalado e armazenado em local seco e fresco para manter sua qualidade e aroma.<\/p>\n<h2><span class=\"ez-toc-section\" id=\"Parametros_relacionados\"><\/span>Par\u00e2metros relacionados:<span class=\"ez-toc-section-end\"><\/span><\/h2>\n<table>\n<tbody>\n<tr>\n<td>ITENS<\/td>\n<td>PADR\u00c3O<\/td>\n<\/tr>\n<tr>\n<td>Especifica\u00e7\u00f5es dispon\u00edveis<\/td>\n<td>5-10%<\/td>\n<\/tr>\n<tr>\n<td>Tamanho da part\u00edcula<\/td>\n<td>100% at\u00e9 80 Mesh<\/td>\n<\/tr>\n<tr>\n<td>Perda na secagem<\/td>\n<td>&lt; 5.0%<\/td>\n<\/tr>\n<tr>\n<td>Metais pesados<\/td>\n<td>&lt; 20ppm<\/td>\n<\/tr>\n<tr>\n<td>Ars\u00eanico (As)<\/td>\n<td>&lt; 2ppm<\/td>\n<\/tr>\n<tr>\n<td>Chumbo (Pb)<\/td>\n<td>&lt; 2ppm<\/td>\n<\/tr>\n<tr>\n<td>Ginger\u00f3is por HPLC<\/td>\n<td>&gt; 5.0%<\/td>\n<\/tr>\n<tr>\n<td>Contagem total de placas<\/td>\n<td>&lt; 1.000cfu\/g<\/td>\n<\/tr>\n<tr>\n<td>Levedura e mofo<\/td>\n<td>&lt; 100cfu\/g<\/td>\n<\/tr>\n<tr>\n<td>E.Coli.<\/td>\n<td>Negativo<\/td>\n<\/tr>\n<tr>\n<td>Salmonela<\/td>\n<td>Negativo<\/td>\n<\/tr>\n<\/tbody>\n<\/table>\n<h2><span class=\"ez-toc-section\" id=\"Dosagem_recomendada\"><\/span>Dosagem recomendada:<span class=\"ez-toc-section-end\"><\/span><\/h2>\n<table>\n<tbody>\n<tr>\n<td>Nome do alimento<\/td>\n<td>Uso m\u00e1ximo (g\/kg)<\/td>\n<\/tr>\n<tr>\n<td>Condimentos (como gengibre e alho em p\u00f3, sal de tempero)<\/td>\n<td>0,5-2,0 g\/kg<\/td>\n<\/tr>\n<tr>\n<td>Sopas instant\u00e2neas (como sopa de frango, sopa de carne)<\/td>\n<td>0,2-1,0 g\/kg<\/td>\n<\/tr>\n<tr>\n<td>Bebidas (como bebida de gengibre, bebidas funcionais)<\/td>\n<td>0,1-0,5 g\/kg<\/td>\n<\/tr>\n<tr>\n<td>Produtos de panifica\u00e7\u00e3o (como p\u00e3o de gengibre, bolos)<\/td>\n<td>0,5-1,0 g\/kg<\/td>\n<\/tr>\n<tr>\n<td>Doces (como balas de gengibre, balas macias com sabor de gengibre)<\/td>\n<td>1,0-2,0 g\/kg<\/td>\n<\/tr>\n<tr>\n<td>Curry em p\u00f3 (como o tempero de curry em p\u00f3)<\/td>\n<td>1,0-3,0 g\/kg<\/td>\n<\/tr>\n<tr>\n<td>Alimentos em conserva (como gengibre em conserva, legumes em conserva)<\/td>\n<td>1,0-2,0 g\/kg<\/td>\n<\/tr>\n<tr>\n<td>Produtos c\u00e1rneos (como salsichas, presunto)<\/td>\n<td>0,5-1,5 g\/kg<\/td>\n<\/tr>\n<tr>\n<td>Molhos (como molho de soja com gengibre, molho de gengibre e alho)<\/td>\n<td>0,5-1,0 g\/kg<\/td>\n<\/tr>\n<tr>\n<td>Molho de tempero (como molho de tempero de alho e gengibre)<\/td>\n<td>0,5-1,0 g\/kg<\/td>\n<\/tr>\n<tr>\n<td>Marina\u00e7\u00e3o de carne (como carne marinada com gengibre)<\/td>\n<td>0,5-1,0 g\/kg<\/td>\n<\/tr>\n<tr>\n<td>Molho para salada (como molho para salada de gengibre)<\/td>\n<td>0,5-1,0 g\/kg<\/td>\n<\/tr>\n<\/tbody>\n<\/table>\n<h2><span class=\"ez-toc-section\" id=\"O_po_de_gengibre_tem_uma_ampla_gama_de_usos\"><\/span>O p\u00f3 de gengibre tem uma ampla gama de usos<span class=\"ez-toc-section-end\"><\/span><\/h2>\n<p>1. Efeito antioxidante: Os antioxidantes encontrados no gengibre em p\u00f3 podem neutralizar os radicais livres e diminuir os danos que o estresse oxidativo causa ao corpo. A ingest\u00e3o regular de alimentos que contenham gengibre em p\u00f3 pode fortalecer o sistema imunol\u00f3gico e ajudar a combater o envelhecimento e algumas doen\u00e7as cr\u00f4nicas.<\/p>\n<p>2. Efeito antiinflamat\u00f3rio: Os ingredientes ativos do gengibre em p\u00f3, como o gingerol, t\u00eam efeitos antiinflamat\u00f3rios significativos. Esses ingredientes podem ajudar a reduzir a inflama\u00e7\u00e3o e a dor, especialmente em casos de artrite e les\u00f5es esportivas, e desempenham um papel protetor na sa\u00fade humana.<\/p>\n<p>3. Promover a digest\u00e3o: O p\u00f3 de gengibre pode promover a secre\u00e7\u00e3o de suco g\u00e1strico e enzimas digestivas, ajudar a acelerar a digest\u00e3o dos alimentos e a absor\u00e7\u00e3o de nutrientes. Tamb\u00e9m pode aliviar desconfortos gastrointestinais, reduzir sintomas como incha\u00e7o, n\u00e1useas e indigest\u00e3o, sendo frequentemente utilizado no preparo de ch\u00e1s digestivos e bebidas funcionais.<\/p>\n<p>4. Antibacteriano e anti-s\u00e9ptico: O gengibre em p\u00f3 tem propriedades antibacterianas naturais e pode inibir o crescimento de muitos pat\u00f3genos, prolongando assim a vida \u00fatil dos alimentos. Para manter a seguran\u00e7a e o frescor dos alimentos, \u00e9 amplamente utilizado no processamento e preserva\u00e7\u00e3o de alimentos.<\/p>\n<p>5. Regular o a\u00e7\u00facar no sangue: Estudos mostram que o gengibre em p\u00f3 pode ajudar os diab\u00e9ticos a controlar os n\u00edveis de a\u00e7\u00facar no sangue e \u00e9 muito ben\u00e9fico. O p\u00f3 de gengibre pode ajudar os diab\u00e9ticos a controlar os n\u00edveis de a\u00e7\u00facar no sangue e a sa\u00fade geral, aumentando a sensibilidade \u00e0 insulina e minimizando as flutua\u00e7\u00f5es do a\u00e7\u00facar no sangue.<\/p>\n<p>6. Aliviar n\u00e1useas: O gengibre em p\u00f3 \u00e9 particularmente \u00fatil na redu\u00e7\u00e3o de n\u00e1useas e v\u00f4mitos durante a gravidez e ap\u00f3s a quimioterapia. Seus efeitos suaves fazem dele uma solu\u00e7\u00e3o natural que \u00e9 frequentemente adicionada a alimentos e bebidas saud\u00e1veis \u200b\u200bpara mulheres gr\u00e1vidas e pacientes com c\u00e2ncer.<\/p>\n<h2><span class=\"ez-toc-section\" id=\"O_usuario_fez_a_seguinte_pergunta\"><\/span>O usu\u00e1rio fez a seguinte pergunta:<span class=\"ez-toc-section-end\"><\/span><\/h2>\n<p>Pergunta: o gengibre em p\u00f3 \u00e9 a mesma subst\u00e2ncia que o gengibre?<\/p>\n<p>Resposta: o gengibre em p\u00f3 e o gengibre s\u00e3o feitos da mesma planta, o gengibre, mas diferem em forma e certas propriedades. O gengibre em p\u00f3 \u00e9 feito secando e esmagando o gengibre, que \u00e9 f\u00e1cil de armazenar e usar e tem um sabor e aroma mais concentrados. O gengibre \u00e9 fresco, cont\u00e9m mais \u00e1gua, ret\u00e9m mais sabor natural e ingredientes ativos e \u00e9 frequentemente usado na culin\u00e1ria para fornecer um aroma \u00fanico e sabor picante. Use gengibre ou gengibre em p\u00f3, com base em suas necessidades espec\u00edficas.<\/p>\n","protected":false},"excerpt":{"rendered":"<ul>\n<li>CAS: 23513-14-6<\/li>\n<li>F\u00f3rmula qu\u00edmica: C17H26O4<\/li>\n<li>Certifica\u00e7\u00f5es: KOSHER, ISO, HALAL, FSSC22000, BRC, etc.<\/li>\n<li>Padr\u00e3o:<\/li>\n<li>Quantidade m\u00ednima do pedido: 1000KG<\/li>\n<li>Prazo de validade: 2 anos<\/li>\n<\/ul>\n","protected":false},"featured_media":9927,"template":"","meta":{"site-sidebar-layout":"default","site-content-layout":"","ast-site-content-layout":"default","site-content-style":"default","site-sidebar-style":"default","ast-global-header-display":"","ast-banner-title-visibility":"","ast-main-header-display":"","ast-hfb-above-header-display":"","ast-hfb-below-header-display":"","ast-hfb-mobile-header-display":"","site-post-title":"","ast-breadcrumbs-content":"","ast-featured-img":"","footer-sml-layout":"","theme-transparent-header-meta":"default","adv-header-id-meta":"","stick-header-meta":"","header-above-stick-meta":"","header-main-stick-meta":"","header-below-stick-meta":"","astra-migrate-meta-layouts":"set","ast-page-background-enabled":"default","ast-page-background-meta":{"desktop":{"background-color":"var(--ast-global-color-4)","background-image":"","background-repeat":"repeat","background-position":"center center","background-size":"auto","background-attachment":"scroll","background-type":"","background-media":"","overlay-type":"","overlay-color":"","overlay-opacity":"","overlay-gradient":""},"tablet":{"background-color":"","background-image":"","background-repeat":"repeat","background-position":"center center","background-size":"auto","background-attachment":"scroll","background-type":"","background-media":"","overlay-type":"","overlay-color":"","overlay-opacity":"","overlay-gradient":""},"mobile":{"background-color":"","background-image":"","background-repeat":"repeat","background-position":"center center","background-size":"auto","background-attachment":"scroll","background-type":"","background-media":"","overlay-type":"","overlay-color":"","overlay-opacity":"","overlay-gradient":""}},"ast-content-background-meta":{"desktop":{"background-color":"var(--ast-global-color-5)","background-image":"","background-repeat":"repeat","background-position":"center center","background-size":"auto","background-attachment":"scroll","background-type":"","background-media":"","overlay-type":"","overlay-color":"","overlay-opacity":"","overlay-gradient":""},"tablet":{"background-color":"var(--ast-global-color-5)","background-image":"","background-repeat":"repeat","background-position":"center center","background-size":"auto","background-attachment":"scroll","background-type":"","background-media":"","overlay-type":"","overlay-color":"","overlay-opacity":"","overlay-gradient":""},"mobile":{"background-color":"var(--ast-global-color-5)","background-image":"","background-repeat":"repeat","background-position":"center center","background-size":"auto","background-attachment":"scroll","background-type":"","background-media":"","overlay-type":"","overlay-color":"","overlay-opacity":"","overlay-gradient":""}}},"product_brand":[],"product_cat":[87],"product_tag":[],"class_list":{"0":"post-9926","1":"product","2":"type-product","3":"status-publish","4":"has-post-thumbnail","6":"product_cat-produto-intensificador-de-sabor","7":"desktop-align-center","8":"tablet-align-left","9":"mobile-align-left","11":"first","12":"instock","13":"shipping-taxable","14":"product-type-simple"},"yoast_head":"<!-- This site is optimized with the Yoast SEO plugin v26.5 - https:\/\/yoast.com\/wordpress\/plugins\/seo\/ -->\n<title>Gengibre po fornecedor, org\u00e2nico gengibre em po pre\u00e7o| Niranbio Chemical<\/title>\n<meta name=\"description\" content=\"Nosso p\u00f3 de gengibre tem apar\u00eancia amarela, especialmente adequado para vento-frio ex\u00f3geno, dor de cabe\u00e7a, catarro, tosse, resfriado estomacal e v\u00f4mito, etc.\" \/>\n<meta name=\"robots\" content=\"noindex, follow, max-snippet:-1, max-image-preview:large, max-video-preview:-1\" \/>\n<meta name=\"twitter:label1\" content=\"Est. tempo de leitura\" \/>\n\t<meta name=\"twitter:data1\" content=\"4 minutos\" \/>\n<script type=\"application\/ld+json\" class=\"yoast-schema-graph\">{\"@context\":\"https:\/\/schema.org\",\"@graph\":[{\"@type\":\"WebPage\",\"@id\":\"https:\/\/theo.niranbio.com\/pt-br\/gengibre-em-po.html\",\"url\":\"https:\/\/theo.niranbio.com\/pt-br\/gengibre-em-po.html\",\"name\":\"Gengibre po fornecedor, org\u00e2nico gengibre em po pre\u00e7o| Niranbio Chemical\",\"isPartOf\":{\"@id\":\"https:\/\/theo.niranbio.com\/pt-br\/#website\"},\"primaryImageOfPage\":{\"@id\":\"https:\/\/theo.niranbio.com\/pt-br\/gengibre-em-po.html#primaryimage\"},\"image\":{\"@id\":\"https:\/\/theo.niranbio.com\/pt-br\/gengibre-em-po.html#primaryimage\"},\"thumbnailUrl\":\"https:\/\/theo.niranbio.com\/wp-content\/uploads\/2024\/06\/Ginger-Powder.webp\",\"datePublished\":\"2024-06-20T02:43:46+00:00\",\"dateModified\":\"2024-08-16T08:51:42+00:00\",\"description\":\"Nosso p\u00f3 de gengibre tem apar\u00eancia amarela, especialmente adequado para vento-frio ex\u00f3geno, dor de cabe\u00e7a, catarro, tosse, resfriado estomacal e v\u00f4mito, etc.\",\"breadcrumb\":{\"@id\":\"https:\/\/theo.niranbio.com\/pt-br\/gengibre-em-po.html#breadcrumb\"},\"inLanguage\":\"pt-BR\",\"potentialAction\":[{\"@type\":\"ReadAction\",\"target\":[\"https:\/\/theo.niranbio.com\/pt-br\/gengibre-em-po.html\"]}]},{\"@type\":\"ImageObject\",\"inLanguage\":\"pt-BR\",\"@id\":\"https:\/\/theo.niranbio.com\/pt-br\/gengibre-em-po.html#primaryimage\",\"url\":\"https:\/\/theo.niranbio.com\/wp-content\/uploads\/2024\/06\/Ginger-Powder.webp\",\"contentUrl\":\"https:\/\/theo.niranbio.com\/wp-content\/uploads\/2024\/06\/Ginger-Powder.webp\",\"width\":600,\"height\":600,\"caption\":\"Gengibre em p\u00f3\"},{\"@type\":\"BreadcrumbList\",\"@id\":\"https:\/\/theo.niranbio.com\/pt-br\/gengibre-em-po.html#breadcrumb\",\"itemListElement\":[{\"@type\":\"ListItem\",\"position\":1,\"name\":\"Home\",\"item\":\"https:\/\/theo.niranbio.com\/pt-br\/\"},{\"@type\":\"ListItem\",\"position\":2,\"name\":\"Produtos\",\"item\":\"https:\/\/theo.niranbio.com\/pt-br\/produtos.html\"},{\"@type\":\"ListItem\",\"position\":3,\"name\":\"Intensificador de Sabor\",\"item\":\"https:\/\/theo.niranbio.com\/pt-br\/produto-intensificador-de-sabor\/\"},{\"@type\":\"ListItem\",\"position\":4,\"name\":\"Gengibre em p\u00f3\"}]},{\"@type\":\"WebSite\",\"@id\":\"https:\/\/theo.niranbio.com\/pt-br\/#website\",\"url\":\"https:\/\/theo.niranbio.com\/pt-br\/\",\"name\":\"Niranbio Chemical\",\"description\":\"\",\"publisher\":{\"@id\":\"https:\/\/theo.niranbio.com\/pt-br\/#organization\"},\"potentialAction\":[{\"@type\":\"SearchAction\",\"target\":{\"@type\":\"EntryPoint\",\"urlTemplate\":\"https:\/\/theo.niranbio.com\/pt-br\/?s={search_term_string}\"},\"query-input\":{\"@type\":\"PropertyValueSpecification\",\"valueRequired\":true,\"valueName\":\"search_term_string\"}}],\"inLanguage\":\"pt-BR\"},{\"@type\":\"Organization\",\"@id\":\"https:\/\/theo.niranbio.com\/pt-br\/#organization\",\"name\":\"Niranbio Chemical\",\"url\":\"https:\/\/theo.niranbio.com\/pt-br\/\",\"logo\":{\"@type\":\"ImageObject\",\"inLanguage\":\"pt-BR\",\"@id\":\"https:\/\/theo.niranbio.com\/pt-br\/#\/schema\/logo\/image\/\",\"url\":\"https:\/\/theo.niranbio.com\/wp-content\/uploads\/2024\/06\/Niranbio.png\",\"contentUrl\":\"https:\/\/theo.niranbio.com\/wp-content\/uploads\/2024\/06\/Niranbio.png\",\"width\":270,\"height\":100,\"caption\":\"Niranbio Chemical\"},\"image\":{\"@id\":\"https:\/\/theo.niranbio.com\/pt-br\/#\/schema\/logo\/image\/\"}}]}<\/script>\n<!-- \/ Yoast SEO plugin. -->","yoast_head_json":{"title":"Gengibre po fornecedor, org\u00e2nico gengibre em po pre\u00e7o| Niranbio Chemical","description":"Nosso p\u00f3 de gengibre tem apar\u00eancia amarela, especialmente adequado para vento-frio ex\u00f3geno, dor de cabe\u00e7a, catarro, tosse, resfriado estomacal e v\u00f4mito, etc.","robots":{"index":"noindex","follow":"follow","max-snippet":"max-snippet:-1","max-image-preview":"max-image-preview:large","max-video-preview":"max-video-preview:-1"},"twitter_misc":{"Est. tempo de leitura":"4 minutos"},"schema":{"@context":"https:\/\/schema.org","@graph":[{"@type":"WebPage","@id":"https:\/\/theo.niranbio.com\/pt-br\/gengibre-em-po.html","url":"https:\/\/theo.niranbio.com\/pt-br\/gengibre-em-po.html","name":"Gengibre po fornecedor, org\u00e2nico gengibre em po pre\u00e7o| Niranbio Chemical","isPartOf":{"@id":"https:\/\/theo.niranbio.com\/pt-br\/#website"},"primaryImageOfPage":{"@id":"https:\/\/theo.niranbio.com\/pt-br\/gengibre-em-po.html#primaryimage"},"image":{"@id":"https:\/\/theo.niranbio.com\/pt-br\/gengibre-em-po.html#primaryimage"},"thumbnailUrl":"https:\/\/theo.niranbio.com\/wp-content\/uploads\/2024\/06\/Ginger-Powder.webp","datePublished":"2024-06-20T02:43:46+00:00","dateModified":"2024-08-16T08:51:42+00:00","description":"Nosso p\u00f3 de gengibre tem apar\u00eancia amarela, especialmente adequado para vento-frio ex\u00f3geno, dor de cabe\u00e7a, catarro, tosse, resfriado estomacal e v\u00f4mito, etc.","breadcrumb":{"@id":"https:\/\/theo.niranbio.com\/pt-br\/gengibre-em-po.html#breadcrumb"},"inLanguage":"pt-BR","potentialAction":[{"@type":"ReadAction","target":["https:\/\/theo.niranbio.com\/pt-br\/gengibre-em-po.html"]}]},{"@type":"ImageObject","inLanguage":"pt-BR","@id":"https:\/\/theo.niranbio.com\/pt-br\/gengibre-em-po.html#primaryimage","url":"https:\/\/theo.niranbio.com\/wp-content\/uploads\/2024\/06\/Ginger-Powder.webp","contentUrl":"https:\/\/theo.niranbio.com\/wp-content\/uploads\/2024\/06\/Ginger-Powder.webp","width":600,"height":600,"caption":"Gengibre em p\u00f3"},{"@type":"BreadcrumbList","@id":"https:\/\/theo.niranbio.com\/pt-br\/gengibre-em-po.html#breadcrumb","itemListElement":[{"@type":"ListItem","position":1,"name":"Home","item":"https:\/\/theo.niranbio.com\/pt-br\/"},{"@type":"ListItem","position":2,"name":"Produtos","item":"https:\/\/theo.niranbio.com\/pt-br\/produtos.html"},{"@type":"ListItem","position":3,"name":"Intensificador de Sabor","item":"https:\/\/theo.niranbio.com\/pt-br\/produto-intensificador-de-sabor\/"},{"@type":"ListItem","position":4,"name":"Gengibre em p\u00f3"}]},{"@type":"WebSite","@id":"https:\/\/theo.niranbio.com\/pt-br\/#website","url":"https:\/\/theo.niranbio.com\/pt-br\/","name":"Niranbio Chemical","description":"","publisher":{"@id":"https:\/\/theo.niranbio.com\/pt-br\/#organization"},"potentialAction":[{"@type":"SearchAction","target":{"@type":"EntryPoint","urlTemplate":"https:\/\/theo.niranbio.com\/pt-br\/?s={search_term_string}"},"query-input":{"@type":"PropertyValueSpecification","valueRequired":true,"valueName":"search_term_string"}}],"inLanguage":"pt-BR"},{"@type":"Organization","@id":"https:\/\/theo.niranbio.com\/pt-br\/#organization","name":"Niranbio Chemical","url":"https:\/\/theo.niranbio.com\/pt-br\/","logo":{"@type":"ImageObject","inLanguage":"pt-BR","@id":"https:\/\/theo.niranbio.com\/pt-br\/#\/schema\/logo\/image\/","url":"https:\/\/theo.niranbio.com\/wp-content\/uploads\/2024\/06\/Niranbio.png","contentUrl":"https:\/\/theo.niranbio.com\/wp-content\/uploads\/2024\/06\/Niranbio.png","width":270,"height":100,"caption":"Niranbio Chemical"},"image":{"@id":"https:\/\/theo.niranbio.com\/pt-br\/#\/schema\/logo\/image\/"}}]}},"_links":{"self":[{"href":"https:\/\/theo.niranbio.com\/pt-br\/wp-json\/wp\/v2\/product\/9926","targetHints":{"allow":["GET"]}}],"collection":[{"href":"https:\/\/theo.niranbio.com\/pt-br\/wp-json\/wp\/v2\/product"}],"about":[{"href":"https:\/\/theo.niranbio.com\/pt-br\/wp-json\/wp\/v2\/types\/product"}],"version-history":[{"count":0,"href":"https:\/\/theo.niranbio.com\/pt-br\/wp-json\/wp\/v2\/product\/9926\/revisions"}],"wp:featuredmedia":[{"embeddable":true,"href":"https:\/\/theo.niranbio.com\/pt-br\/wp-json\/wp\/v2\/media\/9927"}],"wp:attachment":[{"href":"https:\/\/theo.niranbio.com\/pt-br\/wp-json\/wp\/v2\/media?parent=9926"}],"wp:term":[{"taxonomy":"product_brand","embeddable":true,"href":"https:\/\/theo.niranbio.com\/pt-br\/wp-json\/wp\/v2\/product_brand?post=9926"},{"taxonomy":"product_cat","embeddable":true,"href":"https:\/\/theo.niranbio.com\/pt-br\/wp-json\/wp\/v2\/product_cat?post=9926"},{"taxonomy":"product_tag","embeddable":true,"href":"https:\/\/theo.niranbio.com\/pt-br\/wp-json\/wp\/v2\/product_tag?post=9926"}],"curies":[{"name":"wp","href":"https:\/\/api.w.org\/{rel}","templated":true}]}}