{"id":9901,"date":"2024-06-20T10:34:55","date_gmt":"2024-06-20T02:34:55","guid":{"rendered":"https:\/\/theo.niranbio.com\/creme-nao-lacteo\/"},"modified":"2024-08-13T15:58:32","modified_gmt":"2024-08-13T07:58:32","slug":"creme-nao-lacteo","status":"publish","type":"product","link":"https:\/\/theo.niranbio.com\/pt-br\/creme-nao-lacteo.html","title":{"rendered":"Creme n\u00e3o l\u00e1cteo"},"content":{"rendered":"<h2><span class=\"ez-toc-section\" id=\"O_que_e_creme_nao_lacteo\"><\/span>O que \u00e9 creme n\u00e3o l\u00e1cteo?<span class=\"ez-toc-section-end\"><\/span><\/h2>\n<p>Um ingrediente alimentar chamado creme n\u00e3o l\u00e1cteo \u00e9 usado no lugar de latic\u00ednios. Suas principais mat\u00e9rias-primas s\u00e3o glicose e \u00f3leo vegetal. Ele tem uma apar\u00eancia de p\u00f3 branco e geralmente \u00e9 usado em caf\u00e9, ch\u00e1, sobremesas, sopas e outros alimentos para aumentar o sabor do leite e a textura do creme.<\/p>\n<p>O creme n\u00e3o l\u00e1cteo \u00e9 produzido principalmente na China por pulveriza\u00e7\u00e3o r\u00e1pida e secagem da emuls\u00e3o em p\u00f3 em alta temperatura. O m\u00e9todo envolve misturar e homogeneizar \u00f3leo vegetal, a\u00e7\u00facar, emulsificante e outros aditivos, pulverizando-os em uma torre de secagem, e o ar quente evapora rapidamente a \u00e1gua para formar um produto em p\u00f3 uniforme e fino. O produto \u00e9 altamente est\u00e1vel e sol\u00favel, e \u00e9 amplamente utilizado na China. Este m\u00e9todo \u00e9 apropriado para produ\u00e7\u00e3o em larga escala.<\/p>\n<h2><span class=\"ez-toc-section\" id=\"Parametros_relacionados\"><\/span>Par\u00e2metros relacionados:<span class=\"ez-toc-section-end\"><\/span><\/h2>\n<table>\n<tbody>\n<tr>\n<td>Itens<\/td>\n<td>Padr\u00f5es<\/td>\n<\/tr>\n<tr>\n<td>pH<\/td>\n<td>\/<\/td>\n<\/tr>\n<tr>\n<td>Part\u00edculas<\/td>\n<td>\u2264 5 pc\/100g<\/td>\n<\/tr>\n<tr>\n<td>\u00c1gua<\/td>\n<td>\u2264 5,0 g\/100g<\/td>\n<\/tr>\n<tr>\n<td>Gordura<\/td>\n<td>\u2265 48,0 g\/100g<\/td>\n<\/tr>\n<tr>\n<td>Prote\u00edna<\/td>\n<td>\u2265 2,0 g\/100 kg<\/td>\n<\/tr>\n<tr>\n<td>Contagem total de col\u00f4nias<\/td>\n<td>n=5, c=2, m=1000, M=50000 (CFU\/g)<\/td>\n<\/tr>\n<tr>\n<td>Bact\u00e9rias coliformes<\/td>\n<td>N=5, c=2, m=10, M=100 (CFU\/g<\/td>\n<\/tr>\n<\/tbody>\n<\/table>\n<h2><span class=\"ez-toc-section\" id=\"Dosagem_recomendada\"><\/span>Dosagem recomendada:<span class=\"ez-toc-section-end\"><\/span><\/h2>\n<table>\n<tbody>\n<tr>\n<td>Nome do alimento<\/td>\n<td>Uso m\u00e1ximo (g\/kg)<\/td>\n<\/tr>\n<tr>\n<td>Caf\u00e9 mate<\/td>\n<td>15-50 g\/kg<\/td>\n<\/tr>\n<tr>\n<td>Ch\u00e1 de leite<\/td>\n<td>10-40 g\/kg<\/td>\n<\/tr>\n<tr>\n<td>Caf\u00e9 instant\u00e2neo<\/td>\n<td>15-60 g\/kg<\/td>\n<\/tr>\n<tr>\n<td>Bebida de chocolate<\/td>\n<td>10-30 g\/kg<\/td>\n<\/tr>\n<tr>\n<td>Milkshake<\/td>\n<td>5-30 g\/kg<\/td>\n<\/tr>\n<tr>\n<td>Smoothie<\/td>\n<td>10-35 g\/kg<\/td>\n<\/tr>\n<tr>\n<td>Sorvete<\/td>\n<td>10-50 g\/kg<\/td>\n<\/tr>\n<tr>\n<td>Caramelo<\/td>\n<td>20-60 g\/kg<\/td>\n<\/tr>\n<tr>\n<td>Biscoitos para sandu\u00edche<\/td>\n<td>10-30 g\/kg<\/td>\n<\/tr>\n<tr>\n<td>P\u00e3o<\/td>\n<td>5-20 g\/kg<\/td>\n<\/tr>\n<tr>\n<td>Farinha de aveia<\/td>\n<td>10-30 g\/kg<\/td>\n<\/tr>\n<tr>\n<td>Iogurte<\/td>\n<td>10-40 g\/kg<\/td>\n<\/tr>\n<tr>\n<td>Bebida com \u00e1cido l\u00e1ctico<\/td>\n<td>10-40 g\/kg<\/td>\n<\/tr>\n<tr>\n<td>Pudim de creme<\/td>\n<td>15-35 g\/kg<\/td>\n<\/tr>\n<tr>\n<td>Molho<\/td>\n<td>5-20 g\/kg<\/td>\n<\/tr>\n<tr>\n<td>Puff de creme<\/td>\n<td>20-50 g\/kg<\/td>\n<\/tr>\n<\/tbody>\n<\/table>\n<h2><span class=\"ez-toc-section\" id=\"O_creme_nao_lacteo_tem_uma_ampla_gama_de_usos\"><\/span>O creme n\u00e3o l\u00e1cteo tem uma ampla gama de usos<span class=\"ez-toc-section-end\"><\/span><\/h2>\n<p>1. Os cremes n\u00e3o l\u00e1cteos podem dar aos alimentos um aroma e sabor cremosos, melhorando o sabor do produto.<\/p>\n<p>2. Por meio das propriedades emulsificantes e estabilizantes dos cremes n\u00e3o l\u00e1cteos, a textura cremosa dos alimentos pode ser aumentada, tornando-os mais suaves e ricos.<\/p>\n<p>3. Como um emulsificante, os cremes n\u00e3o l\u00e1cteos podem efetivamente misturar \u00f3leo e \u00e1gua uniformemente, evitar a separa\u00e7\u00e3o e aumentar a estabilidade do produto.<\/p>\n<p>4. Adicionar cremes n\u00e3o l\u00e1cteos aos alimentos pode melhorar a apar\u00eancia do produto, tornando-o mais tentador e atraente.<\/p>\n<p>5. Os cremes n\u00e3o l\u00e1cteos podem adicionar diferentes nutrientes, como vitaminas e minerais, de acordo com a demanda para atender \u00e0s necessidades nutricionais de grupos espec\u00edficos de pessoas.<\/p>\n<p>6. Para pessoas que s\u00e3o intolerantes \u00e0 lactose ou al\u00e9rgicas a produtos l\u00e1cteos, os cremes n\u00e3o l\u00e1cteos s\u00e3o uma boa alternativa que pode fornecer um sabor e fun\u00e7\u00e3o semelhantes aos produtos l\u00e1cteos.<\/p>\n<h2><span class=\"ez-toc-section\" id=\"O_usuario_fez_a_seguinte_pergunta\"><\/span>O usu\u00e1rio fez a seguinte pergunta:<span class=\"ez-toc-section-end\"><\/span><\/h2>\n<p>Pergunta: A intoler\u00e2ncia \u00e0 lactose se beneficia do uso de cremes n\u00e3o l\u00e1cteos?<\/p>\n<p>Responder: O creme n\u00e3o l\u00e1cteo tem benef\u00edcios significativos para pessoas com intoler\u00e2ncia \u00e0 lactose porque n\u00e3o cont\u00e9m lactose e pode fornecer um sabor e textura semelhantes aos produtos l\u00e1cteos. \u00c9 adequado como um substituto para produtos l\u00e1cteos e \u00e9 amplamente usado em alimentos como caf\u00e9, ch\u00e1 com leite, sorvete, etc., ajudando pessoas com intoler\u00e2ncia \u00e0 lactose a aproveitar o sabor leitoso e o sabor rico sem causar desconforto gastrointestinal.<\/p>\n","protected":false},"excerpt":{"rendered":"<ul>\n<li>Certifica\u00e7\u00f5es: KOSHER, ISO, HALAL, FSSC22000, BRC, etc.<\/li>\n<li>Padr\u00e3o:<\/li>\n<li>Quantidade m\u00ednima do pedido: 1000KG<\/li>\n<li>Prazo de validade: 2 anos<\/li>\n<\/ul>\n","protected":false},"featured_media":9903,"template":"","meta":{"site-sidebar-layout":"default","site-content-layout":"","ast-site-content-layout":"default","site-content-style":"default","site-sidebar-style":"default","ast-global-header-display":"","ast-banner-title-visibility":"","ast-main-header-display":"","ast-hfb-above-header-display":"","ast-hfb-below-header-display":"","ast-hfb-mobile-header-display":"","site-post-title":"","ast-breadcrumbs-content":"","ast-featured-img":"","footer-sml-layout":"","theme-transparent-header-meta":"default","adv-header-id-meta":"","stick-header-meta":"","header-above-stick-meta":"","header-main-stick-meta":"","header-below-stick-meta":"","astra-migrate-meta-layouts":"set","ast-page-background-enabled":"default","ast-page-background-meta":{"desktop":{"background-color":"var(--ast-global-color-4)","background-image":"","background-repeat":"repeat","background-position":"center center","background-size":"auto","background-attachment":"scroll","background-type":"","background-media":"","overlay-type":"","overlay-color":"","overlay-opacity":"","overlay-gradient":""},"tablet":{"background-color":"","background-image":"","background-repeat":"repeat","background-position":"center center","background-size":"auto","background-attachment":"scroll","background-type":"","background-media":"","overlay-type":"","overlay-color":"","overlay-opacity":"","overlay-gradient":""},"mobile":{"background-color":"","background-image":"","background-repeat":"repeat","background-position":"center center","background-size":"auto","background-attachment":"scroll","background-type":"","background-media":"","overlay-type":"","overlay-color":"","overlay-opacity":"","overlay-gradient":""}},"ast-content-background-meta":{"desktop":{"background-color":"var(--ast-global-color-5)","background-image":"","background-repeat":"repeat","background-position":"center center","background-size":"auto","background-attachment":"scroll","background-type":"","background-media":"","overlay-type":"","overlay-color":"","overlay-opacity":"","overlay-gradient":""},"tablet":{"background-color":"var(--ast-global-color-5)","background-image":"","background-repeat":"repeat","background-position":"center center","background-size":"auto","background-attachment":"scroll","background-type":"","background-media":"","overlay-type":"","overlay-color":"","overlay-opacity":"","overlay-gradient":""},"mobile":{"background-color":"var(--ast-global-color-5)","background-image":"","background-repeat":"repeat","background-position":"center center","background-size":"auto","background-attachment":"scroll","background-type":"","background-media":"","overlay-type":"","overlay-color":"","overlay-opacity":"","overlay-gradient":""}}},"product_brand":[],"product_cat":[87],"product_tag":[],"class_list":{"0":"post-9901","1":"product","2":"type-product","3":"status-publish","4":"has-post-thumbnail","6":"product_cat-produto-intensificador-de-sabor","7":"desktop-align-center","8":"tablet-align-left","9":"mobile-align-left","11":"first","12":"instock","13":"shipping-taxable","14":"product-type-simple"},"yoast_head":"<!-- This site is optimized with the Yoast SEO plugin v26.5 - https:\/\/yoast.com\/wordpress\/plugins\/seo\/ -->\n<title>Fornecedor de creme n\u00e3o l\u00e1cteo, atacado de creme org\u00e2nico n\u00e3o l\u00e1cteo a granel | Niranbio Chemical<\/title>\n<meta name=\"description\" content=\"Nosso creme n\u00e3o l\u00e1cteo tem uma apar\u00eancia de p\u00f3 branco e \u00e9 geralmente usado em caf\u00e9, ch\u00e1, sobremesas, sopas e outros alimentos para aumentar o sabor do leite e a textura do creme.\" \/>\n<meta name=\"robots\" content=\"noindex, follow, max-snippet:-1, max-image-preview:large, max-video-preview:-1\" \/>\n<meta name=\"twitter:label1\" content=\"Est. tempo de leitura\" \/>\n\t<meta name=\"twitter:data1\" content=\"3 minutos\" \/>\n<script type=\"application\/ld+json\" class=\"yoast-schema-graph\">{\"@context\":\"https:\/\/schema.org\",\"@graph\":[{\"@type\":\"WebPage\",\"@id\":\"https:\/\/theo.niranbio.com\/pt-br\/creme-nao-lacteo.html\",\"url\":\"https:\/\/theo.niranbio.com\/pt-br\/creme-nao-lacteo.html\",\"name\":\"Fornecedor de creme n\u00e3o l\u00e1cteo, atacado de creme org\u00e2nico n\u00e3o l\u00e1cteo a granel | Niranbio Chemical\",\"isPartOf\":{\"@id\":\"https:\/\/theo.niranbio.com\/pt-br\/#website\"},\"primaryImageOfPage\":{\"@id\":\"https:\/\/theo.niranbio.com\/pt-br\/creme-nao-lacteo.html#primaryimage\"},\"image\":{\"@id\":\"https:\/\/theo.niranbio.com\/pt-br\/creme-nao-lacteo.html#primaryimage\"},\"thumbnailUrl\":\"https:\/\/theo.niranbio.com\/wp-content\/uploads\/2024\/06\/Non-Dairy-Creamer.webp\",\"datePublished\":\"2024-06-20T02:34:55+00:00\",\"dateModified\":\"2024-08-13T07:58:32+00:00\",\"description\":\"Nosso creme n\u00e3o l\u00e1cteo tem uma apar\u00eancia de p\u00f3 branco e \u00e9 geralmente usado em caf\u00e9, ch\u00e1, sobremesas, sopas e outros alimentos para aumentar o sabor do leite e a textura do creme.\",\"breadcrumb\":{\"@id\":\"https:\/\/theo.niranbio.com\/pt-br\/creme-nao-lacteo.html#breadcrumb\"},\"inLanguage\":\"pt-BR\",\"potentialAction\":[{\"@type\":\"ReadAction\",\"target\":[\"https:\/\/theo.niranbio.com\/pt-br\/creme-nao-lacteo.html\"]}]},{\"@type\":\"ImageObject\",\"inLanguage\":\"pt-BR\",\"@id\":\"https:\/\/theo.niranbio.com\/pt-br\/creme-nao-lacteo.html#primaryimage\",\"url\":\"https:\/\/theo.niranbio.com\/wp-content\/uploads\/2024\/06\/Non-Dairy-Creamer.webp\",\"contentUrl\":\"https:\/\/theo.niranbio.com\/wp-content\/uploads\/2024\/06\/Non-Dairy-Creamer.webp\",\"width\":600,\"height\":600,\"caption\":\"Creme N\u00e3o L\u00e1cteo\"},{\"@type\":\"BreadcrumbList\",\"@id\":\"https:\/\/theo.niranbio.com\/pt-br\/creme-nao-lacteo.html#breadcrumb\",\"itemListElement\":[{\"@type\":\"ListItem\",\"position\":1,\"name\":\"Home\",\"item\":\"https:\/\/theo.niranbio.com\/pt-br\/\"},{\"@type\":\"ListItem\",\"position\":2,\"name\":\"Produtos\",\"item\":\"https:\/\/theo.niranbio.com\/pt-br\/produtos.html\"},{\"@type\":\"ListItem\",\"position\":3,\"name\":\"Intensificador de Sabor\",\"item\":\"https:\/\/theo.niranbio.com\/pt-br\/produto-intensificador-de-sabor\/\"},{\"@type\":\"ListItem\",\"position\":4,\"name\":\"Creme n\u00e3o l\u00e1cteo\"}]},{\"@type\":\"WebSite\",\"@id\":\"https:\/\/theo.niranbio.com\/pt-br\/#website\",\"url\":\"https:\/\/theo.niranbio.com\/pt-br\/\",\"name\":\"Niranbio Chemical\",\"description\":\"\",\"publisher\":{\"@id\":\"https:\/\/theo.niranbio.com\/pt-br\/#organization\"},\"potentialAction\":[{\"@type\":\"SearchAction\",\"target\":{\"@type\":\"EntryPoint\",\"urlTemplate\":\"https:\/\/theo.niranbio.com\/pt-br\/?s={search_term_string}\"},\"query-input\":{\"@type\":\"PropertyValueSpecification\",\"valueRequired\":true,\"valueName\":\"search_term_string\"}}],\"inLanguage\":\"pt-BR\"},{\"@type\":\"Organization\",\"@id\":\"https:\/\/theo.niranbio.com\/pt-br\/#organization\",\"name\":\"Niranbio Chemical\",\"url\":\"https:\/\/theo.niranbio.com\/pt-br\/\",\"logo\":{\"@type\":\"ImageObject\",\"inLanguage\":\"pt-BR\",\"@id\":\"https:\/\/theo.niranbio.com\/pt-br\/#\/schema\/logo\/image\/\",\"url\":\"https:\/\/theo.niranbio.com\/wp-content\/uploads\/2024\/06\/Niranbio.png\",\"contentUrl\":\"https:\/\/theo.niranbio.com\/wp-content\/uploads\/2024\/06\/Niranbio.png\",\"width\":270,\"height\":100,\"caption\":\"Niranbio Chemical\"},\"image\":{\"@id\":\"https:\/\/theo.niranbio.com\/pt-br\/#\/schema\/logo\/image\/\"}}]}<\/script>\n<!-- \/ Yoast SEO plugin. -->","yoast_head_json":{"title":"Fornecedor de creme n\u00e3o l\u00e1cteo, atacado de creme org\u00e2nico n\u00e3o l\u00e1cteo a granel | Niranbio Chemical","description":"Nosso creme n\u00e3o l\u00e1cteo tem uma apar\u00eancia de p\u00f3 branco e \u00e9 geralmente usado em caf\u00e9, ch\u00e1, sobremesas, sopas e outros alimentos para aumentar o sabor do leite e a textura do creme.","robots":{"index":"noindex","follow":"follow","max-snippet":"max-snippet:-1","max-image-preview":"max-image-preview:large","max-video-preview":"max-video-preview:-1"},"twitter_misc":{"Est. tempo de leitura":"3 minutos"},"schema":{"@context":"https:\/\/schema.org","@graph":[{"@type":"WebPage","@id":"https:\/\/theo.niranbio.com\/pt-br\/creme-nao-lacteo.html","url":"https:\/\/theo.niranbio.com\/pt-br\/creme-nao-lacteo.html","name":"Fornecedor de creme n\u00e3o l\u00e1cteo, atacado de creme org\u00e2nico n\u00e3o l\u00e1cteo a granel | Niranbio Chemical","isPartOf":{"@id":"https:\/\/theo.niranbio.com\/pt-br\/#website"},"primaryImageOfPage":{"@id":"https:\/\/theo.niranbio.com\/pt-br\/creme-nao-lacteo.html#primaryimage"},"image":{"@id":"https:\/\/theo.niranbio.com\/pt-br\/creme-nao-lacteo.html#primaryimage"},"thumbnailUrl":"https:\/\/theo.niranbio.com\/wp-content\/uploads\/2024\/06\/Non-Dairy-Creamer.webp","datePublished":"2024-06-20T02:34:55+00:00","dateModified":"2024-08-13T07:58:32+00:00","description":"Nosso creme n\u00e3o l\u00e1cteo tem uma apar\u00eancia de p\u00f3 branco e \u00e9 geralmente usado em caf\u00e9, ch\u00e1, sobremesas, sopas e outros alimentos para aumentar o sabor do leite e a textura do creme.","breadcrumb":{"@id":"https:\/\/theo.niranbio.com\/pt-br\/creme-nao-lacteo.html#breadcrumb"},"inLanguage":"pt-BR","potentialAction":[{"@type":"ReadAction","target":["https:\/\/theo.niranbio.com\/pt-br\/creme-nao-lacteo.html"]}]},{"@type":"ImageObject","inLanguage":"pt-BR","@id":"https:\/\/theo.niranbio.com\/pt-br\/creme-nao-lacteo.html#primaryimage","url":"https:\/\/theo.niranbio.com\/wp-content\/uploads\/2024\/06\/Non-Dairy-Creamer.webp","contentUrl":"https:\/\/theo.niranbio.com\/wp-content\/uploads\/2024\/06\/Non-Dairy-Creamer.webp","width":600,"height":600,"caption":"Creme N\u00e3o L\u00e1cteo"},{"@type":"BreadcrumbList","@id":"https:\/\/theo.niranbio.com\/pt-br\/creme-nao-lacteo.html#breadcrumb","itemListElement":[{"@type":"ListItem","position":1,"name":"Home","item":"https:\/\/theo.niranbio.com\/pt-br\/"},{"@type":"ListItem","position":2,"name":"Produtos","item":"https:\/\/theo.niranbio.com\/pt-br\/produtos.html"},{"@type":"ListItem","position":3,"name":"Intensificador de Sabor","item":"https:\/\/theo.niranbio.com\/pt-br\/produto-intensificador-de-sabor\/"},{"@type":"ListItem","position":4,"name":"Creme n\u00e3o l\u00e1cteo"}]},{"@type":"WebSite","@id":"https:\/\/theo.niranbio.com\/pt-br\/#website","url":"https:\/\/theo.niranbio.com\/pt-br\/","name":"Niranbio Chemical","description":"","publisher":{"@id":"https:\/\/theo.niranbio.com\/pt-br\/#organization"},"potentialAction":[{"@type":"SearchAction","target":{"@type":"EntryPoint","urlTemplate":"https:\/\/theo.niranbio.com\/pt-br\/?s={search_term_string}"},"query-input":{"@type":"PropertyValueSpecification","valueRequired":true,"valueName":"search_term_string"}}],"inLanguage":"pt-BR"},{"@type":"Organization","@id":"https:\/\/theo.niranbio.com\/pt-br\/#organization","name":"Niranbio Chemical","url":"https:\/\/theo.niranbio.com\/pt-br\/","logo":{"@type":"ImageObject","inLanguage":"pt-BR","@id":"https:\/\/theo.niranbio.com\/pt-br\/#\/schema\/logo\/image\/","url":"https:\/\/theo.niranbio.com\/wp-content\/uploads\/2024\/06\/Niranbio.png","contentUrl":"https:\/\/theo.niranbio.com\/wp-content\/uploads\/2024\/06\/Niranbio.png","width":270,"height":100,"caption":"Niranbio Chemical"},"image":{"@id":"https:\/\/theo.niranbio.com\/pt-br\/#\/schema\/logo\/image\/"}}]}},"_links":{"self":[{"href":"https:\/\/theo.niranbio.com\/pt-br\/wp-json\/wp\/v2\/product\/9901","targetHints":{"allow":["GET"]}}],"collection":[{"href":"https:\/\/theo.niranbio.com\/pt-br\/wp-json\/wp\/v2\/product"}],"about":[{"href":"https:\/\/theo.niranbio.com\/pt-br\/wp-json\/wp\/v2\/types\/product"}],"version-history":[{"count":0,"href":"https:\/\/theo.niranbio.com\/pt-br\/wp-json\/wp\/v2\/product\/9901\/revisions"}],"wp:featuredmedia":[{"embeddable":true,"href":"https:\/\/theo.niranbio.com\/pt-br\/wp-json\/wp\/v2\/media\/9903"}],"wp:attachment":[{"href":"https:\/\/theo.niranbio.com\/pt-br\/wp-json\/wp\/v2\/media?parent=9901"}],"wp:term":[{"taxonomy":"product_brand","embeddable":true,"href":"https:\/\/theo.niranbio.com\/pt-br\/wp-json\/wp\/v2\/product_brand?post=9901"},{"taxonomy":"product_cat","embeddable":true,"href":"https:\/\/theo.niranbio.com\/pt-br\/wp-json\/wp\/v2\/product_cat?post=9901"},{"taxonomy":"product_tag","embeddable":true,"href":"https:\/\/theo.niranbio.com\/pt-br\/wp-json\/wp\/v2\/product_tag?post=9901"}],"curies":[{"name":"wp","href":"https:\/\/api.w.org\/{rel}","templated":true}]}}