{"id":9899,"date":"2024-06-20T10:49:29","date_gmt":"2024-06-20T02:49:29","guid":{"rendered":"https:\/\/theo.niranbio.com\/glucono-delta-lactona-gdl\/"},"modified":"2024-08-16T16:46:40","modified_gmt":"2024-08-16T08:46:40","slug":"glucono-delta-lactona-gdl","status":"publish","type":"product","link":"https:\/\/theo.niranbio.com\/pt-br\/glucono-delta-lactona-gdl.html","title":{"rendered":"Glucono Delta Lactona (GDL)"},"content":{"rendered":"<h2><span class=\"ez-toc-section\" id=\"O_que_e_Gluconolactona\"><\/span>O que \u00e9 Gluconolactona?<span class=\"ez-toc-section-end\"><\/span><\/h2>\n<p>A gluconolactona \u00e9 um composto org\u00e2nico que aparece como cristais brancos ou p\u00f3 cristalino, \u00e9 inodoro e tem primeiro sabor doce e depois amargo. Como ingrediente alimentar, desempenha muitas fun\u00e7\u00f5es. Existem tr\u00eas m\u00e9todos principais para preparar a gluconolactona na China:<\/p>\n<p>1. Converter o \u00e1cido gluc\u00f4nico em gluconolactona atrav\u00e9s de rea\u00e7\u00f5es qu\u00edmicas. Os m\u00e9todos comuns de s\u00edntese qu\u00edmica incluem rea\u00e7\u00f5es de cicliza\u00e7\u00e3o. O processo est\u00e1 maduro e possui alta efici\u00eancia de produ\u00e7\u00e3o. Tem sido amplamente utilizado em procedimentos de produ\u00e7\u00e3o.<\/p>\n<p>2. Use enzimas espec\u00edficas (como a gluconolactonase) para catalisar a rea\u00e7\u00e3o de cicliza\u00e7\u00e3o do \u00e1cido gluc\u00f4nico para produzir gluconolactona. As condi\u00e7\u00f5es de rea\u00e7\u00e3o s\u00e3o suaves, a pureza do produto \u00e9 alta e h\u00e1 poucos subprodutos, mas o custo de produ\u00e7\u00e3o \u00e9 alto porque a atividade e a estabilidade da enzima podem ser limitadas.<\/p>\n<p>3. Use microorganismos (como cepas espec\u00edficas) para fermenta\u00e7\u00e3o para fermentar o \u00e1cido gluc\u00f4nico em gluconolactona. Este m\u00e9todo de produ\u00e7\u00e3o \u00e9 apropriado para produ\u00e7\u00e3o em larga escala e \u00e9 ecol\u00f3gico e ambientalmente ben\u00e9fico. Por\u00e9m, o processo de fermenta\u00e7\u00e3o e as cepas precisam ser ajustados e o ciclo de produ\u00e7\u00e3o \u00e9 longo.<\/p>\n<h2><span class=\"ez-toc-section\" id=\"Dados_tecnicos\"><\/span>Dados t\u00e9cnicos:<span class=\"ez-toc-section-end\"><\/span><\/h2>\n<table>\n<tbody>\n<tr>\n<td>Produto<\/td>\n<td>GLUCONO DELTA LACTONA<\/td>\n<td>Padr\u00e3o de teste<\/td>\n<td>GB7657<\/td>\n<\/tr>\n<tr>\n<td>S\/N<\/td>\n<td>Itens de teste<\/td>\n<td colspan=\"2\">Requisitos padr\u00e3o<\/td>\n<\/tr>\n<tr>\n<td>1<\/td>\n<td>Teste sensorial<\/td>\n<td colspan=\"2\">Gr\u00e3os soltos secos incolores ou brancos ou p\u00f3 cristalino<\/td>\n<\/tr>\n<tr>\n<td>2<\/td>\n<td>Ensaio\/%<\/td>\n<td colspan=\"2\">\u226599.0<\/td>\n<\/tr>\n<tr>\n<td>3<\/td>\n<td>Perda na secagem\/%<\/td>\n<td colspan=\"2\">\u22641.0<\/td>\n<\/tr>\n<tr>\n<td>4<\/td>\n<td>Subst\u00e2ncia redutora\/%<\/td>\n<td colspan=\"2\">\u22640.5<\/td>\n<\/tr>\n<tr>\n<td>5<\/td>\n<td>Sulfato\/%<\/td>\n<td colspan=\"2\">\u22640.03<\/td>\n<\/tr>\n<tr>\n<td>6<\/td>\n<td>Cloreto\/%<\/td>\n<td colspan=\"2\">\u22640.02<\/td>\n<\/tr>\n<tr>\n<td>7<\/td>\n<td>Ars\u00eanio total (As)\/(mg\/kg)<\/td>\n<td colspan=\"2\">\u22643.0<\/td>\n<\/tr>\n<tr>\n<td>8<\/td>\n<td>Chumbo (Pb\/(mg\/kg)<\/td>\n<td colspan=\"2\">\u22642.0<\/td>\n<\/tr>\n<tr>\n<td>9<\/td>\n<td>Contagem total de placas\/(CFU\/g)<\/td>\n<td colspan=\"2\">\u2264300<\/td>\n<\/tr>\n<tr>\n<td>10<\/td>\n<td>Coliformes\/(MPN\/g)<\/td>\n<td colspan=\"2\">&lt;0.3<\/td>\n<\/tr>\n<tr>\n<td>11<\/td>\n<td>Mofo e levedura (UFC\/g)<\/td>\n<td colspan=\"2\">\u2264100<\/td>\n<\/tr>\n<\/tbody>\n<\/table>\n<h2><\/h2>\n<h2><span class=\"ez-toc-section\" id=\"Parametros_relacionados\"><\/span>Par\u00e2metros relacionados:<span class=\"ez-toc-section-end\"><\/span><\/h2>\n<table>\n<tbody>\n<tr>\n<td>ITENS<\/td>\n<td>PADR\u00c3O<\/td>\n<\/tr>\n<tr>\n<td>IDENTIFICA\u00c7\u00c3O<\/td>\n<td>POSITIVA<\/td>\n<\/tr>\n<tr>\n<td>GDL<\/td>\n<td>99-100.5%<\/td>\n<\/tr>\n<tr>\n<td>SOLUBILIDADE<\/td>\n<td>FACILMENTE SOL\u00daVEL EM \u00c1GUA, DIFICILMENTE SOL\u00daVEL EM ETANOL<\/td>\n<\/tr>\n<tr>\n<td>PONTO DE FUS\u00c3O<\/td>\n<td>152\u2103\u00b12<\/td>\n<\/tr>\n<tr>\n<td>UMIDADE<\/td>\n<td>\u22640.5%<\/td>\n<\/tr>\n<tr>\n<td>SUBST\u00c2NCIAS REDUTORAS (COMO D-GLUCOSE)<\/td>\n<td>\u22640.5%<\/td>\n<\/tr>\n<tr>\n<td>AS<\/td>\n<td>\u22641PPM<\/td>\n<\/tr>\n<tr>\n<td>METAL PESADO<\/td>\n<td>\u226410PPM<\/td>\n<\/tr>\n<tr>\n<td>L\u00cdDER<\/td>\n<td>\u22642PPM<\/td>\n<\/tr>\n<tr>\n<td>MERC\u00daRIO<\/td>\n<td>\u22640,1PPM<\/td>\n<\/tr>\n<tr>\n<td>CADMIUM<\/td>\n<td>\u22642PPM<\/td>\n<\/tr>\n<tr>\n<td>C\u00c1LCIO<\/td>\n<td>\u22640.05%<\/td>\n<\/tr>\n<tr>\n<td>CLORETO<\/td>\n<td>\u22640.05%<\/td>\n<\/tr>\n<tr>\n<td>SULFATOS<\/td>\n<td>\u22640.02%<\/td>\n<\/tr>\n<tr>\n<td>PERDA NA SECAGEM<\/td>\n<td>\u22641%<\/td>\n<\/tr>\n<tr>\n<td>PH<\/td>\n<td>1.5~1.8<\/td>\n<\/tr>\n<tr>\n<td>AEROBE<\/td>\n<td>50\/G MAX<\/td>\n<\/tr>\n<tr>\n<td>LEVEDURA<\/td>\n<td>10\/G MAX<\/td>\n<\/tr>\n<tr>\n<td>MOLDE<\/td>\n<td>10\/G MAX<\/td>\n<\/tr>\n<tr>\n<td>E.COLI<\/td>\n<td>N\u00c3O DISPON\u00cdVEL EM 30G<\/td>\n<\/tr>\n<tr>\n<td>SALMONELLA<\/td>\n<td>N\u00c3O DISPON\u00cdVEL EM 25G<\/td>\n<\/tr>\n<\/tbody>\n<\/table>\n<h2><span class=\"ez-toc-section\" id=\"Dosagem_recomendada\"><\/span>Dosagem recomendada:<span class=\"ez-toc-section-end\"><\/span><\/h2>\n<table>\n<tbody>\n<tr>\n<td>Nome do alimento<\/td>\n<td>Uso m\u00e1ximo (g\/kg)<\/td>\n<\/tr>\n<tr>\n<td>Condimentos<\/td>\n<td>1,0-2,0 g\/kg<\/td>\n<\/tr>\n<tr>\n<td>Produtos c\u00e1rneos<\/td>\n<td>0,5-1,5 g\/kg<\/td>\n<\/tr>\n<tr>\n<td>Bebidas<\/td>\n<td>0,1-0,5 g\/kg<\/td>\n<\/tr>\n<tr>\n<td>Iogurte<\/td>\n<td>0,1-0,3 g\/kg<\/td>\n<\/tr>\n<tr>\n<td>Produtos de panifica\u00e7\u00e3o<\/td>\n<td>0,2-0,5 g\/kg<\/td>\n<\/tr>\n<tr>\n<td>Pudim<\/td>\n<td>0,5-1,0 g\/kg<\/td>\n<\/tr>\n<tr>\n<td>Geleia<\/td>\n<td>0,5-1,0 g\/kg<\/td>\n<\/tr>\n<tr>\n<td>Produtos de queijo<\/td>\n<td>0,5-1,0 g\/kg<\/td>\n<\/tr>\n<tr>\n<td>Alimentos enlatados<\/td>\n<td>0,5-1,0 g\/kg<\/td>\n<\/tr>\n<tr>\n<td>Produtos de soja<\/td>\n<td>0,3-0,6 g\/kg<\/td>\n<\/tr>\n<tr>\n<td>Doces<\/td>\n<td>0,2-0,5 g\/kg<\/td>\n<\/tr>\n<tr>\n<td>Tempero em p\u00f3<\/td>\n<td>1,0-2,0 g\/kg<\/td>\n<\/tr>\n<tr>\n<td>\u00d3leo de tempero<\/td>\n<td>0,5-1,0 g\/kg<\/td>\n<\/tr>\n<\/tbody>\n<\/table>\n<h2><span class=\"ez-toc-section\" id=\"A_gluconolactona_tem_uma_ampla_gama_de_usos\"><\/span>A gluconolactona tem uma ampla gama de usos<span class=\"ez-toc-section-end\"><\/span><\/h2>\n<ol>\n<li>pH regulator: Food pH can be adjusted by using gluconolactone as a pH regulator. This helps maintain the stability of food and extend the shelf life.<\/li>\n<li>Stabilizer: It can stabilize the emulsion system and gel system in food, prevent separation and precipitation, and maintain the texture and consistency of the product.<\/li>\n<li>Preservative: Because of its antibacterial and preservative properties, gluconolactone helps keep food fresher longer by preventing the growth of microbes.<\/li>\n<li>Humectant: It has hygroscopic ability, which can help food stay moist and prevent drying and hardening.<\/li>\n<li>Improve taste: By adjusting the pH of food, Gluconolactone can improve the taste of food, making it softer and more palatable.<\/li>\n<li>Functional additive: As a functional additive, Gluconolactone can be used to improve the texture and stability of food, and has multiple effects at the same time.<\/li>\n<\/ol>\n<h2><span class=\"ez-toc-section\" id=\"O_usuario_fez_a_seguinte_pergunta\"><\/span>O usu\u00e1rio fez a seguinte pergunta:<span class=\"ez-toc-section-end\"><\/span><\/h2>\n<p>Pergunta: Quais vantagens a gluconolactona oferece para a pele?<\/p>\n<p>Resposta: A gluconolactona tem v\u00e1rios benef\u00edcios para a pele, incluindo hidrata\u00e7\u00e3o, esfolia\u00e7\u00e3o e melhora da textura da pele. Ela remove suavemente as c\u00e9lulas mortas da pele e estimula a renova\u00e7\u00e3o das c\u00e9lulas da pele, retendo a umidade para manter a pele lisa e flex\u00edvel. Al\u00e9m disso, a gluconolactona tem efeitos antioxidantes e calmantes, protegendo a pele de danos ambientais, reduzindo a irrita\u00e7\u00e3o e melhorando o brilho e a sa\u00fade geral da pele.<\/p>\n<p>Pergunta: A gluconolactona \u00e9 melhor que o \u00e1cido glic\u00f3lico?<\/p>\n<p>Resposta: A vantagem da gluconolactona sobre o \u00e1cido glic\u00f3lico \u00e9 sua suavidade e efeito hidratante. Ela n\u00e3o apenas remove efetivamente as c\u00e9lulas mortas da pele, mas tamb\u00e9m tem excelentes efeitos hidratantes e calmantes, tornando-a adequada para peles sens\u00edveis e secas. As propriedades antioxidantes da gluconolactona ajudam ainda mais a melhorar a sa\u00fade da pele, ao mesmo tempo em que reduzem a irrita\u00e7\u00e3o, tornando-a um ingrediente de cuidados com a pele mais amig\u00e1vel \u00e0 pele.<\/p>\n","protected":false},"excerpt":{"rendered":"<ul>\n<li>CAS: 90-80-2<\/li>\n<li>F\u00f3rmula qu\u00edmica: C6H10O6<\/li>\n<li>Certifica\u00e7\u00f5es: KOSHER, ISO, HALAL, FSSC22000, BRC, etc.<\/li>\n<li>Padr\u00e3o:<\/li>\n<li>Quantidade m\u00ednima do pedido: 1000KG<\/li>\n<li>Prazo de validade: 2 anos<\/li>\n<\/ul>\n","protected":false},"featured_media":9900,"template":"","meta":{"site-sidebar-layout":"default","site-content-layout":"","ast-site-content-layout":"default","site-content-style":"default","site-sidebar-style":"default","ast-global-header-display":"","ast-banner-title-visibility":"","ast-main-header-display":"","ast-hfb-above-header-display":"","ast-hfb-below-header-display":"","ast-hfb-mobile-header-display":"","site-post-title":"","ast-breadcrumbs-content":"","ast-featured-img":"","footer-sml-layout":"","theme-transparent-header-meta":"default","adv-header-id-meta":"","stick-header-meta":"","header-above-stick-meta":"","header-main-stick-meta":"","header-below-stick-meta":"","astra-migrate-meta-layouts":"set","ast-page-background-enabled":"default","ast-page-background-meta":{"desktop":{"background-color":"var(--ast-global-color-4)","background-image":"","background-repeat":"repeat","background-position":"center center","background-size":"auto","background-attachment":"scroll","background-type":"","background-media":"","overlay-type":"","overlay-color":"","overlay-opacity":"","overlay-gradient":""},"tablet":{"background-color":"","background-image":"","background-repeat":"repeat","background-position":"center center","background-size":"auto","background-attachment":"scroll","background-type":"","background-media":"","overlay-type":"","overlay-color":"","overlay-opacity":"","overlay-gradient":""},"mobile":{"background-color":"","background-image":"","background-repeat":"repeat","background-position":"center center","background-size":"auto","background-attachment":"scroll","background-type":"","background-media":"","overlay-type":"","overlay-color":"","overlay-opacity":"","overlay-gradient":""}},"ast-content-background-meta":{"desktop":{"background-color":"var(--ast-global-color-5)","background-image":"","background-repeat":"repeat","background-position":"center center","background-size":"auto","background-attachment":"scroll","background-type":"","background-media":"","overlay-type":"","overlay-color":"","overlay-opacity":"","overlay-gradient":""},"tablet":{"background-color":"var(--ast-global-color-5)","background-image":"","background-repeat":"repeat","background-position":"center center","background-size":"auto","background-attachment":"scroll","background-type":"","background-media":"","overlay-type":"","overlay-color":"","overlay-opacity":"","overlay-gradient":""},"mobile":{"background-color":"var(--ast-global-color-5)","background-image":"","background-repeat":"repeat","background-position":"center center","background-size":"auto","background-attachment":"scroll","background-type":"","background-media":"","overlay-type":"","overlay-color":"","overlay-opacity":"","overlay-gradient":""}}},"product_brand":[],"product_cat":[87],"product_tag":[],"class_list":{"0":"post-9899","1":"product","2":"type-product","3":"status-publish","4":"has-post-thumbnail","6":"product_cat-produto-intensificador-de-sabor","7":"desktop-align-center","8":"tablet-align-left","9":"mobile-align-left","11":"first","12":"instock","13":"shipping-taxable","14":"product-type-simple"},"yoast_head":"<!-- This site is optimized with the Yoast SEO plugin v26.5 - https:\/\/yoast.com\/wordpress\/plugins\/seo\/ -->\n<title>Glucono Delta Lactona fornecedor, grau aliment\u00edcio GDL p\u00f3 | Niranbio Chemical<\/title>\n<meta name=\"description\" content=\"Nossa glucono delta lactona (E575) aparece como cristais brancos ou p\u00f3 cristalino, \u00e9 inodora e tem gosto doce primeiro e depois amargo.\" \/>\n<meta name=\"robots\" content=\"noindex, follow, max-snippet:-1, max-image-preview:large, max-video-preview:-1\" \/>\n<meta name=\"twitter:label1\" content=\"Est. tempo de leitura\" \/>\n\t<meta name=\"twitter:data1\" content=\"4 minutos\" \/>\n<script type=\"application\/ld+json\" class=\"yoast-schema-graph\">{\"@context\":\"https:\/\/schema.org\",\"@graph\":[{\"@type\":\"WebPage\",\"@id\":\"https:\/\/theo.niranbio.com\/pt-br\/glucono-delta-lactona-gdl.html\",\"url\":\"https:\/\/theo.niranbio.com\/pt-br\/glucono-delta-lactona-gdl.html\",\"name\":\"Glucono Delta Lactona fornecedor, grau aliment\u00edcio GDL p\u00f3 | Niranbio Chemical\",\"isPartOf\":{\"@id\":\"https:\/\/theo.niranbio.com\/pt-br\/#website\"},\"primaryImageOfPage\":{\"@id\":\"https:\/\/theo.niranbio.com\/pt-br\/glucono-delta-lactona-gdl.html#primaryimage\"},\"image\":{\"@id\":\"https:\/\/theo.niranbio.com\/pt-br\/glucono-delta-lactona-gdl.html#primaryimage\"},\"thumbnailUrl\":\"https:\/\/theo.niranbio.com\/wp-content\/uploads\/2024\/06\/GDL-Glucono-Delta-Lactone.webp\",\"datePublished\":\"2024-06-20T02:49:29+00:00\",\"dateModified\":\"2024-08-16T08:46:40+00:00\",\"description\":\"Nossa glucono delta lactona (E575) aparece como cristais brancos ou p\u00f3 cristalino, \u00e9 inodora e tem gosto doce primeiro e depois amargo.\",\"breadcrumb\":{\"@id\":\"https:\/\/theo.niranbio.com\/pt-br\/glucono-delta-lactona-gdl.html#breadcrumb\"},\"inLanguage\":\"pt-BR\",\"potentialAction\":[{\"@type\":\"ReadAction\",\"target\":[\"https:\/\/theo.niranbio.com\/pt-br\/glucono-delta-lactona-gdl.html\"]}]},{\"@type\":\"ImageObject\",\"inLanguage\":\"pt-BR\",\"@id\":\"https:\/\/theo.niranbio.com\/pt-br\/glucono-delta-lactona-gdl.html#primaryimage\",\"url\":\"https:\/\/theo.niranbio.com\/wp-content\/uploads\/2024\/06\/GDL-Glucono-Delta-Lactone.webp\",\"contentUrl\":\"https:\/\/theo.niranbio.com\/wp-content\/uploads\/2024\/06\/GDL-Glucono-Delta-Lactone.webp\",\"width\":600,\"height\":600,\"caption\":\"Glucono Delta Lactona\"},{\"@type\":\"BreadcrumbList\",\"@id\":\"https:\/\/theo.niranbio.com\/pt-br\/glucono-delta-lactona-gdl.html#breadcrumb\",\"itemListElement\":[{\"@type\":\"ListItem\",\"position\":1,\"name\":\"Home\",\"item\":\"https:\/\/theo.niranbio.com\/pt-br\/\"},{\"@type\":\"ListItem\",\"position\":2,\"name\":\"Produtos\",\"item\":\"https:\/\/theo.niranbio.com\/pt-br\/produtos.html\"},{\"@type\":\"ListItem\",\"position\":3,\"name\":\"Intensificador de Sabor\",\"item\":\"https:\/\/theo.niranbio.com\/pt-br\/produto-intensificador-de-sabor\/\"},{\"@type\":\"ListItem\",\"position\":4,\"name\":\"Glucono Delta Lactona (GDL)\"}]},{\"@type\":\"WebSite\",\"@id\":\"https:\/\/theo.niranbio.com\/pt-br\/#website\",\"url\":\"https:\/\/theo.niranbio.com\/pt-br\/\",\"name\":\"Niranbio Chemical\",\"description\":\"\",\"publisher\":{\"@id\":\"https:\/\/theo.niranbio.com\/pt-br\/#organization\"},\"potentialAction\":[{\"@type\":\"SearchAction\",\"target\":{\"@type\":\"EntryPoint\",\"urlTemplate\":\"https:\/\/theo.niranbio.com\/pt-br\/?s={search_term_string}\"},\"query-input\":{\"@type\":\"PropertyValueSpecification\",\"valueRequired\":true,\"valueName\":\"search_term_string\"}}],\"inLanguage\":\"pt-BR\"},{\"@type\":\"Organization\",\"@id\":\"https:\/\/theo.niranbio.com\/pt-br\/#organization\",\"name\":\"Niranbio Chemical\",\"url\":\"https:\/\/theo.niranbio.com\/pt-br\/\",\"logo\":{\"@type\":\"ImageObject\",\"inLanguage\":\"pt-BR\",\"@id\":\"https:\/\/theo.niranbio.com\/pt-br\/#\/schema\/logo\/image\/\",\"url\":\"https:\/\/theo.niranbio.com\/wp-content\/uploads\/2024\/06\/Niranbio.png\",\"contentUrl\":\"https:\/\/theo.niranbio.com\/wp-content\/uploads\/2024\/06\/Niranbio.png\",\"width\":270,\"height\":100,\"caption\":\"Niranbio Chemical\"},\"image\":{\"@id\":\"https:\/\/theo.niranbio.com\/pt-br\/#\/schema\/logo\/image\/\"}}]}<\/script>\n<!-- \/ Yoast SEO plugin. -->","yoast_head_json":{"title":"Glucono Delta Lactona fornecedor, grau aliment\u00edcio GDL p\u00f3 | Niranbio Chemical","description":"Nossa glucono delta lactona (E575) aparece como cristais brancos ou p\u00f3 cristalino, \u00e9 inodora e tem gosto doce primeiro e depois amargo.","robots":{"index":"noindex","follow":"follow","max-snippet":"max-snippet:-1","max-image-preview":"max-image-preview:large","max-video-preview":"max-video-preview:-1"},"twitter_misc":{"Est. tempo de leitura":"4 minutos"},"schema":{"@context":"https:\/\/schema.org","@graph":[{"@type":"WebPage","@id":"https:\/\/theo.niranbio.com\/pt-br\/glucono-delta-lactona-gdl.html","url":"https:\/\/theo.niranbio.com\/pt-br\/glucono-delta-lactona-gdl.html","name":"Glucono Delta Lactona fornecedor, grau aliment\u00edcio GDL p\u00f3 | Niranbio Chemical","isPartOf":{"@id":"https:\/\/theo.niranbio.com\/pt-br\/#website"},"primaryImageOfPage":{"@id":"https:\/\/theo.niranbio.com\/pt-br\/glucono-delta-lactona-gdl.html#primaryimage"},"image":{"@id":"https:\/\/theo.niranbio.com\/pt-br\/glucono-delta-lactona-gdl.html#primaryimage"},"thumbnailUrl":"https:\/\/theo.niranbio.com\/wp-content\/uploads\/2024\/06\/GDL-Glucono-Delta-Lactone.webp","datePublished":"2024-06-20T02:49:29+00:00","dateModified":"2024-08-16T08:46:40+00:00","description":"Nossa glucono delta lactona (E575) aparece como cristais brancos ou p\u00f3 cristalino, \u00e9 inodora e tem gosto doce primeiro e depois amargo.","breadcrumb":{"@id":"https:\/\/theo.niranbio.com\/pt-br\/glucono-delta-lactona-gdl.html#breadcrumb"},"inLanguage":"pt-BR","potentialAction":[{"@type":"ReadAction","target":["https:\/\/theo.niranbio.com\/pt-br\/glucono-delta-lactona-gdl.html"]}]},{"@type":"ImageObject","inLanguage":"pt-BR","@id":"https:\/\/theo.niranbio.com\/pt-br\/glucono-delta-lactona-gdl.html#primaryimage","url":"https:\/\/theo.niranbio.com\/wp-content\/uploads\/2024\/06\/GDL-Glucono-Delta-Lactone.webp","contentUrl":"https:\/\/theo.niranbio.com\/wp-content\/uploads\/2024\/06\/GDL-Glucono-Delta-Lactone.webp","width":600,"height":600,"caption":"Glucono Delta Lactona"},{"@type":"BreadcrumbList","@id":"https:\/\/theo.niranbio.com\/pt-br\/glucono-delta-lactona-gdl.html#breadcrumb","itemListElement":[{"@type":"ListItem","position":1,"name":"Home","item":"https:\/\/theo.niranbio.com\/pt-br\/"},{"@type":"ListItem","position":2,"name":"Produtos","item":"https:\/\/theo.niranbio.com\/pt-br\/produtos.html"},{"@type":"ListItem","position":3,"name":"Intensificador de Sabor","item":"https:\/\/theo.niranbio.com\/pt-br\/produto-intensificador-de-sabor\/"},{"@type":"ListItem","position":4,"name":"Glucono Delta Lactona (GDL)"}]},{"@type":"WebSite","@id":"https:\/\/theo.niranbio.com\/pt-br\/#website","url":"https:\/\/theo.niranbio.com\/pt-br\/","name":"Niranbio Chemical","description":"","publisher":{"@id":"https:\/\/theo.niranbio.com\/pt-br\/#organization"},"potentialAction":[{"@type":"SearchAction","target":{"@type":"EntryPoint","urlTemplate":"https:\/\/theo.niranbio.com\/pt-br\/?s={search_term_string}"},"query-input":{"@type":"PropertyValueSpecification","valueRequired":true,"valueName":"search_term_string"}}],"inLanguage":"pt-BR"},{"@type":"Organization","@id":"https:\/\/theo.niranbio.com\/pt-br\/#organization","name":"Niranbio Chemical","url":"https:\/\/theo.niranbio.com\/pt-br\/","logo":{"@type":"ImageObject","inLanguage":"pt-BR","@id":"https:\/\/theo.niranbio.com\/pt-br\/#\/schema\/logo\/image\/","url":"https:\/\/theo.niranbio.com\/wp-content\/uploads\/2024\/06\/Niranbio.png","contentUrl":"https:\/\/theo.niranbio.com\/wp-content\/uploads\/2024\/06\/Niranbio.png","width":270,"height":100,"caption":"Niranbio Chemical"},"image":{"@id":"https:\/\/theo.niranbio.com\/pt-br\/#\/schema\/logo\/image\/"}}]}},"_links":{"self":[{"href":"https:\/\/theo.niranbio.com\/pt-br\/wp-json\/wp\/v2\/product\/9899","targetHints":{"allow":["GET"]}}],"collection":[{"href":"https:\/\/theo.niranbio.com\/pt-br\/wp-json\/wp\/v2\/product"}],"about":[{"href":"https:\/\/theo.niranbio.com\/pt-br\/wp-json\/wp\/v2\/types\/product"}],"version-history":[{"count":0,"href":"https:\/\/theo.niranbio.com\/pt-br\/wp-json\/wp\/v2\/product\/9899\/revisions"}],"wp:featuredmedia":[{"embeddable":true,"href":"https:\/\/theo.niranbio.com\/pt-br\/wp-json\/wp\/v2\/media\/9900"}],"wp:attachment":[{"href":"https:\/\/theo.niranbio.com\/pt-br\/wp-json\/wp\/v2\/media?parent=9899"}],"wp:term":[{"taxonomy":"product_brand","embeddable":true,"href":"https:\/\/theo.niranbio.com\/pt-br\/wp-json\/wp\/v2\/product_brand?post=9899"},{"taxonomy":"product_cat","embeddable":true,"href":"https:\/\/theo.niranbio.com\/pt-br\/wp-json\/wp\/v2\/product_cat?post=9899"},{"taxonomy":"product_tag","embeddable":true,"href":"https:\/\/theo.niranbio.com\/pt-br\/wp-json\/wp\/v2\/product_tag?post=9899"}],"curies":[{"name":"wp","href":"https:\/\/api.w.org\/{rel}","templated":true}]}}