{"id":9884,"date":"2024-06-20T10:51:43","date_gmt":"2024-06-20T02:51:43","guid":{"rendered":"https:\/\/theo.niranbio.com\/proteina-vegetal-hidrolisada\/"},"modified":"2024-08-13T15:48:24","modified_gmt":"2024-08-13T07:48:24","slug":"proteina-vegetal-hidrolisada","status":"publish","type":"product","link":"https:\/\/theo.niranbio.com\/pt-br\/proteina-vegetal-hidrolisada.html","title":{"rendered":"Prote\u00edna Vegetal Hidrolisada"},"content":{"rendered":"<h2><span class=\"ez-toc-section\" id=\"O_que_e_Proteina_Vegetal_Hidrolisada\"><\/span>O que \u00e9 Prote\u00edna Vegetal Hidrolisada?<span class=\"ez-toc-section-end\"><\/span><\/h2>\n<p>A prote\u00edna vegetal hidrolisa quando \u00e9 catalisada por \u00e1cido, produzindo prote\u00edna vegetal hidrolisada. Tem uma apar\u00eancia de p\u00f3 amarelo claro a amarelo-marrom. Tamb\u00e9m \u00e9 conhecido como l\u00edquido de amino\u00e1cidos, pois os amino\u00e1cidos constituem a maior parte de seu conte\u00fado. Suas principais aplica\u00e7\u00f5es s\u00e3o na produ\u00e7\u00e3o de mat\u00e9rias-primas para dar sabor \u00e0 carne e ingredientes b\u00e1sicos para temperos complexos e refei\u00e7\u00f5es fortificadas.<\/p>\n<p>Existem tr\u00eas processos principais de prepara\u00e7\u00e3o para prote\u00edna vegetal hidrolisada na China:<\/p>\n<p>1. Usar \u00e1cido forte (como \u00e1cido clor\u00eddrico) para hidrolisar prote\u00edna vegetal em amino\u00e1cidos e pept\u00eddeos curtos em alta temperatura. Este m\u00e9todo funciona bem para produ\u00e7\u00e3o industrial em grande escala e \u00e9 r\u00e1pido. A desvantagem \u00e9 que alguns subprodutos prejudiciais \u00e0 sa\u00fade (como cloropropanol) podem ser produzidos, os quais precisam ser removidos por tratamento subsequente.<\/p>\n<p>2. Usar \u00e1lcali forte (como hidr\u00f3xido de s\u00f3dio) para hidrolisar prote\u00edna vegetal em amino\u00e1cidos e pept\u00eddeos curtos em alta temperatura. A vantagem desse processo \u00e9 que a opera\u00e7\u00e3o \u00e9 relativamente simples e \u00e9 adequada para certas mat\u00e9rias-primas espec\u00edficas de prote\u00edna vegetal, mas pode fazer com que alguns amino\u00e1cidos se degradem ou produzam sabores ruins, e as condi\u00e7\u00f5es de rea\u00e7\u00e3o precisam ser controladas.<\/p>\n<p>3. Usar biocatalisadores como proteases para decompor prote\u00ednas vegetais em amino\u00e1cidos e pept\u00eddeos curtos em condi\u00e7\u00f5es adequadas de temperatura e pH. Este processo de prepara\u00e7\u00e3o tem uma rea\u00e7\u00e3o suave, n\u00e3o \u00e9 f\u00e1cil produzir subprodutos prejudiciais, e o sabor e a nutri\u00e7\u00e3o do produto s\u00e3o bem preservados. \u00c9 tamb\u00e9m o m\u00e9todo de prepara\u00e7\u00e3o mais popular e principal na China.<\/p>\n<h2><span class=\"ez-toc-section\" id=\"Parametros_relacionados\"><\/span>Par\u00e2metros relacionados:<span class=\"ez-toc-section-end\"><\/span><\/h2>\n<table>\n<tbody>\n<tr>\n<td>ITENS<\/td>\n<td>PADR\u00c3O<\/td>\n<\/tr>\n<tr>\n<td>Perfil<\/td>\n<td>Sabor neutro<\/td>\n<\/tr>\n<tr>\n<td>Sabor<\/td>\n<td>Salgado com gosto de umami<\/td>\n<\/tr>\n<tr>\n<td>Nitrog\u00eanio total (%)<\/td>\n<td>Salgado com gosto de umami<\/td>\n<\/tr>\n<tr>\n<td>Nitrog\u00eanio Amino (%)<\/td>\n<td>\u22654.0<\/td>\n<\/tr>\n<tr>\n<td>Sal (%)<\/td>\n<td>\u22652.5<\/td>\n<\/tr>\n<tr>\n<td>Umidade (%)<\/td>\n<td>\u226442<\/td>\n<\/tr>\n<tr>\n<td>Cinzas (%)<\/td>\n<td>\u22647.0<\/td>\n<\/tr>\n<tr>\n<td>3-Cloro-1,2-Propanodiol (Mg\/Kg)<\/td>\n<td>\u226450<\/td>\n<\/tr>\n<tr>\n<td>Chumbo (Pb) (mg\/kg)<\/td>\n<td>\u22641.0<\/td>\n<\/tr>\n<tr>\n<td>Ars\u00eanio (As) (mg\/kg)<\/td>\n<td>\u22640.5<\/td>\n<\/tr>\n<tr>\n<td>Total de metais pesados (mg\/kg)<\/td>\n<td>\u226410<\/td>\n<\/tr>\n<tr>\n<td>PADR\u00c3O Contagem de placas (ufc\/g)<\/td>\n<td>\u226410000<\/td>\n<\/tr>\n<tr>\n<td>Coliformes (Mpn\/G)<\/td>\n<td>\u22643<\/td>\n<\/tr>\n<tr>\n<td>E.Coli \/ 10g<\/td>\n<td>Negativo<\/td>\n<\/tr>\n<tr>\n<td>Levedura e bolor (ufc\/g)<\/td>\n<td>\u226450<\/td>\n<\/tr>\n<tr>\n<td>Salmonella \/25g<\/td>\n<td>Negativo<\/td>\n<\/tr>\n<tr>\n<td>Pat\u00f3geno \/10g<\/td>\n<td>Negativo<\/td>\n<\/tr>\n<\/tbody>\n<\/table>\n<h2><span class=\"ez-toc-section\" id=\"Dosagem_recomendada\"><\/span>Dosagem recomendada:<span class=\"ez-toc-section-end\"><\/span><\/h2>\n<table>\n<tbody>\n<tr>\n<td>Nome do alimento<\/td>\n<td>Uso m\u00e1ximo (g\/kg)<\/td>\n<\/tr>\n<tr>\n<td>Molho de tempero<\/td>\n<td>2,0-4,0 g\/kg<\/td>\n<\/tr>\n<tr>\n<td>Produtos c\u00e1rneos<\/td>\n<td>1,0-2,5 g\/kg<\/td>\n<\/tr>\n<tr>\n<td>Geleia<\/td>\n<td>0,5-1,5 g\/kg<\/td>\n<\/tr>\n<tr>\n<td>Tempero em p\u00f3<\/td>\n<td>3,0-6,0 g\/kg<\/td>\n<\/tr>\n<tr>\n<td>Leite vegetal<\/td>\n<td>0,2-0,5 g\/kg<\/td>\n<\/tr>\n<tr>\n<td>Molho<\/td>\n<td>1,0-2,0 g\/kg<\/td>\n<\/tr>\n<tr>\n<td>Produtos de queijo<\/td>\n<td>1,0-2,0 g\/kg<\/td>\n<\/tr>\n<tr>\n<td>Produtos de peixe<\/td>\n<td>1,0-2,0 g\/kg<\/td>\n<\/tr>\n<tr>\n<td>Doces<\/td>\n<td>0,5-1,0 g\/kg<\/td>\n<\/tr>\n<tr>\n<td>Produtos de panifica\u00e7\u00e3o<\/td>\n<td>0,5-1,0 g\/kg<\/td>\n<\/tr>\n<tr>\n<td>Cereais matinais<\/td>\n<td>0,5-1,0 g\/kg<\/td>\n<\/tr>\n<\/tbody>\n<\/table>\n<h2><span class=\"ez-toc-section\" id=\"A_proteina_vegetal_hidrolisada_tem_uma_ampla_gama_de_usos\"><\/span>A prote\u00edna vegetal hidrolisada tem uma ampla gama de usos<span class=\"ez-toc-section-end\"><\/span><\/h2>\n<p>1. Melhorar o sabor: A prote\u00edna vegetal hidrolisada (HVP) tem uma variedade de fun\u00e7\u00f5es importantes e \u00e9 amplamente utilizada na ind\u00fastria aliment\u00edcia. Primeiro, a HVP pode melhorar significativamente o sabor dos alimentos, melhorar o sabor umami dos alimentos e torn\u00e1-los mais deliciosos. Esta propriedade torna o HVP um aditivo comum em condimentos e alimentos prontos para consumo, o que pode melhorar o sabor e a experi\u00eancia do sabor do produto.<\/p>\n<p>2. Melhorar o sabor: o HVP pode melhorar a textura e o sabor dos alimentos, tornando-os mais suaves e ricos. Especialmente em produtos de carne e produtos assados, o HVP pode real\u00e7ar o sabor da carne e melhorar a textura dos produtos assados, tornando esses alimentos mais atraentes para os consumidores.<\/p>\n<p>3. Espessamento e estabilidade: o HVP tem efeitos espessantes e estabilizadores, o que pode aumentar a viscosidade e a estabilidade estrutural dos alimentos e evitar a separa\u00e7\u00e3o ou precipita\u00e7\u00e3o. Isso faz com que o HVP desempenhe um papel importante em condimentos e alimentos prontos para consumo, garantindo a consist\u00eancia e a estabilidade dos produtos durante o processamento e armazenamento.<\/p>\n<p>4. Ajustar o sabor: o HVP pode ajustar o sabor dos alimentos, equilibrar v\u00e1rios sabores, como azedo, doce, amargo e picante, e tornar o sabor geral dos alimentos mais harmonioso. Ele tamb\u00e9m pode mascarar o gosto ruim ou odor nas mat\u00e9rias-primas e melhorar a palatabilidade e o n\u00edvel de sabor dos alimentos.<\/p>\n<p>5. Suplemento nutricional: HVP cont\u00e9m uma variedade de amino\u00e1cidos, que podem ser usados \u200b\u200bcomo suplemento nutricional em alimentos para aumentar o valor nutricional dos alimentos. Isso faz com que HVP tenha um efeito de suplemento nutricional adicional em bebidas funcionais e produtos de soja, atendendo \u00e0s necessidades dos consumidores por nutri\u00e7\u00e3o e sa\u00fade.<\/p>\n<h2><span class=\"ez-toc-section\" id=\"O_usuario_fez_a_seguinte_pergunta\"><\/span>O usu\u00e1rio fez a seguinte pergunta:<span class=\"ez-toc-section-end\"><\/span><\/h2>\n<p>Pergunta: Quais s\u00e3o os benef\u00edcios da prote\u00edna vegetal hidrolisada para o corpo?<\/p>\n<p>Resposta: A prote\u00edna vegetal hidrolisada (HVP) fornece amino\u00e1cidos facilmente absorvidos que ajudam a impulsionar o sistema imunol\u00f3gico, melhorar a sa\u00fade digestiva, apoiar o reparo muscular e promover a sa\u00fade geral. \u00c9 adequado para pessoas com m\u00e1 digest\u00e3o ou alergias a prote\u00ednas vegetais comuns e pode melhorar a for\u00e7a f\u00edsica e o desempenho atl\u00e9tico.<\/p>\n","protected":false},"excerpt":{"rendered":"<ul>\n<li>CAS: 100209-45-8<\/li>\n<li>F\u00f3rmula qu\u00edmica: \/<\/li>\n<li>Certifica\u00e7\u00f5es: KOSHER, ISO, HALAL, FSSC 22000, BRC, etc.<\/li>\n<li>Padr\u00e3o:<\/li>\n<li>Quantidade m\u00ednima do pedido: 1000KG<\/li>\n<li>Prazo de validade: 2 anos<\/li>\n<\/ul>\n","protected":false},"featured_media":9885,"template":"","meta":{"site-sidebar-layout":"default","site-content-layout":"","ast-site-content-layout":"default","site-content-style":"default","site-sidebar-style":"default","ast-global-header-display":"","ast-banner-title-visibility":"","ast-main-header-display":"","ast-hfb-above-header-display":"","ast-hfb-below-header-display":"","ast-hfb-mobile-header-display":"","site-post-title":"","ast-breadcrumbs-content":"","ast-featured-img":"","footer-sml-layout":"","theme-transparent-header-meta":"default","adv-header-id-meta":"","stick-header-meta":"","header-above-stick-meta":"","header-main-stick-meta":"","header-below-stick-meta":"","astra-migrate-meta-layouts":"set","ast-page-background-enabled":"default","ast-page-background-meta":{"desktop":{"background-color":"var(--ast-global-color-4)","background-image":"","background-repeat":"repeat","background-position":"center center","background-size":"auto","background-attachment":"scroll","background-type":"","background-media":"","overlay-type":"","overlay-color":"","overlay-opacity":"","overlay-gradient":""},"tablet":{"background-color":"","background-image":"","background-repeat":"repeat","background-position":"center center","background-size":"auto","background-attachment":"scroll","background-type":"","background-media":"","overlay-type":"","overlay-color":"","overlay-opacity":"","overlay-gradient":""},"mobile":{"background-color":"","background-image":"","background-repeat":"repeat","background-position":"center center","background-size":"auto","background-attachment":"scroll","background-type":"","background-media":"","overlay-type":"","overlay-color":"","overlay-opacity":"","overlay-gradient":""}},"ast-content-background-meta":{"desktop":{"background-color":"var(--ast-global-color-5)","background-image":"","background-repeat":"repeat","background-position":"center center","background-size":"auto","background-attachment":"scroll","background-type":"","background-media":"","overlay-type":"","overlay-color":"","overlay-opacity":"","overlay-gradient":""},"tablet":{"background-color":"var(--ast-global-color-5)","background-image":"","background-repeat":"repeat","background-position":"center center","background-size":"auto","background-attachment":"scroll","background-type":"","background-media":"","overlay-type":"","overlay-color":"","overlay-opacity":"","overlay-gradient":""},"mobile":{"background-color":"var(--ast-global-color-5)","background-image":"","background-repeat":"repeat","background-position":"center center","background-size":"auto","background-attachment":"scroll","background-type":"","background-media":"","overlay-type":"","overlay-color":"","overlay-opacity":"","overlay-gradient":""}}},"product_brand":[],"product_cat":[87],"product_tag":[],"class_list":{"0":"post-9884","1":"product","2":"type-product","3":"status-publish","4":"has-post-thumbnail","6":"product_cat-produto-intensificador-de-sabor","7":"desktop-align-center","8":"tablet-align-left","9":"mobile-align-left","11":"first","12":"instock","13":"shipping-taxable","14":"product-type-simple"},"yoast_head":"<!-- This site is optimized with the Yoast SEO plugin v26.5 - https:\/\/yoast.com\/wordpress\/plugins\/seo\/ -->\n<title>Fabricante de prote\u00edna vegetal hidrolisada, p\u00f3 HVP de grau aliment\u00edcio | Niranbio Chemical<\/title>\n<meta name=\"description\" content=\"Nossa prote\u00edna vegetal hidrolisada tem uma apar\u00eancia de p\u00f3 amarelo claro a amarelo-marrom, \u00e9 usada na produ\u00e7\u00e3o de mat\u00e9rias-primas para dar sabor \u00e0 carne.\" \/>\n<meta name=\"robots\" content=\"noindex, follow, max-snippet:-1, max-image-preview:large, max-video-preview:-1\" \/>\n<meta name=\"twitter:label1\" content=\"Est. tempo de leitura\" \/>\n\t<meta name=\"twitter:data1\" content=\"4 minutos\" \/>\n<script type=\"application\/ld+json\" class=\"yoast-schema-graph\">{\"@context\":\"https:\/\/schema.org\",\"@graph\":[{\"@type\":\"WebPage\",\"@id\":\"https:\/\/theo.niranbio.com\/pt-br\/proteina-vegetal-hidrolisada.html\",\"url\":\"https:\/\/theo.niranbio.com\/pt-br\/proteina-vegetal-hidrolisada.html\",\"name\":\"Fabricante de prote\u00edna vegetal hidrolisada, p\u00f3 HVP de grau aliment\u00edcio | Niranbio Chemical\",\"isPartOf\":{\"@id\":\"https:\/\/theo.niranbio.com\/pt-br\/#website\"},\"primaryImageOfPage\":{\"@id\":\"https:\/\/theo.niranbio.com\/pt-br\/proteina-vegetal-hidrolisada.html#primaryimage\"},\"image\":{\"@id\":\"https:\/\/theo.niranbio.com\/pt-br\/proteina-vegetal-hidrolisada.html#primaryimage\"},\"thumbnailUrl\":\"https:\/\/theo.niranbio.com\/wp-content\/uploads\/2024\/06\/Hydrolyzed-Vegetable-Protein.webp\",\"datePublished\":\"2024-06-20T02:51:43+00:00\",\"dateModified\":\"2024-08-13T07:48:24+00:00\",\"description\":\"Nossa prote\u00edna vegetal hidrolisada tem uma apar\u00eancia de p\u00f3 amarelo claro a amarelo-marrom, \u00e9 usada na produ\u00e7\u00e3o de mat\u00e9rias-primas para dar sabor \u00e0 carne.\",\"breadcrumb\":{\"@id\":\"https:\/\/theo.niranbio.com\/pt-br\/proteina-vegetal-hidrolisada.html#breadcrumb\"},\"inLanguage\":\"pt-BR\",\"potentialAction\":[{\"@type\":\"ReadAction\",\"target\":[\"https:\/\/theo.niranbio.com\/pt-br\/proteina-vegetal-hidrolisada.html\"]}]},{\"@type\":\"ImageObject\",\"inLanguage\":\"pt-BR\",\"@id\":\"https:\/\/theo.niranbio.com\/pt-br\/proteina-vegetal-hidrolisada.html#primaryimage\",\"url\":\"https:\/\/theo.niranbio.com\/wp-content\/uploads\/2024\/06\/Hydrolyzed-Vegetable-Protein.webp\",\"contentUrl\":\"https:\/\/theo.niranbio.com\/wp-content\/uploads\/2024\/06\/Hydrolyzed-Vegetable-Protein.webp\",\"width\":600,\"height\":600,\"caption\":\"Prote\u00edna Vegetal Hidrolisada\"},{\"@type\":\"BreadcrumbList\",\"@id\":\"https:\/\/theo.niranbio.com\/pt-br\/proteina-vegetal-hidrolisada.html#breadcrumb\",\"itemListElement\":[{\"@type\":\"ListItem\",\"position\":1,\"name\":\"Home\",\"item\":\"https:\/\/theo.niranbio.com\/pt-br\/\"},{\"@type\":\"ListItem\",\"position\":2,\"name\":\"Produtos\",\"item\":\"https:\/\/theo.niranbio.com\/pt-br\/produtos.html\"},{\"@type\":\"ListItem\",\"position\":3,\"name\":\"Intensificador de Sabor\",\"item\":\"https:\/\/theo.niranbio.com\/pt-br\/produto-intensificador-de-sabor\/\"},{\"@type\":\"ListItem\",\"position\":4,\"name\":\"Prote\u00edna Vegetal Hidrolisada\"}]},{\"@type\":\"WebSite\",\"@id\":\"https:\/\/theo.niranbio.com\/pt-br\/#website\",\"url\":\"https:\/\/theo.niranbio.com\/pt-br\/\",\"name\":\"Niranbio Chemical\",\"description\":\"\",\"publisher\":{\"@id\":\"https:\/\/theo.niranbio.com\/pt-br\/#organization\"},\"potentialAction\":[{\"@type\":\"SearchAction\",\"target\":{\"@type\":\"EntryPoint\",\"urlTemplate\":\"https:\/\/theo.niranbio.com\/pt-br\/?s={search_term_string}\"},\"query-input\":{\"@type\":\"PropertyValueSpecification\",\"valueRequired\":true,\"valueName\":\"search_term_string\"}}],\"inLanguage\":\"pt-BR\"},{\"@type\":\"Organization\",\"@id\":\"https:\/\/theo.niranbio.com\/pt-br\/#organization\",\"name\":\"Niranbio Chemical\",\"url\":\"https:\/\/theo.niranbio.com\/pt-br\/\",\"logo\":{\"@type\":\"ImageObject\",\"inLanguage\":\"pt-BR\",\"@id\":\"https:\/\/theo.niranbio.com\/pt-br\/#\/schema\/logo\/image\/\",\"url\":\"https:\/\/theo.niranbio.com\/wp-content\/uploads\/2024\/06\/Niranbio.png\",\"contentUrl\":\"https:\/\/theo.niranbio.com\/wp-content\/uploads\/2024\/06\/Niranbio.png\",\"width\":270,\"height\":100,\"caption\":\"Niranbio Chemical\"},\"image\":{\"@id\":\"https:\/\/theo.niranbio.com\/pt-br\/#\/schema\/logo\/image\/\"}}]}<\/script>\n<!-- \/ Yoast SEO plugin. -->","yoast_head_json":{"title":"Fabricante de prote\u00edna vegetal hidrolisada, p\u00f3 HVP de grau aliment\u00edcio | Niranbio Chemical","description":"Nossa prote\u00edna vegetal hidrolisada tem uma apar\u00eancia de p\u00f3 amarelo claro a amarelo-marrom, \u00e9 usada na produ\u00e7\u00e3o de mat\u00e9rias-primas para dar sabor \u00e0 carne.","robots":{"index":"noindex","follow":"follow","max-snippet":"max-snippet:-1","max-image-preview":"max-image-preview:large","max-video-preview":"max-video-preview:-1"},"twitter_misc":{"Est. tempo de leitura":"4 minutos"},"schema":{"@context":"https:\/\/schema.org","@graph":[{"@type":"WebPage","@id":"https:\/\/theo.niranbio.com\/pt-br\/proteina-vegetal-hidrolisada.html","url":"https:\/\/theo.niranbio.com\/pt-br\/proteina-vegetal-hidrolisada.html","name":"Fabricante de prote\u00edna vegetal hidrolisada, p\u00f3 HVP de grau aliment\u00edcio | Niranbio Chemical","isPartOf":{"@id":"https:\/\/theo.niranbio.com\/pt-br\/#website"},"primaryImageOfPage":{"@id":"https:\/\/theo.niranbio.com\/pt-br\/proteina-vegetal-hidrolisada.html#primaryimage"},"image":{"@id":"https:\/\/theo.niranbio.com\/pt-br\/proteina-vegetal-hidrolisada.html#primaryimage"},"thumbnailUrl":"https:\/\/theo.niranbio.com\/wp-content\/uploads\/2024\/06\/Hydrolyzed-Vegetable-Protein.webp","datePublished":"2024-06-20T02:51:43+00:00","dateModified":"2024-08-13T07:48:24+00:00","description":"Nossa prote\u00edna vegetal hidrolisada tem uma apar\u00eancia de p\u00f3 amarelo claro a amarelo-marrom, \u00e9 usada na produ\u00e7\u00e3o de mat\u00e9rias-primas para dar sabor \u00e0 carne.","breadcrumb":{"@id":"https:\/\/theo.niranbio.com\/pt-br\/proteina-vegetal-hidrolisada.html#breadcrumb"},"inLanguage":"pt-BR","potentialAction":[{"@type":"ReadAction","target":["https:\/\/theo.niranbio.com\/pt-br\/proteina-vegetal-hidrolisada.html"]}]},{"@type":"ImageObject","inLanguage":"pt-BR","@id":"https:\/\/theo.niranbio.com\/pt-br\/proteina-vegetal-hidrolisada.html#primaryimage","url":"https:\/\/theo.niranbio.com\/wp-content\/uploads\/2024\/06\/Hydrolyzed-Vegetable-Protein.webp","contentUrl":"https:\/\/theo.niranbio.com\/wp-content\/uploads\/2024\/06\/Hydrolyzed-Vegetable-Protein.webp","width":600,"height":600,"caption":"Prote\u00edna Vegetal Hidrolisada"},{"@type":"BreadcrumbList","@id":"https:\/\/theo.niranbio.com\/pt-br\/proteina-vegetal-hidrolisada.html#breadcrumb","itemListElement":[{"@type":"ListItem","position":1,"name":"Home","item":"https:\/\/theo.niranbio.com\/pt-br\/"},{"@type":"ListItem","position":2,"name":"Produtos","item":"https:\/\/theo.niranbio.com\/pt-br\/produtos.html"},{"@type":"ListItem","position":3,"name":"Intensificador de Sabor","item":"https:\/\/theo.niranbio.com\/pt-br\/produto-intensificador-de-sabor\/"},{"@type":"ListItem","position":4,"name":"Prote\u00edna Vegetal Hidrolisada"}]},{"@type":"WebSite","@id":"https:\/\/theo.niranbio.com\/pt-br\/#website","url":"https:\/\/theo.niranbio.com\/pt-br\/","name":"Niranbio Chemical","description":"","publisher":{"@id":"https:\/\/theo.niranbio.com\/pt-br\/#organization"},"potentialAction":[{"@type":"SearchAction","target":{"@type":"EntryPoint","urlTemplate":"https:\/\/theo.niranbio.com\/pt-br\/?s={search_term_string}"},"query-input":{"@type":"PropertyValueSpecification","valueRequired":true,"valueName":"search_term_string"}}],"inLanguage":"pt-BR"},{"@type":"Organization","@id":"https:\/\/theo.niranbio.com\/pt-br\/#organization","name":"Niranbio Chemical","url":"https:\/\/theo.niranbio.com\/pt-br\/","logo":{"@type":"ImageObject","inLanguage":"pt-BR","@id":"https:\/\/theo.niranbio.com\/pt-br\/#\/schema\/logo\/image\/","url":"https:\/\/theo.niranbio.com\/wp-content\/uploads\/2024\/06\/Niranbio.png","contentUrl":"https:\/\/theo.niranbio.com\/wp-content\/uploads\/2024\/06\/Niranbio.png","width":270,"height":100,"caption":"Niranbio Chemical"},"image":{"@id":"https:\/\/theo.niranbio.com\/pt-br\/#\/schema\/logo\/image\/"}}]}},"_links":{"self":[{"href":"https:\/\/theo.niranbio.com\/pt-br\/wp-json\/wp\/v2\/product\/9884","targetHints":{"allow":["GET"]}}],"collection":[{"href":"https:\/\/theo.niranbio.com\/pt-br\/wp-json\/wp\/v2\/product"}],"about":[{"href":"https:\/\/theo.niranbio.com\/pt-br\/wp-json\/wp\/v2\/types\/product"}],"version-history":[{"count":0,"href":"https:\/\/theo.niranbio.com\/pt-br\/wp-json\/wp\/v2\/product\/9884\/revisions"}],"wp:featuredmedia":[{"embeddable":true,"href":"https:\/\/theo.niranbio.com\/pt-br\/wp-json\/wp\/v2\/media\/9885"}],"wp:attachment":[{"href":"https:\/\/theo.niranbio.com\/pt-br\/wp-json\/wp\/v2\/media?parent=9884"}],"wp:term":[{"taxonomy":"product_brand","embeddable":true,"href":"https:\/\/theo.niranbio.com\/pt-br\/wp-json\/wp\/v2\/product_brand?post=9884"},{"taxonomy":"product_cat","embeddable":true,"href":"https:\/\/theo.niranbio.com\/pt-br\/wp-json\/wp\/v2\/product_cat?post=9884"},{"taxonomy":"product_tag","embeddable":true,"href":"https:\/\/theo.niranbio.com\/pt-br\/wp-json\/wp\/v2\/product_tag?post=9884"}],"curies":[{"name":"wp","href":"https:\/\/api.w.org\/{rel}","templated":true}]}}