{"id":9853,"date":"2024-06-20T11:38:20","date_gmt":"2024-06-20T03:38:20","guid":{"rendered":"https:\/\/theo.niranbio.com\/concentrado-de-proteina-de-arroz\/"},"modified":"2024-08-16T15:32:43","modified_gmt":"2024-08-16T07:32:43","slug":"concentrado-de-proteina-de-arroz","status":"publish","type":"product","link":"https:\/\/theo.niranbio.com\/pt-br\/concentrado-de-proteina-de-arroz.html","title":{"rendered":"Concentrado de prote\u00edna de arroz"},"content":{"rendered":"<h2><span class=\"ez-toc-section\" id=\"O_que_e_concentrado_de_proteina_de_arroz\"><\/span>O que \u00e9 concentrado de prote\u00edna de arroz?<span class=\"ez-toc-section-end\"><\/span><\/h2>\n<p>O concentrado de prote\u00edna de arroz \u00e9 um p\u00f3 vegetal rico em prote\u00edna extra\u00eddo do arroz. Geralmente \u00e9 branco ou bege claro e cont\u00e9m cerca de 70-80% de prote\u00edna. Tem boa solubilidade e baixa alergenicidade e \u00e9 amplamente utilizado em nutri\u00e7\u00e3o esportiva, alimentos infantis, alimentos vegetais e produtos assados. Com o crescimento da tend\u00eancia de alimenta\u00e7\u00e3o saud\u00e1vel, a demanda por concentrado de prote\u00edna de arroz no mercado global continua a aumentar, especialmente entre vegetarianos e pessoas com alergias. O processo de prepara\u00e7\u00e3o do concentrado de prote\u00edna de arroz inclui principalmente extra\u00e7\u00e3o \u00famida e extra\u00e7\u00e3o seca. A extra\u00e7\u00e3o \u00famida \u00e9 o processo principal atual, que envolve imers\u00e3o, moagem, separa\u00e7\u00e3o de amido e fibra, concentra\u00e7\u00e3o de prote\u00edna e secagem de arroz.<\/p>\n<p>Ele pode reter efetivamente prote\u00edna de alta pureza e \u00e9 adequado para produ\u00e7\u00e3o em larga escala. A secagem por pulveriza\u00e7\u00e3o ou liofiliza\u00e7\u00e3o, juntamente com tecnologias de separa\u00e7\u00e3o por membrana como ultrafiltra\u00e7\u00e3o, s\u00e3o frequentemente empregadas na ind\u00fastria de alimentos e bebidas. A extra\u00e7\u00e3o a seco inclui cozimento, moagem, peneiramento e concentra\u00e7\u00e3o, mas raramente \u00e9 usada na produ\u00e7\u00e3o de concentrado de prote\u00edna de arroz de qualidade alimentar porque pode causar desnatura\u00e7\u00e3o de prote\u00edna e perda funcional. A extra\u00e7\u00e3o \u00famida se tornou o principal processo de prepara\u00e7\u00e3o para concentrado de prote\u00edna de arroz de qualidade alimentar devido \u00e0 sua alta efici\u00eancia e reten\u00e7\u00e3o de prote\u00edna de alta qualidade.<\/p>\n<h2><span class=\"ez-toc-section\" id=\"Dosagem_recomendada\"><\/span><strong><b>Dosagem recomendada:<\/b><\/strong><span class=\"ez-toc-section-end\"><\/span><\/h2>\n<table>\n<tbody>\n<tr>\n<td><strong>Nome do alimento<\/strong><\/td>\n<td><strong>Uso m\u00e1ximo (g\/kg)<\/strong><\/td>\n<\/tr>\n<tr>\n<td>Bebidas funcionais<\/td>\n<td>2-8 g\/kg<\/td>\n<\/tr>\n<tr>\n<td>Suplementos de prote\u00edna<\/td>\n<td>15-25 g\/kg<\/td>\n<\/tr>\n<tr>\n<td>Alimentos fortificados<\/td>\n<td>5-15 g\/kg<\/td>\n<\/tr>\n<tr>\n<td>Alimentos sem lactose<\/td>\n<td>5-15 g\/kg<\/td>\n<\/tr>\n<tr>\n<td>Alimentos ricos em fibras<\/td>\n<td>5-10 g\/kg<\/td>\n<\/tr>\n<tr>\n<td>Lanches saud\u00e1veis<\/td>\n<td>5-15 g\/kg<\/td>\n<\/tr>\n<tr>\n<td>Alimentos para perda de peso<\/td>\n<td>10-20 g\/kg<\/td>\n<\/tr>\n<tr>\n<td>Produtos de panifica\u00e7\u00e3o<\/td>\n<td>5-10 g\/kg<\/td>\n<\/tr>\n<tr>\n<td>Biscoitos funcionais<\/td>\n<td>5-15 g\/kg<\/td>\n<\/tr>\n<tr>\n<td>Alimentos com baixo teor de a\u00e7\u00facar<\/td>\n<td>5-10 g\/kg<\/td>\n<\/tr>\n<tr>\n<td>Hamb\u00fargueres vegetarianos<\/td>\n<td>10-20 g\/kg<\/td>\n<\/tr>\n<tr>\n<td>P\u00f3s fortificados<\/td>\n<td>10-20 g\/kg<\/td>\n<\/tr>\n<tr>\n<td>Cereais matinais com alto teor de prote\u00edna<\/td>\n<td>5-15 g\/kg<\/td>\n<\/tr>\n<tr>\n<td>Bebidas energ\u00e9ticas<\/td>\n<td>5-10 g\/kg<\/td>\n<\/tr>\n<\/tbody>\n<\/table>\n<h2><span class=\"ez-toc-section\" id=\"O_concentrado_de_proteina_de_arroz_tem_uma_ampla_gama_de_usos\"><\/span>O concentrado de prote\u00edna de arroz tem uma ampla gama de usos<span class=\"ez-toc-section-end\"><\/span><\/h2>\n<ol>\n<li>Alto teor de prote\u00edna: o concentrado de prote\u00edna de arroz cont\u00e9m 70-80% de prote\u00edna, o que \u00e9 uma boa fonte de prote\u00edna vegetal e ajuda a atender dietas ricas em prote\u00edna.<\/li>\n<li>F\u00e1cil de digerir: Comparado com algumas outras fontes de prote\u00edna, o concentrado de prote\u00edna de arroz \u00e9 mais f\u00e1cil de digerir e absorver, adequado para pessoas com constitui\u00e7\u00f5es sens\u00edveis e sistemas digestivos fracos.<\/li>\n<li>Baixa alergenicidade: a prote\u00edna de arroz n\u00e3o cont\u00e9m al\u00e9rgenos comuns em latic\u00ednios, legumes ou gr\u00e3os, adequado para pessoas al\u00e9rgicas a esses ingredientes.<\/li>\n<li>Melhorar a textura dos alimentos: Em alimentos assados \u200b\u200be processados, o concentrado de prote\u00edna de arroz pode melhorar a textura e a estrutura do produto e real\u00e7ar o sabor.<\/li>\n<li>Fortifica\u00e7\u00e3o nutricional: Pode melhorar o conte\u00fado nutricional dos alimentos como um suplemento nutricional, particularmente em dietas quando \u00e9 necess\u00e1rio um aumento no consumo de prote\u00edna.<\/li>\n<\/ol>\n<h2><span class=\"ez-toc-section\" id=\"Pergunta_feita_pelo_usuario\"><\/span>Pergunta feita pelo usu\u00e1rio:<span class=\"ez-toc-section-end\"><\/span><\/h2>\n<p>Pergunta: Quais s\u00e3o as vantagens do concentrado de prote\u00edna de arroz sobre a prote\u00edna do soro de leite?<\/p>\n<p>Resposta: 1. O concentrado de prote\u00edna de arroz n\u00e3o cont\u00e9m latic\u00ednios e gl\u00faten, por isso \u00e9 adequado para pessoas al\u00e9rgicas a latic\u00ednios ou sens\u00edveis ao gl\u00faten, bem como para aquelas que seguem uma dieta sem latic\u00ednios ou sem gl\u00faten.<\/p>\n<p>2. A prote\u00edna de arroz \u00e9 geralmente mais diger\u00edvel do que a prote\u00edna do soro de leite e pode ser mais suave para algumas pessoas e n\u00e3o causar\u00e1 desconforto ou desconforto gastrointestinal.<\/p>\n<p>3. A prote\u00edna de arroz \u00e9 uma prote\u00edna vegetal extra\u00edda do arroz. \u00c9 uma fonte importante de prote\u00edna para vegetarianos e tamb\u00e9m \u00e9 ben\u00e9fica para a sustentabilidade ambiental porque o arroz \u00e9 uma cultura amplamente cultivada.<\/p>\n<p>4. O concentrado de prote\u00edna de arroz \u00e9 geralmente menos alerg\u00eanico do que a prote\u00edna do soro de leite e a prote\u00edna de soja e \u00e9 mais seguro para pessoas que precisam evitar al\u00e9rgenos comuns.<\/p>\n<p>5. A prote\u00edna de arroz tem boa capacidade de personaliza\u00e7\u00e3o no processamento de alimentos e pode se adaptar a uma variedade de necessidades diferentes de produtos aliment\u00edcios, como barras energ\u00e9ticas, barras de cereais, etc., que geralmente precisam aumentar o teor de prote\u00edna sem introduzir ingredientes l\u00e1cteos ou de soja.<\/p>\n","protected":false},"excerpt":{"rendered":"<ul>\n<li>Certifica\u00e7\u00f5es: KOSHER, ISO, HALAL, FSSC22000, BRC, etc.<\/li>\n<li>Quantidade m\u00ednima do pedido: 1000KG<\/li>\n<li>Prazo de validade: 2 anos<\/li>\n<\/ul>\n","protected":false},"featured_media":9854,"template":"","meta":{"site-sidebar-layout":"default","site-content-layout":"","ast-site-content-layout":"default","site-content-style":"default","site-sidebar-style":"default","ast-global-header-display":"","ast-banner-title-visibility":"","ast-main-header-display":"","ast-hfb-above-header-display":"","ast-hfb-below-header-display":"","ast-hfb-mobile-header-display":"","site-post-title":"","ast-breadcrumbs-content":"","ast-featured-img":"","footer-sml-layout":"","theme-transparent-header-meta":"default","adv-header-id-meta":"","stick-header-meta":"","header-above-stick-meta":"","header-main-stick-meta":"","header-below-stick-meta":"","astra-migrate-meta-layouts":"set","ast-page-background-enabled":"default","ast-page-background-meta":{"desktop":{"background-color":"var(--ast-global-color-4)","background-image":"","background-repeat":"repeat","background-position":"center center","background-size":"auto","background-attachment":"scroll","background-type":"","background-media":"","overlay-type":"","overlay-color":"","overlay-opacity":"","overlay-gradient":""},"tablet":{"background-color":"","background-image":"","background-repeat":"repeat","background-position":"center center","background-size":"auto","background-attachment":"scroll","background-type":"","background-media":"","overlay-type":"","overlay-color":"","overlay-opacity":"","overlay-gradient":""},"mobile":{"background-color":"","background-image":"","background-repeat":"repeat","background-position":"center center","background-size":"auto","background-attachment":"scroll","background-type":"","background-media":"","overlay-type":"","overlay-color":"","overlay-opacity":"","overlay-gradient":""}},"ast-content-background-meta":{"desktop":{"background-color":"var(--ast-global-color-5)","background-image":"","background-repeat":"repeat","background-position":"center center","background-size":"auto","background-attachment":"scroll","background-type":"","background-media":"","overlay-type":"","overlay-color":"","overlay-opacity":"","overlay-gradient":""},"tablet":{"background-color":"var(--ast-global-color-5)","background-image":"","background-repeat":"repeat","background-position":"center center","background-size":"auto","background-attachment":"scroll","background-type":"","background-media":"","overlay-type":"","overlay-color":"","overlay-opacity":"","overlay-gradient":""},"mobile":{"background-color":"var(--ast-global-color-5)","background-image":"","background-repeat":"repeat","background-position":"center center","background-size":"auto","background-attachment":"scroll","background-type":"","background-media":"","overlay-type":"","overlay-color":"","overlay-opacity":"","overlay-gradient":""}}},"product_brand":[],"product_cat":[95],"product_tag":[],"class_list":{"0":"post-9853","1":"product","2":"type-product","3":"status-publish","4":"has-post-thumbnail","6":"product_cat-produto-de-proteinas","7":"desktop-align-center","8":"tablet-align-left","9":"mobile-align-left","11":"first","12":"instock","13":"shipping-taxable","14":"product-type-simple"},"yoast_head":"<!-- This site is optimized with the Yoast SEO plugin v26.5 - https:\/\/yoast.com\/wordpress\/plugins\/seo\/ -->\n<title>Concentrado de prote\u00edna de arroz fornecedor, org\u00e2nico concentrado de prote\u00edna de arroz p\u00f3 | Niranbio Chemical<\/title>\n<meta name=\"description\" content=\"Procurando um fornecedor de concentrado de prote\u00edna de arroz em p\u00f3 de alta qualidade na China? A NIRAN \u00e9 sua escolha ideal. Entre em contato conosco para obter um or\u00e7amento gr\u00e1tis agora!\" \/>\n<meta name=\"robots\" content=\"noindex, follow, max-snippet:-1, max-image-preview:large, max-video-preview:-1\" \/>\n<meta name=\"twitter:label1\" content=\"Est. tempo de leitura\" \/>\n\t<meta name=\"twitter:data1\" content=\"4 minutos\" \/>\n<script type=\"application\/ld+json\" class=\"yoast-schema-graph\">{\"@context\":\"https:\/\/schema.org\",\"@graph\":[{\"@type\":\"WebPage\",\"@id\":\"https:\/\/theo.niranbio.com\/pt-br\/concentrado-de-proteina-de-arroz.html\",\"url\":\"https:\/\/theo.niranbio.com\/pt-br\/concentrado-de-proteina-de-arroz.html\",\"name\":\"Concentrado de prote\u00edna de arroz fornecedor, org\u00e2nico concentrado de prote\u00edna de arroz p\u00f3 | Niranbio Chemical\",\"isPartOf\":{\"@id\":\"https:\/\/theo.niranbio.com\/pt-br\/#website\"},\"primaryImageOfPage\":{\"@id\":\"https:\/\/theo.niranbio.com\/pt-br\/concentrado-de-proteina-de-arroz.html#primaryimage\"},\"image\":{\"@id\":\"https:\/\/theo.niranbio.com\/pt-br\/concentrado-de-proteina-de-arroz.html#primaryimage\"},\"thumbnailUrl\":\"https:\/\/theo.niranbio.com\/wp-content\/uploads\/2024\/06\/Rice-Protein-Concentrate.webp\",\"datePublished\":\"2024-06-20T03:38:20+00:00\",\"dateModified\":\"2024-08-16T07:32:43+00:00\",\"description\":\"Procurando um fornecedor de concentrado de prote\u00edna de arroz em p\u00f3 de alta qualidade na China? A NIRAN \u00e9 sua escolha ideal. Entre em contato conosco para obter um or\u00e7amento gr\u00e1tis agora!\",\"breadcrumb\":{\"@id\":\"https:\/\/theo.niranbio.com\/pt-br\/concentrado-de-proteina-de-arroz.html#breadcrumb\"},\"inLanguage\":\"pt-BR\",\"potentialAction\":[{\"@type\":\"ReadAction\",\"target\":[\"https:\/\/theo.niranbio.com\/pt-br\/concentrado-de-proteina-de-arroz.html\"]}]},{\"@type\":\"ImageObject\",\"inLanguage\":\"pt-BR\",\"@id\":\"https:\/\/theo.niranbio.com\/pt-br\/concentrado-de-proteina-de-arroz.html#primaryimage\",\"url\":\"https:\/\/theo.niranbio.com\/wp-content\/uploads\/2024\/06\/Rice-Protein-Concentrate.webp\",\"contentUrl\":\"https:\/\/theo.niranbio.com\/wp-content\/uploads\/2024\/06\/Rice-Protein-Concentrate.webp\",\"width\":600,\"height\":600,\"caption\":\"Concentrado de prote\u00edna de arroz\"},{\"@type\":\"BreadcrumbList\",\"@id\":\"https:\/\/theo.niranbio.com\/pt-br\/concentrado-de-proteina-de-arroz.html#breadcrumb\",\"itemListElement\":[{\"@type\":\"ListItem\",\"position\":1,\"name\":\"Home\",\"item\":\"https:\/\/theo.niranbio.com\/pt-br\/\"},{\"@type\":\"ListItem\",\"position\":2,\"name\":\"Produtos\",\"item\":\"https:\/\/theo.niranbio.com\/pt-br\/produtos.html\"},{\"@type\":\"ListItem\",\"position\":3,\"name\":\"Prote\u00ednas\",\"item\":\"https:\/\/theo.niranbio.com\/pt-br\/produto-de-proteinas\/\"},{\"@type\":\"ListItem\",\"position\":4,\"name\":\"Concentrado de prote\u00edna de arroz\"}]},{\"@type\":\"WebSite\",\"@id\":\"https:\/\/theo.niranbio.com\/pt-br\/#website\",\"url\":\"https:\/\/theo.niranbio.com\/pt-br\/\",\"name\":\"Niranbio Chemical\",\"description\":\"\",\"publisher\":{\"@id\":\"https:\/\/theo.niranbio.com\/pt-br\/#organization\"},\"potentialAction\":[{\"@type\":\"SearchAction\",\"target\":{\"@type\":\"EntryPoint\",\"urlTemplate\":\"https:\/\/theo.niranbio.com\/pt-br\/?s={search_term_string}\"},\"query-input\":{\"@type\":\"PropertyValueSpecification\",\"valueRequired\":true,\"valueName\":\"search_term_string\"}}],\"inLanguage\":\"pt-BR\"},{\"@type\":\"Organization\",\"@id\":\"https:\/\/theo.niranbio.com\/pt-br\/#organization\",\"name\":\"Niranbio Chemical\",\"url\":\"https:\/\/theo.niranbio.com\/pt-br\/\",\"logo\":{\"@type\":\"ImageObject\",\"inLanguage\":\"pt-BR\",\"@id\":\"https:\/\/theo.niranbio.com\/pt-br\/#\/schema\/logo\/image\/\",\"url\":\"https:\/\/theo.niranbio.com\/wp-content\/uploads\/2024\/06\/Niranbio.png\",\"contentUrl\":\"https:\/\/theo.niranbio.com\/wp-content\/uploads\/2024\/06\/Niranbio.png\",\"width\":270,\"height\":100,\"caption\":\"Niranbio Chemical\"},\"image\":{\"@id\":\"https:\/\/theo.niranbio.com\/pt-br\/#\/schema\/logo\/image\/\"}}]}<\/script>\n<!-- \/ Yoast SEO plugin. -->","yoast_head_json":{"title":"Concentrado de prote\u00edna de arroz fornecedor, org\u00e2nico concentrado de prote\u00edna de arroz p\u00f3 | Niranbio Chemical","description":"Procurando um fornecedor de concentrado de prote\u00edna de arroz em p\u00f3 de alta qualidade na China? A NIRAN \u00e9 sua escolha ideal. Entre em contato conosco para obter um or\u00e7amento gr\u00e1tis agora!","robots":{"index":"noindex","follow":"follow","max-snippet":"max-snippet:-1","max-image-preview":"max-image-preview:large","max-video-preview":"max-video-preview:-1"},"twitter_misc":{"Est. tempo de leitura":"4 minutos"},"schema":{"@context":"https:\/\/schema.org","@graph":[{"@type":"WebPage","@id":"https:\/\/theo.niranbio.com\/pt-br\/concentrado-de-proteina-de-arroz.html","url":"https:\/\/theo.niranbio.com\/pt-br\/concentrado-de-proteina-de-arroz.html","name":"Concentrado de prote\u00edna de arroz fornecedor, org\u00e2nico concentrado de prote\u00edna de arroz p\u00f3 | Niranbio Chemical","isPartOf":{"@id":"https:\/\/theo.niranbio.com\/pt-br\/#website"},"primaryImageOfPage":{"@id":"https:\/\/theo.niranbio.com\/pt-br\/concentrado-de-proteina-de-arroz.html#primaryimage"},"image":{"@id":"https:\/\/theo.niranbio.com\/pt-br\/concentrado-de-proteina-de-arroz.html#primaryimage"},"thumbnailUrl":"https:\/\/theo.niranbio.com\/wp-content\/uploads\/2024\/06\/Rice-Protein-Concentrate.webp","datePublished":"2024-06-20T03:38:20+00:00","dateModified":"2024-08-16T07:32:43+00:00","description":"Procurando um fornecedor de concentrado de prote\u00edna de arroz em p\u00f3 de alta qualidade na China? A NIRAN \u00e9 sua escolha ideal. Entre em contato conosco para obter um or\u00e7amento gr\u00e1tis agora!","breadcrumb":{"@id":"https:\/\/theo.niranbio.com\/pt-br\/concentrado-de-proteina-de-arroz.html#breadcrumb"},"inLanguage":"pt-BR","potentialAction":[{"@type":"ReadAction","target":["https:\/\/theo.niranbio.com\/pt-br\/concentrado-de-proteina-de-arroz.html"]}]},{"@type":"ImageObject","inLanguage":"pt-BR","@id":"https:\/\/theo.niranbio.com\/pt-br\/concentrado-de-proteina-de-arroz.html#primaryimage","url":"https:\/\/theo.niranbio.com\/wp-content\/uploads\/2024\/06\/Rice-Protein-Concentrate.webp","contentUrl":"https:\/\/theo.niranbio.com\/wp-content\/uploads\/2024\/06\/Rice-Protein-Concentrate.webp","width":600,"height":600,"caption":"Concentrado de prote\u00edna de arroz"},{"@type":"BreadcrumbList","@id":"https:\/\/theo.niranbio.com\/pt-br\/concentrado-de-proteina-de-arroz.html#breadcrumb","itemListElement":[{"@type":"ListItem","position":1,"name":"Home","item":"https:\/\/theo.niranbio.com\/pt-br\/"},{"@type":"ListItem","position":2,"name":"Produtos","item":"https:\/\/theo.niranbio.com\/pt-br\/produtos.html"},{"@type":"ListItem","position":3,"name":"Prote\u00ednas","item":"https:\/\/theo.niranbio.com\/pt-br\/produto-de-proteinas\/"},{"@type":"ListItem","position":4,"name":"Concentrado de prote\u00edna de arroz"}]},{"@type":"WebSite","@id":"https:\/\/theo.niranbio.com\/pt-br\/#website","url":"https:\/\/theo.niranbio.com\/pt-br\/","name":"Niranbio Chemical","description":"","publisher":{"@id":"https:\/\/theo.niranbio.com\/pt-br\/#organization"},"potentialAction":[{"@type":"SearchAction","target":{"@type":"EntryPoint","urlTemplate":"https:\/\/theo.niranbio.com\/pt-br\/?s={search_term_string}"},"query-input":{"@type":"PropertyValueSpecification","valueRequired":true,"valueName":"search_term_string"}}],"inLanguage":"pt-BR"},{"@type":"Organization","@id":"https:\/\/theo.niranbio.com\/pt-br\/#organization","name":"Niranbio Chemical","url":"https:\/\/theo.niranbio.com\/pt-br\/","logo":{"@type":"ImageObject","inLanguage":"pt-BR","@id":"https:\/\/theo.niranbio.com\/pt-br\/#\/schema\/logo\/image\/","url":"https:\/\/theo.niranbio.com\/wp-content\/uploads\/2024\/06\/Niranbio.png","contentUrl":"https:\/\/theo.niranbio.com\/wp-content\/uploads\/2024\/06\/Niranbio.png","width":270,"height":100,"caption":"Niranbio Chemical"},"image":{"@id":"https:\/\/theo.niranbio.com\/pt-br\/#\/schema\/logo\/image\/"}}]}},"_links":{"self":[{"href":"https:\/\/theo.niranbio.com\/pt-br\/wp-json\/wp\/v2\/product\/9853","targetHints":{"allow":["GET"]}}],"collection":[{"href":"https:\/\/theo.niranbio.com\/pt-br\/wp-json\/wp\/v2\/product"}],"about":[{"href":"https:\/\/theo.niranbio.com\/pt-br\/wp-json\/wp\/v2\/types\/product"}],"version-history":[{"count":0,"href":"https:\/\/theo.niranbio.com\/pt-br\/wp-json\/wp\/v2\/product\/9853\/revisions"}],"wp:featuredmedia":[{"embeddable":true,"href":"https:\/\/theo.niranbio.com\/pt-br\/wp-json\/wp\/v2\/media\/9854"}],"wp:attachment":[{"href":"https:\/\/theo.niranbio.com\/pt-br\/wp-json\/wp\/v2\/media?parent=9853"}],"wp:term":[{"taxonomy":"product_brand","embeddable":true,"href":"https:\/\/theo.niranbio.com\/pt-br\/wp-json\/wp\/v2\/product_brand?post=9853"},{"taxonomy":"product_cat","embeddable":true,"href":"https:\/\/theo.niranbio.com\/pt-br\/wp-json\/wp\/v2\/product_cat?post=9853"},{"taxonomy":"product_tag","embeddable":true,"href":"https:\/\/theo.niranbio.com\/pt-br\/wp-json\/wp\/v2\/product_tag?post=9853"}],"curies":[{"name":"wp","href":"https:\/\/api.w.org\/{rel}","templated":true}]}}