{"id":9851,"date":"2024-06-20T13:12:19","date_gmt":"2024-06-20T05:12:19","guid":{"rendered":"https:\/\/theo.niranbio.com\/enzima-lipase\/"},"modified":"2024-08-16T16:42:41","modified_gmt":"2024-08-16T08:42:41","slug":"enzima-lipase","status":"publish","type":"product","link":"https:\/\/theo.niranbio.com\/pt-br\/enzima-lipase.html","title":{"rendered":"Enzima lipase"},"content":{"rendered":"<h2><span class=\"ez-toc-section\" id=\"O_que_e_enzima_lipase\"><\/span>O que \u00e9 enzima lipase?<span class=\"ez-toc-section-end\"><\/span><\/h2>\n<p>A enzima lipase pertence \u00e0 classe das hidrolases de \u00e9ster carbox\u00edlico, que pode hidrolisar triglicer\u00eddeos em glicerol e gordura. \u00c9 amplamente encontrada nos tecidos de microrganismos, plantas e mam\u00edferos. \u00c9 amplamente utilizada em alimentos, medicamentos, couro, produtos qu\u00edmicos do dia a dia e outros setores. Parece um p\u00f3 amarelo. Existem principalmente os seguintes m\u00e9todos para preparar a enzima lipase na China:<\/p>\n<ol>\n<li>Ao selecionar cepas microbianas adequadas (como fungos ou bact\u00e9rias), a fermenta\u00e7\u00e3o \u00e9 realizada em condi\u00e7\u00f5es de cultura adequadas para produzir a enzima lipase. A fermenta\u00e7\u00e3o microbiana \u00e9 geralmente um dos m\u00e9todos de prepara\u00e7\u00e3o mais comuns porque o rendimento e a pureza da enzima podem ser melhorados pela otimiza\u00e7\u00e3o das condi\u00e7\u00f5es de cultura.<\/li>\n<li>Fixe a enzima lipase em um transportador adequado, como resina, gel, etc., para aumentar a estabilidade e a reutiliza\u00e7\u00e3o da enzima. Este m\u00e9todo \u00e9 frequentemente usado na produ\u00e7\u00e3o industrial e pode melhorar a vida \u00fatil e a efici\u00eancia da enzima.<\/li>\n<li>Use m\u00e9todos de biologia molecular e bioqu\u00edmicos para extrair e purificar a enzima lipase de fontes naturais. Este m\u00e9todo \u00e9 frequentemente usado para extrair a enzima lipase de produtos naturais ou para purificar produtos de fermenta\u00e7\u00e3o.<\/li>\n<\/ol>\n<h2><span class=\"ez-toc-section\" id=\"Dosagem_recomendada\"><\/span>Dosagem recomendada:<span class=\"ez-toc-section-end\"><\/span><\/h2>\n<table>\n<tbody>\n<tr>\n<td><strong>Nome do alimento<\/strong><\/td>\n<td><strong>Uso m\u00e1ximo (g\/kg)<\/strong><\/td>\n<\/tr>\n<tr>\n<td>P\u00e3o<\/td>\n<td>0,1 &#8211; 0,4 g\/kg<\/td>\n<\/tr>\n<tr>\n<td>Biscoitos de creme<\/td>\n<td>0,1 &#8211; 0,3 g\/kg<\/td>\n<\/tr>\n<tr>\n<td>Chocolate<\/td>\n<td>0,05 &#8211; 0,3 g\/kg<\/td>\n<\/tr>\n<tr>\n<td>Molho para salada<\/td>\n<td>0,05 &#8211; 0,2 g\/kg<\/td>\n<\/tr>\n<tr>\n<td>Produtos c\u00e1rneos<\/td>\n<td>0,05 &#8211; 0,3 g\/kg<\/td>\n<\/tr>\n<tr>\n<td>Bebidas l\u00e1cteas<\/td>\n<td>0,05 &#8211; 0,2 g\/kg<\/td>\n<\/tr>\n<tr>\n<td>\u00d3leo comest\u00edvel<\/td>\n<td>0,05 &#8211; 0,3 g\/kg<\/td>\n<\/tr>\n<tr>\n<td>Molhos<\/td>\n<td>0,05 &#8211; 0,2 g\/kg<\/td>\n<\/tr>\n<tr>\n<td>Cerveja<\/td>\n<td>0,01 &#8211; 0,05 g\/kg<\/td>\n<\/tr>\n<tr>\n<td>Mel<\/td>\n<td>0,01 &#8211; 0,05 g\/kg<\/td>\n<\/tr>\n<tr>\n<td>Geleia<\/td>\n<td>0,05 &#8211; 0,2 g\/kg<\/td>\n<\/tr>\n<tr>\n<td>Creme para caf\u00e9<\/td>\n<td>0,05 &#8211; 0,2 g\/kg<\/td>\n<\/tr>\n<tr>\n<td>Condimentos emulsionados<\/td>\n<td>0,05 &#8211; 0,2 g\/kg<\/td>\n<\/tr>\n<tr>\n<td>Geleia<\/td>\n<td>0,05 &#8211; 0,2 g\/kg<\/td>\n<\/tr>\n<\/tbody>\n<\/table>\n<h2><span class=\"ez-toc-section\" id=\"A_enzima_lipase_tem_uma_ampla_gama_de_usos\"><\/span>A enzima lipase tem uma ampla gama de usos<span class=\"ez-toc-section-end\"><\/span><\/h2>\n<ol>\n<li>A lipase pode hidrolisar e degradar mol\u00e9culas de gordura em alimentos, melhorando assim o sabor, a textura e a sensa\u00e7\u00e3o na boca dos alimentos, tornando-os mais ricos e macios.<\/li>\n<li>Em alguns alimentos, a lipase pode ajudar a estabilizar os sistemas de emulsifica\u00e7\u00e3o e dispers\u00e3o, evitar a separa\u00e7\u00e3o e precipita\u00e7\u00e3o de gordura e estender a vida \u00fatil dos alimentos.<\/li>\n<li>A lipase facilita a quebra de gordura no trato digestivo, facilitando a digest\u00e3o e a absor\u00e7\u00e3o mais simples, bem como a absor\u00e7\u00e3o de nutrientes.<\/li>\n<li>A lipase pode ajudar a melhorar a utiliza\u00e7\u00e3o de vitaminas lipossol\u00faveis (como vitaminas A, D, E, K) e outros nutrientes lipossol\u00faveis.<\/li>\n<li>Ao usar a lipase, a quantidade de gordura necess\u00e1ria no processo de produ\u00e7\u00e3o de alimentos pode ser reduzida, reduzindo assim os custos de produ\u00e7\u00e3o.<\/li>\n<li>No processamento de latic\u00ednios, a lipase pode melhorar as propriedades do creme e da gordura do leite e aumentar a uniformidade e a estabilidade da gordura do leite.<\/li>\n<\/ol>\n<h2><span class=\"ez-toc-section\" id=\"O_usuario_fez_a_seguinte_pergunta\"><\/span>O usu\u00e1rio fez a seguinte pergunta:<span class=\"ez-toc-section-end\"><\/span><\/h2>\n<p>Pergunta: \u00c9 verdade que consumir lipase pode ajudar a perder peso?<\/p>\n<p>Resposta: A lipase n\u00e3o leva diretamente \u00e0 perda de peso. A lipase \u00e9 uma enzima que atua no sistema digestivo, ajudando a quebrar mol\u00e9culas de gordura para facilitar sua absor\u00e7\u00e3o e utiliza\u00e7\u00e3o. No entanto, ela n\u00e3o atinge as metas de perda de peso alterando o metabolismo ou reduzindo a ingest\u00e3o de gordura como os medicamentos para perda de peso. O efeito da lipase \u00e9 limitado ao processo digestivo e n\u00e3o pode reduzir a quantidade de gordura armazenada no corpo. Para atingir o gerenciamento de peso eficaz e a perda de peso, voc\u00ea ainda precisa contar com h\u00e1bitos alimentares saud\u00e1veis \u200b\u200be exerc\u00edcios moderados.<\/p>\n","protected":false},"excerpt":{"rendered":"<ul>\n<li>CAS: 9001-62-1<\/li>\n<li>F\u00f3rmula qu\u00edmica: C11H9N3O2.Na+<\/li>\n<li>Certifica\u00e7\u00f5es: KOSHER, ISO, HALAL, FSSC 22000, BRC, etc.<\/li>\n<li>Quantidade m\u00ednima do pedido: 1000KG<\/li>\n<li>Prazo de validade: 2 anos<\/li>\n<\/ul>\n","protected":false},"featured_media":9852,"template":"","meta":{"site-sidebar-layout":"default","site-content-layout":"","ast-site-content-layout":"default","site-content-style":"default","site-sidebar-style":"default","ast-global-header-display":"","ast-banner-title-visibility":"","ast-main-header-display":"","ast-hfb-above-header-display":"","ast-hfb-below-header-display":"","ast-hfb-mobile-header-display":"","site-post-title":"","ast-breadcrumbs-content":"","ast-featured-img":"","footer-sml-layout":"","theme-transparent-header-meta":"default","adv-header-id-meta":"","stick-header-meta":"","header-above-stick-meta":"","header-main-stick-meta":"","header-below-stick-meta":"","astra-migrate-meta-layouts":"set","ast-page-background-enabled":"default","ast-page-background-meta":{"desktop":{"background-color":"var(--ast-global-color-4)","background-image":"","background-repeat":"repeat","background-position":"center center","background-size":"auto","background-attachment":"scroll","background-type":"","background-media":"","overlay-type":"","overlay-color":"","overlay-opacity":"","overlay-gradient":""},"tablet":{"background-color":"","background-image":"","background-repeat":"repeat","background-position":"center center","background-size":"auto","background-attachment":"scroll","background-type":"","background-media":"","overlay-type":"","overlay-color":"","overlay-opacity":"","overlay-gradient":""},"mobile":{"background-color":"","background-image":"","background-repeat":"repeat","background-position":"center center","background-size":"auto","background-attachment":"scroll","background-type":"","background-media":"","overlay-type":"","overlay-color":"","overlay-opacity":"","overlay-gradient":""}},"ast-content-background-meta":{"desktop":{"background-color":"var(--ast-global-color-5)","background-image":"","background-repeat":"repeat","background-position":"center center","background-size":"auto","background-attachment":"scroll","background-type":"","background-media":"","overlay-type":"","overlay-color":"","overlay-opacity":"","overlay-gradient":""},"tablet":{"background-color":"var(--ast-global-color-5)","background-image":"","background-repeat":"repeat","background-position":"center center","background-size":"auto","background-attachment":"scroll","background-type":"","background-media":"","overlay-type":"","overlay-color":"","overlay-opacity":"","overlay-gradient":""},"mobile":{"background-color":"var(--ast-global-color-5)","background-image":"","background-repeat":"repeat","background-position":"center center","background-size":"auto","background-attachment":"scroll","background-type":"","background-media":"","overlay-type":"","overlay-color":"","overlay-opacity":"","overlay-gradient":""}}},"product_brand":[],"product_cat":[91],"product_tag":[],"class_list":{"0":"post-9851","1":"product","2":"type-product","3":"status-publish","4":"has-post-thumbnail","6":"product_cat-outros-ingredientes-alimentares-produto","7":"desktop-align-center","8":"tablet-align-left","9":"mobile-align-left","11":"first","12":"instock","13":"shipping-taxable","14":"product-type-simple"},"yoast_head":"<!-- This site is optimized with the Yoast SEO plugin v26.5 - https:\/\/yoast.com\/wordpress\/plugins\/seo\/ -->\n<title>P\u00f3 de enzima lipase de grau aliment\u00edcio Fornecedor | Niranbio Chemical<\/title>\n<meta name=\"description\" content=\"Nossa enzima lipase se parece com um p\u00f3 amarelo e \u00e9 amplamente utilizada em alimentos, medicamentos, couro, produtos qu\u00edmicos de uso di\u00e1rio e outros setores.\" \/>\n<meta name=\"robots\" content=\"noindex, follow, max-snippet:-1, max-image-preview:large, max-video-preview:-1\" \/>\n<meta name=\"twitter:label1\" content=\"Est. tempo de leitura\" \/>\n\t<meta name=\"twitter:data1\" content=\"3 minutos\" \/>\n<script type=\"application\/ld+json\" class=\"yoast-schema-graph\">{\"@context\":\"https:\/\/schema.org\",\"@graph\":[{\"@type\":\"WebPage\",\"@id\":\"https:\/\/theo.niranbio.com\/pt-br\/enzima-lipase.html\",\"url\":\"https:\/\/theo.niranbio.com\/pt-br\/enzima-lipase.html\",\"name\":\"P\u00f3 de enzima lipase de grau aliment\u00edcio Fornecedor | Niranbio Chemical\",\"isPartOf\":{\"@id\":\"https:\/\/theo.niranbio.com\/pt-br\/#website\"},\"primaryImageOfPage\":{\"@id\":\"https:\/\/theo.niranbio.com\/pt-br\/enzima-lipase.html#primaryimage\"},\"image\":{\"@id\":\"https:\/\/theo.niranbio.com\/pt-br\/enzima-lipase.html#primaryimage\"},\"thumbnailUrl\":\"https:\/\/theo.niranbio.com\/wp-content\/uploads\/2024\/06\/Lipase-Enzyme.webp\",\"datePublished\":\"2024-06-20T05:12:19+00:00\",\"dateModified\":\"2024-08-16T08:42:41+00:00\",\"description\":\"Nossa enzima lipase se parece com um p\u00f3 amarelo e \u00e9 amplamente utilizada em alimentos, medicamentos, couro, produtos qu\u00edmicos de uso di\u00e1rio e outros setores.\",\"breadcrumb\":{\"@id\":\"https:\/\/theo.niranbio.com\/pt-br\/enzima-lipase.html#breadcrumb\"},\"inLanguage\":\"pt-BR\",\"potentialAction\":[{\"@type\":\"ReadAction\",\"target\":[\"https:\/\/theo.niranbio.com\/pt-br\/enzima-lipase.html\"]}]},{\"@type\":\"ImageObject\",\"inLanguage\":\"pt-BR\",\"@id\":\"https:\/\/theo.niranbio.com\/pt-br\/enzima-lipase.html#primaryimage\",\"url\":\"https:\/\/theo.niranbio.com\/wp-content\/uploads\/2024\/06\/Lipase-Enzyme.webp\",\"contentUrl\":\"https:\/\/theo.niranbio.com\/wp-content\/uploads\/2024\/06\/Lipase-Enzyme.webp\",\"width\":600,\"height\":600,\"caption\":\"Enzima Lipase\"},{\"@type\":\"BreadcrumbList\",\"@id\":\"https:\/\/theo.niranbio.com\/pt-br\/enzima-lipase.html#breadcrumb\",\"itemListElement\":[{\"@type\":\"ListItem\",\"position\":1,\"name\":\"Home\",\"item\":\"https:\/\/theo.niranbio.com\/pt-br\/\"},{\"@type\":\"ListItem\",\"position\":2,\"name\":\"Produtos\",\"item\":\"https:\/\/theo.niranbio.com\/pt-br\/produtos.html\"},{\"@type\":\"ListItem\",\"position\":3,\"name\":\"Outros Ingredientes Alimentares\",\"item\":\"https:\/\/theo.niranbio.com\/pt-br\/outros-ingredientes-alimentares-produto\/\"},{\"@type\":\"ListItem\",\"position\":4,\"name\":\"Enzima lipase\"}]},{\"@type\":\"WebSite\",\"@id\":\"https:\/\/theo.niranbio.com\/pt-br\/#website\",\"url\":\"https:\/\/theo.niranbio.com\/pt-br\/\",\"name\":\"Niranbio Chemical\",\"description\":\"\",\"publisher\":{\"@id\":\"https:\/\/theo.niranbio.com\/pt-br\/#organization\"},\"potentialAction\":[{\"@type\":\"SearchAction\",\"target\":{\"@type\":\"EntryPoint\",\"urlTemplate\":\"https:\/\/theo.niranbio.com\/pt-br\/?s={search_term_string}\"},\"query-input\":{\"@type\":\"PropertyValueSpecification\",\"valueRequired\":true,\"valueName\":\"search_term_string\"}}],\"inLanguage\":\"pt-BR\"},{\"@type\":\"Organization\",\"@id\":\"https:\/\/theo.niranbio.com\/pt-br\/#organization\",\"name\":\"Niranbio Chemical\",\"url\":\"https:\/\/theo.niranbio.com\/pt-br\/\",\"logo\":{\"@type\":\"ImageObject\",\"inLanguage\":\"pt-BR\",\"@id\":\"https:\/\/theo.niranbio.com\/pt-br\/#\/schema\/logo\/image\/\",\"url\":\"https:\/\/theo.niranbio.com\/wp-content\/uploads\/2024\/06\/Niranbio.png\",\"contentUrl\":\"https:\/\/theo.niranbio.com\/wp-content\/uploads\/2024\/06\/Niranbio.png\",\"width\":270,\"height\":100,\"caption\":\"Niranbio Chemical\"},\"image\":{\"@id\":\"https:\/\/theo.niranbio.com\/pt-br\/#\/schema\/logo\/image\/\"}}]}<\/script>\n<!-- \/ Yoast SEO plugin. -->","yoast_head_json":{"title":"P\u00f3 de enzima lipase de grau aliment\u00edcio Fornecedor | Niranbio Chemical","description":"Nossa enzima lipase se parece com um p\u00f3 amarelo e \u00e9 amplamente utilizada em alimentos, medicamentos, couro, produtos qu\u00edmicos de uso di\u00e1rio e outros setores.","robots":{"index":"noindex","follow":"follow","max-snippet":"max-snippet:-1","max-image-preview":"max-image-preview:large","max-video-preview":"max-video-preview:-1"},"twitter_misc":{"Est. tempo de leitura":"3 minutos"},"schema":{"@context":"https:\/\/schema.org","@graph":[{"@type":"WebPage","@id":"https:\/\/theo.niranbio.com\/pt-br\/enzima-lipase.html","url":"https:\/\/theo.niranbio.com\/pt-br\/enzima-lipase.html","name":"P\u00f3 de enzima lipase de grau aliment\u00edcio Fornecedor | Niranbio Chemical","isPartOf":{"@id":"https:\/\/theo.niranbio.com\/pt-br\/#website"},"primaryImageOfPage":{"@id":"https:\/\/theo.niranbio.com\/pt-br\/enzima-lipase.html#primaryimage"},"image":{"@id":"https:\/\/theo.niranbio.com\/pt-br\/enzima-lipase.html#primaryimage"},"thumbnailUrl":"https:\/\/theo.niranbio.com\/wp-content\/uploads\/2024\/06\/Lipase-Enzyme.webp","datePublished":"2024-06-20T05:12:19+00:00","dateModified":"2024-08-16T08:42:41+00:00","description":"Nossa enzima lipase se parece com um p\u00f3 amarelo e \u00e9 amplamente utilizada em alimentos, medicamentos, couro, produtos qu\u00edmicos de uso di\u00e1rio e outros setores.","breadcrumb":{"@id":"https:\/\/theo.niranbio.com\/pt-br\/enzima-lipase.html#breadcrumb"},"inLanguage":"pt-BR","potentialAction":[{"@type":"ReadAction","target":["https:\/\/theo.niranbio.com\/pt-br\/enzima-lipase.html"]}]},{"@type":"ImageObject","inLanguage":"pt-BR","@id":"https:\/\/theo.niranbio.com\/pt-br\/enzima-lipase.html#primaryimage","url":"https:\/\/theo.niranbio.com\/wp-content\/uploads\/2024\/06\/Lipase-Enzyme.webp","contentUrl":"https:\/\/theo.niranbio.com\/wp-content\/uploads\/2024\/06\/Lipase-Enzyme.webp","width":600,"height":600,"caption":"Enzima Lipase"},{"@type":"BreadcrumbList","@id":"https:\/\/theo.niranbio.com\/pt-br\/enzima-lipase.html#breadcrumb","itemListElement":[{"@type":"ListItem","position":1,"name":"Home","item":"https:\/\/theo.niranbio.com\/pt-br\/"},{"@type":"ListItem","position":2,"name":"Produtos","item":"https:\/\/theo.niranbio.com\/pt-br\/produtos.html"},{"@type":"ListItem","position":3,"name":"Outros Ingredientes Alimentares","item":"https:\/\/theo.niranbio.com\/pt-br\/outros-ingredientes-alimentares-produto\/"},{"@type":"ListItem","position":4,"name":"Enzima lipase"}]},{"@type":"WebSite","@id":"https:\/\/theo.niranbio.com\/pt-br\/#website","url":"https:\/\/theo.niranbio.com\/pt-br\/","name":"Niranbio Chemical","description":"","publisher":{"@id":"https:\/\/theo.niranbio.com\/pt-br\/#organization"},"potentialAction":[{"@type":"SearchAction","target":{"@type":"EntryPoint","urlTemplate":"https:\/\/theo.niranbio.com\/pt-br\/?s={search_term_string}"},"query-input":{"@type":"PropertyValueSpecification","valueRequired":true,"valueName":"search_term_string"}}],"inLanguage":"pt-BR"},{"@type":"Organization","@id":"https:\/\/theo.niranbio.com\/pt-br\/#organization","name":"Niranbio Chemical","url":"https:\/\/theo.niranbio.com\/pt-br\/","logo":{"@type":"ImageObject","inLanguage":"pt-BR","@id":"https:\/\/theo.niranbio.com\/pt-br\/#\/schema\/logo\/image\/","url":"https:\/\/theo.niranbio.com\/wp-content\/uploads\/2024\/06\/Niranbio.png","contentUrl":"https:\/\/theo.niranbio.com\/wp-content\/uploads\/2024\/06\/Niranbio.png","width":270,"height":100,"caption":"Niranbio Chemical"},"image":{"@id":"https:\/\/theo.niranbio.com\/pt-br\/#\/schema\/logo\/image\/"}}]}},"_links":{"self":[{"href":"https:\/\/theo.niranbio.com\/pt-br\/wp-json\/wp\/v2\/product\/9851","targetHints":{"allow":["GET"]}}],"collection":[{"href":"https:\/\/theo.niranbio.com\/pt-br\/wp-json\/wp\/v2\/product"}],"about":[{"href":"https:\/\/theo.niranbio.com\/pt-br\/wp-json\/wp\/v2\/types\/product"}],"version-history":[{"count":0,"href":"https:\/\/theo.niranbio.com\/pt-br\/wp-json\/wp\/v2\/product\/9851\/revisions"}],"wp:featuredmedia":[{"embeddable":true,"href":"https:\/\/theo.niranbio.com\/pt-br\/wp-json\/wp\/v2\/media\/9852"}],"wp:attachment":[{"href":"https:\/\/theo.niranbio.com\/pt-br\/wp-json\/wp\/v2\/media?parent=9851"}],"wp:term":[{"taxonomy":"product_brand","embeddable":true,"href":"https:\/\/theo.niranbio.com\/pt-br\/wp-json\/wp\/v2\/product_brand?post=9851"},{"taxonomy":"product_cat","embeddable":true,"href":"https:\/\/theo.niranbio.com\/pt-br\/wp-json\/wp\/v2\/product_cat?post=9851"},{"taxonomy":"product_tag","embeddable":true,"href":"https:\/\/theo.niranbio.com\/pt-br\/wp-json\/wp\/v2\/product_tag?post=9851"}],"curies":[{"name":"wp","href":"https:\/\/api.w.org\/{rel}","templated":true}]}}