{"id":9842,"date":"2024-06-20T11:47:48","date_gmt":"2024-06-20T03:47:48","guid":{"rendered":"https:\/\/theo.niranbio.com\/tween-20-60-80-de-grau-alimenticio\/"},"modified":"2024-08-13T16:29:18","modified_gmt":"2024-08-13T08:29:18","slug":"tween-20-60-80-de-grau-alimenticio","status":"publish","type":"product","link":"https:\/\/theo.niranbio.com\/pt-br\/tween-20-60-80-de-grau-alimenticio.html","title":{"rendered":"Tween 20\/60\/80 de grau aliment\u00edcio"},"content":{"rendered":"<h2><span class=\"ez-toc-section\" id=\"O_que_e_Tween_206080_de_grau_alimenticio\"><\/span>O que \u00e9 Tween 20\/60\/80 de grau aliment\u00edcio?<span class=\"ez-toc-section-end\"><\/span><\/h2>\n<p>Tween 20, Tween 60 e Tween 80 de grau aliment\u00edcio s\u00e3o surfactantes n\u00e3o i\u00f4nicos amplamente utilizados no processamento de alimentos para melhorar a emulsifica\u00e7\u00e3o, espessamento e estabilidade. Tween 20 \u00e9 um l\u00edquido transparente, quase inodoro, completamente sol\u00favel em \u00e1gua, usado principalmente para bebidas e alimentos com baixo teor de gordura, adequado para emulsifica\u00e7\u00e3o e estabiliza\u00e7\u00e3o em ambientes de baixa temperatura.<\/p>\n<p>Tween 60 \u00e9 um l\u00edquido amarelo claro a marrom com um leve cheiro de gordura, bem sol\u00favel em \u00e1gua e \u00e9 frequentemente usado em latic\u00ednios e alimentos ricos em gordura para aumentar a emulsifica\u00e7\u00e3o e melhorar a textura. Tween 80 \u00e9 um l\u00edquido marrom escuro, tamb\u00e9m com um leve cheiro de gordura, bem sol\u00favel em \u00e1gua, adequado para alimentos congelados, como sorvete e chocolate, proporcionando excelentes propriedades de emulsifica\u00e7\u00e3o e espessamento em baixa temperatura.<\/p>\n<h2><span class=\"ez-toc-section\" id=\"Parametros_relacionados\"><\/span>Par\u00e2metros relacionados:<span class=\"ez-toc-section-end\"><\/span><\/h2>\n<table>\n<tbody>\n<tr>\n<td><strong>ITENS<\/strong><\/td>\n<td><strong>PADR\u00c3O<\/strong><\/td>\n<\/tr>\n<tr>\n<td>Valor de acidez, KOH mg\/g<\/td>\n<td>2,0 m\u00e1ximo<\/td>\n<\/tr>\n<tr>\n<td>Valor de saponifica\u00e7\u00e3o, KOH mg\/g<\/td>\n<td>43-55<\/td>\n<\/tr>\n<tr>\n<td>Valor de hidroxila, KOH mg\/g<\/td>\n<td>65-80<\/td>\n<\/tr>\n<tr>\n<td>\u00c1gua, %<\/td>\n<td>2,0 m\u00e1ximo<\/td>\n<\/tr>\n<tr>\n<td>Metais pesados, %<\/td>\n<td>0,001 m\u00e1ximo<\/td>\n<\/tr>\n<tr>\n<td>Cinzas, %<\/td>\n<td>0,25 m\u00e1ximo<\/td>\n<\/tr>\n<\/tbody>\n<\/table>\n<h2><span class=\"ez-toc-section\" id=\"Dosagem_recomendada\"><\/span>Dosagem recomendada:<span class=\"ez-toc-section-end\"><\/span><\/h2>\n<table>\n<tbody>\n<tr>\n<td><strong>Nome do alimento<\/strong><\/td>\n<td><strong>Uso m\u00e1ximo (g\/kg)<\/strong><\/td>\n<\/tr>\n<tr>\n<td>Bebidas<\/td>\n<td>0,5-1,0 g\/kg<\/td>\n<\/tr>\n<tr>\n<td>Produtos l\u00e1cteos<\/td>\n<td>0,5-1,0 g\/kg<\/td>\n<\/tr>\n<tr>\n<td>Temperos<\/td>\n<td>1,0-2,0 g\/kg<\/td>\n<\/tr>\n<tr>\n<td>Geleia<\/td>\n<td>1,0-1,5 g\/kg<\/td>\n<\/tr>\n<tr>\n<td>Sorvete<\/td>\n<td>0,5-1,0 g\/kg<\/td>\n<\/tr>\n<tr>\n<td>Doces<\/td>\n<td>0,5-1,0 g\/kg<\/td>\n<\/tr>\n<tr>\n<td>Molhos<\/td>\n<td>0,5-1,5 g\/kg<\/td>\n<\/tr>\n<tr>\n<td>Alimentos enlatados<\/td>\n<td>0,5-1,0 g\/kg<\/td>\n<\/tr>\n<tr>\n<td>Bebidas proteicas<\/td>\n<td>0,5-1,0 g\/kg<\/td>\n<\/tr>\n<tr>\n<td>Creme de leite<\/td>\n<td>0,5-1,0 g\/kg<\/td>\n<\/tr>\n<tr>\n<td>Geleia<\/td>\n<td>0,5-1,0 g\/kg<\/td>\n<\/tr>\n<tr>\n<td>Conservas<\/td>\n<td>0,5-1,0 g\/kg<\/td>\n<\/tr>\n<tr>\n<td>Creme<\/td>\n<td>0,5-1,0 g\/kg<\/td>\n<\/tr>\n<tr>\n<td>P\u00e3o<\/td>\n<td>0,5-1,0 g\/kg<\/td>\n<\/tr>\n<tr>\n<td>Biscoitos<\/td>\n<td>0,5-1,0 g\/kg<\/td>\n<\/tr>\n<\/tbody>\n<\/table>\n<h2><span class=\"ez-toc-section\" id=\"Food_Grade_Tween_206080_tem_uma_ampla_gama_de_usos\"><\/span>Food Grade Tween 20\/60\/80 tem uma ampla gama de usos<span class=\"ez-toc-section-end\"><\/span><\/h2>\n<h2><span class=\"ez-toc-section\" id=\"Tween_20_de_grau_alimenticio\"><\/span>Tween 20 de grau aliment\u00edcio:<span class=\"ez-toc-section-end\"><\/span><\/h2>\n<ol>\n<li>Emulsifica\u00e7\u00e3o: Tween 20 pode efetivamente misturar \u00f3leo e \u00e1gua para formar uma emuls\u00e3o est\u00e1vel, que \u00e9 amplamente usada em sucos, bebidas e alimentos com baixo teor de gordura. Ele tem um bom desempenho na forma\u00e7\u00e3o e estabiliza\u00e7\u00e3o de emuls\u00f5es.<\/li>\n<li>Estabilidade: Ele fornece boa estabilidade em ambientes de baixa temperatura, evita a estratifica\u00e7\u00e3o ou precipita\u00e7\u00e3o de ingredientes em alimentos e mant\u00e9m a consist\u00eancia do produto.<\/li>\n<li>Espessamento: Embora o efeito de espessamento n\u00e3o seja t\u00e3o bom quanto alguns outros espessantes, ele pode melhorar o sabor e a textura em alguns alimentos de baixa viscosidade.<\/li>\n<li>Dispers\u00e3o: Ajuda a dispersar part\u00edculas s\u00f3lidas e evitar aglomera\u00e7\u00e3o. \u00c9 adequado para produtos como condimentos e misturas de p\u00f3 seco.<\/li>\n<\/ol>\n<h2><span class=\"ez-toc-section\" id=\"Food_Grade_Tween_60\"><\/span>Food Grade Tween 60:<span class=\"ez-toc-section-end\"><\/span><\/h2>\n<ol>\n<li>Emulsifica\u00e7\u00e3o: Tween 60 tem bom desempenho na emulsifica\u00e7\u00e3o de alimentos com alto teor de gordura, como latic\u00ednios e sorvetes. Pode produzir uma emuls\u00e3o est\u00e1vel de \u00f3leo-\u00e1gua, o que pode evitar a estratifica\u00e7\u00e3o do \u00f3leo.<\/li>\n<li>Melhoria da textura: Ao melhorar a textura e o sabor do produto, \u00e9 particularmente adequado para alimentos ricos em gordura, como creme, doces e p\u00e3o.<\/li>\n<li>Estabilidade: Fornece melhor estabilidade em ambientes de alta temperatura, evita a estratifica\u00e7\u00e3o e precipita\u00e7\u00e3o do produto e estende a vida \u00fatil dos alimentos.<\/li>\n<li>Espessamento: Pode desempenhar um leve papel de espessamento em alguns alimentos para melhorar a consist\u00eancia e a textura do produto.<\/li>\n<\/ol>\n<h2><span class=\"ez-toc-section\" id=\"Food_Grade_Tween_80\"><\/span>Food Grade Tween 80:<span class=\"ez-toc-section-end\"><\/span><\/h2>\n<ol>\n<li>Emulsifica\u00e7\u00e3o: Tween 80 tem excelentes propriedades de emulsifica\u00e7\u00e3o e \u00e9 particularmente adequado para emulsifica\u00e7\u00e3o em condi\u00e7\u00f5es de baixa temperatura, como sorvetes e alimentos congelados. Pode formar uma emuls\u00e3o est\u00e1vel para evitar a precipita\u00e7\u00e3o de \u00f3leo.<\/li>\n<li>Espessamento: Tem um bom efeito espessante em alguns alimentos, melhorando a consist\u00eancia e a textura do produto, como em chocolate e molho para salada.<\/li>\n<li>Estabilidade: Proporciona estabilidade em ambientes congelados e refrigerados, mantendo a uniformidade e a consist\u00eancia do produto.<\/li>\n<li>Dispers\u00e3o: Dispersa efetivamente part\u00edculas s\u00f3lidas e previne aglomera\u00e7\u00e3o, adequado para necessidades de dispers\u00e3o, como em temperos e sobremesas.<\/li>\n<\/ol>\n<h2><span class=\"ez-toc-section\" id=\"O_usuario_fez_a_seguinte_pergunta\"><\/span>O usu\u00e1rio fez a seguinte pergunta:<span class=\"ez-toc-section-end\"><\/span><\/h2>\n<p>Pergunta: Qual \u00e9 a diferen\u00e7a entre Tween de grau aliment\u00edcio e span de grau aliment\u00edcio?<\/p>\n<p>Resposta: Tanto o Tween de grau aliment\u00edcio quanto o span s\u00e3o surfactantes n\u00e3o i\u00f4nicos, mas s\u00e3o significativamente diferentes em estrutura qu\u00edmica, desempenho e aplica\u00e7\u00e3o. Tween (como Tween 20, Tween 60, Tween 80) cont\u00e9m grupos polissorbato, tem forte hidrofilicidade e alta capacidade de emulsifica\u00e7\u00e3o, \u00e9 adequado para alimentos com baixo teor de gordura e emuls\u00f5es aquosas e pode permanecer est\u00e1vel sob uma ampla gama de condi\u00e7\u00f5es de pH e temperatura.<\/p>\n<p>Span (como Span 20, Span 60, Span 80) cont\u00e9m grupos sorbitol, tem hidrofilicidade mais fraca e tem um valor HLB mais baixo. \u00c9 mais adequado para alimentos com alto teor de gordura e emuls\u00f5es de fase oleosa, especialmente sob condi\u00e7\u00f5es de alta gordura e alta temperatura.<\/p>\n","protected":false},"excerpt":{"rendered":"<ul>\n<li>CAS: 9006-65-6<\/li>\n<li>F\u00f3rmula qu\u00edmica: C<sub>58<\/sub>H<sub>114<\/sub>O<sub>26<\/sub><\/li>\n<li>Certifica\u00e7\u00f5es: KOSHER, ISO, HALAL, FSSC 22000, BRC, etc.<\/li>\n<li>Quantidade m\u00ednima do pedido: 1000KG<\/li>\n<li>Prazo de validade: 2 anos<\/li>\n<\/ul>\n","protected":false},"featured_media":9843,"template":"","meta":{"site-sidebar-layout":"default","site-content-layout":"","ast-site-content-layout":"default","site-content-style":"default","site-sidebar-style":"default","ast-global-header-display":"","ast-banner-title-visibility":"","ast-main-header-display":"","ast-hfb-above-header-display":"","ast-hfb-below-header-display":"","ast-hfb-mobile-header-display":"","site-post-title":"","ast-breadcrumbs-content":"","ast-featured-img":"","footer-sml-layout":"","theme-transparent-header-meta":"default","adv-header-id-meta":"","stick-header-meta":"","header-above-stick-meta":"","header-main-stick-meta":"","header-below-stick-meta":"","astra-migrate-meta-layouts":"set","ast-page-background-enabled":"default","ast-page-background-meta":{"desktop":{"background-color":"var(--ast-global-color-4)","background-image":"","background-repeat":"repeat","background-position":"center center","background-size":"auto","background-attachment":"scroll","background-type":"","background-media":"","overlay-type":"","overlay-color":"","overlay-opacity":"","overlay-gradient":""},"tablet":{"background-color":"","background-image":"","background-repeat":"repeat","background-position":"center center","background-size":"auto","background-attachment":"scroll","background-type":"","background-media":"","overlay-type":"","overlay-color":"","overlay-opacity":"","overlay-gradient":""},"mobile":{"background-color":"","background-image":"","background-repeat":"repeat","background-position":"center center","background-size":"auto","background-attachment":"scroll","background-type":"","background-media":"","overlay-type":"","overlay-color":"","overlay-opacity":"","overlay-gradient":""}},"ast-content-background-meta":{"desktop":{"background-color":"var(--ast-global-color-5)","background-image":"","background-repeat":"repeat","background-position":"center center","background-size":"auto","background-attachment":"scroll","background-type":"","background-media":"","overlay-type":"","overlay-color":"","overlay-opacity":"","overlay-gradient":""},"tablet":{"background-color":"var(--ast-global-color-5)","background-image":"","background-repeat":"repeat","background-position":"center center","background-size":"auto","background-attachment":"scroll","background-type":"","background-media":"","overlay-type":"","overlay-color":"","overlay-opacity":"","overlay-gradient":""},"mobile":{"background-color":"var(--ast-global-color-5)","background-image":"","background-repeat":"repeat","background-position":"center center","background-size":"auto","background-attachment":"scroll","background-type":"","background-media":"","overlay-type":"","overlay-color":"","overlay-opacity":"","overlay-gradient":""}}},"product_brand":[],"product_cat":[85],"product_tag":[],"class_list":{"0":"post-9842","1":"product","2":"type-product","3":"status-publish","4":"has-post-thumbnail","6":"product_cat-produto-emulsificante","7":"desktop-align-center","8":"tablet-align-left","9":"mobile-align-left","11":"first","12":"instock","13":"shipping-taxable","14":"product-type-simple"},"yoast_head":"<!-- This site is optimized with the Yoast SEO plugin v26.5 - https:\/\/yoast.com\/wordpress\/plugins\/seo\/ -->\n<title>Tween L\u00edquido 20\/60\/80 Grau Alimentar | Niranbio Chemical<\/title>\n<meta name=\"description\" content=\"O Tween 20, o Tween 60 e o Tween 80 de qualidade alimentar s\u00e3o tensioativos n\u00e3o i\u00f3nicos amplamente utilizados no processamento de alimentos para melhorar a emulsifica\u00e7\u00e3o, o espessamento e a estabilidade.\" \/>\n<meta name=\"robots\" content=\"noindex, follow, max-snippet:-1, max-image-preview:large, max-video-preview:-1\" \/>\n<meta name=\"twitter:label1\" content=\"Est. tempo de leitura\" \/>\n\t<meta name=\"twitter:data1\" content=\"4 minutos\" \/>\n<script type=\"application\/ld+json\" class=\"yoast-schema-graph\">{\"@context\":\"https:\/\/schema.org\",\"@graph\":[{\"@type\":\"WebPage\",\"@id\":\"https:\/\/theo.niranbio.com\/pt-br\/tween-20-60-80-de-grau-alimenticio.html\",\"url\":\"https:\/\/theo.niranbio.com\/pt-br\/tween-20-60-80-de-grau-alimenticio.html\",\"name\":\"Tween L\u00edquido 20\/60\/80 Grau Alimentar | Niranbio Chemical\",\"isPartOf\":{\"@id\":\"https:\/\/theo.niranbio.com\/pt-br\/#website\"},\"primaryImageOfPage\":{\"@id\":\"https:\/\/theo.niranbio.com\/pt-br\/tween-20-60-80-de-grau-alimenticio.html#primaryimage\"},\"image\":{\"@id\":\"https:\/\/theo.niranbio.com\/pt-br\/tween-20-60-80-de-grau-alimenticio.html#primaryimage\"},\"thumbnailUrl\":\"https:\/\/theo.niranbio.com\/wp-content\/uploads\/2024\/06\/Tween-food-grade-20-60-80.webp\",\"datePublished\":\"2024-06-20T03:47:48+00:00\",\"dateModified\":\"2024-08-13T08:29:18+00:00\",\"description\":\"O Tween 20, o Tween 60 e o Tween 80 de qualidade alimentar s\u00e3o tensioativos n\u00e3o i\u00f3nicos amplamente utilizados no processamento de alimentos para melhorar a emulsifica\u00e7\u00e3o, o espessamento e a estabilidade.\",\"breadcrumb\":{\"@id\":\"https:\/\/theo.niranbio.com\/pt-br\/tween-20-60-80-de-grau-alimenticio.html#breadcrumb\"},\"inLanguage\":\"pt-BR\",\"potentialAction\":[{\"@type\":\"ReadAction\",\"target\":[\"https:\/\/theo.niranbio.com\/pt-br\/tween-20-60-80-de-grau-alimenticio.html\"]}]},{\"@type\":\"ImageObject\",\"inLanguage\":\"pt-BR\",\"@id\":\"https:\/\/theo.niranbio.com\/pt-br\/tween-20-60-80-de-grau-alimenticio.html#primaryimage\",\"url\":\"https:\/\/theo.niranbio.com\/wp-content\/uploads\/2024\/06\/Tween-food-grade-20-60-80.webp\",\"contentUrl\":\"https:\/\/theo.niranbio.com\/wp-content\/uploads\/2024\/06\/Tween-food-grade-20-60-80.webp\",\"width\":600,\"height\":600,\"caption\":\"Tween grau aliment\u00edcio 20 60 80\"},{\"@type\":\"BreadcrumbList\",\"@id\":\"https:\/\/theo.niranbio.com\/pt-br\/tween-20-60-80-de-grau-alimenticio.html#breadcrumb\",\"itemListElement\":[{\"@type\":\"ListItem\",\"position\":1,\"name\":\"Home\",\"item\":\"https:\/\/theo.niranbio.com\/pt-br\/\"},{\"@type\":\"ListItem\",\"position\":2,\"name\":\"Produtos\",\"item\":\"https:\/\/theo.niranbio.com\/pt-br\/produtos.html\"},{\"@type\":\"ListItem\",\"position\":3,\"name\":\"Emulsificante\",\"item\":\"https:\/\/theo.niranbio.com\/pt-br\/produto-emulsificante\/\"},{\"@type\":\"ListItem\",\"position\":4,\"name\":\"Tween 20\/60\/80 de grau aliment\u00edcio\"}]},{\"@type\":\"WebSite\",\"@id\":\"https:\/\/theo.niranbio.com\/pt-br\/#website\",\"url\":\"https:\/\/theo.niranbio.com\/pt-br\/\",\"name\":\"Niranbio Chemical\",\"description\":\"\",\"publisher\":{\"@id\":\"https:\/\/theo.niranbio.com\/pt-br\/#organization\"},\"potentialAction\":[{\"@type\":\"SearchAction\",\"target\":{\"@type\":\"EntryPoint\",\"urlTemplate\":\"https:\/\/theo.niranbio.com\/pt-br\/?s={search_term_string}\"},\"query-input\":{\"@type\":\"PropertyValueSpecification\",\"valueRequired\":true,\"valueName\":\"search_term_string\"}}],\"inLanguage\":\"pt-BR\"},{\"@type\":\"Organization\",\"@id\":\"https:\/\/theo.niranbio.com\/pt-br\/#organization\",\"name\":\"Niranbio Chemical\",\"url\":\"https:\/\/theo.niranbio.com\/pt-br\/\",\"logo\":{\"@type\":\"ImageObject\",\"inLanguage\":\"pt-BR\",\"@id\":\"https:\/\/theo.niranbio.com\/pt-br\/#\/schema\/logo\/image\/\",\"url\":\"https:\/\/theo.niranbio.com\/wp-content\/uploads\/2024\/06\/Niranbio.png\",\"contentUrl\":\"https:\/\/theo.niranbio.com\/wp-content\/uploads\/2024\/06\/Niranbio.png\",\"width\":270,\"height\":100,\"caption\":\"Niranbio Chemical\"},\"image\":{\"@id\":\"https:\/\/theo.niranbio.com\/pt-br\/#\/schema\/logo\/image\/\"}}]}<\/script>\n<!-- \/ Yoast SEO plugin. -->","yoast_head_json":{"title":"Tween L\u00edquido 20\/60\/80 Grau Alimentar | Niranbio Chemical","description":"O Tween 20, o Tween 60 e o Tween 80 de qualidade alimentar s\u00e3o tensioativos n\u00e3o i\u00f3nicos amplamente utilizados no processamento de alimentos para melhorar a emulsifica\u00e7\u00e3o, o espessamento e a estabilidade.","robots":{"index":"noindex","follow":"follow","max-snippet":"max-snippet:-1","max-image-preview":"max-image-preview:large","max-video-preview":"max-video-preview:-1"},"twitter_misc":{"Est. tempo de leitura":"4 minutos"},"schema":{"@context":"https:\/\/schema.org","@graph":[{"@type":"WebPage","@id":"https:\/\/theo.niranbio.com\/pt-br\/tween-20-60-80-de-grau-alimenticio.html","url":"https:\/\/theo.niranbio.com\/pt-br\/tween-20-60-80-de-grau-alimenticio.html","name":"Tween L\u00edquido 20\/60\/80 Grau Alimentar | Niranbio Chemical","isPartOf":{"@id":"https:\/\/theo.niranbio.com\/pt-br\/#website"},"primaryImageOfPage":{"@id":"https:\/\/theo.niranbio.com\/pt-br\/tween-20-60-80-de-grau-alimenticio.html#primaryimage"},"image":{"@id":"https:\/\/theo.niranbio.com\/pt-br\/tween-20-60-80-de-grau-alimenticio.html#primaryimage"},"thumbnailUrl":"https:\/\/theo.niranbio.com\/wp-content\/uploads\/2024\/06\/Tween-food-grade-20-60-80.webp","datePublished":"2024-06-20T03:47:48+00:00","dateModified":"2024-08-13T08:29:18+00:00","description":"O Tween 20, o Tween 60 e o Tween 80 de qualidade alimentar s\u00e3o tensioativos n\u00e3o i\u00f3nicos amplamente utilizados no processamento de alimentos para melhorar a emulsifica\u00e7\u00e3o, o espessamento e a estabilidade.","breadcrumb":{"@id":"https:\/\/theo.niranbio.com\/pt-br\/tween-20-60-80-de-grau-alimenticio.html#breadcrumb"},"inLanguage":"pt-BR","potentialAction":[{"@type":"ReadAction","target":["https:\/\/theo.niranbio.com\/pt-br\/tween-20-60-80-de-grau-alimenticio.html"]}]},{"@type":"ImageObject","inLanguage":"pt-BR","@id":"https:\/\/theo.niranbio.com\/pt-br\/tween-20-60-80-de-grau-alimenticio.html#primaryimage","url":"https:\/\/theo.niranbio.com\/wp-content\/uploads\/2024\/06\/Tween-food-grade-20-60-80.webp","contentUrl":"https:\/\/theo.niranbio.com\/wp-content\/uploads\/2024\/06\/Tween-food-grade-20-60-80.webp","width":600,"height":600,"caption":"Tween grau aliment\u00edcio 20 60 80"},{"@type":"BreadcrumbList","@id":"https:\/\/theo.niranbio.com\/pt-br\/tween-20-60-80-de-grau-alimenticio.html#breadcrumb","itemListElement":[{"@type":"ListItem","position":1,"name":"Home","item":"https:\/\/theo.niranbio.com\/pt-br\/"},{"@type":"ListItem","position":2,"name":"Produtos","item":"https:\/\/theo.niranbio.com\/pt-br\/produtos.html"},{"@type":"ListItem","position":3,"name":"Emulsificante","item":"https:\/\/theo.niranbio.com\/pt-br\/produto-emulsificante\/"},{"@type":"ListItem","position":4,"name":"Tween 20\/60\/80 de grau aliment\u00edcio"}]},{"@type":"WebSite","@id":"https:\/\/theo.niranbio.com\/pt-br\/#website","url":"https:\/\/theo.niranbio.com\/pt-br\/","name":"Niranbio Chemical","description":"","publisher":{"@id":"https:\/\/theo.niranbio.com\/pt-br\/#organization"},"potentialAction":[{"@type":"SearchAction","target":{"@type":"EntryPoint","urlTemplate":"https:\/\/theo.niranbio.com\/pt-br\/?s={search_term_string}"},"query-input":{"@type":"PropertyValueSpecification","valueRequired":true,"valueName":"search_term_string"}}],"inLanguage":"pt-BR"},{"@type":"Organization","@id":"https:\/\/theo.niranbio.com\/pt-br\/#organization","name":"Niranbio Chemical","url":"https:\/\/theo.niranbio.com\/pt-br\/","logo":{"@type":"ImageObject","inLanguage":"pt-BR","@id":"https:\/\/theo.niranbio.com\/pt-br\/#\/schema\/logo\/image\/","url":"https:\/\/theo.niranbio.com\/wp-content\/uploads\/2024\/06\/Niranbio.png","contentUrl":"https:\/\/theo.niranbio.com\/wp-content\/uploads\/2024\/06\/Niranbio.png","width":270,"height":100,"caption":"Niranbio Chemical"},"image":{"@id":"https:\/\/theo.niranbio.com\/pt-br\/#\/schema\/logo\/image\/"}}]}},"_links":{"self":[{"href":"https:\/\/theo.niranbio.com\/pt-br\/wp-json\/wp\/v2\/product\/9842","targetHints":{"allow":["GET"]}}],"collection":[{"href":"https:\/\/theo.niranbio.com\/pt-br\/wp-json\/wp\/v2\/product"}],"about":[{"href":"https:\/\/theo.niranbio.com\/pt-br\/wp-json\/wp\/v2\/types\/product"}],"version-history":[{"count":0,"href":"https:\/\/theo.niranbio.com\/pt-br\/wp-json\/wp\/v2\/product\/9842\/revisions"}],"wp:featuredmedia":[{"embeddable":true,"href":"https:\/\/theo.niranbio.com\/pt-br\/wp-json\/wp\/v2\/media\/9843"}],"wp:attachment":[{"href":"https:\/\/theo.niranbio.com\/pt-br\/wp-json\/wp\/v2\/media?parent=9842"}],"wp:term":[{"taxonomy":"product_brand","embeddable":true,"href":"https:\/\/theo.niranbio.com\/pt-br\/wp-json\/wp\/v2\/product_brand?post=9842"},{"taxonomy":"product_cat","embeddable":true,"href":"https:\/\/theo.niranbio.com\/pt-br\/wp-json\/wp\/v2\/product_cat?post=9842"},{"taxonomy":"product_tag","embeddable":true,"href":"https:\/\/theo.niranbio.com\/pt-br\/wp-json\/wp\/v2\/product_tag?post=9842"}],"curies":[{"name":"wp","href":"https:\/\/api.w.org\/{rel}","templated":true}]}}