{"id":9840,"date":"2024-06-20T11:39:07","date_gmt":"2024-06-20T03:39:07","guid":{"rendered":"https:\/\/theo.niranbio.com\/peptideo-de-arroz\/"},"modified":"2024-08-16T15:29:16","modified_gmt":"2024-08-16T07:29:16","slug":"peptideo-de-arroz","status":"publish","type":"product","link":"https:\/\/theo.niranbio.com\/pt-br\/peptideo-de-arroz.html","title":{"rendered":"Pept\u00eddeo de Arroz"},"content":{"rendered":"<h2><span class=\"ez-toc-section\" id=\"O_que_e_peptideo_de_arroz\"><\/span>O que \u00e9 pept\u00eddeo de arroz?<span class=\"ez-toc-section-end\"><\/span><\/h2>\n<p>O pept\u00eddeo de arroz \u00e9 uma mistura de pept\u00eddeos de cadeia curta e amino\u00e1cidos feitos de prote\u00edna de arroz por hidr\u00f3lise enzim\u00e1tica. \u00c9 um p\u00f3 facilmente absorvido e altamente sol\u00favel, de cor branca ou amarelo-claro. \u00c9 amplamente utilizado em alimentos e bebidas funcionais, produtos de sa\u00fade, alimentos infantis, alimentos para idosos e alimentos para fins m\u00e9dicos especiais devido \u00e0s suas m\u00faltiplas atividades biol\u00f3gicas, como antioxidante, imunomodulador e antifadiga. As perspectivas de mercado de pept\u00eddeos de arroz s\u00e3o amplas, gra\u00e7as \u00e0 crescente demanda dos consumidores por alimentos saud\u00e1veis \u200b\u200be funcionais. Com a melhoria dos processos de produ\u00e7\u00e3o e a redu\u00e7\u00e3o de custos, os pept\u00eddeos de arroz t\u00eam recebido cada vez mais aten\u00e7\u00e3o e aplica\u00e7\u00f5es em todo o mundo, e espera-se que seu tamanho de mercado continue a se expandir.<\/p>\n<h2><span class=\"ez-toc-section\" id=\"Dosagem_recomendada\"><\/span><strong><b>Dosagem recomendada:<\/b><\/strong><span class=\"ez-toc-section-end\"><\/span><\/h2>\n<table>\n<tbody>\n<tr>\n<td><strong>Nome do alimento<\/strong><\/td>\n<td><strong>Uso m\u00e1ximo (g\/kg)<\/strong><\/td>\n<\/tr>\n<tr>\n<td>Bebidas funcionais<\/td>\n<td>2-5 g\/kg<\/td>\n<\/tr>\n<tr>\n<td>Bebidas esportivas<\/td>\n<td>3-8 g\/kg<\/td>\n<\/tr>\n<tr>\n<td>Prote\u00edna em p\u00f3<\/td>\n<td>50-100 g\/kg<\/td>\n<\/tr>\n<tr>\n<td>Farinha de aveia pronta para o consumo<\/td>\n<td>5-15 g\/kg<\/td>\n<\/tr>\n<tr>\n<td>Cereais matinais<\/td>\n<td>5-15 g\/kg<\/td>\n<\/tr>\n<tr>\n<td>Bebidas de prote\u00edna de soro de leite<\/td>\n<td>5-15 g\/kg<\/td>\n<\/tr>\n<tr>\n<td>Iogurte e produtos l\u00e1cteos fermentados<\/td>\n<td>5-10 g\/kg<\/td>\n<\/tr>\n<tr>\n<td>Panifica\u00e7\u00e3o<\/td>\n<td>5-10 g\/kg<\/td>\n<\/tr>\n<tr>\n<td>P\u00e3es e doces<\/td>\n<td>10-20 g\/kg<\/td>\n<\/tr>\n<tr>\n<td>Biscoitos e sobremesas<\/td>\n<td>5-15 g\/kg<\/td>\n<\/tr>\n<tr>\n<td>Chocolate e doces<\/td>\n<td>5-10 g\/kg<\/td>\n<\/tr>\n<tr>\n<td>Leite vegetal<\/td>\n<td>5-10 g\/kg<\/td>\n<\/tr>\n<tr>\n<td>Alimentos congelados prontos para o consumo<\/td>\n<td>5-15 g\/kg<\/td>\n<\/tr>\n<tr>\n<td>Molhos para salada e molhos<\/td>\n<td>5-10 g\/kg<\/td>\n<\/tr>\n<tr>\n<td>Farinha de arroz e pasta de arroz<\/td>\n<td>10-20 g\/kg<\/td>\n<\/tr>\n<\/tbody>\n<\/table>\n<h2><span class=\"ez-toc-section\" id=\"Peptideo_de_arroz_tem_uma_ampla_gama_de_usos\"><\/span>Pept\u00eddeo de arroz tem uma ampla gama de usos<span class=\"ez-toc-section-end\"><\/span><\/h2>\n<ol>\n<li>F\u00e1cil de absorver: Pept\u00eddeos de arroz s\u00e3o compostos de pept\u00eddeos de cadeia curta e amino\u00e1cidos, com um pequeno peso molecular, f\u00e1ceis de serem digeridos e absorvidos pelo corpo humano e podem ser usados \u200b\u200bmais rapidamente do que prote\u00ednas completas.<\/li>\n<li>Antioxidante: Pept\u00eddeos de arroz exibem fortes propriedades antioxidantes que podem ajudar a reprimir radicais livres, prevenir danos oxidativos \u00e0s c\u00e9lulas e retardar o envelhecimento celular.<\/li>\n<li>Imunomodulador: Pode melhorar a fun\u00e7\u00e3o do sistema imunol\u00f3gico e melhorar a capacidade do corpo de lutar contra bact\u00e9rias e v\u00edrus.<\/li>\n<li>Antifadiga: Pept\u00eddeos de arroz podem promover o metabolismo energ\u00e9tico, reduzir a fadiga e melhorar o desempenho atl\u00e9tico e a resist\u00eancia.<\/li>\n<li>Melhorar a sa\u00fade intestinal: Suas propriedades de f\u00e1cil digest\u00e3o e absor\u00e7\u00e3o ajudam a melhorar a fun\u00e7\u00e3o intestinal, promover o crescimento de bact\u00e9rias ben\u00e9ficas e ajudar a manter a sa\u00fade intestinal.<\/li>\n<li>Cuidados hidratantes com a pele: Alguns ingredientes em pept\u00eddeos de arroz podem hidratar e reparar a barreira da pele e s\u00e3o adequados para cosm\u00e9ticos e produtos para cuidados com a pele.<\/li>\n<\/ol>\n<h2><span class=\"ez-toc-section\" id=\"Pergunta_feita_pelo_usuario\"><\/span>Pergunta feita pelo usu\u00e1rio:<span class=\"ez-toc-section-end\"><\/span><\/h2>\n<p>Pergunta: Como os pept\u00eddeos de arroz se comparam \u00e0 prote\u00edna do soro do leite?<\/p>\n<p>Resposta: Pept\u00eddeos de arroz e prote\u00edna de soro de leite t\u00eam suas pr\u00f3prias caracter\u00edsticas. Pept\u00eddeos de arroz s\u00e3o pept\u00eddeos de cadeia curta obtidos por prote\u00f3lise da prote\u00edna de arroz. Eles s\u00e3o f\u00e1ceis de digerir e absorver, adequados para pessoas com alergias, vegetarianos e aqueles que precisam de suporte imunol\u00f3gico, e s\u00e3o amplamente utilizados em alimentos funcionais e produtos de sa\u00fade.<\/p>\n<p>A prote\u00edna de soro de leite vem do leite e \u00e9 rica em amino\u00e1cidos de cadeia ramificada. \u00c9 especialmente adequada para atletas e entusiastas do fitness que precisam suplementar rapidamente a prote\u00edna e promover o reparo muscular. Pept\u00eddeos de arroz t\u00eam boa compatibilidade com uma variedade de pessoas, enquanto a prote\u00edna de soro de leite tem bom desempenho em nutri\u00e7\u00e3o esportiva e crescimento muscular.<\/p>\n","protected":false},"excerpt":{"rendered":"<ul>\n<li>Certifica\u00e7\u00f5es: KOSHER, ISO, HALAL, FSSC22000, BRC, etc.<\/li>\n<li>Quantidade m\u00ednima do pedido: 1000KG<\/li>\n<li>Prazo de validade: 2 anos<\/li>\n<\/ul>\n","protected":false},"featured_media":9841,"template":"","meta":{"site-sidebar-layout":"default","site-content-layout":"","ast-site-content-layout":"default","site-content-style":"default","site-sidebar-style":"default","ast-global-header-display":"","ast-banner-title-visibility":"","ast-main-header-display":"","ast-hfb-above-header-display":"","ast-hfb-below-header-display":"","ast-hfb-mobile-header-display":"","site-post-title":"","ast-breadcrumbs-content":"","ast-featured-img":"","footer-sml-layout":"","theme-transparent-header-meta":"default","adv-header-id-meta":"","stick-header-meta":"","header-above-stick-meta":"","header-main-stick-meta":"","header-below-stick-meta":"","astra-migrate-meta-layouts":"set","ast-page-background-enabled":"default","ast-page-background-meta":{"desktop":{"background-color":"var(--ast-global-color-4)","background-image":"","background-repeat":"repeat","background-position":"center center","background-size":"auto","background-attachment":"scroll","background-type":"","background-media":"","overlay-type":"","overlay-color":"","overlay-opacity":"","overlay-gradient":""},"tablet":{"background-color":"","background-image":"","background-repeat":"repeat","background-position":"center center","background-size":"auto","background-attachment":"scroll","background-type":"","background-media":"","overlay-type":"","overlay-color":"","overlay-opacity":"","overlay-gradient":""},"mobile":{"background-color":"","background-image":"","background-repeat":"repeat","background-position":"center center","background-size":"auto","background-attachment":"scroll","background-type":"","background-media":"","overlay-type":"","overlay-color":"","overlay-opacity":"","overlay-gradient":""}},"ast-content-background-meta":{"desktop":{"background-color":"var(--ast-global-color-5)","background-image":"","background-repeat":"repeat","background-position":"center center","background-size":"auto","background-attachment":"scroll","background-type":"","background-media":"","overlay-type":"","overlay-color":"","overlay-opacity":"","overlay-gradient":""},"tablet":{"background-color":"var(--ast-global-color-5)","background-image":"","background-repeat":"repeat","background-position":"center center","background-size":"auto","background-attachment":"scroll","background-type":"","background-media":"","overlay-type":"","overlay-color":"","overlay-opacity":"","overlay-gradient":""},"mobile":{"background-color":"var(--ast-global-color-5)","background-image":"","background-repeat":"repeat","background-position":"center center","background-size":"auto","background-attachment":"scroll","background-type":"","background-media":"","overlay-type":"","overlay-color":"","overlay-opacity":"","overlay-gradient":""}}},"product_brand":[],"product_cat":[95],"product_tag":[],"class_list":{"0":"post-9840","1":"product","2":"type-product","3":"status-publish","4":"has-post-thumbnail","6":"product_cat-produto-de-proteinas","7":"desktop-align-center","8":"tablet-align-left","9":"mobile-align-left","11":"first","12":"instock","13":"shipping-taxable","14":"product-type-simple"},"yoast_head":"<!-- This site is optimized with the Yoast SEO plugin v26.5 - https:\/\/yoast.com\/wordpress\/plugins\/seo\/ -->\n<title>Compre P\u00f3 de Pept\u00eddeo de Arroz a Granel, Fornecedor de Pept\u00eddeo de Arroz | Niranbio Chemical<\/title>\n<meta name=\"description\" content=\"Nosso Pept\u00eddeo de Arroz \u00e9 um p\u00f3 facilmente absorvido e altamente sol\u00favel, de cor branca ou amarelo-claro, amplamente utilizado em alimentos e bebidas funcionais.\" \/>\n<meta name=\"robots\" content=\"noindex, follow, max-snippet:-1, max-image-preview:large, max-video-preview:-1\" \/>\n<meta name=\"twitter:label1\" content=\"Est. tempo de leitura\" \/>\n\t<meta name=\"twitter:data1\" content=\"3 minutos\" \/>\n<script type=\"application\/ld+json\" class=\"yoast-schema-graph\">{\"@context\":\"https:\/\/schema.org\",\"@graph\":[{\"@type\":\"WebPage\",\"@id\":\"https:\/\/theo.niranbio.com\/pt-br\/peptideo-de-arroz.html\",\"url\":\"https:\/\/theo.niranbio.com\/pt-br\/peptideo-de-arroz.html\",\"name\":\"Compre P\u00f3 de Pept\u00eddeo de Arroz a Granel, Fornecedor de Pept\u00eddeo de Arroz | Niranbio Chemical\",\"isPartOf\":{\"@id\":\"https:\/\/theo.niranbio.com\/pt-br\/#website\"},\"primaryImageOfPage\":{\"@id\":\"https:\/\/theo.niranbio.com\/pt-br\/peptideo-de-arroz.html#primaryimage\"},\"image\":{\"@id\":\"https:\/\/theo.niranbio.com\/pt-br\/peptideo-de-arroz.html#primaryimage\"},\"thumbnailUrl\":\"https:\/\/theo.niranbio.com\/wp-content\/uploads\/2024\/06\/Rice-Peptide.webp\",\"datePublished\":\"2024-06-20T03:39:07+00:00\",\"dateModified\":\"2024-08-16T07:29:16+00:00\",\"description\":\"Nosso Pept\u00eddeo de Arroz \u00e9 um p\u00f3 facilmente absorvido e altamente sol\u00favel, de cor branca ou amarelo-claro, amplamente utilizado em alimentos e bebidas funcionais.\",\"breadcrumb\":{\"@id\":\"https:\/\/theo.niranbio.com\/pt-br\/peptideo-de-arroz.html#breadcrumb\"},\"inLanguage\":\"pt-BR\",\"potentialAction\":[{\"@type\":\"ReadAction\",\"target\":[\"https:\/\/theo.niranbio.com\/pt-br\/peptideo-de-arroz.html\"]}]},{\"@type\":\"ImageObject\",\"inLanguage\":\"pt-BR\",\"@id\":\"https:\/\/theo.niranbio.com\/pt-br\/peptideo-de-arroz.html#primaryimage\",\"url\":\"https:\/\/theo.niranbio.com\/wp-content\/uploads\/2024\/06\/Rice-Peptide.webp\",\"contentUrl\":\"https:\/\/theo.niranbio.com\/wp-content\/uploads\/2024\/06\/Rice-Peptide.webp\",\"width\":600,\"height\":600,\"caption\":\"Pept\u00eddeo de arroz\"},{\"@type\":\"BreadcrumbList\",\"@id\":\"https:\/\/theo.niranbio.com\/pt-br\/peptideo-de-arroz.html#breadcrumb\",\"itemListElement\":[{\"@type\":\"ListItem\",\"position\":1,\"name\":\"Home\",\"item\":\"https:\/\/theo.niranbio.com\/pt-br\/\"},{\"@type\":\"ListItem\",\"position\":2,\"name\":\"Produtos\",\"item\":\"https:\/\/theo.niranbio.com\/pt-br\/produtos.html\"},{\"@type\":\"ListItem\",\"position\":3,\"name\":\"Prote\u00ednas\",\"item\":\"https:\/\/theo.niranbio.com\/pt-br\/produto-de-proteinas\/\"},{\"@type\":\"ListItem\",\"position\":4,\"name\":\"Pept\u00eddeo de Arroz\"}]},{\"@type\":\"WebSite\",\"@id\":\"https:\/\/theo.niranbio.com\/pt-br\/#website\",\"url\":\"https:\/\/theo.niranbio.com\/pt-br\/\",\"name\":\"Niranbio Chemical\",\"description\":\"\",\"publisher\":{\"@id\":\"https:\/\/theo.niranbio.com\/pt-br\/#organization\"},\"potentialAction\":[{\"@type\":\"SearchAction\",\"target\":{\"@type\":\"EntryPoint\",\"urlTemplate\":\"https:\/\/theo.niranbio.com\/pt-br\/?s={search_term_string}\"},\"query-input\":{\"@type\":\"PropertyValueSpecification\",\"valueRequired\":true,\"valueName\":\"search_term_string\"}}],\"inLanguage\":\"pt-BR\"},{\"@type\":\"Organization\",\"@id\":\"https:\/\/theo.niranbio.com\/pt-br\/#organization\",\"name\":\"Niranbio Chemical\",\"url\":\"https:\/\/theo.niranbio.com\/pt-br\/\",\"logo\":{\"@type\":\"ImageObject\",\"inLanguage\":\"pt-BR\",\"@id\":\"https:\/\/theo.niranbio.com\/pt-br\/#\/schema\/logo\/image\/\",\"url\":\"https:\/\/theo.niranbio.com\/wp-content\/uploads\/2024\/06\/Niranbio.png\",\"contentUrl\":\"https:\/\/theo.niranbio.com\/wp-content\/uploads\/2024\/06\/Niranbio.png\",\"width\":270,\"height\":100,\"caption\":\"Niranbio Chemical\"},\"image\":{\"@id\":\"https:\/\/theo.niranbio.com\/pt-br\/#\/schema\/logo\/image\/\"}}]}<\/script>\n<!-- \/ Yoast SEO plugin. -->","yoast_head_json":{"title":"Compre P\u00f3 de Pept\u00eddeo de Arroz a Granel, Fornecedor de Pept\u00eddeo de Arroz | Niranbio Chemical","description":"Nosso Pept\u00eddeo de Arroz \u00e9 um p\u00f3 facilmente absorvido e altamente sol\u00favel, de cor branca ou amarelo-claro, amplamente utilizado em alimentos e bebidas funcionais.","robots":{"index":"noindex","follow":"follow","max-snippet":"max-snippet:-1","max-image-preview":"max-image-preview:large","max-video-preview":"max-video-preview:-1"},"twitter_misc":{"Est. tempo de leitura":"3 minutos"},"schema":{"@context":"https:\/\/schema.org","@graph":[{"@type":"WebPage","@id":"https:\/\/theo.niranbio.com\/pt-br\/peptideo-de-arroz.html","url":"https:\/\/theo.niranbio.com\/pt-br\/peptideo-de-arroz.html","name":"Compre P\u00f3 de Pept\u00eddeo de Arroz a Granel, Fornecedor de Pept\u00eddeo de Arroz | Niranbio Chemical","isPartOf":{"@id":"https:\/\/theo.niranbio.com\/pt-br\/#website"},"primaryImageOfPage":{"@id":"https:\/\/theo.niranbio.com\/pt-br\/peptideo-de-arroz.html#primaryimage"},"image":{"@id":"https:\/\/theo.niranbio.com\/pt-br\/peptideo-de-arroz.html#primaryimage"},"thumbnailUrl":"https:\/\/theo.niranbio.com\/wp-content\/uploads\/2024\/06\/Rice-Peptide.webp","datePublished":"2024-06-20T03:39:07+00:00","dateModified":"2024-08-16T07:29:16+00:00","description":"Nosso Pept\u00eddeo de Arroz \u00e9 um p\u00f3 facilmente absorvido e altamente sol\u00favel, de cor branca ou amarelo-claro, amplamente utilizado em alimentos e bebidas funcionais.","breadcrumb":{"@id":"https:\/\/theo.niranbio.com\/pt-br\/peptideo-de-arroz.html#breadcrumb"},"inLanguage":"pt-BR","potentialAction":[{"@type":"ReadAction","target":["https:\/\/theo.niranbio.com\/pt-br\/peptideo-de-arroz.html"]}]},{"@type":"ImageObject","inLanguage":"pt-BR","@id":"https:\/\/theo.niranbio.com\/pt-br\/peptideo-de-arroz.html#primaryimage","url":"https:\/\/theo.niranbio.com\/wp-content\/uploads\/2024\/06\/Rice-Peptide.webp","contentUrl":"https:\/\/theo.niranbio.com\/wp-content\/uploads\/2024\/06\/Rice-Peptide.webp","width":600,"height":600,"caption":"Pept\u00eddeo de arroz"},{"@type":"BreadcrumbList","@id":"https:\/\/theo.niranbio.com\/pt-br\/peptideo-de-arroz.html#breadcrumb","itemListElement":[{"@type":"ListItem","position":1,"name":"Home","item":"https:\/\/theo.niranbio.com\/pt-br\/"},{"@type":"ListItem","position":2,"name":"Produtos","item":"https:\/\/theo.niranbio.com\/pt-br\/produtos.html"},{"@type":"ListItem","position":3,"name":"Prote\u00ednas","item":"https:\/\/theo.niranbio.com\/pt-br\/produto-de-proteinas\/"},{"@type":"ListItem","position":4,"name":"Pept\u00eddeo de Arroz"}]},{"@type":"WebSite","@id":"https:\/\/theo.niranbio.com\/pt-br\/#website","url":"https:\/\/theo.niranbio.com\/pt-br\/","name":"Niranbio Chemical","description":"","publisher":{"@id":"https:\/\/theo.niranbio.com\/pt-br\/#organization"},"potentialAction":[{"@type":"SearchAction","target":{"@type":"EntryPoint","urlTemplate":"https:\/\/theo.niranbio.com\/pt-br\/?s={search_term_string}"},"query-input":{"@type":"PropertyValueSpecification","valueRequired":true,"valueName":"search_term_string"}}],"inLanguage":"pt-BR"},{"@type":"Organization","@id":"https:\/\/theo.niranbio.com\/pt-br\/#organization","name":"Niranbio Chemical","url":"https:\/\/theo.niranbio.com\/pt-br\/","logo":{"@type":"ImageObject","inLanguage":"pt-BR","@id":"https:\/\/theo.niranbio.com\/pt-br\/#\/schema\/logo\/image\/","url":"https:\/\/theo.niranbio.com\/wp-content\/uploads\/2024\/06\/Niranbio.png","contentUrl":"https:\/\/theo.niranbio.com\/wp-content\/uploads\/2024\/06\/Niranbio.png","width":270,"height":100,"caption":"Niranbio Chemical"},"image":{"@id":"https:\/\/theo.niranbio.com\/pt-br\/#\/schema\/logo\/image\/"}}]}},"_links":{"self":[{"href":"https:\/\/theo.niranbio.com\/pt-br\/wp-json\/wp\/v2\/product\/9840","targetHints":{"allow":["GET"]}}],"collection":[{"href":"https:\/\/theo.niranbio.com\/pt-br\/wp-json\/wp\/v2\/product"}],"about":[{"href":"https:\/\/theo.niranbio.com\/pt-br\/wp-json\/wp\/v2\/types\/product"}],"version-history":[{"count":0,"href":"https:\/\/theo.niranbio.com\/pt-br\/wp-json\/wp\/v2\/product\/9840\/revisions"}],"wp:featuredmedia":[{"embeddable":true,"href":"https:\/\/theo.niranbio.com\/pt-br\/wp-json\/wp\/v2\/media\/9841"}],"wp:attachment":[{"href":"https:\/\/theo.niranbio.com\/pt-br\/wp-json\/wp\/v2\/media?parent=9840"}],"wp:term":[{"taxonomy":"product_brand","embeddable":true,"href":"https:\/\/theo.niranbio.com\/pt-br\/wp-json\/wp\/v2\/product_brand?post=9840"},{"taxonomy":"product_cat","embeddable":true,"href":"https:\/\/theo.niranbio.com\/pt-br\/wp-json\/wp\/v2\/product_cat?post=9840"},{"taxonomy":"product_tag","embeddable":true,"href":"https:\/\/theo.niranbio.com\/pt-br\/wp-json\/wp\/v2\/product_tag?post=9840"}],"curies":[{"name":"wp","href":"https:\/\/api.w.org\/{rel}","templated":true}]}}