{"id":9821,"date":"2024-06-20T13:14:01","date_gmt":"2024-06-20T05:14:01","guid":{"rendered":"https:\/\/theo.niranbio.com\/%ce%b1-amilase\/"},"modified":"2024-08-16T16:38:57","modified_gmt":"2024-08-16T08:38:57","slug":"%ce%b1-amilase","status":"publish","type":"product","link":"https:\/\/theo.niranbio.com\/pt-br\/%CE%B1-amilase.html","title":{"rendered":"\u03b1-amilase"},"content":{"rendered":"<h2><span class=\"ez-toc-section\" id=\"O_que_e_%CE%B1-amilase\"><\/span>O que \u00e9 \u03b1-amilase?<span class=\"ez-toc-section-end\"><\/span><\/h2>\n<p>A \u03b1-amilase \u00e9 um aditivo alimentar enzim\u00e1tico, geralmente na forma de p\u00f3 cinza ou l\u00edquido. Sua principal propriedade qu\u00edmica \u00e9 que pode hidrolisar as liga\u00e7\u00f5es \u03b1-1,4-glicos\u00eddicas em mol\u00e9culas de amido, decompor o amido em segmentos de cadeia mais curtos, aumentar a solubilidade dos alimentos e reduzir a viscosidade. \u00c9 usado principalmente no processamento de alimentos e na produ\u00e7\u00e3o de vinho e pode melhorar a textura e o sabor de produtos como p\u00e3o e vinho. A \u03b1-amilase de grau aliment\u00edcio \u00e9 segura e confi\u00e1vel, atende aos padr\u00f5es de seguran\u00e7a alimentar e \u00e9 um aditivo funcional indispens\u00e1vel e importante na ind\u00fastria aliment\u00edcia.<\/p>\n<ol>\n<li>M\u00e9todo de fermenta\u00e7\u00e3o microbiana: Este \u00e9 o m\u00e9todo de prepara\u00e7\u00e3o mais comum e popular. Selecione cepas microbianas adequadas para produzir e secretar \u03b1-amilase por meio do processo de fermenta\u00e7\u00e3o. Durante o processo de fermenta\u00e7\u00e3o, \u00e9 necess\u00e1rio controlar a composi\u00e7\u00e3o, o pH, a temperatura e o suprimento de oxig\u00eanio do meio de cultura para aumentar o rendimento e a atividade da enzima.<\/li>\n<li>M\u00e9todo de enzima imobilizada: No m\u00e9todo de enzima imobilizada, a \u03b1-amilase \u00e9 geralmente fixada em um transportador, como fixar a enzima em uma resina, gel ou outro material de suporte. Este m\u00e9todo pode aumentar a estabilidade e a reutiliza\u00e7\u00e3o da enzima e \u00e9 adequado para produ\u00e7\u00e3o em escala industrial.<\/li>\n<li>Tecnologia de engenharia gen\u00e9tica: Usando tecnologia de engenharia gen\u00e9tica, o gene da \u03b1-amilase \u00e9 introduzido em microrganismos eficientes, e a produ\u00e7\u00e3o e a atividade da enzima s\u00e3o aumentadas pela modifica\u00e7\u00e3o e regula\u00e7\u00e3o da express\u00e3o gen\u00e9tica da enzima. Este m\u00e9todo pode regular com precis\u00e3o as caracter\u00edsticas da enzima e melhorar a efici\u00eancia e a economia da produ\u00e7\u00e3o.<\/li>\n<li>S\u00edntese qu\u00edmica: Embora raramente usada, a s\u00edntese qu\u00edmica tamb\u00e9m pode ser usada para preparar certos tipos de \u03b1-amilase. Este m\u00e9todo \u00e9 geralmente realizado em laborat\u00f3rio e envolve s\u00edntese org\u00e2nica complexa e condi\u00e7\u00f5es de rea\u00e7\u00e3o.<\/li>\n<\/ol>\n<h2><span class=\"ez-toc-section\" id=\"Dosagem_recomendada\"><\/span><strong><b>Dosagem recomendada:<\/b><\/strong><span class=\"ez-toc-section-end\"><\/span><\/h2>\n<table>\n<tbody>\n<tr>\n<td><strong>Nome do alimento<\/strong><\/td>\n<td><strong>Uso m\u00e1ximo (g\/kg)<\/strong><\/td>\n<\/tr>\n<tr>\n<td>P\u00e3o e massa<\/td>\n<td>0,5 &#8211; 2 g\/kg<\/td>\n<\/tr>\n<tr>\n<td>Biscoitos<\/td>\n<td>0,5 &#8211; 1,5 g\/kg<\/td>\n<\/tr>\n<tr>\n<td>Misturas para panifica\u00e7\u00e3o<\/td>\n<td>0,5 &#8211; 2 g\/kg<\/td>\n<\/tr>\n<tr>\n<td>Massa folhada e massa de p\u00e3o<\/td>\n<td>1 &#8211; 3 g\/kg<\/td>\n<\/tr>\n<tr>\n<td>Queijo e produtos l\u00e1cteos<\/td>\n<td>0,1 &#8211; 0,3 g\/kg<\/td>\n<\/tr>\n<tr>\n<td>Bebidas alco\u00f3licas<\/td>\n<td>0,01 &#8211; 0,1 g\/kg<\/td>\n<\/tr>\n<tr>\n<td>Doces e gel\u00e9ias<\/td>\n<td>0,1 &#8211; 0,5 g\/kg<\/td>\n<\/tr>\n<tr>\n<td>Sucos de frutas e vegetais<\/td>\n<td>0,05 &#8211; 0,2 g\/kg<\/td>\n<\/tr>\n<tr>\n<td>Confeitaria e chocolate<\/td>\n<td>0,2 &#8211; 1 g\/kg<\/td>\n<\/tr>\n<tr>\n<td>Condimentos e temperos<\/td>\n<td>0,1 &#8211; 0,5 g\/kg<\/td>\n<\/tr>\n<tr>\n<td>Alimentos enlatados<\/td>\n<td>0,2 &#8211; 1 g\/kg<\/td>\n<\/tr>\n<tr>\n<td>Produtos c\u00e1rneos e embutidos<\/td>\n<td>0,1 &#8211; 0,5 g\/kg<\/td>\n<\/tr>\n<tr>\n<td>Molhos para salada e molhos<\/td>\n<td>0,1 &#8211; 0,5 g\/kg<\/td>\n<\/tr>\n<tr>\n<td>Produtos de prote\u00edna vegetal<\/td>\n<td>0,2 &#8211; 1 g\/kg<\/td>\n<\/tr>\n<tr>\n<td>Bolos e sobremesas<\/td>\n<td>0,5 &#8211; 2 g\/kg<\/td>\n<\/tr>\n<\/tbody>\n<\/table>\n<h2><span class=\"ez-toc-section\" id=\"A_%CE%B1-amilase_de_grau_alimenticio_tem_uma_ampla_gama_de_usos\"><\/span>A \u03b1-amilase de grau aliment\u00edcio tem uma ampla gama de usos<span class=\"ez-toc-section-end\"><\/span><\/h2>\n<ol>\n<li>Hidr\u00f3lise do amido: a \u03b1-amilase pode hidrolisar mol\u00e9culas de amido e quebr\u00e1-las em cadeias de amido mais curtas, maltodextrina e glicose, etc., aumentando assim a solubilidade e a capacidade de absor\u00e7\u00e3o dos alimentos.<\/li>\n<li>Melhorar as propriedades da massa e do p\u00e3o: Em alimentos assados, como p\u00e3o e massa, a \u03b1-amilase pode reduzir a pegajosidade da massa, melhorar a ductilidade e a maciez do gl\u00faten e tornar o p\u00e3o mais macio e saboroso.<\/li>\n<li>Aumentar o sabor e o gosto dos alimentos: Durante o processamento dos alimentos, a \u03b1-amilase ajuda a liberar a do\u00e7ura do amido e a melhorar o sabor e o sabor dos alimentos.<\/li>\n<li>Prolongar a vida \u00fatil do produto: Em alguns alimentos, a \u03b1-amilase pode reduzir o grau de gelatiniza\u00e7\u00e3o do amido, reduzir o envelhecimento e a deteriora\u00e7\u00e3o dos alimentos durante o armazenamento e, assim, prolongar a vida \u00fatil do produto.<\/li>\n<li>Melhorar a efici\u00eancia do processamento dos alimentos: a \u03b1-amilase pode acelerar a rea\u00e7\u00e3o de degrada\u00e7\u00e3o do amido durante o processamento dos alimentos, melhorar a efici\u00eancia do processamento e a velocidade da produ\u00e7\u00e3o.<\/li>\n<\/ol>\n<h2><span class=\"ez-toc-section\" id=\"O_usuario_fez_a_seguinte_pergunta\"><\/span>O usu\u00e1rio fez a seguinte pergunta:<span class=\"ez-toc-section-end\"><\/span><\/h2>\n<p>Pergunta: Qual \u00e9 a diferen\u00e7a ou conex\u00e3o entre \u03b1-amilase e \u03b2-amilase?<\/p>\n<p>Resposta: \u03b1-amilase e \u03b2-amilase s\u00e3o dois tipos diferentes de hidrolases de amido. A \u03b1-amilase atua principalmente nas liga\u00e7\u00f5es \u03b1-1,4-glicos\u00eddicas dentro das mol\u00e9culas de amido, quebrando o amido em cadeias mais curtas e glicose, e \u00e9 amplamente usada na ind\u00fastria aliment\u00edcia para melhorar a textura e o sabor dos alimentos. A \u03b2-amilase atua especificamente nas liga\u00e7\u00f5es \u03b1-1,4-glicos\u00eddicas nas extremidades n\u00e3o redutoras das mol\u00e9culas de amido, quebrando-as em maltose e uma pequena quantidade de glicose, e \u00e9 usada principalmente em processos industriais espec\u00edficos, como a fabrica\u00e7\u00e3o de cerveja. Os dois diferem em estrutura, fun\u00e7\u00e3o e \u00e1reas de aplica\u00e7\u00e3o, mas geralmente atuam juntos nas mol\u00e9culas de amido para promover a hidr\u00f3lise e a utiliza\u00e7\u00e3o do amido.<\/p>\n<p>Pergunta: Como est\u00e1 o ambiente do mercado dom\u00e9stico para \u03b1-amilase de grau aliment\u00edcio at\u00e9 agora?<\/p>\n<p>Resposta: Espera-se que o mercado de \u03b1-amilase de grau aliment\u00edcio da China mantenha uma boa tend\u00eancia de desenvolvimento, beneficiando-se principalmente da tend\u00eancia de dieta saud\u00e1vel e da expans\u00e3o de aplica\u00e7\u00f5es industriais. A demanda continua a crescer, enquanto a cadeia de suprimentos est\u00e1 est\u00e1vel, e as empresas tamb\u00e9m est\u00e3o aumentando a capacidade de produ\u00e7\u00e3o para atender \u00e0 demanda do mercado. Os custos das mat\u00e9rias-primas e a concorr\u00eancia no mercado podem causar flutua\u00e7\u00f5es de pre\u00e7os, embora as tend\u00eancias gerais sejam muito est\u00e1veis. \u00c0 medida que as oportunidades no mercado global aumentam, espera-se que as empresas nacionais expandam seus neg\u00f3cios por meio de exporta\u00e7\u00f5es, mas tamb\u00e9m precisam enfrentar a press\u00e3o competitiva de marcas internacionais.<\/p>\n","protected":false},"excerpt":{"rendered":"<ul>\n<li>CAS: 9000-90-2<\/li>\n<li>F\u00f3rmula qu\u00edmica: \/<\/li>\n<li>Certifica\u00e7\u00f5es: KOSHER, ISO, HALAL, FSSC 22000, BRC, etc.<\/li>\n<li>Quantidade m\u00ednima do pedido: 1000KG<\/li>\n<li>Prazo de validade: 2 anos<\/li>\n<\/ul>\n","protected":false},"featured_media":9822,"template":"","meta":{"site-sidebar-layout":"default","site-content-layout":"","ast-site-content-layout":"default","site-content-style":"default","site-sidebar-style":"default","ast-global-header-display":"","ast-banner-title-visibility":"","ast-main-header-display":"","ast-hfb-above-header-display":"","ast-hfb-below-header-display":"","ast-hfb-mobile-header-display":"","site-post-title":"","ast-breadcrumbs-content":"","ast-featured-img":"","footer-sml-layout":"","theme-transparent-header-meta":"default","adv-header-id-meta":"","stick-header-meta":"","header-above-stick-meta":"","header-main-stick-meta":"","header-below-stick-meta":"","astra-migrate-meta-layouts":"set","ast-page-background-enabled":"default","ast-page-background-meta":{"desktop":{"background-color":"var(--ast-global-color-4)","background-image":"","background-repeat":"repeat","background-position":"center center","background-size":"auto","background-attachment":"scroll","background-type":"","background-media":"","overlay-type":"","overlay-color":"","overlay-opacity":"","overlay-gradient":""},"tablet":{"background-color":"","background-image":"","background-repeat":"repeat","background-position":"center center","background-size":"auto","background-attachment":"scroll","background-type":"","background-media":"","overlay-type":"","overlay-color":"","overlay-opacity":"","overlay-gradient":""},"mobile":{"background-color":"","background-image":"","background-repeat":"repeat","background-position":"center center","background-size":"auto","background-attachment":"scroll","background-type":"","background-media":"","overlay-type":"","overlay-color":"","overlay-opacity":"","overlay-gradient":""}},"ast-content-background-meta":{"desktop":{"background-color":"var(--ast-global-color-5)","background-image":"","background-repeat":"repeat","background-position":"center center","background-size":"auto","background-attachment":"scroll","background-type":"","background-media":"","overlay-type":"","overlay-color":"","overlay-opacity":"","overlay-gradient":""},"tablet":{"background-color":"var(--ast-global-color-5)","background-image":"","background-repeat":"repeat","background-position":"center center","background-size":"auto","background-attachment":"scroll","background-type":"","background-media":"","overlay-type":"","overlay-color":"","overlay-opacity":"","overlay-gradient":""},"mobile":{"background-color":"var(--ast-global-color-5)","background-image":"","background-repeat":"repeat","background-position":"center center","background-size":"auto","background-attachment":"scroll","background-type":"","background-media":"","overlay-type":"","overlay-color":"","overlay-opacity":"","overlay-gradient":""}}},"product_brand":[],"product_cat":[91],"product_tag":[],"class_list":{"0":"post-9821","1":"product","2":"type-product","3":"status-publish","4":"has-post-thumbnail","6":"product_cat-outros-ingredientes-alimentares-produto","7":"desktop-align-center","8":"tablet-align-left","9":"mobile-align-left","11":"first","12":"instock","13":"shipping-taxable","14":"product-type-simple"},"yoast_head":"<!-- This site is optimized with the Yoast SEO plugin v26.5 - https:\/\/yoast.com\/wordpress\/plugins\/seo\/ -->\n<title>Fornecedor de alfa amilase, p\u00f3 de alfa-amilase | Niranbio Chemical<\/title>\n<meta name=\"description\" content=\"Nossa \u03b1-amilase \u00e9 um aditivo alimentar enzim\u00e1tico, geralmente na forma de p\u00f3 cinza ou l\u00edquido, que pode aumentar a solubilidade dos alimentos e reduzir a viscosidade.\" \/>\n<meta name=\"robots\" content=\"noindex, follow, max-snippet:-1, max-image-preview:large, max-video-preview:-1\" \/>\n<meta name=\"twitter:label1\" content=\"Est. tempo de leitura\" \/>\n\t<meta name=\"twitter:data1\" content=\"4 minutos\" \/>\n<script type=\"application\/ld+json\" class=\"yoast-schema-graph\">{\"@context\":\"https:\/\/schema.org\",\"@graph\":[{\"@type\":\"WebPage\",\"@id\":\"https:\/\/theo.niranbio.com\/pt-br\/%CE%B1-amilase.html\",\"url\":\"https:\/\/theo.niranbio.com\/pt-br\/%CE%B1-amilase.html\",\"name\":\"Fornecedor de alfa amilase, p\u00f3 de alfa-amilase | Niranbio Chemical\",\"isPartOf\":{\"@id\":\"https:\/\/theo.niranbio.com\/pt-br\/#website\"},\"primaryImageOfPage\":{\"@id\":\"https:\/\/theo.niranbio.com\/pt-br\/%CE%B1-amilase.html#primaryimage\"},\"image\":{\"@id\":\"https:\/\/theo.niranbio.com\/pt-br\/%CE%B1-amilase.html#primaryimage\"},\"thumbnailUrl\":\"https:\/\/theo.niranbio.com\/wp-content\/uploads\/2024\/06\/Alpha-Amylase.webp\",\"datePublished\":\"2024-06-20T05:14:01+00:00\",\"dateModified\":\"2024-08-16T08:38:57+00:00\",\"description\":\"Nossa \u03b1-amilase \u00e9 um aditivo alimentar enzim\u00e1tico, geralmente na forma de p\u00f3 cinza ou l\u00edquido, que pode aumentar a solubilidade dos alimentos e reduzir a viscosidade.\",\"breadcrumb\":{\"@id\":\"https:\/\/theo.niranbio.com\/pt-br\/%CE%B1-amilase.html#breadcrumb\"},\"inLanguage\":\"pt-BR\",\"potentialAction\":[{\"@type\":\"ReadAction\",\"target\":[\"https:\/\/theo.niranbio.com\/pt-br\/%CE%B1-amilase.html\"]}]},{\"@type\":\"ImageObject\",\"inLanguage\":\"pt-BR\",\"@id\":\"https:\/\/theo.niranbio.com\/pt-br\/%CE%B1-amilase.html#primaryimage\",\"url\":\"https:\/\/theo.niranbio.com\/wp-content\/uploads\/2024\/06\/Alpha-Amylase.webp\",\"contentUrl\":\"https:\/\/theo.niranbio.com\/wp-content\/uploads\/2024\/06\/Alpha-Amylase.webp\",\"width\":600,\"height\":600,\"caption\":\"Alfa Amilase\"},{\"@type\":\"BreadcrumbList\",\"@id\":\"https:\/\/theo.niranbio.com\/pt-br\/%CE%B1-amilase.html#breadcrumb\",\"itemListElement\":[{\"@type\":\"ListItem\",\"position\":1,\"name\":\"Home\",\"item\":\"https:\/\/theo.niranbio.com\/pt-br\/\"},{\"@type\":\"ListItem\",\"position\":2,\"name\":\"Produtos\",\"item\":\"https:\/\/theo.niranbio.com\/pt-br\/produtos.html\"},{\"@type\":\"ListItem\",\"position\":3,\"name\":\"Outros Ingredientes Alimentares\",\"item\":\"https:\/\/theo.niranbio.com\/pt-br\/outros-ingredientes-alimentares-produto\/\"},{\"@type\":\"ListItem\",\"position\":4,\"name\":\"\u03b1-amilase\"}]},{\"@type\":\"WebSite\",\"@id\":\"https:\/\/theo.niranbio.com\/pt-br\/#website\",\"url\":\"https:\/\/theo.niranbio.com\/pt-br\/\",\"name\":\"Niranbio Chemical\",\"description\":\"\",\"publisher\":{\"@id\":\"https:\/\/theo.niranbio.com\/pt-br\/#organization\"},\"potentialAction\":[{\"@type\":\"SearchAction\",\"target\":{\"@type\":\"EntryPoint\",\"urlTemplate\":\"https:\/\/theo.niranbio.com\/pt-br\/?s={search_term_string}\"},\"query-input\":{\"@type\":\"PropertyValueSpecification\",\"valueRequired\":true,\"valueName\":\"search_term_string\"}}],\"inLanguage\":\"pt-BR\"},{\"@type\":\"Organization\",\"@id\":\"https:\/\/theo.niranbio.com\/pt-br\/#organization\",\"name\":\"Niranbio Chemical\",\"url\":\"https:\/\/theo.niranbio.com\/pt-br\/\",\"logo\":{\"@type\":\"ImageObject\",\"inLanguage\":\"pt-BR\",\"@id\":\"https:\/\/theo.niranbio.com\/pt-br\/#\/schema\/logo\/image\/\",\"url\":\"https:\/\/theo.niranbio.com\/wp-content\/uploads\/2024\/06\/Niranbio.png\",\"contentUrl\":\"https:\/\/theo.niranbio.com\/wp-content\/uploads\/2024\/06\/Niranbio.png\",\"width\":270,\"height\":100,\"caption\":\"Niranbio Chemical\"},\"image\":{\"@id\":\"https:\/\/theo.niranbio.com\/pt-br\/#\/schema\/logo\/image\/\"}}]}<\/script>\n<!-- \/ Yoast SEO plugin. -->","yoast_head_json":{"title":"Fornecedor de alfa amilase, p\u00f3 de alfa-amilase | Niranbio Chemical","description":"Nossa \u03b1-amilase \u00e9 um aditivo alimentar enzim\u00e1tico, geralmente na forma de p\u00f3 cinza ou l\u00edquido, que pode aumentar a solubilidade dos alimentos e reduzir a viscosidade.","robots":{"index":"noindex","follow":"follow","max-snippet":"max-snippet:-1","max-image-preview":"max-image-preview:large","max-video-preview":"max-video-preview:-1"},"twitter_misc":{"Est. tempo de leitura":"4 minutos"},"schema":{"@context":"https:\/\/schema.org","@graph":[{"@type":"WebPage","@id":"https:\/\/theo.niranbio.com\/pt-br\/%CE%B1-amilase.html","url":"https:\/\/theo.niranbio.com\/pt-br\/%CE%B1-amilase.html","name":"Fornecedor de alfa amilase, p\u00f3 de alfa-amilase | Niranbio Chemical","isPartOf":{"@id":"https:\/\/theo.niranbio.com\/pt-br\/#website"},"primaryImageOfPage":{"@id":"https:\/\/theo.niranbio.com\/pt-br\/%CE%B1-amilase.html#primaryimage"},"image":{"@id":"https:\/\/theo.niranbio.com\/pt-br\/%CE%B1-amilase.html#primaryimage"},"thumbnailUrl":"https:\/\/theo.niranbio.com\/wp-content\/uploads\/2024\/06\/Alpha-Amylase.webp","datePublished":"2024-06-20T05:14:01+00:00","dateModified":"2024-08-16T08:38:57+00:00","description":"Nossa \u03b1-amilase \u00e9 um aditivo alimentar enzim\u00e1tico, geralmente na forma de p\u00f3 cinza ou l\u00edquido, que pode aumentar a solubilidade dos alimentos e reduzir a viscosidade.","breadcrumb":{"@id":"https:\/\/theo.niranbio.com\/pt-br\/%CE%B1-amilase.html#breadcrumb"},"inLanguage":"pt-BR","potentialAction":[{"@type":"ReadAction","target":["https:\/\/theo.niranbio.com\/pt-br\/%CE%B1-amilase.html"]}]},{"@type":"ImageObject","inLanguage":"pt-BR","@id":"https:\/\/theo.niranbio.com\/pt-br\/%CE%B1-amilase.html#primaryimage","url":"https:\/\/theo.niranbio.com\/wp-content\/uploads\/2024\/06\/Alpha-Amylase.webp","contentUrl":"https:\/\/theo.niranbio.com\/wp-content\/uploads\/2024\/06\/Alpha-Amylase.webp","width":600,"height":600,"caption":"Alfa Amilase"},{"@type":"BreadcrumbList","@id":"https:\/\/theo.niranbio.com\/pt-br\/%CE%B1-amilase.html#breadcrumb","itemListElement":[{"@type":"ListItem","position":1,"name":"Home","item":"https:\/\/theo.niranbio.com\/pt-br\/"},{"@type":"ListItem","position":2,"name":"Produtos","item":"https:\/\/theo.niranbio.com\/pt-br\/produtos.html"},{"@type":"ListItem","position":3,"name":"Outros Ingredientes Alimentares","item":"https:\/\/theo.niranbio.com\/pt-br\/outros-ingredientes-alimentares-produto\/"},{"@type":"ListItem","position":4,"name":"\u03b1-amilase"}]},{"@type":"WebSite","@id":"https:\/\/theo.niranbio.com\/pt-br\/#website","url":"https:\/\/theo.niranbio.com\/pt-br\/","name":"Niranbio Chemical","description":"","publisher":{"@id":"https:\/\/theo.niranbio.com\/pt-br\/#organization"},"potentialAction":[{"@type":"SearchAction","target":{"@type":"EntryPoint","urlTemplate":"https:\/\/theo.niranbio.com\/pt-br\/?s={search_term_string}"},"query-input":{"@type":"PropertyValueSpecification","valueRequired":true,"valueName":"search_term_string"}}],"inLanguage":"pt-BR"},{"@type":"Organization","@id":"https:\/\/theo.niranbio.com\/pt-br\/#organization","name":"Niranbio Chemical","url":"https:\/\/theo.niranbio.com\/pt-br\/","logo":{"@type":"ImageObject","inLanguage":"pt-BR","@id":"https:\/\/theo.niranbio.com\/pt-br\/#\/schema\/logo\/image\/","url":"https:\/\/theo.niranbio.com\/wp-content\/uploads\/2024\/06\/Niranbio.png","contentUrl":"https:\/\/theo.niranbio.com\/wp-content\/uploads\/2024\/06\/Niranbio.png","width":270,"height":100,"caption":"Niranbio Chemical"},"image":{"@id":"https:\/\/theo.niranbio.com\/pt-br\/#\/schema\/logo\/image\/"}}]}},"_links":{"self":[{"href":"https:\/\/theo.niranbio.com\/pt-br\/wp-json\/wp\/v2\/product\/9821","targetHints":{"allow":["GET"]}}],"collection":[{"href":"https:\/\/theo.niranbio.com\/pt-br\/wp-json\/wp\/v2\/product"}],"about":[{"href":"https:\/\/theo.niranbio.com\/pt-br\/wp-json\/wp\/v2\/types\/product"}],"version-history":[{"count":0,"href":"https:\/\/theo.niranbio.com\/pt-br\/wp-json\/wp\/v2\/product\/9821\/revisions"}],"wp:featuredmedia":[{"embeddable":true,"href":"https:\/\/theo.niranbio.com\/pt-br\/wp-json\/wp\/v2\/media\/9822"}],"wp:attachment":[{"href":"https:\/\/theo.niranbio.com\/pt-br\/wp-json\/wp\/v2\/media?parent=9821"}],"wp:term":[{"taxonomy":"product_brand","embeddable":true,"href":"https:\/\/theo.niranbio.com\/pt-br\/wp-json\/wp\/v2\/product_brand?post=9821"},{"taxonomy":"product_cat","embeddable":true,"href":"https:\/\/theo.niranbio.com\/pt-br\/wp-json\/wp\/v2\/product_cat?post=9821"},{"taxonomy":"product_tag","embeddable":true,"href":"https:\/\/theo.niranbio.com\/pt-br\/wp-json\/wp\/v2\/product_tag?post=9821"}],"curies":[{"name":"wp","href":"https:\/\/api.w.org\/{rel}","templated":true}]}}