{"id":9818,"date":"2024-06-20T11:49:14","date_gmt":"2024-06-20T03:49:14","guid":{"rendered":"https:\/\/theo.niranbio.com\/polipropilenoglicol-ppg\/"},"modified":"2024-08-19T11:19:49","modified_gmt":"2024-08-19T03:19:49","slug":"polipropilenoglicol-ppg","status":"publish","type":"product","link":"https:\/\/theo.niranbio.com\/pt-br\/polipropilenoglicol-ppg.html","title":{"rendered":"Polipropilenoglicol (PPG)"},"content":{"rendered":"<h2><span class=\"ez-toc-section\" id=\"O_que_e_polipropilenoglicol\"><\/span>O que \u00e9 polipropilenoglicol?<span class=\"ez-toc-section-end\"><\/span><\/h2>\n<p>O polipropilenoglicol \u00e9 um pol\u00edmero org\u00e2nico que aparece como um l\u00edquido branco ou transparente e n\u00e3o \u00e9 vol\u00e1til. No setor aliment\u00edcio, \u00e9 frequentemente utilizado como solvente, emulsificante e estabilizador porque n\u00e3o \u00e9 corrosivo. Ele pode efetivamente melhorar a textura e a estabilidade dos alimentos, evitar a separa\u00e7\u00e3o de ingredientes e fornecer desempenho uniforme de mistura e manuseio durante o processamento. Al\u00e9m disso, o PPG tamb\u00e9m \u00e9 usado como lubrificante e hidratante em medicamentos e cosm\u00e9ticos para melhorar o desempenho e a estabilidade dos produtos. Os processos de prepara\u00e7\u00e3o de polipropilenoglicol na China s\u00e3o principalmente os seguintes:<\/p>\n<ol>\n<li>M\u00e9todo de rea\u00e7\u00e3o de polimeriza\u00e7\u00e3o: Este \u00e9 o processo mais comum. O \u00f3xido de propileno \u00e9 polimerizado sob a a\u00e7\u00e3o de um catalisador para gerar PPG com diferentes pesos moleculares. Este m\u00e9todo pode controlar efetivamente as condi\u00e7\u00f5es de rea\u00e7\u00e3o e produzir PPG de alta pureza de grau aliment\u00edcio.<\/li>\n<li>M\u00e9todo de hidrogena\u00e7\u00e3o: \u00c9 usado principalmente para ajustar as propriedades e estabilidade do PPG e gerar \u00e1lcool de polipropileno pela hidrogena\u00e7\u00e3o do \u00f3xido de propileno. Este m\u00e9todo pode ajustar o peso molecular e o desempenho durante o processo de produ\u00e7\u00e3o e requer tratamento de refino para garantir o padr\u00e3o de grau aliment\u00edcio do produto.<\/li>\n<\/ol>\n<h2><span class=\"ez-toc-section\" id=\"Parametros_relacionados\"><\/span>Par\u00e2metros relacionados:<span class=\"ez-toc-section-end\"><\/span><\/h2>\n<table>\n<tbody>\n<tr>\n<td>Especifica\u00e7\u00f5es<\/td>\n<td>Apar\u00eancia (25\u00b0C)<\/td>\n<td>Cor e brilho Pt-Co<\/td>\n<td>Valor de hidroxila mgKOH\/g<\/td>\n<td>Peso molecular<\/td>\n<td>Valor de acidez mgKOH\/g<\/td>\n<td>\u00c1gua (%)<\/td>\n<td>PH (solu\u00e7\u00e3o de \u00e1gua a 1%)<\/td>\n<\/tr>\n<tr>\n<td>PPG-200<\/td>\n<td>L\u00edquido viscoso oleoso transparente e incolor<\/td>\n<td>\u226420<\/td>\n<td>510~623<\/td>\n<td>180~220<\/td>\n<td>\u22640.5<\/td>\n<td>\u22640.5<\/td>\n<td>5.0~7.0<\/td>\n<\/tr>\n<tr>\n<td>PPG-400<\/td>\n<td>L\u00edquido viscoso oleoso transparente e incolor<\/td>\n<td>\u226420<\/td>\n<td>255~312<\/td>\n<td>360~440<\/td>\n<td>\u22640.5<\/td>\n<td>\u22640.5<\/td>\n<td>5.0~7.0<\/td>\n<\/tr>\n<tr>\n<td>PPG-600<\/td>\n<td>L\u00edquido viscoso oleoso transparente e incolor<\/td>\n<td>\u226420<\/td>\n<td>170~208<\/td>\n<td>540~660<\/td>\n<td>\u22640.5<\/td>\n<td>\u22640.5<\/td>\n<td>5.0~7.0<\/td>\n<\/tr>\n<tr>\n<td>PPG-1000<\/td>\n<td>L\u00edquido viscoso oleoso transparente e incolor<\/td>\n<td>\u226420<\/td>\n<td>102~125<\/td>\n<td>900~1100<\/td>\n<td>\u22640.5<\/td>\n<td>\u22640.5<\/td>\n<td>5.0~7.0<\/td>\n<\/tr>\n<tr>\n<td>PPG-1500<\/td>\n<td>L\u00edquido viscoso oleoso transparente e incolor<\/td>\n<td>\u226420<\/td>\n<td>68~83<\/td>\n<td>1350~1650<\/td>\n<td>\u22640.5<\/td>\n<td>\u22640.5<\/td>\n<td>5.0~7.0<\/td>\n<\/tr>\n<tr>\n<td>PPG-2000<\/td>\n<td>L\u00edquido viscoso oleoso transparente e incolor<\/td>\n<td>\u226420<\/td>\n<td>51~62<\/td>\n<td>1800~2200<\/td>\n<td>\u22640.5<\/td>\n<td>\u22640.5<\/td>\n<td>5.0~7.0<\/td>\n<\/tr>\n<tr>\n<td>PPG-3000<\/td>\n<td>L\u00edquido viscoso oleoso transparente e incolor<\/td>\n<td>\u226420<\/td>\n<td>34~42<\/td>\n<td>2700~3300<\/td>\n<td>\u22640.5<\/td>\n<td>\u22640.5<\/td>\n<td>5.0~7.0<\/td>\n<\/tr>\n<tr>\n<td>PPG-4000<\/td>\n<td>L\u00edquido viscoso oleoso transparente e incolor<\/td>\n<td>\u226420<\/td>\n<td>26~30<\/td>\n<td>3700~4300<\/td>\n<td>\u22640.5<\/td>\n<td>\u22640.5<\/td>\n<td>5.0~7.0<\/td>\n<\/tr>\n<tr>\n<td>PPG-6000<\/td>\n<td>L\u00edquido viscoso oleoso transparente e incolor<\/td>\n<td>\u226420<\/td>\n<td>17~20.7<\/td>\n<td>5400~6600<\/td>\n<td>\u22640.5<\/td>\n<td>\u22640.5<\/td>\n<td>5.0~7.0<\/td>\n<\/tr>\n<tr>\n<td>PPG-8000<\/td>\n<td>L\u00edquido viscoso oleoso transparente e incolor<\/td>\n<td>\u226420<\/td>\n<td>12.7~15<\/td>\n<td>7200~8800<\/td>\n<td>\u22640.5<\/td>\n<td>\u22640.5<\/td>\n<td>5.0~7.0<\/td>\n<\/tr>\n<\/tbody>\n<\/table>\n<h2><span class=\"ez-toc-section\" id=\"Dosagem_recomendada\"><\/span><strong><b>Dosagem recomendada:<\/b><\/strong><span class=\"ez-toc-section-end\"><\/span><\/h2>\n<table>\n<tbody>\n<tr>\n<td><strong>Nome do alimento<\/strong><\/td>\n<td><strong>Uso m\u00e1ximo (g\/kg)<\/strong><\/td>\n<\/tr>\n<tr>\n<td>Doces<\/td>\n<td>0,5-1,0 g\/kg<\/td>\n<\/tr>\n<tr>\n<td>Chocolate<\/td>\n<td>0,5-1,0 g\/kg<\/td>\n<\/tr>\n<tr>\n<td>Sorvete<\/td>\n<td>0,5-1,0 g\/kg<\/td>\n<\/tr>\n<tr>\n<td>Condimentos<\/td>\n<td>0,5-1,0 g\/kg<\/td>\n<\/tr>\n<tr>\n<td>Molho para salada<\/td>\n<td>0,5-1,0 g\/kg<\/td>\n<\/tr>\n<tr>\n<td>Barras de prote\u00edna<\/td>\n<td>0,5-1,0 g\/kg<\/td>\n<\/tr>\n<tr>\n<td>Queijo<\/td>\n<td>0,5-1,0 g\/kg<\/td>\n<\/tr>\n<tr>\n<td>Pudim<\/td>\n<td>0,5-1,0 g\/kg<\/td>\n<\/tr>\n<tr>\n<td>Geleia<\/td>\n<td>0,5-1,0 g\/kg<\/td>\n<\/tr>\n<tr>\n<td>Creme para caf\u00e9<\/td>\n<td>0,5-1,0 g\/kg<\/td>\n<\/tr>\n<tr>\n<td>Molhos<\/td>\n<td>0,5-1,0 g\/kg<\/td>\n<\/tr>\n<tr>\n<td>Alimentos em conserva<\/td>\n<td>0,5-1,0 g\/kg<\/td>\n<\/tr>\n<tr>\n<td>Bebidas de frutas<\/td>\n<td>0,5-1,0 g\/kg<\/td>\n<\/tr>\n<tr>\n<td>Bebidas energ\u00e9ticas<\/td>\n<td>0,5-1,0 g\/kg<\/td>\n<\/tr>\n<tr>\n<td>Cerveja<\/td>\n<td>0,1-0,5 g\/kg<\/td>\n<\/tr>\n<\/tbody>\n<\/table>\n<h2><span class=\"ez-toc-section\" id=\"O_polipropilenoglicol_tem_uma_ampla_gama_de_usos\"><\/span>O polipropilenoglicol tem uma ampla gama de usos<span class=\"ez-toc-section-end\"><\/span><\/h2>\n<ol>\n<li>Emulsificante e estabilizador: O PPG como emulsificante e estabilizador pode ajudar o \u00f3leo e a \u00e1gua a se misturarem uniformemente para formar uma emuls\u00e3o est\u00e1vel. Isso \u00e9 muito importante em muitos alimentos, como condimentos e latic\u00ednios, onde o PPG pode evitar a separa\u00e7\u00e3o de ingredientes e manter a uniformidade e consist\u00eancia dos alimentos.<\/li>\n<li>Melhorar a textura: O PPG pode melhorar a textura e o sabor dos alimentos. Em produtos como doces, chocolates e sorvetes, o PPG ajuda a fornecer uma textura mais suave, tornando o produto mais macio e f\u00e1cil de manusear.<\/li>\n<li>Prolongar a vida \u00fatil: O PPG tem boa estabilidade e pode reduzir a evapora\u00e7\u00e3o da \u00e1gua e a oxida\u00e7\u00e3o nos alimentos, prolongando a vida \u00fatil dos alimentos. Isso evita que os alimentos estraguem e preserva seu frescor e qualidade.<\/li>\n<li>Lubrificante: No processamento de alimentos, o PPG como lubrificante pode reduzir a ades\u00e3o de ingredientes e melhorar a operabilidade e a limpeza do equipamento de produ\u00e7\u00e3o. Isso aumenta a efici\u00eancia do processo de produ\u00e7\u00e3o e reduz os custos de manuten\u00e7\u00e3o do equipamento.<\/li>\n<\/ol>\n<h2><span class=\"ez-toc-section\" id=\"O_usuario_fez_a_seguinte_pergunta\"><\/span>O usu\u00e1rio fez a seguinte pergunta:<span class=\"ez-toc-section-end\"><\/span><\/h2>\n<p>Pergunta: Qual \u00e9 a diferen\u00e7a entre polipropilenoglicol e monoestearato de glicerila?<\/p>\n<p>Resposta: O polipropilenoglicol (PPG) e o monoestearato de glicerila (GMS) s\u00e3o dois aditivos alimentares com fun\u00e7\u00f5es diferentes. O PPG \u00e9 um l\u00edquido viscoso, usado principalmente como emulsificante, estabilizante e lubrificante, e \u00e9 amplamente utilizado em alimentos como doces, chocolate, sorvete, etc. para melhorar a textura e prolongar a vida \u00fatil.<\/p>\n<p>O GMS \u00e9 um emulsificante s\u00f3lido ou semiss\u00f3lido, usado principalmente em produtos de panifica\u00e7\u00e3o, latic\u00ednios e sorvetes, para ajudar a formar uma emuls\u00e3o est\u00e1vel e melhorar a textura dos alimentos. O PPG \u00e9 geralmente adicionado na forma l\u00edquida e pode ser dissolvido em \u00e1gua e solventes org\u00e2nicos, enquanto o GMS existe na forma s\u00f3lida e precisa ser dissolvido e emulsificado durante o processamento.<\/p>\n","protected":false},"excerpt":{"rendered":"<ul>\n<li>CAS: 25322-69-4<\/li>\n<li>F\u00f3rmula qu\u00edmica: H(C<sub>3<\/sub>H<sub>6<\/sub>O)NOH<\/li>\n<li>Certifica\u00e7\u00f5es: KOSHER, ISO, HALAL, FSSC 22000, BRC, etc.<\/li>\n<li>Quantidade m\u00ednima do pedido: 1000KG<\/li>\n<li>Prazo de validade: 2 anos<\/li>\n<\/ul>\n","protected":false},"featured_media":14018,"template":"","meta":{"site-sidebar-layout":"default","site-content-layout":"","ast-site-content-layout":"default","site-content-style":"default","site-sidebar-style":"default","ast-global-header-display":"","ast-banner-title-visibility":"","ast-main-header-display":"","ast-hfb-above-header-display":"","ast-hfb-below-header-display":"","ast-hfb-mobile-header-display":"","site-post-title":"","ast-breadcrumbs-content":"","ast-featured-img":"","footer-sml-layout":"","theme-transparent-header-meta":"default","adv-header-id-meta":"","stick-header-meta":"","header-above-stick-meta":"","header-main-stick-meta":"","header-below-stick-meta":"","astra-migrate-meta-layouts":"set","ast-page-background-enabled":"default","ast-page-background-meta":{"desktop":{"background-color":"var(--ast-global-color-4)","background-image":"","background-repeat":"repeat","background-position":"center center","background-size":"auto","background-attachment":"scroll","background-type":"","background-media":"","overlay-type":"","overlay-color":"","overlay-opacity":"","overlay-gradient":""},"tablet":{"background-color":"","background-image":"","background-repeat":"repeat","background-position":"center center","background-size":"auto","background-attachment":"scroll","background-type":"","background-media":"","overlay-type":"","overlay-color":"","overlay-opacity":"","overlay-gradient":""},"mobile":{"background-color":"","background-image":"","background-repeat":"repeat","background-position":"center center","background-size":"auto","background-attachment":"scroll","background-type":"","background-media":"","overlay-type":"","overlay-color":"","overlay-opacity":"","overlay-gradient":""}},"ast-content-background-meta":{"desktop":{"background-color":"var(--ast-global-color-5)","background-image":"","background-repeat":"repeat","background-position":"center center","background-size":"auto","background-attachment":"scroll","background-type":"","background-media":"","overlay-type":"","overlay-color":"","overlay-opacity":"","overlay-gradient":""},"tablet":{"background-color":"var(--ast-global-color-5)","background-image":"","background-repeat":"repeat","background-position":"center center","background-size":"auto","background-attachment":"scroll","background-type":"","background-media":"","overlay-type":"","overlay-color":"","overlay-opacity":"","overlay-gradient":""},"mobile":{"background-color":"var(--ast-global-color-5)","background-image":"","background-repeat":"repeat","background-position":"center center","background-size":"auto","background-attachment":"scroll","background-type":"","background-media":"","overlay-type":"","overlay-color":"","overlay-opacity":"","overlay-gradient":""}}},"product_brand":[],"product_cat":[85],"product_tag":[],"class_list":{"0":"post-9818","1":"product","2":"type-product","3":"status-publish","4":"has-post-thumbnail","6":"product_cat-produto-emulsificante","7":"desktop-align-center","8":"tablet-align-left","9":"mobile-align-left","11":"first","12":"instock","13":"shipping-taxable","14":"product-type-simple"},"yoast_head":"<!-- This site is optimized with the Yoast SEO plugin v26.5 - https:\/\/yoast.com\/wordpress\/plugins\/seo\/ -->\n<title>Fornecedor de polipropilenoglicol, E1520 Pre\u00e7o | Niranbio Chemical<\/title>\n<meta name=\"description\" content=\"Nosso poliol poli\u00e9ter (E1520) \u00e9 um l\u00edquido branco ou transparente, frequentemente utilizado como solvente, emulsificante e estabilizador.\" \/>\n<meta name=\"robots\" content=\"noindex, follow, max-snippet:-1, max-image-preview:large, max-video-preview:-1\" \/>\n<meta name=\"twitter:label1\" content=\"Est. tempo de leitura\" \/>\n\t<meta name=\"twitter:data1\" content=\"4 minutos\" \/>\n<script type=\"application\/ld+json\" class=\"yoast-schema-graph\">{\"@context\":\"https:\/\/schema.org\",\"@graph\":[{\"@type\":\"WebPage\",\"@id\":\"https:\/\/theo.niranbio.com\/pt-br\/polipropilenoglicol-ppg.html\",\"url\":\"https:\/\/theo.niranbio.com\/pt-br\/polipropilenoglicol-ppg.html\",\"name\":\"Fornecedor de polipropilenoglicol, E1520 Pre\u00e7o | Niranbio Chemical\",\"isPartOf\":{\"@id\":\"https:\/\/theo.niranbio.com\/pt-br\/#website\"},\"primaryImageOfPage\":{\"@id\":\"https:\/\/theo.niranbio.com\/pt-br\/polipropilenoglicol-ppg.html#primaryimage\"},\"image\":{\"@id\":\"https:\/\/theo.niranbio.com\/pt-br\/polipropilenoglicol-ppg.html#primaryimage\"},\"thumbnailUrl\":\"https:\/\/theo.niranbio.com\/wp-content\/uploads\/2024\/06\/Polypropylene-Glycol-PPG.jpg\",\"datePublished\":\"2024-06-20T03:49:14+00:00\",\"dateModified\":\"2024-08-19T03:19:49+00:00\",\"description\":\"Nosso poliol poli\u00e9ter (E1520) \u00e9 um l\u00edquido branco ou transparente, frequentemente utilizado como solvente, emulsificante e estabilizador.\",\"breadcrumb\":{\"@id\":\"https:\/\/theo.niranbio.com\/pt-br\/polipropilenoglicol-ppg.html#breadcrumb\"},\"inLanguage\":\"pt-BR\",\"potentialAction\":[{\"@type\":\"ReadAction\",\"target\":[\"https:\/\/theo.niranbio.com\/pt-br\/polipropilenoglicol-ppg.html\"]}]},{\"@type\":\"ImageObject\",\"inLanguage\":\"pt-BR\",\"@id\":\"https:\/\/theo.niranbio.com\/pt-br\/polipropilenoglicol-ppg.html#primaryimage\",\"url\":\"https:\/\/theo.niranbio.com\/wp-content\/uploads\/2024\/06\/Polypropylene-Glycol-PPG.jpg\",\"contentUrl\":\"https:\/\/theo.niranbio.com\/wp-content\/uploads\/2024\/06\/Polypropylene-Glycol-PPG.jpg\",\"width\":600,\"height\":600},{\"@type\":\"BreadcrumbList\",\"@id\":\"https:\/\/theo.niranbio.com\/pt-br\/polipropilenoglicol-ppg.html#breadcrumb\",\"itemListElement\":[{\"@type\":\"ListItem\",\"position\":1,\"name\":\"Home\",\"item\":\"https:\/\/theo.niranbio.com\/pt-br\/\"},{\"@type\":\"ListItem\",\"position\":2,\"name\":\"Produtos\",\"item\":\"https:\/\/theo.niranbio.com\/pt-br\/produtos.html\"},{\"@type\":\"ListItem\",\"position\":3,\"name\":\"Emulsificante\",\"item\":\"https:\/\/theo.niranbio.com\/pt-br\/produto-emulsificante\/\"},{\"@type\":\"ListItem\",\"position\":4,\"name\":\"Polipropilenoglicol (PPG)\"}]},{\"@type\":\"WebSite\",\"@id\":\"https:\/\/theo.niranbio.com\/pt-br\/#website\",\"url\":\"https:\/\/theo.niranbio.com\/pt-br\/\",\"name\":\"Niranbio Chemical\",\"description\":\"\",\"publisher\":{\"@id\":\"https:\/\/theo.niranbio.com\/pt-br\/#organization\"},\"potentialAction\":[{\"@type\":\"SearchAction\",\"target\":{\"@type\":\"EntryPoint\",\"urlTemplate\":\"https:\/\/theo.niranbio.com\/pt-br\/?s={search_term_string}\"},\"query-input\":{\"@type\":\"PropertyValueSpecification\",\"valueRequired\":true,\"valueName\":\"search_term_string\"}}],\"inLanguage\":\"pt-BR\"},{\"@type\":\"Organization\",\"@id\":\"https:\/\/theo.niranbio.com\/pt-br\/#organization\",\"name\":\"Niranbio Chemical\",\"url\":\"https:\/\/theo.niranbio.com\/pt-br\/\",\"logo\":{\"@type\":\"ImageObject\",\"inLanguage\":\"pt-BR\",\"@id\":\"https:\/\/theo.niranbio.com\/pt-br\/#\/schema\/logo\/image\/\",\"url\":\"https:\/\/theo.niranbio.com\/wp-content\/uploads\/2024\/06\/Niranbio.png\",\"contentUrl\":\"https:\/\/theo.niranbio.com\/wp-content\/uploads\/2024\/06\/Niranbio.png\",\"width\":270,\"height\":100,\"caption\":\"Niranbio Chemical\"},\"image\":{\"@id\":\"https:\/\/theo.niranbio.com\/pt-br\/#\/schema\/logo\/image\/\"}}]}<\/script>\n<!-- \/ Yoast SEO plugin. -->","yoast_head_json":{"title":"Fornecedor de polipropilenoglicol, E1520 Pre\u00e7o | Niranbio Chemical","description":"Nosso poliol poli\u00e9ter (E1520) \u00e9 um l\u00edquido branco ou transparente, frequentemente utilizado como solvente, emulsificante e estabilizador.","robots":{"index":"noindex","follow":"follow","max-snippet":"max-snippet:-1","max-image-preview":"max-image-preview:large","max-video-preview":"max-video-preview:-1"},"twitter_misc":{"Est. tempo de leitura":"4 minutos"},"schema":{"@context":"https:\/\/schema.org","@graph":[{"@type":"WebPage","@id":"https:\/\/theo.niranbio.com\/pt-br\/polipropilenoglicol-ppg.html","url":"https:\/\/theo.niranbio.com\/pt-br\/polipropilenoglicol-ppg.html","name":"Fornecedor de polipropilenoglicol, E1520 Pre\u00e7o | Niranbio Chemical","isPartOf":{"@id":"https:\/\/theo.niranbio.com\/pt-br\/#website"},"primaryImageOfPage":{"@id":"https:\/\/theo.niranbio.com\/pt-br\/polipropilenoglicol-ppg.html#primaryimage"},"image":{"@id":"https:\/\/theo.niranbio.com\/pt-br\/polipropilenoglicol-ppg.html#primaryimage"},"thumbnailUrl":"https:\/\/theo.niranbio.com\/wp-content\/uploads\/2024\/06\/Polypropylene-Glycol-PPG.jpg","datePublished":"2024-06-20T03:49:14+00:00","dateModified":"2024-08-19T03:19:49+00:00","description":"Nosso poliol poli\u00e9ter (E1520) \u00e9 um l\u00edquido branco ou transparente, frequentemente utilizado como solvente, emulsificante e estabilizador.","breadcrumb":{"@id":"https:\/\/theo.niranbio.com\/pt-br\/polipropilenoglicol-ppg.html#breadcrumb"},"inLanguage":"pt-BR","potentialAction":[{"@type":"ReadAction","target":["https:\/\/theo.niranbio.com\/pt-br\/polipropilenoglicol-ppg.html"]}]},{"@type":"ImageObject","inLanguage":"pt-BR","@id":"https:\/\/theo.niranbio.com\/pt-br\/polipropilenoglicol-ppg.html#primaryimage","url":"https:\/\/theo.niranbio.com\/wp-content\/uploads\/2024\/06\/Polypropylene-Glycol-PPG.jpg","contentUrl":"https:\/\/theo.niranbio.com\/wp-content\/uploads\/2024\/06\/Polypropylene-Glycol-PPG.jpg","width":600,"height":600},{"@type":"BreadcrumbList","@id":"https:\/\/theo.niranbio.com\/pt-br\/polipropilenoglicol-ppg.html#breadcrumb","itemListElement":[{"@type":"ListItem","position":1,"name":"Home","item":"https:\/\/theo.niranbio.com\/pt-br\/"},{"@type":"ListItem","position":2,"name":"Produtos","item":"https:\/\/theo.niranbio.com\/pt-br\/produtos.html"},{"@type":"ListItem","position":3,"name":"Emulsificante","item":"https:\/\/theo.niranbio.com\/pt-br\/produto-emulsificante\/"},{"@type":"ListItem","position":4,"name":"Polipropilenoglicol (PPG)"}]},{"@type":"WebSite","@id":"https:\/\/theo.niranbio.com\/pt-br\/#website","url":"https:\/\/theo.niranbio.com\/pt-br\/","name":"Niranbio Chemical","description":"","publisher":{"@id":"https:\/\/theo.niranbio.com\/pt-br\/#organization"},"potentialAction":[{"@type":"SearchAction","target":{"@type":"EntryPoint","urlTemplate":"https:\/\/theo.niranbio.com\/pt-br\/?s={search_term_string}"},"query-input":{"@type":"PropertyValueSpecification","valueRequired":true,"valueName":"search_term_string"}}],"inLanguage":"pt-BR"},{"@type":"Organization","@id":"https:\/\/theo.niranbio.com\/pt-br\/#organization","name":"Niranbio Chemical","url":"https:\/\/theo.niranbio.com\/pt-br\/","logo":{"@type":"ImageObject","inLanguage":"pt-BR","@id":"https:\/\/theo.niranbio.com\/pt-br\/#\/schema\/logo\/image\/","url":"https:\/\/theo.niranbio.com\/wp-content\/uploads\/2024\/06\/Niranbio.png","contentUrl":"https:\/\/theo.niranbio.com\/wp-content\/uploads\/2024\/06\/Niranbio.png","width":270,"height":100,"caption":"Niranbio Chemical"},"image":{"@id":"https:\/\/theo.niranbio.com\/pt-br\/#\/schema\/logo\/image\/"}}]}},"_links":{"self":[{"href":"https:\/\/theo.niranbio.com\/pt-br\/wp-json\/wp\/v2\/product\/9818","targetHints":{"allow":["GET"]}}],"collection":[{"href":"https:\/\/theo.niranbio.com\/pt-br\/wp-json\/wp\/v2\/product"}],"about":[{"href":"https:\/\/theo.niranbio.com\/pt-br\/wp-json\/wp\/v2\/types\/product"}],"version-history":[{"count":0,"href":"https:\/\/theo.niranbio.com\/pt-br\/wp-json\/wp\/v2\/product\/9818\/revisions"}],"wp:featuredmedia":[{"embeddable":true,"href":"https:\/\/theo.niranbio.com\/pt-br\/wp-json\/wp\/v2\/media\/14018"}],"wp:attachment":[{"href":"https:\/\/theo.niranbio.com\/pt-br\/wp-json\/wp\/v2\/media?parent=9818"}],"wp:term":[{"taxonomy":"product_brand","embeddable":true,"href":"https:\/\/theo.niranbio.com\/pt-br\/wp-json\/wp\/v2\/product_brand?post=9818"},{"taxonomy":"product_cat","embeddable":true,"href":"https:\/\/theo.niranbio.com\/pt-br\/wp-json\/wp\/v2\/product_cat?post=9818"},{"taxonomy":"product_tag","embeddable":true,"href":"https:\/\/theo.niranbio.com\/pt-br\/wp-json\/wp\/v2\/product_tag?post=9818"}],"curies":[{"name":"wp","href":"https:\/\/api.w.org\/{rel}","templated":true}]}}