{"id":9816,"date":"2024-06-20T11:39:47","date_gmt":"2024-06-20T03:39:47","guid":{"rendered":"https:\/\/theo.niranbio.com\/proteina-de-soja-texturizada\/"},"modified":"2024-08-16T15:28:04","modified_gmt":"2024-08-16T07:28:04","slug":"proteina-de-soja-texturizada","status":"publish","type":"product","link":"https:\/\/theo.niranbio.com\/pt-br\/proteina-de-soja-texturizada.html","title":{"rendered":"Prote\u00edna de soja texturizada"},"content":{"rendered":"<h2><span class=\"ez-toc-section\" id=\"O_que_e_proteina_de_soja_texturizada\"><\/span><strong><b>O que \u00e9 prote\u00edna de soja texturizada? <\/b><\/strong><span class=\"ez-toc-section-end\"><\/span><\/h2>\n<p>A prote\u00edna de soja texturizada \u00e9 um produto rico em prote\u00edna de soja com uma estrutura semelhante \u00e0 carne magra feita de produtos de prote\u00edna de soja em p\u00f3 por meio de condicionamento, organiza\u00e7\u00e3o e outros processos. Pode ser encontrada em formas granulares, em flocos, em blocos e de enchimento, entre outros tamanhos e formas. Para reduzir os custos de produ\u00e7\u00e3o e melhorar a estrutura nutricional dos produtos finais, \u00e9 amplamente utilizada em carnes e produtos de imita\u00e7\u00e3o de carne. A prote\u00edna texturizada de soja tem os dois processos de prepara\u00e7\u00e3o a seguir:<\/p>\n<p>1. A mat\u00e9ria-prima da soja \u00e9 prensada ou processada com solvente para remover o \u00f3leo de soja para obter p\u00f3 de soja desengordurado, que \u00e9 ent\u00e3o hidrolisado com \u00e1cido ou \u00e1lcali para decompor a prote\u00edna em cadeias pept\u00eddicas menores e, em seguida, processado em produtos texturizados por meio de uma extrusora. Ap\u00f3s a extrus\u00e3o, a secagem pode obter o produto acabado. O baixo custo, a alta efici\u00eancia de produ\u00e7\u00e3o, o processo direto e a qualidade consistente do produto tornaram este m\u00e9todo o m\u00e9todo de prepara\u00e7\u00e3o padr\u00e3o na China.<\/p>\n<p>2. O leite de soja \u00famido \u00e9 aquecido e pressurizado em uma extrusora para formar um produto fibroso com textura, que \u00e9 ent\u00e3o seco.<\/p>\n<h2><span class=\"ez-toc-section\" id=\"Parametros_relacionados\"><\/span><b> <\/b><strong><b>Par\u00e2metros relacionados:<\/b><\/strong><span class=\"ez-toc-section-end\"><\/span><\/h2>\n<table>\n<tbody>\n<tr>\n<td width=\"518\"><strong><b>Itens<\/b><\/strong><\/td>\n<td width=\"475\"><strong><b>Especifica\u00e7\u00e3o<\/b><\/strong><\/td>\n<\/tr>\n<tr>\n<td width=\"518\">Prote\u00edna (base seca, N\u00d76,25, %)<\/td>\n<td width=\"475\">\u226550<\/td>\n<\/tr>\n<tr>\n<td width=\"518\">Umidade (%)<\/td>\n<td width=\"475\">\u226410<\/td>\n<\/tr>\n<tr>\n<td width=\"518\">Gordura (%)<\/td>\n<td width=\"475\">\u22641.0<\/td>\n<\/tr>\n<tr>\n<td width=\"518\">Cinzas (base seca, %)<\/td>\n<td width=\"475\">\u22646.0<\/td>\n<\/tr>\n<tr>\n<td width=\"518\">Fibra bruta (base seca, %)<\/td>\n<td width=\"475\">\u22646.0<\/td>\n<\/tr>\n<tr>\n<td width=\"518\">Propor\u00e7\u00e3o de reidrata\u00e7\u00e3o<\/td>\n<td width=\"475\">\u22653,0 vezes<\/td>\n<\/tr>\n<tr>\n<td width=\"518\">Contagem total de placas<\/td>\n<td width=\"475\">\u226420000cfu\/g<\/td>\n<\/tr>\n<tr>\n<td width=\"518\">Coliformes<\/td>\n<td width=\"475\">\u226430MPN\/100g<\/td>\n<\/tr>\n<tr>\n<td width=\"518\">Leveduras e bolores<\/td>\n<td width=\"475\">\u226450cfu\/g<\/td>\n<\/tr>\n<tr>\n<td width=\"518\">E.coli<\/td>\n<td width=\"475\">Negativo<\/td>\n<\/tr>\n<tr>\n<td width=\"518\">Salmonela<\/td>\n<td width=\"475\">Negativo<\/td>\n<\/tr>\n<tr>\n<td width=\"518\">Staphylococcus aureus<\/td>\n<td width=\"475\">Negativo<\/td>\n<\/tr>\n<\/tbody>\n<\/table>\n<h2><span class=\"ez-toc-section\" id=\"Dosagem_recomendada\"><\/span><b> <\/b><strong><b>Dosagem recomendada:<\/b><\/strong><span class=\"ez-toc-section-end\"><\/span><\/h2>\n<table>\n<tbody>\n<tr>\n<td width=\"606\"><strong><b>Nome do alimento<\/b><\/strong><\/td>\n<td width=\"387\"><strong><b>Uso m\u00e1ximo (g\/kg)<\/b><\/strong><\/td>\n<\/tr>\n<tr>\n<td width=\"606\">Hamb\u00fargueres vegetarianos<\/td>\n<td width=\"387\">20-60 g\/kg<\/td>\n<\/tr>\n<tr>\n<td width=\"606\">Riss\u00f3is vegetarianos<\/td>\n<td width=\"387\">30-70 g\/kg<\/td>\n<\/tr>\n<tr>\n<td width=\"606\">Carne mo\u00edda vegetariana<\/td>\n<td width=\"387\">30-70 g\/kg<\/td>\n<\/tr>\n<tr>\n<td width=\"606\">Ensopados vegetarianos<\/td>\n<td width=\"387\">15-40 g\/kg<\/td>\n<\/tr>\n<tr>\n<td width=\"606\">Salsichas vegetarianas<\/td>\n<td width=\"387\">25-50 g\/kg<\/td>\n<\/tr>\n<tr>\n<td width=\"606\">Queijo vegetariano<\/td>\n<td width=\"387\">15-35 g\/kg<\/td>\n<\/tr>\n<tr>\n<td width=\"606\">Ramen vegetariano<\/td>\n<td width=\"387\">20-50 g\/kg<\/td>\n<\/tr>\n<tr>\n<td width=\"606\">Bolinhos de massa vegetarianos<\/td>\n<td width=\"387\">30-60 g\/kg<\/td>\n<\/tr>\n<tr>\n<td width=\"606\">Ovos mexidos vegetarianos<\/td>\n<td width=\"387\">15-30 g\/kg<\/td>\n<\/tr>\n<tr>\n<td width=\"606\">Alm\u00f4ndegas vegetarianas<\/td>\n<td width=\"387\">20-40 g\/kg<\/td>\n<\/tr>\n<tr>\n<td width=\"606\">Milkshakes vegetarianos<\/td>\n<td width=\"387\">10-25 g\/kg<\/td>\n<\/tr>\n<\/tbody>\n<\/table>\n<h2><span class=\"ez-toc-section\" id=\"A_proteina_texturizada_de_soja_tem_uma_ampla_gama_de_usos\"><\/span><strong><b>A prote\u00edna texturizada de soja tem uma ampla gama de usos <\/b><\/strong><span class=\"ez-toc-section-end\"><\/span><\/h2>\n<p>1. A prote\u00edna texturizada de soja pode imitar a textura e a apar\u00eancia da carne e \u00e9 amplamente usada para fazer produtos vegetarianos, como hamb\u00fargueres, alm\u00f4ndegas e salsichas \u00e0 base de plantas.<\/p>\n<p>2. O TSP \u00e9 rico em prote\u00ednas e pode ser usado para aumentar o teor de prote\u00edna de v\u00e1rios alimentos, como alimentos processados, lanches e suplementos nutricionais. Pode melhorar o valor nutricional dos alimentos e atender \u00e0s necessidades daqueles que s\u00e3o ativos e preocupados com sua sa\u00fade.<\/p>\n<p>3. O TSP pode melhorar a textura dos alimentos, real\u00e7ar o sabor e a textura geral dos alimentos e tornar o produto mais atraente e satisfat\u00f3rio. Ao substituir parte da carne por TSP, o teor de gordura dos alimentos pode ser reduzido, mantendo boa textura e sabor.<\/p>\n<h2><span class=\"ez-toc-section\" id=\"Pergunta_feita_pelo_usuario\"><\/span><strong><b>Pergunta feita pelo usu\u00e1rio: <\/b><\/strong><span class=\"ez-toc-section-end\"><\/span><\/h2>\n<p>Pergunta: Qual \u00e9 a diferen\u00e7a entre prote\u00edna texturizada de soja e prote\u00edna concentrada de soja?<\/p>\n<p>Resposta: A principal diferen\u00e7a entre prote\u00edna texturizada de soja (TSP) e prote\u00edna concentrada de soja (SPC) est\u00e1 em seu processo de fabrica\u00e7\u00e3o e textura. O TSP tem uma textura carnuda e estrutura fibrosa ap\u00f3s processamento f\u00edsico especial e \u00e9 usado principalmente em substitutos de carne \u00e0 base de plantas. O SPC \u00e9 obtido removendo um pouco de gordura e carboidratos da soja para obter um p\u00f3 de prote\u00edna fina, que \u00e9 amplamente usado para aumentar o teor de prote\u00edna em alimentos.<\/p>\n","protected":false},"excerpt":{"rendered":"<ul>\n<li>CAS: 9010-10-0<\/li>\n<li>F\u00f3rmula qu\u00edmica: C<sub>13<\/sub>H<sub>10<\/sub>N<sub>2<\/sub><\/li>\n<li>Certifica\u00e7\u00f5es: KOSHER, ISO, HALAL, FSSC22000, BRC, etc.<\/li>\n<li>Quantidade m\u00ednima do pedido: 1000KG<\/li>\n<li>Prazo de validade: 2 anos<\/li>\n<\/ul>\n","protected":false},"featured_media":9817,"template":"","meta":{"site-sidebar-layout":"default","site-content-layout":"","ast-site-content-layout":"default","site-content-style":"default","site-sidebar-style":"default","ast-global-header-display":"","ast-banner-title-visibility":"","ast-main-header-display":"","ast-hfb-above-header-display":"","ast-hfb-below-header-display":"","ast-hfb-mobile-header-display":"","site-post-title":"","ast-breadcrumbs-content":"","ast-featured-img":"","footer-sml-layout":"","theme-transparent-header-meta":"default","adv-header-id-meta":"","stick-header-meta":"","header-above-stick-meta":"","header-main-stick-meta":"","header-below-stick-meta":"","astra-migrate-meta-layouts":"set","ast-page-background-enabled":"default","ast-page-background-meta":{"desktop":{"background-color":"var(--ast-global-color-4)","background-image":"","background-repeat":"repeat","background-position":"center center","background-size":"auto","background-attachment":"scroll","background-type":"","background-media":"","overlay-type":"","overlay-color":"","overlay-opacity":"","overlay-gradient":""},"tablet":{"background-color":"","background-image":"","background-repeat":"repeat","background-position":"center center","background-size":"auto","background-attachment":"scroll","background-type":"","background-media":"","overlay-type":"","overlay-color":"","overlay-opacity":"","overlay-gradient":""},"mobile":{"background-color":"","background-image":"","background-repeat":"repeat","background-position":"center center","background-size":"auto","background-attachment":"scroll","background-type":"","background-media":"","overlay-type":"","overlay-color":"","overlay-opacity":"","overlay-gradient":""}},"ast-content-background-meta":{"desktop":{"background-color":"var(--ast-global-color-5)","background-image":"","background-repeat":"repeat","background-position":"center center","background-size":"auto","background-attachment":"scroll","background-type":"","background-media":"","overlay-type":"","overlay-color":"","overlay-opacity":"","overlay-gradient":""},"tablet":{"background-color":"var(--ast-global-color-5)","background-image":"","background-repeat":"repeat","background-position":"center center","background-size":"auto","background-attachment":"scroll","background-type":"","background-media":"","overlay-type":"","overlay-color":"","overlay-opacity":"","overlay-gradient":""},"mobile":{"background-color":"var(--ast-global-color-5)","background-image":"","background-repeat":"repeat","background-position":"center center","background-size":"auto","background-attachment":"scroll","background-type":"","background-media":"","overlay-type":"","overlay-color":"","overlay-opacity":"","overlay-gradient":""}}},"product_brand":[],"product_cat":[95],"product_tag":[],"class_list":{"0":"post-9816","1":"product","2":"type-product","3":"status-publish","4":"has-post-thumbnail","6":"product_cat-produto-de-proteinas","7":"desktop-align-center","8":"tablet-align-left","9":"mobile-align-left","11":"first","12":"instock","13":"shipping-taxable","14":"product-type-simple"},"yoast_head":"<!-- This site is optimized with the Yoast SEO plugin v26.5 - https:\/\/yoast.com\/wordpress\/plugins\/seo\/ -->\n<title>Proteina de soja texturizada organica, comprar proteina de soja texturizada de fornecedor | Niranbio Chemical<\/title>\n<meta name=\"description\" content=\"Nossa prote\u00edna de soja texturizada est\u00e1 dispon\u00edvel em formas granulares, em flocos, em blocos e em enchimentos, entre outros tamanhos e formas, \u00e9 amplamente utilizada em carnes e produtos de imita\u00e7\u00e3o de carne.\" \/>\n<meta name=\"robots\" content=\"noindex, follow, max-snippet:-1, max-image-preview:large, max-video-preview:-1\" \/>\n<meta name=\"twitter:label1\" content=\"Est. tempo de leitura\" \/>\n\t<meta name=\"twitter:data1\" content=\"3 minutos\" \/>\n<script type=\"application\/ld+json\" class=\"yoast-schema-graph\">{\"@context\":\"https:\/\/schema.org\",\"@graph\":[{\"@type\":\"WebPage\",\"@id\":\"https:\/\/theo.niranbio.com\/pt-br\/proteina-de-soja-texturizada.html\",\"url\":\"https:\/\/theo.niranbio.com\/pt-br\/proteina-de-soja-texturizada.html\",\"name\":\"Proteina de soja texturizada organica, comprar proteina de soja texturizada de fornecedor | Niranbio Chemical\",\"isPartOf\":{\"@id\":\"https:\/\/theo.niranbio.com\/pt-br\/#website\"},\"primaryImageOfPage\":{\"@id\":\"https:\/\/theo.niranbio.com\/pt-br\/proteina-de-soja-texturizada.html#primaryimage\"},\"image\":{\"@id\":\"https:\/\/theo.niranbio.com\/pt-br\/proteina-de-soja-texturizada.html#primaryimage\"},\"thumbnailUrl\":\"https:\/\/theo.niranbio.com\/wp-content\/uploads\/2024\/06\/Textured-Soy-Protein.webp\",\"datePublished\":\"2024-06-20T03:39:47+00:00\",\"dateModified\":\"2024-08-16T07:28:04+00:00\",\"description\":\"Nossa prote\u00edna de soja texturizada est\u00e1 dispon\u00edvel em formas granulares, em flocos, em blocos e em enchimentos, entre outros tamanhos e formas, \u00e9 amplamente utilizada em carnes e produtos de imita\u00e7\u00e3o de carne.\",\"breadcrumb\":{\"@id\":\"https:\/\/theo.niranbio.com\/pt-br\/proteina-de-soja-texturizada.html#breadcrumb\"},\"inLanguage\":\"pt-BR\",\"potentialAction\":[{\"@type\":\"ReadAction\",\"target\":[\"https:\/\/theo.niranbio.com\/pt-br\/proteina-de-soja-texturizada.html\"]}]},{\"@type\":\"ImageObject\",\"inLanguage\":\"pt-BR\",\"@id\":\"https:\/\/theo.niranbio.com\/pt-br\/proteina-de-soja-texturizada.html#primaryimage\",\"url\":\"https:\/\/theo.niranbio.com\/wp-content\/uploads\/2024\/06\/Textured-Soy-Protein.webp\",\"contentUrl\":\"https:\/\/theo.niranbio.com\/wp-content\/uploads\/2024\/06\/Textured-Soy-Protein.webp\",\"width\":600,\"height\":600,\"caption\":\"Prote\u00edna de soja texturizada\"},{\"@type\":\"BreadcrumbList\",\"@id\":\"https:\/\/theo.niranbio.com\/pt-br\/proteina-de-soja-texturizada.html#breadcrumb\",\"itemListElement\":[{\"@type\":\"ListItem\",\"position\":1,\"name\":\"Home\",\"item\":\"https:\/\/theo.niranbio.com\/pt-br\/\"},{\"@type\":\"ListItem\",\"position\":2,\"name\":\"Produtos\",\"item\":\"https:\/\/theo.niranbio.com\/pt-br\/produtos.html\"},{\"@type\":\"ListItem\",\"position\":3,\"name\":\"Prote\u00ednas\",\"item\":\"https:\/\/theo.niranbio.com\/pt-br\/produto-de-proteinas\/\"},{\"@type\":\"ListItem\",\"position\":4,\"name\":\"Prote\u00edna de soja texturizada\"}]},{\"@type\":\"WebSite\",\"@id\":\"https:\/\/theo.niranbio.com\/pt-br\/#website\",\"url\":\"https:\/\/theo.niranbio.com\/pt-br\/\",\"name\":\"Niranbio Chemical\",\"description\":\"\",\"publisher\":{\"@id\":\"https:\/\/theo.niranbio.com\/pt-br\/#organization\"},\"potentialAction\":[{\"@type\":\"SearchAction\",\"target\":{\"@type\":\"EntryPoint\",\"urlTemplate\":\"https:\/\/theo.niranbio.com\/pt-br\/?s={search_term_string}\"},\"query-input\":{\"@type\":\"PropertyValueSpecification\",\"valueRequired\":true,\"valueName\":\"search_term_string\"}}],\"inLanguage\":\"pt-BR\"},{\"@type\":\"Organization\",\"@id\":\"https:\/\/theo.niranbio.com\/pt-br\/#organization\",\"name\":\"Niranbio Chemical\",\"url\":\"https:\/\/theo.niranbio.com\/pt-br\/\",\"logo\":{\"@type\":\"ImageObject\",\"inLanguage\":\"pt-BR\",\"@id\":\"https:\/\/theo.niranbio.com\/pt-br\/#\/schema\/logo\/image\/\",\"url\":\"https:\/\/theo.niranbio.com\/wp-content\/uploads\/2024\/06\/Niranbio.png\",\"contentUrl\":\"https:\/\/theo.niranbio.com\/wp-content\/uploads\/2024\/06\/Niranbio.png\",\"width\":270,\"height\":100,\"caption\":\"Niranbio Chemical\"},\"image\":{\"@id\":\"https:\/\/theo.niranbio.com\/pt-br\/#\/schema\/logo\/image\/\"}}]}<\/script>\n<!-- \/ Yoast SEO plugin. -->","yoast_head_json":{"title":"Proteina de soja texturizada organica, comprar proteina de soja texturizada de fornecedor | Niranbio Chemical","description":"Nossa prote\u00edna de soja texturizada est\u00e1 dispon\u00edvel em formas granulares, em flocos, em blocos e em enchimentos, entre outros tamanhos e formas, \u00e9 amplamente utilizada em carnes e produtos de imita\u00e7\u00e3o de carne.","robots":{"index":"noindex","follow":"follow","max-snippet":"max-snippet:-1","max-image-preview":"max-image-preview:large","max-video-preview":"max-video-preview:-1"},"twitter_misc":{"Est. tempo de leitura":"3 minutos"},"schema":{"@context":"https:\/\/schema.org","@graph":[{"@type":"WebPage","@id":"https:\/\/theo.niranbio.com\/pt-br\/proteina-de-soja-texturizada.html","url":"https:\/\/theo.niranbio.com\/pt-br\/proteina-de-soja-texturizada.html","name":"Proteina de soja texturizada organica, comprar proteina de soja texturizada de fornecedor | Niranbio Chemical","isPartOf":{"@id":"https:\/\/theo.niranbio.com\/pt-br\/#website"},"primaryImageOfPage":{"@id":"https:\/\/theo.niranbio.com\/pt-br\/proteina-de-soja-texturizada.html#primaryimage"},"image":{"@id":"https:\/\/theo.niranbio.com\/pt-br\/proteina-de-soja-texturizada.html#primaryimage"},"thumbnailUrl":"https:\/\/theo.niranbio.com\/wp-content\/uploads\/2024\/06\/Textured-Soy-Protein.webp","datePublished":"2024-06-20T03:39:47+00:00","dateModified":"2024-08-16T07:28:04+00:00","description":"Nossa prote\u00edna de soja texturizada est\u00e1 dispon\u00edvel em formas granulares, em flocos, em blocos e em enchimentos, entre outros tamanhos e formas, \u00e9 amplamente utilizada em carnes e produtos de imita\u00e7\u00e3o de carne.","breadcrumb":{"@id":"https:\/\/theo.niranbio.com\/pt-br\/proteina-de-soja-texturizada.html#breadcrumb"},"inLanguage":"pt-BR","potentialAction":[{"@type":"ReadAction","target":["https:\/\/theo.niranbio.com\/pt-br\/proteina-de-soja-texturizada.html"]}]},{"@type":"ImageObject","inLanguage":"pt-BR","@id":"https:\/\/theo.niranbio.com\/pt-br\/proteina-de-soja-texturizada.html#primaryimage","url":"https:\/\/theo.niranbio.com\/wp-content\/uploads\/2024\/06\/Textured-Soy-Protein.webp","contentUrl":"https:\/\/theo.niranbio.com\/wp-content\/uploads\/2024\/06\/Textured-Soy-Protein.webp","width":600,"height":600,"caption":"Prote\u00edna de soja texturizada"},{"@type":"BreadcrumbList","@id":"https:\/\/theo.niranbio.com\/pt-br\/proteina-de-soja-texturizada.html#breadcrumb","itemListElement":[{"@type":"ListItem","position":1,"name":"Home","item":"https:\/\/theo.niranbio.com\/pt-br\/"},{"@type":"ListItem","position":2,"name":"Produtos","item":"https:\/\/theo.niranbio.com\/pt-br\/produtos.html"},{"@type":"ListItem","position":3,"name":"Prote\u00ednas","item":"https:\/\/theo.niranbio.com\/pt-br\/produto-de-proteinas\/"},{"@type":"ListItem","position":4,"name":"Prote\u00edna de soja texturizada"}]},{"@type":"WebSite","@id":"https:\/\/theo.niranbio.com\/pt-br\/#website","url":"https:\/\/theo.niranbio.com\/pt-br\/","name":"Niranbio Chemical","description":"","publisher":{"@id":"https:\/\/theo.niranbio.com\/pt-br\/#organization"},"potentialAction":[{"@type":"SearchAction","target":{"@type":"EntryPoint","urlTemplate":"https:\/\/theo.niranbio.com\/pt-br\/?s={search_term_string}"},"query-input":{"@type":"PropertyValueSpecification","valueRequired":true,"valueName":"search_term_string"}}],"inLanguage":"pt-BR"},{"@type":"Organization","@id":"https:\/\/theo.niranbio.com\/pt-br\/#organization","name":"Niranbio Chemical","url":"https:\/\/theo.niranbio.com\/pt-br\/","logo":{"@type":"ImageObject","inLanguage":"pt-BR","@id":"https:\/\/theo.niranbio.com\/pt-br\/#\/schema\/logo\/image\/","url":"https:\/\/theo.niranbio.com\/wp-content\/uploads\/2024\/06\/Niranbio.png","contentUrl":"https:\/\/theo.niranbio.com\/wp-content\/uploads\/2024\/06\/Niranbio.png","width":270,"height":100,"caption":"Niranbio Chemical"},"image":{"@id":"https:\/\/theo.niranbio.com\/pt-br\/#\/schema\/logo\/image\/"}}]}},"_links":{"self":[{"href":"https:\/\/theo.niranbio.com\/pt-br\/wp-json\/wp\/v2\/product\/9816","targetHints":{"allow":["GET"]}}],"collection":[{"href":"https:\/\/theo.niranbio.com\/pt-br\/wp-json\/wp\/v2\/product"}],"about":[{"href":"https:\/\/theo.niranbio.com\/pt-br\/wp-json\/wp\/v2\/types\/product"}],"version-history":[{"count":0,"href":"https:\/\/theo.niranbio.com\/pt-br\/wp-json\/wp\/v2\/product\/9816\/revisions"}],"wp:featuredmedia":[{"embeddable":true,"href":"https:\/\/theo.niranbio.com\/pt-br\/wp-json\/wp\/v2\/media\/9817"}],"wp:attachment":[{"href":"https:\/\/theo.niranbio.com\/pt-br\/wp-json\/wp\/v2\/media?parent=9816"}],"wp:term":[{"taxonomy":"product_brand","embeddable":true,"href":"https:\/\/theo.niranbio.com\/pt-br\/wp-json\/wp\/v2\/product_brand?post=9816"},{"taxonomy":"product_cat","embeddable":true,"href":"https:\/\/theo.niranbio.com\/pt-br\/wp-json\/wp\/v2\/product_cat?post=9816"},{"taxonomy":"product_tag","embeddable":true,"href":"https:\/\/theo.niranbio.com\/pt-br\/wp-json\/wp\/v2\/product_tag?post=9816"}],"curies":[{"name":"wp","href":"https:\/\/api.w.org\/{rel}","templated":true}]}}