{"id":9800,"date":"2024-06-20T11:40:18","date_gmt":"2024-06-20T03:40:18","guid":{"rendered":"https:\/\/theo.niranbio.com\/fibra-alimentar-de-soja\/"},"modified":"2024-08-16T15:17:33","modified_gmt":"2024-08-16T07:17:33","slug":"fibra-alimentar-de-soja","status":"publish","type":"product","link":"https:\/\/theo.niranbio.com\/pt-br\/fibra-alimentar-de-soja.html","title":{"rendered":"Fibra alimentar de soja"},"content":{"rendered":"<h2><span class=\"ez-toc-section\" id=\"O_que_e_fibra_alimentar_de_soja\"><\/span>O que \u00e9 fibra alimentar de soja?<span class=\"ez-toc-section-end\"><\/span><\/h2>\n<p>A fibra alimentar de soja \u00e9 um p\u00f3 rico em fibras extra\u00eddo da soja, geralmente na forma de p\u00f3 amarelo claro a marrom escuro. Tem boa capacidade de absor\u00e7\u00e3o de \u00e1gua e estabilidade, e n\u00e3o \u00e9 facilmente afetado por ambientes quentes, \u00e1cidos e alcalinos, por isso \u00e9 amplamente utilizado no processamento de alimentos. A fibra alimentar de soja \u00e9 frequentemente usada em produtos assados, substitutos de carne, substitutos de latic\u00ednios e alimentos funcionais para aumentar o teor de fibras do produto, melhorar a textura e o sabor, ao mesmo tempo em que fornece valor nutricional adicional e ajuda a promover a sa\u00fade digestiva.<\/p>\n<p>A fibra alimentar de soja \u00e9 um p\u00f3 rico em fibras extra\u00eddo da soja, geralmente na forma de p\u00f3 amarelo claro a marrom escuro. Tem boa capacidade de absor\u00e7\u00e3o de \u00e1gua e estabilidade, e n\u00e3o \u00e9 facilmente afetado por ambientes quentes, \u00e1cidos e alcalinos, por isso \u00e9 amplamente utilizado no processamento de alimentos. A fibra alimentar de soja \u00e9 frequentemente usada em produtos assados, substitutos de carne, substitutos de latic\u00ednios e alimentos funcionais para aumentar o teor de fibras do produto, melhorar a textura e o sabor, e fornecer valor nutricional adicional, o que ajuda a promover a sa\u00fade digestiva. Na China, os principais processos de prepara\u00e7\u00e3o da fibra alimentar de soja incluem extra\u00e7\u00e3o \u00famida, extra\u00e7\u00e3o seca e hidr\u00f3lise enzim\u00e1tica.<\/p>\n<p>A extra\u00e7\u00e3o \u00famida \u00e9 o m\u00e9todo mais comum, que remove componentes sol\u00faveis da soja e ret\u00e9m componentes de fibras alimentares, como celulose, para obter p\u00f3 de fibra alimentar de alta pureza. Este processo pode efetivamente melhorar a pureza da fibra e a qualidade do produto, e \u00e9 amplamente utilizado no processamento de alimentos. Extra\u00e7\u00e3o a seco e hidr\u00f3lise enzim\u00e1tica tamb\u00e9m s\u00e3o utilizadas, entre as quais a extra\u00e7\u00e3o a seco \u00e9 mais simples, mas pode n\u00e3o remover completamente os componentes n\u00e3o fibrosos; a hidr\u00f3lise enzim\u00e1tica usa enzimas espec\u00edficas para remover eficientemente os componentes sol\u00faveis e melhorar a pureza da fibra alimentar. Embora a hidr\u00f3lise enzim\u00e1tica tenha altos requisitos de processamento, a extra\u00e7\u00e3o \u00famida ainda \u00e9 o processo de prepara\u00e7\u00e3o mais comumente utilizado.<\/p>\n<h2><span class=\"ez-toc-section\" id=\"Dados_tecnicos\"><\/span>Dados t\u00e9cnicos:<span class=\"ez-toc-section-end\"><\/span><\/h2>\n<table>\n<tbody>\n<tr>\n<td>Item do produto<\/td>\n<td>Resultado<\/td>\n<\/tr>\n<tr>\n<td>Tipo de fibra<\/td>\n<td>Fibra diet\u00e9tica de soja<\/td>\n<\/tr>\n<tr>\n<td>Apar\u00eancia<\/td>\n<td>Branco leitoso<\/td>\n<\/tr>\n<tr>\n<td>Estilo<\/td>\n<td>Seco<\/td>\n<\/tr>\n<tr>\n<td>Sabor e odor<\/td>\n<td>Sabor normal, sem cheiro peculiar<\/td>\n<\/tr>\n<tr>\n<td>Prote\u00edna<\/td>\n<td>M\u00e1ximo de 20% (em base seca)<\/td>\n<\/tr>\n<tr>\n<td>Umidade<\/td>\n<td>M\u00e1ximo de 8%<\/td>\n<\/tr>\n<tr>\n<td>Cinza<\/td>\n<td>M\u00e1ximo de 6%<\/td>\n<\/tr>\n<tr>\n<td>Gordura<\/td>\n<td>M\u00e1ximo de 1%<\/td>\n<\/tr>\n<tr>\n<td>Tamanho da part\u00edcula<\/td>\n<td>M\u00ednimo de 95% (at\u00e9 100 mesh)<\/td>\n<\/tr>\n<tr>\n<td>Fibra comest\u00edvel total<\/td>\n<td>M\u00ednimo de 65% (em base seca)<\/td>\n<\/tr>\n<tr>\n<td>Contagem total de placas<\/td>\n<td>M\u00e1ximo de 30000cfu\/g<\/td>\n<\/tr>\n<tr>\n<td>E.Coli<\/td>\n<td>Negativo<\/td>\n<\/tr>\n<tr>\n<td>Salmonela<\/td>\n<td>Negativo<\/td>\n<\/tr>\n<tr>\n<td>AS<\/td>\n<td>M\u00e1ximo de 0,5mg\/kg<\/td>\n<\/tr>\n<tr>\n<td>Pb<\/td>\n<td>M\u00e1ximo de 0,5mg\/kg<\/td>\n<\/tr>\n<tr>\n<td>Hg<\/td>\n<td>M\u00e1ximo de 10ug\/kg<\/td>\n<\/tr>\n<\/tbody>\n<\/table>\n<h2><span class=\"ez-toc-section\" id=\"Dosagem_recomendada\"><\/span><strong><b>Dosagem recomendada:<\/b><\/strong><span class=\"ez-toc-section-end\"><\/span><\/h2>\n<table>\n<tbody>\n<tr>\n<td><strong>Nome do alimento<\/strong><\/td>\n<td><strong>Uso m\u00e1ximo (g\/kg)<\/strong><\/td>\n<\/tr>\n<tr>\n<td>P\u00e3o<\/td>\n<td>5-10 g\/kg<\/td>\n<\/tr>\n<tr>\n<td>Biscoitos<\/td>\n<td>5-15 g\/kg<\/td>\n<\/tr>\n<tr>\n<td>Massa de pizza<\/td>\n<td>10-20 g\/kg<\/td>\n<\/tr>\n<tr>\n<td>Sorvete<\/td>\n<td>2-5 g\/kg<\/td>\n<\/tr>\n<tr>\n<td>Chocolate<\/td>\n<td>2-5 g\/kg<\/td>\n<\/tr>\n<tr>\n<td>Iogurte<\/td>\n<td>2-5 g\/kg<\/td>\n<\/tr>\n<tr>\n<td>Milkshake<\/td>\n<td>2-5 g\/kg<\/td>\n<\/tr>\n<tr>\n<td>Substitutos de carne<\/td>\n<td>20-40 g\/kg<\/td>\n<\/tr>\n<tr>\n<td>Molho para salada<\/td>\n<td>2-5 g\/kg<\/td>\n<\/tr>\n<tr>\n<td>Geleia<\/td>\n<td>2-5 g\/kg<\/td>\n<\/tr>\n<tr>\n<td>Bolinhos de peixe vegetarianos<\/td>\n<td>20-40 g\/kg<\/td>\n<\/tr>\n<tr>\n<td>Queijo vegetal<\/td>\n<td>5-10 g\/kg<\/td>\n<\/tr>\n<tr>\n<td>Pipoca<\/td>\n<td>2-5 g\/kg<\/td>\n<\/tr>\n<tr>\n<td>Presunto<\/td>\n<td>10-20 g\/kg<\/td>\n<\/tr>\n<tr>\n<td>Bolinhos de peixe<\/td>\n<td>10-20 g\/kg<\/td>\n<\/tr>\n<\/tbody>\n<\/table>\n<h2><span class=\"ez-toc-section\" id=\"A_fibra_alimentar_de_soja_tem_uma_ampla_gama_de_usos\"><\/span>A fibra alimentar de soja tem uma ampla gama de usos<span class=\"ez-toc-section-end\"><\/span><\/h2>\n<ol>\n<li>A fibra alimentar de soja \u00e9 uma fonte de fibra alimentar de alta qualidade que pode aumentar significativamente o conte\u00fado de fibra nos alimentos, ajudar as pessoas a atingir a ingest\u00e3o di\u00e1ria recomendada de fibra alimentar e contribuir para a sa\u00fade digestiva e prevenir a constipa\u00e7\u00e3o.<\/li>\n<li>Ela melhora a textura dos alimentos aumentando a capacidade de reten\u00e7\u00e3o de \u00e1gua e formando g\u00e9is, tornando-os mais macios ou mastig\u00e1veis \u200b\u200be melhorando o sabor. Por exemplo, adicionar fibra alimentar de soja a p\u00e3es e bolos pode aumentar a maciez e manter o frescor.<\/li>\n<li>A fibra alimentar de soja \u00e9 higrosc\u00f3pica e pode reter umidade nos alimentos, estendendo assim a vida \u00fatil dos alimentos e evitando ressecamento e endurecimento.<\/li>\n<li>Como a fibra alimentar de soja n\u00e3o \u00e9 completamente digerida e absorvida pelo corpo humano, adicion\u00e1-la aos alimentos pode aumentar o volume dos alimentos sem aumentar as calorias, tornando-a adequada para alimentos de baixa caloria e perda de peso.<\/li>\n<li>Ao diminuir o colesterol, a fibra alimentar diminui o risco de doen\u00e7as cardiovasculares. A fibra alimentar de soja pode ligar o colesterol nos intestinos e ajudar a excret\u00e1-lo do corpo.<\/li>\n<li>Em alimentos como substitutos de latic\u00ednios e substitutos de carne, ele atua como um estabilizador emulsificante para melhorar a estrutura e a reten\u00e7\u00e3o de \u00e1gua do produto e evitar a separa\u00e7\u00e3o e estratifica\u00e7\u00e3o.<\/li>\n<\/ol>\n<h2><span class=\"ez-toc-section\" id=\"Pergunta_feita_pelo_usuario\"><\/span>Pergunta feita pelo usu\u00e1rio:<span class=\"ez-toc-section-end\"><\/span><\/h2>\n<p>Pergunta: Existe alguma diferen\u00e7a entre fibra alimentar de soja e prote\u00edna de soja em p\u00f3?<\/p>\n<p>Resposta: Fibra alimentar de soja e prote\u00edna de soja em p\u00f3 s\u00e3o dois produtos diferentes com fontes e ingredientes diferentes. A fibra alimentar de soja vem principalmente de res\u00edduos de soja, contendo celulose, hemicelulose e lignina. Sua principal fun\u00e7\u00e3o \u00e9 aumentar o conte\u00fado de fibra alimentar, melhorar a textura dos alimentos, estender a vida \u00fatil e ajudar na sa\u00fade da digest\u00e3o e reduzir o colesterol. A prote\u00edna de soja em p\u00f3 \u00e9 um produto rico em prote\u00ednas extra\u00eddo da soja.<\/p>\n<p>O conte\u00fado de prote\u00edna geralmente \u00e9 acima de 70%. \u00c9 usado principalmente para aumentar o conte\u00fado de prote\u00edna em alimentos, ajudar no crescimento e repara\u00e7\u00e3o muscular e \u00e9 um suplemento comum para atletas e entusiastas do fitness. \u00c9 amplamente usado em alimentos fortificados com prote\u00edna, substitutos de latic\u00ednios e substitutos de carne, fornecendo prote\u00edna vegetal de alta qualidade e melhorando a estrutura dos alimentos. Em geral, a fibra alimentar de soja fornece principalmente fibra alimentar e melhora o valor nutricional e a textura dos alimentos; a prote\u00edna de soja em p\u00f3 fornece principalmente alta prote\u00edna, aumenta o valor nutricional dos alimentos e apoia o reparo e o crescimento muscular. Ambos desempenham um papel importante no processamento de alimentos e na suplementa\u00e7\u00e3o nutricional.<\/p>\n","protected":false},"excerpt":{"rendered":"<ul>\n<li>CAS: 9000-70-8<\/li>\n<li>F\u00f3rmula qu\u00edmica: C<sub>6<\/sub>H<sub>12<\/sub>O<sub>6<\/sub><\/li>\n<li>Certifica\u00e7\u00f5es: KOSHER, ISO, HALAL, FSSC22000, BRC, etc.<\/li>\n<li>Quantidade m\u00ednima do pedido: 1000KG<\/li>\n<li>Prazo de validade: 2 anos<\/li>\n<\/ul>\n","protected":false},"featured_media":9801,"template":"","meta":{"site-sidebar-layout":"default","site-content-layout":"","ast-site-content-layout":"default","site-content-style":"default","site-sidebar-style":"default","ast-global-header-display":"","ast-banner-title-visibility":"","ast-main-header-display":"","ast-hfb-above-header-display":"","ast-hfb-below-header-display":"","ast-hfb-mobile-header-display":"","site-post-title":"","ast-breadcrumbs-content":"","ast-featured-img":"","footer-sml-layout":"","theme-transparent-header-meta":"default","adv-header-id-meta":"","stick-header-meta":"","header-above-stick-meta":"","header-main-stick-meta":"","header-below-stick-meta":"","astra-migrate-meta-layouts":"set","ast-page-background-enabled":"default","ast-page-background-meta":{"desktop":{"background-color":"var(--ast-global-color-4)","background-image":"","background-repeat":"repeat","background-position":"center center","background-size":"auto","background-attachment":"scroll","background-type":"","background-media":"","overlay-type":"","overlay-color":"","overlay-opacity":"","overlay-gradient":""},"tablet":{"background-color":"","background-image":"","background-repeat":"repeat","background-position":"center center","background-size":"auto","background-attachment":"scroll","background-type":"","background-media":"","overlay-type":"","overlay-color":"","overlay-opacity":"","overlay-gradient":""},"mobile":{"background-color":"","background-image":"","background-repeat":"repeat","background-position":"center center","background-size":"auto","background-attachment":"scroll","background-type":"","background-media":"","overlay-type":"","overlay-color":"","overlay-opacity":"","overlay-gradient":""}},"ast-content-background-meta":{"desktop":{"background-color":"var(--ast-global-color-5)","background-image":"","background-repeat":"repeat","background-position":"center center","background-size":"auto","background-attachment":"scroll","background-type":"","background-media":"","overlay-type":"","overlay-color":"","overlay-opacity":"","overlay-gradient":""},"tablet":{"background-color":"var(--ast-global-color-5)","background-image":"","background-repeat":"repeat","background-position":"center center","background-size":"auto","background-attachment":"scroll","background-type":"","background-media":"","overlay-type":"","overlay-color":"","overlay-opacity":"","overlay-gradient":""},"mobile":{"background-color":"var(--ast-global-color-5)","background-image":"","background-repeat":"repeat","background-position":"center center","background-size":"auto","background-attachment":"scroll","background-type":"","background-media":"","overlay-type":"","overlay-color":"","overlay-opacity":"","overlay-gradient":""}}},"product_brand":[],"product_cat":[95],"product_tag":[],"class_list":{"0":"post-9800","1":"product","2":"type-product","3":"status-publish","4":"has-post-thumbnail","6":"product_cat-produto-de-proteinas","7":"desktop-align-center","8":"tablet-align-left","9":"mobile-align-left","11":"first","12":"instock","13":"shipping-taxable","14":"product-type-simple"},"yoast_head":"<!-- This site is optimized with the Yoast SEO plugin v26.5 - https:\/\/yoast.com\/wordpress\/plugins\/seo\/ -->\n<title>Org\u00e2nico fibra alimentar de soja, fibra alimentar de soja p\u00f3 | Niranbio Chemical<\/title>\n<meta name=\"description\" content=\"Nossa fibra alimentar de soja est\u00e1 na forma de p\u00f3 amarelo claro a marrom escuro. Tem boa capacidade de absor\u00e7\u00e3o de \u00e1gua e estabilidade.\" \/>\n<meta name=\"robots\" content=\"noindex, follow, max-snippet:-1, max-image-preview:large, max-video-preview:-1\" \/>\n<meta name=\"twitter:label1\" content=\"Est. tempo de leitura\" \/>\n\t<meta name=\"twitter:data1\" content=\"5 minutos\" \/>\n<script type=\"application\/ld+json\" class=\"yoast-schema-graph\">{\"@context\":\"https:\/\/schema.org\",\"@graph\":[{\"@type\":\"WebPage\",\"@id\":\"https:\/\/theo.niranbio.com\/pt-br\/fibra-alimentar-de-soja.html\",\"url\":\"https:\/\/theo.niranbio.com\/pt-br\/fibra-alimentar-de-soja.html\",\"name\":\"Org\u00e2nico fibra alimentar de soja, fibra alimentar de soja p\u00f3 | Niranbio Chemical\",\"isPartOf\":{\"@id\":\"https:\/\/theo.niranbio.com\/pt-br\/#website\"},\"primaryImageOfPage\":{\"@id\":\"https:\/\/theo.niranbio.com\/pt-br\/fibra-alimentar-de-soja.html#primaryimage\"},\"image\":{\"@id\":\"https:\/\/theo.niranbio.com\/pt-br\/fibra-alimentar-de-soja.html#primaryimage\"},\"thumbnailUrl\":\"https:\/\/theo.niranbio.com\/wp-content\/uploads\/2024\/06\/Soy-Dietary-Fiber-Food-Grade.webp\",\"datePublished\":\"2024-06-20T03:40:18+00:00\",\"dateModified\":\"2024-08-16T07:17:33+00:00\",\"description\":\"Nossa fibra alimentar de soja est\u00e1 na forma de p\u00f3 amarelo claro a marrom escuro. Tem boa capacidade de absor\u00e7\u00e3o de \u00e1gua e estabilidade.\",\"breadcrumb\":{\"@id\":\"https:\/\/theo.niranbio.com\/pt-br\/fibra-alimentar-de-soja.html#breadcrumb\"},\"inLanguage\":\"pt-BR\",\"potentialAction\":[{\"@type\":\"ReadAction\",\"target\":[\"https:\/\/theo.niranbio.com\/pt-br\/fibra-alimentar-de-soja.html\"]}]},{\"@type\":\"ImageObject\",\"inLanguage\":\"pt-BR\",\"@id\":\"https:\/\/theo.niranbio.com\/pt-br\/fibra-alimentar-de-soja.html#primaryimage\",\"url\":\"https:\/\/theo.niranbio.com\/wp-content\/uploads\/2024\/06\/Soy-Dietary-Fiber-Food-Grade.webp\",\"contentUrl\":\"https:\/\/theo.niranbio.com\/wp-content\/uploads\/2024\/06\/Soy-Dietary-Fiber-Food-Grade.webp\",\"width\":600,\"height\":600,\"caption\":\"Fibra alimentar de soja Aplica\u00e7\u00e3o de grau aliment\u00edcio\"},{\"@type\":\"BreadcrumbList\",\"@id\":\"https:\/\/theo.niranbio.com\/pt-br\/fibra-alimentar-de-soja.html#breadcrumb\",\"itemListElement\":[{\"@type\":\"ListItem\",\"position\":1,\"name\":\"Home\",\"item\":\"https:\/\/theo.niranbio.com\/pt-br\/\"},{\"@type\":\"ListItem\",\"position\":2,\"name\":\"Produtos\",\"item\":\"https:\/\/theo.niranbio.com\/pt-br\/produtos.html\"},{\"@type\":\"ListItem\",\"position\":3,\"name\":\"Prote\u00ednas\",\"item\":\"https:\/\/theo.niranbio.com\/pt-br\/produto-de-proteinas\/\"},{\"@type\":\"ListItem\",\"position\":4,\"name\":\"Fibra alimentar de soja\"}]},{\"@type\":\"WebSite\",\"@id\":\"https:\/\/theo.niranbio.com\/pt-br\/#website\",\"url\":\"https:\/\/theo.niranbio.com\/pt-br\/\",\"name\":\"Niranbio Chemical\",\"description\":\"\",\"publisher\":{\"@id\":\"https:\/\/theo.niranbio.com\/pt-br\/#organization\"},\"potentialAction\":[{\"@type\":\"SearchAction\",\"target\":{\"@type\":\"EntryPoint\",\"urlTemplate\":\"https:\/\/theo.niranbio.com\/pt-br\/?s={search_term_string}\"},\"query-input\":{\"@type\":\"PropertyValueSpecification\",\"valueRequired\":true,\"valueName\":\"search_term_string\"}}],\"inLanguage\":\"pt-BR\"},{\"@type\":\"Organization\",\"@id\":\"https:\/\/theo.niranbio.com\/pt-br\/#organization\",\"name\":\"Niranbio Chemical\",\"url\":\"https:\/\/theo.niranbio.com\/pt-br\/\",\"logo\":{\"@type\":\"ImageObject\",\"inLanguage\":\"pt-BR\",\"@id\":\"https:\/\/theo.niranbio.com\/pt-br\/#\/schema\/logo\/image\/\",\"url\":\"https:\/\/theo.niranbio.com\/wp-content\/uploads\/2024\/06\/Niranbio.png\",\"contentUrl\":\"https:\/\/theo.niranbio.com\/wp-content\/uploads\/2024\/06\/Niranbio.png\",\"width\":270,\"height\":100,\"caption\":\"Niranbio Chemical\"},\"image\":{\"@id\":\"https:\/\/theo.niranbio.com\/pt-br\/#\/schema\/logo\/image\/\"}}]}<\/script>\n<!-- \/ Yoast SEO plugin. -->","yoast_head_json":{"title":"Org\u00e2nico fibra alimentar de soja, fibra alimentar de soja p\u00f3 | Niranbio Chemical","description":"Nossa fibra alimentar de soja est\u00e1 na forma de p\u00f3 amarelo claro a marrom escuro. Tem boa capacidade de absor\u00e7\u00e3o de \u00e1gua e estabilidade.","robots":{"index":"noindex","follow":"follow","max-snippet":"max-snippet:-1","max-image-preview":"max-image-preview:large","max-video-preview":"max-video-preview:-1"},"twitter_misc":{"Est. tempo de leitura":"5 minutos"},"schema":{"@context":"https:\/\/schema.org","@graph":[{"@type":"WebPage","@id":"https:\/\/theo.niranbio.com\/pt-br\/fibra-alimentar-de-soja.html","url":"https:\/\/theo.niranbio.com\/pt-br\/fibra-alimentar-de-soja.html","name":"Org\u00e2nico fibra alimentar de soja, fibra alimentar de soja p\u00f3 | Niranbio Chemical","isPartOf":{"@id":"https:\/\/theo.niranbio.com\/pt-br\/#website"},"primaryImageOfPage":{"@id":"https:\/\/theo.niranbio.com\/pt-br\/fibra-alimentar-de-soja.html#primaryimage"},"image":{"@id":"https:\/\/theo.niranbio.com\/pt-br\/fibra-alimentar-de-soja.html#primaryimage"},"thumbnailUrl":"https:\/\/theo.niranbio.com\/wp-content\/uploads\/2024\/06\/Soy-Dietary-Fiber-Food-Grade.webp","datePublished":"2024-06-20T03:40:18+00:00","dateModified":"2024-08-16T07:17:33+00:00","description":"Nossa fibra alimentar de soja est\u00e1 na forma de p\u00f3 amarelo claro a marrom escuro. Tem boa capacidade de absor\u00e7\u00e3o de \u00e1gua e estabilidade.","breadcrumb":{"@id":"https:\/\/theo.niranbio.com\/pt-br\/fibra-alimentar-de-soja.html#breadcrumb"},"inLanguage":"pt-BR","potentialAction":[{"@type":"ReadAction","target":["https:\/\/theo.niranbio.com\/pt-br\/fibra-alimentar-de-soja.html"]}]},{"@type":"ImageObject","inLanguage":"pt-BR","@id":"https:\/\/theo.niranbio.com\/pt-br\/fibra-alimentar-de-soja.html#primaryimage","url":"https:\/\/theo.niranbio.com\/wp-content\/uploads\/2024\/06\/Soy-Dietary-Fiber-Food-Grade.webp","contentUrl":"https:\/\/theo.niranbio.com\/wp-content\/uploads\/2024\/06\/Soy-Dietary-Fiber-Food-Grade.webp","width":600,"height":600,"caption":"Fibra alimentar de soja Aplica\u00e7\u00e3o de grau aliment\u00edcio"},{"@type":"BreadcrumbList","@id":"https:\/\/theo.niranbio.com\/pt-br\/fibra-alimentar-de-soja.html#breadcrumb","itemListElement":[{"@type":"ListItem","position":1,"name":"Home","item":"https:\/\/theo.niranbio.com\/pt-br\/"},{"@type":"ListItem","position":2,"name":"Produtos","item":"https:\/\/theo.niranbio.com\/pt-br\/produtos.html"},{"@type":"ListItem","position":3,"name":"Prote\u00ednas","item":"https:\/\/theo.niranbio.com\/pt-br\/produto-de-proteinas\/"},{"@type":"ListItem","position":4,"name":"Fibra alimentar de soja"}]},{"@type":"WebSite","@id":"https:\/\/theo.niranbio.com\/pt-br\/#website","url":"https:\/\/theo.niranbio.com\/pt-br\/","name":"Niranbio Chemical","description":"","publisher":{"@id":"https:\/\/theo.niranbio.com\/pt-br\/#organization"},"potentialAction":[{"@type":"SearchAction","target":{"@type":"EntryPoint","urlTemplate":"https:\/\/theo.niranbio.com\/pt-br\/?s={search_term_string}"},"query-input":{"@type":"PropertyValueSpecification","valueRequired":true,"valueName":"search_term_string"}}],"inLanguage":"pt-BR"},{"@type":"Organization","@id":"https:\/\/theo.niranbio.com\/pt-br\/#organization","name":"Niranbio Chemical","url":"https:\/\/theo.niranbio.com\/pt-br\/","logo":{"@type":"ImageObject","inLanguage":"pt-BR","@id":"https:\/\/theo.niranbio.com\/pt-br\/#\/schema\/logo\/image\/","url":"https:\/\/theo.niranbio.com\/wp-content\/uploads\/2024\/06\/Niranbio.png","contentUrl":"https:\/\/theo.niranbio.com\/wp-content\/uploads\/2024\/06\/Niranbio.png","width":270,"height":100,"caption":"Niranbio Chemical"},"image":{"@id":"https:\/\/theo.niranbio.com\/pt-br\/#\/schema\/logo\/image\/"}}]}},"_links":{"self":[{"href":"https:\/\/theo.niranbio.com\/pt-br\/wp-json\/wp\/v2\/product\/9800","targetHints":{"allow":["GET"]}}],"collection":[{"href":"https:\/\/theo.niranbio.com\/pt-br\/wp-json\/wp\/v2\/product"}],"about":[{"href":"https:\/\/theo.niranbio.com\/pt-br\/wp-json\/wp\/v2\/types\/product"}],"version-history":[{"count":0,"href":"https:\/\/theo.niranbio.com\/pt-br\/wp-json\/wp\/v2\/product\/9800\/revisions"}],"wp:featuredmedia":[{"embeddable":true,"href":"https:\/\/theo.niranbio.com\/pt-br\/wp-json\/wp\/v2\/media\/9801"}],"wp:attachment":[{"href":"https:\/\/theo.niranbio.com\/pt-br\/wp-json\/wp\/v2\/media?parent=9800"}],"wp:term":[{"taxonomy":"product_brand","embeddable":true,"href":"https:\/\/theo.niranbio.com\/pt-br\/wp-json\/wp\/v2\/product_brand?post=9800"},{"taxonomy":"product_cat","embeddable":true,"href":"https:\/\/theo.niranbio.com\/pt-br\/wp-json\/wp\/v2\/product_cat?post=9800"},{"taxonomy":"product_tag","embeddable":true,"href":"https:\/\/theo.niranbio.com\/pt-br\/wp-json\/wp\/v2\/product_tag?post=9800"}],"curies":[{"name":"wp","href":"https:\/\/api.w.org\/{rel}","templated":true}]}}