{"id":9784,"date":"2024-06-20T11:42:12","date_gmt":"2024-06-20T03:42:12","guid":{"rendered":"https:\/\/theo.niranbio.com\/proteina-de-soja-concentrada\/"},"modified":"2024-08-16T15:01:39","modified_gmt":"2024-08-16T07:01:39","slug":"proteina-de-soja-concentrada","status":"publish","type":"product","link":"https:\/\/theo.niranbio.com\/pt-br\/proteina-de-soja-concentrada.html","title":{"rendered":"Prote\u00edna de soja concentrada"},"content":{"rendered":"<h2><span class=\"ez-toc-section\" id=\"O_que_e_proteina_de_soja_concentrada\"><\/span>O que \u00e9 prote\u00edna de soja concentrada?<span class=\"ez-toc-section-end\"><\/span><\/h2>\n<p>A prote\u00edna de soja concentrada \u00e9 uma prote\u00edna extra\u00edda da soja, que \u00e9 um concentrado proteico obtido pela remo\u00e7\u00e3o de um pouco de gordura e carboidratos. Tem uma apar\u00eancia de p\u00f3 amarelo claro. \u00c9 um ingrediente alimentar rico em prote\u00edna e alto valor nutricional amplamente utilizado na ind\u00fastria de alimentos e bebidas. Existem v\u00e1rios m\u00e9todos principais para preparar prote\u00edna de soja concentrada:<\/p>\n<ol>\n<li>Moa a soja em uma pasta e ajuste-a a um ambiente \u00e1cido (o pH geralmente est\u00e1 entre 4,5 e 5,0) para precipitar a prote\u00edna da pasta, centrifugue para separar o precipitado da prote\u00edna, remova a parte l\u00edquida, ajuste o valor do pH com um neutralizador e remova o excesso de \u00e1gua por meio de um processo de concentra\u00e7\u00e3o para obter um p\u00f3 de prote\u00edna de soja concentrado e, finalmente, seque-o para obter o produto final. O processo para preparar prote\u00edna de soja concentrada se tornou um m\u00e9todo de produ\u00e7\u00e3o mais popular devido \u00e0 sua capacidade de extrair um maior teor de prote\u00edna e tecnologia madura.<\/li>\n<li>Moa a soja em uma pasta, adicione enzimas espec\u00edficas (como proteases) para decompor os componentes n\u00e3o proteicos na soja, aumente a concentra\u00e7\u00e3o de prote\u00edna, separe a solu\u00e7\u00e3o de prote\u00edna por centrifuga\u00e7\u00e3o ou filtra\u00e7\u00e3o, remova a parte l\u00edquida e, em seguida, concentre e seque para obter um p\u00f3 de prote\u00edna de soja concentrado.<\/li>\n<\/ol>\n<p>Moa a soja em polpa, use membrana de ultrafiltra\u00e7\u00e3o para separar a prote\u00edna de outros componentes na polpa de soja, retenha a prote\u00edna e remova o excesso de \u00e1gua e outras impurezas e, finalmente, obtenha o p\u00f3 final de prote\u00edna de soja concentrada por meio de mais concentra\u00e7\u00e3o e processo de secagem.<\/p>\n<h2><span class=\"ez-toc-section\" id=\"Parametros_relacionados\"><\/span>Par\u00e2metros relacionados:<span class=\"ez-toc-section-end\"><\/span><\/h2>\n<table>\n<tbody>\n<tr>\n<td><strong>Itens<\/strong><\/td>\n<td><strong>Especifica\u00e7\u00e3o<\/strong><\/td>\n<\/tr>\n<tr>\n<td>Prote\u00edna bruta (como base seca)<\/td>\n<td>\u226565%<\/td>\n<\/tr>\n<tr>\n<td>Umidade<\/td>\n<td>\u22647%<\/td>\n<\/tr>\n<tr>\n<td>Cinza<\/td>\n<td>\u22646%<\/td>\n<\/tr>\n<tr>\n<td>Gordura<\/td>\n<td>\u22641%<\/td>\n<\/tr>\n<tr>\n<td>PH<\/td>\n<td>6.5-8<\/td>\n<\/tr>\n<tr>\n<td>Densidade<\/td>\n<td>035-038g\/cm^3<\/td>\n<\/tr>\n<tr>\n<td>Tamanho da part\u00edcula (at\u00e9 100 mesh)<\/td>\n<td>\u226595%<\/td>\n<\/tr>\n<tr>\n<td>Cor<\/td>\n<td>Creme ou creme claro<\/td>\n<\/tr>\n<tr>\n<td>Conte\u00fado bacteriano (cfu\/g)<\/td>\n<td>\u226420,000<\/td>\n<\/tr>\n<tr>\n<td>E.coli<\/td>\n<td>\u22643MPN\/G<\/td>\n<\/tr>\n<tr>\n<td>Levedura e mofo<\/td>\n<td>\u226450CGU\/G<\/td>\n<\/tr>\n<tr>\n<td>Bact\u00e9rias coliformes\uff08MPN\/100g\uff09<\/td>\n<td>\u226430<\/td>\n<\/tr>\n<tr>\n<td>Salmonela<\/td>\n<td>Negativo\/25g<\/td>\n<\/tr>\n<tr>\n<td>Melamina<\/td>\n<td>N\u00e3o detectado<\/td>\n<\/tr>\n<tr>\n<td>C\u00e1dmio (ppm)<\/td>\n<td>\u22640.1<\/td>\n<\/tr>\n<tr>\n<td>Ars\u00eanico (ppm)<\/td>\n<td>\u22640.5<\/td>\n<\/tr>\n<tr>\n<td>Chumbo (ppm)<\/td>\n<td>\u22640.5<\/td>\n<\/tr>\n<\/tbody>\n<\/table>\n<h2><span class=\"ez-toc-section\" id=\"Dosagem_recomendada\"><\/span>Dosagem recomendada:<span class=\"ez-toc-section-end\"><\/span><\/h2>\n<table>\n<tbody>\n<tr>\n<td><strong>Nome do alimento<\/strong><\/td>\n<td><strong>Uso m\u00e1ximo (g\/kg)<\/strong><\/td>\n<\/tr>\n<tr>\n<td>Bebidas proteicas<\/td>\n<td>30-50 g\/kg<\/td>\n<\/tr>\n<tr>\n<td>Suplementos nutricionais<\/td>\n<td>50-70 g\/kg<\/td>\n<\/tr>\n<tr>\n<td>Hamb\u00fargueres vegetarianos<\/td>\n<td>60-80 g\/kg<\/td>\n<\/tr>\n<tr>\n<td>Substitutos de carne (por exemplo, hamb\u00fargueres vegetarianos)<\/td>\n<td>50-70 g\/kg<\/td>\n<\/tr>\n<tr>\n<td>Biscoitos<\/td>\n<td>20-30 g\/kg<\/td>\n<\/tr>\n<tr>\n<td>P\u00e3o<\/td>\n<td>10-20 g\/kg<\/td>\n<\/tr>\n<tr>\n<td>Prote\u00edna em p\u00f3<\/td>\n<td>70-90 g\/kg<\/td>\n<\/tr>\n<tr>\n<td>Riss\u00f3is<\/td>\n<td>50-70 g\/kg<\/td>\n<\/tr>\n<tr>\n<td>Temperos (por exemplo, pacotes de temperos instant\u00e2neos)<\/td>\n<td>10-20 g\/kg<\/td>\n<\/tr>\n<tr>\n<td>Salsichas vegetarianas<\/td>\n<td>40-60 g\/kg<\/td>\n<\/tr>\n<tr>\n<td>Bebidas energ\u00e9ticas<\/td>\n<td>20-30 g\/kg<\/td>\n<\/tr>\n<tr>\n<td>Milkshakes<\/td>\n<td>30-50 g\/kg<\/td>\n<\/tr>\n<tr>\n<td>Hamb\u00fargueres<\/td>\n<td>40-60 g\/kg<\/td>\n<\/tr>\n<tr>\n<td>Batatas fritas (vers\u00e3o vegetariana)<\/td>\n<td>20-30 g\/kg<\/td>\n<\/tr>\n<\/tbody>\n<\/table>\n<h2><span class=\"ez-toc-section\" id=\"A_proteina_de_soja_concentrada_tem_uma_ampla_gama_de_usos\"><\/span>A prote\u00edna de soja concentrada tem uma ampla gama de usos<span class=\"ez-toc-section-end\"><\/span><\/h2>\n<ol>\n<li>A prote\u00edna de soja concentrada cont\u00e9m at\u00e9 65%-75% de prote\u00edna, o que \u00e9 uma fonte eficaz de prote\u00edna e pode aumentar significativamente o teor de prote\u00edna dos alimentos.<\/li>\n<li>Pode melhorar a textura dos alimentos, tornando-os mais carnudos ou aumentando a viscosidade.<\/li>\n<li>Como ingrediente funcional, a prote\u00edna de soja concentrada pode melhorar a fun\u00e7\u00e3o nutricional dos alimentos, como aumentar a saciedade e melhorar o controle do a\u00e7\u00facar no sangue.<\/li>\n<li>A prote\u00edna de soja concentrada ajuda a estabilizar outros ingredientes em formula\u00e7\u00f5es de alimentos e reduzir a estratifica\u00e7\u00e3o e precipita\u00e7\u00e3o.<\/li>\n<li>Comparada com outros ingredientes ricos em prote\u00ednas, a prote\u00edna de soja concentrada cont\u00e9m menos gordura, o que ajuda a reduzir o teor total de gordura nos alimentos.<\/li>\n<\/ol>\n<h2><span class=\"ez-toc-section\" id=\"Pergunta_feita_pelo_usuario\"><\/span>Pergunta feita pelo usu\u00e1rio:<span class=\"ez-toc-section-end\"><\/span><\/h2>\n<p>Pergunta: Quais s\u00e3o as vantagens da prote\u00edna de soja concentrada sobre a prote\u00edna de soja?<\/p>\n<p>Resposta: A principal diferen\u00e7a entre prote\u00edna de soja e prote\u00edna de soja concentrada \u00e9 que parte da gordura e carboidratos s\u00e3o removidos durante o processamento, tornando o conte\u00fado de prote\u00edna da prote\u00edna de soja concentrada maior, geralmente entre 65% e 70%. A prote\u00edna de soja concentrada tem maior densidade de prote\u00edna, menor teor de gordura e carboidrato, pode melhorar o sabor e a textura dos alimentos e \u00e9 adequada para formula\u00e7\u00f5es de alimentos que exigem alta prote\u00edna e baixa gordura.<\/p>\n","protected":false},"excerpt":{"rendered":"<ul>\n<li>CAS: 9010-10-0<\/li>\n<li>F\u00f3rmula qu\u00edmica: C<sub>13<\/sub>H<sub>10<\/sub>N<sub>2<\/sub><\/li>\n<li>Certifica\u00e7\u00f5es: KOSHER, ISO, HALAL, FSSC22000, BRC, etc.<\/li>\n<li>Quantidade m\u00ednima do pedido: 1000KG<\/li>\n<li>Prazo de validade: 2 anos<\/li>\n<\/ul>\n","protected":false},"featured_media":9785,"template":"","meta":{"site-sidebar-layout":"default","site-content-layout":"","ast-site-content-layout":"default","site-content-style":"default","site-sidebar-style":"default","ast-global-header-display":"","ast-banner-title-visibility":"","ast-main-header-display":"","ast-hfb-above-header-display":"","ast-hfb-below-header-display":"","ast-hfb-mobile-header-display":"","site-post-title":"","ast-breadcrumbs-content":"","ast-featured-img":"","footer-sml-layout":"","theme-transparent-header-meta":"default","adv-header-id-meta":"","stick-header-meta":"","header-above-stick-meta":"","header-main-stick-meta":"","header-below-stick-meta":"","astra-migrate-meta-layouts":"set","ast-page-background-enabled":"default","ast-page-background-meta":{"desktop":{"background-color":"var(--ast-global-color-4)","background-image":"","background-repeat":"repeat","background-position":"center center","background-size":"auto","background-attachment":"scroll","background-type":"","background-media":"","overlay-type":"","overlay-color":"","overlay-opacity":"","overlay-gradient":""},"tablet":{"background-color":"","background-image":"","background-repeat":"repeat","background-position":"center center","background-size":"auto","background-attachment":"scroll","background-type":"","background-media":"","overlay-type":"","overlay-color":"","overlay-opacity":"","overlay-gradient":""},"mobile":{"background-color":"","background-image":"","background-repeat":"repeat","background-position":"center center","background-size":"auto","background-attachment":"scroll","background-type":"","background-media":"","overlay-type":"","overlay-color":"","overlay-opacity":"","overlay-gradient":""}},"ast-content-background-meta":{"desktop":{"background-color":"var(--ast-global-color-5)","background-image":"","background-repeat":"repeat","background-position":"center center","background-size":"auto","background-attachment":"scroll","background-type":"","background-media":"","overlay-type":"","overlay-color":"","overlay-opacity":"","overlay-gradient":""},"tablet":{"background-color":"var(--ast-global-color-5)","background-image":"","background-repeat":"repeat","background-position":"center center","background-size":"auto","background-attachment":"scroll","background-type":"","background-media":"","overlay-type":"","overlay-color":"","overlay-opacity":"","overlay-gradient":""},"mobile":{"background-color":"var(--ast-global-color-5)","background-image":"","background-repeat":"repeat","background-position":"center center","background-size":"auto","background-attachment":"scroll","background-type":"","background-media":"","overlay-type":"","overlay-color":"","overlay-opacity":"","overlay-gradient":""}}},"product_brand":[],"product_cat":[95],"product_tag":[],"class_list":{"0":"post-9784","1":"product","2":"type-product","3":"status-publish","4":"has-post-thumbnail","6":"product_cat-produto-de-proteinas","7":"desktop-align-center","8":"tablet-align-left","9":"mobile-align-left","11":"first","12":"instock","13":"shipping-taxable","14":"product-type-simple"},"yoast_head":"<!-- This site is optimized with the Yoast SEO plugin v26.5 - https:\/\/yoast.com\/wordpress\/plugins\/seo\/ -->\n<title>Org\u00e2nico Prote\u00edna de Soja Concentrada, prote\u00edna de Soja Concentrada fornecedor | Niranbio Chemical<\/title>\n<meta name=\"description\" content=\"Nossa Prote\u00edna de Soja Concentrada tem uma apar\u00eancia de p\u00f3 amarelo claro, \u00e9 um ingrediente alimentar rico em prote\u00edna e alto valor nutricional amplamente utilizado na ind\u00fastria de alimentos e bebidas.\" \/>\n<meta name=\"robots\" content=\"noindex, follow, max-snippet:-1, max-image-preview:large, max-video-preview:-1\" \/>\n<meta name=\"twitter:label1\" content=\"Est. tempo de leitura\" \/>\n\t<meta name=\"twitter:data1\" content=\"3 minutos\" \/>\n<script type=\"application\/ld+json\" class=\"yoast-schema-graph\">{\"@context\":\"https:\/\/schema.org\",\"@graph\":[{\"@type\":\"WebPage\",\"@id\":\"https:\/\/theo.niranbio.com\/pt-br\/proteina-de-soja-concentrada.html\",\"url\":\"https:\/\/theo.niranbio.com\/pt-br\/proteina-de-soja-concentrada.html\",\"name\":\"Org\u00e2nico Prote\u00edna de Soja Concentrada, prote\u00edna de Soja Concentrada fornecedor | Niranbio Chemical\",\"isPartOf\":{\"@id\":\"https:\/\/theo.niranbio.com\/pt-br\/#website\"},\"primaryImageOfPage\":{\"@id\":\"https:\/\/theo.niranbio.com\/pt-br\/proteina-de-soja-concentrada.html#primaryimage\"},\"image\":{\"@id\":\"https:\/\/theo.niranbio.com\/pt-br\/proteina-de-soja-concentrada.html#primaryimage\"},\"thumbnailUrl\":\"https:\/\/theo.niranbio.com\/wp-content\/uploads\/2024\/06\/Concentrated-Soy-Protein-70.webp\",\"datePublished\":\"2024-06-20T03:42:12+00:00\",\"dateModified\":\"2024-08-16T07:01:39+00:00\",\"description\":\"Nossa Prote\u00edna de Soja Concentrada tem uma apar\u00eancia de p\u00f3 amarelo claro, \u00e9 um ingrediente alimentar rico em prote\u00edna e alto valor nutricional amplamente utilizado na ind\u00fastria de alimentos e bebidas.\",\"breadcrumb\":{\"@id\":\"https:\/\/theo.niranbio.com\/pt-br\/proteina-de-soja-concentrada.html#breadcrumb\"},\"inLanguage\":\"pt-BR\",\"potentialAction\":[{\"@type\":\"ReadAction\",\"target\":[\"https:\/\/theo.niranbio.com\/pt-br\/proteina-de-soja-concentrada.html\"]}]},{\"@type\":\"ImageObject\",\"inLanguage\":\"pt-BR\",\"@id\":\"https:\/\/theo.niranbio.com\/pt-br\/proteina-de-soja-concentrada.html#primaryimage\",\"url\":\"https:\/\/theo.niranbio.com\/wp-content\/uploads\/2024\/06\/Concentrated-Soy-Protein-70.webp\",\"contentUrl\":\"https:\/\/theo.niranbio.com\/wp-content\/uploads\/2024\/06\/Concentrated-Soy-Protein-70.webp\",\"width\":600,\"height\":600,\"caption\":\"Prote\u00edna de Soja Concentrada 70%\"},{\"@type\":\"BreadcrumbList\",\"@id\":\"https:\/\/theo.niranbio.com\/pt-br\/proteina-de-soja-concentrada.html#breadcrumb\",\"itemListElement\":[{\"@type\":\"ListItem\",\"position\":1,\"name\":\"Home\",\"item\":\"https:\/\/theo.niranbio.com\/pt-br\/\"},{\"@type\":\"ListItem\",\"position\":2,\"name\":\"Produtos\",\"item\":\"https:\/\/theo.niranbio.com\/pt-br\/produtos.html\"},{\"@type\":\"ListItem\",\"position\":3,\"name\":\"Prote\u00ednas\",\"item\":\"https:\/\/theo.niranbio.com\/pt-br\/produto-de-proteinas\/\"},{\"@type\":\"ListItem\",\"position\":4,\"name\":\"Prote\u00edna de soja concentrada\"}]},{\"@type\":\"WebSite\",\"@id\":\"https:\/\/theo.niranbio.com\/pt-br\/#website\",\"url\":\"https:\/\/theo.niranbio.com\/pt-br\/\",\"name\":\"Niranbio Chemical\",\"description\":\"\",\"publisher\":{\"@id\":\"https:\/\/theo.niranbio.com\/pt-br\/#organization\"},\"potentialAction\":[{\"@type\":\"SearchAction\",\"target\":{\"@type\":\"EntryPoint\",\"urlTemplate\":\"https:\/\/theo.niranbio.com\/pt-br\/?s={search_term_string}\"},\"query-input\":{\"@type\":\"PropertyValueSpecification\",\"valueRequired\":true,\"valueName\":\"search_term_string\"}}],\"inLanguage\":\"pt-BR\"},{\"@type\":\"Organization\",\"@id\":\"https:\/\/theo.niranbio.com\/pt-br\/#organization\",\"name\":\"Niranbio Chemical\",\"url\":\"https:\/\/theo.niranbio.com\/pt-br\/\",\"logo\":{\"@type\":\"ImageObject\",\"inLanguage\":\"pt-BR\",\"@id\":\"https:\/\/theo.niranbio.com\/pt-br\/#\/schema\/logo\/image\/\",\"url\":\"https:\/\/theo.niranbio.com\/wp-content\/uploads\/2024\/06\/Niranbio.png\",\"contentUrl\":\"https:\/\/theo.niranbio.com\/wp-content\/uploads\/2024\/06\/Niranbio.png\",\"width\":270,\"height\":100,\"caption\":\"Niranbio Chemical\"},\"image\":{\"@id\":\"https:\/\/theo.niranbio.com\/pt-br\/#\/schema\/logo\/image\/\"}}]}<\/script>\n<!-- \/ Yoast SEO plugin. -->","yoast_head_json":{"title":"Org\u00e2nico Prote\u00edna de Soja Concentrada, prote\u00edna de Soja Concentrada fornecedor | Niranbio Chemical","description":"Nossa Prote\u00edna de Soja Concentrada tem uma apar\u00eancia de p\u00f3 amarelo claro, \u00e9 um ingrediente alimentar rico em prote\u00edna e alto valor nutricional amplamente utilizado na ind\u00fastria de alimentos e bebidas.","robots":{"index":"noindex","follow":"follow","max-snippet":"max-snippet:-1","max-image-preview":"max-image-preview:large","max-video-preview":"max-video-preview:-1"},"twitter_misc":{"Est. tempo de leitura":"3 minutos"},"schema":{"@context":"https:\/\/schema.org","@graph":[{"@type":"WebPage","@id":"https:\/\/theo.niranbio.com\/pt-br\/proteina-de-soja-concentrada.html","url":"https:\/\/theo.niranbio.com\/pt-br\/proteina-de-soja-concentrada.html","name":"Org\u00e2nico Prote\u00edna de Soja Concentrada, prote\u00edna de Soja Concentrada fornecedor | Niranbio Chemical","isPartOf":{"@id":"https:\/\/theo.niranbio.com\/pt-br\/#website"},"primaryImageOfPage":{"@id":"https:\/\/theo.niranbio.com\/pt-br\/proteina-de-soja-concentrada.html#primaryimage"},"image":{"@id":"https:\/\/theo.niranbio.com\/pt-br\/proteina-de-soja-concentrada.html#primaryimage"},"thumbnailUrl":"https:\/\/theo.niranbio.com\/wp-content\/uploads\/2024\/06\/Concentrated-Soy-Protein-70.webp","datePublished":"2024-06-20T03:42:12+00:00","dateModified":"2024-08-16T07:01:39+00:00","description":"Nossa Prote\u00edna de Soja Concentrada tem uma apar\u00eancia de p\u00f3 amarelo claro, \u00e9 um ingrediente alimentar rico em prote\u00edna e alto valor nutricional amplamente utilizado na ind\u00fastria de alimentos e bebidas.","breadcrumb":{"@id":"https:\/\/theo.niranbio.com\/pt-br\/proteina-de-soja-concentrada.html#breadcrumb"},"inLanguage":"pt-BR","potentialAction":[{"@type":"ReadAction","target":["https:\/\/theo.niranbio.com\/pt-br\/proteina-de-soja-concentrada.html"]}]},{"@type":"ImageObject","inLanguage":"pt-BR","@id":"https:\/\/theo.niranbio.com\/pt-br\/proteina-de-soja-concentrada.html#primaryimage","url":"https:\/\/theo.niranbio.com\/wp-content\/uploads\/2024\/06\/Concentrated-Soy-Protein-70.webp","contentUrl":"https:\/\/theo.niranbio.com\/wp-content\/uploads\/2024\/06\/Concentrated-Soy-Protein-70.webp","width":600,"height":600,"caption":"Prote\u00edna de Soja Concentrada 70%"},{"@type":"BreadcrumbList","@id":"https:\/\/theo.niranbio.com\/pt-br\/proteina-de-soja-concentrada.html#breadcrumb","itemListElement":[{"@type":"ListItem","position":1,"name":"Home","item":"https:\/\/theo.niranbio.com\/pt-br\/"},{"@type":"ListItem","position":2,"name":"Produtos","item":"https:\/\/theo.niranbio.com\/pt-br\/produtos.html"},{"@type":"ListItem","position":3,"name":"Prote\u00ednas","item":"https:\/\/theo.niranbio.com\/pt-br\/produto-de-proteinas\/"},{"@type":"ListItem","position":4,"name":"Prote\u00edna de soja concentrada"}]},{"@type":"WebSite","@id":"https:\/\/theo.niranbio.com\/pt-br\/#website","url":"https:\/\/theo.niranbio.com\/pt-br\/","name":"Niranbio Chemical","description":"","publisher":{"@id":"https:\/\/theo.niranbio.com\/pt-br\/#organization"},"potentialAction":[{"@type":"SearchAction","target":{"@type":"EntryPoint","urlTemplate":"https:\/\/theo.niranbio.com\/pt-br\/?s={search_term_string}"},"query-input":{"@type":"PropertyValueSpecification","valueRequired":true,"valueName":"search_term_string"}}],"inLanguage":"pt-BR"},{"@type":"Organization","@id":"https:\/\/theo.niranbio.com\/pt-br\/#organization","name":"Niranbio Chemical","url":"https:\/\/theo.niranbio.com\/pt-br\/","logo":{"@type":"ImageObject","inLanguage":"pt-BR","@id":"https:\/\/theo.niranbio.com\/pt-br\/#\/schema\/logo\/image\/","url":"https:\/\/theo.niranbio.com\/wp-content\/uploads\/2024\/06\/Niranbio.png","contentUrl":"https:\/\/theo.niranbio.com\/wp-content\/uploads\/2024\/06\/Niranbio.png","width":270,"height":100,"caption":"Niranbio Chemical"},"image":{"@id":"https:\/\/theo.niranbio.com\/pt-br\/#\/schema\/logo\/image\/"}}]}},"_links":{"self":[{"href":"https:\/\/theo.niranbio.com\/pt-br\/wp-json\/wp\/v2\/product\/9784","targetHints":{"allow":["GET"]}}],"collection":[{"href":"https:\/\/theo.niranbio.com\/pt-br\/wp-json\/wp\/v2\/product"}],"about":[{"href":"https:\/\/theo.niranbio.com\/pt-br\/wp-json\/wp\/v2\/types\/product"}],"version-history":[{"count":0,"href":"https:\/\/theo.niranbio.com\/pt-br\/wp-json\/wp\/v2\/product\/9784\/revisions"}],"wp:featuredmedia":[{"embeddable":true,"href":"https:\/\/theo.niranbio.com\/pt-br\/wp-json\/wp\/v2\/media\/9785"}],"wp:attachment":[{"href":"https:\/\/theo.niranbio.com\/pt-br\/wp-json\/wp\/v2\/media?parent=9784"}],"wp:term":[{"taxonomy":"product_brand","embeddable":true,"href":"https:\/\/theo.niranbio.com\/pt-br\/wp-json\/wp\/v2\/product_brand?post=9784"},{"taxonomy":"product_cat","embeddable":true,"href":"https:\/\/theo.niranbio.com\/pt-br\/wp-json\/wp\/v2\/product_cat?post=9784"},{"taxonomy":"product_tag","embeddable":true,"href":"https:\/\/theo.niranbio.com\/pt-br\/wp-json\/wp\/v2\/product_tag?post=9784"}],"curies":[{"name":"wp","href":"https:\/\/api.w.org\/{rel}","templated":true}]}}