{"id":9772,"date":"2024-06-20T13:17:06","date_gmt":"2024-06-20T05:17:06","guid":{"rendered":"https:\/\/theo.niranbio.com\/bicarbonato-de-sodio\/"},"modified":"2024-08-16T16:30:30","modified_gmt":"2024-08-16T08:30:30","slug":"bicarbonato-de-sodio","status":"publish","type":"product","link":"https:\/\/theo.niranbio.com\/pt-br\/bicarbonato-de-sodio.html","title":{"rendered":"Bicarbonato de s\u00f3dio"},"content":{"rendered":"<h2><span class=\"ez-toc-section\" id=\"O_que_e_bicarbonato_de_sodio\"><\/span>O que \u00e9 bicarbonato de s\u00f3dio?<span class=\"ez-toc-section-end\"><\/span><\/h2>\n<p>O bicarbonato de s\u00f3dio \u00e9 uma subst\u00e2ncia inorg\u00e2nica que pode assumir a forma de pequenos cristais ou p\u00f3 branco. N\u00e3o tem cheiro, \u00e9 salgado, sol\u00favel em \u00e1gua, decomp\u00f5e-se rapidamente na presen\u00e7a de calor e libera di\u00f3xido de carbono gradualmente \u00e0 medida que se decomp\u00f5e no ar \u00famido. \u00c9 amplamente utilizado em muitos dom\u00ednios industriais, incluindo as ind\u00fastrias aliment\u00edcia, farmac\u00eautica, qu\u00edmica, t\u00eaxtil e leve, bem como na vida cotidiana. Existem principalmente os seguintes processos para a produ\u00e7\u00e3o de bicarbonato de s\u00f3dio na China:<\/p>\n<ol>\n<li>Extra\u00eddo de min\u00e9rio de soda natural puro (pedra de terra refrat\u00e1ria natural pura, composta de bicarbonato de s\u00f3dio e carbonato de s\u00f3dio). Esses min\u00e9rios s\u00e3o geralmente ricos em bicarbonato de s\u00f3dio. Ap\u00f3s minera\u00e7\u00e3o, britagem, lixivia\u00e7\u00e3o, cristaliza\u00e7\u00e3o e secagem, o bicarbonato de s\u00f3dio \u00e9 finalmente obtido.<\/li>\n<li>O carbonato de s\u00f3dio reage com am\u00f4nia para obter bicarbonato de s\u00f3dio, que \u00e9 ent\u00e3o aquecido e decomposto para produzir bicarbonato de s\u00f3dio. A produ\u00e7\u00e3o em larga escala pode ser realizada com esta t\u00e9cnica, que \u00e9 mais prevalente na produ\u00e7\u00e3o industrial.<\/li>\n<li>O carbonato de s\u00f3dio \u00e9 dissolvido em \u00e1gua e, em seguida, o g\u00e1s di\u00f3xido de carbono \u00e9 introduzido para gerar bicarbonato de s\u00f3dio, que \u00e9 ent\u00e3o aquecido e decomposto para obter bicarbonato de s\u00f3dio.<\/li>\n<li>O carbonato de s\u00f3dio reage com o oxig\u00eanio no ar para gerar bicarbonato de s\u00f3dio, que \u00e9 ent\u00e3o aquecido e decomposto para produzir bicarbonato de s\u00f3dio.<\/li>\n<\/ol>\n<h2><span class=\"ez-toc-section\" id=\"Parametros_relacionados\"><\/span>Par\u00e2metros relacionados:<span class=\"ez-toc-section-end\"><\/span><\/h2>\n<table>\n<tbody>\n<tr>\n<td><strong>ITEMS<\/strong><\/td>\n<td><strong>Especifica\u00e7\u00f5es<\/strong><\/td>\n<\/tr>\n<tr>\n<td>Apar\u00eancia<\/td>\n<td>P\u00f3 cristalino branco<\/td>\n<\/tr>\n<tr>\n<td>Ensaio (base seca, %)<\/td>\n<td>99.0-100.5<\/td>\n<\/tr>\n<tr>\n<td>pH (solu\u00e7\u00e3o a 1%)<\/td>\n<td>\u2264 8.6<\/td>\n<\/tr>\n<tr>\n<td>Perda por secagem (%)<\/td>\n<td>\u22640.20<\/td>\n<\/tr>\n<tr>\n<td>Cloretos (Cl, %)<\/td>\n<td>\u22640.50<\/td>\n<\/tr>\n<tr>\n<td>Am\u00f4nia<\/td>\n<td>Passou no teste<\/td>\n<\/tr>\n<tr>\n<td>Subst\u00e2ncias insol\u00faveis<\/td>\n<td>Passou no teste<\/td>\n<\/tr>\n<tr>\n<td>Brancura (%)<\/td>\n<td>\u226585<\/td>\n<\/tr>\n<tr>\n<td>Chumbo (Pb)<\/td>\n<td>\u2264 2 mg\/kg<\/td>\n<\/tr>\n<tr>\n<td>Ars\u00eanio (As)<\/td>\n<td>\u2264 1 mg\/kg<\/td>\n<\/tr>\n<tr>\n<td>Metal pesado (como Pb)<\/td>\n<td>\u2264 5 mg\/kg<\/td>\n<\/tr>\n<\/tbody>\n<\/table>\n<h2><span class=\"ez-toc-section\" id=\"Dosagem_recomendada\"><\/span><strong><b>Dosagem recomendada:<\/b><\/strong><span class=\"ez-toc-section-end\"><\/span><\/h2>\n<table>\n<tbody>\n<tr>\n<td><strong>Nome do alimento<\/strong><\/td>\n<td><strong>Uso m\u00e1ximo (g\/kg)<\/strong><\/td>\n<\/tr>\n<tr>\n<td>P\u00e3o e riscos<\/td>\n<td>1-5 g\/kg<\/td>\n<\/tr>\n<tr>\n<td>Biscoitos<\/td>\n<td>1-5 g\/kg<\/td>\n<\/tr>\n<tr>\n<td>Doces e chocolate<\/td>\n<td>1-5 g\/kg<\/td>\n<\/tr>\n<tr>\n<td>Bebidas (como refrigerantes)<\/td>\n<td>0.1-0.5 g\/kg<\/td>\n<\/tr>\n<tr>\n<td>Latic\u00ednios<\/td>\n<td>0.1-1 g\/kg<\/td>\n<\/tr>\n<tr>\n<td>Condimentos e molhos<\/td>\n<td>0.5-5 g\/kg<\/td>\n<\/tr>\n<tr>\n<td>Produtos de levedura (como massa fermentada)<\/td>\n<td>1-5 g\/kg<\/td>\n<\/tr>\n<tr>\n<td>Presunto e produtos de carne<\/td>\n<td>0.1-1 g\/kg<\/td>\n<\/tr>\n<tr>\n<td>Alimentos em conserva<\/td>\n<td>0.5-5 g\/kg<\/td>\n<\/tr>\n<tr>\n<td>Temperos em p\u00f3<\/td>\n<td>1-5 g\/kg<\/td>\n<\/tr>\n<tr>\n<td>Bebidas alco\u00f3licas (como vinho fermentado)<\/td>\n<td>0.1-0.5 g\/kg<\/td>\n<\/tr>\n<tr>\n<td>Bebidas de caf\u00e9 e ch\u00e1<\/td>\n<td>0.1-0.5 g\/kg<\/td>\n<\/tr>\n<\/tbody>\n<\/table>\n<h2><span class=\"ez-toc-section\" id=\"O_bicarbonato_de_sodio_tem_uma_ampla_gama_de_usos\"><\/span>O bicarbonato de s\u00f3dio tem uma ampla gama de usos<span class=\"ez-toc-section-end\"><\/span><\/h2>\n<ol>\n<li>O bicarbonato de s\u00f3dio reage com ingredientes \u00e1cidos (como levedura, suco de lim\u00e3o, etc.) para produzir g\u00e1s di\u00f3xido de carbono, que promove a expans\u00e3o da massa e a fermenta\u00e7\u00e3o dos alimentos, e \u00e9 usado em alimentos assados, como p\u00e3es e bolos.<\/li>\n<li>Quando aquecido, o bicarbonato de s\u00f3dio se decomp\u00f5e e libera g\u00e1s di\u00f3xido de carbono, que aumenta o volume dos alimentos e melhora o sabor e a textura, como em biscoitos, panquecas e outros alimentos.<\/li>\n<li>O bicarbonato de s\u00f3dio pode neutralizar o gosto azedo dos alimentos, melhorar o sabor dos alimentos e equilibrar o sabor, especialmente em alimentos como geleias e compotas.<\/li>\n<li>Ao ajustar o pH dos alimentos, o bicarbonato de s\u00f3dio pode aumentar a estabilidade dos alimentos e estender a vida \u00fatil dos produtos, como em molhos, molhos para salada, etc.<\/li>\n<li>O bicarbonato de s\u00f3dio pode ser usado como antioxidante em alguns casos espec\u00edficos para ajudar a manter o frescor e a cor dos alimentos, especialmente em alguns produtos processados \u200b\u200bde frutas e vegetais.<\/li>\n<li>Em alguns casos, o bicarbonato de s\u00f3dio pode ser usado como um emulsificante para ajudar a preparar e estabilizar misturas de \u00f3leo e \u00e1gua em alimentos, como em sobremesas congeladas e latic\u00ednios.<\/li>\n<\/ol>\n<h2><span class=\"ez-toc-section\" id=\"O_usuario_fez_a_seguinte_pergunta\"><\/span>O usu\u00e1rio fez a seguinte pergunta:<span class=\"ez-toc-section-end\"><\/span><\/h2>\n<p>Pergunta: O hidr\u00f3xido de s\u00f3dio pode ser usado diretamente como um substituto para o bicarbonato de s\u00f3dio em alimentos?<\/p>\n<p>Resposta: A fun\u00e7\u00e3o do bicarbonato de s\u00f3dio na prepara\u00e7\u00e3o de alimentos n\u00e3o pode ser facilmente substitu\u00edda pelo hidr\u00f3xido de s\u00f3dio. O bicarbonato de s\u00f3dio \u00e9 frequentemente usado como um agente de fermenta\u00e7\u00e3o, neutralizador e expansor para melhorar as propriedades dos alimentos, liberando g\u00e1s de di\u00f3xido de carbono ou ajustando o pH. O hidr\u00f3xido de s\u00f3dio \u00e9 uma base forte e requer extremo cuidado ao ser usado. Geralmente \u00e9 usado na ind\u00fastria e em agentes de limpeza. Sua aplica\u00e7\u00e3o n\u00e3o \u00e9 adequada para a fabrica\u00e7\u00e3o de alimentos devido ao seu potencial dano \u00e0 qualidade dos alimentos e \u00e0 sa\u00fade humana.<\/p>\n<p>Pergunta: Como um dos maiores produtores de bicarbonato de s\u00f3dio, quais s\u00e3o as vantagens da China?<\/p>\n<p>Resposta: A China \u00e9 um dos maiores produtores mundiais de bicarbonato de s\u00f3dio de qualidade alimentar, com suas vantagens em abundantes recursos minerais alcalinos, tecnologia de produ\u00e7\u00e3o madura e capacidade de produ\u00e7\u00e3o de baixo custo. As empresas qu\u00edmicas da China s\u00e3o capazes de produzir com efici\u00eancia bicarbonato de s\u00f3dio que atende aos padr\u00f5es globais de seguran\u00e7a alimentar e atender \u00e0 demanda do mercado global por este produto por meio de fortes capacidades de exporta\u00e7\u00e3o.<\/p>\n","protected":false},"excerpt":{"rendered":"<ul>\n<li>CAS: 144-55-8<\/li>\n<li>F\u00f3rmula qu\u00edmica: NaHCO<sub>3<\/sub><\/li>\n<li>Certifica\u00e7\u00f5es: KOSHER, ISO, HALAL, FSSC 22000, BRC, etc.<\/li>\n<li>Quantidade m\u00ednima do pedido: 1000KG<\/li>\n<li>Prazo de validade: 2 anos<\/li>\n<\/ul>\n","protected":false},"featured_media":9773,"template":"","meta":{"site-sidebar-layout":"default","site-content-layout":"","ast-site-content-layout":"default","site-content-style":"default","site-sidebar-style":"default","ast-global-header-display":"","ast-banner-title-visibility":"","ast-main-header-display":"","ast-hfb-above-header-display":"","ast-hfb-below-header-display":"","ast-hfb-mobile-header-display":"","site-post-title":"","ast-breadcrumbs-content":"","ast-featured-img":"","footer-sml-layout":"","theme-transparent-header-meta":"default","adv-header-id-meta":"","stick-header-meta":"","header-above-stick-meta":"","header-main-stick-meta":"","header-below-stick-meta":"","astra-migrate-meta-layouts":"set","ast-page-background-enabled":"default","ast-page-background-meta":{"desktop":{"background-color":"var(--ast-global-color-4)","background-image":"","background-repeat":"repeat","background-position":"center center","background-size":"auto","background-attachment":"scroll","background-type":"","background-media":"","overlay-type":"","overlay-color":"","overlay-opacity":"","overlay-gradient":""},"tablet":{"background-color":"","background-image":"","background-repeat":"repeat","background-position":"center center","background-size":"auto","background-attachment":"scroll","background-type":"","background-media":"","overlay-type":"","overlay-color":"","overlay-opacity":"","overlay-gradient":""},"mobile":{"background-color":"","background-image":"","background-repeat":"repeat","background-position":"center center","background-size":"auto","background-attachment":"scroll","background-type":"","background-media":"","overlay-type":"","overlay-color":"","overlay-opacity":"","overlay-gradient":""}},"ast-content-background-meta":{"desktop":{"background-color":"var(--ast-global-color-5)","background-image":"","background-repeat":"repeat","background-position":"center center","background-size":"auto","background-attachment":"scroll","background-type":"","background-media":"","overlay-type":"","overlay-color":"","overlay-opacity":"","overlay-gradient":""},"tablet":{"background-color":"var(--ast-global-color-5)","background-image":"","background-repeat":"repeat","background-position":"center center","background-size":"auto","background-attachment":"scroll","background-type":"","background-media":"","overlay-type":"","overlay-color":"","overlay-opacity":"","overlay-gradient":""},"mobile":{"background-color":"var(--ast-global-color-5)","background-image":"","background-repeat":"repeat","background-position":"center center","background-size":"auto","background-attachment":"scroll","background-type":"","background-media":"","overlay-type":"","overlay-color":"","overlay-opacity":"","overlay-gradient":""}}},"product_brand":[],"product_cat":[91],"product_tag":[],"class_list":{"0":"post-9772","1":"product","2":"type-product","3":"status-publish","4":"has-post-thumbnail","6":"product_cat-outros-ingredientes-alimentares-produto","7":"desktop-align-center","8":"tablet-align-left","9":"mobile-align-left","11":"first","12":"instock","13":"shipping-taxable","14":"product-type-simple"},"yoast_head":"<!-- This site is optimized with the Yoast SEO plugin v26.5 - https:\/\/yoast.com\/wordpress\/plugins\/seo\/ -->\n<title>Bicarbonato de s\u00f3dio(E500) pre\u00e7o, org\u00e2nico bicarbonato de s\u00f3dio p\u00f3 fornecedor | Niranbio Chemical<\/title>\n<meta name=\"description\" content=\"Nosso bicarbonato de s\u00f3dio tem a forma de pequenos cristais ou p\u00f3 branco, \u00e9 amplamente utilizado nas ind\u00fastrias aliment\u00edcia e farmac\u00eautica, bem como na vida cotidiana.\" \/>\n<meta name=\"robots\" content=\"noindex, follow, max-snippet:-1, max-image-preview:large, max-video-preview:-1\" \/>\n<meta name=\"twitter:label1\" content=\"Est. tempo de leitura\" \/>\n\t<meta name=\"twitter:data1\" content=\"4 minutos\" \/>\n<script type=\"application\/ld+json\" class=\"yoast-schema-graph\">{\"@context\":\"https:\/\/schema.org\",\"@graph\":[{\"@type\":\"WebPage\",\"@id\":\"https:\/\/theo.niranbio.com\/pt-br\/bicarbonato-de-sodio.html\",\"url\":\"https:\/\/theo.niranbio.com\/pt-br\/bicarbonato-de-sodio.html\",\"name\":\"Bicarbonato de s\u00f3dio(E500) pre\u00e7o, org\u00e2nico bicarbonato de s\u00f3dio p\u00f3 fornecedor | Niranbio Chemical\",\"isPartOf\":{\"@id\":\"https:\/\/theo.niranbio.com\/pt-br\/#website\"},\"primaryImageOfPage\":{\"@id\":\"https:\/\/theo.niranbio.com\/pt-br\/bicarbonato-de-sodio.html#primaryimage\"},\"image\":{\"@id\":\"https:\/\/theo.niranbio.com\/pt-br\/bicarbonato-de-sodio.html#primaryimage\"},\"thumbnailUrl\":\"https:\/\/theo.niranbio.com\/wp-content\/uploads\/2024\/06\/Sodium-Bicarbonate.webp\",\"datePublished\":\"2024-06-20T05:17:06+00:00\",\"dateModified\":\"2024-08-16T08:30:30+00:00\",\"description\":\"Nosso bicarbonato de s\u00f3dio tem a forma de pequenos cristais ou p\u00f3 branco, \u00e9 amplamente utilizado nas ind\u00fastrias aliment\u00edcia e farmac\u00eautica, bem como na vida cotidiana.\",\"breadcrumb\":{\"@id\":\"https:\/\/theo.niranbio.com\/pt-br\/bicarbonato-de-sodio.html#breadcrumb\"},\"inLanguage\":\"pt-BR\",\"potentialAction\":[{\"@type\":\"ReadAction\",\"target\":[\"https:\/\/theo.niranbio.com\/pt-br\/bicarbonato-de-sodio.html\"]}]},{\"@type\":\"ImageObject\",\"inLanguage\":\"pt-BR\",\"@id\":\"https:\/\/theo.niranbio.com\/pt-br\/bicarbonato-de-sodio.html#primaryimage\",\"url\":\"https:\/\/theo.niranbio.com\/wp-content\/uploads\/2024\/06\/Sodium-Bicarbonate.webp\",\"contentUrl\":\"https:\/\/theo.niranbio.com\/wp-content\/uploads\/2024\/06\/Sodium-Bicarbonate.webp\",\"width\":600,\"height\":600,\"caption\":\"Bicarbonato de S\u00f3dio\"},{\"@type\":\"BreadcrumbList\",\"@id\":\"https:\/\/theo.niranbio.com\/pt-br\/bicarbonato-de-sodio.html#breadcrumb\",\"itemListElement\":[{\"@type\":\"ListItem\",\"position\":1,\"name\":\"Home\",\"item\":\"https:\/\/theo.niranbio.com\/pt-br\/\"},{\"@type\":\"ListItem\",\"position\":2,\"name\":\"Produtos\",\"item\":\"https:\/\/theo.niranbio.com\/pt-br\/produtos.html\"},{\"@type\":\"ListItem\",\"position\":3,\"name\":\"Outros Ingredientes Alimentares\",\"item\":\"https:\/\/theo.niranbio.com\/pt-br\/outros-ingredientes-alimentares-produto\/\"},{\"@type\":\"ListItem\",\"position\":4,\"name\":\"Bicarbonato de s\u00f3dio\"}]},{\"@type\":\"WebSite\",\"@id\":\"https:\/\/theo.niranbio.com\/pt-br\/#website\",\"url\":\"https:\/\/theo.niranbio.com\/pt-br\/\",\"name\":\"Niranbio Chemical\",\"description\":\"\",\"publisher\":{\"@id\":\"https:\/\/theo.niranbio.com\/pt-br\/#organization\"},\"potentialAction\":[{\"@type\":\"SearchAction\",\"target\":{\"@type\":\"EntryPoint\",\"urlTemplate\":\"https:\/\/theo.niranbio.com\/pt-br\/?s={search_term_string}\"},\"query-input\":{\"@type\":\"PropertyValueSpecification\",\"valueRequired\":true,\"valueName\":\"search_term_string\"}}],\"inLanguage\":\"pt-BR\"},{\"@type\":\"Organization\",\"@id\":\"https:\/\/theo.niranbio.com\/pt-br\/#organization\",\"name\":\"Niranbio Chemical\",\"url\":\"https:\/\/theo.niranbio.com\/pt-br\/\",\"logo\":{\"@type\":\"ImageObject\",\"inLanguage\":\"pt-BR\",\"@id\":\"https:\/\/theo.niranbio.com\/pt-br\/#\/schema\/logo\/image\/\",\"url\":\"https:\/\/theo.niranbio.com\/wp-content\/uploads\/2024\/06\/Niranbio.png\",\"contentUrl\":\"https:\/\/theo.niranbio.com\/wp-content\/uploads\/2024\/06\/Niranbio.png\",\"width\":270,\"height\":100,\"caption\":\"Niranbio Chemical\"},\"image\":{\"@id\":\"https:\/\/theo.niranbio.com\/pt-br\/#\/schema\/logo\/image\/\"}}]}<\/script>\n<!-- \/ Yoast SEO plugin. -->","yoast_head_json":{"title":"Bicarbonato de s\u00f3dio(E500) pre\u00e7o, org\u00e2nico bicarbonato de s\u00f3dio p\u00f3 fornecedor | Niranbio Chemical","description":"Nosso bicarbonato de s\u00f3dio tem a forma de pequenos cristais ou p\u00f3 branco, \u00e9 amplamente utilizado nas ind\u00fastrias aliment\u00edcia e farmac\u00eautica, bem como na vida cotidiana.","robots":{"index":"noindex","follow":"follow","max-snippet":"max-snippet:-1","max-image-preview":"max-image-preview:large","max-video-preview":"max-video-preview:-1"},"twitter_misc":{"Est. tempo de leitura":"4 minutos"},"schema":{"@context":"https:\/\/schema.org","@graph":[{"@type":"WebPage","@id":"https:\/\/theo.niranbio.com\/pt-br\/bicarbonato-de-sodio.html","url":"https:\/\/theo.niranbio.com\/pt-br\/bicarbonato-de-sodio.html","name":"Bicarbonato de s\u00f3dio(E500) pre\u00e7o, org\u00e2nico bicarbonato de s\u00f3dio p\u00f3 fornecedor | Niranbio Chemical","isPartOf":{"@id":"https:\/\/theo.niranbio.com\/pt-br\/#website"},"primaryImageOfPage":{"@id":"https:\/\/theo.niranbio.com\/pt-br\/bicarbonato-de-sodio.html#primaryimage"},"image":{"@id":"https:\/\/theo.niranbio.com\/pt-br\/bicarbonato-de-sodio.html#primaryimage"},"thumbnailUrl":"https:\/\/theo.niranbio.com\/wp-content\/uploads\/2024\/06\/Sodium-Bicarbonate.webp","datePublished":"2024-06-20T05:17:06+00:00","dateModified":"2024-08-16T08:30:30+00:00","description":"Nosso bicarbonato de s\u00f3dio tem a forma de pequenos cristais ou p\u00f3 branco, \u00e9 amplamente utilizado nas ind\u00fastrias aliment\u00edcia e farmac\u00eautica, bem como na vida cotidiana.","breadcrumb":{"@id":"https:\/\/theo.niranbio.com\/pt-br\/bicarbonato-de-sodio.html#breadcrumb"},"inLanguage":"pt-BR","potentialAction":[{"@type":"ReadAction","target":["https:\/\/theo.niranbio.com\/pt-br\/bicarbonato-de-sodio.html"]}]},{"@type":"ImageObject","inLanguage":"pt-BR","@id":"https:\/\/theo.niranbio.com\/pt-br\/bicarbonato-de-sodio.html#primaryimage","url":"https:\/\/theo.niranbio.com\/wp-content\/uploads\/2024\/06\/Sodium-Bicarbonate.webp","contentUrl":"https:\/\/theo.niranbio.com\/wp-content\/uploads\/2024\/06\/Sodium-Bicarbonate.webp","width":600,"height":600,"caption":"Bicarbonato de S\u00f3dio"},{"@type":"BreadcrumbList","@id":"https:\/\/theo.niranbio.com\/pt-br\/bicarbonato-de-sodio.html#breadcrumb","itemListElement":[{"@type":"ListItem","position":1,"name":"Home","item":"https:\/\/theo.niranbio.com\/pt-br\/"},{"@type":"ListItem","position":2,"name":"Produtos","item":"https:\/\/theo.niranbio.com\/pt-br\/produtos.html"},{"@type":"ListItem","position":3,"name":"Outros Ingredientes Alimentares","item":"https:\/\/theo.niranbio.com\/pt-br\/outros-ingredientes-alimentares-produto\/"},{"@type":"ListItem","position":4,"name":"Bicarbonato de s\u00f3dio"}]},{"@type":"WebSite","@id":"https:\/\/theo.niranbio.com\/pt-br\/#website","url":"https:\/\/theo.niranbio.com\/pt-br\/","name":"Niranbio Chemical","description":"","publisher":{"@id":"https:\/\/theo.niranbio.com\/pt-br\/#organization"},"potentialAction":[{"@type":"SearchAction","target":{"@type":"EntryPoint","urlTemplate":"https:\/\/theo.niranbio.com\/pt-br\/?s={search_term_string}"},"query-input":{"@type":"PropertyValueSpecification","valueRequired":true,"valueName":"search_term_string"}}],"inLanguage":"pt-BR"},{"@type":"Organization","@id":"https:\/\/theo.niranbio.com\/pt-br\/#organization","name":"Niranbio Chemical","url":"https:\/\/theo.niranbio.com\/pt-br\/","logo":{"@type":"ImageObject","inLanguage":"pt-BR","@id":"https:\/\/theo.niranbio.com\/pt-br\/#\/schema\/logo\/image\/","url":"https:\/\/theo.niranbio.com\/wp-content\/uploads\/2024\/06\/Niranbio.png","contentUrl":"https:\/\/theo.niranbio.com\/wp-content\/uploads\/2024\/06\/Niranbio.png","width":270,"height":100,"caption":"Niranbio Chemical"},"image":{"@id":"https:\/\/theo.niranbio.com\/pt-br\/#\/schema\/logo\/image\/"}}]}},"_links":{"self":[{"href":"https:\/\/theo.niranbio.com\/pt-br\/wp-json\/wp\/v2\/product\/9772","targetHints":{"allow":["GET"]}}],"collection":[{"href":"https:\/\/theo.niranbio.com\/pt-br\/wp-json\/wp\/v2\/product"}],"about":[{"href":"https:\/\/theo.niranbio.com\/pt-br\/wp-json\/wp\/v2\/types\/product"}],"version-history":[{"count":0,"href":"https:\/\/theo.niranbio.com\/pt-br\/wp-json\/wp\/v2\/product\/9772\/revisions"}],"wp:featuredmedia":[{"embeddable":true,"href":"https:\/\/theo.niranbio.com\/pt-br\/wp-json\/wp\/v2\/media\/9773"}],"wp:attachment":[{"href":"https:\/\/theo.niranbio.com\/pt-br\/wp-json\/wp\/v2\/media?parent=9772"}],"wp:term":[{"taxonomy":"product_brand","embeddable":true,"href":"https:\/\/theo.niranbio.com\/pt-br\/wp-json\/wp\/v2\/product_brand?post=9772"},{"taxonomy":"product_cat","embeddable":true,"href":"https:\/\/theo.niranbio.com\/pt-br\/wp-json\/wp\/v2\/product_cat?post=9772"},{"taxonomy":"product_tag","embeddable":true,"href":"https:\/\/theo.niranbio.com\/pt-br\/wp-json\/wp\/v2\/product_tag?post=9772"}],"curies":[{"name":"wp","href":"https:\/\/api.w.org\/{rel}","templated":true}]}}