{"id":9770,"date":"2024-06-20T11:42:52","date_gmt":"2024-06-20T03:42:52","guid":{"rendered":"https:\/\/theo.niranbio.com\/proteina-de-soja-isolada\/"},"modified":"2024-08-16T14:40:38","modified_gmt":"2024-08-16T06:40:38","slug":"proteina-de-soja-isolada","status":"publish","type":"product","link":"https:\/\/theo.niranbio.com\/pt-br\/proteina-de-soja-isolada.html","title":{"rendered":"Prote\u00edna de Soja Isolada"},"content":{"rendered":"<h2><span class=\"ez-toc-section\" id=\"O_que_e_Proteina_de_Soja_Isolada\"><\/span>O que \u00e9 Prote\u00edna de Soja Isolada?<span class=\"ez-toc-section-end\"><\/span><\/h2>\n<p>Prote\u00edna de Soja Isolada: O que \u00e9? Uma prote\u00edna vegetal de alta pureza retirada da soja \u00e9 chamada de prote\u00edna de soja isolada. Ela est\u00e1 na forma de p\u00f3 branco ou amarelo claro com excelentes propriedades emulsificantes, gelificantes e nutritivas. \u00c9 amplamente utilizada na ind\u00fastria aliment\u00edcia para a produ\u00e7\u00e3o de produtos de carne vegetarianos, leite de soja, tofu e outros produtos. Tamb\u00e9m \u00e9 usada como suplemento nutricional em nutri\u00e7\u00e3o esportiva e alimentos infantis para atender \u00e0 escolha saud\u00e1vel de diferentes grupos de pessoas por prote\u00edna de alta qualidade. Os principais processos para preparar prote\u00edna de soja isolada na China incluem os dois seguintes:<\/p>\n<ol>\n<li>Precipitar a prote\u00edna na soja ajustando o pH ou adicionando sais e, em seguida, separ\u00e1-la e sec\u00e1-la, o que \u00e9 adequado para produ\u00e7\u00e3o em pequena escala ou ocasi\u00f5es com altos requisitos de prote\u00e7\u00e3o ambiental.<\/li>\n<li>Usar solventes org\u00e2nicos como isopropanol para extrair prote\u00edna da soja, que tem alta efici\u00eancia de extra\u00e7\u00e3o e \u00e9 adequada para produ\u00e7\u00e3o industrial em larga escala.<\/li>\n<\/ol>\n<p>A sele\u00e7\u00e3o de um processo adequado requer considera\u00e7\u00e3o da escala de produ\u00e7\u00e3o, requisitos do produto e fatores ambientais para garantir um equil\u00edbrio entre efici\u00eancia de produ\u00e7\u00e3o e qualidade do produto.<\/p>\n<h2><span class=\"ez-toc-section\" id=\"Proteina_de_soja_isolada_Tipo_de_emulsao_9001BW_Dados_tecnicos\"><\/span>Prote\u00edna de soja isolada (Tipo de emuls\u00e3o 9001BW) Dados t\u00e9cnicos:<span class=\"ez-toc-section-end\"><\/span><\/h2>\n<table>\n<tbody>\n<tr>\n<td>Item do produto<\/td>\n<td>Resultado<\/td>\n<\/tr>\n<tr>\n<td>Tipo de emuls\u00e3o<\/td>\n<td>Tipo de emuls\u00e3o 9001BW<\/td>\n<\/tr>\n<tr>\n<td>Apar\u00eancia<\/td>\n<td>P\u00f3 amarelo claro ou branco leitoso<\/td>\n<\/tr>\n<tr>\n<td>Estilo<\/td>\n<td>Seco<\/td>\n<\/tr>\n<tr>\n<td>Sabor e odor<\/td>\n<td>Sabor normal, sem cheiro peculiar<\/td>\n<\/tr>\n<tr>\n<td>Prote\u00edna<\/td>\n<td>M\u00ednimo de 90% (em base seca)<\/td>\n<\/tr>\n<tr>\n<td>Umidade<\/td>\n<td>M\u00e1ximo de 7%<\/td>\n<\/tr>\n<tr>\n<td>Cinza<\/td>\n<td>M\u00e1ximo de 6%<\/td>\n<\/tr>\n<tr>\n<td>Gordura<\/td>\n<td>M\u00e1ximo de 1%<\/td>\n<\/tr>\n<tr>\n<td>Valor de PH<\/td>\n<td>7.5+1.0<\/td>\n<\/tr>\n<tr>\n<td>Finura<\/td>\n<td>M\u00ednimo de 95% (at\u00e9 100 mesh)<\/td>\n<\/tr>\n<tr>\n<td>Contagem total de placas<\/td>\n<td>M\u00e1ximo de 20000cfu\/g<\/td>\n<\/tr>\n<tr>\n<td>Microba e Bacillus Cereus<\/td>\n<td>M\u00e1ximo de 100cfu\/g<\/td>\n<\/tr>\n<tr>\n<td>E.Coli<\/td>\n<td>Negativo<\/td>\n<\/tr>\n<tr>\n<td>Salmonela<\/td>\n<td>Negativo<\/td>\n<\/tr>\n<tr>\n<td>Como<\/td>\n<td>M\u00e1ximo de 0,5mg\/kg<\/td>\n<\/tr>\n<tr>\n<td>Pb<\/td>\n<td>M\u00e1ximo de 0,5mg\/kg<\/td>\n<\/tr>\n<tr>\n<td>Hg<\/td>\n<td>M\u00e1ximo de 10ug\/kg<\/td>\n<\/tr>\n<\/tbody>\n<\/table>\n<h2><span class=\"ez-toc-section\" id=\"Proteina_de_soja_isolada_tipo_de_injecao_9020_Dados_tecnicos\"><\/span>Prote\u00edna de soja isolada (tipo de inje\u00e7\u00e3o 9020) Dados t\u00e9cnicos:<span class=\"ez-toc-section-end\"><\/span><\/h2>\n<table>\n<tbody>\n<tr>\n<td>Item do produto<\/td>\n<td>Resultado<\/td>\n<\/tr>\n<tr>\n<td>Tipo de inje\u00e7\u00e3o<\/td>\n<td>Tipo de inje\u00e7\u00e3o 9020<\/td>\n<\/tr>\n<tr>\n<td>Apar\u00eancia<\/td>\n<td>P\u00f3 amarelo claro ou branco leitoso<\/td>\n<\/tr>\n<tr>\n<td>Estilo<\/td>\n<td>Seco<\/td>\n<\/tr>\n<tr>\n<td>Sabor e odor<\/td>\n<td>Sabor normal, sem cheiro peculiar<\/td>\n<\/tr>\n<tr>\n<td>Prote\u00edna<\/td>\n<td>M\u00ednimo de 90% (em base seca)<\/td>\n<\/tr>\n<tr>\n<td>Umidade<\/td>\n<td>M\u00e1ximo de 7%<\/td>\n<\/tr>\n<tr>\n<td>Cinza<\/td>\n<td>M\u00e1ximo de 6%<\/td>\n<\/tr>\n<tr>\n<td>Gordura<\/td>\n<td>M\u00e1ximo de 1%<\/td>\n<\/tr>\n<tr>\n<td>Valor de PH<\/td>\n<td>6.5+1.0<\/td>\n<\/tr>\n<tr>\n<td>Finura<\/td>\n<td>M\u00ednimo de 95% (at\u00e9 100 mesh)<\/td>\n<\/tr>\n<tr>\n<td>Contagem total de placas<\/td>\n<td>M\u00e1ximo de 20000cfu\/g<\/td>\n<\/tr>\n<tr>\n<td>Microba e Bacillus Cereus<\/td>\n<td>M\u00e1ximo de 100cfu\/g<\/td>\n<\/tr>\n<tr>\n<td>E.Coli<\/td>\n<td>Negativo<\/td>\n<\/tr>\n<tr>\n<td>Salmonela<\/td>\n<td>Negativo<\/td>\n<\/tr>\n<tr>\n<td>AS<\/td>\n<td>M\u00e1ximo de 0,5mg\/kg<\/td>\n<\/tr>\n<tr>\n<td>Pb<\/td>\n<td>M\u00e1ximo de 0,5mg\/kg<\/td>\n<\/tr>\n<tr>\n<td>Hg<\/td>\n<td>M\u00e1ximo de 10\u03bcg\/kg<\/td>\n<\/tr>\n<\/tbody>\n<\/table>\n<h2><span class=\"ez-toc-section\" id=\"Dosagem_recomendada\"><\/span><strong><b>Dosagem recomendada:<\/b><\/strong><span class=\"ez-toc-section-end\"><\/span><\/h2>\n<table>\n<tbody>\n<tr>\n<td><strong>Nome do alimento<\/strong><\/td>\n<td><strong>Uso m\u00e1ximo (g\/kg)<\/strong><\/td>\n<\/tr>\n<tr>\n<td>Substitutos vegetarianos de carne<\/td>\n<td>30-50g\/kg<\/td>\n<\/tr>\n<tr>\n<td>Leite de soja e leites vegetais<\/td>\n<td>5-20g\/kg<\/td>\n<\/tr>\n<tr>\n<td>Produtos de soja<\/td>\n<td>20-50g\/kg<\/td>\n<\/tr>\n<tr>\n<td>Massas vegetarianas<\/td>\n<td>10-30g\/kg<\/td>\n<\/tr>\n<tr>\n<td>Barras energ\u00e9ticas e barras nutricionais<\/td>\n<td>30-60g\/kg<\/td>\n<\/tr>\n<tr>\n<td>Salsichas vegetarianas<\/td>\n<td>50-80g\/kg<\/td>\n<\/tr>\n<tr>\n<td>Substitutos de iogurte vegetais<\/td>\n<td>10-30g\/kg<\/td>\n<\/tr>\n<tr>\n<td>Bebidas nutritivas<\/td>\n<td>5-20g\/kg<\/td>\n<\/tr>\n<tr>\n<td>Bebidas ricas em prote\u00ednas<\/td>\n<td>20-50g\/kg<\/td>\n<\/tr>\n<tr>\n<td>Cereais e granola enriquecidos com prote\u00ednas<\/td>\n<td>10-30g\/kg<\/td>\n<\/tr>\n<tr>\n<td>Alimentos nutritivos para buffet<\/td>\n<td>30-60g\/kg<\/td>\n<\/tr>\n<tr>\n<td>Bebidas proteicas nutritivas<\/td>\n<td>20-50g\/kg<\/td>\n<\/tr>\n<tr>\n<td>Sandu\u00edches e wraps vegetarianos<\/td>\n<td>50-80g\/kg<\/td>\n<\/tr>\n<tr>\n<td>Molhos nutritivos para salada<\/td>\n<td>10-30g\/kg<\/td>\n<\/tr>\n<\/tbody>\n<\/table>\n<h2><span class=\"ez-toc-section\" id=\"A_proteina_de_soja_isolada_tem_uma_ampla_gama_de_usos\"><\/span>A prote\u00edna de soja isolada tem uma ampla gama de usos<span class=\"ez-toc-section-end\"><\/span><\/h2>\n<ol>\n<li>Aumentar o valor nutricional: a prote\u00edna de soja isolada tem um alto teor de prote\u00edna vegetal e \u00e9 uma boa fonte de v\u00e1rios amino\u00e1cidos importantes que o corpo precisa. Para vegetarianos e outros que precisam aumentar sua ingest\u00e3o de prote\u00edna, \u00e9 um \u00f3timo substituto.<\/li>\n<li>Melhore a textura e o sabor dos alimentos: Em produtos de carne vegetarianos, produtos de soja (como tofu, leite de soja), leite vegetal, bebidas nutricionais e outros alimentos, a prote\u00edna de soja isolada pode melhorar a elasticidade e o sabor de sua textura, tornando-os mais pr\u00f3ximos do sabor da carne tradicional ou latic\u00ednios.<\/li>\n<li>Emulsifica\u00e7\u00e3o e estabiliza\u00e7\u00e3o: A prote\u00edna de soja isolada tem excelentes propriedades de emulsifica\u00e7\u00e3o, o que pode ajudar a suspender e estabilizar as fases de \u00f3leo e \u00e1gua em alimentos, como latic\u00ednios, bebidas, molhos, etc., para melhorar seu sabor e textura.<\/li>\n<li>Melhore a processabilidade dos alimentos: Em alimentos processados, como macarr\u00e3o, barras nutricionais, barras energ\u00e9ticas, etc., a prote\u00edna de soja isolada pode melhorar sua processabilidade e melhorar a formabilidade e a estabilidade morfol\u00f3gica do produto.<\/li>\n<li>Melhoria funcional: A prote\u00edna de soja isolada n\u00e3o s\u00f3 fornece nutri\u00e7\u00e3o proteica, mas tamb\u00e9m tem propriedades gelificantes e espessantes, o que pode ser usado para melhorar a textura e o sabor dos alimentos, como sendo amplamente utilizado em condimentos, assados \u200b\u200be alimentos congelados.<\/li>\n<li>Suplementos nutricionais e alimentos funcionais: Como um ingrediente importante em suplementos nutricionais e alimentos funcionais, a prote\u00edna de soja isolada pode ajudar a fazer bebidas ricas em prote\u00ednas, barras nutricionais e refei\u00e7\u00f5es nutritivas para atender \u00e0s necessidades nutricionais de diferentes grupos de consumidores.<\/li>\n<\/ol>\n<h2><span class=\"ez-toc-section\" id=\"Pergunta_feita_pelo_usuario\"><\/span>Pergunta feita pelo usu\u00e1rio:<span class=\"ez-toc-section-end\"><\/span><\/h2>\n<p>Pergunta: Qual \u00e9 a diferen\u00e7a e a conex\u00e3o entre prote\u00edna de soja de grau aliment\u00edcio e prote\u00edna de soja isolada?<\/p>\n<p>Resposta: A prote\u00edna de soja de grau aliment\u00edcio \u00e9 um conceito amplo, incluindo formas como prote\u00edna de soja isolada e prote\u00edna de farinha de soja. A prote\u00edna de soja isolada \u00e9 um produto de alta pureza obtido pela extra\u00e7\u00e3o de prote\u00edna da soja e remo\u00e7\u00e3o da maioria dos componentes n\u00e3o proteicos, geralmente contendo mais de 90% de prote\u00edna. Ela tem excelente funcionalidade, como emulsifica\u00e7\u00e3o, gelifica\u00e7\u00e3o e estabiliza\u00e7\u00e3o, e \u00e9 frequentemente usada na produ\u00e7\u00e3o de v\u00e1rios alimentos, como substitutos de carne, produtos de soja e bebidas nutricionais. A prote\u00edna da farinha de soja cont\u00e9m mais componentes n\u00e3o proteicos, com usos e fun\u00e7\u00f5es ligeiramente diferentes, e \u00e9 comumente encontrada em produtos de feij\u00e3o integral, como leite de soja e tofu. Em geral, o isolado de prote\u00edna de soja \u00e9 uma forma altamente purificada de prote\u00edna de soja e \u00e9 amplamente utilizado na fabrica\u00e7\u00e3o de produtos de alta prote\u00edna na ind\u00fastria aliment\u00edcia.<\/p>\n","protected":false},"excerpt":{"rendered":"<ul>\n<li>CAS: 9010-10-0<\/li>\n<li>F\u00f3rmula qu\u00edmica:C<sub>13<\/sub>H<sub>10<\/sub>N<sub>2<\/sub><\/li>\n<li>Certifica\u00e7\u00f5es: KOSHER, ISO, HALAL, FSSC22000, BRC, etc.<\/li>\n<li>Quantidade m\u00ednima do pedido: 1000KG<\/li>\n<li>Prazo de validade: 2 anos<\/li>\n<\/ul>\n","protected":false},"featured_media":9771,"template":"","meta":{"site-sidebar-layout":"default","site-content-layout":"","ast-site-content-layout":"default","site-content-style":"default","site-sidebar-style":"default","ast-global-header-display":"","ast-banner-title-visibility":"","ast-main-header-display":"","ast-hfb-above-header-display":"","ast-hfb-below-header-display":"","ast-hfb-mobile-header-display":"","site-post-title":"","ast-breadcrumbs-content":"","ast-featured-img":"","footer-sml-layout":"","theme-transparent-header-meta":"default","adv-header-id-meta":"","stick-header-meta":"","header-above-stick-meta":"","header-main-stick-meta":"","header-below-stick-meta":"","astra-migrate-meta-layouts":"set","ast-page-background-enabled":"default","ast-page-background-meta":{"desktop":{"background-color":"var(--ast-global-color-4)","background-image":"","background-repeat":"repeat","background-position":"center center","background-size":"auto","background-attachment":"scroll","background-type":"","background-media":"","overlay-type":"","overlay-color":"","overlay-opacity":"","overlay-gradient":""},"tablet":{"background-color":"","background-image":"","background-repeat":"repeat","background-position":"center center","background-size":"auto","background-attachment":"scroll","background-type":"","background-media":"","overlay-type":"","overlay-color":"","overlay-opacity":"","overlay-gradient":""},"mobile":{"background-color":"","background-image":"","background-repeat":"repeat","background-position":"center center","background-size":"auto","background-attachment":"scroll","background-type":"","background-media":"","overlay-type":"","overlay-color":"","overlay-opacity":"","overlay-gradient":""}},"ast-content-background-meta":{"desktop":{"background-color":"var(--ast-global-color-5)","background-image":"","background-repeat":"repeat","background-position":"center center","background-size":"auto","background-attachment":"scroll","background-type":"","background-media":"","overlay-type":"","overlay-color":"","overlay-opacity":"","overlay-gradient":""},"tablet":{"background-color":"var(--ast-global-color-5)","background-image":"","background-repeat":"repeat","background-position":"center center","background-size":"auto","background-attachment":"scroll","background-type":"","background-media":"","overlay-type":"","overlay-color":"","overlay-opacity":"","overlay-gradient":""},"mobile":{"background-color":"var(--ast-global-color-5)","background-image":"","background-repeat":"repeat","background-position":"center center","background-size":"auto","background-attachment":"scroll","background-type":"","background-media":"","overlay-type":"","overlay-color":"","overlay-opacity":"","overlay-gradient":""}}},"product_brand":[],"product_cat":[95],"product_tag":[],"class_list":{"0":"post-9770","1":"product","2":"type-product","3":"status-publish","4":"has-post-thumbnail","6":"product_cat-produto-de-proteinas","7":"desktop-align-center","8":"tablet-align-left","9":"mobile-align-left","11":"first","12":"instock","13":"shipping-taxable","14":"product-type-simple"},"yoast_head":"<!-- This site is optimized with the Yoast SEO plugin v26.5 - https:\/\/yoast.com\/wordpress\/plugins\/seo\/ -->\n<title>Fornecedor de Prote\u00edna de Soja Isolada, comprar proteina isolada de soja P\u00f3 | Niranbio Chemical<\/title>\n<meta name=\"description\" content=\"Nossa Prote\u00edna de Soja Isolada \u00e9 um p\u00f3 branco ou amarelo claro com excelentes propriedades emulsificantes, gelificantes e nutritivas.\" \/>\n<meta name=\"robots\" content=\"noindex, follow, max-snippet:-1, max-image-preview:large, max-video-preview:-1\" \/>\n<meta name=\"twitter:label1\" content=\"Est. tempo de leitura\" \/>\n\t<meta name=\"twitter:data1\" content=\"5 minutos\" \/>\n<script type=\"application\/ld+json\" class=\"yoast-schema-graph\">{\"@context\":\"https:\/\/schema.org\",\"@graph\":[{\"@type\":\"WebPage\",\"@id\":\"https:\/\/theo.niranbio.com\/pt-br\/proteina-de-soja-isolada.html\",\"url\":\"https:\/\/theo.niranbio.com\/pt-br\/proteina-de-soja-isolada.html\",\"name\":\"Fornecedor de Prote\u00edna de Soja Isolada, comprar proteina isolada de soja P\u00f3 | Niranbio Chemical\",\"isPartOf\":{\"@id\":\"https:\/\/theo.niranbio.com\/pt-br\/#website\"},\"primaryImageOfPage\":{\"@id\":\"https:\/\/theo.niranbio.com\/pt-br\/proteina-de-soja-isolada.html#primaryimage\"},\"image\":{\"@id\":\"https:\/\/theo.niranbio.com\/pt-br\/proteina-de-soja-isolada.html#primaryimage\"},\"thumbnailUrl\":\"https:\/\/theo.niranbio.com\/wp-content\/uploads\/2024\/06\/Isolated-Soy-Protein.webp\",\"datePublished\":\"2024-06-20T03:42:52+00:00\",\"dateModified\":\"2024-08-16T06:40:38+00:00\",\"description\":\"Nossa Prote\u00edna de Soja Isolada \u00e9 um p\u00f3 branco ou amarelo claro com excelentes propriedades emulsificantes, gelificantes e nutritivas.\",\"breadcrumb\":{\"@id\":\"https:\/\/theo.niranbio.com\/pt-br\/proteina-de-soja-isolada.html#breadcrumb\"},\"inLanguage\":\"pt-BR\",\"potentialAction\":[{\"@type\":\"ReadAction\",\"target\":[\"https:\/\/theo.niranbio.com\/pt-br\/proteina-de-soja-isolada.html\"]}]},{\"@type\":\"ImageObject\",\"inLanguage\":\"pt-BR\",\"@id\":\"https:\/\/theo.niranbio.com\/pt-br\/proteina-de-soja-isolada.html#primaryimage\",\"url\":\"https:\/\/theo.niranbio.com\/wp-content\/uploads\/2024\/06\/Isolated-Soy-Protein.webp\",\"contentUrl\":\"https:\/\/theo.niranbio.com\/wp-content\/uploads\/2024\/06\/Isolated-Soy-Protein.webp\",\"width\":600,\"height\":600,\"caption\":\"Prote\u00edna de soja isolada\"},{\"@type\":\"BreadcrumbList\",\"@id\":\"https:\/\/theo.niranbio.com\/pt-br\/proteina-de-soja-isolada.html#breadcrumb\",\"itemListElement\":[{\"@type\":\"ListItem\",\"position\":1,\"name\":\"Home\",\"item\":\"https:\/\/theo.niranbio.com\/pt-br\/\"},{\"@type\":\"ListItem\",\"position\":2,\"name\":\"Produtos\",\"item\":\"https:\/\/theo.niranbio.com\/pt-br\/produtos.html\"},{\"@type\":\"ListItem\",\"position\":3,\"name\":\"Prote\u00ednas\",\"item\":\"https:\/\/theo.niranbio.com\/pt-br\/produto-de-proteinas\/\"},{\"@type\":\"ListItem\",\"position\":4,\"name\":\"Prote\u00edna de Soja Isolada\"}]},{\"@type\":\"WebSite\",\"@id\":\"https:\/\/theo.niranbio.com\/pt-br\/#website\",\"url\":\"https:\/\/theo.niranbio.com\/pt-br\/\",\"name\":\"Niranbio Chemical\",\"description\":\"\",\"publisher\":{\"@id\":\"https:\/\/theo.niranbio.com\/pt-br\/#organization\"},\"potentialAction\":[{\"@type\":\"SearchAction\",\"target\":{\"@type\":\"EntryPoint\",\"urlTemplate\":\"https:\/\/theo.niranbio.com\/pt-br\/?s={search_term_string}\"},\"query-input\":{\"@type\":\"PropertyValueSpecification\",\"valueRequired\":true,\"valueName\":\"search_term_string\"}}],\"inLanguage\":\"pt-BR\"},{\"@type\":\"Organization\",\"@id\":\"https:\/\/theo.niranbio.com\/pt-br\/#organization\",\"name\":\"Niranbio Chemical\",\"url\":\"https:\/\/theo.niranbio.com\/pt-br\/\",\"logo\":{\"@type\":\"ImageObject\",\"inLanguage\":\"pt-BR\",\"@id\":\"https:\/\/theo.niranbio.com\/pt-br\/#\/schema\/logo\/image\/\",\"url\":\"https:\/\/theo.niranbio.com\/wp-content\/uploads\/2024\/06\/Niranbio.png\",\"contentUrl\":\"https:\/\/theo.niranbio.com\/wp-content\/uploads\/2024\/06\/Niranbio.png\",\"width\":270,\"height\":100,\"caption\":\"Niranbio Chemical\"},\"image\":{\"@id\":\"https:\/\/theo.niranbio.com\/pt-br\/#\/schema\/logo\/image\/\"}}]}<\/script>\n<!-- \/ Yoast SEO plugin. -->","yoast_head_json":{"title":"Fornecedor de Prote\u00edna de Soja Isolada, comprar proteina isolada de soja P\u00f3 | Niranbio Chemical","description":"Nossa Prote\u00edna de Soja Isolada \u00e9 um p\u00f3 branco ou amarelo claro com excelentes propriedades emulsificantes, gelificantes e nutritivas.","robots":{"index":"noindex","follow":"follow","max-snippet":"max-snippet:-1","max-image-preview":"max-image-preview:large","max-video-preview":"max-video-preview:-1"},"twitter_misc":{"Est. tempo de leitura":"5 minutos"},"schema":{"@context":"https:\/\/schema.org","@graph":[{"@type":"WebPage","@id":"https:\/\/theo.niranbio.com\/pt-br\/proteina-de-soja-isolada.html","url":"https:\/\/theo.niranbio.com\/pt-br\/proteina-de-soja-isolada.html","name":"Fornecedor de Prote\u00edna de Soja Isolada, comprar proteina isolada de soja P\u00f3 | Niranbio Chemical","isPartOf":{"@id":"https:\/\/theo.niranbio.com\/pt-br\/#website"},"primaryImageOfPage":{"@id":"https:\/\/theo.niranbio.com\/pt-br\/proteina-de-soja-isolada.html#primaryimage"},"image":{"@id":"https:\/\/theo.niranbio.com\/pt-br\/proteina-de-soja-isolada.html#primaryimage"},"thumbnailUrl":"https:\/\/theo.niranbio.com\/wp-content\/uploads\/2024\/06\/Isolated-Soy-Protein.webp","datePublished":"2024-06-20T03:42:52+00:00","dateModified":"2024-08-16T06:40:38+00:00","description":"Nossa Prote\u00edna de Soja Isolada \u00e9 um p\u00f3 branco ou amarelo claro com excelentes propriedades emulsificantes, gelificantes e nutritivas.","breadcrumb":{"@id":"https:\/\/theo.niranbio.com\/pt-br\/proteina-de-soja-isolada.html#breadcrumb"},"inLanguage":"pt-BR","potentialAction":[{"@type":"ReadAction","target":["https:\/\/theo.niranbio.com\/pt-br\/proteina-de-soja-isolada.html"]}]},{"@type":"ImageObject","inLanguage":"pt-BR","@id":"https:\/\/theo.niranbio.com\/pt-br\/proteina-de-soja-isolada.html#primaryimage","url":"https:\/\/theo.niranbio.com\/wp-content\/uploads\/2024\/06\/Isolated-Soy-Protein.webp","contentUrl":"https:\/\/theo.niranbio.com\/wp-content\/uploads\/2024\/06\/Isolated-Soy-Protein.webp","width":600,"height":600,"caption":"Prote\u00edna de soja isolada"},{"@type":"BreadcrumbList","@id":"https:\/\/theo.niranbio.com\/pt-br\/proteina-de-soja-isolada.html#breadcrumb","itemListElement":[{"@type":"ListItem","position":1,"name":"Home","item":"https:\/\/theo.niranbio.com\/pt-br\/"},{"@type":"ListItem","position":2,"name":"Produtos","item":"https:\/\/theo.niranbio.com\/pt-br\/produtos.html"},{"@type":"ListItem","position":3,"name":"Prote\u00ednas","item":"https:\/\/theo.niranbio.com\/pt-br\/produto-de-proteinas\/"},{"@type":"ListItem","position":4,"name":"Prote\u00edna de Soja Isolada"}]},{"@type":"WebSite","@id":"https:\/\/theo.niranbio.com\/pt-br\/#website","url":"https:\/\/theo.niranbio.com\/pt-br\/","name":"Niranbio Chemical","description":"","publisher":{"@id":"https:\/\/theo.niranbio.com\/pt-br\/#organization"},"potentialAction":[{"@type":"SearchAction","target":{"@type":"EntryPoint","urlTemplate":"https:\/\/theo.niranbio.com\/pt-br\/?s={search_term_string}"},"query-input":{"@type":"PropertyValueSpecification","valueRequired":true,"valueName":"search_term_string"}}],"inLanguage":"pt-BR"},{"@type":"Organization","@id":"https:\/\/theo.niranbio.com\/pt-br\/#organization","name":"Niranbio Chemical","url":"https:\/\/theo.niranbio.com\/pt-br\/","logo":{"@type":"ImageObject","inLanguage":"pt-BR","@id":"https:\/\/theo.niranbio.com\/pt-br\/#\/schema\/logo\/image\/","url":"https:\/\/theo.niranbio.com\/wp-content\/uploads\/2024\/06\/Niranbio.png","contentUrl":"https:\/\/theo.niranbio.com\/wp-content\/uploads\/2024\/06\/Niranbio.png","width":270,"height":100,"caption":"Niranbio Chemical"},"image":{"@id":"https:\/\/theo.niranbio.com\/pt-br\/#\/schema\/logo\/image\/"}}]}},"_links":{"self":[{"href":"https:\/\/theo.niranbio.com\/pt-br\/wp-json\/wp\/v2\/product\/9770","targetHints":{"allow":["GET"]}}],"collection":[{"href":"https:\/\/theo.niranbio.com\/pt-br\/wp-json\/wp\/v2\/product"}],"about":[{"href":"https:\/\/theo.niranbio.com\/pt-br\/wp-json\/wp\/v2\/types\/product"}],"version-history":[{"count":0,"href":"https:\/\/theo.niranbio.com\/pt-br\/wp-json\/wp\/v2\/product\/9770\/revisions"}],"wp:featuredmedia":[{"embeddable":true,"href":"https:\/\/theo.niranbio.com\/pt-br\/wp-json\/wp\/v2\/media\/9771"}],"wp:attachment":[{"href":"https:\/\/theo.niranbio.com\/pt-br\/wp-json\/wp\/v2\/media?parent=9770"}],"wp:term":[{"taxonomy":"product_brand","embeddable":true,"href":"https:\/\/theo.niranbio.com\/pt-br\/wp-json\/wp\/v2\/product_brand?post=9770"},{"taxonomy":"product_cat","embeddable":true,"href":"https:\/\/theo.niranbio.com\/pt-br\/wp-json\/wp\/v2\/product_cat?post=9770"},{"taxonomy":"product_tag","embeddable":true,"href":"https:\/\/theo.niranbio.com\/pt-br\/wp-json\/wp\/v2\/product_tag?post=9770"}],"curies":[{"name":"wp","href":"https:\/\/api.w.org\/{rel}","templated":true}]}}