{"id":9753,"date":"2024-06-20T13:18:28","date_gmt":"2024-06-20T05:18:28","guid":{"rendered":"https:\/\/theo.niranbio.com\/bicarbonato-de-amonio\/"},"modified":"2024-08-16T15:59:42","modified_gmt":"2024-08-16T07:59:42","slug":"bicarbonato-de-amonio","status":"publish","type":"product","link":"https:\/\/theo.niranbio.com\/pt-br\/bicarbonato-de-amonio.html","title":{"rendered":"Bicarbonato de am\u00f4nio"},"content":{"rendered":"<h2><span class=\"ez-toc-section\" id=\"O_que_e_bicarbonato_de_amonio\"><\/span>O que \u00e9 bicarbonato de am\u00f4nio?<span class=\"ez-toc-section-end\"><\/span><\/h2>\n<p>O bicarbonato de am\u00f4nio \u00e9 um composto branco com part\u00edculas cristalinas brancas e um cheiro de am\u00f4nia. Ao armazenar, certifique-se de n\u00e3o coloc\u00e1-lo com \u00e1cido, caso contr\u00e1rio, ocorrer\u00e1 uma rea\u00e7\u00e3o qu\u00edmica. \u00c9 amplamente utilizado nos setores qu\u00edmico, de ra\u00e7\u00e3o e aliment\u00edcio. Existem v\u00e1rios processos dom\u00e9sticos de prepara\u00e7\u00e3o para bicarbonato de am\u00f4nio:<\/p>\n<ol>\n<li>M\u00e9todo de s\u00edntese de bicarbonato de am\u00f4nio, que gera bicarbonato de am\u00f4nio (NH4HCO3) pela rea\u00e7\u00e3o de am\u00f4nia (NH3) e di\u00f3xido de carbono (CO2) em \u00e1gua. Este \u00e9 o m\u00e9todo de prepara\u00e7\u00e3o industrial mais comum.<\/li>\n<li>O m\u00e9todo de rea\u00e7\u00e3o de carbonato de am\u00f4nio e hidr\u00f3xido de am\u00f4nio, como o nome sugere, \u00e9 usar carbonato de am\u00f4nio e hidr\u00f3xido de am\u00f4nio para reagir e gerar bicarbonato de am\u00f4nio. Este m\u00e9todo precisa ser realizado em temperatura e condi\u00e7\u00f5es apropriadas para controlar a seletividade da rea\u00e7\u00e3o e a qualidade do produto.<\/li>\n<\/ol>\n<h2><span class=\"ez-toc-section\" id=\"Parametros_relacionados\"><\/span>Par\u00e2metros relacionados:<span class=\"ez-toc-section-end\"><\/span><\/h2>\n<table>\n<tbody>\n<tr>\n<td><strong>ITENS<\/strong><\/td>\n<td><strong>PADR\u00c3O<\/strong><\/td>\n<\/tr>\n<tr>\n<td>Ensaio (como NH4HCO3, %)<\/td>\n<td>\u226499.0-100.5<\/td>\n<\/tr>\n<tr>\n<td>Cloretos (como Cl, %)<\/td>\n<td>\u22640.003<\/td>\n<\/tr>\n<tr>\n<td>Composto de enxofre (como SO4, %)<\/td>\n<td>\u22640.007<\/td>\n<\/tr>\n<tr>\n<td>Res\u00edduo ap\u00f3s evapora\u00e7\u00e3o (%)<\/td>\n<td>\u22640.008<\/td>\n<\/tr>\n<tr>\n<td>Rota\u00e7\u00e3o \u00f3ptica espec\u00edfica<\/td>\n<td>+20.5\u00b0 ~ +21.5\u00b0<\/td>\n<\/tr>\n<tr>\n<td>Chumbo<\/td>\n<td>\u22643 mg\/kg<\/td>\n<\/tr>\n<tr>\n<td>Ars\u00eanio<\/td>\n<td>\u22642 mg\/kg<\/td>\n<\/tr>\n<tr>\n<td>Total de metais pesados \u200b\u200b(como Pb)<\/td>\n<td>\u226410 mg\/kg<\/td>\n<\/tr>\n<\/tbody>\n<\/table>\n<h2><span class=\"ez-toc-section\" id=\"Dosagem_recomendada\"><\/span>Dosagem recomendada:<span class=\"ez-toc-section-end\"><\/span><\/h2>\n<table>\n<tbody>\n<tr>\n<td><strong>Nome do alimento<\/strong><\/td>\n<td><strong>Uso m\u00e1ximo (g\/kg)<\/strong><\/td>\n<\/tr>\n<tr>\n<td>P\u00e3es e produtos de massa<\/td>\n<td>1 &#8211; 5 g\/kg<\/td>\n<\/tr>\n<tr>\n<td>Bolos e doces<\/td>\n<td>1 &#8211; 5 g\/kg<\/td>\n<\/tr>\n<tr>\n<td>Biscoitos<\/td>\n<td>0.5 &#8211; 2 g\/kg<\/td>\n<\/tr>\n<tr>\n<td>0.5 &#8211; 2 g\/kg<\/td>\n<td>0.5 &#8211; 2 g\/kg<\/td>\n<\/tr>\n<tr>\n<td>P\u00e3es e bolinhos cozidos no vapor<\/td>\n<td>1 &#8211; 3 g\/kg<\/td>\n<\/tr>\n<tr>\n<td>Pizza<\/td>\n<td>1 &#8211; 3 g\/kg<\/td>\n<\/tr>\n<tr>\n<td>Doces<\/td>\n<td>0.1 &#8211; 0.5 g\/kg<\/td>\n<\/tr>\n<tr>\n<td>Produtos de chocolate<\/td>\n<td>0.1 &#8211; 0.5 g\/kg<\/td>\n<\/tr>\n<tr>\n<td>Bebidas<\/td>\n<td>0,1 &#8211; 0,3 g\/kg<\/td>\n<\/tr>\n<tr>\n<td>Produtos l\u00e1cteos<\/td>\n<td>0,1 &#8211; 0,3 g\/kg<\/td>\n<\/tr>\n<tr>\n<td>Temperos<\/td>\n<td>0,1 &#8211; 0,3 g\/kg<\/td>\n<\/tr>\n<tr>\n<td>Produtos de carne preparados<\/td>\n<td>0.1 &#8211; 0.3 g\/kg<\/td>\n<\/tr>\n<tr>\n<td>Produtos de frutos do mar<\/td>\n<td>0.1 &#8211; 0.3 g\/kg<\/td>\n<\/tr>\n<tr>\n<td>Alimentos em conserva<\/td>\n<td>0.1 &#8211; 0.3 g\/kg<\/td>\n<\/tr>\n<\/tbody>\n<\/table>\n<h2><span class=\"ez-toc-section\" id=\"O_bicarbonato_de_amonio_tem_uma_ampla_gama_de_usos\"><\/span>O bicarbonato de am\u00f4nio tem uma ampla gama de usos<span class=\"ez-toc-section-end\"><\/span><\/h2>\n<ol>\n<li>Agente de fermenta\u00e7\u00e3o: o bicarbonato de am\u00f4nio \u00e9 um poderoso agente de fermenta\u00e7\u00e3o, especialmente adequado para massas e produtos de confeitaria que exigem fermenta\u00e7\u00e3o r\u00e1pida e forte. Ele se decomp\u00f5e em altas temperaturas para liberar am\u00f4nia e di\u00f3xido de carbono, promovendo a expans\u00e3o da massa e aumentando o volume do produto.<\/li>\n<li>Agente quebradi\u00e7o: Durante o processo de cozimento, o bicarbonato de am\u00f4nio pode ajudar os produtos a se tornarem quebradi\u00e7os e \u00e9 particularmente adequado para fazer biscoitos, bolachas e biscoitos, aumentando seu sabor crocante.<\/li>\n<li>Regulador alcalino: Como um regulador alcalino, o bicarbonato de am\u00f4nio pode ajustar o valor do pH dos alimentos, melhorar a elasticidade e a ductilidade da massa e tamb\u00e9m afetar a cor e a textura dos produtos assados.<\/li>\n<li>Estabilizador: O bicarbonato de am\u00f4nio pode ser usado como um estabilizador para ajudar a manter o volume e a estrutura do produto e evitar que o produto entre em colapso ou se deforme durante o processo de cozimento.<\/li>\n<\/ol>\n<h2><span class=\"ez-toc-section\" id=\"O_usuario_fez_a_seguinte_pergunta\"><\/span>O usu\u00e1rio fez a seguinte pergunta:<span class=\"ez-toc-section-end\"><\/span><\/h2>\n<p>Pergunta: Quando voc\u00ea precisa usar bicarbonato de am\u00f4nio e ele est\u00e1 fora de estoque, o que voc\u00ea deve usar para substitu\u00ed-lo?<\/p>\n<p>Resposta: 1. Fermento em p\u00f3: O fermento em p\u00f3 \u00e9 um substituto comum para o bicarbonato de am\u00f4nio na panifica\u00e7\u00e3o. Normalmente, ele consiste em tr\u00eas ingredientes: amido, uma subst\u00e2ncia \u00e1cida (como o creme de t\u00e1rtaro) e bicarbonato de s\u00f3dio (bicarbonato de s\u00f3dio).<\/p>\n<p>2. Bicarbonato de S\u00f3dio (Bicarbonato de S\u00f3dio): O bicarbonato de s\u00f3dio tamb\u00e9m pode ser usado como um substituto, embora n\u00e3o seja um agente de fermenta\u00e7\u00e3o t\u00e3o forte quanto o bicarbonato de am\u00f4nio. Para criar g\u00e1s di\u00f3xido de carbono para fermenta\u00e7\u00e3o, \u00e9 necess\u00e1rio um componente \u00e1cido, como vinagre ou suco de lim\u00e3o.<\/p>\n<p>3. Levedura: A levedura \u00e9 outra alternativa para fermentar produtos assados. A massa cresce como resultado de sua rea\u00e7\u00e3o com carboidratos para produzir di\u00f3xido de carbono durante a fermenta\u00e7\u00e3o. No entanto, a levedura requer mais tempo para fermentar a massa em compara\u00e7\u00e3o com agentes qu\u00edmicos de fermenta\u00e7\u00e3o, como o bicarbonato de am\u00f4nio.<\/p>\n<p>4. Fermento em P\u00f3 de Dupla A\u00e7\u00e3o: Quando esse tipo de p\u00f3 entra em contato com o l\u00edquido, ele produz g\u00e1s di\u00f3xido de carbono primeiro; ent\u00e3o, quando \u00e9 aquecido durante o cozimento. Ele fornece um aumento mais controlado semelhante ao bicarbonato de am\u00f4nio.<\/p>\n","protected":false},"excerpt":{"rendered":"<ul>\n<li>CAS: NH4HCO3<\/li>\n<li>F\u00f3rmula Qu\u00edmica: 1066-33-7<\/li>\n<li>Certifica\u00e7\u00f5es: KOSHER, ISO, HALAL, FSSC 22000, BRC, etc.<\/li>\n<li>Quantidade m\u00ednima do pedido: 1000KG<\/li>\n<li>Prazo de validade: 2 anos<\/li>\n<\/ul>\n","protected":false},"featured_media":9754,"template":"","meta":{"site-sidebar-layout":"default","site-content-layout":"","ast-site-content-layout":"default","site-content-style":"default","site-sidebar-style":"default","ast-global-header-display":"","ast-banner-title-visibility":"","ast-main-header-display":"","ast-hfb-above-header-display":"","ast-hfb-below-header-display":"","ast-hfb-mobile-header-display":"","site-post-title":"","ast-breadcrumbs-content":"","ast-featured-img":"","footer-sml-layout":"","theme-transparent-header-meta":"default","adv-header-id-meta":"","stick-header-meta":"","header-above-stick-meta":"","header-main-stick-meta":"","header-below-stick-meta":"","astra-migrate-meta-layouts":"set","ast-page-background-enabled":"default","ast-page-background-meta":{"desktop":{"background-color":"var(--ast-global-color-4)","background-image":"","background-repeat":"repeat","background-position":"center center","background-size":"auto","background-attachment":"scroll","background-type":"","background-media":"","overlay-type":"","overlay-color":"","overlay-opacity":"","overlay-gradient":""},"tablet":{"background-color":"","background-image":"","background-repeat":"repeat","background-position":"center center","background-size":"auto","background-attachment":"scroll","background-type":"","background-media":"","overlay-type":"","overlay-color":"","overlay-opacity":"","overlay-gradient":""},"mobile":{"background-color":"","background-image":"","background-repeat":"repeat","background-position":"center center","background-size":"auto","background-attachment":"scroll","background-type":"","background-media":"","overlay-type":"","overlay-color":"","overlay-opacity":"","overlay-gradient":""}},"ast-content-background-meta":{"desktop":{"background-color":"var(--ast-global-color-5)","background-image":"","background-repeat":"repeat","background-position":"center center","background-size":"auto","background-attachment":"scroll","background-type":"","background-media":"","overlay-type":"","overlay-color":"","overlay-opacity":"","overlay-gradient":""},"tablet":{"background-color":"var(--ast-global-color-5)","background-image":"","background-repeat":"repeat","background-position":"center center","background-size":"auto","background-attachment":"scroll","background-type":"","background-media":"","overlay-type":"","overlay-color":"","overlay-opacity":"","overlay-gradient":""},"mobile":{"background-color":"var(--ast-global-color-5)","background-image":"","background-repeat":"repeat","background-position":"center center","background-size":"auto","background-attachment":"scroll","background-type":"","background-media":"","overlay-type":"","overlay-color":"","overlay-opacity":"","overlay-gradient":""}}},"product_brand":[],"product_cat":[91],"product_tag":[],"class_list":{"0":"post-9753","1":"product","2":"type-product","3":"status-publish","4":"has-post-thumbnail","6":"product_cat-outros-ingredientes-alimentares-produto","7":"desktop-align-center","8":"tablet-align-left","9":"mobile-align-left","11":"first","12":"instock","13":"shipping-taxable","14":"product-type-simple"},"yoast_head":"<!-- This site is optimized with the Yoast SEO plugin v26.5 - https:\/\/yoast.com\/wordpress\/plugins\/seo\/ -->\n<title>Org\u00e2nico bicarbonato de am\u00f4nia p\u00f3\uff0chidrogenocarbonato de am\u00f4nio fabricante | Niranbio Chemical<\/title>\n<meta name=\"description\" content=\"Nosso bicarbonato de am\u00f4nio(E503) \u00e9 um composto branco com part\u00edculas cristalinas brancas e um cheiro de am\u00f4nia, \u00e9 amplamente utilizado nos setores qu\u00edmico, de ra\u00e7\u00e3o e aliment\u00edcio.\" \/>\n<meta name=\"robots\" content=\"noindex, follow, max-snippet:-1, max-image-preview:large, max-video-preview:-1\" \/>\n<meta name=\"twitter:label1\" content=\"Est. tempo de leitura\" \/>\n\t<meta name=\"twitter:data1\" content=\"4 minutos\" \/>\n<script type=\"application\/ld+json\" class=\"yoast-schema-graph\">{\"@context\":\"https:\/\/schema.org\",\"@graph\":[{\"@type\":\"WebPage\",\"@id\":\"https:\/\/theo.niranbio.com\/pt-br\/bicarbonato-de-amonio.html\",\"url\":\"https:\/\/theo.niranbio.com\/pt-br\/bicarbonato-de-amonio.html\",\"name\":\"Org\u00e2nico bicarbonato de am\u00f4nia p\u00f3\uff0chidrogenocarbonato de am\u00f4nio fabricante | Niranbio Chemical\",\"isPartOf\":{\"@id\":\"https:\/\/theo.niranbio.com\/pt-br\/#website\"},\"primaryImageOfPage\":{\"@id\":\"https:\/\/theo.niranbio.com\/pt-br\/bicarbonato-de-amonio.html#primaryimage\"},\"image\":{\"@id\":\"https:\/\/theo.niranbio.com\/pt-br\/bicarbonato-de-amonio.html#primaryimage\"},\"thumbnailUrl\":\"https:\/\/theo.niranbio.com\/wp-content\/uploads\/2024\/06\/Ammonium-Bicarbonate.webp\",\"datePublished\":\"2024-06-20T05:18:28+00:00\",\"dateModified\":\"2024-08-16T07:59:42+00:00\",\"description\":\"Nosso bicarbonato de am\u00f4nio(E503) \u00e9 um composto branco com part\u00edculas cristalinas brancas e um cheiro de am\u00f4nia, \u00e9 amplamente utilizado nos setores qu\u00edmico, de ra\u00e7\u00e3o e aliment\u00edcio.\",\"breadcrumb\":{\"@id\":\"https:\/\/theo.niranbio.com\/pt-br\/bicarbonato-de-amonio.html#breadcrumb\"},\"inLanguage\":\"pt-BR\",\"potentialAction\":[{\"@type\":\"ReadAction\",\"target\":[\"https:\/\/theo.niranbio.com\/pt-br\/bicarbonato-de-amonio.html\"]}]},{\"@type\":\"ImageObject\",\"inLanguage\":\"pt-BR\",\"@id\":\"https:\/\/theo.niranbio.com\/pt-br\/bicarbonato-de-amonio.html#primaryimage\",\"url\":\"https:\/\/theo.niranbio.com\/wp-content\/uploads\/2024\/06\/Ammonium-Bicarbonate.webp\",\"contentUrl\":\"https:\/\/theo.niranbio.com\/wp-content\/uploads\/2024\/06\/Ammonium-Bicarbonate.webp\",\"width\":600,\"height\":600,\"caption\":\"Bicarbonato de am\u00f4nio\"},{\"@type\":\"BreadcrumbList\",\"@id\":\"https:\/\/theo.niranbio.com\/pt-br\/bicarbonato-de-amonio.html#breadcrumb\",\"itemListElement\":[{\"@type\":\"ListItem\",\"position\":1,\"name\":\"Home\",\"item\":\"https:\/\/theo.niranbio.com\/pt-br\/\"},{\"@type\":\"ListItem\",\"position\":2,\"name\":\"Produtos\",\"item\":\"https:\/\/theo.niranbio.com\/pt-br\/produtos.html\"},{\"@type\":\"ListItem\",\"position\":3,\"name\":\"Outros Ingredientes Alimentares\",\"item\":\"https:\/\/theo.niranbio.com\/pt-br\/outros-ingredientes-alimentares-produto\/\"},{\"@type\":\"ListItem\",\"position\":4,\"name\":\"Bicarbonato de am\u00f4nio\"}]},{\"@type\":\"WebSite\",\"@id\":\"https:\/\/theo.niranbio.com\/pt-br\/#website\",\"url\":\"https:\/\/theo.niranbio.com\/pt-br\/\",\"name\":\"Niranbio Chemical\",\"description\":\"\",\"publisher\":{\"@id\":\"https:\/\/theo.niranbio.com\/pt-br\/#organization\"},\"potentialAction\":[{\"@type\":\"SearchAction\",\"target\":{\"@type\":\"EntryPoint\",\"urlTemplate\":\"https:\/\/theo.niranbio.com\/pt-br\/?s={search_term_string}\"},\"query-input\":{\"@type\":\"PropertyValueSpecification\",\"valueRequired\":true,\"valueName\":\"search_term_string\"}}],\"inLanguage\":\"pt-BR\"},{\"@type\":\"Organization\",\"@id\":\"https:\/\/theo.niranbio.com\/pt-br\/#organization\",\"name\":\"Niranbio Chemical\",\"url\":\"https:\/\/theo.niranbio.com\/pt-br\/\",\"logo\":{\"@type\":\"ImageObject\",\"inLanguage\":\"pt-BR\",\"@id\":\"https:\/\/theo.niranbio.com\/pt-br\/#\/schema\/logo\/image\/\",\"url\":\"https:\/\/theo.niranbio.com\/wp-content\/uploads\/2024\/06\/Niranbio.png\",\"contentUrl\":\"https:\/\/theo.niranbio.com\/wp-content\/uploads\/2024\/06\/Niranbio.png\",\"width\":270,\"height\":100,\"caption\":\"Niranbio Chemical\"},\"image\":{\"@id\":\"https:\/\/theo.niranbio.com\/pt-br\/#\/schema\/logo\/image\/\"}}]}<\/script>\n<!-- \/ Yoast SEO plugin. -->","yoast_head_json":{"title":"Org\u00e2nico bicarbonato de am\u00f4nia p\u00f3\uff0chidrogenocarbonato de am\u00f4nio fabricante | Niranbio Chemical","description":"Nosso bicarbonato de am\u00f4nio(E503) \u00e9 um composto branco com part\u00edculas cristalinas brancas e um cheiro de am\u00f4nia, \u00e9 amplamente utilizado nos setores qu\u00edmico, de ra\u00e7\u00e3o e aliment\u00edcio.","robots":{"index":"noindex","follow":"follow","max-snippet":"max-snippet:-1","max-image-preview":"max-image-preview:large","max-video-preview":"max-video-preview:-1"},"twitter_misc":{"Est. tempo de leitura":"4 minutos"},"schema":{"@context":"https:\/\/schema.org","@graph":[{"@type":"WebPage","@id":"https:\/\/theo.niranbio.com\/pt-br\/bicarbonato-de-amonio.html","url":"https:\/\/theo.niranbio.com\/pt-br\/bicarbonato-de-amonio.html","name":"Org\u00e2nico bicarbonato de am\u00f4nia p\u00f3\uff0chidrogenocarbonato de am\u00f4nio fabricante | Niranbio Chemical","isPartOf":{"@id":"https:\/\/theo.niranbio.com\/pt-br\/#website"},"primaryImageOfPage":{"@id":"https:\/\/theo.niranbio.com\/pt-br\/bicarbonato-de-amonio.html#primaryimage"},"image":{"@id":"https:\/\/theo.niranbio.com\/pt-br\/bicarbonato-de-amonio.html#primaryimage"},"thumbnailUrl":"https:\/\/theo.niranbio.com\/wp-content\/uploads\/2024\/06\/Ammonium-Bicarbonate.webp","datePublished":"2024-06-20T05:18:28+00:00","dateModified":"2024-08-16T07:59:42+00:00","description":"Nosso bicarbonato de am\u00f4nio(E503) \u00e9 um composto branco com part\u00edculas cristalinas brancas e um cheiro de am\u00f4nia, \u00e9 amplamente utilizado nos setores qu\u00edmico, de ra\u00e7\u00e3o e aliment\u00edcio.","breadcrumb":{"@id":"https:\/\/theo.niranbio.com\/pt-br\/bicarbonato-de-amonio.html#breadcrumb"},"inLanguage":"pt-BR","potentialAction":[{"@type":"ReadAction","target":["https:\/\/theo.niranbio.com\/pt-br\/bicarbonato-de-amonio.html"]}]},{"@type":"ImageObject","inLanguage":"pt-BR","@id":"https:\/\/theo.niranbio.com\/pt-br\/bicarbonato-de-amonio.html#primaryimage","url":"https:\/\/theo.niranbio.com\/wp-content\/uploads\/2024\/06\/Ammonium-Bicarbonate.webp","contentUrl":"https:\/\/theo.niranbio.com\/wp-content\/uploads\/2024\/06\/Ammonium-Bicarbonate.webp","width":600,"height":600,"caption":"Bicarbonato de am\u00f4nio"},{"@type":"BreadcrumbList","@id":"https:\/\/theo.niranbio.com\/pt-br\/bicarbonato-de-amonio.html#breadcrumb","itemListElement":[{"@type":"ListItem","position":1,"name":"Home","item":"https:\/\/theo.niranbio.com\/pt-br\/"},{"@type":"ListItem","position":2,"name":"Produtos","item":"https:\/\/theo.niranbio.com\/pt-br\/produtos.html"},{"@type":"ListItem","position":3,"name":"Outros Ingredientes Alimentares","item":"https:\/\/theo.niranbio.com\/pt-br\/outros-ingredientes-alimentares-produto\/"},{"@type":"ListItem","position":4,"name":"Bicarbonato de am\u00f4nio"}]},{"@type":"WebSite","@id":"https:\/\/theo.niranbio.com\/pt-br\/#website","url":"https:\/\/theo.niranbio.com\/pt-br\/","name":"Niranbio Chemical","description":"","publisher":{"@id":"https:\/\/theo.niranbio.com\/pt-br\/#organization"},"potentialAction":[{"@type":"SearchAction","target":{"@type":"EntryPoint","urlTemplate":"https:\/\/theo.niranbio.com\/pt-br\/?s={search_term_string}"},"query-input":{"@type":"PropertyValueSpecification","valueRequired":true,"valueName":"search_term_string"}}],"inLanguage":"pt-BR"},{"@type":"Organization","@id":"https:\/\/theo.niranbio.com\/pt-br\/#organization","name":"Niranbio Chemical","url":"https:\/\/theo.niranbio.com\/pt-br\/","logo":{"@type":"ImageObject","inLanguage":"pt-BR","@id":"https:\/\/theo.niranbio.com\/pt-br\/#\/schema\/logo\/image\/","url":"https:\/\/theo.niranbio.com\/wp-content\/uploads\/2024\/06\/Niranbio.png","contentUrl":"https:\/\/theo.niranbio.com\/wp-content\/uploads\/2024\/06\/Niranbio.png","width":270,"height":100,"caption":"Niranbio Chemical"},"image":{"@id":"https:\/\/theo.niranbio.com\/pt-br\/#\/schema\/logo\/image\/"}}]}},"_links":{"self":[{"href":"https:\/\/theo.niranbio.com\/pt-br\/wp-json\/wp\/v2\/product\/9753","targetHints":{"allow":["GET"]}}],"collection":[{"href":"https:\/\/theo.niranbio.com\/pt-br\/wp-json\/wp\/v2\/product"}],"about":[{"href":"https:\/\/theo.niranbio.com\/pt-br\/wp-json\/wp\/v2\/types\/product"}],"version-history":[{"count":0,"href":"https:\/\/theo.niranbio.com\/pt-br\/wp-json\/wp\/v2\/product\/9753\/revisions"}],"wp:featuredmedia":[{"embeddable":true,"href":"https:\/\/theo.niranbio.com\/pt-br\/wp-json\/wp\/v2\/media\/9754"}],"wp:attachment":[{"href":"https:\/\/theo.niranbio.com\/pt-br\/wp-json\/wp\/v2\/media?parent=9753"}],"wp:term":[{"taxonomy":"product_brand","embeddable":true,"href":"https:\/\/theo.niranbio.com\/pt-br\/wp-json\/wp\/v2\/product_brand?post=9753"},{"taxonomy":"product_cat","embeddable":true,"href":"https:\/\/theo.niranbio.com\/pt-br\/wp-json\/wp\/v2\/product_cat?post=9753"},{"taxonomy":"product_tag","embeddable":true,"href":"https:\/\/theo.niranbio.com\/pt-br\/wp-json\/wp\/v2\/product_tag?post=9753"}],"curies":[{"name":"wp","href":"https:\/\/api.w.org\/{rel}","templated":true}]}}