{"id":9748,"date":"2024-06-20T08:56:14","date_gmt":"2024-06-20T00:56:14","guid":{"rendered":"https:\/\/theo.niranbio.com\/acetato-de-sodio-tri-hidratado\/"},"modified":"2024-08-13T16:43:55","modified_gmt":"2024-08-13T08:43:55","slug":"acetato-de-sodio-tri-hidratado","status":"publish","type":"product","link":"https:\/\/theo.niranbio.com\/pt-br\/acetato-de-sodio-tri-hidratado.html","title":{"rendered":"Acetato de s\u00f3dio tri-hidratado"},"content":{"rendered":"<h2><span class=\"ez-toc-section\" id=\"O_que_e_acetato_de_sodio_tri-hidratado\"><\/span>O que \u00e9 acetato de s\u00f3dio tri-hidratado?<span class=\"ez-toc-section-end\"><\/span><\/h2>\n<p>O acetato de s\u00f3dio tri-hidratado \u00e9 um composto org\u00e2nico que forma cristais brancos ou esbranqui\u00e7ados, suscet\u00edveis \u00e0 exposi\u00e7\u00e3o ao ar. Ele se dissolve em \u00e1gua e \u00e9ter, com leve solubilidade em etanol. Ele encontra amplas aplica\u00e7\u00f5es em conservantes, impress\u00e3o e tingimento, medicina, reagentes qu\u00edmicos, catalisadores industriais e aditivos. Normalmente, o \u00e1cido ac\u00e9tico e o hidr\u00f3xido de s\u00f3dio s\u00e3o misturados em uma certa propor\u00e7\u00e3o molar, e o acetato de s\u00f3dio tri-hidratado \u00e9 gerado por meio de rea\u00e7\u00e3o, que pode ser preparado por cristaliza\u00e7\u00e3o ou evapora\u00e7\u00e3o da solu\u00e7\u00e3o.<\/p>\n<h2><span class=\"ez-toc-section\" id=\"Parametros_relacionados\"><\/span>Par\u00e2metros relacionados:<span class=\"ez-toc-section-end\"><\/span><\/h2>\n<table>\n<tbody>\n<tr>\n<td width=\"302\"><strong>Itens<\/strong><\/td>\n<td width=\"295\"><strong>Padr\u00f5es<\/strong><\/td>\n<\/tr>\n<tr>\n<td width=\"302\">Conte\u00fado (como base seca), p\/%<\/td>\n<td width=\"295\">99,0-101,0<\/td>\n<\/tr>\n<tr>\n<td width=\"302\">Acidez e alcalinidade<\/td>\n<td width=\"295\">Teste de passagem<\/td>\n<\/tr>\n<tr>\n<td width=\"302\">Chumbo (como Pb), mg\/kg \u2264<\/td>\n<td width=\"295\">2<\/td>\n<\/tr>\n<tr>\n<td width=\"302\">Alcalinidade, c\/% \u2264<\/td>\n<td width=\"295\">0,2<\/td>\n<\/tr>\n<tr>\n<td width=\"302\">Perda na secagem, w\/%<\/td>\n<td width=\"295\">1,0<\/td>\n<\/tr>\n<tr>\n<td width=\"302\">Composto de pot\u00e1ssio<\/td>\n<td width=\"295\">Teste de passagem<\/td>\n<\/tr>\n<tr>\n<td width=\"302\">Condi\u00e7\u00f5es de Transporte<\/td>\n<td width=\"295\">Armazenamento selado e seco<\/td>\n<\/tr>\n<\/tbody>\n<\/table>\n<h2><span class=\"ez-toc-section\" id=\"Dosagem_recomendada\"><\/span><strong><b>Dosagem recomendada<\/b><\/strong><span class=\"ez-toc-section-end\"><\/span><\/h2>\n<table>\n<tbody>\n<tr>\n<td width=\"293\">Nome do alimento<\/td>\n<td width=\"304\">Uso m\u00e1ximo (g\/kg)<\/td>\n<\/tr>\n<tr>\n<td width=\"293\">Produtos assados<\/td>\n<td width=\"304\">1,0 g\/kg<\/td>\n<\/tr>\n<tr>\n<td width=\"293\">Bebidas<\/td>\n<td width=\"304\">0,5 g\/kg<\/td>\n<\/tr>\n<tr>\n<td width=\"293\">Lactic\u00ednios<\/td>\n<td width=\"304\">0,3 g\/kg<\/td>\n<\/tr>\n<tr>\n<td width=\"293\">Molhos e Temperos<\/td>\n<td width=\"304\">0,5 g\/kg<\/td>\n<\/tr>\n<tr>\n<td width=\"293\">Carne processada<\/td>\n<td width=\"304\">0,5 g\/kg<\/td>\n<\/tr>\n<tr>\n<td width=\"293\">Cremes e Lo\u00e7\u00f5es<\/td>\n<td width=\"304\">0,5 g\/kg<\/td>\n<\/tr>\n<tr>\n<td width=\"293\">Shampoos e Condicionadores<\/td>\n<td width=\"304\">0,2 g\/kg<\/td>\n<\/tr>\n<tr>\n<td width=\"293\">Produtos de peixe e marisco<\/td>\n<td width=\"304\">1,0 g\/kg<\/td>\n<\/tr>\n<tr>\n<td width=\"293\">Especiarias e condimentos<\/td>\n<td width=\"304\">0,5 g\/kg<\/td>\n<\/tr>\n<tr>\n<td width=\"293\">Frutas e vegetais processados<\/td>\n<td width=\"304\">1,0 g\/kg<\/td>\n<\/tr>\n<\/tbody>\n<\/table>\n<h2><span class=\"ez-toc-section\" id=\"O_acetato_de_sodio_tem_uma_ampla_gama_de_utilizacoes\"><\/span><strong><b>O acetato de s\u00f3dio tem uma ampla gama de utiliza\u00e7\u00f5es<\/b><\/strong><span class=\"ez-toc-section-end\"><\/span><\/h2>\n<h3><span class=\"ez-toc-section\" id=\"1_Usos_em_alimentos\"><\/span>1. Usos em alimentos<span class=\"ez-toc-section-end\"><\/span><\/h3>\n<p>(1) Tempero: o acetato de s\u00f3dio tri-hidratado \u00e9 uma subst\u00e2ncia fracamente \u00e1cida que pode aumentar a acidez dos alimentos, ajustar o sabor e o valor do pH dos alimentos e melhorar a qualidade do sabor.<\/p>\n<p>(2) Conservante: o acetato de s\u00f3dio tri-hidratado tem um bom efeito antibacteriano e pode ser amplamente utilizado em uma variedade de alimentos, como carne em conserva, frutos do mar em conserva, picles, etc., desempenhando um bom papel conservante.<\/p>\n<p>(3) Agente de levedura para alimentos assados, como p\u00e3o: o acetato de s\u00f3dio tri-hidratado pode promover o processo de fermenta\u00e7\u00e3o de alimentos assados, como p\u00e3o, melhorando efetivamente a qualidade e o volume dos alimentos assados.<\/p>\n<h3><span class=\"ez-toc-section\" id=\"2_Usos_na_medicina\"><\/span>2. Usos na medicina<span class=\"ez-toc-section-end\"><\/span><\/h3>\n<p>(1) Farm\u00e1cia: o acetato de s\u00f3dio tri-hidratado \u00e9 um medicamento comumente usado que pode ser usado para tratar doen\u00e7as como depress\u00e3o, envenenamento e acidose, bem como para o tratamento, diagn\u00f3stico e preven\u00e7\u00e3o de doen\u00e7as como hepatite e diabetes.<\/p>\n<p>(2) Agente antibacteriano: O acetato de s\u00f3dio tri-hidratado pode prevenir e controlar uma variedade de infec\u00e7\u00f5es bacterianas, como o tratamento de doen\u00e7as infecciosas sens\u00edveis a agentes antibacterianos e certas infec\u00e7\u00f5es do trato urin\u00e1rio.<\/p>\n<h3><span class=\"ez-toc-section\" id=\"3_Usos_na_agricultura\"><\/span>3. Usos na agricultura<span class=\"ez-toc-section-end\"><\/span><\/h3>\n<p>(1) Pesticidas: O acetato de s\u00f3dio tri-hidratado pode ser usado para preparar pesticidas como inseticidas, fungicidas e herbicidas, que t\u00eam um efeito significativo na melhoria da qualidade dos produtos agr\u00edcolas e na redu\u00e7\u00e3o de res\u00edduos de pesticidas.<\/p>\n<p>(2) Nutrientes: O acetato de s\u00f3dio tri-hidratado pode ser usado como nutriente em planta\u00e7\u00f5es e promove o crescimento e o desenvolvimento das plantas.<\/p>\n<h2><span class=\"ez-toc-section\" id=\"O_usuario_fez_a_seguinte_pergunta\"><\/span>O usu\u00e1rio fez a seguinte pergunta:<span class=\"ez-toc-section-end\"><\/span><\/h2>\n<p>Pergunta: Qual \u00e9 a diferen\u00e7a entre o acetato de s\u00f3dio tri-hidratado e o acetato de s\u00f3dio?<\/p>\n<p>Resposta: 1. Conte\u00fado de \u00e1gua cristalina: O acetato de s\u00f3dio (acetato de s\u00f3dio anidro) n\u00e3o tem \u00e1gua cristalina, enquanto o acetato de s\u00f3dio tri-hidratado cont\u00e9m tr\u00eas \u00e1guas cristalinas. Isso significa que, do ponto de vista da composi\u00e7\u00e3o qu\u00edmica, a f\u00f3rmula qu\u00edmica do acetato de s\u00f3dio tri-hidratado \u00e9 C2H9NaO5, enquanto a f\u00f3rmula qu\u00edmica do acetato de s\u00f3dio \u00e9 CH3COONa. Essa diferen\u00e7a leva a suas diferentes formas f\u00edsicas. O acetato de s\u00f3dio anidro aparece como um p\u00f3 branco, enquanto o acetato de s\u00f3dio tri-hidratado \u00e9 um cristal branco.<\/p>\n<p>2. \u00c1reas de aplica\u00e7\u00e3o: Os dois tamb\u00e9m diferem em suas \u00e1reas de aplica\u00e7\u00e3o. O acetato de s\u00f3dio tri-hidratado \u00e9 usado principalmente na fabrica\u00e7\u00e3o de medicamentos, corantes, agentes fotogr\u00e1ficos, diacetato de s\u00f3dio, etc., enquanto o acetato de s\u00f3dio \u00e9 amplamente usado em tamp\u00f5es, mordentes, para a determina\u00e7\u00e3o de chumbo, cobre, n\u00edquel e ferro, prepara\u00e7\u00e3o de meio de cultura, s\u00edntese org\u00e2nica, impress\u00e3o de filme, etc.<\/p>\n<p>3. Seguran\u00e7a e perigos: A descri\u00e7\u00e3o de seguran\u00e7a do acetato de s\u00f3dio tri-hidratado inclui S24\/25, o que indica que deve evitar o contato com a pele e os olhos durante o manuseio, e sua descri\u00e7\u00e3o de perigo inclui R36\/37\/38, o que indica que pode causar rea\u00e7\u00f5es al\u00e9rgicas na pele e danos aos olhos em algumas pessoas. Isso deve ser observado ao usar e manusear.<\/p>\n","protected":false},"excerpt":{"rendered":"<ul>\n<li>CAS: 6131-90-4<\/li>\n<li>F\u00f3rmula qu\u00edmica: C2H9NaO5<\/li>\n<li>Certifica\u00e7\u00f5es: KOSHER, ISO, HALAL, FSSC22000, BRC, etc.<\/li>\n<li>Padr\u00e3o:<\/li>\n<li>Quantidade m\u00ednima do pedido: 1000KG<\/li>\n<li>Prazo de validade: 2 anos<\/li>\n<\/ul>\n","protected":false},"featured_media":9749,"template":"","meta":{"site-sidebar-layout":"default","site-content-layout":"","ast-site-content-layout":"default","site-content-style":"default","site-sidebar-style":"default","ast-global-header-display":"","ast-banner-title-visibility":"","ast-main-header-display":"","ast-hfb-above-header-display":"","ast-hfb-below-header-display":"","ast-hfb-mobile-header-display":"","site-post-title":"","ast-breadcrumbs-content":"","ast-featured-img":"","footer-sml-layout":"","theme-transparent-header-meta":"default","adv-header-id-meta":"","stick-header-meta":"","header-above-stick-meta":"","header-main-stick-meta":"","header-below-stick-meta":"","astra-migrate-meta-layouts":"set","ast-page-background-enabled":"default","ast-page-background-meta":{"desktop":{"background-color":"var(--ast-global-color-4)","background-image":"","background-repeat":"repeat","background-position":"center center","background-size":"auto","background-attachment":"scroll","background-type":"","background-media":"","overlay-type":"","overlay-color":"","overlay-opacity":"","overlay-gradient":""},"tablet":{"background-color":"","background-image":"","background-repeat":"repeat","background-position":"center center","background-size":"auto","background-attachment":"scroll","background-type":"","background-media":"","overlay-type":"","overlay-color":"","overlay-opacity":"","overlay-gradient":""},"mobile":{"background-color":"","background-image":"","background-repeat":"repeat","background-position":"center center","background-size":"auto","background-attachment":"scroll","background-type":"","background-media":"","overlay-type":"","overlay-color":"","overlay-opacity":"","overlay-gradient":""}},"ast-content-background-meta":{"desktop":{"background-color":"var(--ast-global-color-5)","background-image":"","background-repeat":"repeat","background-position":"center center","background-size":"auto","background-attachment":"scroll","background-type":"","background-media":"","overlay-type":"","overlay-color":"","overlay-opacity":"","overlay-gradient":""},"tablet":{"background-color":"var(--ast-global-color-5)","background-image":"","background-repeat":"repeat","background-position":"center center","background-size":"auto","background-attachment":"scroll","background-type":"","background-media":"","overlay-type":"","overlay-color":"","overlay-opacity":"","overlay-gradient":""},"mobile":{"background-color":"var(--ast-global-color-5)","background-image":"","background-repeat":"repeat","background-position":"center center","background-size":"auto","background-attachment":"scroll","background-type":"","background-media":"","overlay-type":"","overlay-color":"","overlay-opacity":"","overlay-gradient":""}}},"product_brand":[],"product_cat":[93],"product_tag":[],"class_list":{"0":"post-9748","1":"product","2":"type-product","3":"status-publish","4":"has-post-thumbnail","6":"product_cat-produto-conservante","7":"desktop-align-center","8":"tablet-align-left","9":"mobile-align-left","11":"first","12":"instock","13":"shipping-taxable","14":"product-type-simple"},"yoast_head":"<!-- This site is optimized with the Yoast SEO plugin v26.5 - https:\/\/yoast.com\/wordpress\/plugins\/seo\/ -->\n<title>Fabricante de Acetato de S\u00f3dio Tri-hidratado, P\u00f3 de Acetato de S\u00f3dio Tri-hidratado (CAS: 6131-90-4) | Niranbio Chemical<\/title>\n<meta name=\"description\" content=\"Nosso Acetato de S\u00f3dio Tri-hidratado forma cristais brancos ou esbranqui\u00e7ados, amplamente utilizados em conservantes, medicamentos e aditivos.\" \/>\n<meta name=\"robots\" content=\"noindex, follow, max-snippet:-1, max-image-preview:large, max-video-preview:-1\" \/>\n<meta name=\"twitter:label1\" content=\"Est. tempo de leitura\" \/>\n\t<meta name=\"twitter:data1\" content=\"4 minutos\" \/>\n<script type=\"application\/ld+json\" class=\"yoast-schema-graph\">{\"@context\":\"https:\/\/schema.org\",\"@graph\":[{\"@type\":\"WebPage\",\"@id\":\"https:\/\/theo.niranbio.com\/pt-br\/acetato-de-sodio-tri-hidratado.html\",\"url\":\"https:\/\/theo.niranbio.com\/pt-br\/acetato-de-sodio-tri-hidratado.html\",\"name\":\"Fabricante de Acetato de S\u00f3dio Tri-hidratado, P\u00f3 de Acetato de S\u00f3dio Tri-hidratado (CAS: 6131-90-4) | Niranbio Chemical\",\"isPartOf\":{\"@id\":\"https:\/\/theo.niranbio.com\/pt-br\/#website\"},\"primaryImageOfPage\":{\"@id\":\"https:\/\/theo.niranbio.com\/pt-br\/acetato-de-sodio-tri-hidratado.html#primaryimage\"},\"image\":{\"@id\":\"https:\/\/theo.niranbio.com\/pt-br\/acetato-de-sodio-tri-hidratado.html#primaryimage\"},\"thumbnailUrl\":\"https:\/\/theo.niranbio.com\/wp-content\/uploads\/2024\/06\/Sodium-Acetate-Trihydrate.webp\",\"datePublished\":\"2024-06-20T00:56:14+00:00\",\"dateModified\":\"2024-08-13T08:43:55+00:00\",\"description\":\"Nosso Acetato de S\u00f3dio Tri-hidratado forma cristais brancos ou esbranqui\u00e7ados, amplamente utilizados em conservantes, medicamentos e aditivos.\",\"breadcrumb\":{\"@id\":\"https:\/\/theo.niranbio.com\/pt-br\/acetato-de-sodio-tri-hidratado.html#breadcrumb\"},\"inLanguage\":\"pt-BR\",\"potentialAction\":[{\"@type\":\"ReadAction\",\"target\":[\"https:\/\/theo.niranbio.com\/pt-br\/acetato-de-sodio-tri-hidratado.html\"]}]},{\"@type\":\"ImageObject\",\"inLanguage\":\"pt-BR\",\"@id\":\"https:\/\/theo.niranbio.com\/pt-br\/acetato-de-sodio-tri-hidratado.html#primaryimage\",\"url\":\"https:\/\/theo.niranbio.com\/wp-content\/uploads\/2024\/06\/Sodium-Acetate-Trihydrate.webp\",\"contentUrl\":\"https:\/\/theo.niranbio.com\/wp-content\/uploads\/2024\/06\/Sodium-Acetate-Trihydrate.webp\",\"width\":600,\"height\":600,\"caption\":\"Acetato de S\u00f3dio Tri-hidratado\"},{\"@type\":\"BreadcrumbList\",\"@id\":\"https:\/\/theo.niranbio.com\/pt-br\/acetato-de-sodio-tri-hidratado.html#breadcrumb\",\"itemListElement\":[{\"@type\":\"ListItem\",\"position\":1,\"name\":\"Home\",\"item\":\"https:\/\/theo.niranbio.com\/pt-br\/\"},{\"@type\":\"ListItem\",\"position\":2,\"name\":\"Produtos\",\"item\":\"https:\/\/theo.niranbio.com\/pt-br\/produtos.html\"},{\"@type\":\"ListItem\",\"position\":3,\"name\":\"Conservante\",\"item\":\"https:\/\/theo.niranbio.com\/pt-br\/produto-conservante\/\"},{\"@type\":\"ListItem\",\"position\":4,\"name\":\"Acetato de s\u00f3dio tri-hidratado\"}]},{\"@type\":\"WebSite\",\"@id\":\"https:\/\/theo.niranbio.com\/pt-br\/#website\",\"url\":\"https:\/\/theo.niranbio.com\/pt-br\/\",\"name\":\"Niranbio Chemical\",\"description\":\"\",\"publisher\":{\"@id\":\"https:\/\/theo.niranbio.com\/pt-br\/#organization\"},\"potentialAction\":[{\"@type\":\"SearchAction\",\"target\":{\"@type\":\"EntryPoint\",\"urlTemplate\":\"https:\/\/theo.niranbio.com\/pt-br\/?s={search_term_string}\"},\"query-input\":{\"@type\":\"PropertyValueSpecification\",\"valueRequired\":true,\"valueName\":\"search_term_string\"}}],\"inLanguage\":\"pt-BR\"},{\"@type\":\"Organization\",\"@id\":\"https:\/\/theo.niranbio.com\/pt-br\/#organization\",\"name\":\"Niranbio Chemical\",\"url\":\"https:\/\/theo.niranbio.com\/pt-br\/\",\"logo\":{\"@type\":\"ImageObject\",\"inLanguage\":\"pt-BR\",\"@id\":\"https:\/\/theo.niranbio.com\/pt-br\/#\/schema\/logo\/image\/\",\"url\":\"https:\/\/theo.niranbio.com\/wp-content\/uploads\/2024\/06\/Niranbio.png\",\"contentUrl\":\"https:\/\/theo.niranbio.com\/wp-content\/uploads\/2024\/06\/Niranbio.png\",\"width\":270,\"height\":100,\"caption\":\"Niranbio Chemical\"},\"image\":{\"@id\":\"https:\/\/theo.niranbio.com\/pt-br\/#\/schema\/logo\/image\/\"}}]}<\/script>\n<!-- \/ Yoast SEO plugin. -->","yoast_head_json":{"title":"Fabricante de Acetato de S\u00f3dio Tri-hidratado, P\u00f3 de Acetato de S\u00f3dio Tri-hidratado (CAS: 6131-90-4) | Niranbio Chemical","description":"Nosso Acetato de S\u00f3dio Tri-hidratado forma cristais brancos ou esbranqui\u00e7ados, amplamente utilizados em conservantes, medicamentos e aditivos.","robots":{"index":"noindex","follow":"follow","max-snippet":"max-snippet:-1","max-image-preview":"max-image-preview:large","max-video-preview":"max-video-preview:-1"},"twitter_misc":{"Est. tempo de leitura":"4 minutos"},"schema":{"@context":"https:\/\/schema.org","@graph":[{"@type":"WebPage","@id":"https:\/\/theo.niranbio.com\/pt-br\/acetato-de-sodio-tri-hidratado.html","url":"https:\/\/theo.niranbio.com\/pt-br\/acetato-de-sodio-tri-hidratado.html","name":"Fabricante de Acetato de S\u00f3dio Tri-hidratado, P\u00f3 de Acetato de S\u00f3dio Tri-hidratado (CAS: 6131-90-4) | Niranbio Chemical","isPartOf":{"@id":"https:\/\/theo.niranbio.com\/pt-br\/#website"},"primaryImageOfPage":{"@id":"https:\/\/theo.niranbio.com\/pt-br\/acetato-de-sodio-tri-hidratado.html#primaryimage"},"image":{"@id":"https:\/\/theo.niranbio.com\/pt-br\/acetato-de-sodio-tri-hidratado.html#primaryimage"},"thumbnailUrl":"https:\/\/theo.niranbio.com\/wp-content\/uploads\/2024\/06\/Sodium-Acetate-Trihydrate.webp","datePublished":"2024-06-20T00:56:14+00:00","dateModified":"2024-08-13T08:43:55+00:00","description":"Nosso Acetato de S\u00f3dio Tri-hidratado forma cristais brancos ou esbranqui\u00e7ados, amplamente utilizados em conservantes, medicamentos e aditivos.","breadcrumb":{"@id":"https:\/\/theo.niranbio.com\/pt-br\/acetato-de-sodio-tri-hidratado.html#breadcrumb"},"inLanguage":"pt-BR","potentialAction":[{"@type":"ReadAction","target":["https:\/\/theo.niranbio.com\/pt-br\/acetato-de-sodio-tri-hidratado.html"]}]},{"@type":"ImageObject","inLanguage":"pt-BR","@id":"https:\/\/theo.niranbio.com\/pt-br\/acetato-de-sodio-tri-hidratado.html#primaryimage","url":"https:\/\/theo.niranbio.com\/wp-content\/uploads\/2024\/06\/Sodium-Acetate-Trihydrate.webp","contentUrl":"https:\/\/theo.niranbio.com\/wp-content\/uploads\/2024\/06\/Sodium-Acetate-Trihydrate.webp","width":600,"height":600,"caption":"Acetato de S\u00f3dio Tri-hidratado"},{"@type":"BreadcrumbList","@id":"https:\/\/theo.niranbio.com\/pt-br\/acetato-de-sodio-tri-hidratado.html#breadcrumb","itemListElement":[{"@type":"ListItem","position":1,"name":"Home","item":"https:\/\/theo.niranbio.com\/pt-br\/"},{"@type":"ListItem","position":2,"name":"Produtos","item":"https:\/\/theo.niranbio.com\/pt-br\/produtos.html"},{"@type":"ListItem","position":3,"name":"Conservante","item":"https:\/\/theo.niranbio.com\/pt-br\/produto-conservante\/"},{"@type":"ListItem","position":4,"name":"Acetato de s\u00f3dio tri-hidratado"}]},{"@type":"WebSite","@id":"https:\/\/theo.niranbio.com\/pt-br\/#website","url":"https:\/\/theo.niranbio.com\/pt-br\/","name":"Niranbio Chemical","description":"","publisher":{"@id":"https:\/\/theo.niranbio.com\/pt-br\/#organization"},"potentialAction":[{"@type":"SearchAction","target":{"@type":"EntryPoint","urlTemplate":"https:\/\/theo.niranbio.com\/pt-br\/?s={search_term_string}"},"query-input":{"@type":"PropertyValueSpecification","valueRequired":true,"valueName":"search_term_string"}}],"inLanguage":"pt-BR"},{"@type":"Organization","@id":"https:\/\/theo.niranbio.com\/pt-br\/#organization","name":"Niranbio Chemical","url":"https:\/\/theo.niranbio.com\/pt-br\/","logo":{"@type":"ImageObject","inLanguage":"pt-BR","@id":"https:\/\/theo.niranbio.com\/pt-br\/#\/schema\/logo\/image\/","url":"https:\/\/theo.niranbio.com\/wp-content\/uploads\/2024\/06\/Niranbio.png","contentUrl":"https:\/\/theo.niranbio.com\/wp-content\/uploads\/2024\/06\/Niranbio.png","width":270,"height":100,"caption":"Niranbio Chemical"},"image":{"@id":"https:\/\/theo.niranbio.com\/pt-br\/#\/schema\/logo\/image\/"}}]}},"_links":{"self":[{"href":"https:\/\/theo.niranbio.com\/pt-br\/wp-json\/wp\/v2\/product\/9748","targetHints":{"allow":["GET"]}}],"collection":[{"href":"https:\/\/theo.niranbio.com\/pt-br\/wp-json\/wp\/v2\/product"}],"about":[{"href":"https:\/\/theo.niranbio.com\/pt-br\/wp-json\/wp\/v2\/types\/product"}],"version-history":[{"count":0,"href":"https:\/\/theo.niranbio.com\/pt-br\/wp-json\/wp\/v2\/product\/9748\/revisions"}],"wp:featuredmedia":[{"embeddable":true,"href":"https:\/\/theo.niranbio.com\/pt-br\/wp-json\/wp\/v2\/media\/9749"}],"wp:attachment":[{"href":"https:\/\/theo.niranbio.com\/pt-br\/wp-json\/wp\/v2\/media?parent=9748"}],"wp:term":[{"taxonomy":"product_brand","embeddable":true,"href":"https:\/\/theo.niranbio.com\/pt-br\/wp-json\/wp\/v2\/product_brand?post=9748"},{"taxonomy":"product_cat","embeddable":true,"href":"https:\/\/theo.niranbio.com\/pt-br\/wp-json\/wp\/v2\/product_cat?post=9748"},{"taxonomy":"product_tag","embeddable":true,"href":"https:\/\/theo.niranbio.com\/pt-br\/wp-json\/wp\/v2\/product_tag?post=9748"}],"curies":[{"name":"wp","href":"https:\/\/api.w.org\/{rel}","templated":true}]}}