{"id":9741,"date":"2024-06-20T13:20:11","date_gmt":"2024-06-20T05:20:11","guid":{"rendered":"https:\/\/theo.niranbio.com\/cloreto-de-potassio\/"},"modified":"2024-08-16T15:40:52","modified_gmt":"2024-08-16T07:40:52","slug":"cloreto-de-potassio","status":"publish","type":"product","link":"https:\/\/theo.niranbio.com\/pt-br\/cloreto-de-potassio.html","title":{"rendered":"Cloreto de Pot\u00e1ssio"},"content":{"rendered":"<h2><span class=\"ez-toc-section\" id=\"O_que_e_cloreto_de_potassio\"><\/span>O que \u00e9 cloreto de pot\u00e1ssio?<span class=\"ez-toc-section-end\"><\/span><\/h2>\n<p>O cloreto de pot\u00e1ssio \u00e9 um composto inorg\u00e2nico que se parece com sal de cozinha, apresentando-se como um p\u00f3 cristalino branco. Ele se aglomera facilmente e \u00e9 higrosc\u00f3pico. \u00c0 medida que a temperatura aumenta, sua solubilidade em \u00e1gua aumenta rapidamente. Muitas vezes, ele sofre dupla decomposi\u00e7\u00e3o com sal de s\u00f3dio para gerar novo sal de pot\u00e1ssio. \u00c9 frequentemente adicionado \u00e0 \u00e1gua mineral e ao sal com baixo teor de s\u00f3dio.<\/p>\n<p>Existem principalmente os seguintes m\u00e9todos para preparar cloreto de pot\u00e1ssio na China: 1. Extra\u00eddo de minerais de sal de pot\u00e1ssio, como min\u00e9rio de cloreto de pot\u00e1ssio, cloreto de pot\u00e1ssio natural em minerais de sal de pot\u00e1ssio, etc. 2. Produzido por meio de processos qu\u00edmicos, principalmente preparado pela rea\u00e7\u00e3o de cloreto de s\u00f3dio com sal de pot\u00e1ssio. Para garantir a estabilidade e a qualidade do produto, a produ\u00e7\u00e3o industrial usa esse m\u00e9todo com mais frequ\u00eancia.<\/p>\n<h2><span class=\"ez-toc-section\" id=\"Parametros_relacionados\"><\/span>Par\u00e2metros relacionados:<span class=\"ez-toc-section-end\"><\/span><\/h2>\n<table>\n<tbody>\n<tr>\n<td><strong>ITENS<\/strong><\/td>\n<td><strong>PADR\u00c3O<\/strong><\/td>\n<\/tr>\n<tr>\n<td>Identifica\u00e7\u00e3o<\/td>\n<td>Positivo<\/td>\n<\/tr>\n<tr>\n<td>Brancura<\/td>\n<td>&gt; 80<\/td>\n<\/tr>\n<tr>\n<td>Ensaio<\/td>\n<td>&gt; 99%<\/td>\n<\/tr>\n<tr>\n<td>Perda na secagem<\/td>\n<td>\u22640.5%<\/td>\n<\/tr>\n<tr>\n<td>Acidez e alcalinidade<\/td>\n<td>\u22641%<\/td>\n<\/tr>\n<tr>\n<td>Solubilidade<\/td>\n<td>Livremente sol\u00favel em \u00e1gua, praticamente insol\u00favel em etanol<\/td>\n<\/tr>\n<tr>\n<td>Metais pesados (como Pb)<\/td>\n<td>\u22641mg\/ kg<\/td>\n<\/tr>\n<tr>\n<td>Ars\u00eanico<\/td>\n<td>\u22640,5mg\/ kg<\/td>\n<\/tr>\n<tr>\n<td>Am\u00f4nio (como NH\ufe624)<\/td>\n<td>\u2264100mg\/ kg<\/td>\n<\/tr>\n<tr>\n<td>Cloreto de s\u00f3dio<\/td>\n<td>\u22641.45%<\/td>\n<\/tr>\n<tr>\n<td>Impurezas insol\u00faveis em \u00e1gua<\/td>\n<td>\u22640.05%<\/td>\n<\/tr>\n<tr>\n<td>Res\u00edduo insol\u00favel em \u00e1gua<\/td>\n<td>\u22640.05%<\/td>\n<\/tr>\n<\/tbody>\n<\/table>\n<h2><span class=\"ez-toc-section\" id=\"Dosagem_recomendada\"><\/span><strong><b>Dosagem recomendada:<\/b><\/strong><span class=\"ez-toc-section-end\"><\/span><\/h2>\n<table>\n<tbody>\n<tr>\n<td><strong>Nome do alimento<\/strong><\/td>\n<td><strong>Uso m\u00e1ximo (g\/kg)<\/strong><\/td>\n<\/tr>\n<tr>\n<td>Produtos de p\u00e3o e massa<\/td>\n<td>0,3 &#8211; 3 g\/kg<\/td>\n<\/tr>\n<tr>\n<td>Carnes curadas<\/td>\n<td>2 &#8211; 5 g\/kg<\/td>\n<\/tr>\n<tr>\n<td>Presunto e salsichas<\/td>\n<td>1 &#8211; 3 g\/kg<\/td>\n<\/tr>\n<tr>\n<td>Produtos c\u00e1rneos preparados<\/td>\n<td>1 &#8211; 2 g\/kg<\/td>\n<\/tr>\n<tr>\n<td>Produtos de carne defumada<\/td>\n<td>0,5 &#8211; 1,5 g\/kg<\/td>\n<\/tr>\n<tr>\n<td>Presunto e bacon<\/td>\n<td>0,3 &#8211; 1 g\/kg<\/td>\n<\/tr>\n<tr>\n<td>Alimentos cozidos preparados<\/td>\n<td>0,1 &#8211; 0,5 g\/kg<\/td>\n<\/tr>\n<tr>\n<td>Alimentos em conserva<\/td>\n<td>0,1 &#8211; 0,3 g\/kg<\/td>\n<\/tr>\n<tr>\n<td>Peixe em conserva<\/td>\n<td>0,1 &#8211; 0,3 g\/kg<\/td>\n<\/tr>\n<tr>\n<td>Panifica\u00e7\u00e3o<\/td>\n<td>0,1 &#8211; 0,3 g\/kg<\/td>\n<\/tr>\n<tr>\n<td>Molhos e temperos<\/td>\n<td>0,1 &#8211; 0,3 g\/kg<\/td>\n<\/tr>\n<tr>\n<td>Biscoitos<\/td>\n<td>0,1 &#8211; 0,3 g\/kg<\/td>\n<\/tr>\n<tr>\n<td>Produtos de frutas<\/td>\n<td>0,1 &#8211; 0,3 g\/kg<\/td>\n<\/tr>\n<tr>\n<td>Produtos de confeitaria<\/td>\n<td>0,1 &#8211; 0,3 g\/kg<\/td>\n<\/tr>\n<\/tbody>\n<\/table>\n<h2><span class=\"ez-toc-section\" id=\"O_cloreto_de_potassio_tem_uma_ampla_gama_de_usos\"><\/span>O cloreto de pot\u00e1ssio tem uma ampla gama de usos<span class=\"ez-toc-section-end\"><\/span><\/h2>\n<ol>\n<li>Fun\u00e7\u00e3o de substitui\u00e7\u00e3o do sal: O cloreto de pot\u00e1ssio pode ser usado como um substituto para o sal de cozinha (cloreto de s\u00f3dio), especialmente em alimentos que precisam reduzir o teor de s\u00f3dio. Ele pode substituir parcial ou completamente o sal de cozinha, reduzindo assim o teor de s\u00f3dio nos alimentos e ajudando a controlar problemas de sa\u00fade, como press\u00e3o alta.<\/li>\n<li>Antioxidante: O cloreto de pot\u00e1ssio pode ser usado como um antioxidante em alguns alimentos para ajudar a estender a vida \u00fatil e a estabilidade dos alimentos e evitar que os alimentos estraguem devido \u00e0 oxida\u00e7\u00e3o.<\/li>\n<li>Melhorar o sabor: Em alguns casos, o cloreto de pot\u00e1ssio pode melhorar o sabor dos alimentos, especialmente em carnes curadas e outros processamentos de alimentos, ajudando a manter e melhorar as caracter\u00edsticas de sabor das mat\u00e9rias-primas.<\/li>\n<li>Ajustador de pH: A adi\u00e7\u00e3o de cloreto de pot\u00e1ssio pode ajustar o valor de pH dos alimentos e, \u00e0s vezes, pode ser usado para ajustar a acidez e a alcalinidade para atender \u00e0s necessidades espec\u00edficas de processamento ou formula\u00e7\u00f5es de alimentos.<\/li>\n<li>Fortifica\u00e7\u00e3o nutricional: Em alguns casos, o cloreto de pot\u00e1ssio tamb\u00e9m pode ser usado como um fortificante nutricional para fornecer pot\u00e1ssio aos alimentos, o que ajuda a equilibrar a ingest\u00e3o de eletr\u00f3litos e nutrientes do corpo.<\/li>\n<\/ol>\n<h2><span class=\"ez-toc-section\" id=\"O_usuario_fez_a_seguinte_pergunta\"><\/span>O usu\u00e1rio fez a seguinte pergunta:<span class=\"ez-toc-section-end\"><\/span><\/h2>\n<p>Pergunta: No sal de cozinha, o cloreto de pot\u00e1ssio pode substituir o cloreto de s\u00f3dio?<\/p>\n<p>Resposta: No sal de cozinha, o cloreto de pot\u00e1ssio pode substituir total ou parcialmente o cloreto de s\u00f3dio. O principal objetivo dessa substitui\u00e7\u00e3o \u00e9 reduzir o teor de s\u00f3dio nos alimentos, pois uma dieta rica em s\u00f3dio est\u00e1 associada \u00e0 press\u00e3o alta e outros problemas de sa\u00fade. O cloreto de pot\u00e1ssio \u00e9 amplamente utilizado na ind\u00fastria aliment\u00edcia, especialmente em produtos que precisam reduzir a ingest\u00e3o de s\u00f3dio, como carnes curadas, alimentos enlatados e alimentos preparados.<\/p>\n<p>No entanto, \u00e9 importante observar que o cloreto de pot\u00e1ssio e o cloreto de s\u00f3dio t\u00eam propriedades qu\u00edmicas e sensoriais diferentes. Em altas concentra\u00e7\u00f5es, o cloreto de pot\u00e1ssio pode ter um certo impacto no sabor dos alimentos, \u00e0s vezes com um gosto amargo. Portanto, ao usar cloreto de pot\u00e1ssio para substituir o sal de cozinha, ajustes apropriados podem precisar ser feitos na formula\u00e7\u00e3o e nos m\u00e9todos de processamento para garantir que o sabor e a qualidade dos alimentos ainda atendam \u00e0s expectativas do consumidor.<\/p>\n","protected":false},"excerpt":{"rendered":"<ul>\n<li>CAS: 7447-40-7<\/li>\n<li>F\u00f3rmula qu\u00edmica: KCl<\/li>\n<li>Certifica\u00e7\u00f5es: KOSHER, ISO, HALAL, FSSC 22000, BRC, etc.<\/li>\n<li>Quantidade m\u00ednima do pedido: 1000KG<\/li>\n<li>Prazo de validade: 2 anos<\/li>\n<\/ul>\n","protected":false},"featured_media":9742,"template":"","meta":{"site-sidebar-layout":"default","site-content-layout":"","ast-site-content-layout":"default","site-content-style":"default","site-sidebar-style":"default","ast-global-header-display":"","ast-banner-title-visibility":"","ast-main-header-display":"","ast-hfb-above-header-display":"","ast-hfb-below-header-display":"","ast-hfb-mobile-header-display":"","site-post-title":"","ast-breadcrumbs-content":"","ast-featured-img":"","footer-sml-layout":"","theme-transparent-header-meta":"default","adv-header-id-meta":"","stick-header-meta":"","header-above-stick-meta":"","header-main-stick-meta":"","header-below-stick-meta":"","astra-migrate-meta-layouts":"set","ast-page-background-enabled":"default","ast-page-background-meta":{"desktop":{"background-color":"var(--ast-global-color-4)","background-image":"","background-repeat":"repeat","background-position":"center center","background-size":"auto","background-attachment":"scroll","background-type":"","background-media":"","overlay-type":"","overlay-color":"","overlay-opacity":"","overlay-gradient":""},"tablet":{"background-color":"","background-image":"","background-repeat":"repeat","background-position":"center center","background-size":"auto","background-attachment":"scroll","background-type":"","background-media":"","overlay-type":"","overlay-color":"","overlay-opacity":"","overlay-gradient":""},"mobile":{"background-color":"","background-image":"","background-repeat":"repeat","background-position":"center center","background-size":"auto","background-attachment":"scroll","background-type":"","background-media":"","overlay-type":"","overlay-color":"","overlay-opacity":"","overlay-gradient":""}},"ast-content-background-meta":{"desktop":{"background-color":"var(--ast-global-color-5)","background-image":"","background-repeat":"repeat","background-position":"center center","background-size":"auto","background-attachment":"scroll","background-type":"","background-media":"","overlay-type":"","overlay-color":"","overlay-opacity":"","overlay-gradient":""},"tablet":{"background-color":"var(--ast-global-color-5)","background-image":"","background-repeat":"repeat","background-position":"center center","background-size":"auto","background-attachment":"scroll","background-type":"","background-media":"","overlay-type":"","overlay-color":"","overlay-opacity":"","overlay-gradient":""},"mobile":{"background-color":"var(--ast-global-color-5)","background-image":"","background-repeat":"repeat","background-position":"center center","background-size":"auto","background-attachment":"scroll","background-type":"","background-media":"","overlay-type":"","overlay-color":"","overlay-opacity":"","overlay-gradient":""}}},"product_brand":[],"product_cat":[91],"product_tag":[],"class_list":{"0":"post-9741","1":"product","2":"type-product","3":"status-publish","4":"has-post-thumbnail","6":"product_cat-outros-ingredientes-alimentares-produto","7":"desktop-align-center","8":"tablet-align-left","9":"mobile-align-left","11":"first","12":"instock","13":"shipping-taxable","14":"product-type-simple"},"yoast_head":"<!-- This site is optimized with the Yoast SEO plugin v26.5 - https:\/\/yoast.com\/wordpress\/plugins\/seo\/ -->\n<title>Cloreto de potassio comprar pre\u00e7o\uff0corg\u00e2nico cloreto de pot\u00e1ssio p\u00f3 fornecedor | Niranbio Chemical<\/title>\n<meta name=\"description\" content=\"Compre o p\u00f3 cristalino de cloreto de pot\u00e1ssio de grau aliment\u00edcio a granel online. A NIRAN oferece p\u00f3 de alta qualidade (CAS 7447-40-7) aos compradores.\" \/>\n<meta name=\"robots\" content=\"noindex, follow, max-snippet:-1, max-image-preview:large, max-video-preview:-1\" \/>\n<meta name=\"twitter:label1\" content=\"Est. tempo de leitura\" \/>\n\t<meta name=\"twitter:data1\" content=\"4 minutos\" \/>\n<script type=\"application\/ld+json\" class=\"yoast-schema-graph\">{\"@context\":\"https:\/\/schema.org\",\"@graph\":[{\"@type\":\"WebPage\",\"@id\":\"https:\/\/theo.niranbio.com\/pt-br\/cloreto-de-potassio.html\",\"url\":\"https:\/\/theo.niranbio.com\/pt-br\/cloreto-de-potassio.html\",\"name\":\"Cloreto de potassio comprar pre\u00e7o\uff0corg\u00e2nico cloreto de pot\u00e1ssio p\u00f3 fornecedor | Niranbio Chemical\",\"isPartOf\":{\"@id\":\"https:\/\/theo.niranbio.com\/pt-br\/#website\"},\"primaryImageOfPage\":{\"@id\":\"https:\/\/theo.niranbio.com\/pt-br\/cloreto-de-potassio.html#primaryimage\"},\"image\":{\"@id\":\"https:\/\/theo.niranbio.com\/pt-br\/cloreto-de-potassio.html#primaryimage\"},\"thumbnailUrl\":\"https:\/\/theo.niranbio.com\/wp-content\/uploads\/2024\/06\/Potassium-Chloride.webp\",\"datePublished\":\"2024-06-20T05:20:11+00:00\",\"dateModified\":\"2024-08-16T07:40:52+00:00\",\"description\":\"Compre o p\u00f3 cristalino de cloreto de pot\u00e1ssio de grau aliment\u00edcio a granel online. A NIRAN oferece p\u00f3 de alta qualidade (CAS 7447-40-7) aos compradores.\",\"breadcrumb\":{\"@id\":\"https:\/\/theo.niranbio.com\/pt-br\/cloreto-de-potassio.html#breadcrumb\"},\"inLanguage\":\"pt-BR\",\"potentialAction\":[{\"@type\":\"ReadAction\",\"target\":[\"https:\/\/theo.niranbio.com\/pt-br\/cloreto-de-potassio.html\"]}]},{\"@type\":\"ImageObject\",\"inLanguage\":\"pt-BR\",\"@id\":\"https:\/\/theo.niranbio.com\/pt-br\/cloreto-de-potassio.html#primaryimage\",\"url\":\"https:\/\/theo.niranbio.com\/wp-content\/uploads\/2024\/06\/Potassium-Chloride.webp\",\"contentUrl\":\"https:\/\/theo.niranbio.com\/wp-content\/uploads\/2024\/06\/Potassium-Chloride.webp\",\"width\":600,\"height\":600,\"caption\":\"Cloreto de pot\u00e1ssio\"},{\"@type\":\"BreadcrumbList\",\"@id\":\"https:\/\/theo.niranbio.com\/pt-br\/cloreto-de-potassio.html#breadcrumb\",\"itemListElement\":[{\"@type\":\"ListItem\",\"position\":1,\"name\":\"Home\",\"item\":\"https:\/\/theo.niranbio.com\/pt-br\/\"},{\"@type\":\"ListItem\",\"position\":2,\"name\":\"Produtos\",\"item\":\"https:\/\/theo.niranbio.com\/pt-br\/produtos.html\"},{\"@type\":\"ListItem\",\"position\":3,\"name\":\"Outros Ingredientes Alimentares\",\"item\":\"https:\/\/theo.niranbio.com\/pt-br\/outros-ingredientes-alimentares-produto\/\"},{\"@type\":\"ListItem\",\"position\":4,\"name\":\"Cloreto de Pot\u00e1ssio\"}]},{\"@type\":\"WebSite\",\"@id\":\"https:\/\/theo.niranbio.com\/pt-br\/#website\",\"url\":\"https:\/\/theo.niranbio.com\/pt-br\/\",\"name\":\"Niranbio Chemical\",\"description\":\"\",\"publisher\":{\"@id\":\"https:\/\/theo.niranbio.com\/pt-br\/#organization\"},\"potentialAction\":[{\"@type\":\"SearchAction\",\"target\":{\"@type\":\"EntryPoint\",\"urlTemplate\":\"https:\/\/theo.niranbio.com\/pt-br\/?s={search_term_string}\"},\"query-input\":{\"@type\":\"PropertyValueSpecification\",\"valueRequired\":true,\"valueName\":\"search_term_string\"}}],\"inLanguage\":\"pt-BR\"},{\"@type\":\"Organization\",\"@id\":\"https:\/\/theo.niranbio.com\/pt-br\/#organization\",\"name\":\"Niranbio Chemical\",\"url\":\"https:\/\/theo.niranbio.com\/pt-br\/\",\"logo\":{\"@type\":\"ImageObject\",\"inLanguage\":\"pt-BR\",\"@id\":\"https:\/\/theo.niranbio.com\/pt-br\/#\/schema\/logo\/image\/\",\"url\":\"https:\/\/theo.niranbio.com\/wp-content\/uploads\/2024\/06\/Niranbio.png\",\"contentUrl\":\"https:\/\/theo.niranbio.com\/wp-content\/uploads\/2024\/06\/Niranbio.png\",\"width\":270,\"height\":100,\"caption\":\"Niranbio Chemical\"},\"image\":{\"@id\":\"https:\/\/theo.niranbio.com\/pt-br\/#\/schema\/logo\/image\/\"}}]}<\/script>\n<!-- \/ Yoast SEO plugin. -->","yoast_head_json":{"title":"Cloreto de potassio comprar pre\u00e7o\uff0corg\u00e2nico cloreto de pot\u00e1ssio p\u00f3 fornecedor | Niranbio Chemical","description":"Compre o p\u00f3 cristalino de cloreto de pot\u00e1ssio de grau aliment\u00edcio a granel online. A NIRAN oferece p\u00f3 de alta qualidade (CAS 7447-40-7) aos compradores.","robots":{"index":"noindex","follow":"follow","max-snippet":"max-snippet:-1","max-image-preview":"max-image-preview:large","max-video-preview":"max-video-preview:-1"},"twitter_misc":{"Est. tempo de leitura":"4 minutos"},"schema":{"@context":"https:\/\/schema.org","@graph":[{"@type":"WebPage","@id":"https:\/\/theo.niranbio.com\/pt-br\/cloreto-de-potassio.html","url":"https:\/\/theo.niranbio.com\/pt-br\/cloreto-de-potassio.html","name":"Cloreto de potassio comprar pre\u00e7o\uff0corg\u00e2nico cloreto de pot\u00e1ssio p\u00f3 fornecedor | Niranbio Chemical","isPartOf":{"@id":"https:\/\/theo.niranbio.com\/pt-br\/#website"},"primaryImageOfPage":{"@id":"https:\/\/theo.niranbio.com\/pt-br\/cloreto-de-potassio.html#primaryimage"},"image":{"@id":"https:\/\/theo.niranbio.com\/pt-br\/cloreto-de-potassio.html#primaryimage"},"thumbnailUrl":"https:\/\/theo.niranbio.com\/wp-content\/uploads\/2024\/06\/Potassium-Chloride.webp","datePublished":"2024-06-20T05:20:11+00:00","dateModified":"2024-08-16T07:40:52+00:00","description":"Compre o p\u00f3 cristalino de cloreto de pot\u00e1ssio de grau aliment\u00edcio a granel online. A NIRAN oferece p\u00f3 de alta qualidade (CAS 7447-40-7) aos compradores.","breadcrumb":{"@id":"https:\/\/theo.niranbio.com\/pt-br\/cloreto-de-potassio.html#breadcrumb"},"inLanguage":"pt-BR","potentialAction":[{"@type":"ReadAction","target":["https:\/\/theo.niranbio.com\/pt-br\/cloreto-de-potassio.html"]}]},{"@type":"ImageObject","inLanguage":"pt-BR","@id":"https:\/\/theo.niranbio.com\/pt-br\/cloreto-de-potassio.html#primaryimage","url":"https:\/\/theo.niranbio.com\/wp-content\/uploads\/2024\/06\/Potassium-Chloride.webp","contentUrl":"https:\/\/theo.niranbio.com\/wp-content\/uploads\/2024\/06\/Potassium-Chloride.webp","width":600,"height":600,"caption":"Cloreto de pot\u00e1ssio"},{"@type":"BreadcrumbList","@id":"https:\/\/theo.niranbio.com\/pt-br\/cloreto-de-potassio.html#breadcrumb","itemListElement":[{"@type":"ListItem","position":1,"name":"Home","item":"https:\/\/theo.niranbio.com\/pt-br\/"},{"@type":"ListItem","position":2,"name":"Produtos","item":"https:\/\/theo.niranbio.com\/pt-br\/produtos.html"},{"@type":"ListItem","position":3,"name":"Outros Ingredientes Alimentares","item":"https:\/\/theo.niranbio.com\/pt-br\/outros-ingredientes-alimentares-produto\/"},{"@type":"ListItem","position":4,"name":"Cloreto de Pot\u00e1ssio"}]},{"@type":"WebSite","@id":"https:\/\/theo.niranbio.com\/pt-br\/#website","url":"https:\/\/theo.niranbio.com\/pt-br\/","name":"Niranbio Chemical","description":"","publisher":{"@id":"https:\/\/theo.niranbio.com\/pt-br\/#organization"},"potentialAction":[{"@type":"SearchAction","target":{"@type":"EntryPoint","urlTemplate":"https:\/\/theo.niranbio.com\/pt-br\/?s={search_term_string}"},"query-input":{"@type":"PropertyValueSpecification","valueRequired":true,"valueName":"search_term_string"}}],"inLanguage":"pt-BR"},{"@type":"Organization","@id":"https:\/\/theo.niranbio.com\/pt-br\/#organization","name":"Niranbio Chemical","url":"https:\/\/theo.niranbio.com\/pt-br\/","logo":{"@type":"ImageObject","inLanguage":"pt-BR","@id":"https:\/\/theo.niranbio.com\/pt-br\/#\/schema\/logo\/image\/","url":"https:\/\/theo.niranbio.com\/wp-content\/uploads\/2024\/06\/Niranbio.png","contentUrl":"https:\/\/theo.niranbio.com\/wp-content\/uploads\/2024\/06\/Niranbio.png","width":270,"height":100,"caption":"Niranbio Chemical"},"image":{"@id":"https:\/\/theo.niranbio.com\/pt-br\/#\/schema\/logo\/image\/"}}]}},"_links":{"self":[{"href":"https:\/\/theo.niranbio.com\/pt-br\/wp-json\/wp\/v2\/product\/9741","targetHints":{"allow":["GET"]}}],"collection":[{"href":"https:\/\/theo.niranbio.com\/pt-br\/wp-json\/wp\/v2\/product"}],"about":[{"href":"https:\/\/theo.niranbio.com\/pt-br\/wp-json\/wp\/v2\/types\/product"}],"version-history":[{"count":0,"href":"https:\/\/theo.niranbio.com\/pt-br\/wp-json\/wp\/v2\/product\/9741\/revisions"}],"wp:featuredmedia":[{"embeddable":true,"href":"https:\/\/theo.niranbio.com\/pt-br\/wp-json\/wp\/v2\/media\/9742"}],"wp:attachment":[{"href":"https:\/\/theo.niranbio.com\/pt-br\/wp-json\/wp\/v2\/media?parent=9741"}],"wp:term":[{"taxonomy":"product_brand","embeddable":true,"href":"https:\/\/theo.niranbio.com\/pt-br\/wp-json\/wp\/v2\/product_brand?post=9741"},{"taxonomy":"product_cat","embeddable":true,"href":"https:\/\/theo.niranbio.com\/pt-br\/wp-json\/wp\/v2\/product_cat?post=9741"},{"taxonomy":"product_tag","embeddable":true,"href":"https:\/\/theo.niranbio.com\/pt-br\/wp-json\/wp\/v2\/product_tag?post=9741"}],"curies":[{"name":"wp","href":"https:\/\/api.w.org\/{rel}","templated":true}]}}