{"id":9737,"date":"2024-06-20T09:43:53","date_gmt":"2024-06-20T01:43:53","guid":{"rendered":"https:\/\/theo.niranbio.com\/acido-benzoico\/"},"modified":"2024-08-19T10:55:49","modified_gmt":"2024-08-19T02:55:49","slug":"acido-benzoico","status":"publish","type":"product","link":"https:\/\/theo.niranbio.com\/pt-br\/acido-benzoico.html","title":{"rendered":"\u00c1cido benzoico"},"content":{"rendered":"<h2><span class=\"ez-toc-section\" id=\"O_que_e_acido_benzoico\"><\/span>O que \u00e9 \u00e1cido benzoico?<span class=\"ez-toc-section-end\"><\/span><\/h2>\n<p>O \u00e1cido benzoico \u00e9 um conservante amplamente utilizado. Ele aparece como cristais brancos ou p\u00f3 com um leve cheiro de benzeno. \u00c9 livremente sol\u00favel em etanol, \u00e9ter e clorof\u00f3rmio. O \u00e1cido benzoico \u00e9 usado principalmente para inibir o crescimento de bact\u00e9rias, leveduras e mofo, estendendo assim a vida \u00fatil de alimentos e bebidas. \u00c9 comumente usado em alimentos como molho de soja, geleia, suco, frutas em conserva, bebidas carbonatadas, molhos e picles.<\/p>\n<p>O principal m\u00e9todo de prepara\u00e7\u00e3o do \u00e1cido benzoico inclui a oxida\u00e7\u00e3o do tolueno, que oxida o tolueno sob a a\u00e7\u00e3o de um catalisador e oxig\u00eanio para produzir \u00e1cido benzoico. O \u00e1cido benzoico \u00e9 amplamente considerado um aditivo alimentar seguro, mas a dosagem deve ser rigorosamente controlada quando usada para garantir que esteja dentro de uma faixa segura.<\/p>\n<h2><span class=\"ez-toc-section\" id=\"Parametros_relacionados\"><\/span>Par\u00e2metros relacionados:<span class=\"ez-toc-section-end\"><\/span><\/h2>\n<table>\n<tbody>\n<tr>\n<td><strong>Itens de inspe\u00e7\u00e3o<\/strong><\/td>\n<td><strong>\u00cdndice<\/strong><\/td>\n<\/tr>\n<tr>\n<td>Apar\u00eancia<\/td>\n<td>Cristal branco<\/td>\n<\/tr>\n<tr>\n<td>Conte\u00fado (subst\u00e2ncia seca)\uff0cw\/% \u2265<\/td>\n<td>99.5<\/td>\n<\/tr>\n<tr>\n<td>Ponto de fus\u00e3o\uff0c\u2103<\/td>\n<td>121~123<\/td>\n<\/tr>\n<tr>\n<td>Subst\u00e2ncias facilmente oxid\u00e1veis<\/td>\n<td>Passa no teste<\/td>\n<\/tr>\n<tr>\n<td>Metal pesado (Pb)\/( mg\/kg) \u2264<\/td>\n<td>10<\/td>\n<\/tr>\n<tr>\n<td>Ars\u00eanico, mg\/kg \u2264<\/td>\n<td>2<\/td>\n<\/tr>\n<tr>\n<td>Cloreto\uff08Cl\uff09, p\/ % \u2264<\/td>\n<td>0.014<\/td>\n<\/tr>\n<tr>\n<td>\u00c1cido ft\u00e1lico, mg\/kg \u2264<\/td>\n<td>100<\/td>\n<\/tr>\n<tr>\n<td>Bifenilos, mg\/kg \u2264<\/td>\n<td>100<\/td>\n<\/tr>\n<tr>\n<td>Perda e secagem, w\/ % \u2264<\/td>\n<td>0.5<\/td>\n<\/tr>\n<\/tbody>\n<\/table>\n<h2><span class=\"ez-toc-section\" id=\"Dosagem_recomendada\"><\/span>Dosagem recomendada<span class=\"ez-toc-section-end\"><\/span><\/h2>\n<table>\n<tbody>\n<tr>\n<td><strong>Nome do alimento<\/strong><\/td>\n<td><strong>Uso m\u00e1ximo (g\/kg)<\/strong><\/td>\n<\/tr>\n<tr>\n<td>Bebidas<\/td>\n<td>0,1 g\/kg<\/td>\n<\/tr>\n<tr>\n<td>Vinho<\/td>\n<td>0,5 g\/kg<\/td>\n<\/tr>\n<tr>\n<td>\u00d3leo comest\u00edvel<\/td>\n<td>0,3 g\/kg<\/td>\n<\/tr>\n<tr>\n<td>Alimentos em conserva<\/td>\n<td>0,5 g\/kg<\/td>\n<\/tr>\n<tr>\n<td>Processamento de peixes<\/td>\n<td>0,3 g\/kg<\/td>\n<\/tr>\n<tr>\n<td>Processamento de carne<\/td>\n<td>0,5 g\/kg<\/td>\n<\/tr>\n<tr>\n<td>Alimentos enlatados<\/td>\n<td>0,4 g\/kg<\/td>\n<\/tr>\n<tr>\n<td>Panifica\u00e7\u00e3o<\/td>\n<td>0,3 g\/kg<\/td>\n<\/tr>\n<tr>\n<td>Tempero<\/td>\n<td>0,3 g\/kg<\/td>\n<\/tr>\n<tr>\n<td>Amido e seus produtos<\/td>\n<td>0,3 g\/kg<\/td>\n<\/tr>\n<\/tbody>\n<\/table>\n<h2><span class=\"ez-toc-section\" id=\"O_acido_benzoico_tem_uma_ampla_gama_de_usos\"><\/span>O \u00e1cido benzoico tem uma ampla gama de usos<span class=\"ez-toc-section-end\"><\/span><\/h2>\n<p>1. Conservantes alimentares: o \u00e1cido benzoico pode inibir o crescimento de microrganismos e leveduras em alimentos e desempenha um papel conservante. No processamento de alimentos como molhos, geleias, bebidas, doces, alimentos enlatados e condimentos, o \u00e1cido benzoico \u00e9 frequentemente usado como conservante para estender a vida \u00fatil dos produtos e manter o frescor e o sabor dos produtos.<\/p>\n<p>2. Aromatizantes alimentares: o \u00e1cido benzoico possui um cheiro arom\u00e1tico e um sabor distinto. \u00c9 usado como um agente aromatizante na ind\u00fastria aliment\u00edcia para aumentar o sabor e o gosto dos produtos. \u00c9 frequentemente usado para fazer produtos de carne, assados, latic\u00ednios, bebidas, etc. para adicionar sabor aos alimentos e melhorar a qualidade dos produtos.<\/p>\n<p>3. Ind\u00fastria farmac\u00eautica: O \u00e1cido benzoico \u00e9 uma mat\u00e9ria-prima farmac\u00eautica comum e \u00e9 frequentemente usado para preparar medicamentos e agentes t\u00f3picos. No processo de prepara\u00e7\u00e3o de medicamentos, o \u00e1cido benzoico pode aumentar a estabilidade e a efic\u00e1cia dos medicamentos e estender o per\u00edodo efetivo dos medicamentos. Al\u00e9m disso, o \u00e1cido benzoico tamb\u00e9m \u00e9 usado para fazer algumas pomadas t\u00f3picas, desinfetantes e conservantes.<\/p>\n<p>4. Ind\u00fastria de sabores e fragr\u00e2ncias: O \u00e1cido benzoico \u00e9 uma importante mat\u00e9ria-prima de sabor e \u00e9 amplamente usado na fabrica\u00e7\u00e3o de v\u00e1rios sabores e fragr\u00e2ncias. Ele pode adicionar fragr\u00e2ncia e sabor a produtos como perfumes, sabonetes, detergentes, cigarros, cosm\u00e9ticos, etc. O cheiro arom\u00e1tico do \u00e1cido benzoico pode tornar os produtos mais atraentes e estimular os sentidos dos clientes.<\/p>\n<h2><span class=\"ez-toc-section\" id=\"O_usuario_fez_a_pergunta\"><\/span>O usu\u00e1rio fez a pergunta:<span class=\"ez-toc-section-end\"><\/span><\/h2>\n<p>Pergunta: Qual o efeito do \u00e1cido benzoico na pele?<\/p>\n<p>Resposta: O \u00e1cido benzoico \u00e9 um composto org\u00e2nico, um l\u00edquido incolor e um conservante amplamente utilizado. Ele tem efeitos antibacterianos e anti-inflamat\u00f3rios, bem como efeitos antipruriginosos e anti-incha\u00e7o. Pode ser usado para prevenir o crescimento de cocos piog\u00eanicos e leveduras patog\u00eanicas, e tamb\u00e9m pode ser usado para tratar micoses da pele, bem como infec\u00e7\u00f5es f\u00fangicas superficiais da pele, como tinea corporis e tinea cruris.<\/p>\n<p>Pergunta: O \u00e1cido benzoico pode realmente tratar acne?<\/p>\n<p>Resposta: Acne \u00e9 uma doen\u00e7a de pele comum, geralmente manifestada como acne, p\u00e1pulas, p\u00fastulas, n\u00f3dulos e cistos. Alguns produtos que cont\u00eam \u00e1cido salic\u00edlico e \u00e1cido benzoico podem ser usados \u200b\u200bpara reduzir a oleosidade da pele e prevenir o crescimento bacteriano.<\/p>\n","protected":false},"excerpt":{"rendered":"<ul>\n<li>CAS: 65-85-0<\/li>\n<li>F\u00f3rmula qu\u00edmica: C7H6O2<\/li>\n<li>Certifica\u00e7\u00f5es: KOSHER, ISO, HALAL, FSSC22000, BRC, etc.<\/li>\n<li>Padr\u00e3o: BP\/EP\/FCC\/GB1901-2005<\/li>\n<li>Quantidade m\u00ednima do pedido: 1000KG<\/li>\n<li>Prazo de validade: 2 anos<\/li>\n<\/ul>\n","protected":false},"featured_media":7988,"template":"","meta":{"site-sidebar-layout":"default","site-content-layout":"","ast-site-content-layout":"default","site-content-style":"default","site-sidebar-style":"default","ast-global-header-display":"","ast-banner-title-visibility":"","ast-main-header-display":"","ast-hfb-above-header-display":"","ast-hfb-below-header-display":"","ast-hfb-mobile-header-display":"","site-post-title":"","ast-breadcrumbs-content":"","ast-featured-img":"","footer-sml-layout":"","theme-transparent-header-meta":"default","adv-header-id-meta":"","stick-header-meta":"","header-above-stick-meta":"","header-main-stick-meta":"","header-below-stick-meta":"","astra-migrate-meta-layouts":"set","ast-page-background-enabled":"default","ast-page-background-meta":{"desktop":{"background-color":"var(--ast-global-color-4)","background-image":"","background-repeat":"repeat","background-position":"center center","background-size":"auto","background-attachment":"scroll","background-type":"","background-media":"","overlay-type":"","overlay-color":"","overlay-opacity":"","overlay-gradient":""},"tablet":{"background-color":"","background-image":"","background-repeat":"repeat","background-position":"center center","background-size":"auto","background-attachment":"scroll","background-type":"","background-media":"","overlay-type":"","overlay-color":"","overlay-opacity":"","overlay-gradient":""},"mobile":{"background-color":"","background-image":"","background-repeat":"repeat","background-position":"center center","background-size":"auto","background-attachment":"scroll","background-type":"","background-media":"","overlay-type":"","overlay-color":"","overlay-opacity":"","overlay-gradient":""}},"ast-content-background-meta":{"desktop":{"background-color":"var(--ast-global-color-5)","background-image":"","background-repeat":"repeat","background-position":"center center","background-size":"auto","background-attachment":"scroll","background-type":"","background-media":"","overlay-type":"","overlay-color":"","overlay-opacity":"","overlay-gradient":""},"tablet":{"background-color":"var(--ast-global-color-5)","background-image":"","background-repeat":"repeat","background-position":"center center","background-size":"auto","background-attachment":"scroll","background-type":"","background-media":"","overlay-type":"","overlay-color":"","overlay-opacity":"","overlay-gradient":""},"mobile":{"background-color":"var(--ast-global-color-5)","background-image":"","background-repeat":"repeat","background-position":"center center","background-size":"auto","background-attachment":"scroll","background-type":"","background-media":"","overlay-type":"","overlay-color":"","overlay-opacity":"","overlay-gradient":""}}},"product_brand":[],"product_cat":[93],"product_tag":[],"class_list":{"0":"post-9737","1":"product","2":"type-product","3":"status-publish","4":"has-post-thumbnail","6":"product_cat-produto-conservante","7":"desktop-align-center","8":"tablet-align-left","9":"mobile-align-left","11":"first","12":"instock","13":"shipping-taxable","14":"product-type-simple"},"yoast_head":"<!-- This site is optimized with the Yoast SEO plugin v26.5 - https:\/\/yoast.com\/wordpress\/plugins\/seo\/ -->\n<title>Fabricante de \u00c1cido Benzoico Da, \u00c1cido Benzoico Comprar Pre\u00e7o | Niranbio Chemical<\/title>\n<meta name=\"description\" content=\"Nosso \u00e1cido benzoico( E210 )aparece como cristais brancos ou p\u00f3, comumente usado em alimentos como molho de soja, geleia, suco, frutas em conserva, bebidas carbonatadas, molhos e picles.\" \/>\n<meta name=\"robots\" content=\"noindex, follow, max-snippet:-1, max-image-preview:large, max-video-preview:-1\" \/>\n<meta name=\"twitter:label1\" content=\"Est. tempo de leitura\" \/>\n\t<meta name=\"twitter:data1\" content=\"3 minutos\" \/>\n<script type=\"application\/ld+json\" class=\"yoast-schema-graph\">{\"@context\":\"https:\/\/schema.org\",\"@graph\":[{\"@type\":\"WebPage\",\"@id\":\"https:\/\/theo.niranbio.com\/pt-br\/acido-benzoico.html\",\"url\":\"https:\/\/theo.niranbio.com\/pt-br\/acido-benzoico.html\",\"name\":\"Fabricante de \u00c1cido Benzoico Da, \u00c1cido Benzoico Comprar Pre\u00e7o | Niranbio Chemical\",\"isPartOf\":{\"@id\":\"https:\/\/theo.niranbio.com\/pt-br\/#website\"},\"primaryImageOfPage\":{\"@id\":\"https:\/\/theo.niranbio.com\/pt-br\/acido-benzoico.html#primaryimage\"},\"image\":{\"@id\":\"https:\/\/theo.niranbio.com\/pt-br\/acido-benzoico.html#primaryimage\"},\"thumbnailUrl\":\"https:\/\/theo.niranbio.com\/wp-content\/uploads\/2024\/06\/Benzoic-Acid.webp\",\"datePublished\":\"2024-06-20T01:43:53+00:00\",\"dateModified\":\"2024-08-19T02:55:49+00:00\",\"description\":\"Nosso \u00e1cido benzoico( E210 )aparece como cristais brancos ou p\u00f3, comumente usado em alimentos como molho de soja, geleia, suco, frutas em conserva, bebidas carbonatadas, molhos e picles.\",\"breadcrumb\":{\"@id\":\"https:\/\/theo.niranbio.com\/pt-br\/acido-benzoico.html#breadcrumb\"},\"inLanguage\":\"pt-BR\",\"potentialAction\":[{\"@type\":\"ReadAction\",\"target\":[\"https:\/\/theo.niranbio.com\/pt-br\/acido-benzoico.html\"]}]},{\"@type\":\"ImageObject\",\"inLanguage\":\"pt-BR\",\"@id\":\"https:\/\/theo.niranbio.com\/pt-br\/acido-benzoico.html#primaryimage\",\"url\":\"https:\/\/theo.niranbio.com\/wp-content\/uploads\/2024\/06\/Benzoic-Acid.webp\",\"contentUrl\":\"https:\/\/theo.niranbio.com\/wp-content\/uploads\/2024\/06\/Benzoic-Acid.webp\",\"width\":600,\"height\":600,\"caption\":\"\u00c1cido benz\u00f3ico\"},{\"@type\":\"BreadcrumbList\",\"@id\":\"https:\/\/theo.niranbio.com\/pt-br\/acido-benzoico.html#breadcrumb\",\"itemListElement\":[{\"@type\":\"ListItem\",\"position\":1,\"name\":\"Home\",\"item\":\"https:\/\/theo.niranbio.com\/pt-br\/\"},{\"@type\":\"ListItem\",\"position\":2,\"name\":\"Produtos\",\"item\":\"https:\/\/theo.niranbio.com\/pt-br\/produtos.html\"},{\"@type\":\"ListItem\",\"position\":3,\"name\":\"Conservante\",\"item\":\"https:\/\/theo.niranbio.com\/pt-br\/produto-conservante\/\"},{\"@type\":\"ListItem\",\"position\":4,\"name\":\"\u00c1cido benzoico\"}]},{\"@type\":\"WebSite\",\"@id\":\"https:\/\/theo.niranbio.com\/pt-br\/#website\",\"url\":\"https:\/\/theo.niranbio.com\/pt-br\/\",\"name\":\"Niranbio Chemical\",\"description\":\"\",\"publisher\":{\"@id\":\"https:\/\/theo.niranbio.com\/pt-br\/#organization\"},\"potentialAction\":[{\"@type\":\"SearchAction\",\"target\":{\"@type\":\"EntryPoint\",\"urlTemplate\":\"https:\/\/theo.niranbio.com\/pt-br\/?s={search_term_string}\"},\"query-input\":{\"@type\":\"PropertyValueSpecification\",\"valueRequired\":true,\"valueName\":\"search_term_string\"}}],\"inLanguage\":\"pt-BR\"},{\"@type\":\"Organization\",\"@id\":\"https:\/\/theo.niranbio.com\/pt-br\/#organization\",\"name\":\"Niranbio Chemical\",\"url\":\"https:\/\/theo.niranbio.com\/pt-br\/\",\"logo\":{\"@type\":\"ImageObject\",\"inLanguage\":\"pt-BR\",\"@id\":\"https:\/\/theo.niranbio.com\/pt-br\/#\/schema\/logo\/image\/\",\"url\":\"https:\/\/theo.niranbio.com\/wp-content\/uploads\/2024\/06\/Niranbio.png\",\"contentUrl\":\"https:\/\/theo.niranbio.com\/wp-content\/uploads\/2024\/06\/Niranbio.png\",\"width\":270,\"height\":100,\"caption\":\"Niranbio Chemical\"},\"image\":{\"@id\":\"https:\/\/theo.niranbio.com\/pt-br\/#\/schema\/logo\/image\/\"}}]}<\/script>\n<!-- \/ Yoast SEO plugin. -->","yoast_head_json":{"title":"Fabricante de \u00c1cido Benzoico Da, \u00c1cido Benzoico Comprar Pre\u00e7o | Niranbio Chemical","description":"Nosso \u00e1cido benzoico( E210 )aparece como cristais brancos ou p\u00f3, comumente usado em alimentos como molho de soja, geleia, suco, frutas em conserva, bebidas carbonatadas, molhos e picles.","robots":{"index":"noindex","follow":"follow","max-snippet":"max-snippet:-1","max-image-preview":"max-image-preview:large","max-video-preview":"max-video-preview:-1"},"twitter_misc":{"Est. tempo de leitura":"3 minutos"},"schema":{"@context":"https:\/\/schema.org","@graph":[{"@type":"WebPage","@id":"https:\/\/theo.niranbio.com\/pt-br\/acido-benzoico.html","url":"https:\/\/theo.niranbio.com\/pt-br\/acido-benzoico.html","name":"Fabricante de \u00c1cido Benzoico Da, \u00c1cido Benzoico Comprar Pre\u00e7o | Niranbio Chemical","isPartOf":{"@id":"https:\/\/theo.niranbio.com\/pt-br\/#website"},"primaryImageOfPage":{"@id":"https:\/\/theo.niranbio.com\/pt-br\/acido-benzoico.html#primaryimage"},"image":{"@id":"https:\/\/theo.niranbio.com\/pt-br\/acido-benzoico.html#primaryimage"},"thumbnailUrl":"https:\/\/theo.niranbio.com\/wp-content\/uploads\/2024\/06\/Benzoic-Acid.webp","datePublished":"2024-06-20T01:43:53+00:00","dateModified":"2024-08-19T02:55:49+00:00","description":"Nosso \u00e1cido benzoico( E210 )aparece como cristais brancos ou p\u00f3, comumente usado em alimentos como molho de soja, geleia, suco, frutas em conserva, bebidas carbonatadas, molhos e picles.","breadcrumb":{"@id":"https:\/\/theo.niranbio.com\/pt-br\/acido-benzoico.html#breadcrumb"},"inLanguage":"pt-BR","potentialAction":[{"@type":"ReadAction","target":["https:\/\/theo.niranbio.com\/pt-br\/acido-benzoico.html"]}]},{"@type":"ImageObject","inLanguage":"pt-BR","@id":"https:\/\/theo.niranbio.com\/pt-br\/acido-benzoico.html#primaryimage","url":"https:\/\/theo.niranbio.com\/wp-content\/uploads\/2024\/06\/Benzoic-Acid.webp","contentUrl":"https:\/\/theo.niranbio.com\/wp-content\/uploads\/2024\/06\/Benzoic-Acid.webp","width":600,"height":600,"caption":"\u00c1cido benz\u00f3ico"},{"@type":"BreadcrumbList","@id":"https:\/\/theo.niranbio.com\/pt-br\/acido-benzoico.html#breadcrumb","itemListElement":[{"@type":"ListItem","position":1,"name":"Home","item":"https:\/\/theo.niranbio.com\/pt-br\/"},{"@type":"ListItem","position":2,"name":"Produtos","item":"https:\/\/theo.niranbio.com\/pt-br\/produtos.html"},{"@type":"ListItem","position":3,"name":"Conservante","item":"https:\/\/theo.niranbio.com\/pt-br\/produto-conservante\/"},{"@type":"ListItem","position":4,"name":"\u00c1cido benzoico"}]},{"@type":"WebSite","@id":"https:\/\/theo.niranbio.com\/pt-br\/#website","url":"https:\/\/theo.niranbio.com\/pt-br\/","name":"Niranbio Chemical","description":"","publisher":{"@id":"https:\/\/theo.niranbio.com\/pt-br\/#organization"},"potentialAction":[{"@type":"SearchAction","target":{"@type":"EntryPoint","urlTemplate":"https:\/\/theo.niranbio.com\/pt-br\/?s={search_term_string}"},"query-input":{"@type":"PropertyValueSpecification","valueRequired":true,"valueName":"search_term_string"}}],"inLanguage":"pt-BR"},{"@type":"Organization","@id":"https:\/\/theo.niranbio.com\/pt-br\/#organization","name":"Niranbio Chemical","url":"https:\/\/theo.niranbio.com\/pt-br\/","logo":{"@type":"ImageObject","inLanguage":"pt-BR","@id":"https:\/\/theo.niranbio.com\/pt-br\/#\/schema\/logo\/image\/","url":"https:\/\/theo.niranbio.com\/wp-content\/uploads\/2024\/06\/Niranbio.png","contentUrl":"https:\/\/theo.niranbio.com\/wp-content\/uploads\/2024\/06\/Niranbio.png","width":270,"height":100,"caption":"Niranbio Chemical"},"image":{"@id":"https:\/\/theo.niranbio.com\/pt-br\/#\/schema\/logo\/image\/"}}]}},"_links":{"self":[{"href":"https:\/\/theo.niranbio.com\/pt-br\/wp-json\/wp\/v2\/product\/9737","targetHints":{"allow":["GET"]}}],"collection":[{"href":"https:\/\/theo.niranbio.com\/pt-br\/wp-json\/wp\/v2\/product"}],"about":[{"href":"https:\/\/theo.niranbio.com\/pt-br\/wp-json\/wp\/v2\/types\/product"}],"version-history":[{"count":0,"href":"https:\/\/theo.niranbio.com\/pt-br\/wp-json\/wp\/v2\/product\/9737\/revisions"}],"wp:featuredmedia":[{"embeddable":true,"href":"https:\/\/theo.niranbio.com\/pt-br\/wp-json\/wp\/v2\/media\/7988"}],"wp:attachment":[{"href":"https:\/\/theo.niranbio.com\/pt-br\/wp-json\/wp\/v2\/media?parent=9737"}],"wp:term":[{"taxonomy":"product_brand","embeddable":true,"href":"https:\/\/theo.niranbio.com\/pt-br\/wp-json\/wp\/v2\/product_brand?post=9737"},{"taxonomy":"product_cat","embeddable":true,"href":"https:\/\/theo.niranbio.com\/pt-br\/wp-json\/wp\/v2\/product_cat?post=9737"},{"taxonomy":"product_tag","embeddable":true,"href":"https:\/\/theo.niranbio.com\/pt-br\/wp-json\/wp\/v2\/product_tag?post=9737"}],"curies":[{"name":"wp","href":"https:\/\/api.w.org\/{rel}","templated":true}]}}