{"id":9731,"date":"2024-06-20T13:21:11","date_gmt":"2024-06-20T05:21:11","guid":{"rendered":"https:\/\/theo.niranbio.com\/%ce%b2-glucanase\/"},"modified":"2024-08-16T15:35:56","modified_gmt":"2024-08-16T07:35:56","slug":"%ce%b2-glucanase","status":"publish","type":"product","link":"https:\/\/theo.niranbio.com\/pt-br\/%CE%B2-glucanase.html","title":{"rendered":"\u03b2\u2013Glucanase"},"content":{"rendered":"<h2><span class=\"ez-toc-section\" id=\"O_que_e_%CE%B2%E2%80%93Glucanase\"><\/span>O que \u00e9 \u03b2\u2013Glucanase?<span class=\"ez-toc-section-end\"><\/span><\/h2>\n<p>\u03b2-Glucanase \u00e9 uma endonuclease com apar\u00eancia de p\u00f3 amarelado ou marrom. Este produto tem uma ampla gama de aplica\u00e7\u00f5es nas ind\u00fastrias de aditivos para alimentos e ra\u00e7\u00f5es, pois pode quebrar eficientemente o \u03b2-glucano presente nas paredes celulares do endosperma do trigo e dos cereais. Existem v\u00e1rios m\u00e9todos principais para preparar \u03b2-glucanase:<\/p>\n<ol>\n<li>A fermenta\u00e7\u00e3o microbiana \u00e9 o principal m\u00e9todo para produzir \u03b2-glucanase. Este m\u00e9todo usa microrganismos espec\u00edficos, como bact\u00e9rias e fungos, para fermentar sob condi\u00e7\u00f5es adequadas e controla par\u00e2metros como temperatura, pH e suprimento de oxig\u00eanio durante o processo de fermenta\u00e7\u00e3o para promover a produ\u00e7\u00e3o de enzimas. Por exemplo, microrganismos como Bacillus subtilis, Aspergillus niger e Penicillium ibregano s\u00e3o usados \u200b\u200bpara produzir \u03b2-glucanase. Este m\u00e9todo n\u00e3o \u00e9 apenas de baixo custo, mas tamb\u00e9m capaz de produ\u00e7\u00e3o em larga escala, por isso \u00e9 mais comum em aplica\u00e7\u00f5es pr\u00e1ticas.<\/li>\n<li>Embora a s\u00edntese qu\u00edmica n\u00e3o seja um m\u00e9todo convencional, tamb\u00e9m \u00e9 usada em certos casos espec\u00edficos. Este m\u00e9todo geralmente envolve processos qu\u00edmicos complexos, que podem incluir rea\u00e7\u00f5es qu\u00edmicas espec\u00edficas e etapas de purifica\u00e7\u00e3o para obter a \u03b2-glucanase desejada. No entanto, este m\u00e9todo \u00e9 geralmente caro e pode envolver processos complicados de opera\u00e7\u00e3o e purifica\u00e7\u00e3o, por isso raramente \u00e9 usado na produ\u00e7\u00e3o industrial.<\/li>\n<\/ol>\n<h2><span class=\"ez-toc-section\" id=\"Dosagem_recomendada\"><\/span><strong><b>Dosagem recomendada:<\/b><\/strong><span class=\"ez-toc-section-end\"><\/span><\/h2>\n<table>\n<tbody>\n<tr>\n<td><strong>Nome do alimento<\/strong><\/td>\n<td><strong>Uso m\u00e1ximo (g\/kg)<\/strong><\/td>\n<\/tr>\n<tr>\n<td>P\u00e3o e biscoitos<\/td>\n<td>0,1-0,5 g\/kg<\/td>\n<\/tr>\n<tr>\n<td>Produtos l\u00e1cteos<\/td>\n<td>0,05-0,2 g\/kg<\/td>\n<\/tr>\n<tr>\n<td>Bebidas de frutas<\/td>\n<td>0,02-0,1 g\/kg<\/td>\n<\/tr>\n<tr>\n<td>Produtos c\u00e1rneos<\/td>\n<td>0,1-0,5 g\/kg<\/td>\n<\/tr>\n<tr>\n<td>Cerveja<\/td>\n<td>0,02-0,1 g\/kg<\/td>\n<\/tr>\n<tr>\n<td>Temperos e molhos<\/td>\n<td>0,05-0,2 g\/kg<\/td>\n<\/tr>\n<tr>\n<td>Doces e chocolates<\/td>\n<td>0,1-0,5 g\/kg<\/td>\n<\/tr>\n<tr>\n<td>Produtos de prote\u00edna vegetal<\/td>\n<td>0,1-0,5 g\/kg<\/td>\n<\/tr>\n<tr>\n<td>Alimentos de conveni\u00eancia<\/td>\n<td>0,1-0,5 g\/kg<\/td>\n<\/tr>\n<tr>\n<td>Molhos para saladas e saladas<\/td>\n<td>0,05-0,2 g\/kg<\/td>\n<\/tr>\n<tr>\n<td>Bebidas com bact\u00e9rias do \u00e1cido l\u00e1ctico<\/td>\n<td>0,02-0,1 g\/kg<\/td>\n<\/tr>\n<tr>\n<td>Misturas para panifica\u00e7\u00e3o<\/td>\n<td>0,1-0,5 g\/kg<\/td>\n<\/tr>\n<\/tbody>\n<\/table>\n<h2><span class=\"ez-toc-section\" id=\"%CE%B2%E2%80%93Glucanase_tem_uma_ampla_gama_de_usos\"><\/span>\u03b2\u2013Glucanase tem uma ampla gama de usos<span class=\"ez-toc-section-end\"><\/span><\/h2>\n<ol>\n<li>Melhorar o desempenho do processamento de alimentos: Em produtos de massa, como p\u00e3o e biscoitos, a \u03b2-Glucanase pode degradar \u03b2-glucano na farinha, reduzir a pegajosidade da massa, melhorar seu desempenho de processamento e tornar a massa mais f\u00e1cil de operar e moldar.<\/li>\n<li>Melhorar a textura e o sabor dos alimentos: Em p\u00e3o e outros produtos de farinha, a \u03b2-Glucanase pode melhorar o sabor do p\u00e3o, tornando-o mais macio e mastig\u00e1vel, e tamb\u00e9m ajudar a melhorar a textura geral e o sabor do produto.<\/li>\n<li>Promover a digest\u00e3o dos alimentos e a absor\u00e7\u00e3o de nutrientes: No processamento de alimentos, como gr\u00e3os e aveia, a \u03b2-Glucanase pode degradar \u03b2-glucano em gr\u00e3os, tornando os nutrientes neles mais f\u00e1ceis de digerir e absorver, melhorando assim o valor nutricional dos alimentos.<\/li>\n<li>Melhorar o conte\u00fado de \u03b2-glucano no malte: Na produ\u00e7\u00e3o de cerveja, o malte cont\u00e9m um alto n\u00edvel de \u03b2-glucano. A \u03b2-Glucanase pode degradar efetivamente esses polissacar\u00eddeos, o que ajuda a melhorar o desempenho da filtragem e a efici\u00eancia da fermenta\u00e7\u00e3o do mosto.<\/li>\n<li>Melhore a estabilidade e o sabor dos latic\u00ednios: No processamento de latic\u00ednios, como iogurte e queijo, a \u03b2-Glucanase pode degradar a \u03b2-glucana no leite, melhorar a estabilidade e o sabor do produto e melhorar a experi\u00eancia alimentar.<\/li>\n<\/ol>\n<h2><span class=\"ez-toc-section\" id=\"O_usuario_fez_a_seguinte_pergunta\"><\/span>O usu\u00e1rio fez a seguinte pergunta:<span class=\"ez-toc-section-end\"><\/span><\/h2>\n<p>Pergunta: Qual \u00e9 a diferen\u00e7a entre \u03b2-glucana e \u03b2-glucanase?<\/p>\n<p>Resposta: \u03b2-glucana \u00e9 um composto polissacar\u00eddeo que existe em mat\u00e9rias-primas alimentares, como cevada e aveia, e afeta a textura e as propriedades nutricionais dos alimentos. A \u03b2-Glucanase \u00e9 uma enzima que pode degradar mol\u00e9culas de \u03b2-glucana e quebr\u00e1-las em componentes menores para melhorar o desempenho do processamento e a absor\u00e7\u00e3o de nutrientes dos alimentos. Normalmente \u00e9 adicionada ao processar alimentos. Portanto, a diferen\u00e7a essencial entre elas \u00e9 que a primeira \u00e9 um ingrediente dos alimentos e a \u00faltima \u00e9 uma enzima funcional usada no processamento de alimentos.<\/p>\n","protected":false},"excerpt":{"rendered":"<ul>\n<li>CAS: 9025-70-1<\/li>\n<li>Certifica\u00e7\u00f5es: KOSHER, ISO, HALAL, FSSC 22000, BRC, etc.<\/li>\n<li>Quantidade m\u00ednima do pedido: 1000KG<\/li>\n<li>Prazo de validade: 2 anos<\/li>\n<\/ul>\n","protected":false},"featured_media":9732,"template":"","meta":{"site-sidebar-layout":"default","site-content-layout":"","ast-site-content-layout":"default","site-content-style":"default","site-sidebar-style":"default","ast-global-header-display":"","ast-banner-title-visibility":"","ast-main-header-display":"","ast-hfb-above-header-display":"","ast-hfb-below-header-display":"","ast-hfb-mobile-header-display":"","site-post-title":"","ast-breadcrumbs-content":"","ast-featured-img":"","footer-sml-layout":"","theme-transparent-header-meta":"default","adv-header-id-meta":"","stick-header-meta":"","header-above-stick-meta":"","header-main-stick-meta":"","header-below-stick-meta":"","astra-migrate-meta-layouts":"set","ast-page-background-enabled":"default","ast-page-background-meta":{"desktop":{"background-color":"var(--ast-global-color-4)","background-image":"","background-repeat":"repeat","background-position":"center center","background-size":"auto","background-attachment":"scroll","background-type":"","background-media":"","overlay-type":"","overlay-color":"","overlay-opacity":"","overlay-gradient":""},"tablet":{"background-color":"","background-image":"","background-repeat":"repeat","background-position":"center center","background-size":"auto","background-attachment":"scroll","background-type":"","background-media":"","overlay-type":"","overlay-color":"","overlay-opacity":"","overlay-gradient":""},"mobile":{"background-color":"","background-image":"","background-repeat":"repeat","background-position":"center center","background-size":"auto","background-attachment":"scroll","background-type":"","background-media":"","overlay-type":"","overlay-color":"","overlay-opacity":"","overlay-gradient":""}},"ast-content-background-meta":{"desktop":{"background-color":"var(--ast-global-color-5)","background-image":"","background-repeat":"repeat","background-position":"center center","background-size":"auto","background-attachment":"scroll","background-type":"","background-media":"","overlay-type":"","overlay-color":"","overlay-opacity":"","overlay-gradient":""},"tablet":{"background-color":"var(--ast-global-color-5)","background-image":"","background-repeat":"repeat","background-position":"center center","background-size":"auto","background-attachment":"scroll","background-type":"","background-media":"","overlay-type":"","overlay-color":"","overlay-opacity":"","overlay-gradient":""},"mobile":{"background-color":"var(--ast-global-color-5)","background-image":"","background-repeat":"repeat","background-position":"center center","background-size":"auto","background-attachment":"scroll","background-type":"","background-media":"","overlay-type":"","overlay-color":"","overlay-opacity":"","overlay-gradient":""}}},"product_brand":[],"product_cat":[91],"product_tag":[],"class_list":{"0":"post-9731","1":"product","2":"type-product","3":"status-publish","4":"has-post-thumbnail","6":"product_cat-outros-ingredientes-alimentares-produto","7":"desktop-align-center","8":"tablet-align-left","9":"mobile-align-left","11":"first","12":"instock","13":"shipping-taxable","14":"product-type-simple"},"yoast_head":"<!-- This site is optimized with the Yoast SEO plugin v26.5 - https:\/\/yoast.com\/wordpress\/plugins\/seo\/ -->\n<title>Fornecedor de p\u00f3 de beta glucanase, \u03b2-glucanase | Niranbio Chemical<\/title>\n<meta name=\"description\" content=\"Nossa \u03b2-Glucanase tem uma apar\u00eancia de p\u00f3 amarelado ou marrom e tem uma ampla gama de aplica\u00e7\u00f5es nas ind\u00fastrias de aditivos para alimentos e ra\u00e7\u00f5es.\" \/>\n<meta name=\"robots\" content=\"noindex, follow, max-snippet:-1, max-image-preview:large, max-video-preview:-1\" \/>\n<meta name=\"twitter:label1\" content=\"Est. tempo de leitura\" \/>\n\t<meta name=\"twitter:data1\" content=\"3 minutos\" \/>\n<script type=\"application\/ld+json\" class=\"yoast-schema-graph\">{\"@context\":\"https:\/\/schema.org\",\"@graph\":[{\"@type\":\"WebPage\",\"@id\":\"https:\/\/theo.niranbio.com\/pt-br\/%CE%B2-glucanase.html\",\"url\":\"https:\/\/theo.niranbio.com\/pt-br\/%CE%B2-glucanase.html\",\"name\":\"Fornecedor de p\u00f3 de beta glucanase, \u03b2-glucanase | Niranbio Chemical\",\"isPartOf\":{\"@id\":\"https:\/\/theo.niranbio.com\/pt-br\/#website\"},\"primaryImageOfPage\":{\"@id\":\"https:\/\/theo.niranbio.com\/pt-br\/%CE%B2-glucanase.html#primaryimage\"},\"image\":{\"@id\":\"https:\/\/theo.niranbio.com\/pt-br\/%CE%B2-glucanase.html#primaryimage\"},\"thumbnailUrl\":\"https:\/\/theo.niranbio.com\/wp-content\/uploads\/2024\/06\/Beta-Glucanase.webp\",\"datePublished\":\"2024-06-20T05:21:11+00:00\",\"dateModified\":\"2024-08-16T07:35:56+00:00\",\"description\":\"Nossa \u03b2-Glucanase tem uma apar\u00eancia de p\u00f3 amarelado ou marrom e tem uma ampla gama de aplica\u00e7\u00f5es nas ind\u00fastrias de aditivos para alimentos e ra\u00e7\u00f5es.\",\"breadcrumb\":{\"@id\":\"https:\/\/theo.niranbio.com\/pt-br\/%CE%B2-glucanase.html#breadcrumb\"},\"inLanguage\":\"pt-BR\",\"potentialAction\":[{\"@type\":\"ReadAction\",\"target\":[\"https:\/\/theo.niranbio.com\/pt-br\/%CE%B2-glucanase.html\"]}]},{\"@type\":\"ImageObject\",\"inLanguage\":\"pt-BR\",\"@id\":\"https:\/\/theo.niranbio.com\/pt-br\/%CE%B2-glucanase.html#primaryimage\",\"url\":\"https:\/\/theo.niranbio.com\/wp-content\/uploads\/2024\/06\/Beta-Glucanase.webp\",\"contentUrl\":\"https:\/\/theo.niranbio.com\/wp-content\/uploads\/2024\/06\/Beta-Glucanase.webp\",\"width\":600,\"height\":600,\"caption\":\"Beta Glucanase\"},{\"@type\":\"BreadcrumbList\",\"@id\":\"https:\/\/theo.niranbio.com\/pt-br\/%CE%B2-glucanase.html#breadcrumb\",\"itemListElement\":[{\"@type\":\"ListItem\",\"position\":1,\"name\":\"Home\",\"item\":\"https:\/\/theo.niranbio.com\/pt-br\/\"},{\"@type\":\"ListItem\",\"position\":2,\"name\":\"Produtos\",\"item\":\"https:\/\/theo.niranbio.com\/pt-br\/produtos.html\"},{\"@type\":\"ListItem\",\"position\":3,\"name\":\"Outros Ingredientes Alimentares\",\"item\":\"https:\/\/theo.niranbio.com\/pt-br\/outros-ingredientes-alimentares-produto\/\"},{\"@type\":\"ListItem\",\"position\":4,\"name\":\"\u03b2\u2013Glucanase\"}]},{\"@type\":\"WebSite\",\"@id\":\"https:\/\/theo.niranbio.com\/pt-br\/#website\",\"url\":\"https:\/\/theo.niranbio.com\/pt-br\/\",\"name\":\"Niranbio Chemical\",\"description\":\"\",\"publisher\":{\"@id\":\"https:\/\/theo.niranbio.com\/pt-br\/#organization\"},\"potentialAction\":[{\"@type\":\"SearchAction\",\"target\":{\"@type\":\"EntryPoint\",\"urlTemplate\":\"https:\/\/theo.niranbio.com\/pt-br\/?s={search_term_string}\"},\"query-input\":{\"@type\":\"PropertyValueSpecification\",\"valueRequired\":true,\"valueName\":\"search_term_string\"}}],\"inLanguage\":\"pt-BR\"},{\"@type\":\"Organization\",\"@id\":\"https:\/\/theo.niranbio.com\/pt-br\/#organization\",\"name\":\"Niranbio Chemical\",\"url\":\"https:\/\/theo.niranbio.com\/pt-br\/\",\"logo\":{\"@type\":\"ImageObject\",\"inLanguage\":\"pt-BR\",\"@id\":\"https:\/\/theo.niranbio.com\/pt-br\/#\/schema\/logo\/image\/\",\"url\":\"https:\/\/theo.niranbio.com\/wp-content\/uploads\/2024\/06\/Niranbio.png\",\"contentUrl\":\"https:\/\/theo.niranbio.com\/wp-content\/uploads\/2024\/06\/Niranbio.png\",\"width\":270,\"height\":100,\"caption\":\"Niranbio Chemical\"},\"image\":{\"@id\":\"https:\/\/theo.niranbio.com\/pt-br\/#\/schema\/logo\/image\/\"}}]}<\/script>\n<!-- \/ Yoast SEO plugin. -->","yoast_head_json":{"title":"Fornecedor de p\u00f3 de beta glucanase, \u03b2-glucanase | Niranbio Chemical","description":"Nossa \u03b2-Glucanase tem uma apar\u00eancia de p\u00f3 amarelado ou marrom e tem uma ampla gama de aplica\u00e7\u00f5es nas ind\u00fastrias de aditivos para alimentos e ra\u00e7\u00f5es.","robots":{"index":"noindex","follow":"follow","max-snippet":"max-snippet:-1","max-image-preview":"max-image-preview:large","max-video-preview":"max-video-preview:-1"},"twitter_misc":{"Est. tempo de leitura":"3 minutos"},"schema":{"@context":"https:\/\/schema.org","@graph":[{"@type":"WebPage","@id":"https:\/\/theo.niranbio.com\/pt-br\/%CE%B2-glucanase.html","url":"https:\/\/theo.niranbio.com\/pt-br\/%CE%B2-glucanase.html","name":"Fornecedor de p\u00f3 de beta glucanase, \u03b2-glucanase | Niranbio Chemical","isPartOf":{"@id":"https:\/\/theo.niranbio.com\/pt-br\/#website"},"primaryImageOfPage":{"@id":"https:\/\/theo.niranbio.com\/pt-br\/%CE%B2-glucanase.html#primaryimage"},"image":{"@id":"https:\/\/theo.niranbio.com\/pt-br\/%CE%B2-glucanase.html#primaryimage"},"thumbnailUrl":"https:\/\/theo.niranbio.com\/wp-content\/uploads\/2024\/06\/Beta-Glucanase.webp","datePublished":"2024-06-20T05:21:11+00:00","dateModified":"2024-08-16T07:35:56+00:00","description":"Nossa \u03b2-Glucanase tem uma apar\u00eancia de p\u00f3 amarelado ou marrom e tem uma ampla gama de aplica\u00e7\u00f5es nas ind\u00fastrias de aditivos para alimentos e ra\u00e7\u00f5es.","breadcrumb":{"@id":"https:\/\/theo.niranbio.com\/pt-br\/%CE%B2-glucanase.html#breadcrumb"},"inLanguage":"pt-BR","potentialAction":[{"@type":"ReadAction","target":["https:\/\/theo.niranbio.com\/pt-br\/%CE%B2-glucanase.html"]}]},{"@type":"ImageObject","inLanguage":"pt-BR","@id":"https:\/\/theo.niranbio.com\/pt-br\/%CE%B2-glucanase.html#primaryimage","url":"https:\/\/theo.niranbio.com\/wp-content\/uploads\/2024\/06\/Beta-Glucanase.webp","contentUrl":"https:\/\/theo.niranbio.com\/wp-content\/uploads\/2024\/06\/Beta-Glucanase.webp","width":600,"height":600,"caption":"Beta Glucanase"},{"@type":"BreadcrumbList","@id":"https:\/\/theo.niranbio.com\/pt-br\/%CE%B2-glucanase.html#breadcrumb","itemListElement":[{"@type":"ListItem","position":1,"name":"Home","item":"https:\/\/theo.niranbio.com\/pt-br\/"},{"@type":"ListItem","position":2,"name":"Produtos","item":"https:\/\/theo.niranbio.com\/pt-br\/produtos.html"},{"@type":"ListItem","position":3,"name":"Outros Ingredientes Alimentares","item":"https:\/\/theo.niranbio.com\/pt-br\/outros-ingredientes-alimentares-produto\/"},{"@type":"ListItem","position":4,"name":"\u03b2\u2013Glucanase"}]},{"@type":"WebSite","@id":"https:\/\/theo.niranbio.com\/pt-br\/#website","url":"https:\/\/theo.niranbio.com\/pt-br\/","name":"Niranbio Chemical","description":"","publisher":{"@id":"https:\/\/theo.niranbio.com\/pt-br\/#organization"},"potentialAction":[{"@type":"SearchAction","target":{"@type":"EntryPoint","urlTemplate":"https:\/\/theo.niranbio.com\/pt-br\/?s={search_term_string}"},"query-input":{"@type":"PropertyValueSpecification","valueRequired":true,"valueName":"search_term_string"}}],"inLanguage":"pt-BR"},{"@type":"Organization","@id":"https:\/\/theo.niranbio.com\/pt-br\/#organization","name":"Niranbio Chemical","url":"https:\/\/theo.niranbio.com\/pt-br\/","logo":{"@type":"ImageObject","inLanguage":"pt-BR","@id":"https:\/\/theo.niranbio.com\/pt-br\/#\/schema\/logo\/image\/","url":"https:\/\/theo.niranbio.com\/wp-content\/uploads\/2024\/06\/Niranbio.png","contentUrl":"https:\/\/theo.niranbio.com\/wp-content\/uploads\/2024\/06\/Niranbio.png","width":270,"height":100,"caption":"Niranbio Chemical"},"image":{"@id":"https:\/\/theo.niranbio.com\/pt-br\/#\/schema\/logo\/image\/"}}]}},"_links":{"self":[{"href":"https:\/\/theo.niranbio.com\/pt-br\/wp-json\/wp\/v2\/product\/9731","targetHints":{"allow":["GET"]}}],"collection":[{"href":"https:\/\/theo.niranbio.com\/pt-br\/wp-json\/wp\/v2\/product"}],"about":[{"href":"https:\/\/theo.niranbio.com\/pt-br\/wp-json\/wp\/v2\/types\/product"}],"version-history":[{"count":0,"href":"https:\/\/theo.niranbio.com\/pt-br\/wp-json\/wp\/v2\/product\/9731\/revisions"}],"wp:featuredmedia":[{"embeddable":true,"href":"https:\/\/theo.niranbio.com\/pt-br\/wp-json\/wp\/v2\/media\/9732"}],"wp:attachment":[{"href":"https:\/\/theo.niranbio.com\/pt-br\/wp-json\/wp\/v2\/media?parent=9731"}],"wp:term":[{"taxonomy":"product_brand","embeddable":true,"href":"https:\/\/theo.niranbio.com\/pt-br\/wp-json\/wp\/v2\/product_brand?post=9731"},{"taxonomy":"product_cat","embeddable":true,"href":"https:\/\/theo.niranbio.com\/pt-br\/wp-json\/wp\/v2\/product_cat?post=9731"},{"taxonomy":"product_tag","embeddable":true,"href":"https:\/\/theo.niranbio.com\/pt-br\/wp-json\/wp\/v2\/product_tag?post=9731"}],"curies":[{"name":"wp","href":"https:\/\/api.w.org\/{rel}","templated":true}]}}