{"id":9727,"date":"2024-06-20T09:47:14","date_gmt":"2024-06-20T01:47:14","guid":{"rendered":"https:\/\/theo.niranbio.com\/propionato-de-calcio\/"},"modified":"2024-08-19T10:51:27","modified_gmt":"2024-08-19T02:51:27","slug":"propionato-de-calcio","status":"publish","type":"product","link":"https:\/\/theo.niranbio.com\/pt-br\/propionato-de-calcio.html","title":{"rendered":"Propionato de C\u00e1lcio"},"content":{"rendered":"<h2><span class=\"ez-toc-section\" id=\"O_que_e_Propionato_de_Calcio\"><\/span>O que \u00e9 Propionato de C\u00e1lcio?<span class=\"ez-toc-section-end\"><\/span><\/h2>\n<p>O propionato de c\u00e1lcio aparece como part\u00edculas cristalinas brancas ou p\u00f3 com um leve odor caracter\u00edstico, absorvendo facilmente a umidade em condi\u00e7\u00f5es \u00famidas. Ele exibe propriedades antibacterianas de amplo espectro contra fungos, leveduras e bact\u00e9rias, tornando-o adequado para uso como conservante em p\u00e3es e doces. Sua efic\u00e1cia conservante aumenta com a diminui\u00e7\u00e3o dos n\u00edveis de pH. O propionato de c\u00e1lcio \u00e9 considerado quase n\u00e3o t\u00f3xico para humanos e pode ser utilizado como conservante em cosm\u00e9ticos, com uma concentra\u00e7\u00e3o m\u00e1xima permitida de 2% (em termos de \u00e1cido propi\u00f4nico). Na ind\u00fastria, o hidr\u00f3xido de c\u00e1lcio \u00e9 geralmente usado como mat\u00e9ria-prima, \u00e1cido propi\u00f4nico \u00e9 adicionado, e a temperatura \u00e9 mantida em 70-100\u2103, e a rea\u00e7\u00e3o \u00e9 reagida por 2-3 horas. O valor do pH no final da rea\u00e7\u00e3o \u00e9 controlado em 7-8, e finalmente, o material da rea\u00e7\u00e3o \u00e9 filtrado e seco para obter o produto final.<\/p>\n<h2><span class=\"ez-toc-section\" id=\"Parametros_relacionados\"><\/span>Par\u00e2metros relacionados:<span class=\"ez-toc-section-end\"><\/span><\/h2>\n<table>\n<tbody>\n<tr>\n<td><strong>Especifica\u00e7\u00e3o<\/strong><\/td>\n<td><strong>GB 25548-2010<\/strong><\/td>\n<td><strong>FCC V<\/strong><\/td>\n<\/tr>\n<tr>\n<td>Conte\u00fado (propionato de c\u00e1lcio) com% \u2265<\/td>\n<td>99.0<\/td>\n<td>98-100.5<\/td>\n<\/tr>\n<tr>\n<td>Valor de PH\uff0850g\/L,25\u2103\uff09\uff09<\/td>\n<td>&#8212;<\/td>\n<td>7.5-10.5<\/td>\n<\/tr>\n<tr>\n<td>Subst\u00e2ncias insol\u00faveis em \u00e1gua com% \u2264<\/td>\n<td>0.3<\/td>\n<td>0.2<\/td>\n<\/tr>\n<tr>\n<td>Perda na secagem, w\/% \u2264<\/td>\n<td>9.5<\/td>\n<td>5.0<\/td>\n<\/tr>\n<tr>\n<td>Fluoreto (F), mg\/kg \u2264<\/td>\n<td>30<\/td>\n<td>30<\/td>\n<\/tr>\n<tr>\n<td>Derretimento pesado (Pb), mg\/kg \u2264<\/td>\n<td>10<\/td>\n<td>2<\/td>\n<\/tr>\n<tr>\n<td>Ars\u00eanico (As), w\/% \u2264<\/td>\n<td>3<\/td>\n<td>&#8212;<\/td>\n<\/tr>\n<tr>\n<td>Magn\u00e9sio (MgO), mg\/kg \u2264<\/td>\n<td>&#8212;<\/td>\n<td>Teste de aprova\u00e7\u00e3o<\/td>\n<\/tr>\n<tr>\n<td>Ferro (Fe), mg\/kg \u2264<\/td>\n<td>50<\/td>\n<td>&#8212;<\/td>\n<\/tr>\n<tr>\n<td>Experimentos com \u00e1cido livre ou base livre<\/td>\n<td>Teste de aprova\u00e7\u00e3o<\/td>\n<td>&#8212;<\/td>\n<\/tr>\n<\/tbody>\n<\/table>\n<h2><span class=\"ez-toc-section\" id=\"Dosagem_recomendada\"><\/span>Dosagem recomendada<span class=\"ez-toc-section-end\"><\/span><\/h2>\n<table>\n<tbody>\n<tr>\n<td><strong>Nome do alimento<\/strong><\/td>\n<td><strong>Uso m\u00e1ximo (g\/kg)<\/strong><\/td>\n<\/tr>\n<tr>\n<td>Produtos de panifica\u00e7\u00e3o<\/td>\n<td>0,1 &#8211; 0,5 g\/kg<\/td>\n<\/tr>\n<tr>\n<td>Bebidas<\/td>\n<td>0,1 &#8211; 0,3 g\/kg<\/td>\n<\/tr>\n<tr>\n<td>Queijo<\/td>\n<td>1 &#8211; 3 g\/kg<\/td>\n<\/tr>\n<tr>\n<td>Salsichas<\/td>\n<td>1 &#8211; 2 g\/kg<\/td>\n<\/tr>\n<tr>\n<td>Carnes deliciosas<\/td>\n<td>0,5 &#8211; 1 g\/kg<\/td>\n<\/tr>\n<tr>\n<td>Chocolates<\/td>\n<td>0,1 &#8211; 0,5 g\/kg<\/td>\n<\/tr>\n<tr>\n<td>Doces<\/td>\n<td>Doces<\/td>\n<\/tr>\n<tr>\n<td>Batatas fritas<\/td>\n<td>Batatas fritas<\/td>\n<\/tr>\n<tr>\n<td>Crackers<\/td>\n<td>0,1 &#8211; 0,3 g\/kg<\/td>\n<\/tr>\n<\/tbody>\n<\/table>\n<h2><span class=\"ez-toc-section\" id=\"O_propionato_de_calcio_tem_uma_ampla_gama_de_usos\"><\/span>O propionato de c\u00e1lcio tem uma ampla gama de usos<span class=\"ez-toc-section-end\"><\/span><\/h2>\n<p>1. O propionato de c\u00e1lcio serve como um agente antimofo eficaz em alimentos e ra\u00e7\u00f5es, atuando tamb\u00e9m como conservante para p\u00e3es e doces. Ele se mistura perfeitamente com a farinha, garantindo uma distribui\u00e7\u00e3o uniforme. Al\u00e9m de seu papel na preserva\u00e7\u00e3o, ele tamb\u00e9m enriquece os alimentos com c\u00e1lcio essencial, refor\u00e7ando seu valor nutricional para os consumidores.<\/p>\n<p>2. O propionato de c\u00e1lcio inibe o mofo e o Bacillus aer\u00f3bico, que causam subst\u00e2ncias pegajosas no p\u00e3o, mas n\u00e3o inibe o fermento.<\/p>\n<p>3. Ele combate efetivamente o mofo, bact\u00e9rias produtoras de esporos aer\u00f3bicos, bact\u00e9rias Gram-negativas, aflatoxinas e outros contaminantes em subst\u00e2ncias ricas em amido, ricas em prote\u00ednas e oleosas, apresentando qualidades antimofo e conservantes distintas.<\/p>\n<p>4. \u00c9 um inibidor de mofo novo, seguro, eficiente e de amplo espectro para alimentos e ra\u00e7\u00f5es, aplic\u00e1vel no processamento de alimentos, fabrica\u00e7\u00e3o de cerveja, produ\u00e7\u00e3o de ra\u00e7\u00e3o e prepara\u00e7\u00f5es de medicina chinesa.<\/p>\n<p>5. Como aditivo para ra\u00e7\u00e3o, o propionato de c\u00e1lcio inibe efetivamente o crescimento de mofo na ra\u00e7\u00e3o e estende sua vida \u00fatil. Quando combinado com outros sais inorg\u00e2nicos, pode aumentar o apetite do gado e impulsionar a produ\u00e7\u00e3o de leite em vacas leiteiras. A baixa volatilidade do propionato de c\u00e1lcio, alta resist\u00eancia \u00e0 temperatura e excelente adaptabilidade aos animais o tornam adequado para uso em v\u00e1rios tipos de ra\u00e7\u00e3o.<\/p>\n<p>6. O propionato de c\u00e1lcio tamb\u00e9m pode ser utilizado como aditivo em pasta de dente e cosm\u00e9ticos, servindo efetivamente como conservante<\/p>\n<h2><span class=\"ez-toc-section\" id=\"O_usuario_fez_a_pergunta\"><\/span>O usu\u00e1rio fez a pergunta:<span class=\"ez-toc-section-end\"><\/span><\/h2>\n<p>Pergunta: Como voc\u00ea usa o propionato de c\u00e1lcio corretamente?<\/p>\n<p>Resposta: Ao usar propionato de c\u00e1lcio, ele deve ser precisamente proporcionado de acordo com as necessidades do produto espec\u00edfico e requisitos regulat\u00f3rios para garantir que o efeito antiss\u00e9ptico esperado e os padr\u00f5es de seguran\u00e7a sejam alcan\u00e7ados. A formula\u00e7\u00e3o do produto e o controle do pH durante o processamento tamb\u00e9m s\u00e3o fatores importantes que afetam o efeito do uso.<\/p>\n<p>Pergunta: Como armazenar efetivamente o propionato de c\u00e1lcio?<\/p>\n<p>Resposta: O produto deve ser armazenado em local fresco, seco e bem ventilado, evitando luz solar direta e umidade. O recipiente de armazenamento deve ser bem fechado para evitar contamina\u00e7\u00e3o por ar, poeira e odor. Lembre-se de lavar as m\u00e3os ao us\u00e1-lo e use uma colher limpa para retirar uma quantidade adequada de propionato de c\u00e1lcio para evitar contato direto com as m\u00e3os.<\/p>\n","protected":false},"excerpt":{"rendered":"<ul>\n<li>CAS: 4075-81-4<\/li>\n<li>F\u00f3rmula qu\u00edmica: C<sub>6<\/sub>H<sub>12<\/sub>CaO<sub>4<\/sub><\/li>\n<li>Certifica\u00e7\u00f5es: KOSHER, ISO, HALAL, FSSC22000, BRC, etc.<\/li>\n<li>Padr\u00e3o: GB25548-2010\/FCC\/E282<\/li>\n<li>MOQ: 1MT<\/li>\n<li>Prazo de validade: 2 anos<\/li>\n<\/ul>\n","protected":false},"featured_media":7992,"template":"","meta":{"site-sidebar-layout":"default","site-content-layout":"","ast-site-content-layout":"default","site-content-style":"default","site-sidebar-style":"default","ast-global-header-display":"","ast-banner-title-visibility":"","ast-main-header-display":"","ast-hfb-above-header-display":"","ast-hfb-below-header-display":"","ast-hfb-mobile-header-display":"","site-post-title":"","ast-breadcrumbs-content":"","ast-featured-img":"","footer-sml-layout":"","theme-transparent-header-meta":"default","adv-header-id-meta":"","stick-header-meta":"","header-above-stick-meta":"","header-main-stick-meta":"","header-below-stick-meta":"","astra-migrate-meta-layouts":"set","ast-page-background-enabled":"default","ast-page-background-meta":{"desktop":{"background-color":"var(--ast-global-color-4)","background-image":"","background-repeat":"repeat","background-position":"center center","background-size":"auto","background-attachment":"scroll","background-type":"","background-media":"","overlay-type":"","overlay-color":"","overlay-opacity":"","overlay-gradient":""},"tablet":{"background-color":"","background-image":"","background-repeat":"repeat","background-position":"center center","background-size":"auto","background-attachment":"scroll","background-type":"","background-media":"","overlay-type":"","overlay-color":"","overlay-opacity":"","overlay-gradient":""},"mobile":{"background-color":"","background-image":"","background-repeat":"repeat","background-position":"center center","background-size":"auto","background-attachment":"scroll","background-type":"","background-media":"","overlay-type":"","overlay-color":"","overlay-opacity":"","overlay-gradient":""}},"ast-content-background-meta":{"desktop":{"background-color":"var(--ast-global-color-5)","background-image":"","background-repeat":"repeat","background-position":"center center","background-size":"auto","background-attachment":"scroll","background-type":"","background-media":"","overlay-type":"","overlay-color":"","overlay-opacity":"","overlay-gradient":""},"tablet":{"background-color":"var(--ast-global-color-5)","background-image":"","background-repeat":"repeat","background-position":"center center","background-size":"auto","background-attachment":"scroll","background-type":"","background-media":"","overlay-type":"","overlay-color":"","overlay-opacity":"","overlay-gradient":""},"mobile":{"background-color":"var(--ast-global-color-5)","background-image":"","background-repeat":"repeat","background-position":"center center","background-size":"auto","background-attachment":"scroll","background-type":"","background-media":"","overlay-type":"","overlay-color":"","overlay-opacity":"","overlay-gradient":""}}},"product_brand":[],"product_cat":[93],"product_tag":[],"class_list":{"0":"post-9727","1":"product","2":"type-product","3":"status-publish","4":"has-post-thumbnail","6":"product_cat-produto-conservante","7":"desktop-align-center","8":"tablet-align-left","9":"mobile-align-left","11":"first","12":"instock","13":"shipping-taxable","14":"product-type-simple"},"yoast_head":"<!-- This site is optimized with the Yoast SEO plugin v26.5 - https:\/\/yoast.com\/wordpress\/plugins\/seo\/ -->\n<title>Fabricante de Propionato de C\u00e1lcio, Propionato de C\u00e1lcio Comprar | Niranbio Chemical<\/title>\n<meta name=\"description\" content=\"Nosso propionato de c\u00e1lcio(E282) aparece como part\u00edculas cristalinas brancas ou p\u00f3 com um leve odor caracter\u00edstico, adequado para uso como conservante em p\u00e3es e doces.\" \/>\n<meta name=\"robots\" content=\"noindex, follow, max-snippet:-1, max-image-preview:large, max-video-preview:-1\" \/>\n<meta name=\"twitter:label1\" content=\"Est. tempo de leitura\" \/>\n\t<meta name=\"twitter:data1\" content=\"4 minutos\" \/>\n<script type=\"application\/ld+json\" class=\"yoast-schema-graph\">{\"@context\":\"https:\/\/schema.org\",\"@graph\":[{\"@type\":\"WebPage\",\"@id\":\"https:\/\/theo.niranbio.com\/pt-br\/propionato-de-calcio.html\",\"url\":\"https:\/\/theo.niranbio.com\/pt-br\/propionato-de-calcio.html\",\"name\":\"Fabricante de Propionato de C\u00e1lcio, Propionato de C\u00e1lcio Comprar | Niranbio Chemical\",\"isPartOf\":{\"@id\":\"https:\/\/theo.niranbio.com\/pt-br\/#website\"},\"primaryImageOfPage\":{\"@id\":\"https:\/\/theo.niranbio.com\/pt-br\/propionato-de-calcio.html#primaryimage\"},\"image\":{\"@id\":\"https:\/\/theo.niranbio.com\/pt-br\/propionato-de-calcio.html#primaryimage\"},\"thumbnailUrl\":\"https:\/\/theo.niranbio.com\/wp-content\/uploads\/2024\/06\/Calcium-Propionate.webp\",\"datePublished\":\"2024-06-20T01:47:14+00:00\",\"dateModified\":\"2024-08-19T02:51:27+00:00\",\"description\":\"Nosso propionato de c\u00e1lcio(E282) aparece como part\u00edculas cristalinas brancas ou p\u00f3 com um leve odor caracter\u00edstico, adequado para uso como conservante em p\u00e3es e doces.\",\"breadcrumb\":{\"@id\":\"https:\/\/theo.niranbio.com\/pt-br\/propionato-de-calcio.html#breadcrumb\"},\"inLanguage\":\"pt-BR\",\"potentialAction\":[{\"@type\":\"ReadAction\",\"target\":[\"https:\/\/theo.niranbio.com\/pt-br\/propionato-de-calcio.html\"]}]},{\"@type\":\"ImageObject\",\"inLanguage\":\"pt-BR\",\"@id\":\"https:\/\/theo.niranbio.com\/pt-br\/propionato-de-calcio.html#primaryimage\",\"url\":\"https:\/\/theo.niranbio.com\/wp-content\/uploads\/2024\/06\/Calcium-Propionate.webp\",\"contentUrl\":\"https:\/\/theo.niranbio.com\/wp-content\/uploads\/2024\/06\/Calcium-Propionate.webp\",\"width\":600,\"height\":600,\"caption\":\"Propionato de c\u00e1lcio\"},{\"@type\":\"BreadcrumbList\",\"@id\":\"https:\/\/theo.niranbio.com\/pt-br\/propionato-de-calcio.html#breadcrumb\",\"itemListElement\":[{\"@type\":\"ListItem\",\"position\":1,\"name\":\"Home\",\"item\":\"https:\/\/theo.niranbio.com\/pt-br\/\"},{\"@type\":\"ListItem\",\"position\":2,\"name\":\"Produtos\",\"item\":\"https:\/\/theo.niranbio.com\/pt-br\/produtos.html\"},{\"@type\":\"ListItem\",\"position\":3,\"name\":\"Conservante\",\"item\":\"https:\/\/theo.niranbio.com\/pt-br\/produto-conservante\/\"},{\"@type\":\"ListItem\",\"position\":4,\"name\":\"Propionato de C\u00e1lcio\"}]},{\"@type\":\"WebSite\",\"@id\":\"https:\/\/theo.niranbio.com\/pt-br\/#website\",\"url\":\"https:\/\/theo.niranbio.com\/pt-br\/\",\"name\":\"Niranbio Chemical\",\"description\":\"\",\"publisher\":{\"@id\":\"https:\/\/theo.niranbio.com\/pt-br\/#organization\"},\"potentialAction\":[{\"@type\":\"SearchAction\",\"target\":{\"@type\":\"EntryPoint\",\"urlTemplate\":\"https:\/\/theo.niranbio.com\/pt-br\/?s={search_term_string}\"},\"query-input\":{\"@type\":\"PropertyValueSpecification\",\"valueRequired\":true,\"valueName\":\"search_term_string\"}}],\"inLanguage\":\"pt-BR\"},{\"@type\":\"Organization\",\"@id\":\"https:\/\/theo.niranbio.com\/pt-br\/#organization\",\"name\":\"Niranbio Chemical\",\"url\":\"https:\/\/theo.niranbio.com\/pt-br\/\",\"logo\":{\"@type\":\"ImageObject\",\"inLanguage\":\"pt-BR\",\"@id\":\"https:\/\/theo.niranbio.com\/pt-br\/#\/schema\/logo\/image\/\",\"url\":\"https:\/\/theo.niranbio.com\/wp-content\/uploads\/2024\/06\/Niranbio.png\",\"contentUrl\":\"https:\/\/theo.niranbio.com\/wp-content\/uploads\/2024\/06\/Niranbio.png\",\"width\":270,\"height\":100,\"caption\":\"Niranbio Chemical\"},\"image\":{\"@id\":\"https:\/\/theo.niranbio.com\/pt-br\/#\/schema\/logo\/image\/\"}}]}<\/script>\n<!-- \/ Yoast SEO plugin. -->","yoast_head_json":{"title":"Fabricante de Propionato de C\u00e1lcio, Propionato de C\u00e1lcio Comprar | Niranbio Chemical","description":"Nosso propionato de c\u00e1lcio(E282) aparece como part\u00edculas cristalinas brancas ou p\u00f3 com um leve odor caracter\u00edstico, adequado para uso como conservante em p\u00e3es e doces.","robots":{"index":"noindex","follow":"follow","max-snippet":"max-snippet:-1","max-image-preview":"max-image-preview:large","max-video-preview":"max-video-preview:-1"},"twitter_misc":{"Est. tempo de leitura":"4 minutos"},"schema":{"@context":"https:\/\/schema.org","@graph":[{"@type":"WebPage","@id":"https:\/\/theo.niranbio.com\/pt-br\/propionato-de-calcio.html","url":"https:\/\/theo.niranbio.com\/pt-br\/propionato-de-calcio.html","name":"Fabricante de Propionato de C\u00e1lcio, Propionato de C\u00e1lcio Comprar | Niranbio Chemical","isPartOf":{"@id":"https:\/\/theo.niranbio.com\/pt-br\/#website"},"primaryImageOfPage":{"@id":"https:\/\/theo.niranbio.com\/pt-br\/propionato-de-calcio.html#primaryimage"},"image":{"@id":"https:\/\/theo.niranbio.com\/pt-br\/propionato-de-calcio.html#primaryimage"},"thumbnailUrl":"https:\/\/theo.niranbio.com\/wp-content\/uploads\/2024\/06\/Calcium-Propionate.webp","datePublished":"2024-06-20T01:47:14+00:00","dateModified":"2024-08-19T02:51:27+00:00","description":"Nosso propionato de c\u00e1lcio(E282) aparece como part\u00edculas cristalinas brancas ou p\u00f3 com um leve odor caracter\u00edstico, adequado para uso como conservante em p\u00e3es e doces.","breadcrumb":{"@id":"https:\/\/theo.niranbio.com\/pt-br\/propionato-de-calcio.html#breadcrumb"},"inLanguage":"pt-BR","potentialAction":[{"@type":"ReadAction","target":["https:\/\/theo.niranbio.com\/pt-br\/propionato-de-calcio.html"]}]},{"@type":"ImageObject","inLanguage":"pt-BR","@id":"https:\/\/theo.niranbio.com\/pt-br\/propionato-de-calcio.html#primaryimage","url":"https:\/\/theo.niranbio.com\/wp-content\/uploads\/2024\/06\/Calcium-Propionate.webp","contentUrl":"https:\/\/theo.niranbio.com\/wp-content\/uploads\/2024\/06\/Calcium-Propionate.webp","width":600,"height":600,"caption":"Propionato de c\u00e1lcio"},{"@type":"BreadcrumbList","@id":"https:\/\/theo.niranbio.com\/pt-br\/propionato-de-calcio.html#breadcrumb","itemListElement":[{"@type":"ListItem","position":1,"name":"Home","item":"https:\/\/theo.niranbio.com\/pt-br\/"},{"@type":"ListItem","position":2,"name":"Produtos","item":"https:\/\/theo.niranbio.com\/pt-br\/produtos.html"},{"@type":"ListItem","position":3,"name":"Conservante","item":"https:\/\/theo.niranbio.com\/pt-br\/produto-conservante\/"},{"@type":"ListItem","position":4,"name":"Propionato de C\u00e1lcio"}]},{"@type":"WebSite","@id":"https:\/\/theo.niranbio.com\/pt-br\/#website","url":"https:\/\/theo.niranbio.com\/pt-br\/","name":"Niranbio Chemical","description":"","publisher":{"@id":"https:\/\/theo.niranbio.com\/pt-br\/#organization"},"potentialAction":[{"@type":"SearchAction","target":{"@type":"EntryPoint","urlTemplate":"https:\/\/theo.niranbio.com\/pt-br\/?s={search_term_string}"},"query-input":{"@type":"PropertyValueSpecification","valueRequired":true,"valueName":"search_term_string"}}],"inLanguage":"pt-BR"},{"@type":"Organization","@id":"https:\/\/theo.niranbio.com\/pt-br\/#organization","name":"Niranbio Chemical","url":"https:\/\/theo.niranbio.com\/pt-br\/","logo":{"@type":"ImageObject","inLanguage":"pt-BR","@id":"https:\/\/theo.niranbio.com\/pt-br\/#\/schema\/logo\/image\/","url":"https:\/\/theo.niranbio.com\/wp-content\/uploads\/2024\/06\/Niranbio.png","contentUrl":"https:\/\/theo.niranbio.com\/wp-content\/uploads\/2024\/06\/Niranbio.png","width":270,"height":100,"caption":"Niranbio Chemical"},"image":{"@id":"https:\/\/theo.niranbio.com\/pt-br\/#\/schema\/logo\/image\/"}}]}},"_links":{"self":[{"href":"https:\/\/theo.niranbio.com\/pt-br\/wp-json\/wp\/v2\/product\/9727","targetHints":{"allow":["GET"]}}],"collection":[{"href":"https:\/\/theo.niranbio.com\/pt-br\/wp-json\/wp\/v2\/product"}],"about":[{"href":"https:\/\/theo.niranbio.com\/pt-br\/wp-json\/wp\/v2\/types\/product"}],"version-history":[{"count":0,"href":"https:\/\/theo.niranbio.com\/pt-br\/wp-json\/wp\/v2\/product\/9727\/revisions"}],"wp:featuredmedia":[{"embeddable":true,"href":"https:\/\/theo.niranbio.com\/pt-br\/wp-json\/wp\/v2\/media\/7992"}],"wp:attachment":[{"href":"https:\/\/theo.niranbio.com\/pt-br\/wp-json\/wp\/v2\/media?parent=9727"}],"wp:term":[{"taxonomy":"product_brand","embeddable":true,"href":"https:\/\/theo.niranbio.com\/pt-br\/wp-json\/wp\/v2\/product_brand?post=9727"},{"taxonomy":"product_cat","embeddable":true,"href":"https:\/\/theo.niranbio.com\/pt-br\/wp-json\/wp\/v2\/product_cat?post=9727"},{"taxonomy":"product_tag","embeddable":true,"href":"https:\/\/theo.niranbio.com\/pt-br\/wp-json\/wp\/v2\/product_tag?post=9727"}],"curies":[{"name":"wp","href":"https:\/\/api.w.org\/{rel}","templated":true}]}}