{"id":9719,"date":"2024-06-20T11:19:16","date_gmt":"2024-06-20T03:19:16","guid":{"rendered":"https:\/\/theo.niranbio.com\/d-glucuronolactona\/"},"modified":"2024-08-12T18:01:47","modified_gmt":"2024-08-12T10:01:47","slug":"d-glucuronolactona","status":"publish","type":"product","link":"https:\/\/theo.niranbio.com\/pt-br\/d-glucuronolactona.html","title":{"rendered":"D-Glucuronolactona"},"content":{"rendered":"<h2><span class=\"ez-toc-section\" id=\"O_que_e_D-Glucuronolactona\"><\/span>O que \u00e9 D-Glucuronolactona?<span class=\"ez-toc-section-end\"><\/span><\/h2>\n<p> D-Glucuronolactona \u00e9 um composto org\u00e2nico, um metab\u00f3lito de glicose produzido no f\u00edgado humano e um componente importante do tecido conjuntivo. Parece um p\u00f3 branco e se dissolve facilmente em \u00e1gua, metanol e, em menor grau, etanol. Alimentos, medicamentos e outras ind\u00fastrias o usam extensivamente. O principal processo de prepara\u00e7\u00e3o de D-Glucuronolactona \u00e9 o m\u00e9todo de oxida\u00e7\u00e3o de glicose, que oxida a glicose para gerar \u00e1cido glucur\u00f4nico e, em seguida, a cicliza para formar D-glucuronolactona. O segundo \u00e9 o m\u00e9todo do \u00e1cido ac\u00e9tico, que usa \u00e1cido ac\u00e9tico como um reagente de rea\u00e7\u00e3o para reagir com glicose para gerar acetato de \u00e1cido D-glucur\u00f4nico, que \u00e9 ent\u00e3o lactonizado para obter D-glucuronolactona.     <\/p>\n<h2><span class=\"ez-toc-section\" id=\"Dosagem_recomendada\"><\/span>Dosagem recomendada:<span class=\"ez-toc-section-end\"><\/span><\/h2>\n<table>\n<tbody>\n<tr>\n<td><strong>Nome do alimento<\/strong><\/td>\n<td><strong>Uso m\u00e1ximo (g\/kg)<\/strong><\/td>\n<\/tr>\n<tr>\n<td>Bebidas energ\u00e9ticas<\/td>\n<td>2-3 g\/kg<\/td>\n<\/tr>\n<tr>\n<td>Bebidas esportivas<\/td>\n<td>1-2 g\/kg<\/td>\n<\/tr>\n<tr>\n<td>Sucos de frutas<\/td>\n<td>0,5-1 g\/kg<\/td>\n<\/tr>\n<tr>\n<td>Barras de granola<\/td>\n<td>1-2 g\/kg<\/td>\n<\/tr>\n<tr>\n<td>Barras para lanches<\/td>\n<td>1-2 g\/kg<\/td>\n<\/tr>\n<tr>\n<td>Goma de mascar<\/td>\n<td>0,5-1 g\/kg<\/td>\n<\/tr>\n<tr>\n<td>Gelatinas<\/td>\n<td>0,5-1 g\/kg<\/td>\n<\/tr>\n<tr>\n<td>Sorvete<\/td>\n<td>0,5-1 g\/kg<\/td>\n<\/tr>\n<tr>\n<td>Produtos de panifica\u00e7\u00e3o<\/td>\n<td>0,2-0,5 g\/kg<\/td>\n<\/tr>\n<tr>\n<td>Biscoitos<\/td>\n<td>0,2-0,5 g\/kg<\/td>\n<\/tr>\n<tr>\n<td>Confeitaria<\/td>\n<td>0,5-1 g\/kg<\/td>\n<\/tr>\n<tr>\n<td>Molhos para salada<\/td>\n<td>0,2-0,5 g\/kg<\/td>\n<\/tr>\n<tr>\n<td>Molhos e condimentos<\/td>\n<td>0,2-0,5 g\/kg<\/td>\n<\/tr>\n<\/tbody>\n<\/table>\n<h2><span class=\"ez-toc-section\" id=\"D-Glucuronolactona_tem_uma_ampla_gama_de_usos\"><\/span>D-Glucuronolactona tem uma ampla gama de usos<span class=\"ez-toc-section-end\"><\/span><\/h2>\n<ol>\n<li>Desintoxica\u00e7\u00e3o: A D-Glucuronolactona desempenha um papel nos processos de desintoxica\u00e7\u00e3o do corpo ao se combinar com subst\u00e2ncias t\u00f3xicas, incluindo drogas e toxinas ambientais, para formar glicuron\u00eddeos que s\u00e3o excretados na urina.<\/li>\n<li>Aumento de energia: \u00c9 comumente inclu\u00eddo em bebidas energ\u00e9ticas porque acredita-se que ajuda a melhorar os n\u00edveis de energia, reduzir a fadiga e melhorar o desempenho f\u00edsico.<\/li>\n<li>Fun\u00e7\u00e3o cognitiva: Alguns estudos sugerem que a D-Glucuronolactona pode ajudar a melhorar a concentra\u00e7\u00e3o e a clareza mental, raz\u00e3o pela qual \u00e9 frequentemente encontrada em suplementos de aprimoramento cognitivo.<\/li>\n<li>Sa\u00fade do f\u00edgado: Promove a fun\u00e7\u00e3o saud\u00e1vel do f\u00edgado e pode proteger o f\u00edgado de danos relacionados \u00e0 toxicidade.<\/li>\n<li>Sa\u00fade das articula\u00e7\u00f5es e do tecido conjuntivo: A D-Glucuronolactona \u00e9 um precursor da glucosamina, que \u00e9 importante para manter articula\u00e7\u00f5es e tecidos conjuntivos saud\u00e1veis.<\/li>\n<\/ol>\n<h2><span class=\"ez-toc-section\" id=\"Pergunta_feita_pelo_usuario\"><\/span>Pergunta feita pelo usu\u00e1rio:<span class=\"ez-toc-section-end\"><\/span><\/h2>\n<p> Efeitos Positivos da D-Glucuronolactona <\/p>\n<ul>\n<li>Desintoxica\u00e7\u00e3o: A D-Glucuronolactona auxilia na desintoxica\u00e7\u00e3o, ajudando o f\u00edgado a processar e eliminar toxinas.<\/li>\n<li>Energia e alerta: \u00c9 um ingrediente comum em bebidas energ\u00e9ticas porque acredita-se que ajuda a reduzir a fadiga e aumentar os n\u00edveis de energia. Isso pode melhorar o desempenho f\u00edsico e melhorar o estado de alerta. <\/li>\n<li>Fun\u00e7\u00e3o cognitiva: A D-glucuronolactona pode ajudar a apoiar a fun\u00e7\u00e3o cognitiva, de acordo com algumas pesquisas.<\/li>\n<li>Sa\u00fade do f\u00edgado: A D-glucuronolactona pode ajudar a preservar a sa\u00fade do f\u00edgado e proteg\u00ea-lo de danos causados \u200b\u200bpor diferentes toxinas, promovendo mecanismos de desintoxica\u00e7\u00e3o.<\/li>\n<li>Sa\u00fade das articula\u00e7\u00f5es e do tecido conjuntivo: Contribui para a manuten\u00e7\u00e3o de tecidos conjuntivos e articula\u00e7\u00f5es fortes como um precursor da glucosamina, que pode ter efeitos positivos na sa\u00fade e mobilidade das articula\u00e7\u00f5es.<\/li>\n<\/ul>\n<p> Efeitos Positivos da D-Glucuronolactona Riscos Potenciais e Efeitos Colaterais <\/p>\n<ul>\n<li>Consumo excessivo: Consumir grandes quantidades de D-Glucuronolactona, especialmente por meio de bebidas energ\u00e9ticas, pode levar a efeitos negativos. Isso inclui ins\u00f4nia, nervosismo, dores de cabe\u00e7a e dist\u00farbios gastrointestinais. <\/li>\n<li>Efeitos cardiovasculares: Dosagens altas podem causar palpita\u00e7\u00f5es, press\u00e3o arterial elevada e batimento card\u00edaco acelerado, principalmente quando combinadas com outros estimulantes como a cafe\u00edna.<\/li>\n<li>Pesquisa limitada: Embora geralmente considerada segura, estudos abrangentes de longo prazo sobre os efeitos da D-Glucuronolactona s\u00e3o limitados. Como resultado, o uso extremo ou prolongado precisa ser tratado com cuidado. <\/li>\n<\/ul>\n","protected":false},"excerpt":{"rendered":"<ul>\n<li>CAS: 32449-92-6<\/li>\n<li>F\u00f3rmula qu\u00edmica: C<sub>6<\/sub>H<sub>8<\/sub>O<sub>6<\/sub><\/li>\n<li>Certifica\u00e7\u00f5es: KOSHER, ISO, HALAL, FSSC 22000, BRC, etc.<\/li>\n<li>Quantidade m\u00ednima do pedido: 1000KG<\/li>\n<li>Prazo de validade: 2 anos<\/li>\n<\/ul>\n","protected":false},"featured_media":9720,"template":"","meta":{"site-sidebar-layout":"default","site-content-layout":"","ast-site-content-layout":"default","site-content-style":"default","site-sidebar-style":"default","ast-global-header-display":"","ast-banner-title-visibility":"","ast-main-header-display":"","ast-hfb-above-header-display":"","ast-hfb-below-header-display":"","ast-hfb-mobile-header-display":"","site-post-title":"","ast-breadcrumbs-content":"","ast-featured-img":"","footer-sml-layout":"","theme-transparent-header-meta":"default","adv-header-id-meta":"","stick-header-meta":"","header-above-stick-meta":"","header-main-stick-meta":"","header-below-stick-meta":"","astra-migrate-meta-layouts":"set","ast-page-background-enabled":"default","ast-page-background-meta":{"desktop":{"background-color":"var(--ast-global-color-4)","background-image":"","background-repeat":"repeat","background-position":"center center","background-size":"auto","background-attachment":"scroll","background-type":"","background-media":"","overlay-type":"","overlay-color":"","overlay-opacity":"","overlay-gradient":""},"tablet":{"background-color":"","background-image":"","background-repeat":"repeat","background-position":"center center","background-size":"auto","background-attachment":"scroll","background-type":"","background-media":"","overlay-type":"","overlay-color":"","overlay-opacity":"","overlay-gradient":""},"mobile":{"background-color":"","background-image":"","background-repeat":"repeat","background-position":"center center","background-size":"auto","background-attachment":"scroll","background-type":"","background-media":"","overlay-type":"","overlay-color":"","overlay-opacity":"","overlay-gradient":""}},"ast-content-background-meta":{"desktop":{"background-color":"var(--ast-global-color-5)","background-image":"","background-repeat":"repeat","background-position":"center center","background-size":"auto","background-attachment":"scroll","background-type":"","background-media":"","overlay-type":"","overlay-color":"","overlay-opacity":"","overlay-gradient":""},"tablet":{"background-color":"var(--ast-global-color-5)","background-image":"","background-repeat":"repeat","background-position":"center center","background-size":"auto","background-attachment":"scroll","background-type":"","background-media":"","overlay-type":"","overlay-color":"","overlay-opacity":"","overlay-gradient":""},"mobile":{"background-color":"var(--ast-global-color-5)","background-image":"","background-repeat":"repeat","background-position":"center center","background-size":"auto","background-attachment":"scroll","background-type":"","background-media":"","overlay-type":"","overlay-color":"","overlay-opacity":"","overlay-gradient":""}}},"product_brand":[],"product_cat":[89],"product_tag":[],"class_list":{"0":"post-9719","1":"product","2":"type-product","3":"status-publish","4":"has-post-thumbnail","6":"product_cat-produto-intensificador-de-nutricao","7":"desktop-align-center","8":"tablet-align-left","9":"mobile-align-left","11":"first","12":"instock","13":"shipping-taxable","14":"product-type-simple"},"yoast_head":"<!-- This site is optimized with the Yoast SEO plugin v26.5 - https:\/\/yoast.com\/wordpress\/plugins\/seo\/ -->\n<title>P\u00f3 D-Glucuronolactona E575 | Niranbio Chemical<\/title>\n<meta name=\"description\" content=\"Nossa D-Glucuronolactona \u00e9 um p\u00f3 branco e se dissolve facilmente em \u00e1gua, metanol e, em menor grau, etanol. As ind\u00fastrias aliment\u00edcia e de medicamentos a usam extensivamente.\" \/>\n<meta name=\"robots\" content=\"noindex, follow, max-snippet:-1, max-image-preview:large, max-video-preview:-1\" \/>\n<meta name=\"twitter:label1\" content=\"Est. tempo de leitura\" \/>\n\t<meta name=\"twitter:data1\" content=\"3 minutos\" \/>\n<script type=\"application\/ld+json\" class=\"yoast-schema-graph\">{\"@context\":\"https:\/\/schema.org\",\"@graph\":[{\"@type\":\"WebPage\",\"@id\":\"https:\/\/theo.niranbio.com\/pt-br\/d-glucuronolactona.html\",\"url\":\"https:\/\/theo.niranbio.com\/pt-br\/d-glucuronolactona.html\",\"name\":\"P\u00f3 D-Glucuronolactona E575 | Niranbio Chemical\",\"isPartOf\":{\"@id\":\"https:\/\/theo.niranbio.com\/pt-br\/#website\"},\"primaryImageOfPage\":{\"@id\":\"https:\/\/theo.niranbio.com\/pt-br\/d-glucuronolactona.html#primaryimage\"},\"image\":{\"@id\":\"https:\/\/theo.niranbio.com\/pt-br\/d-glucuronolactona.html#primaryimage\"},\"thumbnailUrl\":\"https:\/\/theo.niranbio.com\/wp-content\/uploads\/2024\/06\/D-Glucuronolactone.webp\",\"datePublished\":\"2024-06-20T03:19:16+00:00\",\"dateModified\":\"2024-08-12T10:01:47+00:00\",\"description\":\"Nossa D-Glucuronolactona \u00e9 um p\u00f3 branco e se dissolve facilmente em \u00e1gua, metanol e, em menor grau, etanol. As ind\u00fastrias aliment\u00edcia e de medicamentos a usam extensivamente.\",\"breadcrumb\":{\"@id\":\"https:\/\/theo.niranbio.com\/pt-br\/d-glucuronolactona.html#breadcrumb\"},\"inLanguage\":\"pt-BR\",\"potentialAction\":[{\"@type\":\"ReadAction\",\"target\":[\"https:\/\/theo.niranbio.com\/pt-br\/d-glucuronolactona.html\"]}]},{\"@type\":\"ImageObject\",\"inLanguage\":\"pt-BR\",\"@id\":\"https:\/\/theo.niranbio.com\/pt-br\/d-glucuronolactona.html#primaryimage\",\"url\":\"https:\/\/theo.niranbio.com\/wp-content\/uploads\/2024\/06\/D-Glucuronolactone.webp\",\"contentUrl\":\"https:\/\/theo.niranbio.com\/wp-content\/uploads\/2024\/06\/D-Glucuronolactone.webp\",\"width\":600,\"height\":600,\"caption\":\"D-Glucuronolactona\"},{\"@type\":\"BreadcrumbList\",\"@id\":\"https:\/\/theo.niranbio.com\/pt-br\/d-glucuronolactona.html#breadcrumb\",\"itemListElement\":[{\"@type\":\"ListItem\",\"position\":1,\"name\":\"Home\",\"item\":\"https:\/\/theo.niranbio.com\/pt-br\/\"},{\"@type\":\"ListItem\",\"position\":2,\"name\":\"Produtos\",\"item\":\"https:\/\/theo.niranbio.com\/pt-br\/produtos.html\"},{\"@type\":\"ListItem\",\"position\":3,\"name\":\"Intensificador de Nutri\u00e7\u00e3o\",\"item\":\"https:\/\/theo.niranbio.com\/pt-br\/produto-intensificador-de-nutricao\/\"},{\"@type\":\"ListItem\",\"position\":4,\"name\":\"D-Glucuronolactona\"}]},{\"@type\":\"WebSite\",\"@id\":\"https:\/\/theo.niranbio.com\/pt-br\/#website\",\"url\":\"https:\/\/theo.niranbio.com\/pt-br\/\",\"name\":\"Niranbio Chemical\",\"description\":\"\",\"publisher\":{\"@id\":\"https:\/\/theo.niranbio.com\/pt-br\/#organization\"},\"potentialAction\":[{\"@type\":\"SearchAction\",\"target\":{\"@type\":\"EntryPoint\",\"urlTemplate\":\"https:\/\/theo.niranbio.com\/pt-br\/?s={search_term_string}\"},\"query-input\":{\"@type\":\"PropertyValueSpecification\",\"valueRequired\":true,\"valueName\":\"search_term_string\"}}],\"inLanguage\":\"pt-BR\"},{\"@type\":\"Organization\",\"@id\":\"https:\/\/theo.niranbio.com\/pt-br\/#organization\",\"name\":\"Niranbio Chemical\",\"url\":\"https:\/\/theo.niranbio.com\/pt-br\/\",\"logo\":{\"@type\":\"ImageObject\",\"inLanguage\":\"pt-BR\",\"@id\":\"https:\/\/theo.niranbio.com\/pt-br\/#\/schema\/logo\/image\/\",\"url\":\"https:\/\/theo.niranbio.com\/wp-content\/uploads\/2024\/06\/Niranbio.png\",\"contentUrl\":\"https:\/\/theo.niranbio.com\/wp-content\/uploads\/2024\/06\/Niranbio.png\",\"width\":270,\"height\":100,\"caption\":\"Niranbio Chemical\"},\"image\":{\"@id\":\"https:\/\/theo.niranbio.com\/pt-br\/#\/schema\/logo\/image\/\"}}]}<\/script>\n<!-- \/ Yoast SEO plugin. -->","yoast_head_json":{"title":"P\u00f3 D-Glucuronolactona E575 | Niranbio Chemical","description":"Nossa D-Glucuronolactona \u00e9 um p\u00f3 branco e se dissolve facilmente em \u00e1gua, metanol e, em menor grau, etanol. As ind\u00fastrias aliment\u00edcia e de medicamentos a usam extensivamente.","robots":{"index":"noindex","follow":"follow","max-snippet":"max-snippet:-1","max-image-preview":"max-image-preview:large","max-video-preview":"max-video-preview:-1"},"twitter_misc":{"Est. tempo de leitura":"3 minutos"},"schema":{"@context":"https:\/\/schema.org","@graph":[{"@type":"WebPage","@id":"https:\/\/theo.niranbio.com\/pt-br\/d-glucuronolactona.html","url":"https:\/\/theo.niranbio.com\/pt-br\/d-glucuronolactona.html","name":"P\u00f3 D-Glucuronolactona E575 | Niranbio Chemical","isPartOf":{"@id":"https:\/\/theo.niranbio.com\/pt-br\/#website"},"primaryImageOfPage":{"@id":"https:\/\/theo.niranbio.com\/pt-br\/d-glucuronolactona.html#primaryimage"},"image":{"@id":"https:\/\/theo.niranbio.com\/pt-br\/d-glucuronolactona.html#primaryimage"},"thumbnailUrl":"https:\/\/theo.niranbio.com\/wp-content\/uploads\/2024\/06\/D-Glucuronolactone.webp","datePublished":"2024-06-20T03:19:16+00:00","dateModified":"2024-08-12T10:01:47+00:00","description":"Nossa D-Glucuronolactona \u00e9 um p\u00f3 branco e se dissolve facilmente em \u00e1gua, metanol e, em menor grau, etanol. As ind\u00fastrias aliment\u00edcia e de medicamentos a usam extensivamente.","breadcrumb":{"@id":"https:\/\/theo.niranbio.com\/pt-br\/d-glucuronolactona.html#breadcrumb"},"inLanguage":"pt-BR","potentialAction":[{"@type":"ReadAction","target":["https:\/\/theo.niranbio.com\/pt-br\/d-glucuronolactona.html"]}]},{"@type":"ImageObject","inLanguage":"pt-BR","@id":"https:\/\/theo.niranbio.com\/pt-br\/d-glucuronolactona.html#primaryimage","url":"https:\/\/theo.niranbio.com\/wp-content\/uploads\/2024\/06\/D-Glucuronolactone.webp","contentUrl":"https:\/\/theo.niranbio.com\/wp-content\/uploads\/2024\/06\/D-Glucuronolactone.webp","width":600,"height":600,"caption":"D-Glucuronolactona"},{"@type":"BreadcrumbList","@id":"https:\/\/theo.niranbio.com\/pt-br\/d-glucuronolactona.html#breadcrumb","itemListElement":[{"@type":"ListItem","position":1,"name":"Home","item":"https:\/\/theo.niranbio.com\/pt-br\/"},{"@type":"ListItem","position":2,"name":"Produtos","item":"https:\/\/theo.niranbio.com\/pt-br\/produtos.html"},{"@type":"ListItem","position":3,"name":"Intensificador de Nutri\u00e7\u00e3o","item":"https:\/\/theo.niranbio.com\/pt-br\/produto-intensificador-de-nutricao\/"},{"@type":"ListItem","position":4,"name":"D-Glucuronolactona"}]},{"@type":"WebSite","@id":"https:\/\/theo.niranbio.com\/pt-br\/#website","url":"https:\/\/theo.niranbio.com\/pt-br\/","name":"Niranbio Chemical","description":"","publisher":{"@id":"https:\/\/theo.niranbio.com\/pt-br\/#organization"},"potentialAction":[{"@type":"SearchAction","target":{"@type":"EntryPoint","urlTemplate":"https:\/\/theo.niranbio.com\/pt-br\/?s={search_term_string}"},"query-input":{"@type":"PropertyValueSpecification","valueRequired":true,"valueName":"search_term_string"}}],"inLanguage":"pt-BR"},{"@type":"Organization","@id":"https:\/\/theo.niranbio.com\/pt-br\/#organization","name":"Niranbio Chemical","url":"https:\/\/theo.niranbio.com\/pt-br\/","logo":{"@type":"ImageObject","inLanguage":"pt-BR","@id":"https:\/\/theo.niranbio.com\/pt-br\/#\/schema\/logo\/image\/","url":"https:\/\/theo.niranbio.com\/wp-content\/uploads\/2024\/06\/Niranbio.png","contentUrl":"https:\/\/theo.niranbio.com\/wp-content\/uploads\/2024\/06\/Niranbio.png","width":270,"height":100,"caption":"Niranbio Chemical"},"image":{"@id":"https:\/\/theo.niranbio.com\/pt-br\/#\/schema\/logo\/image\/"}}]}},"_links":{"self":[{"href":"https:\/\/theo.niranbio.com\/pt-br\/wp-json\/wp\/v2\/product\/9719","targetHints":{"allow":["GET"]}}],"collection":[{"href":"https:\/\/theo.niranbio.com\/pt-br\/wp-json\/wp\/v2\/product"}],"about":[{"href":"https:\/\/theo.niranbio.com\/pt-br\/wp-json\/wp\/v2\/types\/product"}],"version-history":[{"count":0,"href":"https:\/\/theo.niranbio.com\/pt-br\/wp-json\/wp\/v2\/product\/9719\/revisions"}],"wp:featuredmedia":[{"embeddable":true,"href":"https:\/\/theo.niranbio.com\/pt-br\/wp-json\/wp\/v2\/media\/9720"}],"wp:attachment":[{"href":"https:\/\/theo.niranbio.com\/pt-br\/wp-json\/wp\/v2\/media?parent=9719"}],"wp:term":[{"taxonomy":"product_brand","embeddable":true,"href":"https:\/\/theo.niranbio.com\/pt-br\/wp-json\/wp\/v2\/product_brand?post=9719"},{"taxonomy":"product_cat","embeddable":true,"href":"https:\/\/theo.niranbio.com\/pt-br\/wp-json\/wp\/v2\/product_cat?post=9719"},{"taxonomy":"product_tag","embeddable":true,"href":"https:\/\/theo.niranbio.com\/pt-br\/wp-json\/wp\/v2\/product_tag?post=9719"}],"curies":[{"name":"wp","href":"https:\/\/api.w.org\/{rel}","templated":true}]}}