{"id":9714,"date":"2024-06-20T09:50:45","date_gmt":"2024-06-20T01:50:45","guid":{"rendered":"https:\/\/theo.niranbio.com\/diacetato-de-sodio\/"},"modified":"2024-08-19T10:48:17","modified_gmt":"2024-08-19T02:48:17","slug":"diacetato-de-sodio","status":"publish","type":"product","link":"https:\/\/theo.niranbio.com\/pt-br\/diacetato-de-sodio.html","title":{"rendered":"Diacetato de s\u00f3dio"},"content":{"rendered":"<h2><span class=\"ez-toc-section\" id=\"O_que_e_diacetato_de_sodio\"><\/span>O que \u00e9 diacetato de s\u00f3dio?<span class=\"ez-toc-section-end\"><\/span><\/h2>\n<p>O diacetato de s\u00f3dio \u00e9 um composto vers\u00e1til usado em alimentos e ra\u00e7\u00f5es como inibidor de mofo, acidulante e intensificador, caracterizado por suas propriedades est\u00e1veis \u200b\u200be custo-efetividade. Ele aparece como cristais brancos com aroma de \u00e1cido ac\u00e9tico, absorvendo umidade prontamente e altamente sol\u00favel em \u00e1gua. Aprovado como seguro pelo FDA dos EUA, ele funciona efetivamente na preven\u00e7\u00e3o de mofo, preservando o frescor, real\u00e7ando o sabor, aumentando o valor nutricional e promovendo o crescimento em ra\u00e7\u00f5es para gado e aves. Sua produ\u00e7\u00e3o normalmente envolve a rea\u00e7\u00e3o do \u00e1cido ac\u00e9tico com hidr\u00f3xido de s\u00f3dio para produzir acetato de s\u00f3dio, seguido pela cristaliza\u00e7\u00e3o para obter diacetato de s\u00f3dio.<\/p>\n<h2><span class=\"ez-toc-section\" id=\"Parametros_relacionados\"><\/span>Par\u00e2metros relacionados:<span class=\"ez-toc-section-end\"><\/span><\/h2>\n<table>\n<tbody>\n<tr>\n<td width=\"200\"><strong><b>Nome do \u00edndice<\/b><\/strong><\/td>\n<td width=\"153\"><strong><b>Especifica\u00e7\u00f5es FCC V<\/b><\/strong><\/td>\n<td width=\"208\"><strong><b>Especifica\u00e7\u00f5es E262\uff08ii\uff09<\/b><\/strong><\/td>\n<\/tr>\n<tr>\n<td width=\"200\">Identifica\u00e7\u00e3o<\/td>\n<td width=\"153\">Teste de aprova\u00e7\u00e3o<\/td>\n<td width=\"208\">Teste de aprova\u00e7\u00e3o<\/td>\n<\/tr>\n<tr>\n<td width=\"200\">% de \u00e1cido ac\u00e9tico livre<\/td>\n<td width=\"153\">39.0-41.0.<\/td>\n<td width=\"208\">39.0-41.0<\/td>\n<\/tr>\n<tr>\n<td width=\"200\">Acetato de s\u00f3dio %<\/td>\n<td width=\"153\">58.0-60.0<\/td>\n<td width=\"208\">58.0-60.0<\/td>\n<\/tr>\n<tr>\n<td width=\"200\">\u00c1gua %<\/td>\n<td width=\"153\">2,0 m\u00e1x.<\/td>\n<td width=\"208\">2,0 m\u00e1x.<\/td>\n<\/tr>\n<tr>\n<td width=\"200\">PH (solu\u00e7\u00e3o aquosa a 10%)<\/td>\n<td width=\"153\">4.5-5.0<\/td>\n<td width=\"208\">4.5-5.0<\/td>\n<\/tr>\n<tr>\n<td width=\"200\">\u00c1cido f\u00f3rmico e mat\u00e9rias f\u00e1ceis de oxidar %<\/td>\n<td width=\"153\">\u22640.2<\/td>\n<td width=\"208\">\u22640.1<\/td>\n<\/tr>\n<tr>\n<td width=\"200\">Ars\u00eanico (As) mg\/kg<\/td>\n<td width=\"153\">&#8212;&#8212;<\/td>\n<td width=\"208\">3 m\u00e1ximo<\/td>\n<\/tr>\n<tr>\n<td width=\"200\">Merc\u00fario (Hg) mg\/kg<\/td>\n<td width=\"153\">&#8212;&#8212;<\/td>\n<td width=\"208\">1max<\/td>\n<\/tr>\n<tr>\n<td width=\"200\">Chumbo\uff08Pb\uff09ppm<\/td>\n<td width=\"153\">2 m\u00e1x.<\/td>\n<td width=\"208\">2 m\u00e1x.<\/td>\n<\/tr>\n<tr>\n<td width=\"200\">Metal pesado ppm<\/td>\n<td width=\"153\">10 m\u00e1x.<\/td>\n<td width=\"208\">10 m\u00e1x.<\/td>\n<\/tr>\n<tr>\n<td width=\"200\">Tamanho da part\u00edcula<\/td>\n<td width=\"153\">60-120mesh<\/td>\n<td width=\"208\">60-120mesh<\/td>\n<\/tr>\n<\/tbody>\n<\/table>\n<h2><span class=\"ez-toc-section\" id=\"Dosagem_recomendada\"><\/span><strong><b>Dosagem recomendada<\/b><\/strong><span class=\"ez-toc-section-end\"><\/span><\/h2>\n<table>\n<tbody>\n<tr>\n<td width=\"181\">Nome do alimento<\/td>\n<td width=\"202\">Uso m\u00e1ximo (g\/kg)<\/td>\n<\/tr>\n<tr>\n<td width=\"181\">Tofu seco<\/td>\n<td width=\"202\">1g\/kg<\/td>\n<\/tr>\n<tr>\n<td width=\"181\">Produtos de tofu seco<\/td>\n<td width=\"202\">1g\/kg<\/td>\n<\/tr>\n<tr>\n<td width=\"181\">Gr\u00e3os crus<\/td>\n<td width=\"202\">1g\/kg<\/td>\n<\/tr>\n<tr>\n<td width=\"181\">P\u00e9rolas de tapioca<\/td>\n<td width=\"202\">4g\/kg<\/td>\n<\/tr>\n<tr>\n<td width=\"181\">Bolos<\/td>\n<td width=\"202\">4g\/kg<\/td>\n<\/tr>\n<tr>\n<td width=\"181\">Produtos de carne pr\u00e9-fabricados<\/td>\n<td width=\"202\">3g\/kg<\/td>\n<\/tr>\n<tr>\n<td width=\"181\">Produtos de carne cozidos<\/td>\n<td width=\"202\">3g\/kg<\/td>\n<\/tr>\n<tr>\n<td width=\"181\">Produtos aqu\u00e1ticos cozidos (podem ser consumidos diretamente)<\/td>\n<td width=\"202\">1g\/kg<\/td>\n<\/tr>\n<tr>\n<td width=\"181\">Temperos<\/td>\n<td width=\"202\">2,5 kg<\/td>\n<\/tr>\n<tr>\n<td width=\"181\">Temperos compostos<\/td>\n<td width=\"202\">10g\/kg<\/td>\n<\/tr>\n<tr>\n<td width=\"181\">Alimentos inchados<\/td>\n<td width=\"202\">1g\/kg<\/td>\n<\/tr>\n<\/tbody>\n<\/table>\n<h2><span class=\"ez-toc-section\" id=\"Sodium_Diacetate_has_a_wide_range_of_uses\"><\/span><strong><b>Sodium Diacetate<\/b><\/strong><strong><b> has a wide range of uses<\/b><\/strong><span class=\"ez-toc-section-end\"><\/span><\/h2>\n<h3><span class=\"ez-toc-section\" id=\"1_Antimofo\"><\/span>1. Antimofo<span class=\"ez-toc-section-end\"><\/span><\/h3>\n<p>O diacetato de s\u00f3dio \u00e9 principalmente antibacteriano por meio da libera\u00e7\u00e3o de \u00e1cido ac\u00e9tico de mol\u00e9cula \u00fanica quando dissolvido em \u00e1gua. O \u00e1cido ac\u00e9tico de mol\u00e9cula \u00fanica liberado pode penetrar na parede celular do mofo, entrar no microrganismo, interferir na intera\u00e7\u00e3o de enzimas, desnaturar a prote\u00edna intracelular e inibir o crescimento e a reprodu\u00e7\u00e3o do mofo. Tem um bom efeito em Trichoderma verde, Listeria, Rhizopus e Aspergillus flavus.<\/p>\n<h3><span class=\"ez-toc-section\" id=\"2_Anticorrosao\"><\/span>2. Anticorros\u00e3o<span class=\"ez-toc-section-end\"><\/span><\/h3>\n<p>O diacetato de s\u00f3dio tem um certo efeito de preserva\u00e7\u00e3o, que pode evitar que os alimentos sejam invadidos por v\u00e1rios microrganismos durante o armazenamento de longo prazo, inibir a sobreviv\u00eancia, o crescimento e a reprodu\u00e7\u00e3o de microrganismos e evitar que os alimentos estraguem.<\/p>\n<h3><span class=\"ez-toc-section\" id=\"3_Melhorar_o_sabor_dos_alimentos\"><\/span>3. Melhorar o sabor dos alimentos<span class=\"ez-toc-section-end\"><\/span><\/h3>\n<p>O diacetato de s\u00f3dio pode ser usado como um acidulante para adicionar sabores espec\u00edficos aos alimentos, equilibrar o sabor dos alimentos, estimular as papilas gustativas, tornar o sabor dos alimentos mais delicioso e melhorar o sabor dos alimentos em geral.<\/p>\n<h3><span class=\"ez-toc-section\" id=\"4_Desinfeccao\"><\/span>4. Desinfec\u00e7\u00e3o<span class=\"ez-toc-section-end\"><\/span><\/h3>\n<p>Devido \u00e0s suas propriedades qu\u00edmicas \u00fanicas e mecanismo de crescimento antimicrobiano, os componentes do diacetato de s\u00f3dio podem penetrar na parede celular de microrganismos para desnatur\u00e1-los, alcan\u00e7ando o efeito de desinfec\u00e7\u00e3o e antibacteriano.<\/p>\n<h2><span class=\"ez-toc-section\" id=\"O_usuario_fez_a_seguinte_pergunta\"><\/span>O usu\u00e1rio fez a seguinte pergunta:<span class=\"ez-toc-section-end\"><\/span><\/h2>\n<p>Pergunta: Quais s\u00e3o as caracter\u00edsticas do diacetato de s\u00f3dio em termos de efeito antimofo?<\/p>\n<p>Resposta: 1. Seus efeitos antimofo e anticorros\u00e3o superam os dos benzoatos.<\/p>\n<p>2. O sabor azedo \u00e9 suave, superando o cheiro irritante exclusivo dos propionatos.<\/p>\n<p>3. Suas aplica\u00e7\u00f5es s\u00e3o extensas, abrangendo medidas antimofo e anticorros\u00e3o em diversos alimentos. Al\u00e9m disso, ele encontra amplo uso em produtos farmac\u00eauticos, tabaco, fabrica\u00e7\u00e3o de papel, preserva\u00e7\u00e3o de frutas, ra\u00e7\u00e3o e outros setores.<\/p>\n<p>4. Seus m\u00e9todos de aplica\u00e7\u00e3o s\u00e3o convenientes e adapt\u00e1veis, permitindo adi\u00e7\u00e3o direta, pulveriza\u00e7\u00e3o ou imers\u00e3o.<\/p>\n<p>5. Ele preserva as caracter\u00edsticas originais dos alimentos sem ser influenciado pelo pH do alimento. Ele participa ativamente do metabolismo humano, produzindo CO2 e H2O, e integra-se perfeitamente aos alimentos, mantendo sua cor original, aroma e perfil nutricional.<\/p>\n","protected":false},"excerpt":{"rendered":"<ul>\n<li>CAS: 126-96-5<\/li>\n<li>F\u00f3rmula qu\u00edmica: C4H7NaO4*XH2O<\/li>\n<li>Certifica\u00e7\u00f5es: KOSHER, ISO, HALAL, FSSC22000, BRC, etc.<\/li>\n<li>Padr\u00e3o: FCC\/E262<\/li>\n<li>Quantidade m\u00ednima do pedido: 1000KG<\/li>\n<\/ul>\n","protected":false},"featured_media":7997,"template":"","meta":{"site-sidebar-layout":"default","site-content-layout":"","ast-site-content-layout":"default","site-content-style":"default","site-sidebar-style":"default","ast-global-header-display":"","ast-banner-title-visibility":"","ast-main-header-display":"","ast-hfb-above-header-display":"","ast-hfb-below-header-display":"","ast-hfb-mobile-header-display":"","site-post-title":"","ast-breadcrumbs-content":"","ast-featured-img":"","footer-sml-layout":"","theme-transparent-header-meta":"default","adv-header-id-meta":"","stick-header-meta":"","header-above-stick-meta":"","header-main-stick-meta":"","header-below-stick-meta":"","astra-migrate-meta-layouts":"set","ast-page-background-enabled":"default","ast-page-background-meta":{"desktop":{"background-color":"var(--ast-global-color-4)","background-image":"","background-repeat":"repeat","background-position":"center center","background-size":"auto","background-attachment":"scroll","background-type":"","background-media":"","overlay-type":"","overlay-color":"","overlay-opacity":"","overlay-gradient":""},"tablet":{"background-color":"","background-image":"","background-repeat":"repeat","background-position":"center center","background-size":"auto","background-attachment":"scroll","background-type":"","background-media":"","overlay-type":"","overlay-color":"","overlay-opacity":"","overlay-gradient":""},"mobile":{"background-color":"","background-image":"","background-repeat":"repeat","background-position":"center center","background-size":"auto","background-attachment":"scroll","background-type":"","background-media":"","overlay-type":"","overlay-color":"","overlay-opacity":"","overlay-gradient":""}},"ast-content-background-meta":{"desktop":{"background-color":"var(--ast-global-color-5)","background-image":"","background-repeat":"repeat","background-position":"center center","background-size":"auto","background-attachment":"scroll","background-type":"","background-media":"","overlay-type":"","overlay-color":"","overlay-opacity":"","overlay-gradient":""},"tablet":{"background-color":"var(--ast-global-color-5)","background-image":"","background-repeat":"repeat","background-position":"center center","background-size":"auto","background-attachment":"scroll","background-type":"","background-media":"","overlay-type":"","overlay-color":"","overlay-opacity":"","overlay-gradient":""},"mobile":{"background-color":"var(--ast-global-color-5)","background-image":"","background-repeat":"repeat","background-position":"center center","background-size":"auto","background-attachment":"scroll","background-type":"","background-media":"","overlay-type":"","overlay-color":"","overlay-opacity":"","overlay-gradient":""}}},"product_brand":[],"product_cat":[93],"product_tag":[],"class_list":{"0":"post-9714","1":"product","2":"type-product","3":"status-publish","4":"has-post-thumbnail","6":"product_cat-produto-conservante","7":"desktop-align-center","8":"tablet-align-left","9":"mobile-align-left","11":"first","12":"instock","13":"shipping-taxable","14":"product-type-simple"},"yoast_head":"<!-- This site is optimized with the Yoast SEO plugin v26.5 - https:\/\/yoast.com\/wordpress\/plugins\/seo\/ -->\n<title>Fabricante de Diacetato de S\u00f3dio, E262 Comprar | Niranbio Chemical<\/title>\n<meta name=\"description\" content=\"Nosso Diacetato de S\u00f3dio (E262) aparece como cristais brancos, aprovados pela FDA, funciona efetivamente na preven\u00e7\u00e3o de mofo, preservando o frescor, real\u00e7ando o sabor e aumentando o valor nutricional.\" \/>\n<meta name=\"robots\" content=\"noindex, follow, max-snippet:-1, max-image-preview:large, max-video-preview:-1\" \/>\n<meta name=\"twitter:label1\" content=\"Est. tempo de leitura\" \/>\n\t<meta name=\"twitter:data1\" content=\"3 minutos\" \/>\n<script type=\"application\/ld+json\" class=\"yoast-schema-graph\">{\"@context\":\"https:\/\/schema.org\",\"@graph\":[{\"@type\":\"WebPage\",\"@id\":\"https:\/\/theo.niranbio.com\/pt-br\/diacetato-de-sodio.html\",\"url\":\"https:\/\/theo.niranbio.com\/pt-br\/diacetato-de-sodio.html\",\"name\":\"Fabricante de Diacetato de S\u00f3dio, E262 Comprar | Niranbio Chemical\",\"isPartOf\":{\"@id\":\"https:\/\/theo.niranbio.com\/pt-br\/#website\"},\"primaryImageOfPage\":{\"@id\":\"https:\/\/theo.niranbio.com\/pt-br\/diacetato-de-sodio.html#primaryimage\"},\"image\":{\"@id\":\"https:\/\/theo.niranbio.com\/pt-br\/diacetato-de-sodio.html#primaryimage\"},\"thumbnailUrl\":\"https:\/\/theo.niranbio.com\/wp-content\/uploads\/2024\/06\/Sodium-Diacetate.webp\",\"datePublished\":\"2024-06-20T01:50:45+00:00\",\"dateModified\":\"2024-08-19T02:48:17+00:00\",\"description\":\"Nosso Diacetato de S\u00f3dio (E262) aparece como cristais brancos, aprovados pela FDA, funciona efetivamente na preven\u00e7\u00e3o de mofo, preservando o frescor, real\u00e7ando o sabor e aumentando o valor nutricional.\",\"breadcrumb\":{\"@id\":\"https:\/\/theo.niranbio.com\/pt-br\/diacetato-de-sodio.html#breadcrumb\"},\"inLanguage\":\"pt-BR\",\"potentialAction\":[{\"@type\":\"ReadAction\",\"target\":[\"https:\/\/theo.niranbio.com\/pt-br\/diacetato-de-sodio.html\"]}]},{\"@type\":\"ImageObject\",\"inLanguage\":\"pt-BR\",\"@id\":\"https:\/\/theo.niranbio.com\/pt-br\/diacetato-de-sodio.html#primaryimage\",\"url\":\"https:\/\/theo.niranbio.com\/wp-content\/uploads\/2024\/06\/Sodium-Diacetate.webp\",\"contentUrl\":\"https:\/\/theo.niranbio.com\/wp-content\/uploads\/2024\/06\/Sodium-Diacetate.webp\",\"width\":600,\"height\":600,\"caption\":\"Diacetato de S\u00f3dio\"},{\"@type\":\"BreadcrumbList\",\"@id\":\"https:\/\/theo.niranbio.com\/pt-br\/diacetato-de-sodio.html#breadcrumb\",\"itemListElement\":[{\"@type\":\"ListItem\",\"position\":1,\"name\":\"Home\",\"item\":\"https:\/\/theo.niranbio.com\/pt-br\/\"},{\"@type\":\"ListItem\",\"position\":2,\"name\":\"Produtos\",\"item\":\"https:\/\/theo.niranbio.com\/pt-br\/produtos.html\"},{\"@type\":\"ListItem\",\"position\":3,\"name\":\"Conservante\",\"item\":\"https:\/\/theo.niranbio.com\/pt-br\/produto-conservante\/\"},{\"@type\":\"ListItem\",\"position\":4,\"name\":\"Diacetato de s\u00f3dio\"}]},{\"@type\":\"WebSite\",\"@id\":\"https:\/\/theo.niranbio.com\/pt-br\/#website\",\"url\":\"https:\/\/theo.niranbio.com\/pt-br\/\",\"name\":\"Niranbio Chemical\",\"description\":\"\",\"publisher\":{\"@id\":\"https:\/\/theo.niranbio.com\/pt-br\/#organization\"},\"potentialAction\":[{\"@type\":\"SearchAction\",\"target\":{\"@type\":\"EntryPoint\",\"urlTemplate\":\"https:\/\/theo.niranbio.com\/pt-br\/?s={search_term_string}\"},\"query-input\":{\"@type\":\"PropertyValueSpecification\",\"valueRequired\":true,\"valueName\":\"search_term_string\"}}],\"inLanguage\":\"pt-BR\"},{\"@type\":\"Organization\",\"@id\":\"https:\/\/theo.niranbio.com\/pt-br\/#organization\",\"name\":\"Niranbio Chemical\",\"url\":\"https:\/\/theo.niranbio.com\/pt-br\/\",\"logo\":{\"@type\":\"ImageObject\",\"inLanguage\":\"pt-BR\",\"@id\":\"https:\/\/theo.niranbio.com\/pt-br\/#\/schema\/logo\/image\/\",\"url\":\"https:\/\/theo.niranbio.com\/wp-content\/uploads\/2024\/06\/Niranbio.png\",\"contentUrl\":\"https:\/\/theo.niranbio.com\/wp-content\/uploads\/2024\/06\/Niranbio.png\",\"width\":270,\"height\":100,\"caption\":\"Niranbio Chemical\"},\"image\":{\"@id\":\"https:\/\/theo.niranbio.com\/pt-br\/#\/schema\/logo\/image\/\"}}]}<\/script>\n<!-- \/ Yoast SEO plugin. -->","yoast_head_json":{"title":"Fabricante de Diacetato de S\u00f3dio, E262 Comprar | Niranbio Chemical","description":"Nosso Diacetato de S\u00f3dio (E262) aparece como cristais brancos, aprovados pela FDA, funciona efetivamente na preven\u00e7\u00e3o de mofo, preservando o frescor, real\u00e7ando o sabor e aumentando o valor nutricional.","robots":{"index":"noindex","follow":"follow","max-snippet":"max-snippet:-1","max-image-preview":"max-image-preview:large","max-video-preview":"max-video-preview:-1"},"twitter_misc":{"Est. tempo de leitura":"3 minutos"},"schema":{"@context":"https:\/\/schema.org","@graph":[{"@type":"WebPage","@id":"https:\/\/theo.niranbio.com\/pt-br\/diacetato-de-sodio.html","url":"https:\/\/theo.niranbio.com\/pt-br\/diacetato-de-sodio.html","name":"Fabricante de Diacetato de S\u00f3dio, E262 Comprar | Niranbio Chemical","isPartOf":{"@id":"https:\/\/theo.niranbio.com\/pt-br\/#website"},"primaryImageOfPage":{"@id":"https:\/\/theo.niranbio.com\/pt-br\/diacetato-de-sodio.html#primaryimage"},"image":{"@id":"https:\/\/theo.niranbio.com\/pt-br\/diacetato-de-sodio.html#primaryimage"},"thumbnailUrl":"https:\/\/theo.niranbio.com\/wp-content\/uploads\/2024\/06\/Sodium-Diacetate.webp","datePublished":"2024-06-20T01:50:45+00:00","dateModified":"2024-08-19T02:48:17+00:00","description":"Nosso Diacetato de S\u00f3dio (E262) aparece como cristais brancos, aprovados pela FDA, funciona efetivamente na preven\u00e7\u00e3o de mofo, preservando o frescor, real\u00e7ando o sabor e aumentando o valor nutricional.","breadcrumb":{"@id":"https:\/\/theo.niranbio.com\/pt-br\/diacetato-de-sodio.html#breadcrumb"},"inLanguage":"pt-BR","potentialAction":[{"@type":"ReadAction","target":["https:\/\/theo.niranbio.com\/pt-br\/diacetato-de-sodio.html"]}]},{"@type":"ImageObject","inLanguage":"pt-BR","@id":"https:\/\/theo.niranbio.com\/pt-br\/diacetato-de-sodio.html#primaryimage","url":"https:\/\/theo.niranbio.com\/wp-content\/uploads\/2024\/06\/Sodium-Diacetate.webp","contentUrl":"https:\/\/theo.niranbio.com\/wp-content\/uploads\/2024\/06\/Sodium-Diacetate.webp","width":600,"height":600,"caption":"Diacetato de S\u00f3dio"},{"@type":"BreadcrumbList","@id":"https:\/\/theo.niranbio.com\/pt-br\/diacetato-de-sodio.html#breadcrumb","itemListElement":[{"@type":"ListItem","position":1,"name":"Home","item":"https:\/\/theo.niranbio.com\/pt-br\/"},{"@type":"ListItem","position":2,"name":"Produtos","item":"https:\/\/theo.niranbio.com\/pt-br\/produtos.html"},{"@type":"ListItem","position":3,"name":"Conservante","item":"https:\/\/theo.niranbio.com\/pt-br\/produto-conservante\/"},{"@type":"ListItem","position":4,"name":"Diacetato de s\u00f3dio"}]},{"@type":"WebSite","@id":"https:\/\/theo.niranbio.com\/pt-br\/#website","url":"https:\/\/theo.niranbio.com\/pt-br\/","name":"Niranbio Chemical","description":"","publisher":{"@id":"https:\/\/theo.niranbio.com\/pt-br\/#organization"},"potentialAction":[{"@type":"SearchAction","target":{"@type":"EntryPoint","urlTemplate":"https:\/\/theo.niranbio.com\/pt-br\/?s={search_term_string}"},"query-input":{"@type":"PropertyValueSpecification","valueRequired":true,"valueName":"search_term_string"}}],"inLanguage":"pt-BR"},{"@type":"Organization","@id":"https:\/\/theo.niranbio.com\/pt-br\/#organization","name":"Niranbio Chemical","url":"https:\/\/theo.niranbio.com\/pt-br\/","logo":{"@type":"ImageObject","inLanguage":"pt-BR","@id":"https:\/\/theo.niranbio.com\/pt-br\/#\/schema\/logo\/image\/","url":"https:\/\/theo.niranbio.com\/wp-content\/uploads\/2024\/06\/Niranbio.png","contentUrl":"https:\/\/theo.niranbio.com\/wp-content\/uploads\/2024\/06\/Niranbio.png","width":270,"height":100,"caption":"Niranbio Chemical"},"image":{"@id":"https:\/\/theo.niranbio.com\/pt-br\/#\/schema\/logo\/image\/"}}]}},"_links":{"self":[{"href":"https:\/\/theo.niranbio.com\/pt-br\/wp-json\/wp\/v2\/product\/9714","targetHints":{"allow":["GET"]}}],"collection":[{"href":"https:\/\/theo.niranbio.com\/pt-br\/wp-json\/wp\/v2\/product"}],"about":[{"href":"https:\/\/theo.niranbio.com\/pt-br\/wp-json\/wp\/v2\/types\/product"}],"version-history":[{"count":0,"href":"https:\/\/theo.niranbio.com\/pt-br\/wp-json\/wp\/v2\/product\/9714\/revisions"}],"wp:featuredmedia":[{"embeddable":true,"href":"https:\/\/theo.niranbio.com\/pt-br\/wp-json\/wp\/v2\/media\/7997"}],"wp:attachment":[{"href":"https:\/\/theo.niranbio.com\/pt-br\/wp-json\/wp\/v2\/media?parent=9714"}],"wp:term":[{"taxonomy":"product_brand","embeddable":true,"href":"https:\/\/theo.niranbio.com\/pt-br\/wp-json\/wp\/v2\/product_brand?post=9714"},{"taxonomy":"product_cat","embeddable":true,"href":"https:\/\/theo.niranbio.com\/pt-br\/wp-json\/wp\/v2\/product_cat?post=9714"},{"taxonomy":"product_tag","embeddable":true,"href":"https:\/\/theo.niranbio.com\/pt-br\/wp-json\/wp\/v2\/product_tag?post=9714"}],"curies":[{"name":"wp","href":"https:\/\/api.w.org\/{rel}","templated":true}]}}