{"id":9711,"date":"2024-06-20T11:20:18","date_gmt":"2024-06-20T03:20:18","guid":{"rendered":"https:\/\/theo.niranbio.com\/glicina\/"},"modified":"2024-08-13T16:01:59","modified_gmt":"2024-08-13T08:01:59","slug":"glicina","status":"publish","type":"product","link":"https:\/\/theo.niranbio.com\/pt-br\/glicina.html","title":{"rendered":"Glicina"},"content":{"rendered":"<h2><span class=\"ez-toc-section\" id=\"O_que_e_glicina\"><\/span>O que \u00e9 glicina?<span class=\"ez-toc-section-end\"><\/span><\/h2>\n<p>A glicina \u00e9 um p\u00f3 cristalino que parece branco a esbranqui\u00e7ado e \u00e9 um amino\u00e1cido n\u00e3o essencial. Ela se dissolve rapidamente em \u00e1gua, n\u00e3o tem odor e n\u00e3o \u00e9 t\u00f3xica. Muitas ind\u00fastrias, incluindo aliment\u00edcia, m\u00e9dica e empresarial, podem us\u00e1-la. Existem dois processos principais de prepara\u00e7\u00e3o para glicina. O primeiro \u00e9 o m\u00e9todo de fermenta\u00e7\u00e3o, que usa microrganismos (como bact\u00e9rias ou leveduras espec\u00edficas) para converter mat\u00e9rias-primas como a\u00e7\u00facares em glicina em um ambiente de cultura controlado. Esta t\u00e9cnica usa um processo de produ\u00e7\u00e3o verde e \u00e9 amig\u00e1vel ao meio ambiente. Ela pode produzir glicina de alta pureza e \u00e9 adequada para aplica\u00e7\u00f5es com altos requisitos de seguran\u00e7a e pureza de alimentos.<\/p>\n<p>No entanto, o m\u00e9todo de fermenta\u00e7\u00e3o tem um longo ciclo de produ\u00e7\u00e3o e altos requisitos de equipamento e tecnologia. O segundo \u00e9 usar s\u00edntese qu\u00edmica para sintetizar glicina a partir de mat\u00e9rias-primas qu\u00edmicas simples por meio do m\u00e9todo de carbamato ou m\u00e9todo de redu\u00e7\u00e3o de amino\u00e1cidos. A produ\u00e7\u00e3o industrial em larga escala pode se beneficiar da alta efici\u00eancia de produ\u00e7\u00e3o deste m\u00e9todo, no entanto, o tratamento de res\u00edduos e a possibilidade de subprodutos qu\u00edmicos s\u00e3o necess\u00e1rios. Em geral, a s\u00edntese qu\u00edmica ainda \u00e9 o processo principal na produ\u00e7\u00e3o de glicina de grau aliment\u00edcio porque pode atender \u00e0s necessidades de produ\u00e7\u00e3o em larga escala.<\/p>\n<h2><span class=\"ez-toc-section\" id=\"Parametros_relacionados\"><\/span>Par\u00e2metros relacionados:<span class=\"ez-toc-section-end\"><\/span><\/h2>\n<table>\n<tbody>\n<tr>\n<td><strong>Itens<\/strong><\/td>\n<td><strong>Especifica\u00e7\u00e3o<\/strong><\/td>\n<\/tr>\n<tr>\n<td>Ensaio (C2H5NO2) (%)<\/td>\n<td>98.5\uff5e101.5<\/td>\n<\/tr>\n<tr>\n<td>Perda na secagem (%)<\/td>\n<td>\u22640.2<\/td>\n<\/tr>\n<tr>\n<td>Res\u00edduo na igni\u00e7\u00e3o (como cinza sulfatada) (%)<\/td>\n<td>\u2264 0.1<\/td>\n<\/tr>\n<tr>\n<td>Cloreto (As Cl) (%)<\/td>\n<td>\u22640.02<\/td>\n<\/tr>\n<tr>\n<td>Sulfato (As SO4) (%)<\/td>\n<td>0.0065<\/td>\n<\/tr>\n<tr>\n<td>Am\u00f4nio (como NH4) =&lt; %<\/td>\n<td>0.01<\/td>\n<\/tr>\n<tr>\n<td>Ars\u00eanico (As As) =&lt; %<\/td>\n<td>0.0001<\/td>\n<\/tr>\n<tr>\n<td>Chumbo (As Pb) =&lt; %<\/td>\n<td>0.0005<\/td>\n<\/tr>\n<\/tbody>\n<\/table>\n<h2><span class=\"ez-toc-section\" id=\"Dosagem_recomendada\"><\/span>Dosagem recomendada:<span class=\"ez-toc-section-end\"><\/span><\/h2>\n<table>\n<tbody>\n<tr>\n<td><strong>Nome do alimento<\/strong><\/td>\n<td><strong>Uso m\u00e1ximo (g\/kg)<\/strong><\/td>\n<\/tr>\n<tr>\n<td>Bebidas esportivas<\/td>\n<td>0,5-1 g\/kg<\/td>\n<\/tr>\n<tr>\n<td>Iogurte<\/td>\n<td>0,5-1 g\/kg<\/td>\n<\/tr>\n<tr>\n<td>Produtos l\u00e1cteos<\/td>\n<td>0,3-0,5 g\/kg<\/td>\n<\/tr>\n<tr>\n<td>Sorvete<\/td>\n<td>0,5-1 g\/kg<\/td>\n<\/tr>\n<tr>\n<td>Biscoitos<\/td>\n<td>0,3-0,5 g\/kg<\/td>\n<\/tr>\n<tr>\n<td>Bebidas \u00e0 base de suco<\/td>\n<td>0,5-1 g\/kg<\/td>\n<\/tr>\n<tr>\n<td>Molhos<\/td>\n<td>0,3-0,5 g\/kg<\/td>\n<\/tr>\n<tr>\n<td>Produtos de panifica\u00e7\u00e3o<\/td>\n<td>0,5-1 g\/kg<\/td>\n<\/tr>\n<tr>\n<td>Chocolate e doces<\/td>\n<td>0,3-0,5 g\/kg<\/td>\n<\/tr>\n<tr>\n<td>Geleia e pudim<\/td>\n<td>0,5-1 g\/kg<\/td>\n<\/tr>\n<\/tbody>\n<\/table>\n<h2><span class=\"ez-toc-section\" id=\"A_glicina_tem_uma_ampla_gama_de_usos\"><\/span>A glicina tem uma ampla gama de usos<span class=\"ez-toc-section-end\"><\/span><\/h2>\n<ol>\n<li>Melhora as caracter\u00edsticas de sabor dos alimentos: a glicina, como um amino\u00e1cido, tem a fun\u00e7\u00e3o de um intensificador de do\u00e7ura, o que pode aumentar significativamente a do\u00e7ura dos alimentos e reduzir a depend\u00eancia de outros ado\u00e7antes.<\/li>\n<li>Antioxidante: a glicina pode ser usada como um antioxidante no processamento de alimentos, o que ajuda a estender a vida \u00fatil e a estabilidade dos alimentos e a reduzir a rea\u00e7\u00e3o de oxida\u00e7\u00e3o dos alimentos.<\/li>\n<li>Regulador \u00e1cido-base: devido \u00e0 sua composi\u00e7\u00e3o alcalina, pode ser empregado como um regulador \u00e1cido-base no processamento de alimentos para melhor preservar o sabor e os n\u00edveis de pH dos alimentos.<\/li>\n<li>Melhora o valor nutricional dos alimentos: como um amino\u00e1cido, a glicina \u00e9 um dos componentes importantes da prote\u00edna, o que pode aumentar o valor nutricional dos alimentos e \u00e9 ben\u00e9fico para a sa\u00fade.<\/li>\n<li>Melhorar a estrutura e a estabilidade dos alimentos: Em alimentos processados, a glicina pode melhorar a estrutura e a textura dos alimentos, melhorar sua estabilidade e sabor e torn\u00e1-los mais adequados para armazenamento e transporte.<\/li>\n<\/ol>\n<h2><span class=\"ez-toc-section\" id=\"Pergunta_feita_pelo_usuario\"><\/span>Pergunta feita pelo usu\u00e1rio:<span class=\"ez-toc-section-end\"><\/span><\/h2>\n<p>Pergunta: Quais sintomas ocorrer\u00e3o se o corpo humano n\u00e3o tiver glicina?<\/p>\n<p>Resposta: 1. Problemas do sistema imunol\u00f3gico: A glicina est\u00e1 envolvida na s\u00edntese do timo, que \u00e9 uma mol\u00e9cula importante que regula a fun\u00e7\u00e3o do sistema imunol\u00f3gico. A defici\u00eancia de glicina pode afetar a fun\u00e7\u00e3o normal do sistema imunol\u00f3gico e aumentar o risco de infec\u00e7\u00e3o e inflama\u00e7\u00e3o.<\/p>\n<p>2. Problemas do sistema nervoso: A glicina tem um efeito neuroinibit\u00f3rio no sistema nervoso central e pode regular o equil\u00edbrio dos neurotransmissores. A defici\u00eancia de glicina pode afetar a condu\u00e7\u00e3o nervosa, levando \u00e0 instabilidade emocional, ansiedade, ins\u00f4nia e outros problemas do sistema nervoso.<\/p>\n<p>3. Problemas do sistema digestivo: A glicina est\u00e1 envolvida na s\u00edntese de col\u00e1geno, que \u00e9 um componente importante para manter a estrutura e a fun\u00e7\u00e3o da mucosa do trato digestivo. A defici\u00eancia de glicina pode causar danos \u00e0 mucosa do trato digestivo, causando indigest\u00e3o, inflama\u00e7\u00e3o gastrointestinal e outros problemas.<\/p>\n<p>4. Problemas metab\u00f3licos: A glicina participa de m\u00faltiplas vias metab\u00f3licas no corpo, incluindo o metabolismo do a\u00e7\u00facar e o metabolismo dos \u00e1cidos graxos. A defici\u00eancia de glicina pode afetar o metabolismo energ\u00e9tico no corpo, levando \u00e0 diminui\u00e7\u00e3o da for\u00e7a f\u00edsica e ao aumento da fadiga.<\/p>\n<p>5. Problemas musculares: A glicina desempenha um papel importante na constru\u00e7\u00e3o de prote\u00edna muscular e \u00e9 uma das importantes reservas de energia e subst\u00e2ncias de suprimento no corpo. A falta de glicina pode afetar a fun\u00e7\u00e3o normal dos m\u00fasculos, levando \u00e0 atrofia muscular, perda de for\u00e7a e outros problemas.<\/p>\n","protected":false},"excerpt":{"rendered":"<ul>\n<li>CAS: 56-40-6<\/li>\n<li>F\u00f3rmula Qu\u00edmica: C<sub>2<\/sub>H<sub>5<\/sub>NO<sub>2<\/sub><\/li>\n<li>Certifica\u00e7\u00f5es: KOSHER, ISO, HALAL, FSSC 22000, BRC, etc.<\/li>\n<li>Quantidade m\u00ednima do pedido: 1000KG<\/li>\n<li>Prazo de validade: 2 anos<\/li>\n<\/ul>\n","protected":false},"featured_media":9712,"template":"","meta":{"site-sidebar-layout":"default","site-content-layout":"","ast-site-content-layout":"default","site-content-style":"default","site-sidebar-style":"default","ast-global-header-display":"","ast-banner-title-visibility":"","ast-main-header-display":"","ast-hfb-above-header-display":"","ast-hfb-below-header-display":"","ast-hfb-mobile-header-display":"","site-post-title":"","ast-breadcrumbs-content":"","ast-featured-img":"","footer-sml-layout":"","theme-transparent-header-meta":"default","adv-header-id-meta":"","stick-header-meta":"","header-above-stick-meta":"","header-main-stick-meta":"","header-below-stick-meta":"","astra-migrate-meta-layouts":"set","ast-page-background-enabled":"default","ast-page-background-meta":{"desktop":{"background-color":"var(--ast-global-color-4)","background-image":"","background-repeat":"repeat","background-position":"center center","background-size":"auto","background-attachment":"scroll","background-type":"","background-media":"","overlay-type":"","overlay-color":"","overlay-opacity":"","overlay-gradient":""},"tablet":{"background-color":"","background-image":"","background-repeat":"repeat","background-position":"center center","background-size":"auto","background-attachment":"scroll","background-type":"","background-media":"","overlay-type":"","overlay-color":"","overlay-opacity":"","overlay-gradient":""},"mobile":{"background-color":"","background-image":"","background-repeat":"repeat","background-position":"center center","background-size":"auto","background-attachment":"scroll","background-type":"","background-media":"","overlay-type":"","overlay-color":"","overlay-opacity":"","overlay-gradient":""}},"ast-content-background-meta":{"desktop":{"background-color":"var(--ast-global-color-5)","background-image":"","background-repeat":"repeat","background-position":"center center","background-size":"auto","background-attachment":"scroll","background-type":"","background-media":"","overlay-type":"","overlay-color":"","overlay-opacity":"","overlay-gradient":""},"tablet":{"background-color":"var(--ast-global-color-5)","background-image":"","background-repeat":"repeat","background-position":"center center","background-size":"auto","background-attachment":"scroll","background-type":"","background-media":"","overlay-type":"","overlay-color":"","overlay-opacity":"","overlay-gradient":""},"mobile":{"background-color":"var(--ast-global-color-5)","background-image":"","background-repeat":"repeat","background-position":"center center","background-size":"auto","background-attachment":"scroll","background-type":"","background-media":"","overlay-type":"","overlay-color":"","overlay-opacity":"","overlay-gradient":""}}},"product_brand":[],"product_cat":[89],"product_tag":[],"class_list":{"0":"post-9711","1":"product","2":"type-product","3":"status-publish","4":"has-post-thumbnail","6":"product_cat-produto-intensificador-de-nutricao","7":"desktop-align-center","8":"tablet-align-left","9":"mobile-align-left","11":"first","12":"instock","13":"shipping-taxable","14":"product-type-simple"},"yoast_head":"<!-- This site is optimized with the Yoast SEO plugin v26.5 - https:\/\/yoast.com\/wordpress\/plugins\/seo\/ -->\n<title>Fabricante de Glicina, E640 Glicina em P\u00f3 Atacado a Granel | Niranbio Chemical<\/title>\n<meta name=\"description\" content=\"Nossa glicina \u00e9 um p\u00f3 cristalino que parece branco a esbranqui\u00e7ado e \u00e9 um amino\u00e1cido n\u00e3o essencial, pode ser usado em muitas ind\u00fastrias aliment\u00edcias.\" \/>\n<meta name=\"robots\" content=\"noindex, follow, max-snippet:-1, max-image-preview:large, max-video-preview:-1\" \/>\n<meta name=\"twitter:label1\" content=\"Est. tempo de leitura\" \/>\n\t<meta name=\"twitter:data1\" content=\"4 minutos\" \/>\n<script type=\"application\/ld+json\" class=\"yoast-schema-graph\">{\"@context\":\"https:\/\/schema.org\",\"@graph\":[{\"@type\":\"WebPage\",\"@id\":\"https:\/\/theo.niranbio.com\/pt-br\/glicina.html\",\"url\":\"https:\/\/theo.niranbio.com\/pt-br\/glicina.html\",\"name\":\"Fabricante de Glicina, E640 Glicina em P\u00f3 Atacado a Granel | Niranbio Chemical\",\"isPartOf\":{\"@id\":\"https:\/\/theo.niranbio.com\/pt-br\/#website\"},\"primaryImageOfPage\":{\"@id\":\"https:\/\/theo.niranbio.com\/pt-br\/glicina.html#primaryimage\"},\"image\":{\"@id\":\"https:\/\/theo.niranbio.com\/pt-br\/glicina.html#primaryimage\"},\"thumbnailUrl\":\"https:\/\/theo.niranbio.com\/wp-content\/uploads\/2024\/06\/Glycine.webp\",\"datePublished\":\"2024-06-20T03:20:18+00:00\",\"dateModified\":\"2024-08-13T08:01:59+00:00\",\"description\":\"Nossa glicina \u00e9 um p\u00f3 cristalino que parece branco a esbranqui\u00e7ado e \u00e9 um amino\u00e1cido n\u00e3o essencial, pode ser usado em muitas ind\u00fastrias aliment\u00edcias.\",\"breadcrumb\":{\"@id\":\"https:\/\/theo.niranbio.com\/pt-br\/glicina.html#breadcrumb\"},\"inLanguage\":\"pt-BR\",\"potentialAction\":[{\"@type\":\"ReadAction\",\"target\":[\"https:\/\/theo.niranbio.com\/pt-br\/glicina.html\"]}]},{\"@type\":\"ImageObject\",\"inLanguage\":\"pt-BR\",\"@id\":\"https:\/\/theo.niranbio.com\/pt-br\/glicina.html#primaryimage\",\"url\":\"https:\/\/theo.niranbio.com\/wp-content\/uploads\/2024\/06\/Glycine.webp\",\"contentUrl\":\"https:\/\/theo.niranbio.com\/wp-content\/uploads\/2024\/06\/Glycine.webp\",\"width\":600,\"height\":600,\"caption\":\"Glicina\"},{\"@type\":\"BreadcrumbList\",\"@id\":\"https:\/\/theo.niranbio.com\/pt-br\/glicina.html#breadcrumb\",\"itemListElement\":[{\"@type\":\"ListItem\",\"position\":1,\"name\":\"Home\",\"item\":\"https:\/\/theo.niranbio.com\/pt-br\/\"},{\"@type\":\"ListItem\",\"position\":2,\"name\":\"Produtos\",\"item\":\"https:\/\/theo.niranbio.com\/pt-br\/produtos.html\"},{\"@type\":\"ListItem\",\"position\":3,\"name\":\"Intensificador de Nutri\u00e7\u00e3o\",\"item\":\"https:\/\/theo.niranbio.com\/pt-br\/produto-intensificador-de-nutricao\/\"},{\"@type\":\"ListItem\",\"position\":4,\"name\":\"Glicina\"}]},{\"@type\":\"WebSite\",\"@id\":\"https:\/\/theo.niranbio.com\/pt-br\/#website\",\"url\":\"https:\/\/theo.niranbio.com\/pt-br\/\",\"name\":\"Niranbio Chemical\",\"description\":\"\",\"publisher\":{\"@id\":\"https:\/\/theo.niranbio.com\/pt-br\/#organization\"},\"potentialAction\":[{\"@type\":\"SearchAction\",\"target\":{\"@type\":\"EntryPoint\",\"urlTemplate\":\"https:\/\/theo.niranbio.com\/pt-br\/?s={search_term_string}\"},\"query-input\":{\"@type\":\"PropertyValueSpecification\",\"valueRequired\":true,\"valueName\":\"search_term_string\"}}],\"inLanguage\":\"pt-BR\"},{\"@type\":\"Organization\",\"@id\":\"https:\/\/theo.niranbio.com\/pt-br\/#organization\",\"name\":\"Niranbio Chemical\",\"url\":\"https:\/\/theo.niranbio.com\/pt-br\/\",\"logo\":{\"@type\":\"ImageObject\",\"inLanguage\":\"pt-BR\",\"@id\":\"https:\/\/theo.niranbio.com\/pt-br\/#\/schema\/logo\/image\/\",\"url\":\"https:\/\/theo.niranbio.com\/wp-content\/uploads\/2024\/06\/Niranbio.png\",\"contentUrl\":\"https:\/\/theo.niranbio.com\/wp-content\/uploads\/2024\/06\/Niranbio.png\",\"width\":270,\"height\":100,\"caption\":\"Niranbio Chemical\"},\"image\":{\"@id\":\"https:\/\/theo.niranbio.com\/pt-br\/#\/schema\/logo\/image\/\"}}]}<\/script>\n<!-- \/ Yoast SEO plugin. -->","yoast_head_json":{"title":"Fabricante de Glicina, E640 Glicina em P\u00f3 Atacado a Granel | Niranbio Chemical","description":"Nossa glicina \u00e9 um p\u00f3 cristalino que parece branco a esbranqui\u00e7ado e \u00e9 um amino\u00e1cido n\u00e3o essencial, pode ser usado em muitas ind\u00fastrias aliment\u00edcias.","robots":{"index":"noindex","follow":"follow","max-snippet":"max-snippet:-1","max-image-preview":"max-image-preview:large","max-video-preview":"max-video-preview:-1"},"twitter_misc":{"Est. tempo de leitura":"4 minutos"},"schema":{"@context":"https:\/\/schema.org","@graph":[{"@type":"WebPage","@id":"https:\/\/theo.niranbio.com\/pt-br\/glicina.html","url":"https:\/\/theo.niranbio.com\/pt-br\/glicina.html","name":"Fabricante de Glicina, E640 Glicina em P\u00f3 Atacado a Granel | Niranbio Chemical","isPartOf":{"@id":"https:\/\/theo.niranbio.com\/pt-br\/#website"},"primaryImageOfPage":{"@id":"https:\/\/theo.niranbio.com\/pt-br\/glicina.html#primaryimage"},"image":{"@id":"https:\/\/theo.niranbio.com\/pt-br\/glicina.html#primaryimage"},"thumbnailUrl":"https:\/\/theo.niranbio.com\/wp-content\/uploads\/2024\/06\/Glycine.webp","datePublished":"2024-06-20T03:20:18+00:00","dateModified":"2024-08-13T08:01:59+00:00","description":"Nossa glicina \u00e9 um p\u00f3 cristalino que parece branco a esbranqui\u00e7ado e \u00e9 um amino\u00e1cido n\u00e3o essencial, pode ser usado em muitas ind\u00fastrias aliment\u00edcias.","breadcrumb":{"@id":"https:\/\/theo.niranbio.com\/pt-br\/glicina.html#breadcrumb"},"inLanguage":"pt-BR","potentialAction":[{"@type":"ReadAction","target":["https:\/\/theo.niranbio.com\/pt-br\/glicina.html"]}]},{"@type":"ImageObject","inLanguage":"pt-BR","@id":"https:\/\/theo.niranbio.com\/pt-br\/glicina.html#primaryimage","url":"https:\/\/theo.niranbio.com\/wp-content\/uploads\/2024\/06\/Glycine.webp","contentUrl":"https:\/\/theo.niranbio.com\/wp-content\/uploads\/2024\/06\/Glycine.webp","width":600,"height":600,"caption":"Glicina"},{"@type":"BreadcrumbList","@id":"https:\/\/theo.niranbio.com\/pt-br\/glicina.html#breadcrumb","itemListElement":[{"@type":"ListItem","position":1,"name":"Home","item":"https:\/\/theo.niranbio.com\/pt-br\/"},{"@type":"ListItem","position":2,"name":"Produtos","item":"https:\/\/theo.niranbio.com\/pt-br\/produtos.html"},{"@type":"ListItem","position":3,"name":"Intensificador de Nutri\u00e7\u00e3o","item":"https:\/\/theo.niranbio.com\/pt-br\/produto-intensificador-de-nutricao\/"},{"@type":"ListItem","position":4,"name":"Glicina"}]},{"@type":"WebSite","@id":"https:\/\/theo.niranbio.com\/pt-br\/#website","url":"https:\/\/theo.niranbio.com\/pt-br\/","name":"Niranbio Chemical","description":"","publisher":{"@id":"https:\/\/theo.niranbio.com\/pt-br\/#organization"},"potentialAction":[{"@type":"SearchAction","target":{"@type":"EntryPoint","urlTemplate":"https:\/\/theo.niranbio.com\/pt-br\/?s={search_term_string}"},"query-input":{"@type":"PropertyValueSpecification","valueRequired":true,"valueName":"search_term_string"}}],"inLanguage":"pt-BR"},{"@type":"Organization","@id":"https:\/\/theo.niranbio.com\/pt-br\/#organization","name":"Niranbio Chemical","url":"https:\/\/theo.niranbio.com\/pt-br\/","logo":{"@type":"ImageObject","inLanguage":"pt-BR","@id":"https:\/\/theo.niranbio.com\/pt-br\/#\/schema\/logo\/image\/","url":"https:\/\/theo.niranbio.com\/wp-content\/uploads\/2024\/06\/Niranbio.png","contentUrl":"https:\/\/theo.niranbio.com\/wp-content\/uploads\/2024\/06\/Niranbio.png","width":270,"height":100,"caption":"Niranbio Chemical"},"image":{"@id":"https:\/\/theo.niranbio.com\/pt-br\/#\/schema\/logo\/image\/"}}]}},"_links":{"self":[{"href":"https:\/\/theo.niranbio.com\/pt-br\/wp-json\/wp\/v2\/product\/9711","targetHints":{"allow":["GET"]}}],"collection":[{"href":"https:\/\/theo.niranbio.com\/pt-br\/wp-json\/wp\/v2\/product"}],"about":[{"href":"https:\/\/theo.niranbio.com\/pt-br\/wp-json\/wp\/v2\/types\/product"}],"version-history":[{"count":0,"href":"https:\/\/theo.niranbio.com\/pt-br\/wp-json\/wp\/v2\/product\/9711\/revisions"}],"wp:featuredmedia":[{"embeddable":true,"href":"https:\/\/theo.niranbio.com\/pt-br\/wp-json\/wp\/v2\/media\/9712"}],"wp:attachment":[{"href":"https:\/\/theo.niranbio.com\/pt-br\/wp-json\/wp\/v2\/media?parent=9711"}],"wp:term":[{"taxonomy":"product_brand","embeddable":true,"href":"https:\/\/theo.niranbio.com\/pt-br\/wp-json\/wp\/v2\/product_brand?post=9711"},{"taxonomy":"product_cat","embeddable":true,"href":"https:\/\/theo.niranbio.com\/pt-br\/wp-json\/wp\/v2\/product_cat?post=9711"},{"taxonomy":"product_tag","embeddable":true,"href":"https:\/\/theo.niranbio.com\/pt-br\/wp-json\/wp\/v2\/product_tag?post=9711"}],"curies":[{"name":"wp","href":"https:\/\/api.w.org\/{rel}","templated":true}]}}