{"id":9695,"date":"2024-06-20T10:17:20","date_gmt":"2024-06-20T02:17:20","guid":{"rendered":"https:\/\/theo.niranbio.com\/benzoato-de-sodio-grau-alimenticio\/"},"modified":"2024-08-19T10:46:04","modified_gmt":"2024-08-19T02:46:04","slug":"benzoato-de-sodio-grau-alimenticio","status":"publish","type":"product","link":"https:\/\/theo.niranbio.com\/pt-br\/benzoato-de-sodio-grau-alimenticio.html","title":{"rendered":"Benzoato de s\u00f3dio &#8211; grau aliment\u00edcio"},"content":{"rendered":"<h2><span class=\"ez-toc-section\" id=\"O_que_e_Benzoato_de_sodio\"><\/span><strong><b>O que \u00e9 <\/b><\/strong><strong><b>Benzoato de s\u00f3dio<\/b><\/strong><strong><b>?<\/b><\/strong><span class=\"ez-toc-section-end\"><\/span><\/h2>\n<p>O benzoato de s\u00f3dio \u00e9 uma subst\u00e2ncia org\u00e2nica que aparece como p\u00f3 branco ou gr\u00e2nulos, incluindo gr\u00e2nulos esf\u00e9ricos e cil\u00edndricos, e alguns clientes o chamam de macarr\u00e3o. \u00c9 inodoro ou tem um leve aroma de benzo\u00edna e possui um sabor levemente adocicado. \u00c9 um importante conservante de alimentos que pode evitar que os alimentos estraguem devido a microrganismos e prolongar a vida \u00fatil dos alimentos.<\/p>\n<p>\u00c9 amplamente empregado em bebidas, enlatados, sucos, alimentos refrigerados, molho de soja, vinagre e outras aplica\u00e7\u00f5es alimentares. O \u00e1cido benzoico \u00e9 produzido primeiramente pela oxida\u00e7\u00e3o do tolueno com ar na presen\u00e7a de catalisador naftenato de cobalto e, em seguida, usando o \u00e1cido benzoico como mat\u00e9ria-prima, \u00e9 neutralizado com bicarbonato de s\u00f3dio, descolorido com carv\u00e3o ativado e, em seguida, filtrado, seco e triturado para produzir benzoato de s\u00f3dio.<\/p>\n<h2><span class=\"ez-toc-section\" id=\"Parametros_relacionados\"><\/span><strong><b>Par\u00e2metros relacionados:<\/b><\/strong><span class=\"ez-toc-section-end\"><\/span><\/h2>\n<table>\n<tbody>\n<tr>\n<td width=\"494\"><strong><b>Itens<\/b><\/strong><\/td>\n<td width=\"550\"><strong><b>Padr\u00f5es<\/b><\/strong><\/td>\n<\/tr>\n<tr>\n<td width=\"494\">Ensaio<\/td>\n<td width=\"550\">99.0-100%-100.5%<\/td>\n<\/tr>\n<tr>\n<td width=\"494\">Cloro localizado<\/td>\n<td width=\"550\">200 ppm M\u00e1ximo<\/td>\n<\/tr>\n<tr>\n<td width=\"494\">Cloro total<\/td>\n<td width=\"550\">300 ppm M\u00e1ximo<\/td>\n<\/tr>\n<tr>\n<td width=\"494\">Metais pesados<\/td>\n<td width=\"550\">10 ppm M\u00e1ximo<\/td>\n<\/tr>\n<tr>\n<td width=\"494\">Merc\u00fario<\/td>\n<td width=\"550\">1 ppm M\u00e1ximo<\/td>\n<\/tr>\n<tr>\n<td width=\"494\">Chumbo<\/td>\n<td width=\"550\">2 ppm M\u00e1ximo<\/td>\n<\/tr>\n<tr>\n<td width=\"494\">Ars\u00eanico<\/td>\n<td width=\"550\">3 ppm M\u00e1ximo<\/td>\n<\/tr>\n<tr>\n<td width=\"494\">Merc\u00fario<\/td>\n<td width=\"550\">1 ppm M\u00e1ximo<\/td>\n<\/tr>\n<tr>\n<td width=\"494\">Perda na secagem<\/td>\n<td width=\"550\">1,5% M\u00e1ximo<\/td>\n<\/tr>\n<\/tbody>\n<\/table>\n<h2><span class=\"ez-toc-section\" id=\"Dosagem_recomendada\"><\/span><strong><b>Dosagem recomendada:<\/b><\/strong><span class=\"ez-toc-section-end\"><\/span><\/h2>\n<table>\n<tbody>\n<tr>\n<td width=\"525\"><strong><b>Alimentos<\/b><\/strong><b> <\/b><strong><b>Nome<\/b><\/strong><\/td>\n<td width=\"309\"><strong><b>Uso m\u00e1ximo (g\/kg)<\/b><\/strong><\/td>\n<\/tr>\n<tr>\n<td width=\"525\">Bebidas carbonatadas<\/td>\n<td width=\"309\">0,05 &#8211; 0,2 g\/kg<\/td>\n<\/tr>\n<tr>\n<td width=\"525\">Refrigerantes<\/td>\n<td width=\"309\">0,05 &#8211; 0,2 g\/kg<\/td>\n<\/tr>\n<tr>\n<td width=\"525\">Bolos e doces<\/td>\n<td width=\"309\">0,1 &#8211; 0,5 g\/kg<\/td>\n<\/tr>\n<tr>\n<td width=\"525\">Doces e gel\u00e9ias<\/td>\n<td width=\"309\">0,1 &#8211; 0,3 g\/kg<\/td>\n<\/tr>\n<tr>\n<td width=\"525\">Iogurte<\/td>\n<td width=\"309\">0,05 &#8211; 0,2 g\/kg<\/td>\n<\/tr>\n<tr>\n<td width=\"525\">Salsichas<\/td>\n<td width=\"309\">0,1 &#8211; 0,2 g\/kg<\/td>\n<\/tr>\n<tr>\n<td width=\"525\">Carnes deliciosas<\/td>\n<td width=\"309\">0,1 &#8211; 0,3 g\/kg<\/td>\n<\/tr>\n<tr>\n<td width=\"525\">Maionese<\/td>\n<td width=\"309\">0,05 &#8211; 0,2 g\/kg<\/td>\n<\/tr>\n<tr>\n<td width=\"525\">Vegetais<\/td>\n<td width=\"309\">0,05 &#8211; 0,2 g\/kg<\/td>\n<\/tr>\n<tr>\n<td width=\"525\">Frutas<\/td>\n<td width=\"309\">0,05 &#8211; 0,2 g\/kg<\/td>\n<\/tr>\n<tr>\n<td width=\"525\">Peixe enlatado<\/td>\n<td width=\"309\">0,1 &#8211; 0,2 g\/kg<\/td>\n<\/tr>\n<tr>\n<td width=\"525\">Frutos do mar em conserva<\/td>\n<td width=\"309\">0,1 &#8211; 0,3 g\/kg<\/td>\n<\/tr>\n<tr>\n<td width=\"525\">Molhos para salada<\/td>\n<td width=\"309\">0,05 &#8211; 0,2 g\/kg<\/td>\n<\/tr>\n<tr>\n<td width=\"525\">Marinadas<\/td>\n<td width=\"309\">0,05 &#8211; 0,2 g\/kg<\/td>\n<\/tr>\n<\/tbody>\n<\/table>\n<h2><span class=\"ez-toc-section\" id=\"Benzoato_de_sodio_tem_uma_ampla_gama_de_usos\"><\/span><strong><b>Benzoato de s\u00f3dio<\/b><\/strong><strong><b> tem uma ampla gama de usos<\/b><\/strong><span class=\"ez-toc-section-end\"><\/span><\/h2>\n<p><strong>1. Conservantes<\/strong> O benzoato de s\u00f3dio tem um efeito antibacteriano, que pode inibir o crescimento e a reprodu\u00e7\u00e3o de v\u00e1rias bact\u00e9rias Gram-positivas, leveduras, fungos e outros microrganismos. Portanto, pode efetivamente evitar que os alimentos estraguem e estender sua vida \u00fatil.<\/p>\n<p><strong>2. Agente antibacteriano<\/strong> O benzoato de s\u00f3dio tem um forte efeito antibacteriano em v\u00e1rias bact\u00e9rias Gram-positivas e pode efetivamente reduzir o n\u00famero de bact\u00e9rias. Pode ser usado para fazer aditivos alimentares para reduzir a contamina\u00e7\u00e3o bacteriana em alimentos e melhorar a seguran\u00e7a alimentar. Pode ser transformado em uma solu\u00e7\u00e3o para pulveriza\u00e7\u00e3o ou adicionado diretamente ao alimento a ser preservado.<\/p>\n<p><strong>3. Conserva\u00e7\u00e3o de alimentos<\/strong> O benzoato de s\u00f3dio \u00e9 um conservante alimentar amplamente utilizado que impede o crescimento microbiano ao interromper seus processos metab\u00f3licos. Adicion\u00e1-lo aos alimentos pode reduzir significativamente o n\u00famero de Escherichia coli e outras bact\u00e9rias patog\u00eanicas, protegendo assim a qualidade e a seguran\u00e7a dos alimentos.<\/p>\n<p><strong>4. Conservantes cosm\u00e9ticos <\/strong> O benzoato de s\u00f3dio \u00e9 um conservante de amplo espectro que pode inibir efetivamente o crescimento de v\u00e1rios microrganismos quando usado em cosm\u00e9ticos. Devido \u00e0 sua alta seguran\u00e7a, \u00e9 frequentemente usado como um dos ingredientes conservantes em cosm\u00e9ticos.<\/p>\n<p><strong>5. Excipientes farmac\u00eauticos<\/strong> O benzoato de s\u00f3dio pode ser usado como excipiente e solvente na produ\u00e7\u00e3o de medicamentos para ajudar a melhorar a estabilidade do medicamento. Para prepara\u00e7\u00f5es de administra\u00e7\u00e3o oral, um teste completo de absor\u00e7\u00e3o cut\u00e2nea \u00e9 recomendado para avaliar os riscos potenciais.<\/p>\n<h2><span class=\"ez-toc-section\" id=\"O_usuario_fez_a_seguinte_pergunta\"><\/span><strong><b>O usu\u00e1rio fez a seguinte pergunta:<\/b><\/strong><span class=\"ez-toc-section-end\"><\/span><\/h2>\n<p>Pergunta: Como armazenar o benzoato de s\u00f3dio?<\/p>\n<p>Resposta: 1. Ambiente de armazenamento: certifique-se de armazenar em local seco e bem ventilado, longe da luz solar direta.<\/p>\n<p>2. Recipiente de armazenamento: \u00e9 recomend\u00e1vel usar um recipiente bem fechado para evitar vazamentos.<\/p>\n<p>3. A \u00e1rea de armazenamento deve estar longe de fontes de fogo e calor, e fumar e chamas abertas s\u00e3o proibidas.<\/p>\n<p>4. Armazenamento separado: deve ser armazenado separadamente de oxidantes, \u00e1cidos e outros produtos qu\u00edmicos. O armazenamento misto \u00e9 proibido. P<\/p>\n<p>ergunta: Quais alimentos s\u00e3o ricos em benzoato de s\u00f3dio?<\/p>\n<p>Resposta: Frutas, carnes processadas, refrigerantes, molhos, geleias e outros alimentos cont\u00eam naturalmente benzoato de s\u00f3dio, que tamb\u00e9m \u00e9 usado como aditivo alimentar.<\/p>\n<p>Pergunta: Por que o benzoato de s\u00f3dio tem um cheiro forte?<\/p>\n<p>Resposta: De modo geral, o benzoato de s\u00f3dio tem um cheiro leve, mas n\u00e3o \u00e9 forte. As poss\u00edveis raz\u00f5es s\u00e3o que ele se decomp\u00f5e durante o armazenamento ou transporte, liberando o cheiro de \u00e1cido benzoico e s\u00f3dio, ou uma rea\u00e7\u00e3o qu\u00edmica sob certas condi\u00e7\u00f5es causa a forma\u00e7\u00e3o de odor, ou a mat\u00e9ria-prima da produ\u00e7\u00e3o n\u00e3o \u00e9 \u00e1cido benzoico de qualidade alimentar, mas \u00e1cido benzoico de qualidade industrial. Claro, se voc\u00ea precisar de benzoato de s\u00f3dio sem cheiro, tamb\u00e9m podemos fornec\u00ea-lo.<\/p>\n","protected":false},"excerpt":{"rendered":"<ul>\n<li>CAS: 532-32-1<\/li>\n<li>F\u00f3rmula qu\u00edmica: C6H5COONa<\/li>\n<li>Certifica\u00e7\u00f5es: KOSHER, ISO, HALAL, FSSC22000, BRC, etc.<\/li>\n<li>Padr\u00e3o: BP\/USP\/FCC\/E211<\/li>\n<li>Quantidade m\u00ednima do pedido: 1000KG<\/li>\n<li>Prazo de validade: 2 anos<\/li>\n<\/ul>\n","protected":false},"featured_media":8000,"template":"","meta":{"site-sidebar-layout":"default","site-content-layout":"","ast-site-content-layout":"default","site-content-style":"default","site-sidebar-style":"default","ast-global-header-display":"","ast-banner-title-visibility":"","ast-main-header-display":"","ast-hfb-above-header-display":"","ast-hfb-below-header-display":"","ast-hfb-mobile-header-display":"","site-post-title":"","ast-breadcrumbs-content":"","ast-featured-img":"","footer-sml-layout":"","theme-transparent-header-meta":"default","adv-header-id-meta":"","stick-header-meta":"","header-above-stick-meta":"","header-main-stick-meta":"","header-below-stick-meta":"","astra-migrate-meta-layouts":"set","ast-page-background-enabled":"default","ast-page-background-meta":{"desktop":{"background-color":"var(--ast-global-color-4)","background-image":"","background-repeat":"repeat","background-position":"center center","background-size":"auto","background-attachment":"scroll","background-type":"","background-media":"","overlay-type":"","overlay-color":"","overlay-opacity":"","overlay-gradient":""},"tablet":{"background-color":"","background-image":"","background-repeat":"repeat","background-position":"center center","background-size":"auto","background-attachment":"scroll","background-type":"","background-media":"","overlay-type":"","overlay-color":"","overlay-opacity":"","overlay-gradient":""},"mobile":{"background-color":"","background-image":"","background-repeat":"repeat","background-position":"center center","background-size":"auto","background-attachment":"scroll","background-type":"","background-media":"","overlay-type":"","overlay-color":"","overlay-opacity":"","overlay-gradient":""}},"ast-content-background-meta":{"desktop":{"background-color":"var(--ast-global-color-5)","background-image":"","background-repeat":"repeat","background-position":"center center","background-size":"auto","background-attachment":"scroll","background-type":"","background-media":"","overlay-type":"","overlay-color":"","overlay-opacity":"","overlay-gradient":""},"tablet":{"background-color":"var(--ast-global-color-5)","background-image":"","background-repeat":"repeat","background-position":"center center","background-size":"auto","background-attachment":"scroll","background-type":"","background-media":"","overlay-type":"","overlay-color":"","overlay-opacity":"","overlay-gradient":""},"mobile":{"background-color":"var(--ast-global-color-5)","background-image":"","background-repeat":"repeat","background-position":"center center","background-size":"auto","background-attachment":"scroll","background-type":"","background-media":"","overlay-type":"","overlay-color":"","overlay-opacity":"","overlay-gradient":""}}},"product_brand":[],"product_cat":[93],"product_tag":[],"class_list":{"0":"post-9695","1":"product","2":"type-product","3":"status-publish","4":"has-post-thumbnail","6":"product_cat-produto-conservante","7":"desktop-align-center","8":"tablet-align-left","9":"mobile-align-left","11":"first","12":"instock","13":"shipping-taxable","14":"product-type-simple"},"yoast_head":"<!-- This site is optimized with the Yoast SEO plugin v26.5 - https:\/\/yoast.com\/wordpress\/plugins\/seo\/ -->\n<title>Fabricante de Benzoato de S\u00f3dio, Benzoato de S\u00f3dio Comprar | Niranbio Chemical<\/title>\n<meta name=\"description\" content=\"Nosso Benzoato de S\u00f3dio E211 de grau aliment\u00edcio aparece como p\u00f3 branco ou gr\u00e2nulos, incluindo gr\u00e2nulos esf\u00e9ricos e cil\u00edndricos.\" \/>\n<meta name=\"robots\" content=\"noindex, follow, max-snippet:-1, max-image-preview:large, max-video-preview:-1\" \/>\n<meta name=\"twitter:label1\" content=\"Est. tempo de leitura\" \/>\n\t<meta name=\"twitter:data1\" content=\"4 minutos\" \/>\n<script type=\"application\/ld+json\" class=\"yoast-schema-graph\">{\"@context\":\"https:\/\/schema.org\",\"@graph\":[{\"@type\":\"WebPage\",\"@id\":\"https:\/\/theo.niranbio.com\/pt-br\/benzoato-de-sodio-grau-alimenticio.html\",\"url\":\"https:\/\/theo.niranbio.com\/pt-br\/benzoato-de-sodio-grau-alimenticio.html\",\"name\":\"Fabricante de Benzoato de S\u00f3dio, Benzoato de S\u00f3dio Comprar | Niranbio Chemical\",\"isPartOf\":{\"@id\":\"https:\/\/theo.niranbio.com\/pt-br\/#website\"},\"primaryImageOfPage\":{\"@id\":\"https:\/\/theo.niranbio.com\/pt-br\/benzoato-de-sodio-grau-alimenticio.html#primaryimage\"},\"image\":{\"@id\":\"https:\/\/theo.niranbio.com\/pt-br\/benzoato-de-sodio-grau-alimenticio.html#primaryimage\"},\"thumbnailUrl\":\"https:\/\/theo.niranbio.com\/wp-content\/uploads\/2024\/06\/Sodium-Benzoate.webp\",\"datePublished\":\"2024-06-20T02:17:20+00:00\",\"dateModified\":\"2024-08-19T02:46:04+00:00\",\"description\":\"Nosso Benzoato de S\u00f3dio E211 de grau aliment\u00edcio aparece como p\u00f3 branco ou gr\u00e2nulos, incluindo gr\u00e2nulos esf\u00e9ricos e cil\u00edndricos.\",\"breadcrumb\":{\"@id\":\"https:\/\/theo.niranbio.com\/pt-br\/benzoato-de-sodio-grau-alimenticio.html#breadcrumb\"},\"inLanguage\":\"pt-BR\",\"potentialAction\":[{\"@type\":\"ReadAction\",\"target\":[\"https:\/\/theo.niranbio.com\/pt-br\/benzoato-de-sodio-grau-alimenticio.html\"]}]},{\"@type\":\"ImageObject\",\"inLanguage\":\"pt-BR\",\"@id\":\"https:\/\/theo.niranbio.com\/pt-br\/benzoato-de-sodio-grau-alimenticio.html#primaryimage\",\"url\":\"https:\/\/theo.niranbio.com\/wp-content\/uploads\/2024\/06\/Sodium-Benzoate.webp\",\"contentUrl\":\"https:\/\/theo.niranbio.com\/wp-content\/uploads\/2024\/06\/Sodium-Benzoate.webp\",\"width\":600,\"height\":600,\"caption\":\"Benzoato de S\u00f3dio\"},{\"@type\":\"BreadcrumbList\",\"@id\":\"https:\/\/theo.niranbio.com\/pt-br\/benzoato-de-sodio-grau-alimenticio.html#breadcrumb\",\"itemListElement\":[{\"@type\":\"ListItem\",\"position\":1,\"name\":\"Home\",\"item\":\"https:\/\/theo.niranbio.com\/pt-br\/\"},{\"@type\":\"ListItem\",\"position\":2,\"name\":\"Produtos\",\"item\":\"https:\/\/theo.niranbio.com\/pt-br\/produtos.html\"},{\"@type\":\"ListItem\",\"position\":3,\"name\":\"Conservante\",\"item\":\"https:\/\/theo.niranbio.com\/pt-br\/produto-conservante\/\"},{\"@type\":\"ListItem\",\"position\":4,\"name\":\"Benzoato de s\u00f3dio &#8211; grau aliment\u00edcio\"}]},{\"@type\":\"WebSite\",\"@id\":\"https:\/\/theo.niranbio.com\/pt-br\/#website\",\"url\":\"https:\/\/theo.niranbio.com\/pt-br\/\",\"name\":\"Niranbio Chemical\",\"description\":\"\",\"publisher\":{\"@id\":\"https:\/\/theo.niranbio.com\/pt-br\/#organization\"},\"potentialAction\":[{\"@type\":\"SearchAction\",\"target\":{\"@type\":\"EntryPoint\",\"urlTemplate\":\"https:\/\/theo.niranbio.com\/pt-br\/?s={search_term_string}\"},\"query-input\":{\"@type\":\"PropertyValueSpecification\",\"valueRequired\":true,\"valueName\":\"search_term_string\"}}],\"inLanguage\":\"pt-BR\"},{\"@type\":\"Organization\",\"@id\":\"https:\/\/theo.niranbio.com\/pt-br\/#organization\",\"name\":\"Niranbio Chemical\",\"url\":\"https:\/\/theo.niranbio.com\/pt-br\/\",\"logo\":{\"@type\":\"ImageObject\",\"inLanguage\":\"pt-BR\",\"@id\":\"https:\/\/theo.niranbio.com\/pt-br\/#\/schema\/logo\/image\/\",\"url\":\"https:\/\/theo.niranbio.com\/wp-content\/uploads\/2024\/06\/Niranbio.png\",\"contentUrl\":\"https:\/\/theo.niranbio.com\/wp-content\/uploads\/2024\/06\/Niranbio.png\",\"width\":270,\"height\":100,\"caption\":\"Niranbio Chemical\"},\"image\":{\"@id\":\"https:\/\/theo.niranbio.com\/pt-br\/#\/schema\/logo\/image\/\"}}]}<\/script>\n<!-- \/ Yoast SEO plugin. -->","yoast_head_json":{"title":"Fabricante de Benzoato de S\u00f3dio, Benzoato de S\u00f3dio Comprar | Niranbio Chemical","description":"Nosso Benzoato de S\u00f3dio E211 de grau aliment\u00edcio aparece como p\u00f3 branco ou gr\u00e2nulos, incluindo gr\u00e2nulos esf\u00e9ricos e cil\u00edndricos.","robots":{"index":"noindex","follow":"follow","max-snippet":"max-snippet:-1","max-image-preview":"max-image-preview:large","max-video-preview":"max-video-preview:-1"},"twitter_misc":{"Est. tempo de leitura":"4 minutos"},"schema":{"@context":"https:\/\/schema.org","@graph":[{"@type":"WebPage","@id":"https:\/\/theo.niranbio.com\/pt-br\/benzoato-de-sodio-grau-alimenticio.html","url":"https:\/\/theo.niranbio.com\/pt-br\/benzoato-de-sodio-grau-alimenticio.html","name":"Fabricante de Benzoato de S\u00f3dio, Benzoato de S\u00f3dio Comprar | Niranbio Chemical","isPartOf":{"@id":"https:\/\/theo.niranbio.com\/pt-br\/#website"},"primaryImageOfPage":{"@id":"https:\/\/theo.niranbio.com\/pt-br\/benzoato-de-sodio-grau-alimenticio.html#primaryimage"},"image":{"@id":"https:\/\/theo.niranbio.com\/pt-br\/benzoato-de-sodio-grau-alimenticio.html#primaryimage"},"thumbnailUrl":"https:\/\/theo.niranbio.com\/wp-content\/uploads\/2024\/06\/Sodium-Benzoate.webp","datePublished":"2024-06-20T02:17:20+00:00","dateModified":"2024-08-19T02:46:04+00:00","description":"Nosso Benzoato de S\u00f3dio E211 de grau aliment\u00edcio aparece como p\u00f3 branco ou gr\u00e2nulos, incluindo gr\u00e2nulos esf\u00e9ricos e cil\u00edndricos.","breadcrumb":{"@id":"https:\/\/theo.niranbio.com\/pt-br\/benzoato-de-sodio-grau-alimenticio.html#breadcrumb"},"inLanguage":"pt-BR","potentialAction":[{"@type":"ReadAction","target":["https:\/\/theo.niranbio.com\/pt-br\/benzoato-de-sodio-grau-alimenticio.html"]}]},{"@type":"ImageObject","inLanguage":"pt-BR","@id":"https:\/\/theo.niranbio.com\/pt-br\/benzoato-de-sodio-grau-alimenticio.html#primaryimage","url":"https:\/\/theo.niranbio.com\/wp-content\/uploads\/2024\/06\/Sodium-Benzoate.webp","contentUrl":"https:\/\/theo.niranbio.com\/wp-content\/uploads\/2024\/06\/Sodium-Benzoate.webp","width":600,"height":600,"caption":"Benzoato de S\u00f3dio"},{"@type":"BreadcrumbList","@id":"https:\/\/theo.niranbio.com\/pt-br\/benzoato-de-sodio-grau-alimenticio.html#breadcrumb","itemListElement":[{"@type":"ListItem","position":1,"name":"Home","item":"https:\/\/theo.niranbio.com\/pt-br\/"},{"@type":"ListItem","position":2,"name":"Produtos","item":"https:\/\/theo.niranbio.com\/pt-br\/produtos.html"},{"@type":"ListItem","position":3,"name":"Conservante","item":"https:\/\/theo.niranbio.com\/pt-br\/produto-conservante\/"},{"@type":"ListItem","position":4,"name":"Benzoato de s\u00f3dio &#8211; grau aliment\u00edcio"}]},{"@type":"WebSite","@id":"https:\/\/theo.niranbio.com\/pt-br\/#website","url":"https:\/\/theo.niranbio.com\/pt-br\/","name":"Niranbio Chemical","description":"","publisher":{"@id":"https:\/\/theo.niranbio.com\/pt-br\/#organization"},"potentialAction":[{"@type":"SearchAction","target":{"@type":"EntryPoint","urlTemplate":"https:\/\/theo.niranbio.com\/pt-br\/?s={search_term_string}"},"query-input":{"@type":"PropertyValueSpecification","valueRequired":true,"valueName":"search_term_string"}}],"inLanguage":"pt-BR"},{"@type":"Organization","@id":"https:\/\/theo.niranbio.com\/pt-br\/#organization","name":"Niranbio Chemical","url":"https:\/\/theo.niranbio.com\/pt-br\/","logo":{"@type":"ImageObject","inLanguage":"pt-BR","@id":"https:\/\/theo.niranbio.com\/pt-br\/#\/schema\/logo\/image\/","url":"https:\/\/theo.niranbio.com\/wp-content\/uploads\/2024\/06\/Niranbio.png","contentUrl":"https:\/\/theo.niranbio.com\/wp-content\/uploads\/2024\/06\/Niranbio.png","width":270,"height":100,"caption":"Niranbio Chemical"},"image":{"@id":"https:\/\/theo.niranbio.com\/pt-br\/#\/schema\/logo\/image\/"}}]}},"_links":{"self":[{"href":"https:\/\/theo.niranbio.com\/pt-br\/wp-json\/wp\/v2\/product\/9695","targetHints":{"allow":["GET"]}}],"collection":[{"href":"https:\/\/theo.niranbio.com\/pt-br\/wp-json\/wp\/v2\/product"}],"about":[{"href":"https:\/\/theo.niranbio.com\/pt-br\/wp-json\/wp\/v2\/types\/product"}],"version-history":[{"count":0,"href":"https:\/\/theo.niranbio.com\/pt-br\/wp-json\/wp\/v2\/product\/9695\/revisions"}],"wp:featuredmedia":[{"embeddable":true,"href":"https:\/\/theo.niranbio.com\/pt-br\/wp-json\/wp\/v2\/media\/8000"}],"wp:attachment":[{"href":"https:\/\/theo.niranbio.com\/pt-br\/wp-json\/wp\/v2\/media?parent=9695"}],"wp:term":[{"taxonomy":"product_brand","embeddable":true,"href":"https:\/\/theo.niranbio.com\/pt-br\/wp-json\/wp\/v2\/product_brand?post=9695"},{"taxonomy":"product_cat","embeddable":true,"href":"https:\/\/theo.niranbio.com\/pt-br\/wp-json\/wp\/v2\/product_cat?post=9695"},{"taxonomy":"product_tag","embeddable":true,"href":"https:\/\/theo.niranbio.com\/pt-br\/wp-json\/wp\/v2\/product_tag?post=9695"}],"curies":[{"name":"wp","href":"https:\/\/api.w.org\/{rel}","templated":true}]}}