{"id":9684,"date":"2024-06-20T11:48:21","date_gmt":"2024-06-20T03:48:21","guid":{"rendered":"https:\/\/theo.niranbio.com\/arroz-vermelho-fermentado\/"},"modified":"2024-08-13T16:39:43","modified_gmt":"2024-08-13T08:39:43","slug":"arroz-vermelho-fermentado","status":"publish","type":"product","link":"https:\/\/theo.niranbio.com\/pt-br\/arroz-vermelho-fermentado.html","title":{"rendered":"Arroz vermelho fermentado"},"content":{"rendered":"<h2><span class=\"ez-toc-section\" id=\"O_que_e_arroz_vermelho_fermentado\"><\/span>O que \u00e9 arroz vermelho fermentado?<span class=\"ez-toc-section-end\"><\/span><\/h2>\n<p>O arroz vermelho fermentado \u00e9 um produto natural feito de arroz fermentado por monascus purpureus, usado principalmente em corantes aliment\u00edcios e produtos de sa\u00fade. Sua cor vermelha brilhante vem da monascusina e do monascus, enquanto a lovastatina tem o efeito de reduzir o colesterol. O arroz vermelho fermentado \u00e9 usado na ind\u00fastria aliment\u00edcia para melhorar a cor e o sabor, em produtos de sa\u00fade para reduzir os n\u00edveis de colesterol e como material medicinal na medicina tradicional.<\/p>\n<p>O processo de prepara\u00e7\u00e3o do arroz vermelho fermentado de qualidade alimentar inclui principalmente fermenta\u00e7\u00e3o tradicional, fermenta\u00e7\u00e3o l\u00edquida e tecnologia de fermenta\u00e7\u00e3o moderna. O m\u00e9todo de fermenta\u00e7\u00e3o tradicional \u00e9 o processo mais antigo, que consiste em fermentar o arroz em um ambiente controlado ap\u00f3s inocul\u00e1-lo com monascus purpureus e, em seguida, sec\u00e1-lo. Este m\u00e9todo \u00e9 simples e de baixo custo, mas o ciclo de fermenta\u00e7\u00e3o \u00e9 longo e o rendimento e a concentra\u00e7\u00e3o de pigmento s\u00e3o baixos.<\/p>\n<p>O m\u00e9todo de fermenta\u00e7\u00e3o l\u00edquida usa meio de cultura l\u00edquido para fermenta\u00e7\u00e3o. Este m\u00e9todo pode controlar melhor as condi\u00e7\u00f5es de fermenta\u00e7\u00e3o, como temperatura e valor de pH, melhorando assim o rendimento e a qualidade da monascusina. Ap\u00f3s a fermenta\u00e7\u00e3o, a monascusina \u00e9 extra\u00edda por filtra\u00e7\u00e3o e concentra\u00e7\u00e3o. Este processo pode produzir mais pigmento em uma concentra\u00e7\u00e3o mais alta e \u00e9 apropriado para fabrica\u00e7\u00e3o em larga escala.<\/p>\n<p>A tecnologia de fermenta\u00e7\u00e3o moderna \u00e9 otimizada com base na fermenta\u00e7\u00e3o tradicional e l\u00edquida, usando sistemas automatizados para controlar precisamente as condi\u00e7\u00f5es de fermenta\u00e7\u00e3o e melhorando o meio de cultura e a tecnologia de p\u00f3s-processamento para melhorar a efici\u00eancia da produ\u00e7\u00e3o e a consist\u00eancia do produto. Este processo se tornou popular porque n\u00e3o apenas melhora o rendimento e a qualidade, mas tamb\u00e9m garante a estabilidade do produto e a seguran\u00e7a alimentar.<\/p>\n<h2><span class=\"ez-toc-section\" id=\"Parametros_relacionados\"><\/span>Par\u00e2metros relacionados:<span class=\"ez-toc-section-end\"><\/span><\/h2>\n<table>\n<tbody>\n<tr>\n<td>ITENS<\/td>\n<td>PADR\u00c3O<\/td>\n<\/tr>\n<tr>\n<td>Densidade da torneira<\/td>\n<td>0,79-1,0 g\/ml<\/td>\n<\/tr>\n<tr>\n<td>Umidade,%<\/td>\n<td>\u2264 10<\/td>\n<\/tr>\n<tr>\n<td>Metal pesado (Pb), ppm<\/td>\n<td>\u2264 1<\/td>\n<\/tr>\n<tr>\n<td>As,ppm<\/td>\n<td>\u2264 1<\/td>\n<\/tr>\n<tr>\n<td>Aflatoxina B1\uff0cppb<\/td>\n<td>\u2264 5.0<\/td>\n<\/tr>\n<tr>\n<td>Citrinina (limite do teste\u226450ppb)<\/td>\n<td>N\u00e3o detectado<\/td>\n<\/tr>\n<tr>\n<td>Levedura<\/td>\n<td>\u226425 ufc\/g<\/td>\n<\/tr>\n<tr>\n<td>Molde<\/td>\n<td>\u226425 ufc\/g<\/td>\n<\/tr>\n<tr>\n<td>Placa total<\/td>\n<td>\u22641000 ufc\/g<\/td>\n<\/tr>\n<tr>\n<td>E.coli<\/td>\n<td>\u226430 ufc\/g<\/td>\n<\/tr>\n<tr>\n<td>Bact\u00e9rias patog\u00eanicas<\/td>\n<td>Aus\u00eancia<\/td>\n<\/tr>\n<\/tbody>\n<\/table>\n<h2><span class=\"ez-toc-section\" id=\"Dosagem_recomendada\"><\/span>Dosagem recomendada:<span class=\"ez-toc-section-end\"><\/span><\/h2>\n<table>\n<tbody>\n<tr>\n<td>Nome do alimento<\/td>\n<td>Uso m\u00e1ximo (g\/kg)<\/td>\n<\/tr>\n<tr>\n<td>Chocolate<\/td>\n<td>0,1 &#8211; 0,5 g\/kg<\/td>\n<\/tr>\n<tr>\n<td>Biscoitos<\/td>\n<td>0,1 &#8211; 0,3 g\/kg<\/td>\n<\/tr>\n<tr>\n<td>Doces<\/td>\n<td>0,2 &#8211; 0,5 g\/kg<\/td>\n<\/tr>\n<tr>\n<td>Bebidas<\/td>\n<td>0,1 &#8211; 0,3 g\/kg<\/td>\n<\/tr>\n<tr>\n<td>Temperos<\/td>\n<td>0,2 &#8211; 0,5 g\/kg<\/td>\n<\/tr>\n<tr>\n<td>Produtos l\u00e1cteos<\/td>\n<td>0,1 &#8211; 0,2 g\/kg<\/td>\n<\/tr>\n<tr>\n<td>Produtos c\u00e1rneos<\/td>\n<td>0,1 &#8211; 0,2 g\/kg<\/td>\n<\/tr>\n<tr>\n<td>Bebidas energ\u00e9ticas<\/td>\n<td>0,1 &#8211; 0,2 g\/kg<\/td>\n<\/tr>\n<tr>\n<td>Produtos de panifica\u00e7\u00e3o<\/td>\n<td>0,1 &#8211; 0,2 g\/kg<\/td>\n<\/tr>\n<tr>\n<td>Molhos para salada<\/td>\n<td>0,1 &#8211; 0,3 g\/kg<\/td>\n<\/tr>\n<tr>\n<td>Suplementos de prote\u00edna<\/td>\n<td>0,1 &#8211; 0,3 g\/kg<\/td>\n<\/tr>\n<tr>\n<td>Tempero para churrasco<\/td>\n<td>0,1 &#8211; 0,3 g\/kg<\/td>\n<\/tr>\n<tr>\n<td>Suplementos diet\u00e9ticos<\/td>\n<td>0,1 &#8211; 0,5 g\/kg<\/td>\n<\/tr>\n<\/tbody>\n<\/table>\n<h2><span class=\"ez-toc-section\" id=\"O_arroz_vermelho_fermentado_tem_uma_ampla_gama_de_usos\"><\/span>O arroz vermelho fermentado tem uma ampla gama de usos<span class=\"ez-toc-section-end\"><\/span><\/h2>\n<ol>\n<li>Corante natural: O pigmento do arroz vermelho fermentado lhe d\u00e1 uma cor vermelha brilhante, por isso \u00e9 amplamente utilizado como corante natural para alimentos e bebidas. Comparado com pigmentos sint\u00e9ticos, o arroz vermelho fermentado fornece uma solu\u00e7\u00e3o de cor natural para uma variedade de alimentos, como chocolate, doces, sorvetes, etc.<\/li>\n<li>Redu\u00e7\u00e3o do colesterol: O arroz vermelho fermentado cont\u00e9m o ingrediente ativo lovastatina, um composto natural de estatina que tem um efeito redutor do colesterol. A lovastatina reduz os n\u00edveis de colesterol no sangue ao inibir a HMG-CoA redutase, ajudando assim a prevenir e tratar a hipercolesterolemia e a aterosclerose.<\/li>\n<li>Melhora o sabor: Em alguns alimentos, o arroz vermelho fermentado n\u00e3o \u00e9 usado apenas como corante, mas tamb\u00e9m fornece um sabor \u00fanico. Seus produtos fermentados podem real\u00e7ar o sabor dos alimentos, especialmente em alguns alimentos e condimentos tradicionais, como molho de soja e molhos temperados.<\/li>\n<li>Fun\u00e7\u00e3o de sa\u00fade alimentar: Alguns componentes do arroz vermelho fermentado t\u00eam propriedades antioxidantes e outros benef\u00edcios potenciais \u00e0 sa\u00fade. Em alguns produtos de sa\u00fade, \u00e9 usado como um suplemento que pode ajudar a melhorar a sa\u00fade do sangue e o metabolismo geral.<\/li>\n<\/ol>\n<h2><span class=\"ez-toc-section\" id=\"O_usuario_fez_a_seguinte_pergunta\"><\/span>O usu\u00e1rio fez a seguinte pergunta:<span class=\"ez-toc-section-end\"><\/span><\/h2>\n<p>Pergunta: Comer muito arroz vermelho fermentado de qualidade alimentar pode causar colesterol elevado no sangue?<\/p>\n<p>Resposta: O consumo excessivo de arroz vermelho fermentado de qualidade alimentar pode representar riscos \u00e0 sa\u00fade, principalmente devido ao ingrediente ativo lovastatina que cont\u00e9m. Embora a lovastatina ajude a reduzir o colesterol, a ingest\u00e3o excessiva pode causar dores musculares, c\u00e3ibras ou danos musculares, e tamb\u00e9m pode causar problemas no f\u00edgado, como n\u00edveis elevados de enzimas hep\u00e1ticas e fun\u00e7\u00e3o hep\u00e1tica anormal. Al\u00e9m disso, o excesso de arroz vermelho fermentado pode causar n\u00edveis anormais de colesterol.<\/p>\n<p>Embora sua principal fun\u00e7\u00e3o seja reduzir o colesterol, a ingest\u00e3o excessiva pode causar desconforto f\u00edsico. Dosagens excessivas de arroz vermelho fermentado podem potencialmente interagir com outros medicamentos, aumentando a possibilidade de efeitos colaterais negativos.<\/p>\n","protected":false},"excerpt":{"rendered":"<ul>\n<li>CAS: 28755-30-6<\/li>\n<li>F\u00f3rmula qu\u00edmica: C21H22O5<\/li>\n<li>Certifica\u00e7\u00f5es: KOSHER, ISO, HALAL, FSSC 22000, BRC, etc.<\/li>\n<li>Quantidade m\u00ednima do pedido: 1000KG<\/li>\n<li>Prazo de validade: 2 anos<\/li>\n<\/ul>\n","protected":false},"featured_media":9685,"template":"","meta":{"site-sidebar-layout":"default","site-content-layout":"","ast-site-content-layout":"default","site-content-style":"default","site-sidebar-style":"default","ast-global-header-display":"","ast-banner-title-visibility":"","ast-main-header-display":"","ast-hfb-above-header-display":"","ast-hfb-below-header-display":"","ast-hfb-mobile-header-display":"","site-post-title":"","ast-breadcrumbs-content":"","ast-featured-img":"","footer-sml-layout":"","theme-transparent-header-meta":"default","adv-header-id-meta":"","stick-header-meta":"","header-above-stick-meta":"","header-main-stick-meta":"","header-below-stick-meta":"","astra-migrate-meta-layouts":"set","ast-page-background-enabled":"default","ast-page-background-meta":{"desktop":{"background-color":"var(--ast-global-color-4)","background-image":"","background-repeat":"repeat","background-position":"center center","background-size":"auto","background-attachment":"scroll","background-type":"","background-media":"","overlay-type":"","overlay-color":"","overlay-opacity":"","overlay-gradient":""},"tablet":{"background-color":"","background-image":"","background-repeat":"repeat","background-position":"center center","background-size":"auto","background-attachment":"scroll","background-type":"","background-media":"","overlay-type":"","overlay-color":"","overlay-opacity":"","overlay-gradient":""},"mobile":{"background-color":"","background-image":"","background-repeat":"repeat","background-position":"center center","background-size":"auto","background-attachment":"scroll","background-type":"","background-media":"","overlay-type":"","overlay-color":"","overlay-opacity":"","overlay-gradient":""}},"ast-content-background-meta":{"desktop":{"background-color":"var(--ast-global-color-5)","background-image":"","background-repeat":"repeat","background-position":"center center","background-size":"auto","background-attachment":"scroll","background-type":"","background-media":"","overlay-type":"","overlay-color":"","overlay-opacity":"","overlay-gradient":""},"tablet":{"background-color":"var(--ast-global-color-5)","background-image":"","background-repeat":"repeat","background-position":"center center","background-size":"auto","background-attachment":"scroll","background-type":"","background-media":"","overlay-type":"","overlay-color":"","overlay-opacity":"","overlay-gradient":""},"mobile":{"background-color":"var(--ast-global-color-5)","background-image":"","background-repeat":"repeat","background-position":"center center","background-size":"auto","background-attachment":"scroll","background-type":"","background-media":"","overlay-type":"","overlay-color":"","overlay-opacity":"","overlay-gradient":""}}},"product_brand":[],"product_cat":[83],"product_tag":[],"class_list":{"0":"post-9684","1":"product","2":"type-product","3":"status-publish","4":"has-post-thumbnail","6":"product_cat-corantes-produto","7":"desktop-align-center","8":"tablet-align-left","9":"mobile-align-left","11":"first","12":"instock","13":"shipping-taxable","14":"product-type-simple"},"yoast_head":"<!-- This site is optimized with the Yoast SEO plugin v26.5 - https:\/\/yoast.com\/wordpress\/plugins\/seo\/ -->\n<title>Arroz de Levedura Vermelha China, Fornecedor de P\u00f3 de Arroz de Levedura Vermelha a Granel | Niranbio Chemical<\/title>\n<meta name=\"description\" content=\"O pigmento no arroz de levedura vermelha lhe d\u00e1 uma cor vermelha brilhante, por isso \u00e9 amplamente utilizado como corante natural para alimentos e bebidas.\" \/>\n<meta name=\"robots\" content=\"noindex, follow, max-snippet:-1, max-image-preview:large, max-video-preview:-1\" \/>\n<meta name=\"twitter:label1\" content=\"Est. tempo de leitura\" \/>\n\t<meta name=\"twitter:data1\" content=\"4 minutos\" \/>\n<script type=\"application\/ld+json\" class=\"yoast-schema-graph\">{\"@context\":\"https:\/\/schema.org\",\"@graph\":[{\"@type\":\"WebPage\",\"@id\":\"https:\/\/theo.niranbio.com\/pt-br\/arroz-vermelho-fermentado.html\",\"url\":\"https:\/\/theo.niranbio.com\/pt-br\/arroz-vermelho-fermentado.html\",\"name\":\"Arroz de Levedura Vermelha China, Fornecedor de P\u00f3 de Arroz de Levedura Vermelha a Granel | Niranbio Chemical\",\"isPartOf\":{\"@id\":\"https:\/\/theo.niranbio.com\/pt-br\/#website\"},\"primaryImageOfPage\":{\"@id\":\"https:\/\/theo.niranbio.com\/pt-br\/arroz-vermelho-fermentado.html#primaryimage\"},\"image\":{\"@id\":\"https:\/\/theo.niranbio.com\/pt-br\/arroz-vermelho-fermentado.html#primaryimage\"},\"thumbnailUrl\":\"https:\/\/theo.niranbio.com\/wp-content\/uploads\/2024\/06\/Red-Yeast-Rice.webp\",\"datePublished\":\"2024-06-20T03:48:21+00:00\",\"dateModified\":\"2024-08-13T08:39:43+00:00\",\"description\":\"O pigmento no arroz de levedura vermelha lhe d\u00e1 uma cor vermelha brilhante, por isso \u00e9 amplamente utilizado como corante natural para alimentos e bebidas.\",\"breadcrumb\":{\"@id\":\"https:\/\/theo.niranbio.com\/pt-br\/arroz-vermelho-fermentado.html#breadcrumb\"},\"inLanguage\":\"pt-BR\",\"potentialAction\":[{\"@type\":\"ReadAction\",\"target\":[\"https:\/\/theo.niranbio.com\/pt-br\/arroz-vermelho-fermentado.html\"]}]},{\"@type\":\"ImageObject\",\"inLanguage\":\"pt-BR\",\"@id\":\"https:\/\/theo.niranbio.com\/pt-br\/arroz-vermelho-fermentado.html#primaryimage\",\"url\":\"https:\/\/theo.niranbio.com\/wp-content\/uploads\/2024\/06\/Red-Yeast-Rice.webp\",\"contentUrl\":\"https:\/\/theo.niranbio.com\/wp-content\/uploads\/2024\/06\/Red-Yeast-Rice.webp\",\"width\":600,\"height\":600,\"caption\":\"Arroz de fermento vermelho\"},{\"@type\":\"BreadcrumbList\",\"@id\":\"https:\/\/theo.niranbio.com\/pt-br\/arroz-vermelho-fermentado.html#breadcrumb\",\"itemListElement\":[{\"@type\":\"ListItem\",\"position\":1,\"name\":\"Home\",\"item\":\"https:\/\/theo.niranbio.com\/pt-br\/\"},{\"@type\":\"ListItem\",\"position\":2,\"name\":\"Produtos\",\"item\":\"https:\/\/theo.niranbio.com\/pt-br\/produtos.html\"},{\"@type\":\"ListItem\",\"position\":3,\"name\":\"Corantes\",\"item\":\"https:\/\/theo.niranbio.com\/pt-br\/corantes-produto\/\"},{\"@type\":\"ListItem\",\"position\":4,\"name\":\"Arroz vermelho fermentado\"}]},{\"@type\":\"WebSite\",\"@id\":\"https:\/\/theo.niranbio.com\/pt-br\/#website\",\"url\":\"https:\/\/theo.niranbio.com\/pt-br\/\",\"name\":\"Niranbio Chemical\",\"description\":\"\",\"publisher\":{\"@id\":\"https:\/\/theo.niranbio.com\/pt-br\/#organization\"},\"potentialAction\":[{\"@type\":\"SearchAction\",\"target\":{\"@type\":\"EntryPoint\",\"urlTemplate\":\"https:\/\/theo.niranbio.com\/pt-br\/?s={search_term_string}\"},\"query-input\":{\"@type\":\"PropertyValueSpecification\",\"valueRequired\":true,\"valueName\":\"search_term_string\"}}],\"inLanguage\":\"pt-BR\"},{\"@type\":\"Organization\",\"@id\":\"https:\/\/theo.niranbio.com\/pt-br\/#organization\",\"name\":\"Niranbio Chemical\",\"url\":\"https:\/\/theo.niranbio.com\/pt-br\/\",\"logo\":{\"@type\":\"ImageObject\",\"inLanguage\":\"pt-BR\",\"@id\":\"https:\/\/theo.niranbio.com\/pt-br\/#\/schema\/logo\/image\/\",\"url\":\"https:\/\/theo.niranbio.com\/wp-content\/uploads\/2024\/06\/Niranbio.png\",\"contentUrl\":\"https:\/\/theo.niranbio.com\/wp-content\/uploads\/2024\/06\/Niranbio.png\",\"width\":270,\"height\":100,\"caption\":\"Niranbio Chemical\"},\"image\":{\"@id\":\"https:\/\/theo.niranbio.com\/pt-br\/#\/schema\/logo\/image\/\"}}]}<\/script>\n<!-- \/ Yoast SEO plugin. -->","yoast_head_json":{"title":"Arroz de Levedura Vermelha China, Fornecedor de P\u00f3 de Arroz de Levedura Vermelha a Granel | Niranbio Chemical","description":"O pigmento no arroz de levedura vermelha lhe d\u00e1 uma cor vermelha brilhante, por isso \u00e9 amplamente utilizado como corante natural para alimentos e bebidas.","robots":{"index":"noindex","follow":"follow","max-snippet":"max-snippet:-1","max-image-preview":"max-image-preview:large","max-video-preview":"max-video-preview:-1"},"twitter_misc":{"Est. tempo de leitura":"4 minutos"},"schema":{"@context":"https:\/\/schema.org","@graph":[{"@type":"WebPage","@id":"https:\/\/theo.niranbio.com\/pt-br\/arroz-vermelho-fermentado.html","url":"https:\/\/theo.niranbio.com\/pt-br\/arroz-vermelho-fermentado.html","name":"Arroz de Levedura Vermelha China, Fornecedor de P\u00f3 de Arroz de Levedura Vermelha a Granel | Niranbio Chemical","isPartOf":{"@id":"https:\/\/theo.niranbio.com\/pt-br\/#website"},"primaryImageOfPage":{"@id":"https:\/\/theo.niranbio.com\/pt-br\/arroz-vermelho-fermentado.html#primaryimage"},"image":{"@id":"https:\/\/theo.niranbio.com\/pt-br\/arroz-vermelho-fermentado.html#primaryimage"},"thumbnailUrl":"https:\/\/theo.niranbio.com\/wp-content\/uploads\/2024\/06\/Red-Yeast-Rice.webp","datePublished":"2024-06-20T03:48:21+00:00","dateModified":"2024-08-13T08:39:43+00:00","description":"O pigmento no arroz de levedura vermelha lhe d\u00e1 uma cor vermelha brilhante, por isso \u00e9 amplamente utilizado como corante natural para alimentos e bebidas.","breadcrumb":{"@id":"https:\/\/theo.niranbio.com\/pt-br\/arroz-vermelho-fermentado.html#breadcrumb"},"inLanguage":"pt-BR","potentialAction":[{"@type":"ReadAction","target":["https:\/\/theo.niranbio.com\/pt-br\/arroz-vermelho-fermentado.html"]}]},{"@type":"ImageObject","inLanguage":"pt-BR","@id":"https:\/\/theo.niranbio.com\/pt-br\/arroz-vermelho-fermentado.html#primaryimage","url":"https:\/\/theo.niranbio.com\/wp-content\/uploads\/2024\/06\/Red-Yeast-Rice.webp","contentUrl":"https:\/\/theo.niranbio.com\/wp-content\/uploads\/2024\/06\/Red-Yeast-Rice.webp","width":600,"height":600,"caption":"Arroz de fermento vermelho"},{"@type":"BreadcrumbList","@id":"https:\/\/theo.niranbio.com\/pt-br\/arroz-vermelho-fermentado.html#breadcrumb","itemListElement":[{"@type":"ListItem","position":1,"name":"Home","item":"https:\/\/theo.niranbio.com\/pt-br\/"},{"@type":"ListItem","position":2,"name":"Produtos","item":"https:\/\/theo.niranbio.com\/pt-br\/produtos.html"},{"@type":"ListItem","position":3,"name":"Corantes","item":"https:\/\/theo.niranbio.com\/pt-br\/corantes-produto\/"},{"@type":"ListItem","position":4,"name":"Arroz vermelho fermentado"}]},{"@type":"WebSite","@id":"https:\/\/theo.niranbio.com\/pt-br\/#website","url":"https:\/\/theo.niranbio.com\/pt-br\/","name":"Niranbio Chemical","description":"","publisher":{"@id":"https:\/\/theo.niranbio.com\/pt-br\/#organization"},"potentialAction":[{"@type":"SearchAction","target":{"@type":"EntryPoint","urlTemplate":"https:\/\/theo.niranbio.com\/pt-br\/?s={search_term_string}"},"query-input":{"@type":"PropertyValueSpecification","valueRequired":true,"valueName":"search_term_string"}}],"inLanguage":"pt-BR"},{"@type":"Organization","@id":"https:\/\/theo.niranbio.com\/pt-br\/#organization","name":"Niranbio Chemical","url":"https:\/\/theo.niranbio.com\/pt-br\/","logo":{"@type":"ImageObject","inLanguage":"pt-BR","@id":"https:\/\/theo.niranbio.com\/pt-br\/#\/schema\/logo\/image\/","url":"https:\/\/theo.niranbio.com\/wp-content\/uploads\/2024\/06\/Niranbio.png","contentUrl":"https:\/\/theo.niranbio.com\/wp-content\/uploads\/2024\/06\/Niranbio.png","width":270,"height":100,"caption":"Niranbio Chemical"},"image":{"@id":"https:\/\/theo.niranbio.com\/pt-br\/#\/schema\/logo\/image\/"}}]}},"_links":{"self":[{"href":"https:\/\/theo.niranbio.com\/pt-br\/wp-json\/wp\/v2\/product\/9684","targetHints":{"allow":["GET"]}}],"collection":[{"href":"https:\/\/theo.niranbio.com\/pt-br\/wp-json\/wp\/v2\/product"}],"about":[{"href":"https:\/\/theo.niranbio.com\/pt-br\/wp-json\/wp\/v2\/types\/product"}],"version-history":[{"count":0,"href":"https:\/\/theo.niranbio.com\/pt-br\/wp-json\/wp\/v2\/product\/9684\/revisions"}],"wp:featuredmedia":[{"embeddable":true,"href":"https:\/\/theo.niranbio.com\/pt-br\/wp-json\/wp\/v2\/media\/9685"}],"wp:attachment":[{"href":"https:\/\/theo.niranbio.com\/pt-br\/wp-json\/wp\/v2\/media?parent=9684"}],"wp:term":[{"taxonomy":"product_brand","embeddable":true,"href":"https:\/\/theo.niranbio.com\/pt-br\/wp-json\/wp\/v2\/product_brand?post=9684"},{"taxonomy":"product_cat","embeddable":true,"href":"https:\/\/theo.niranbio.com\/pt-br\/wp-json\/wp\/v2\/product_cat?post=9684"},{"taxonomy":"product_tag","embeddable":true,"href":"https:\/\/theo.niranbio.com\/pt-br\/wp-json\/wp\/v2\/product_tag?post=9684"}],"curies":[{"name":"wp","href":"https:\/\/api.w.org\/{rel}","templated":true}]}}