{"id":9683,"date":"2024-06-20T11:30:24","date_gmt":"2024-06-20T03:30:24","guid":{"rendered":"https:\/\/theo.niranbio.com\/acido-l-aspartico\/"},"modified":"2024-08-13T16:03:51","modified_gmt":"2024-08-13T08:03:51","slug":"acido-l-aspartico","status":"publish","type":"product","link":"https:\/\/theo.niranbio.com\/pt-br\/acido-l-aspartico.html","title":{"rendered":"\u00c1cido L-asp\u00e1rtico"},"content":{"rendered":"<h2><span class=\"ez-toc-section\" id=\"O_que_e_acido_L-aspartico\"><\/span>O que \u00e9 \u00e1cido L-asp\u00e1rtico?<span class=\"ez-toc-section-end\"><\/span><\/h2>\n<p>Conhecido por seu sabor levemente \u00e1cido, o \u00e1cido L-asp\u00e1rtico \u00e9 um composto org\u00e2nico que pode ser usado na ind\u00fastria aliment\u00edcia como intensificador de sabor, regulador e intensificador nutricional. \u00c9 sol\u00favel em \u00e1gua fervente, facilmente sol\u00favel em \u00e1cido dilu\u00eddo e aparece como cristais brancos ou p\u00f3 cristalino. O \u00e1cido L-asp\u00e1rtico pode ser preparado usando dois m\u00e9todos principais:<\/p>\n<p>1. O processo de s\u00edntese, que usa principalmente \u00e1cido fum\u00e1rico, \u00e1cido maleico ou seus \u00e9steres como mat\u00e9rias-primas, hidrolisa-os ap\u00f3s trat\u00e1-los sob press\u00e3o com am\u00f4nia. Embora o \u00e1cido asp\u00e1rtico rac\u00eamico seja mais simples de produzir, n\u00e3o h\u00e1 uma maneira perfeita de dividir o corpo rac\u00eamico.<\/p>\n<p>2. O processo de fermenta\u00e7\u00e3o envolve a adi\u00e7\u00e3o de \u00e1cido fum\u00e1rico e am\u00f4nia para produzir um alto rendimento de produto por meio da atividade de enzimas. O processo de produ\u00e7\u00e3o industrial prim\u00e1rio, no entanto, produz apenas o is\u00f4mero canhoto de alto rendimento.<\/p>\n<h2><span class=\"ez-toc-section\" id=\"Parametros_relacionados\"><\/span>Par\u00e2metros relacionados:<span class=\"ez-toc-section-end\"><\/span><\/h2>\n<table>\n<tbody>\n<tr>\n<td><strong>Itens<\/strong><\/td>\n<td><strong>Especifica\u00e7\u00e3o<\/strong><\/td>\n<\/tr>\n<tr>\n<td>Perda na secagem (%)<\/td>\n<td>11.5 &#8211; 12.5<\/td>\n<\/tr>\n<tr>\n<td>Res\u00edduo na igni\u00e7\u00e3o (%)<\/td>\n<td>0,1 M\u00e1ximo<\/td>\n<\/tr>\n<tr>\n<td>Metais pesados (ppm)<\/td>\n<td>10,0 M\u00e1ximo<\/td>\n<\/tr>\n<tr>\n<td>As (ppm)<\/td>\n<td>1,0 M\u00e1ximo<\/td>\n<\/tr>\n<tr>\n<td>Fe (ppm)<\/td>\n<td>10,0 M\u00e1ximo<\/td>\n<\/tr>\n<tr>\n<td>pH<\/td>\n<td>4.4 &#8211; 6.4<\/td>\n<\/tr>\n<tr>\n<td>Estado da solu\u00e7\u00e3o (%)<\/td>\n<td>98,0 Min<\/td>\n<\/tr>\n<tr>\n<td>Cl(%)<\/td>\n<td>0,02 M\u00e1ximo<\/td>\n<\/tr>\n<tr>\n<td>NH4(%)<\/td>\n<td>0,1 M\u00e1ximo<\/td>\n<\/tr>\n<tr>\n<td>SO4(%)<\/td>\n<td>0,02 M\u00e1ximo<\/td>\n<\/tr>\n<\/tbody>\n<\/table>\n<h2><span class=\"ez-toc-section\" id=\"Dosagem_recomendada\"><\/span>Dosagem recomendada:<span class=\"ez-toc-section-end\"><\/span><\/h2>\n<table>\n<tbody>\n<tr>\n<td><strong>Nome do alimento<\/strong><\/td>\n<td><strong>Uso m\u00e1ximo (g\/kg)<\/strong><\/td>\n<\/tr>\n<tr>\n<td>Bebidas<\/td>\n<td>0,5-2,0 g\/kg<\/td>\n<\/tr>\n<tr>\n<td>Produtos l\u00e1cteos<\/td>\n<td>0,5-1,0 g\/kg<\/td>\n<\/tr>\n<tr>\n<td>Temperos<\/td>\n<td>1,0-3,0 g\/kg<\/td>\n<\/tr>\n<tr>\n<td>Molho de soja<\/td>\n<td>1,0-2,0 g\/kg<\/td>\n<\/tr>\n<tr>\n<td>Produtos c\u00e1rneos<\/td>\n<td>1,0-2,0 g\/kg<\/td>\n<\/tr>\n<tr>\n<td>Salsichas<\/td>\n<td>1,0-2,0 g\/kg<\/td>\n<\/tr>\n<tr>\n<td>Presunto<\/td>\n<td>1,0-2,0 g\/kg<\/td>\n<\/tr>\n<tr>\n<td>Batatas fritas<\/td>\n<td>0,5-1,0 g\/kg<\/td>\n<\/tr>\n<tr>\n<td>Biscoitos<\/td>\n<td>0,5-1,0 g\/kg<\/td>\n<\/tr>\n<tr>\n<td>Nozes<\/td>\n<td>0,5-1,0 g\/kg<\/td>\n<\/tr>\n<tr>\n<td>P\u00e3o<\/td>\n<td>0,5-1,0 g\/kg<\/td>\n<\/tr>\n<tr>\n<td>Chocolate<\/td>\n<td>0,5-1,0 g\/kg<\/td>\n<\/tr>\n<tr>\n<td>Doces<\/td>\n<td>0,5-1,0 g\/kg<\/td>\n<\/tr>\n<\/tbody>\n<\/table>\n<h2><span class=\"ez-toc-section\" id=\"O_acido_L-aspartico_tem_uma_ampla_gama_de_usos\"><\/span>O \u00e1cido L-asp\u00e1rtico tem uma ampla gama de usos<span class=\"ez-toc-section-end\"><\/span><\/h2>\n<p>1. Intensificador de sabor: o \u00e1cido L-asp\u00e1rtico tem um certo sabor umami e pode ser usado como um intensificador de sabor e intensificador de sabor para real\u00e7ar o sabor geral dos alimentos. Pode ajudar a real\u00e7ar o sabor dos alimentos e torn\u00e1-los mais deliciosos, especialmente em condimentos, molho de soja, alimentos prontos para consumo, etc.<\/p>\n<p>2. Intensificador nutricional: como um amino\u00e1cido, o \u00e1cido L-asp\u00e1rtico desempenha um papel importante no corpo humano e \u00e9 um componente importante da prote\u00edna. Pode ser adicionado aos alimentos como um intensificador nutricional para fornecer amino\u00e1cidos adicionais e suplementar as necessidades nutricionais do corpo humano.<\/p>\n<p>3. Regulador de pH: o \u00e1cido L-asp\u00e1rtico tem boa capacidade de tamponamento e pode ser usado como um regulador de pH em alimentos. Ajuda a manter o equil\u00edbrio \u00e1cido-base dos alimentos e melhora a estabilidade e a textura dos alimentos, especialmente em bebidas, sucos, doces e outros alimentos que exigem controle de pH.<\/p>\n<p>4. Conservantes e antioxidantes: a oxida\u00e7\u00e3o dos alimentos pode ser retardada e seu frescor e sabor podem ser mantidos pelas qualidades antioxidantes do \u00e1cido L-asp\u00e1rtico. Em alguns alimentos, o efeito antioxidante do \u00e1cido L-asp\u00e1rtico pode reduzir a deteriora\u00e7\u00e3o dos alimentos e problemas de vida \u00fatil.<\/p>\n<p>5. Promova a s\u00edntese de prote\u00ednas: O \u00e1cido L-asp\u00e1rtico pode promover a s\u00edntese de prote\u00ednas e o metabolismo no corpo, e tem um efeito positivo no suporte ao crescimento e reparo muscular. Adicionar \u00e1cido L-asp\u00e1rtico aos alimentos pode aumentar o valor nutricional dos alimentos, especialmente para atletas e consumidores que precisam construir m\u00fasculos.<\/p>\n<h2><span class=\"ez-toc-section\" id=\"Pergunta_feita_pelo_usuario\"><\/span>Pergunta feita pelo usu\u00e1rio:<span class=\"ez-toc-section-end\"><\/span><\/h2>\n<p>Pergunta: Qual \u00e9 a diferen\u00e7a entre \u00e1cido D-asp\u00e1rtico e \u00e1cido L-asp\u00e1rtico?<\/p>\n<p>Resposta: O \u00e1cido L-asp\u00e1rtico e o \u00e1cido D-asp\u00e1rtico s\u00e3o dois enanti\u00f4meros do \u00e1cido asp\u00e1rtico, que s\u00e3o imagens espelhadas na estrutura espacial. O \u00e1cido L-asp\u00e1rtico \u00e9 a forma mais comum na natureza e est\u00e1 amplamente presente em organismos, especialmente em prote\u00ednas, como um componente importante de amino\u00e1cidos. A produ\u00e7\u00e3o de energia, a s\u00edntese de neurotransmissores e o metabolismo de amino\u00e1cidos dependem dele.<\/p>\n<p>O \u00e1cido D-asp\u00e1rtico \u00e9 menos comum e existe principalmente em alguns microrganismos. Sua fun\u00e7\u00e3o em organismos \u00e9 relativamente limitada e n\u00e3o participa de grandes processos fisiol\u00f3gicos ou s\u00edntese de prote\u00ednas. Embora o \u00e1cido D-asp\u00e1rtico desempenhe um papel menor na natureza, ele pode ter potencial de aplica\u00e7\u00e3o em certas pesquisas cient\u00edficas e desenvolvimento de medicamentos.<\/p>\n<p>O \u00e1cido L-asp\u00e1rtico \u00e9 um aromatizante comum, intensificador nutricional e regulador de pH usado em produtos aliment\u00edcios e itens de sa\u00fade. Ele desempenha um papel importante em v\u00e1rios alimentos e bebidas, ajudando a ajustar o sabor e a manter a estabilidade dos alimentos. O \u00e1cido D-asp\u00e1rtico tem atividade \u00f3ptica destra, enquanto o \u00e1cido L-asp\u00e1rtico tem atividade \u00f3ptica canhota. Essa propriedade \u00f3ptica lhes d\u00e1 diferentes aplica\u00e7\u00f5es em an\u00e1lise e s\u00edntese. As propriedades \u00f3pticas do \u00e1cido L-asp\u00e1rtico permitem que ele interaja efetivamente com outras mol\u00e9culas no corpo, enquanto as aplica\u00e7\u00f5es do \u00e1cido D-asp\u00e1rtico s\u00e3o concentradas principalmente em campos de pesquisa espec\u00edficos.<\/p>\n","protected":false},"excerpt":{"rendered":"<ul>\n<li>CAS: 56-84-8<\/li>\n<li>F\u00f3rmula qu\u00edmica: C<sub>4<\/sub>H<sub>7<\/sub>NO<sub>4<\/sub><\/li>\n<li>Certifica\u00e7\u00f5es: KOSHER, ISO, HALAL, FSSC22000, BRC, etc.<\/li>\n<li>Padr\u00e3o:<\/li>\n<li>Quantidade m\u00ednima do pedido: 1000KG<\/li>\n<li>Prazo de validade: 2 anos<\/li>\n<\/ul>\n","protected":false},"featured_media":11290,"template":"","meta":{"site-sidebar-layout":"default","site-content-layout":"","ast-site-content-layout":"default","site-content-style":"default","site-sidebar-style":"default","ast-global-header-display":"","ast-banner-title-visibility":"","ast-main-header-display":"","ast-hfb-above-header-display":"","ast-hfb-below-header-display":"","ast-hfb-mobile-header-display":"","site-post-title":"","ast-breadcrumbs-content":"","ast-featured-img":"","footer-sml-layout":"","theme-transparent-header-meta":"default","adv-header-id-meta":"","stick-header-meta":"","header-above-stick-meta":"","header-main-stick-meta":"","header-below-stick-meta":"","astra-migrate-meta-layouts":"set","ast-page-background-enabled":"default","ast-page-background-meta":{"desktop":{"background-color":"var(--ast-global-color-4)","background-image":"","background-repeat":"repeat","background-position":"center center","background-size":"auto","background-attachment":"scroll","background-type":"","background-media":"","overlay-type":"","overlay-color":"","overlay-opacity":"","overlay-gradient":""},"tablet":{"background-color":"","background-image":"","background-repeat":"repeat","background-position":"center center","background-size":"auto","background-attachment":"scroll","background-type":"","background-media":"","overlay-type":"","overlay-color":"","overlay-opacity":"","overlay-gradient":""},"mobile":{"background-color":"","background-image":"","background-repeat":"repeat","background-position":"center center","background-size":"auto","background-attachment":"scroll","background-type":"","background-media":"","overlay-type":"","overlay-color":"","overlay-opacity":"","overlay-gradient":""}},"ast-content-background-meta":{"desktop":{"background-color":"var(--ast-global-color-5)","background-image":"","background-repeat":"repeat","background-position":"center center","background-size":"auto","background-attachment":"scroll","background-type":"","background-media":"","overlay-type":"","overlay-color":"","overlay-opacity":"","overlay-gradient":""},"tablet":{"background-color":"var(--ast-global-color-5)","background-image":"","background-repeat":"repeat","background-position":"center center","background-size":"auto","background-attachment":"scroll","background-type":"","background-media":"","overlay-type":"","overlay-color":"","overlay-opacity":"","overlay-gradient":""},"mobile":{"background-color":"var(--ast-global-color-5)","background-image":"","background-repeat":"repeat","background-position":"center center","background-size":"auto","background-attachment":"scroll","background-type":"","background-media":"","overlay-type":"","overlay-color":"","overlay-opacity":"","overlay-gradient":""}}},"product_brand":[],"product_cat":[89],"product_tag":[],"class_list":{"0":"post-9683","1":"product","2":"type-product","3":"status-publish","4":"has-post-thumbnail","6":"product_cat-produto-intensificador-de-nutricao","7":"desktop-align-center","8":"tablet-align-left","9":"mobile-align-left","11":"first","12":"instock","13":"shipping-taxable","14":"product-type-simple"},"yoast_head":"<!-- This site is optimized with the Yoast SEO plugin v26.5 - https:\/\/yoast.com\/wordpress\/plugins\/seo\/ -->\n<title>Fornecedor de \u00e1cido L-asp\u00e1rtico, p\u00f3 de \u00e1cido L-asp\u00e1rtico de grau aliment\u00edcio | Niranbio Chemical<\/title>\n<meta name=\"description\" content=\"Nosso \u00e1cido L-asp\u00e1rtico aparece como cristais brancos ou p\u00f3 cristalino que pode ser usado na ind\u00fastria aliment\u00edcia como intensificador de sabor, regulador e intensificador nutricional.\" \/>\n<meta name=\"robots\" content=\"noindex, follow, max-snippet:-1, max-image-preview:large, max-video-preview:-1\" \/>\n<meta name=\"twitter:label1\" content=\"Est. tempo de leitura\" \/>\n\t<meta name=\"twitter:data1\" content=\"4 minutos\" \/>\n<script type=\"application\/ld+json\" class=\"yoast-schema-graph\">{\"@context\":\"https:\/\/schema.org\",\"@graph\":[{\"@type\":\"WebPage\",\"@id\":\"https:\/\/theo.niranbio.com\/pt-br\/acido-l-aspartico.html\",\"url\":\"https:\/\/theo.niranbio.com\/pt-br\/acido-l-aspartico.html\",\"name\":\"Fornecedor de \u00e1cido L-asp\u00e1rtico, p\u00f3 de \u00e1cido L-asp\u00e1rtico de grau aliment\u00edcio | Niranbio Chemical\",\"isPartOf\":{\"@id\":\"https:\/\/theo.niranbio.com\/pt-br\/#website\"},\"primaryImageOfPage\":{\"@id\":\"https:\/\/theo.niranbio.com\/pt-br\/acido-l-aspartico.html#primaryimage\"},\"image\":{\"@id\":\"https:\/\/theo.niranbio.com\/pt-br\/acido-l-aspartico.html#primaryimage\"},\"thumbnailUrl\":\"https:\/\/theo.niranbio.com\/wp-content\/uploads\/2024\/06\/L-Aspartic-Acid.jpg\",\"datePublished\":\"2024-06-20T03:30:24+00:00\",\"dateModified\":\"2024-08-13T08:03:51+00:00\",\"description\":\"Nosso \u00e1cido L-asp\u00e1rtico aparece como cristais brancos ou p\u00f3 cristalino que pode ser usado na ind\u00fastria aliment\u00edcia como intensificador de sabor, regulador e intensificador nutricional.\",\"breadcrumb\":{\"@id\":\"https:\/\/theo.niranbio.com\/pt-br\/acido-l-aspartico.html#breadcrumb\"},\"inLanguage\":\"pt-BR\",\"potentialAction\":[{\"@type\":\"ReadAction\",\"target\":[\"https:\/\/theo.niranbio.com\/pt-br\/acido-l-aspartico.html\"]}]},{\"@type\":\"ImageObject\",\"inLanguage\":\"pt-BR\",\"@id\":\"https:\/\/theo.niranbio.com\/pt-br\/acido-l-aspartico.html#primaryimage\",\"url\":\"https:\/\/theo.niranbio.com\/wp-content\/uploads\/2024\/06\/L-Aspartic-Acid.jpg\",\"contentUrl\":\"https:\/\/theo.niranbio.com\/wp-content\/uploads\/2024\/06\/L-Aspartic-Acid.jpg\",\"width\":600,\"height\":600,\"caption\":\"L-Aspartic Acid\"},{\"@type\":\"BreadcrumbList\",\"@id\":\"https:\/\/theo.niranbio.com\/pt-br\/acido-l-aspartico.html#breadcrumb\",\"itemListElement\":[{\"@type\":\"ListItem\",\"position\":1,\"name\":\"Home\",\"item\":\"https:\/\/theo.niranbio.com\/pt-br\/\"},{\"@type\":\"ListItem\",\"position\":2,\"name\":\"Produtos\",\"item\":\"https:\/\/theo.niranbio.com\/pt-br\/produtos.html\"},{\"@type\":\"ListItem\",\"position\":3,\"name\":\"Intensificador de Nutri\u00e7\u00e3o\",\"item\":\"https:\/\/theo.niranbio.com\/pt-br\/produto-intensificador-de-nutricao\/\"},{\"@type\":\"ListItem\",\"position\":4,\"name\":\"\u00c1cido L-asp\u00e1rtico\"}]},{\"@type\":\"WebSite\",\"@id\":\"https:\/\/theo.niranbio.com\/pt-br\/#website\",\"url\":\"https:\/\/theo.niranbio.com\/pt-br\/\",\"name\":\"Niranbio Chemical\",\"description\":\"\",\"publisher\":{\"@id\":\"https:\/\/theo.niranbio.com\/pt-br\/#organization\"},\"potentialAction\":[{\"@type\":\"SearchAction\",\"target\":{\"@type\":\"EntryPoint\",\"urlTemplate\":\"https:\/\/theo.niranbio.com\/pt-br\/?s={search_term_string}\"},\"query-input\":{\"@type\":\"PropertyValueSpecification\",\"valueRequired\":true,\"valueName\":\"search_term_string\"}}],\"inLanguage\":\"pt-BR\"},{\"@type\":\"Organization\",\"@id\":\"https:\/\/theo.niranbio.com\/pt-br\/#organization\",\"name\":\"Niranbio Chemical\",\"url\":\"https:\/\/theo.niranbio.com\/pt-br\/\",\"logo\":{\"@type\":\"ImageObject\",\"inLanguage\":\"pt-BR\",\"@id\":\"https:\/\/theo.niranbio.com\/pt-br\/#\/schema\/logo\/image\/\",\"url\":\"https:\/\/theo.niranbio.com\/wp-content\/uploads\/2024\/06\/Niranbio.png\",\"contentUrl\":\"https:\/\/theo.niranbio.com\/wp-content\/uploads\/2024\/06\/Niranbio.png\",\"width\":270,\"height\":100,\"caption\":\"Niranbio Chemical\"},\"image\":{\"@id\":\"https:\/\/theo.niranbio.com\/pt-br\/#\/schema\/logo\/image\/\"}}]}<\/script>\n<!-- \/ Yoast SEO plugin. -->","yoast_head_json":{"title":"Fornecedor de \u00e1cido L-asp\u00e1rtico, p\u00f3 de \u00e1cido L-asp\u00e1rtico de grau aliment\u00edcio | Niranbio Chemical","description":"Nosso \u00e1cido L-asp\u00e1rtico aparece como cristais brancos ou p\u00f3 cristalino que pode ser usado na ind\u00fastria aliment\u00edcia como intensificador de sabor, regulador e intensificador nutricional.","robots":{"index":"noindex","follow":"follow","max-snippet":"max-snippet:-1","max-image-preview":"max-image-preview:large","max-video-preview":"max-video-preview:-1"},"twitter_misc":{"Est. tempo de leitura":"4 minutos"},"schema":{"@context":"https:\/\/schema.org","@graph":[{"@type":"WebPage","@id":"https:\/\/theo.niranbio.com\/pt-br\/acido-l-aspartico.html","url":"https:\/\/theo.niranbio.com\/pt-br\/acido-l-aspartico.html","name":"Fornecedor de \u00e1cido L-asp\u00e1rtico, p\u00f3 de \u00e1cido L-asp\u00e1rtico de grau aliment\u00edcio | Niranbio Chemical","isPartOf":{"@id":"https:\/\/theo.niranbio.com\/pt-br\/#website"},"primaryImageOfPage":{"@id":"https:\/\/theo.niranbio.com\/pt-br\/acido-l-aspartico.html#primaryimage"},"image":{"@id":"https:\/\/theo.niranbio.com\/pt-br\/acido-l-aspartico.html#primaryimage"},"thumbnailUrl":"https:\/\/theo.niranbio.com\/wp-content\/uploads\/2024\/06\/L-Aspartic-Acid.jpg","datePublished":"2024-06-20T03:30:24+00:00","dateModified":"2024-08-13T08:03:51+00:00","description":"Nosso \u00e1cido L-asp\u00e1rtico aparece como cristais brancos ou p\u00f3 cristalino que pode ser usado na ind\u00fastria aliment\u00edcia como intensificador de sabor, regulador e intensificador nutricional.","breadcrumb":{"@id":"https:\/\/theo.niranbio.com\/pt-br\/acido-l-aspartico.html#breadcrumb"},"inLanguage":"pt-BR","potentialAction":[{"@type":"ReadAction","target":["https:\/\/theo.niranbio.com\/pt-br\/acido-l-aspartico.html"]}]},{"@type":"ImageObject","inLanguage":"pt-BR","@id":"https:\/\/theo.niranbio.com\/pt-br\/acido-l-aspartico.html#primaryimage","url":"https:\/\/theo.niranbio.com\/wp-content\/uploads\/2024\/06\/L-Aspartic-Acid.jpg","contentUrl":"https:\/\/theo.niranbio.com\/wp-content\/uploads\/2024\/06\/L-Aspartic-Acid.jpg","width":600,"height":600,"caption":"L-Aspartic Acid"},{"@type":"BreadcrumbList","@id":"https:\/\/theo.niranbio.com\/pt-br\/acido-l-aspartico.html#breadcrumb","itemListElement":[{"@type":"ListItem","position":1,"name":"Home","item":"https:\/\/theo.niranbio.com\/pt-br\/"},{"@type":"ListItem","position":2,"name":"Produtos","item":"https:\/\/theo.niranbio.com\/pt-br\/produtos.html"},{"@type":"ListItem","position":3,"name":"Intensificador de Nutri\u00e7\u00e3o","item":"https:\/\/theo.niranbio.com\/pt-br\/produto-intensificador-de-nutricao\/"},{"@type":"ListItem","position":4,"name":"\u00c1cido L-asp\u00e1rtico"}]},{"@type":"WebSite","@id":"https:\/\/theo.niranbio.com\/pt-br\/#website","url":"https:\/\/theo.niranbio.com\/pt-br\/","name":"Niranbio Chemical","description":"","publisher":{"@id":"https:\/\/theo.niranbio.com\/pt-br\/#organization"},"potentialAction":[{"@type":"SearchAction","target":{"@type":"EntryPoint","urlTemplate":"https:\/\/theo.niranbio.com\/pt-br\/?s={search_term_string}"},"query-input":{"@type":"PropertyValueSpecification","valueRequired":true,"valueName":"search_term_string"}}],"inLanguage":"pt-BR"},{"@type":"Organization","@id":"https:\/\/theo.niranbio.com\/pt-br\/#organization","name":"Niranbio Chemical","url":"https:\/\/theo.niranbio.com\/pt-br\/","logo":{"@type":"ImageObject","inLanguage":"pt-BR","@id":"https:\/\/theo.niranbio.com\/pt-br\/#\/schema\/logo\/image\/","url":"https:\/\/theo.niranbio.com\/wp-content\/uploads\/2024\/06\/Niranbio.png","contentUrl":"https:\/\/theo.niranbio.com\/wp-content\/uploads\/2024\/06\/Niranbio.png","width":270,"height":100,"caption":"Niranbio Chemical"},"image":{"@id":"https:\/\/theo.niranbio.com\/pt-br\/#\/schema\/logo\/image\/"}}]}},"_links":{"self":[{"href":"https:\/\/theo.niranbio.com\/pt-br\/wp-json\/wp\/v2\/product\/9683","targetHints":{"allow":["GET"]}}],"collection":[{"href":"https:\/\/theo.niranbio.com\/pt-br\/wp-json\/wp\/v2\/product"}],"about":[{"href":"https:\/\/theo.niranbio.com\/pt-br\/wp-json\/wp\/v2\/types\/product"}],"version-history":[{"count":0,"href":"https:\/\/theo.niranbio.com\/pt-br\/wp-json\/wp\/v2\/product\/9683\/revisions"}],"wp:featuredmedia":[{"embeddable":true,"href":"https:\/\/theo.niranbio.com\/pt-br\/wp-json\/wp\/v2\/media\/11290"}],"wp:attachment":[{"href":"https:\/\/theo.niranbio.com\/pt-br\/wp-json\/wp\/v2\/media?parent=9683"}],"wp:term":[{"taxonomy":"product_brand","embeddable":true,"href":"https:\/\/theo.niranbio.com\/pt-br\/wp-json\/wp\/v2\/product_brand?post=9683"},{"taxonomy":"product_cat","embeddable":true,"href":"https:\/\/theo.niranbio.com\/pt-br\/wp-json\/wp\/v2\/product_cat?post=9683"},{"taxonomy":"product_tag","embeddable":true,"href":"https:\/\/theo.niranbio.com\/pt-br\/wp-json\/wp\/v2\/product_tag?post=9683"}],"curies":[{"name":"wp","href":"https:\/\/api.w.org\/{rel}","templated":true}]}}