{"id":9674,"date":"2024-06-20T10:17:57","date_gmt":"2024-06-20T02:17:57","guid":{"rendered":"https:\/\/theo.niranbio.com\/sorbato-de-potassio-grau-alimenticio\/"},"modified":"2024-08-19T10:42:36","modified_gmt":"2024-08-19T02:42:36","slug":"sorbato-de-potassio-grau-alimenticio","status":"publish","type":"product","link":"https:\/\/theo.niranbio.com\/pt-br\/sorbato-de-potassio-grau-alimenticio.html","title":{"rendered":"Sorbato de Pot\u00e1ssio &#8211; Grau Aliment\u00edcio"},"content":{"rendered":"<h2><span class=\"ez-toc-section\" id=\"O_que_e_Sorbato_de_Potassio\"><\/span><strong><b>O que \u00e9 Sorbato de Pot\u00e1ssio?<\/b><\/strong><span class=\"ez-toc-section-end\"><\/span><\/h2>\n<p>O sorbato de pot\u00e1ssio \u00e9 um gr\u00e2nulo ou p\u00f3 branco, e os gr\u00e2nulos s\u00e3o os mais usados, principalmente em formato colunar, e tamb\u00e9m h\u00e1 alguns gr\u00e2nulos esf\u00e9ricos. \u00c9 inodoro ou levemente odor\u00edfero. \u00c9 f\u00e1cil absorver umidade e descolorir devido \u00e0 oxida\u00e7\u00e3o e decomposi\u00e7\u00e3o quando exposto ao ar por um longo tempo. \u00c9 amplamente utilizado para preserva\u00e7\u00e3o de alimentos, cosm\u00e9ticos e ra\u00e7\u00f5es devido \u00e0 sua f\u00e1cil absor\u00e7\u00e3o e metabolismo pelo corpo humano, n\u00e3o deixando res\u00edduos e sendo at\u00f3xico.<\/p>\n<p>O sorbato de pot\u00e1ssio \u00e9 extra\u00eddo de frutas ou plantas naturais, como ma\u00e7\u00e3s, peras e caquis. O m\u00e9todo de extra\u00e7\u00e3o pode ser extra\u00e7\u00e3o de \u00e1gua ou extra\u00e7\u00e3o de \u00e1lcool, mas n\u00e3o \u00e9 frequentemente usado na ind\u00fastria devido \u00e0 sua baixa efici\u00eancia de extra\u00e7\u00e3o e alto custo. Atualmente, a s\u00edntese qu\u00edmica \u00e9 usada principalmente na ind\u00fastria para produzir sorbato de pot\u00e1ssio. O m\u00e9todo de s\u00edntese qu\u00edmica \u00e9 reagir com \u00e1cido s\u00f3rbico de alta qualidade e \u00e1lcali de pot\u00e1ssio sob certas condi\u00e7\u00f5es de rea\u00e7\u00e3o para gerar sorbato de pot\u00e1ssio. No processo de prepara\u00e7\u00e3o, os principais fatores a serem considerados s\u00e3o os efeitos da temperatura de rea\u00e7\u00e3o, tempo de rea\u00e7\u00e3o e raz\u00e3o molar do reagente na taxa de rea\u00e7\u00e3o e rendimento.<\/p>\n<h2><span class=\"ez-toc-section\" id=\"Parametros_relacionados\"><\/span><strong><b>Par\u00e2metros relacionados:<\/b><\/strong><span class=\"ez-toc-section-end\"><\/span><\/h2>\n<table>\n<tbody>\n<tr>\n<td width=\"494\"><strong><b>Itens<\/b><\/strong><\/td>\n<td width=\"550\"><strong><b>Padr\u00f5es<\/b><\/strong><\/td>\n<\/tr>\n<tr>\n<td width=\"494\">Ensaio<\/td>\n<td width=\"550\">99.0-101%-101.0%<\/td>\n<\/tr>\n<tr>\n<td width=\"494\">Faixa de medi\u00e7\u00e3o<\/td>\n<td width=\"550\">133\u2103~135\u2103<\/td>\n<\/tr>\n<tr>\n<td width=\"494\">Ponto de sublima\u00e7\u00e3o<\/td>\n<td width=\"550\">80\u2103<\/td>\n<\/tr>\n<tr>\n<td width=\"494\">Valor do pH<\/td>\n<td width=\"550\">8.5~10.5<\/td>\n<\/tr>\n<tr>\n<td width=\"494\">Perda na secagem<\/td>\n<td width=\"550\">1% M\u00e1ximo<\/td>\n<\/tr>\n<tr>\n<td width=\"494\">Alkainity (como K2CO3)<\/td>\n<td width=\"550\">1% M\u00e1ximo<\/td>\n<\/tr>\n<tr>\n<td width=\"494\">Alde\u00eddos (como formalde\u00eddo)<\/td>\n<td width=\"550\">0,1% no m\u00e1ximo<\/td>\n<\/tr>\n<tr>\n<td width=\"494\">Metais pesados (como Pb)<\/td>\n<td width=\"550\">10 ppm M\u00e1ximo<\/td>\n<\/tr>\n<tr>\n<td width=\"494\">Merc\u00fario<\/td>\n<td width=\"550\">1 ppm M\u00e1ximo<\/td>\n<\/tr>\n<tr>\n<td width=\"494\">Chumbo<\/td>\n<td width=\"550\">2 ppm M\u00e1ximo<\/td>\n<\/tr>\n<tr>\n<td width=\"494\">Ars\u00eanico<\/td>\n<td width=\"550\">2 ppm M\u00e1ximo<\/td>\n<\/tr>\n<\/tbody>\n<\/table>\n<h2><span class=\"ez-toc-section\" id=\"Dosagem_recomendada\"><\/span><strong><b>Dosagem recomendada:<\/b><\/strong><span class=\"ez-toc-section-end\"><\/span><\/h2>\n<table>\n<tbody>\n<tr>\n<td width=\"494\">Nome do alimento<\/td>\n<td width=\"550\">Uso m\u00e1ximo (g\/kg)<\/td>\n<\/tr>\n<tr>\n<td width=\"494\">Bebidas carbonatadas<\/td>\n<td width=\"550\">0,1 &#8211; 0,3 g\/kg<\/td>\n<\/tr>\n<tr>\n<td width=\"494\">Sucos de frutas<\/td>\n<td width=\"550\">0,1 &#8211; 0,3 g\/kg<\/td>\n<\/tr>\n<tr>\n<td width=\"494\">Bolos e doces<\/td>\n<td width=\"550\">0,1 &#8211; 0,5 g\/kg<\/td>\n<\/tr>\n<tr>\n<td width=\"494\">Doces e gel\u00e9ias<\/td>\n<td width=\"550\">0,3 &#8211; 0,5 g\/kg<\/td>\n<\/tr>\n<tr>\n<td width=\"494\">Iogurte<\/td>\n<td width=\"550\">0,2 &#8211; 0,3 g\/kg<\/td>\n<\/tr>\n<tr>\n<td width=\"494\">Salsichas<\/td>\n<td width=\"550\">0,1 &#8211; 0,2 g\/kg<\/td>\n<\/tr>\n<tr>\n<td width=\"494\">Carnes deliciosas<\/td>\n<td width=\"550\">0,1 &#8211; 0,3 g\/kg<\/td>\n<\/tr>\n<tr>\n<td width=\"494\">Ketchup e molhos<\/td>\n<td width=\"550\">0,1 &#8211; 0,3 g\/kg<\/td>\n<\/tr>\n<tr>\n<td width=\"494\">Salgadinhos extrudados<\/td>\n<td width=\"550\">0,1 &#8211; 0,2 g\/kg<\/td>\n<\/tr>\n<tr>\n<td width=\"494\">Vegetais<\/td>\n<td width=\"550\">0,1 &#8211; 0,3 g\/kg<\/td>\n<\/tr>\n<tr>\n<td width=\"494\">Frutos do mar em conserva<\/td>\n<td width=\"550\">0,1 &#8211; 0,3 g\/kg<\/td>\n<\/tr>\n<tr>\n<td width=\"494\">Molhos para salada<\/td>\n<td width=\"550\">0,1 &#8211; 0,3 g\/kg<\/td>\n<\/tr>\n<tr>\n<td width=\"494\">Marinadas<\/td>\n<td width=\"550\">0,1 &#8211; 0,3 g\/kg<\/td>\n<\/tr>\n<\/tbody>\n<\/table>\n<h2><span class=\"ez-toc-section\" id=\"O_sorbato_de_potassio_tem_uma_ampla_gama_de_usos\"><\/span><strong><b>O sorbato de pot\u00e1ssio tem uma ampla gama de usos<\/b><\/strong><span class=\"ez-toc-section-end\"><\/span><\/h2>\n<p><strong>1. Conservantes de alimentos <\/strong> O sorbato de pot\u00e1ssio, sendo higrosc\u00f3pico e facilmente sol\u00favel em \u00e1gua e etanol, \u00e9 utilizado principalmente para conservar itens perec\u00edveis. \u00c9 comumente adicionado a queijo, iogurte, sorvete e outros produtos l\u00e1cteos suscet\u00edveis a mofo, bem como v\u00e1rios alimentos processados, como frutas enlatadas e sobremesas, estendendo efetivamente sua vida \u00fatil.<\/p>\n<p>2. <strong>Beleza e cuidados com os cabelos <\/strong> Al\u00e9m de suas aplica\u00e7\u00f5es alimentares, o sorbato de pot\u00e1ssio \u00e9 amplamente utilizado em v\u00e1rias ind\u00fastrias, incluindo cosm\u00e9ticos. Ele serve como conservante em produtos de beleza propensos a mofo e deteriora\u00e7\u00e3o, como xampu, spray de cabelo e cremes para a pele, estendendo efetivamente sua vida \u00fatil.<\/p>\n<p>3. <strong>Vinifica\u00e7\u00e3o<\/strong> O sorbato de pot\u00e1ssio \u00e9 comumente utilizado na vinifica\u00e7\u00e3o para manter a estabilidade do sabor do vinho tinto. Sem o sorbato de pot\u00e1ssio, o sabor do vinho tinto pode alterar durante a fermenta\u00e7\u00e3o. Al\u00e9m disso, refrigerantes, sucos de frutas e refrigerantes frequentemente empregam sorbato de pot\u00e1ssio como conservante.<\/p>\n<h2><span class=\"ez-toc-section\" id=\"O_usuario_fez_a_seguinte_pergunta\"><\/span><strong><b>O usu\u00e1rio fez a seguinte pergunta:<\/b><\/strong><span class=\"ez-toc-section-end\"><\/span><\/h2>\n<p><b> <\/b>Pergunta: Qual \u00e9 o conservante mais seguro?<\/p>\n<p>Resposta: Os conservantes comuns incluem benzoato de s\u00f3dio (carne, peixe e outros produtos de carne), sorbato de pot\u00e1ssio (bebidas, geleias, doces, etc.), nitrito (produtos curados, carne enlatada, etc.), acetato (bolos, frutas cristalizadas, etc.), etc. Todos eles t\u00eam boas fun\u00e7\u00f5es conservantes. A chave \u00e9 que voc\u00ea escolha sua finalidade.<\/p>\n<p>Pergunta: O sorbato de pot\u00e1ssio \u00e9 seguro para a pele?<\/p>\n<p>Resposta: O sorbato de pot\u00e1ssio \u00e9 um conservante e um aditivo alimentar. Geralmente, o sorbato de pot\u00e1ssio \u00e9 inofensivo para a pele. Como o sorbato de pot\u00e1ssio \u00e9 uma subst\u00e2ncia \u00e1cida fraca, se entrar em contato direto com a pele, pode causar alguma irrita\u00e7\u00e3o na pele, causando sintomas como coceira, vermelhid\u00e3o, incha\u00e7o e dor. Neste momento, o paciente precisa lavar a pele com \u00e1gua limpa a tempo e aplicar pomada de paeonol, creme de buprenorfina e outros medicamentos para tratamento local, conforme prescrito pelo m\u00e9dico.<\/p>\n","protected":false},"excerpt":{"rendered":"<ul>\n<li>CAS: 24634-61-5; 590-00-1<\/li>\n<li>F\u00f3rmula qu\u00edmica: C6H7KO2<\/li>\n<li>Certifica\u00e7\u00f5es: KOSHER, ISO, HALAL, FSSC22000, BRC, etc.<\/li>\n<li>Padr\u00e3o: FCC\/E202<\/li>\n<li>Quantidade m\u00ednima do pedido: 1000KG<\/li>\n<li>Prazo de validade: 2 anos<\/li>\n<\/ul>\n","protected":false},"featured_media":8005,"template":"","meta":{"site-sidebar-layout":"default","site-content-layout":"","ast-site-content-layout":"default","site-content-style":"default","site-sidebar-style":"default","ast-global-header-display":"","ast-banner-title-visibility":"","ast-main-header-display":"","ast-hfb-above-header-display":"","ast-hfb-below-header-display":"","ast-hfb-mobile-header-display":"","site-post-title":"","ast-breadcrumbs-content":"","ast-featured-img":"","footer-sml-layout":"","theme-transparent-header-meta":"default","adv-header-id-meta":"","stick-header-meta":"","header-above-stick-meta":"","header-main-stick-meta":"","header-below-stick-meta":"","astra-migrate-meta-layouts":"set","ast-page-background-enabled":"default","ast-page-background-meta":{"desktop":{"background-color":"var(--ast-global-color-4)","background-image":"","background-repeat":"repeat","background-position":"center center","background-size":"auto","background-attachment":"scroll","background-type":"","background-media":"","overlay-type":"","overlay-color":"","overlay-opacity":"","overlay-gradient":""},"tablet":{"background-color":"","background-image":"","background-repeat":"repeat","background-position":"center center","background-size":"auto","background-attachment":"scroll","background-type":"","background-media":"","overlay-type":"","overlay-color":"","overlay-opacity":"","overlay-gradient":""},"mobile":{"background-color":"","background-image":"","background-repeat":"repeat","background-position":"center center","background-size":"auto","background-attachment":"scroll","background-type":"","background-media":"","overlay-type":"","overlay-color":"","overlay-opacity":"","overlay-gradient":""}},"ast-content-background-meta":{"desktop":{"background-color":"var(--ast-global-color-5)","background-image":"","background-repeat":"repeat","background-position":"center center","background-size":"auto","background-attachment":"scroll","background-type":"","background-media":"","overlay-type":"","overlay-color":"","overlay-opacity":"","overlay-gradient":""},"tablet":{"background-color":"var(--ast-global-color-5)","background-image":"","background-repeat":"repeat","background-position":"center center","background-size":"auto","background-attachment":"scroll","background-type":"","background-media":"","overlay-type":"","overlay-color":"","overlay-opacity":"","overlay-gradient":""},"mobile":{"background-color":"var(--ast-global-color-5)","background-image":"","background-repeat":"repeat","background-position":"center center","background-size":"auto","background-attachment":"scroll","background-type":"","background-media":"","overlay-type":"","overlay-color":"","overlay-opacity":"","overlay-gradient":""}}},"product_brand":[],"product_cat":[93],"product_tag":[],"class_list":{"0":"post-9674","1":"product","2":"type-product","3":"status-publish","4":"has-post-thumbnail","6":"product_cat-produto-conservante","7":"desktop-align-center","8":"tablet-align-left","9":"mobile-align-left","11":"first","12":"instock","13":"shipping-taxable","14":"product-type-simple"},"yoast_head":"<!-- This site is optimized with the Yoast SEO plugin v26.5 - https:\/\/yoast.com\/wordpress\/plugins\/seo\/ -->\n<title>Sorbato de Pot\u00e1ssio Comprar, Sorbato de Pot\u00e1ssio Pre\u00e7o | Niranbio Chemical<\/title>\n<meta name=\"description\" content=\"Nosso Sorbato de Pot\u00e1ssio E202 \u00e9 um gr\u00e2nulo branco ou p\u00f3, e os gr\u00e2nulos s\u00e3o os mais usados, principalmente em formato colunar, e tamb\u00e9m h\u00e1 alguns gr\u00e2nulos esf\u00e9ricos.\" \/>\n<meta name=\"robots\" content=\"noindex, follow, max-snippet:-1, max-image-preview:large, max-video-preview:-1\" \/>\n<meta name=\"twitter:label1\" content=\"Est. tempo de leitura\" \/>\n\t<meta name=\"twitter:data1\" content=\"4 minutos\" \/>\n<script type=\"application\/ld+json\" class=\"yoast-schema-graph\">{\"@context\":\"https:\/\/schema.org\",\"@graph\":[{\"@type\":\"WebPage\",\"@id\":\"https:\/\/theo.niranbio.com\/pt-br\/sorbato-de-potassio-grau-alimenticio.html\",\"url\":\"https:\/\/theo.niranbio.com\/pt-br\/sorbato-de-potassio-grau-alimenticio.html\",\"name\":\"Sorbato de Pot\u00e1ssio Comprar, Sorbato de Pot\u00e1ssio Pre\u00e7o | Niranbio Chemical\",\"isPartOf\":{\"@id\":\"https:\/\/theo.niranbio.com\/pt-br\/#website\"},\"primaryImageOfPage\":{\"@id\":\"https:\/\/theo.niranbio.com\/pt-br\/sorbato-de-potassio-grau-alimenticio.html#primaryimage\"},\"image\":{\"@id\":\"https:\/\/theo.niranbio.com\/pt-br\/sorbato-de-potassio-grau-alimenticio.html#primaryimage\"},\"thumbnailUrl\":\"https:\/\/theo.niranbio.com\/wp-content\/uploads\/2024\/06\/Potassium-Sorbate.webp\",\"datePublished\":\"2024-06-20T02:17:57+00:00\",\"dateModified\":\"2024-08-19T02:42:36+00:00\",\"description\":\"Nosso Sorbato de Pot\u00e1ssio E202 \u00e9 um gr\u00e2nulo branco ou p\u00f3, e os gr\u00e2nulos s\u00e3o os mais usados, principalmente em formato colunar, e tamb\u00e9m h\u00e1 alguns gr\u00e2nulos esf\u00e9ricos.\",\"breadcrumb\":{\"@id\":\"https:\/\/theo.niranbio.com\/pt-br\/sorbato-de-potassio-grau-alimenticio.html#breadcrumb\"},\"inLanguage\":\"pt-BR\",\"potentialAction\":[{\"@type\":\"ReadAction\",\"target\":[\"https:\/\/theo.niranbio.com\/pt-br\/sorbato-de-potassio-grau-alimenticio.html\"]}]},{\"@type\":\"ImageObject\",\"inLanguage\":\"pt-BR\",\"@id\":\"https:\/\/theo.niranbio.com\/pt-br\/sorbato-de-potassio-grau-alimenticio.html#primaryimage\",\"url\":\"https:\/\/theo.niranbio.com\/wp-content\/uploads\/2024\/06\/Potassium-Sorbate.webp\",\"contentUrl\":\"https:\/\/theo.niranbio.com\/wp-content\/uploads\/2024\/06\/Potassium-Sorbate.webp\",\"width\":600,\"height\":600,\"caption\":\"Sorbato de pot\u00e1ssio\"},{\"@type\":\"BreadcrumbList\",\"@id\":\"https:\/\/theo.niranbio.com\/pt-br\/sorbato-de-potassio-grau-alimenticio.html#breadcrumb\",\"itemListElement\":[{\"@type\":\"ListItem\",\"position\":1,\"name\":\"Home\",\"item\":\"https:\/\/theo.niranbio.com\/pt-br\/\"},{\"@type\":\"ListItem\",\"position\":2,\"name\":\"Produtos\",\"item\":\"https:\/\/theo.niranbio.com\/pt-br\/produtos.html\"},{\"@type\":\"ListItem\",\"position\":3,\"name\":\"Conservante\",\"item\":\"https:\/\/theo.niranbio.com\/pt-br\/produto-conservante\/\"},{\"@type\":\"ListItem\",\"position\":4,\"name\":\"Sorbato de Pot\u00e1ssio &#8211; Grau Aliment\u00edcio\"}]},{\"@type\":\"WebSite\",\"@id\":\"https:\/\/theo.niranbio.com\/pt-br\/#website\",\"url\":\"https:\/\/theo.niranbio.com\/pt-br\/\",\"name\":\"Niranbio Chemical\",\"description\":\"\",\"publisher\":{\"@id\":\"https:\/\/theo.niranbio.com\/pt-br\/#organization\"},\"potentialAction\":[{\"@type\":\"SearchAction\",\"target\":{\"@type\":\"EntryPoint\",\"urlTemplate\":\"https:\/\/theo.niranbio.com\/pt-br\/?s={search_term_string}\"},\"query-input\":{\"@type\":\"PropertyValueSpecification\",\"valueRequired\":true,\"valueName\":\"search_term_string\"}}],\"inLanguage\":\"pt-BR\"},{\"@type\":\"Organization\",\"@id\":\"https:\/\/theo.niranbio.com\/pt-br\/#organization\",\"name\":\"Niranbio Chemical\",\"url\":\"https:\/\/theo.niranbio.com\/pt-br\/\",\"logo\":{\"@type\":\"ImageObject\",\"inLanguage\":\"pt-BR\",\"@id\":\"https:\/\/theo.niranbio.com\/pt-br\/#\/schema\/logo\/image\/\",\"url\":\"https:\/\/theo.niranbio.com\/wp-content\/uploads\/2024\/06\/Niranbio.png\",\"contentUrl\":\"https:\/\/theo.niranbio.com\/wp-content\/uploads\/2024\/06\/Niranbio.png\",\"width\":270,\"height\":100,\"caption\":\"Niranbio Chemical\"},\"image\":{\"@id\":\"https:\/\/theo.niranbio.com\/pt-br\/#\/schema\/logo\/image\/\"}}]}<\/script>\n<!-- \/ Yoast SEO plugin. -->","yoast_head_json":{"title":"Sorbato de Pot\u00e1ssio Comprar, Sorbato de Pot\u00e1ssio Pre\u00e7o | Niranbio Chemical","description":"Nosso Sorbato de Pot\u00e1ssio E202 \u00e9 um gr\u00e2nulo branco ou p\u00f3, e os gr\u00e2nulos s\u00e3o os mais usados, principalmente em formato colunar, e tamb\u00e9m h\u00e1 alguns gr\u00e2nulos esf\u00e9ricos.","robots":{"index":"noindex","follow":"follow","max-snippet":"max-snippet:-1","max-image-preview":"max-image-preview:large","max-video-preview":"max-video-preview:-1"},"twitter_misc":{"Est. tempo de leitura":"4 minutos"},"schema":{"@context":"https:\/\/schema.org","@graph":[{"@type":"WebPage","@id":"https:\/\/theo.niranbio.com\/pt-br\/sorbato-de-potassio-grau-alimenticio.html","url":"https:\/\/theo.niranbio.com\/pt-br\/sorbato-de-potassio-grau-alimenticio.html","name":"Sorbato de Pot\u00e1ssio Comprar, Sorbato de Pot\u00e1ssio Pre\u00e7o | Niranbio Chemical","isPartOf":{"@id":"https:\/\/theo.niranbio.com\/pt-br\/#website"},"primaryImageOfPage":{"@id":"https:\/\/theo.niranbio.com\/pt-br\/sorbato-de-potassio-grau-alimenticio.html#primaryimage"},"image":{"@id":"https:\/\/theo.niranbio.com\/pt-br\/sorbato-de-potassio-grau-alimenticio.html#primaryimage"},"thumbnailUrl":"https:\/\/theo.niranbio.com\/wp-content\/uploads\/2024\/06\/Potassium-Sorbate.webp","datePublished":"2024-06-20T02:17:57+00:00","dateModified":"2024-08-19T02:42:36+00:00","description":"Nosso Sorbato de Pot\u00e1ssio E202 \u00e9 um gr\u00e2nulo branco ou p\u00f3, e os gr\u00e2nulos s\u00e3o os mais usados, principalmente em formato colunar, e tamb\u00e9m h\u00e1 alguns gr\u00e2nulos esf\u00e9ricos.","breadcrumb":{"@id":"https:\/\/theo.niranbio.com\/pt-br\/sorbato-de-potassio-grau-alimenticio.html#breadcrumb"},"inLanguage":"pt-BR","potentialAction":[{"@type":"ReadAction","target":["https:\/\/theo.niranbio.com\/pt-br\/sorbato-de-potassio-grau-alimenticio.html"]}]},{"@type":"ImageObject","inLanguage":"pt-BR","@id":"https:\/\/theo.niranbio.com\/pt-br\/sorbato-de-potassio-grau-alimenticio.html#primaryimage","url":"https:\/\/theo.niranbio.com\/wp-content\/uploads\/2024\/06\/Potassium-Sorbate.webp","contentUrl":"https:\/\/theo.niranbio.com\/wp-content\/uploads\/2024\/06\/Potassium-Sorbate.webp","width":600,"height":600,"caption":"Sorbato de pot\u00e1ssio"},{"@type":"BreadcrumbList","@id":"https:\/\/theo.niranbio.com\/pt-br\/sorbato-de-potassio-grau-alimenticio.html#breadcrumb","itemListElement":[{"@type":"ListItem","position":1,"name":"Home","item":"https:\/\/theo.niranbio.com\/pt-br\/"},{"@type":"ListItem","position":2,"name":"Produtos","item":"https:\/\/theo.niranbio.com\/pt-br\/produtos.html"},{"@type":"ListItem","position":3,"name":"Conservante","item":"https:\/\/theo.niranbio.com\/pt-br\/produto-conservante\/"},{"@type":"ListItem","position":4,"name":"Sorbato de Pot\u00e1ssio &#8211; Grau Aliment\u00edcio"}]},{"@type":"WebSite","@id":"https:\/\/theo.niranbio.com\/pt-br\/#website","url":"https:\/\/theo.niranbio.com\/pt-br\/","name":"Niranbio Chemical","description":"","publisher":{"@id":"https:\/\/theo.niranbio.com\/pt-br\/#organization"},"potentialAction":[{"@type":"SearchAction","target":{"@type":"EntryPoint","urlTemplate":"https:\/\/theo.niranbio.com\/pt-br\/?s={search_term_string}"},"query-input":{"@type":"PropertyValueSpecification","valueRequired":true,"valueName":"search_term_string"}}],"inLanguage":"pt-BR"},{"@type":"Organization","@id":"https:\/\/theo.niranbio.com\/pt-br\/#organization","name":"Niranbio Chemical","url":"https:\/\/theo.niranbio.com\/pt-br\/","logo":{"@type":"ImageObject","inLanguage":"pt-BR","@id":"https:\/\/theo.niranbio.com\/pt-br\/#\/schema\/logo\/image\/","url":"https:\/\/theo.niranbio.com\/wp-content\/uploads\/2024\/06\/Niranbio.png","contentUrl":"https:\/\/theo.niranbio.com\/wp-content\/uploads\/2024\/06\/Niranbio.png","width":270,"height":100,"caption":"Niranbio Chemical"},"image":{"@id":"https:\/\/theo.niranbio.com\/pt-br\/#\/schema\/logo\/image\/"}}]}},"_links":{"self":[{"href":"https:\/\/theo.niranbio.com\/pt-br\/wp-json\/wp\/v2\/product\/9674","targetHints":{"allow":["GET"]}}],"collection":[{"href":"https:\/\/theo.niranbio.com\/pt-br\/wp-json\/wp\/v2\/product"}],"about":[{"href":"https:\/\/theo.niranbio.com\/pt-br\/wp-json\/wp\/v2\/types\/product"}],"version-history":[{"count":0,"href":"https:\/\/theo.niranbio.com\/pt-br\/wp-json\/wp\/v2\/product\/9674\/revisions"}],"wp:featuredmedia":[{"embeddable":true,"href":"https:\/\/theo.niranbio.com\/pt-br\/wp-json\/wp\/v2\/media\/8005"}],"wp:attachment":[{"href":"https:\/\/theo.niranbio.com\/pt-br\/wp-json\/wp\/v2\/media?parent=9674"}],"wp:term":[{"taxonomy":"product_brand","embeddable":true,"href":"https:\/\/theo.niranbio.com\/pt-br\/wp-json\/wp\/v2\/product_brand?post=9674"},{"taxonomy":"product_cat","embeddable":true,"href":"https:\/\/theo.niranbio.com\/pt-br\/wp-json\/wp\/v2\/product_cat?post=9674"},{"taxonomy":"product_tag","embeddable":true,"href":"https:\/\/theo.niranbio.com\/pt-br\/wp-json\/wp\/v2\/product_tag?post=9674"}],"curies":[{"name":"wp","href":"https:\/\/api.w.org\/{rel}","templated":true}]}}