{"id":9670,"date":"2024-06-20T11:31:34","date_gmt":"2024-06-20T03:31:34","guid":{"rendered":"https:\/\/theo.niranbio.com\/acido-l-glutamico\/"},"modified":"2024-08-13T16:02:51","modified_gmt":"2024-08-13T08:02:51","slug":"acido-l-glutamico","status":"publish","type":"product","link":"https:\/\/theo.niranbio.com\/pt-br\/acido-l-glutamico.html","title":{"rendered":"\u00c1cido L-glut\u00e2mico"},"content":{"rendered":"<h2><span class=\"ez-toc-section\" id=\"O_que_e_acido_L-glutamico\"><\/span>O que \u00e9 \u00e1cido L-glut\u00e2mico?<span class=\"ez-toc-section-end\"><\/span><\/h2>\n<p>O \u00e1cido L-glut\u00e2mico \u00e9 um amino\u00e1cido com apar\u00eancia de p\u00f3 cristalino branco, quase inodoro, com sabor e acidez especiais, e \u00e9 dif\u00edcil de dissolver em \u00e1gua. Pode ser amplamente utilizado em produtos farmac\u00eauticos, aditivos alimentares, intensificadores nutricionais, etc. Os principais processos de prepara\u00e7\u00e3o do \u00e1cido L-glut\u00e2mico s\u00e3o os seguintes:<\/p>\n<p>1. O m\u00e9todo de fermenta\u00e7\u00e3o microbiana do \u00e1cido L-glut\u00e2mico \u00e9 atualmente o processo de produ\u00e7\u00e3o mais importante, usando cepas espec\u00edficas para produzir \u00e1cido L-glut\u00e2mico durante o processo de fermenta\u00e7\u00e3o. Este m\u00e9todo inclui etapas como cultivo de cepas, fermenta\u00e7\u00e3o e separa\u00e7\u00e3o e purifica\u00e7\u00e3o. Ele tem as vantagens de alta efici\u00eancia de produ\u00e7\u00e3o, amplas fontes de mat\u00e9rias-primas e prote\u00e7\u00e3o ambiental, e \u00e9 adequado para produ\u00e7\u00e3o industrial em larga escala.<\/p>\n<p>2. O m\u00e9todo de s\u00edntese qu\u00edmica sintetiza o \u00e1cido L-glut\u00e2mico por meio de rea\u00e7\u00f5es qu\u00edmicas. Embora tenha sido usado nos primeiros dias, agora \u00e9 menos usado devido aos altos custos de produ\u00e7\u00e3o e muitos subprodutos. Este m\u00e9todo inclui etapas como prepara\u00e7\u00e3o de mat\u00e9rias-primas de rea\u00e7\u00e3o, rea\u00e7\u00f5es qu\u00edmicas e separa\u00e7\u00e3o e purifica\u00e7\u00e3o, mas n\u00e3o \u00e9 t\u00e3o ecologicamente correto e econ\u00f4mico quanto o m\u00e9todo de fermenta\u00e7\u00e3o microbiana.<\/p>\n<p>3. O m\u00e9todo de convers\u00e3o enzim\u00e1tica usa enzimas para catalisar substratos espec\u00edficos para produzir \u00e1cido L-glut\u00e2mico, com alta efici\u00eancia de produ\u00e7\u00e3o e boa seletividade. Este m\u00e9todo envolve prepara\u00e7\u00e3o de substrato, rea\u00e7\u00e3o enzim\u00e1tica, separa\u00e7\u00e3o e purifica\u00e7\u00e3o, e \u00e9 ecologicamente correto, mas ainda precisa de mais otimiza\u00e7\u00e3o e promo\u00e7\u00e3o em aplica\u00e7\u00f5es industriais.<\/p>\n<h2><span class=\"ez-toc-section\" id=\"Parametros_relacionados\"><\/span>Par\u00e2metros relacionados:<span class=\"ez-toc-section-end\"><\/span><\/h2>\n<table>\n<tbody>\n<tr>\n<td><strong>Itens<\/strong><\/td>\n<td><strong>Especifica\u00e7\u00e3o<\/strong><\/td>\n<\/tr>\n<tr>\n<td>Rota\u00e7\u00e3o espec\u00edfica [a]D20\u00b0<\/td>\n<td>+30.5 \u00b0~ +32.5\u00b0<\/td>\n<\/tr>\n<tr>\n<td>Cloreto (Cl)<\/td>\n<td>0,02% no m\u00e1ximo<\/td>\n<\/tr>\n<tr>\n<td>Am\u00f4nio (NH4)<\/td>\n<td>0,02% no m\u00e1ximo<\/td>\n<\/tr>\n<tr>\n<td>Sulfato (SO4)<\/td>\n<td>0,02% no m\u00e1ximo<\/td>\n<\/tr>\n<tr>\n<td>Ferro (Fe)<\/td>\n<td>10 ppm no m\u00e1ximo<\/td>\n<\/tr>\n<tr>\n<td>Metais pesados (Pb)<\/td>\n<td>10ppm m\u00e1x.<\/td>\n<\/tr>\n<tr>\n<td>C\u00e1dmio<\/td>\n<td>1ppm m\u00e1ximo<\/td>\n<\/tr>\n<tr>\n<td>Merc\u00fario<\/td>\n<td>0,1 ppm no m\u00e1ximo<\/td>\n<\/tr>\n<tr>\n<td>Ars\u00eanico (AS2O3)<\/td>\n<td>1ppm m\u00e1ximo<\/td>\n<\/tr>\n<tr>\n<td>Outros amino\u00e1cidos<\/td>\n<td>Em conformidade com o padr\u00e3o.<\/td>\n<\/tr>\n<tr>\n<td>Perda na secagem<\/td>\n<td>0,5% no m\u00e1ximo<\/td>\n<\/tr>\n<tr>\n<td>Res\u00edduo na igni\u00e7\u00e3o (sulfatado)<\/td>\n<td>0,10% no m\u00e1ximo<\/td>\n<\/tr>\n<tr>\n<td>Ensaio<\/td>\n<td>98,5% a 100,5%<\/td>\n<\/tr>\n<tr>\n<td>PH<\/td>\n<td>3,0 a 3,5<\/td>\n<\/tr>\n<\/tbody>\n<\/table>\n<h2><span class=\"ez-toc-section\" id=\"Dosagem_recomendada\"><\/span>Dosagem recomendada:<span class=\"ez-toc-section-end\"><\/span><\/h2>\n<table>\n<tbody>\n<tr>\n<td><strong>Nome do alimento<\/strong><\/td>\n<td><strong>Uso m\u00e1ximo (g\/kg)<\/strong><\/td>\n<\/tr>\n<tr>\n<td>Alimentos em conserva<\/td>\n<td>1,0-2,0 g\/kg<\/td>\n<\/tr>\n<tr>\n<td>Molho de tempero<\/td>\n<td>1,5-3,0 g\/kg<\/td>\n<\/tr>\n<tr>\n<td>Salsicha<\/td>\n<td>1,0-2,0 g\/kg<\/td>\n<\/tr>\n<tr>\n<td>Presunto<\/td>\n<td>1,0-2,0 g\/kg<\/td>\n<\/tr>\n<tr>\n<td>Bacon<\/td>\n<td>1,0-2,0 g\/kg<\/td>\n<\/tr>\n<tr>\n<td>Carne enlatada<\/td>\n<td>1,0-2,0 g\/kg<\/td>\n<\/tr>\n<tr>\n<td>Peixe enlatado<\/td>\n<td>1,0-2,0 g\/kg<\/td>\n<\/tr>\n<tr>\n<td>Produtos de frango<\/td>\n<td>1,0-2,0 g\/kg<\/td>\n<\/tr>\n<tr>\n<td>Tempero para frutos do mar<\/td>\n<td>1,5-3,0 g\/kg<\/td>\n<\/tr>\n<tr>\n<td>Cubos de curry<\/td>\n<td>1,5-3,0 g\/kg<\/td>\n<\/tr>\n<tr>\n<td>Ess\u00eancia de frango para tempero<\/td>\n<td>1,5-3,0 g\/kg<\/td>\n<\/tr>\n<tr>\n<td>Sal de tempero<\/td>\n<td>1,0-2,0 g\/kg<\/td>\n<\/tr>\n<tr>\n<td>P\u00e3o<\/td>\n<td>1,0-2,0 g\/kg<\/td>\n<\/tr>\n<tr>\n<td>Biscoitos<\/td>\n<td>1,0-2,0 g\/kg<\/td>\n<\/tr>\n<\/tbody>\n<\/table>\n<h2><span class=\"ez-toc-section\" id=\"O_acido_L-glutamico_tem_uma_ampla_gama_de_usos\"><\/span>O \u00e1cido L-glut\u00e2mico tem uma ampla gama de usos<span class=\"ez-toc-section-end\"><\/span><\/h2>\n<p>1. Melhorar o sabor: o \u00e1cido L-glut\u00e2mico \u00e9 um amino\u00e1cido que existe naturalmente em muitos alimentos e tem um sabor umami \u00fanico. Como um tempero importante, pode melhorar significativamente o sabor geral dos alimentos e torn\u00e1-los mais deliciosos.<\/p>\n<p>2. Melhorar a utiliza\u00e7\u00e3o de prote\u00ednas: o \u00e1cido L-glut\u00e2mico, como um amino\u00e1cido importante, pode promover a s\u00edntese e utiliza\u00e7\u00e3o de prote\u00ednas no corpo. Sua adi\u00e7\u00e3o aos alimentos pode n\u00e3o apenas melhorar o valor nutricional dos alimentos, mas tamb\u00e9m aumentar a absor\u00e7\u00e3o e utiliza\u00e7\u00e3o de prote\u00ednas pelo corpo.<\/p>\n<p>3. Melhorar a textura dos alimentos: o \u00e1cido L-glut\u00e2mico pode melhorar a textura e a estrutura dos alimentos durante o processamento. \u00c9 adicionado a produtos de farinha, como p\u00e3o e macarr\u00e3o, para aumentar a elasticidade e a extensibilidade da massa, tornando o produto final mais macio e mastig\u00e1vel. Al\u00e9m disso, em produtos l\u00e1cteos e produtos de soja, o \u00e1cido L-glut\u00e2mico pode melhorar o sabor e a estabilidade da textura do produto.<\/p>\n<p>4. Melhorar a preserva\u00e7\u00e3o dos alimentos: O \u00e1cido L-glut\u00e2mico tem um certo efeito antioxidante, que pode atrasar o processo de oxida\u00e7\u00e3o dos alimentos e estender a vida \u00fatil dos alimentos. Adicionar \u00e1cido L-glut\u00e2mico a alimentos em conserva, enlatados e congelados pode efetivamente prevenir a deteriora\u00e7\u00e3o dos alimentos e manter o frescor e o sabor dos alimentos.<\/p>\n<p>5. Como suplemento nutricional: O \u00e1cido L-glut\u00e2mico n\u00e3o \u00e9 usado apenas para temperar, mas tamb\u00e9m amplamente utilizado em alimentos saud\u00e1veis \u200b\u200be alimentos funcionais como suplemento nutricional. Ele pode fornecer os amino\u00e1cidos necess\u00e1rios ao corpo humano, promover a sa\u00fade f\u00edsica e a fun\u00e7\u00e3o imunol\u00f3gica e melhorar o n\u00edvel nutricional geral.<\/p>\n<h2><span class=\"ez-toc-section\" id=\"Pergunta_feita_pelo_usuario\"><\/span>Pergunta feita pelo usu\u00e1rio:<span class=\"ez-toc-section-end\"><\/span><\/h2>\n<p>Pergunta: O \u00e1cido L-glut\u00e2mico e o MSG s\u00e3o a mesma coisa?<\/p>\n<p>Resposta: O \u00e1cido L-glut\u00e2mico e o MSG (glutamato monoss\u00f3dico) t\u00eam semelhan\u00e7as na composi\u00e7\u00e3o qu\u00edmica, mas n\u00e3o s\u00e3o exatamente a mesma coisa. O \u00e1cido L-glut\u00e2mico \u00e9 um amino\u00e1cido que ocorre naturalmente em muitos alimentos e \u00e9 usado para suplementos nutricionais e temperos; enquanto o MSG \u00e9 o sal de s\u00f3dio do \u00e1cido L-glut\u00e2mico, que \u00e9 usado principalmente como um agente aromatizante para real\u00e7ar o sabor umami dos alimentos.<\/p>\n<p>Em termos de uso e processo de produ\u00e7\u00e3o, o \u00e1cido L-glut\u00e2mico pode ser produzido por extra\u00e7\u00e3o natural ou fermenta\u00e7\u00e3o microbiana e \u00e9 amplamente usado para melhorar o valor nutricional e a textura dos alimentos. O MSG \u00e9 produzido por fermenta\u00e7\u00e3o e \u00e9 adicionado principalmente a sopas, molhos e alimentos enlatados para aumentar o efeito umami. Embora a ingest\u00e3o moderada de \u00e1cido L-glut\u00e2mico seja boa para a sa\u00fade, algumas pessoas s\u00e3o mais sens\u00edveis ao MSG e podem sentir desconforto. Portanto, o uso de MSG precisa ser controlado dentro de uma faixa razo\u00e1vel, enquanto o uso de \u00e1cido L-glut\u00e2mico como nutriente \u00e9 mais difundido e seguro.<\/p>\n","protected":false},"excerpt":{"rendered":"<ul>\n<li>CAS: 56-86-0<\/li>\n<li>F\u00f3rmula qu\u00edmica: C<sub>5<\/sub>H<sub>9<\/sub>NO<sub>4<\/sub><\/li>\n<li>Certifica\u00e7\u00f5es: KOSHER, ISO, HALAL, FSSC22000, BRC, etc.<\/li>\n<li>Padr\u00e3o:<\/li>\n<li>Quantidade m\u00ednima do pedido: 1000KG<\/li>\n<li>Prazo de validade: 2 anos<\/li>\n<\/ul>\n","protected":false},"featured_media":9671,"template":"","meta":{"site-sidebar-layout":"default","site-content-layout":"","ast-site-content-layout":"default","site-content-style":"default","site-sidebar-style":"default","ast-global-header-display":"","ast-banner-title-visibility":"","ast-main-header-display":"","ast-hfb-above-header-display":"","ast-hfb-below-header-display":"","ast-hfb-mobile-header-display":"","site-post-title":"","ast-breadcrumbs-content":"","ast-featured-img":"","footer-sml-layout":"","theme-transparent-header-meta":"default","adv-header-id-meta":"","stick-header-meta":"","header-above-stick-meta":"","header-main-stick-meta":"","header-below-stick-meta":"","astra-migrate-meta-layouts":"set","ast-page-background-enabled":"default","ast-page-background-meta":{"desktop":{"background-color":"var(--ast-global-color-4)","background-image":"","background-repeat":"repeat","background-position":"center center","background-size":"auto","background-attachment":"scroll","background-type":"","background-media":"","overlay-type":"","overlay-color":"","overlay-opacity":"","overlay-gradient":""},"tablet":{"background-color":"","background-image":"","background-repeat":"repeat","background-position":"center center","background-size":"auto","background-attachment":"scroll","background-type":"","background-media":"","overlay-type":"","overlay-color":"","overlay-opacity":"","overlay-gradient":""},"mobile":{"background-color":"","background-image":"","background-repeat":"repeat","background-position":"center center","background-size":"auto","background-attachment":"scroll","background-type":"","background-media":"","overlay-type":"","overlay-color":"","overlay-opacity":"","overlay-gradient":""}},"ast-content-background-meta":{"desktop":{"background-color":"var(--ast-global-color-5)","background-image":"","background-repeat":"repeat","background-position":"center center","background-size":"auto","background-attachment":"scroll","background-type":"","background-media":"","overlay-type":"","overlay-color":"","overlay-opacity":"","overlay-gradient":""},"tablet":{"background-color":"var(--ast-global-color-5)","background-image":"","background-repeat":"repeat","background-position":"center center","background-size":"auto","background-attachment":"scroll","background-type":"","background-media":"","overlay-type":"","overlay-color":"","overlay-opacity":"","overlay-gradient":""},"mobile":{"background-color":"var(--ast-global-color-5)","background-image":"","background-repeat":"repeat","background-position":"center center","background-size":"auto","background-attachment":"scroll","background-type":"","background-media":"","overlay-type":"","overlay-color":"","overlay-opacity":"","overlay-gradient":""}}},"product_brand":[],"product_cat":[89],"product_tag":[],"class_list":{"0":"post-9670","1":"product","2":"type-product","3":"status-publish","4":"has-post-thumbnail","6":"product_cat-produto-intensificador-de-nutricao","7":"desktop-align-center","8":"tablet-align-left","9":"mobile-align-left","11":"first","12":"instock","13":"shipping-taxable","14":"product-type-simple"},"yoast_head":"<!-- This site is optimized with the Yoast SEO plugin v26.5 - https:\/\/yoast.com\/wordpress\/plugins\/seo\/ -->\n<title>Fornecedor de \u00e1cido L-glut\u00e2mico, p\u00f3 de \u00e1cido L-glut\u00e2mico E620 |<\/title>\n<meta name=\"description\" content=\"Nosso \u00e1cido L-glut\u00e2mico tem a apar\u00eancia de um p\u00f3 cristalino branco, pode ser amplamente utilizado em produtos farmac\u00eauticos, aditivos alimentares, intensificadores nutricionais, etc.\" \/>\n<meta name=\"robots\" content=\"noindex, follow, max-snippet:-1, max-image-preview:large, max-video-preview:-1\" \/>\n<meta name=\"twitter:label1\" content=\"Est. tempo de leitura\" \/>\n\t<meta name=\"twitter:data1\" content=\"4 minutos\" \/>\n<script type=\"application\/ld+json\" class=\"yoast-schema-graph\">{\"@context\":\"https:\/\/schema.org\",\"@graph\":[{\"@type\":\"WebPage\",\"@id\":\"https:\/\/theo.niranbio.com\/pt-br\/acido-l-glutamico.html\",\"url\":\"https:\/\/theo.niranbio.com\/pt-br\/acido-l-glutamico.html\",\"name\":\"Fornecedor de \u00e1cido L-glut\u00e2mico, p\u00f3 de \u00e1cido L-glut\u00e2mico E620 |\",\"isPartOf\":{\"@id\":\"https:\/\/theo.niranbio.com\/pt-br\/#website\"},\"primaryImageOfPage\":{\"@id\":\"https:\/\/theo.niranbio.com\/pt-br\/acido-l-glutamico.html#primaryimage\"},\"image\":{\"@id\":\"https:\/\/theo.niranbio.com\/pt-br\/acido-l-glutamico.html#primaryimage\"},\"thumbnailUrl\":\"https:\/\/theo.niranbio.com\/wp-content\/uploads\/2024\/06\/L-Glutamic-Acid.webp\",\"datePublished\":\"2024-06-20T03:31:34+00:00\",\"dateModified\":\"2024-08-13T08:02:51+00:00\",\"description\":\"Nosso \u00e1cido L-glut\u00e2mico tem a apar\u00eancia de um p\u00f3 cristalino branco, pode ser amplamente utilizado em produtos farmac\u00eauticos, aditivos alimentares, intensificadores nutricionais, etc.\",\"breadcrumb\":{\"@id\":\"https:\/\/theo.niranbio.com\/pt-br\/acido-l-glutamico.html#breadcrumb\"},\"inLanguage\":\"pt-BR\",\"potentialAction\":[{\"@type\":\"ReadAction\",\"target\":[\"https:\/\/theo.niranbio.com\/pt-br\/acido-l-glutamico.html\"]}]},{\"@type\":\"ImageObject\",\"inLanguage\":\"pt-BR\",\"@id\":\"https:\/\/theo.niranbio.com\/pt-br\/acido-l-glutamico.html#primaryimage\",\"url\":\"https:\/\/theo.niranbio.com\/wp-content\/uploads\/2024\/06\/L-Glutamic-Acid.webp\",\"contentUrl\":\"https:\/\/theo.niranbio.com\/wp-content\/uploads\/2024\/06\/L-Glutamic-Acid.webp\",\"width\":600,\"height\":600,\"caption\":\"\u00c1cido L-Glut\u00e2mico\"},{\"@type\":\"BreadcrumbList\",\"@id\":\"https:\/\/theo.niranbio.com\/pt-br\/acido-l-glutamico.html#breadcrumb\",\"itemListElement\":[{\"@type\":\"ListItem\",\"position\":1,\"name\":\"Home\",\"item\":\"https:\/\/theo.niranbio.com\/pt-br\/\"},{\"@type\":\"ListItem\",\"position\":2,\"name\":\"Produtos\",\"item\":\"https:\/\/theo.niranbio.com\/pt-br\/produtos.html\"},{\"@type\":\"ListItem\",\"position\":3,\"name\":\"Intensificador de Nutri\u00e7\u00e3o\",\"item\":\"https:\/\/theo.niranbio.com\/pt-br\/produto-intensificador-de-nutricao\/\"},{\"@type\":\"ListItem\",\"position\":4,\"name\":\"\u00c1cido L-glut\u00e2mico\"}]},{\"@type\":\"WebSite\",\"@id\":\"https:\/\/theo.niranbio.com\/pt-br\/#website\",\"url\":\"https:\/\/theo.niranbio.com\/pt-br\/\",\"name\":\"Niranbio Chemical\",\"description\":\"\",\"publisher\":{\"@id\":\"https:\/\/theo.niranbio.com\/pt-br\/#organization\"},\"potentialAction\":[{\"@type\":\"SearchAction\",\"target\":{\"@type\":\"EntryPoint\",\"urlTemplate\":\"https:\/\/theo.niranbio.com\/pt-br\/?s={search_term_string}\"},\"query-input\":{\"@type\":\"PropertyValueSpecification\",\"valueRequired\":true,\"valueName\":\"search_term_string\"}}],\"inLanguage\":\"pt-BR\"},{\"@type\":\"Organization\",\"@id\":\"https:\/\/theo.niranbio.com\/pt-br\/#organization\",\"name\":\"Niranbio Chemical\",\"url\":\"https:\/\/theo.niranbio.com\/pt-br\/\",\"logo\":{\"@type\":\"ImageObject\",\"inLanguage\":\"pt-BR\",\"@id\":\"https:\/\/theo.niranbio.com\/pt-br\/#\/schema\/logo\/image\/\",\"url\":\"https:\/\/theo.niranbio.com\/wp-content\/uploads\/2024\/06\/Niranbio.png\",\"contentUrl\":\"https:\/\/theo.niranbio.com\/wp-content\/uploads\/2024\/06\/Niranbio.png\",\"width\":270,\"height\":100,\"caption\":\"Niranbio Chemical\"},\"image\":{\"@id\":\"https:\/\/theo.niranbio.com\/pt-br\/#\/schema\/logo\/image\/\"}}]}<\/script>\n<!-- \/ Yoast SEO plugin. -->","yoast_head_json":{"title":"Fornecedor de \u00e1cido L-glut\u00e2mico, p\u00f3 de \u00e1cido L-glut\u00e2mico E620 |","description":"Nosso \u00e1cido L-glut\u00e2mico tem a apar\u00eancia de um p\u00f3 cristalino branco, pode ser amplamente utilizado em produtos farmac\u00eauticos, aditivos alimentares, intensificadores nutricionais, etc.","robots":{"index":"noindex","follow":"follow","max-snippet":"max-snippet:-1","max-image-preview":"max-image-preview:large","max-video-preview":"max-video-preview:-1"},"twitter_misc":{"Est. tempo de leitura":"4 minutos"},"schema":{"@context":"https:\/\/schema.org","@graph":[{"@type":"WebPage","@id":"https:\/\/theo.niranbio.com\/pt-br\/acido-l-glutamico.html","url":"https:\/\/theo.niranbio.com\/pt-br\/acido-l-glutamico.html","name":"Fornecedor de \u00e1cido L-glut\u00e2mico, p\u00f3 de \u00e1cido L-glut\u00e2mico E620 |","isPartOf":{"@id":"https:\/\/theo.niranbio.com\/pt-br\/#website"},"primaryImageOfPage":{"@id":"https:\/\/theo.niranbio.com\/pt-br\/acido-l-glutamico.html#primaryimage"},"image":{"@id":"https:\/\/theo.niranbio.com\/pt-br\/acido-l-glutamico.html#primaryimage"},"thumbnailUrl":"https:\/\/theo.niranbio.com\/wp-content\/uploads\/2024\/06\/L-Glutamic-Acid.webp","datePublished":"2024-06-20T03:31:34+00:00","dateModified":"2024-08-13T08:02:51+00:00","description":"Nosso \u00e1cido L-glut\u00e2mico tem a apar\u00eancia de um p\u00f3 cristalino branco, pode ser amplamente utilizado em produtos farmac\u00eauticos, aditivos alimentares, intensificadores nutricionais, etc.","breadcrumb":{"@id":"https:\/\/theo.niranbio.com\/pt-br\/acido-l-glutamico.html#breadcrumb"},"inLanguage":"pt-BR","potentialAction":[{"@type":"ReadAction","target":["https:\/\/theo.niranbio.com\/pt-br\/acido-l-glutamico.html"]}]},{"@type":"ImageObject","inLanguage":"pt-BR","@id":"https:\/\/theo.niranbio.com\/pt-br\/acido-l-glutamico.html#primaryimage","url":"https:\/\/theo.niranbio.com\/wp-content\/uploads\/2024\/06\/L-Glutamic-Acid.webp","contentUrl":"https:\/\/theo.niranbio.com\/wp-content\/uploads\/2024\/06\/L-Glutamic-Acid.webp","width":600,"height":600,"caption":"\u00c1cido L-Glut\u00e2mico"},{"@type":"BreadcrumbList","@id":"https:\/\/theo.niranbio.com\/pt-br\/acido-l-glutamico.html#breadcrumb","itemListElement":[{"@type":"ListItem","position":1,"name":"Home","item":"https:\/\/theo.niranbio.com\/pt-br\/"},{"@type":"ListItem","position":2,"name":"Produtos","item":"https:\/\/theo.niranbio.com\/pt-br\/produtos.html"},{"@type":"ListItem","position":3,"name":"Intensificador de Nutri\u00e7\u00e3o","item":"https:\/\/theo.niranbio.com\/pt-br\/produto-intensificador-de-nutricao\/"},{"@type":"ListItem","position":4,"name":"\u00c1cido L-glut\u00e2mico"}]},{"@type":"WebSite","@id":"https:\/\/theo.niranbio.com\/pt-br\/#website","url":"https:\/\/theo.niranbio.com\/pt-br\/","name":"Niranbio Chemical","description":"","publisher":{"@id":"https:\/\/theo.niranbio.com\/pt-br\/#organization"},"potentialAction":[{"@type":"SearchAction","target":{"@type":"EntryPoint","urlTemplate":"https:\/\/theo.niranbio.com\/pt-br\/?s={search_term_string}"},"query-input":{"@type":"PropertyValueSpecification","valueRequired":true,"valueName":"search_term_string"}}],"inLanguage":"pt-BR"},{"@type":"Organization","@id":"https:\/\/theo.niranbio.com\/pt-br\/#organization","name":"Niranbio Chemical","url":"https:\/\/theo.niranbio.com\/pt-br\/","logo":{"@type":"ImageObject","inLanguage":"pt-BR","@id":"https:\/\/theo.niranbio.com\/pt-br\/#\/schema\/logo\/image\/","url":"https:\/\/theo.niranbio.com\/wp-content\/uploads\/2024\/06\/Niranbio.png","contentUrl":"https:\/\/theo.niranbio.com\/wp-content\/uploads\/2024\/06\/Niranbio.png","width":270,"height":100,"caption":"Niranbio Chemical"},"image":{"@id":"https:\/\/theo.niranbio.com\/pt-br\/#\/schema\/logo\/image\/"}}]}},"_links":{"self":[{"href":"https:\/\/theo.niranbio.com\/pt-br\/wp-json\/wp\/v2\/product\/9670","targetHints":{"allow":["GET"]}}],"collection":[{"href":"https:\/\/theo.niranbio.com\/pt-br\/wp-json\/wp\/v2\/product"}],"about":[{"href":"https:\/\/theo.niranbio.com\/pt-br\/wp-json\/wp\/v2\/types\/product"}],"version-history":[{"count":0,"href":"https:\/\/theo.niranbio.com\/pt-br\/wp-json\/wp\/v2\/product\/9670\/revisions"}],"wp:featuredmedia":[{"embeddable":true,"href":"https:\/\/theo.niranbio.com\/pt-br\/wp-json\/wp\/v2\/media\/9671"}],"wp:attachment":[{"href":"https:\/\/theo.niranbio.com\/pt-br\/wp-json\/wp\/v2\/media?parent=9670"}],"wp:term":[{"taxonomy":"product_brand","embeddable":true,"href":"https:\/\/theo.niranbio.com\/pt-br\/wp-json\/wp\/v2\/product_brand?post=9670"},{"taxonomy":"product_cat","embeddable":true,"href":"https:\/\/theo.niranbio.com\/pt-br\/wp-json\/wp\/v2\/product_cat?post=9670"},{"taxonomy":"product_tag","embeddable":true,"href":"https:\/\/theo.niranbio.com\/pt-br\/wp-json\/wp\/v2\/product_tag?post=9670"}],"curies":[{"name":"wp","href":"https:\/\/api.w.org\/{rel}","templated":true}]}}