{"id":9658,"date":"2024-06-20T11:49:16","date_gmt":"2024-06-20T03:49:16","guid":{"rendered":"https:\/\/theo.niranbio.com\/corante-caramelo-de-grau-alimenticio\/"},"modified":"2024-08-19T11:12:24","modified_gmt":"2024-08-19T03:12:24","slug":"corante-caramelo-de-grau-alimenticio","status":"publish","type":"product","link":"https:\/\/theo.niranbio.com\/pt-br\/corante-caramelo-de-grau-alimenticio.html","title":{"rendered":"Corante Caramelo de Grau Aliment\u00edcio"},"content":{"rendered":"<h2><span class=\"ez-toc-section\" id=\"O_que_e_Corante_Caramelo_de_Grau_Alimenticio\"><\/span>O que \u00e9 Corante Caramelo de Grau Aliment\u00edcio?<span class=\"ez-toc-section-end\"><\/span><\/h2>\n<p>O corante caramelo de grau aliment\u00edcio \u00e9 um corante usado em alimentos e bebidas. Ele vem em tons que variam de marrom claro a marrom escuro e pode aparecer como um l\u00edquido ou um p\u00f3. \u00c9 feito de a\u00e7\u00facares por meio de uma rea\u00e7\u00e3o de carameliza\u00e7\u00e3o aquecida, tem boa estabilidade de cor e \u00e9 adequado para uma variedade de alimentos e bebidas, como bebidas, assados \u200b\u200be temperos. Os principais processos de prepara\u00e7\u00e3o para corante caramelo de grau aliment\u00edcio incluem carameliza\u00e7\u00e3o, m\u00e9todo de amino\u00e1cidos e m\u00e9todo de sulfato de am\u00f4nio. \u00c9 o processo mais comum e \u00e9 adequado para a maioria dos alimentos e bebidas devido ao seu processo simples e baixo custo. Na China, esse processo \u00e9 amplamente utilizado devido \u00e0 sua aplicabilidade universal.<\/p>\n<p>O m\u00e9todo de amino\u00e1cidos envolve a rea\u00e7\u00e3o de a\u00e7\u00facares com amino\u00e1cidos em altas temperaturas para produzir cor caramelo com alta estabilidade, que \u00e9 usado principalmente para produtos com altos requisitos de estabilidade de cor, como cerveja e temperos. Embora esse m\u00e9todo seja mais importante em aplica\u00e7\u00f5es espec\u00edficas, seu escopo geral de uso \u00e9 menor do que o m\u00e9todo de carameliza\u00e7\u00e3o. O m\u00e9todo de sulfato de am\u00f4nio produz cor caramelo reagindo a\u00e7\u00facares com am\u00f4nia e \u00e1cido sulf\u00farico, e \u00e9 usado principalmente em alimentos que exigem estabilidade extremamente alta, como certos temperos e molho de soja. Esse m\u00e9todo \u00e9 mais comumente usado em necessidades espec\u00edficas, mas no geral n\u00e3o \u00e9 t\u00e3o comum quanto a carameliza\u00e7\u00e3o.<\/p>\n<h2><span class=\"ez-toc-section\" id=\"Parametros_relacionados\"><\/span>Par\u00e2metros relacionados:<span class=\"ez-toc-section-end\"><\/span><\/h2>\n<table>\n<tbody>\n<tr>\n<td>ITEM<\/td>\n<td>PADR\u00c3O<\/td>\n<\/tr>\n<tr>\n<td>E 0,1%1CM (610nm) Absorb\u00e2ncia<\/td>\n<td>0.259-0.285<\/td>\n<\/tr>\n<tr>\n<td>Gravidade espec\u00edfica (25\u00b0C)<\/td>\n<td>1.255-1.270<\/td>\n<\/tr>\n<tr>\n<td>Viscosidade (25\u00b0C)=&lt; Cps<\/td>\n<td>8000<\/td>\n<\/tr>\n<tr>\n<td>Valor de PH<\/td>\n<td>2.7-3.3<\/td>\n<\/tr>\n<tr>\n<td>Ponto de n\u00e9voa&gt;= minutos<\/td>\n<td>40<\/td>\n<\/tr>\n<tr>\n<td>Tempo de gelifica\u00e7\u00e3o &gt;=mins<\/td>\n<td>100<\/td>\n<\/tr>\n<tr>\n<td>Resinifica\u00e7\u00e3o &gt;= horas<\/td>\n<td>20<\/td>\n<\/tr>\n<tr>\n<td>Ponto isoel\u00e9trico =&lt;<\/td>\n<td>1.0<\/td>\n<\/tr>\n<tr>\n<td>Teste de estabilidade \u00e1cida<\/td>\n<td>Sem emba\u00e7amento<\/td>\n<\/tr>\n<tr>\n<td>Teste de \u00e1lcool (solu\u00e7\u00e3o de \u00e1lcool a 50% V\/V)<\/td>\n<td>Sem Haze<\/td>\n<\/tr>\n<tr>\n<td>Nitrog\u00eanio amoniacal (como NH3) =&lt; %<\/td>\n<td>0.5<\/td>\n<\/tr>\n<tr>\n<td>Di\u00f3xido de enxofre (como SO2) =&lt; %<\/td>\n<td>0.1<\/td>\n<\/tr>\n<tr>\n<td>Nitrog\u00eanio total (como N) =&lt; %<\/td>\n<td>3.3<\/td>\n<\/tr>\n<tr>\n<td>Enxofre total (como S) =&lt; %<\/td>\n<td>3.5<\/td>\n<\/tr>\n<tr>\n<td>4-Metil Imidazol =&lt; mg\/kg<\/td>\n<td>200<\/td>\n<\/tr>\n<tr>\n<td>Ars\u00eanico (As As) =&lt; mg\/kg<\/td>\n<td>1.0<\/td>\n<\/tr>\n<tr>\n<td>Chumbo (As Pb) =&lt; mg\/kg<\/td>\n<td>2.0<\/td>\n<\/tr>\n<tr>\n<td>Metais pesados (As Pb) =&lt; mg\/kg<\/td>\n<td>25<\/td>\n<\/tr>\n<tr>\n<td>Merc\u00fario (As Hg) =&lt; mg\/kg<\/td>\n<td>0.1<\/td>\n<\/tr>\n<\/tbody>\n<\/table>\n<h2><span class=\"ez-toc-section\" id=\"Dosagem_recomendada\"><\/span>Dosagem recomendada:<span class=\"ez-toc-section-end\"><\/span><\/h2>\n<table>\n<tbody>\n<tr>\n<td>Nome do alimento<\/td>\n<td>Uso m\u00e1ximo (g\/kg)<\/td>\n<\/tr>\n<tr>\n<td>Bebidas carbonatadas<\/td>\n<td>0,1 &#8211; 0,5 g\/kg<\/td>\n<\/tr>\n<tr>\n<td>Cerveja<\/td>\n<td>0,1 &#8211; 0,3 g\/kg<\/td>\n<\/tr>\n<tr>\n<td>Bebidas de frutas<\/td>\n<td>0,05 &#8211; 0,1 g\/kg<\/td>\n<\/tr>\n<tr>\n<td>Molho de soja<\/td>\n<td>0,5 &#8211; 1,0 g\/kg<\/td>\n<\/tr>\n<tr>\n<td>Molho para churrasco<\/td>\n<td>0,2 &#8211; 0,5 g\/kg<\/td>\n<\/tr>\n<tr>\n<td>Temperos<\/td>\n<td>0,1 &#8211; 0,3 g\/kg<\/td>\n<\/tr>\n<tr>\n<td>Chocolate<\/td>\n<td>0,1 &#8211; 0,3 g\/kg<\/td>\n<\/tr>\n<tr>\n<td>Doces<\/td>\n<td>0,1 &#8211; 0,3 g\/kg<\/td>\n<\/tr>\n<tr>\n<td>Alimentos enlatados<\/td>\n<td>0,1 &#8211; 0,3 g\/kg<\/td>\n<\/tr>\n<tr>\n<td>Produtos l\u00e1cteos<\/td>\n<td>0,1 &#8211; 0,2 g\/kg<\/td>\n<\/tr>\n<tr>\n<td>Molhos<\/td>\n<td>0,2 &#8211; 0,5 g\/kg<\/td>\n<\/tr>\n<tr>\n<td>Especiarias<\/td>\n<td>0,1 &#8211; 0,2 g\/kg<\/td>\n<\/tr>\n<\/tbody>\n<\/table>\n<h2><span class=\"ez-toc-section\" id=\"Corante_caramelo_de_grau_alimenticio_tem_uma_ampla_gama_de_usos\"><\/span>Corante caramelo de grau aliment\u00edcio tem uma ampla gama de usos<span class=\"ez-toc-section-end\"><\/span><\/h2>\n<ol>\n<li>Fun\u00e7\u00e3o de colora\u00e7\u00e3o: A principal fun\u00e7\u00e3o do corante caramelo de grau aliment\u00edcio \u00e9 fornecer cor aos alimentos e bebidas, tornando os produtos visualmente atraentes. Pode variar de marrom claro a marrom escuro e pode imitar as cores em alimentos naturais, melhorando a apar\u00eancia dos produtos e tornando-os mais atraentes e consistentes.<\/li>\n<li>Melhorar a apar\u00eancia: A cor caramelo pode ser distribu\u00edda uniformemente em alimentos e bebidas, melhorando a consist\u00eancia da apar\u00eancia dos produtos. Ele pode mascarar as diferen\u00e7as naturais de cor das mat\u00e9rias-primas, tornando a cor do produto final mais uniforme e bonita.<\/li>\n<li>Estabilidade e toler\u00e2ncia: A cor caramelo tem boa estabilidade sob uma variedade de condi\u00e7\u00f5es de processamento de alimentos, incluindo diferentes valores de pH e temperaturas. Ele pode suportar condi\u00e7\u00f5es de tratamento e armazenamento em alta temperatura durante o processamento e manter sua cor. Isso torna a cor caramelo particularmente adequada para alimentos armazenados por muito tempo ou tratados termicamente.<\/li>\n<li>Melhore o apelo de mercado dos alimentos: Ao ajustar a concentra\u00e7\u00e3o da cor caramelo, os fabricantes podem ajustar a cor dos alimentos de acordo com as prefer\u00eancias do consumidor e a demanda do mercado, aumentando assim a competitividade de mercado dos produtos. O uso da cor caramelo pode ajudar as marcas a se destacarem visualmente e aumentar a atratividade dos produtos.<\/li>\n<\/ol>\n<h2><span class=\"ez-toc-section\" id=\"O_usuario_fez_a_seguinte_pergunta\"><\/span>O usu\u00e1rio fez a seguinte pergunta:<span class=\"ez-toc-section-end\"><\/span><\/h2>\n<p>Pergunta: A cor caramelo de grau aliment\u00edcio \u00e9 org\u00e2nica? Quais s\u00e3o suas alternativas naturais?<\/p>\n<p>Resposta: A cor caramelo de grau aliment\u00edcio \u00e9 uma cor feita de a\u00e7\u00facares por meio de rea\u00e7\u00e3o de aquecimento e carameliza\u00e7\u00e3o, por isso pode ser considerada uma subst\u00e2ncia org\u00e2nica. O processo de produ\u00e7\u00e3o da cor caramelo n\u00e3o envolve nenhum produto qu\u00edmico sint\u00e9tico e depende principalmente da rea\u00e7\u00e3o de aquecimento de a\u00e7\u00facares, por isso \u00e9 considerada natural em muitos alimentos e bebidas. Suas alternativas naturais incluem caroteno, arroz vermelho fermentado, etc.<\/p>\n","protected":false},"excerpt":{"rendered":"<ul>\n<li>CAS: 8028-89-5<\/li>\n<li>F\u00f3rmula Qu\u00edmica: C10H10O<\/li>\n<li>Certifica\u00e7\u00f5es: KOSHER, ISO, HALAL, FSSC 22000, BRC, etc.<\/li>\n<li>Quantidade m\u00ednima do pedido: 1000KG<\/li>\n<li>Prazo de validade: 2 anos<\/li>\n<\/ul>\n","protected":false},"featured_media":8167,"template":"","meta":{"site-sidebar-layout":"default","site-content-layout":"","ast-site-content-layout":"default","site-content-style":"default","site-sidebar-style":"default","ast-global-header-display":"","ast-banner-title-visibility":"","ast-main-header-display":"","ast-hfb-above-header-display":"","ast-hfb-below-header-display":"","ast-hfb-mobile-header-display":"","site-post-title":"","ast-breadcrumbs-content":"","ast-featured-img":"","footer-sml-layout":"","theme-transparent-header-meta":"default","adv-header-id-meta":"","stick-header-meta":"","header-above-stick-meta":"","header-main-stick-meta":"","header-below-stick-meta":"","astra-migrate-meta-layouts":"set","ast-page-background-enabled":"default","ast-page-background-meta":{"desktop":{"background-color":"var(--ast-global-color-4)","background-image":"","background-repeat":"repeat","background-position":"center center","background-size":"auto","background-attachment":"scroll","background-type":"","background-media":"","overlay-type":"","overlay-color":"","overlay-opacity":"","overlay-gradient":""},"tablet":{"background-color":"","background-image":"","background-repeat":"repeat","background-position":"center center","background-size":"auto","background-attachment":"scroll","background-type":"","background-media":"","overlay-type":"","overlay-color":"","overlay-opacity":"","overlay-gradient":""},"mobile":{"background-color":"","background-image":"","background-repeat":"repeat","background-position":"center center","background-size":"auto","background-attachment":"scroll","background-type":"","background-media":"","overlay-type":"","overlay-color":"","overlay-opacity":"","overlay-gradient":""}},"ast-content-background-meta":{"desktop":{"background-color":"var(--ast-global-color-5)","background-image":"","background-repeat":"repeat","background-position":"center center","background-size":"auto","background-attachment":"scroll","background-type":"","background-media":"","overlay-type":"","overlay-color":"","overlay-opacity":"","overlay-gradient":""},"tablet":{"background-color":"var(--ast-global-color-5)","background-image":"","background-repeat":"repeat","background-position":"center center","background-size":"auto","background-attachment":"scroll","background-type":"","background-media":"","overlay-type":"","overlay-color":"","overlay-opacity":"","overlay-gradient":""},"mobile":{"background-color":"var(--ast-global-color-5)","background-image":"","background-repeat":"repeat","background-position":"center center","background-size":"auto","background-attachment":"scroll","background-type":"","background-media":"","overlay-type":"","overlay-color":"","overlay-opacity":"","overlay-gradient":""}}},"product_brand":[],"product_cat":[83],"product_tag":[],"class_list":{"0":"post-9658","1":"product","2":"type-product","3":"status-publish","4":"has-post-thumbnail","6":"product_cat-corantes-produto","7":"desktop-align-center","8":"tablet-align-left","9":"mobile-align-left","11":"first","12":"instock","13":"shipping-taxable","14":"product-type-simple"},"yoast_head":"<!-- This site is optimized with the Yoast SEO plugin v26.5 - https:\/\/yoast.com\/wordpress\/plugins\/seo\/ -->\n<title>Fornecedor de Corante Caramelo Em P\u00f3 | Niranbio Chemical<\/title>\n<meta name=\"description\" content=\"N\u00f3s fornecemos p\u00f3 corante caramelo( E150) de qualidade alimentar, que varia de marrom claro a marrom escuro, e pode imitar as cores de alimentos naturais.\" \/>\n<meta name=\"robots\" content=\"noindex, follow, max-snippet:-1, max-image-preview:large, max-video-preview:-1\" \/>\n<meta name=\"twitter:label1\" content=\"Est. tempo de leitura\" \/>\n\t<meta name=\"twitter:data1\" content=\"4 minutos\" \/>\n<script type=\"application\/ld+json\" class=\"yoast-schema-graph\">{\"@context\":\"https:\/\/schema.org\",\"@graph\":[{\"@type\":\"WebPage\",\"@id\":\"https:\/\/theo.niranbio.com\/pt-br\/corante-caramelo-de-grau-alimenticio.html\",\"url\":\"https:\/\/theo.niranbio.com\/pt-br\/corante-caramelo-de-grau-alimenticio.html\",\"name\":\"Fornecedor de Corante Caramelo Em P\u00f3 | Niranbio Chemical\",\"isPartOf\":{\"@id\":\"https:\/\/theo.niranbio.com\/pt-br\/#website\"},\"primaryImageOfPage\":{\"@id\":\"https:\/\/theo.niranbio.com\/pt-br\/corante-caramelo-de-grau-alimenticio.html#primaryimage\"},\"image\":{\"@id\":\"https:\/\/theo.niranbio.com\/pt-br\/corante-caramelo-de-grau-alimenticio.html#primaryimage\"},\"thumbnailUrl\":\"https:\/\/theo.niranbio.com\/wp-content\/uploads\/2024\/06\/Caramel-Color-Food-Grade.webp\",\"datePublished\":\"2024-06-20T03:49:16+00:00\",\"dateModified\":\"2024-08-19T03:12:24+00:00\",\"description\":\"N\u00f3s fornecemos p\u00f3 corante caramelo( E150) de qualidade alimentar, que varia de marrom claro a marrom escuro, e pode imitar as cores de alimentos naturais.\",\"breadcrumb\":{\"@id\":\"https:\/\/theo.niranbio.com\/pt-br\/corante-caramelo-de-grau-alimenticio.html#breadcrumb\"},\"inLanguage\":\"pt-BR\",\"potentialAction\":[{\"@type\":\"ReadAction\",\"target\":[\"https:\/\/theo.niranbio.com\/pt-br\/corante-caramelo-de-grau-alimenticio.html\"]}]},{\"@type\":\"ImageObject\",\"inLanguage\":\"pt-BR\",\"@id\":\"https:\/\/theo.niranbio.com\/pt-br\/corante-caramelo-de-grau-alimenticio.html#primaryimage\",\"url\":\"https:\/\/theo.niranbio.com\/wp-content\/uploads\/2024\/06\/Caramel-Color-Food-Grade.webp\",\"contentUrl\":\"https:\/\/theo.niranbio.com\/wp-content\/uploads\/2024\/06\/Caramel-Color-Food-Grade.webp\",\"width\":600,\"height\":600,\"caption\":\"Corante caramelo de qualidade alimentar\"},{\"@type\":\"BreadcrumbList\",\"@id\":\"https:\/\/theo.niranbio.com\/pt-br\/corante-caramelo-de-grau-alimenticio.html#breadcrumb\",\"itemListElement\":[{\"@type\":\"ListItem\",\"position\":1,\"name\":\"Home\",\"item\":\"https:\/\/theo.niranbio.com\/pt-br\/\"},{\"@type\":\"ListItem\",\"position\":2,\"name\":\"Produtos\",\"item\":\"https:\/\/theo.niranbio.com\/pt-br\/produtos.html\"},{\"@type\":\"ListItem\",\"position\":3,\"name\":\"Corantes\",\"item\":\"https:\/\/theo.niranbio.com\/pt-br\/corantes-produto\/\"},{\"@type\":\"ListItem\",\"position\":4,\"name\":\"Corante Caramelo de Grau Aliment\u00edcio\"}]},{\"@type\":\"WebSite\",\"@id\":\"https:\/\/theo.niranbio.com\/pt-br\/#website\",\"url\":\"https:\/\/theo.niranbio.com\/pt-br\/\",\"name\":\"Niranbio Chemical\",\"description\":\"\",\"publisher\":{\"@id\":\"https:\/\/theo.niranbio.com\/pt-br\/#organization\"},\"potentialAction\":[{\"@type\":\"SearchAction\",\"target\":{\"@type\":\"EntryPoint\",\"urlTemplate\":\"https:\/\/theo.niranbio.com\/pt-br\/?s={search_term_string}\"},\"query-input\":{\"@type\":\"PropertyValueSpecification\",\"valueRequired\":true,\"valueName\":\"search_term_string\"}}],\"inLanguage\":\"pt-BR\"},{\"@type\":\"Organization\",\"@id\":\"https:\/\/theo.niranbio.com\/pt-br\/#organization\",\"name\":\"Niranbio Chemical\",\"url\":\"https:\/\/theo.niranbio.com\/pt-br\/\",\"logo\":{\"@type\":\"ImageObject\",\"inLanguage\":\"pt-BR\",\"@id\":\"https:\/\/theo.niranbio.com\/pt-br\/#\/schema\/logo\/image\/\",\"url\":\"https:\/\/theo.niranbio.com\/wp-content\/uploads\/2024\/06\/Niranbio.png\",\"contentUrl\":\"https:\/\/theo.niranbio.com\/wp-content\/uploads\/2024\/06\/Niranbio.png\",\"width\":270,\"height\":100,\"caption\":\"Niranbio Chemical\"},\"image\":{\"@id\":\"https:\/\/theo.niranbio.com\/pt-br\/#\/schema\/logo\/image\/\"}}]}<\/script>\n<!-- \/ Yoast SEO plugin. -->","yoast_head_json":{"title":"Fornecedor de Corante Caramelo Em P\u00f3 | Niranbio Chemical","description":"N\u00f3s fornecemos p\u00f3 corante caramelo( E150) de qualidade alimentar, que varia de marrom claro a marrom escuro, e pode imitar as cores de alimentos naturais.","robots":{"index":"noindex","follow":"follow","max-snippet":"max-snippet:-1","max-image-preview":"max-image-preview:large","max-video-preview":"max-video-preview:-1"},"twitter_misc":{"Est. tempo de leitura":"4 minutos"},"schema":{"@context":"https:\/\/schema.org","@graph":[{"@type":"WebPage","@id":"https:\/\/theo.niranbio.com\/pt-br\/corante-caramelo-de-grau-alimenticio.html","url":"https:\/\/theo.niranbio.com\/pt-br\/corante-caramelo-de-grau-alimenticio.html","name":"Fornecedor de Corante Caramelo Em P\u00f3 | Niranbio Chemical","isPartOf":{"@id":"https:\/\/theo.niranbio.com\/pt-br\/#website"},"primaryImageOfPage":{"@id":"https:\/\/theo.niranbio.com\/pt-br\/corante-caramelo-de-grau-alimenticio.html#primaryimage"},"image":{"@id":"https:\/\/theo.niranbio.com\/pt-br\/corante-caramelo-de-grau-alimenticio.html#primaryimage"},"thumbnailUrl":"https:\/\/theo.niranbio.com\/wp-content\/uploads\/2024\/06\/Caramel-Color-Food-Grade.webp","datePublished":"2024-06-20T03:49:16+00:00","dateModified":"2024-08-19T03:12:24+00:00","description":"N\u00f3s fornecemos p\u00f3 corante caramelo( E150) de qualidade alimentar, que varia de marrom claro a marrom escuro, e pode imitar as cores de alimentos naturais.","breadcrumb":{"@id":"https:\/\/theo.niranbio.com\/pt-br\/corante-caramelo-de-grau-alimenticio.html#breadcrumb"},"inLanguage":"pt-BR","potentialAction":[{"@type":"ReadAction","target":["https:\/\/theo.niranbio.com\/pt-br\/corante-caramelo-de-grau-alimenticio.html"]}]},{"@type":"ImageObject","inLanguage":"pt-BR","@id":"https:\/\/theo.niranbio.com\/pt-br\/corante-caramelo-de-grau-alimenticio.html#primaryimage","url":"https:\/\/theo.niranbio.com\/wp-content\/uploads\/2024\/06\/Caramel-Color-Food-Grade.webp","contentUrl":"https:\/\/theo.niranbio.com\/wp-content\/uploads\/2024\/06\/Caramel-Color-Food-Grade.webp","width":600,"height":600,"caption":"Corante caramelo de qualidade alimentar"},{"@type":"BreadcrumbList","@id":"https:\/\/theo.niranbio.com\/pt-br\/corante-caramelo-de-grau-alimenticio.html#breadcrumb","itemListElement":[{"@type":"ListItem","position":1,"name":"Home","item":"https:\/\/theo.niranbio.com\/pt-br\/"},{"@type":"ListItem","position":2,"name":"Produtos","item":"https:\/\/theo.niranbio.com\/pt-br\/produtos.html"},{"@type":"ListItem","position":3,"name":"Corantes","item":"https:\/\/theo.niranbio.com\/pt-br\/corantes-produto\/"},{"@type":"ListItem","position":4,"name":"Corante Caramelo de Grau Aliment\u00edcio"}]},{"@type":"WebSite","@id":"https:\/\/theo.niranbio.com\/pt-br\/#website","url":"https:\/\/theo.niranbio.com\/pt-br\/","name":"Niranbio Chemical","description":"","publisher":{"@id":"https:\/\/theo.niranbio.com\/pt-br\/#organization"},"potentialAction":[{"@type":"SearchAction","target":{"@type":"EntryPoint","urlTemplate":"https:\/\/theo.niranbio.com\/pt-br\/?s={search_term_string}"},"query-input":{"@type":"PropertyValueSpecification","valueRequired":true,"valueName":"search_term_string"}}],"inLanguage":"pt-BR"},{"@type":"Organization","@id":"https:\/\/theo.niranbio.com\/pt-br\/#organization","name":"Niranbio Chemical","url":"https:\/\/theo.niranbio.com\/pt-br\/","logo":{"@type":"ImageObject","inLanguage":"pt-BR","@id":"https:\/\/theo.niranbio.com\/pt-br\/#\/schema\/logo\/image\/","url":"https:\/\/theo.niranbio.com\/wp-content\/uploads\/2024\/06\/Niranbio.png","contentUrl":"https:\/\/theo.niranbio.com\/wp-content\/uploads\/2024\/06\/Niranbio.png","width":270,"height":100,"caption":"Niranbio Chemical"},"image":{"@id":"https:\/\/theo.niranbio.com\/pt-br\/#\/schema\/logo\/image\/"}}]}},"_links":{"self":[{"href":"https:\/\/theo.niranbio.com\/pt-br\/wp-json\/wp\/v2\/product\/9658","targetHints":{"allow":["GET"]}}],"collection":[{"href":"https:\/\/theo.niranbio.com\/pt-br\/wp-json\/wp\/v2\/product"}],"about":[{"href":"https:\/\/theo.niranbio.com\/pt-br\/wp-json\/wp\/v2\/types\/product"}],"version-history":[{"count":0,"href":"https:\/\/theo.niranbio.com\/pt-br\/wp-json\/wp\/v2\/product\/9658\/revisions"}],"wp:featuredmedia":[{"embeddable":true,"href":"https:\/\/theo.niranbio.com\/pt-br\/wp-json\/wp\/v2\/media\/8167"}],"wp:attachment":[{"href":"https:\/\/theo.niranbio.com\/pt-br\/wp-json\/wp\/v2\/media?parent=9658"}],"wp:term":[{"taxonomy":"product_brand","embeddable":true,"href":"https:\/\/theo.niranbio.com\/pt-br\/wp-json\/wp\/v2\/product_brand?post=9658"},{"taxonomy":"product_cat","embeddable":true,"href":"https:\/\/theo.niranbio.com\/pt-br\/wp-json\/wp\/v2\/product_cat?post=9658"},{"taxonomy":"product_tag","embeddable":true,"href":"https:\/\/theo.niranbio.com\/pt-br\/wp-json\/wp\/v2\/product_tag?post=9658"}],"curies":[{"name":"wp","href":"https:\/\/api.w.org\/{rel}","templated":true}]}}