{"id":9638,"date":"2024-06-20T11:50:34","date_gmt":"2024-06-20T03:50:34","guid":{"rendered":"https:\/\/theo.niranbio.com\/dioxido-de-titanio-de-grau-alimenticio\/"},"modified":"2024-08-13T16:41:25","modified_gmt":"2024-08-13T08:41:25","slug":"dioxido-de-titanio-de-grau-alimenticio","status":"publish","type":"product","link":"https:\/\/theo.niranbio.com\/pt-br\/dioxido-de-titanio-de-grau-alimenticio.html","title":{"rendered":"Di\u00f3xido de tit\u00e2nio de grau aliment\u00edcio"},"content":{"rendered":"<h2><span class=\"ez-toc-section\" id=\"O_que_e_dioxido_de_titanio_de_grau_alimenticio\"><\/span>O que \u00e9 di\u00f3xido de tit\u00e2nio de grau aliment\u00edcio?<span class=\"ez-toc-section-end\"><\/span><\/h2>\n<p>O di\u00f3xido de tit\u00e2nio de grau aliment\u00edcio \u00e9 um p\u00f3 branco amplamente utilizado em alimentos, cosm\u00e9ticos e medicamentos como corante e agente clareador. Ele tem excelente poder de cobertura e estabilidade qu\u00edmica, pode fornecer branco brilhante e aumentar o brilho de outras cores.<\/p>\n<p>O di\u00f3xido de tit\u00e2nio \u00e9 comumente usado em alimentos em doces, latic\u00ednios e produtos assados \u200b\u200bpara ajudar a melhorar a apar\u00eancia. \u00c9 considerado seguro e inofensivo ao corpo humano dentro da faixa de uso prescrita. O m\u00e9todo do \u00e1cido sulf\u00farico e o m\u00e9todo de clora\u00e7\u00e3o s\u00e3o as duas principais t\u00e9cnicas usadas para preparar di\u00f3xido de tit\u00e2nio de grau aliment\u00edcio. O m\u00e9todo do \u00e1cido sulf\u00farico gera sulfato de tit\u00e2nio reagindo com \u00e1cido sulf\u00farico e, em seguida, converte-o em di\u00f3xido de tit\u00e2nio.<\/p>\n<p>O processo \u00e9 maduro, mas o consumo de energia \u00e9 alto. O m\u00e9todo de clora\u00e7\u00e3o gera cloreto de tit\u00e2nio por rea\u00e7\u00e3o de clora\u00e7\u00e3o e, em seguida, converte-o em di\u00f3xido de tit\u00e2nio. Este m\u00e9todo tem maior pureza do produto e efici\u00eancia de produ\u00e7\u00e3o, e o tratamento do subproduto \u00e9 relativamente simples. Na China, o m\u00e9todo de clora\u00e7\u00e3o se tornou o principal processo de prepara\u00e7\u00e3o. Como ele pode produzir di\u00f3xido de tit\u00e2nio de alta qualidade e \u00e9 relativamente econ\u00f4mico em termos de energia e ecologicamente correto, muitas grandes empresas de produ\u00e7\u00e3o usam esse m\u00e9todo para atender \u00e0 demanda do mercado.<\/p>\n<h2><span class=\"ez-toc-section\" id=\"Dosagem_recomendada\"><\/span>Dosagem recomendada:<span class=\"ez-toc-section-end\"><\/span><\/h2>\n<table>\n<tbody>\n<tr>\n<td>Nome do alimento<\/td>\n<td>Uso m\u00e1ximo (g\/kg)<\/td>\n<\/tr>\n<tr>\n<td>Bebidas \u00e0 base de suco de frutas<\/td>\n<td>0,05 &#8211; 0,2 g\/kg<\/td>\n<\/tr>\n<tr>\n<td>Produtos l\u00e1cteos<\/td>\n<td>0,1 &#8211; 0,3 g\/kg<\/td>\n<\/tr>\n<tr>\n<td>Doces<\/td>\n<td>0,2 &#8211; 0,5 g\/kg<\/td>\n<\/tr>\n<tr>\n<td>Chocolate<\/td>\n<td>0,1 &#8211; 0,3 g\/kg<\/td>\n<\/tr>\n<tr>\n<td>Temperos<\/td>\n<td>0,1 &#8211; 0,3 g\/kg<\/td>\n<\/tr>\n<tr>\n<td>Molhos<\/td>\n<td>0,1 &#8211; 0,5 g\/kg<\/td>\n<\/tr>\n<tr>\n<td>P\u00e3o<\/td>\n<td>0,1 &#8211; 0,2 g\/kg<\/td>\n<\/tr>\n<tr>\n<td>Biscoitos<\/td>\n<td>0,1 &#8211; 0,3 g\/kg<\/td>\n<\/tr>\n<tr>\n<td>Creme<\/td>\n<td>0,1 &#8211; 0,3 g\/kg<\/td>\n<\/tr>\n<tr>\n<td>Molho de soja<\/td>\n<td>0,2 &#8211; 0,5 g\/kg<\/td>\n<\/tr>\n<tr>\n<td>Especiarias<\/td>\n<td>0,1 &#8211; 0,2 g\/kg<\/td>\n<\/tr>\n<tr>\n<td>Queijo<\/td>\n<td>0,1 &#8211; 0,2 g\/kg<\/td>\n<\/tr>\n<\/tbody>\n<\/table>\n<h2><span class=\"ez-toc-section\" id=\"Dioxido_de_titanio_de_grau_alimenticio_tem_uma_ampla_gama_de_usos\"><\/span>Di\u00f3xido de tit\u00e2nio de grau aliment\u00edcio tem uma ampla gama de usos<span class=\"ez-toc-section-end\"><\/span><\/h2>\n<ol>\n<li>Colora\u00e7\u00e3o: O di\u00f3xido de tit\u00e2nio \u00e9 um pigmento branco que pode efetivamente fornecer uma cor branca pura aos alimentos. \u00c9 frequentemente usado para colorir alimentos como doces, bolos e latic\u00ednios para tornar suas cores mais brilhantes e uniformes.<\/li>\n<li>Ilumina\u00e7\u00e3o e oculta\u00e7\u00e3o: O di\u00f3xido de tit\u00e2nio tem um alto poder de oculta\u00e7\u00e3o e pode cobrir irregularidades ou partes desagrad\u00e1veis \u200b\u200bde outras cores nos alimentos, fazendo com que os alimentos pare\u00e7am mais consistentes e atraentes.<\/li>\n<li>Melhoria da textura: Em alguns alimentos, o di\u00f3xido de tit\u00e2nio pode melhorar a textura dos alimentos e torn\u00e1-los mais suaves. Por exemplo, o di\u00f3xido de tit\u00e2nio pode ser usado em alguns latic\u00ednios ou coberturas para obter esse efeito.<\/li>\n<li>Preven\u00e7\u00e3o de descolora\u00e7\u00e3o: O di\u00f3xido de tit\u00e2nio pode bloquear efetivamente a luz e a oxida\u00e7\u00e3o, reduzindo assim o risco de descolora\u00e7\u00e3o ou desbotamento dos alimentos durante o armazenamento.<\/li>\n<\/ol>\n<h2><span class=\"ez-toc-section\" id=\"O_usuario_fez_a_seguinte_pergunta\"><\/span>O usu\u00e1rio fez a seguinte pergunta:<span class=\"ez-toc-section-end\"><\/span><\/h2>\n<p>Pergunta: Por que existem alternativas ao di\u00f3xido de tit\u00e2nio de grau aliment\u00edcio?<\/p>\n<p>Resposta: O di\u00f3xido de tit\u00e2nio de grau aliment\u00edcio \u00e9 amplamente utilizado em alimentos devido ao seu poder de colora\u00e7\u00e3o e cobertura superiores, mas devido a quest\u00f5es de sa\u00fade e ambientais, muitos fabricantes est\u00e3o procurando alternativas naturais ou mais saud\u00e1veis. Corantes naturais \u00e0 base de plantas, como p\u00f3 de caroteno branco e p\u00f3 de ab\u00f3bora branca, fornecem op\u00e7\u00f5es brancas naturais, enquanto pigmentos minerais naturais, como talco e sulfato de b\u00e1rio, tamb\u00e9m podem ser usados \u200b\u200bcomo alternativas, mas seu uso deve estar em conformidade com os padr\u00f5es de seguran\u00e7a alimentar.<\/p>\n<p>Al\u00e9m disso, emulsificantes como gelatina e amido modificado tamb\u00e9m podem fornecer um certo efeito branco e melhorar a textura dos alimentos. A seguran\u00e7a, a acessibilidade e o efeito dos substitutos na qualidade dos alimentos devem ser levados em considera\u00e7\u00e3o.<\/p>\n","protected":false},"excerpt":{"rendered":"<ul>\n<li>CAS: 13463-67-7<\/li>\n<li>F\u00f3rmula qu\u00edmica: TiO\u2082<\/li>\n<li>Certifica\u00e7\u00f5es: KOSHER, ISO, HALAL, FSSC 22000, BRC, etc.<\/li>\n<li>Quantidade m\u00ednima do pedido: 1000KG<\/li>\n<li>Prazo de validade: 2 anos<\/li>\n<\/ul>\n","protected":false},"featured_media":8172,"template":"","meta":{"site-sidebar-layout":"default","site-content-layout":"","ast-site-content-layout":"default","site-content-style":"default","site-sidebar-style":"default","ast-global-header-display":"","ast-banner-title-visibility":"","ast-main-header-display":"","ast-hfb-above-header-display":"","ast-hfb-below-header-display":"","ast-hfb-mobile-header-display":"","site-post-title":"","ast-breadcrumbs-content":"","ast-featured-img":"","footer-sml-layout":"","theme-transparent-header-meta":"default","adv-header-id-meta":"","stick-header-meta":"","header-above-stick-meta":"","header-main-stick-meta":"","header-below-stick-meta":"","astra-migrate-meta-layouts":"set","ast-page-background-enabled":"default","ast-page-background-meta":{"desktop":{"background-color":"var(--ast-global-color-4)","background-image":"","background-repeat":"repeat","background-position":"center center","background-size":"auto","background-attachment":"scroll","background-type":"","background-media":"","overlay-type":"","overlay-color":"","overlay-opacity":"","overlay-gradient":""},"tablet":{"background-color":"","background-image":"","background-repeat":"repeat","background-position":"center center","background-size":"auto","background-attachment":"scroll","background-type":"","background-media":"","overlay-type":"","overlay-color":"","overlay-opacity":"","overlay-gradient":""},"mobile":{"background-color":"","background-image":"","background-repeat":"repeat","background-position":"center center","background-size":"auto","background-attachment":"scroll","background-type":"","background-media":"","overlay-type":"","overlay-color":"","overlay-opacity":"","overlay-gradient":""}},"ast-content-background-meta":{"desktop":{"background-color":"var(--ast-global-color-5)","background-image":"","background-repeat":"repeat","background-position":"center center","background-size":"auto","background-attachment":"scroll","background-type":"","background-media":"","overlay-type":"","overlay-color":"","overlay-opacity":"","overlay-gradient":""},"tablet":{"background-color":"var(--ast-global-color-5)","background-image":"","background-repeat":"repeat","background-position":"center center","background-size":"auto","background-attachment":"scroll","background-type":"","background-media":"","overlay-type":"","overlay-color":"","overlay-opacity":"","overlay-gradient":""},"mobile":{"background-color":"var(--ast-global-color-5)","background-image":"","background-repeat":"repeat","background-position":"center center","background-size":"auto","background-attachment":"scroll","background-type":"","background-media":"","overlay-type":"","overlay-color":"","overlay-opacity":"","overlay-gradient":""}}},"product_brand":[],"product_cat":[83],"product_tag":[],"class_list":{"0":"post-9638","1":"product","2":"type-product","3":"status-publish","4":"has-post-thumbnail","6":"product_cat-corantes-produto","7":"desktop-align-center","8":"tablet-align-left","9":"mobile-align-left","11":"first","12":"instock","13":"shipping-taxable","14":"product-type-simple"},"yoast_head":"<!-- This site is optimized with the Yoast SEO plugin v26.5 - https:\/\/yoast.com\/wordpress\/plugins\/seo\/ -->\n<title>Fabricante de di\u00f3xido de tit\u00e2nio da China, atacado de p\u00f3 de di\u00f3xido de tit\u00e2nio | Niranbio Chemical<\/title>\n<meta name=\"description\" content=\"Fabricamos p\u00f3 de di\u00f3xido de tit\u00e2nio (E171) de grau aliment\u00edcio, um pigmento branco que pode efetivamente fornecer uma cor branca pura aos alimentos.\" \/>\n<meta name=\"robots\" content=\"noindex, follow, max-snippet:-1, max-image-preview:large, max-video-preview:-1\" \/>\n<meta name=\"twitter:label1\" content=\"Est. tempo de leitura\" \/>\n\t<meta name=\"twitter:data1\" content=\"3 minutos\" \/>\n<script type=\"application\/ld+json\" class=\"yoast-schema-graph\">{\"@context\":\"https:\/\/schema.org\",\"@graph\":[{\"@type\":\"WebPage\",\"@id\":\"https:\/\/theo.niranbio.com\/pt-br\/dioxido-de-titanio-de-grau-alimenticio.html\",\"url\":\"https:\/\/theo.niranbio.com\/pt-br\/dioxido-de-titanio-de-grau-alimenticio.html\",\"name\":\"Fabricante de di\u00f3xido de tit\u00e2nio da China, atacado de p\u00f3 de di\u00f3xido de tit\u00e2nio | Niranbio Chemical\",\"isPartOf\":{\"@id\":\"https:\/\/theo.niranbio.com\/pt-br\/#website\"},\"primaryImageOfPage\":{\"@id\":\"https:\/\/theo.niranbio.com\/pt-br\/dioxido-de-titanio-de-grau-alimenticio.html#primaryimage\"},\"image\":{\"@id\":\"https:\/\/theo.niranbio.com\/pt-br\/dioxido-de-titanio-de-grau-alimenticio.html#primaryimage\"},\"thumbnailUrl\":\"https:\/\/theo.niranbio.com\/wp-content\/uploads\/2024\/06\/Titanium-Dioxide-Food-Grade.webp\",\"datePublished\":\"2024-06-20T03:50:34+00:00\",\"dateModified\":\"2024-08-13T08:41:25+00:00\",\"description\":\"Fabricamos p\u00f3 de di\u00f3xido de tit\u00e2nio (E171) de grau aliment\u00edcio, um pigmento branco que pode efetivamente fornecer uma cor branca pura aos alimentos.\",\"breadcrumb\":{\"@id\":\"https:\/\/theo.niranbio.com\/pt-br\/dioxido-de-titanio-de-grau-alimenticio.html#breadcrumb\"},\"inLanguage\":\"pt-BR\",\"potentialAction\":[{\"@type\":\"ReadAction\",\"target\":[\"https:\/\/theo.niranbio.com\/pt-br\/dioxido-de-titanio-de-grau-alimenticio.html\"]}]},{\"@type\":\"ImageObject\",\"inLanguage\":\"pt-BR\",\"@id\":\"https:\/\/theo.niranbio.com\/pt-br\/dioxido-de-titanio-de-grau-alimenticio.html#primaryimage\",\"url\":\"https:\/\/theo.niranbio.com\/wp-content\/uploads\/2024\/06\/Titanium-Dioxide-Food-Grade.webp\",\"contentUrl\":\"https:\/\/theo.niranbio.com\/wp-content\/uploads\/2024\/06\/Titanium-Dioxide-Food-Grade.webp\",\"width\":600,\"height\":600,\"caption\":\"Di\u00f3xido de tit\u00e2nio grau aliment\u00edcio\"},{\"@type\":\"BreadcrumbList\",\"@id\":\"https:\/\/theo.niranbio.com\/pt-br\/dioxido-de-titanio-de-grau-alimenticio.html#breadcrumb\",\"itemListElement\":[{\"@type\":\"ListItem\",\"position\":1,\"name\":\"Home\",\"item\":\"https:\/\/theo.niranbio.com\/pt-br\/\"},{\"@type\":\"ListItem\",\"position\":2,\"name\":\"Produtos\",\"item\":\"https:\/\/theo.niranbio.com\/pt-br\/produtos.html\"},{\"@type\":\"ListItem\",\"position\":3,\"name\":\"Corantes\",\"item\":\"https:\/\/theo.niranbio.com\/pt-br\/corantes-produto\/\"},{\"@type\":\"ListItem\",\"position\":4,\"name\":\"Di\u00f3xido de tit\u00e2nio de grau aliment\u00edcio\"}]},{\"@type\":\"WebSite\",\"@id\":\"https:\/\/theo.niranbio.com\/pt-br\/#website\",\"url\":\"https:\/\/theo.niranbio.com\/pt-br\/\",\"name\":\"Niranbio Chemical\",\"description\":\"\",\"publisher\":{\"@id\":\"https:\/\/theo.niranbio.com\/pt-br\/#organization\"},\"potentialAction\":[{\"@type\":\"SearchAction\",\"target\":{\"@type\":\"EntryPoint\",\"urlTemplate\":\"https:\/\/theo.niranbio.com\/pt-br\/?s={search_term_string}\"},\"query-input\":{\"@type\":\"PropertyValueSpecification\",\"valueRequired\":true,\"valueName\":\"search_term_string\"}}],\"inLanguage\":\"pt-BR\"},{\"@type\":\"Organization\",\"@id\":\"https:\/\/theo.niranbio.com\/pt-br\/#organization\",\"name\":\"Niranbio Chemical\",\"url\":\"https:\/\/theo.niranbio.com\/pt-br\/\",\"logo\":{\"@type\":\"ImageObject\",\"inLanguage\":\"pt-BR\",\"@id\":\"https:\/\/theo.niranbio.com\/pt-br\/#\/schema\/logo\/image\/\",\"url\":\"https:\/\/theo.niranbio.com\/wp-content\/uploads\/2024\/06\/Niranbio.png\",\"contentUrl\":\"https:\/\/theo.niranbio.com\/wp-content\/uploads\/2024\/06\/Niranbio.png\",\"width\":270,\"height\":100,\"caption\":\"Niranbio Chemical\"},\"image\":{\"@id\":\"https:\/\/theo.niranbio.com\/pt-br\/#\/schema\/logo\/image\/\"}}]}<\/script>\n<!-- \/ Yoast SEO plugin. -->","yoast_head_json":{"title":"Fabricante de di\u00f3xido de tit\u00e2nio da China, atacado de p\u00f3 de di\u00f3xido de tit\u00e2nio | Niranbio Chemical","description":"Fabricamos p\u00f3 de di\u00f3xido de tit\u00e2nio (E171) de grau aliment\u00edcio, um pigmento branco que pode efetivamente fornecer uma cor branca pura aos alimentos.","robots":{"index":"noindex","follow":"follow","max-snippet":"max-snippet:-1","max-image-preview":"max-image-preview:large","max-video-preview":"max-video-preview:-1"},"twitter_misc":{"Est. tempo de leitura":"3 minutos"},"schema":{"@context":"https:\/\/schema.org","@graph":[{"@type":"WebPage","@id":"https:\/\/theo.niranbio.com\/pt-br\/dioxido-de-titanio-de-grau-alimenticio.html","url":"https:\/\/theo.niranbio.com\/pt-br\/dioxido-de-titanio-de-grau-alimenticio.html","name":"Fabricante de di\u00f3xido de tit\u00e2nio da China, atacado de p\u00f3 de di\u00f3xido de tit\u00e2nio | Niranbio Chemical","isPartOf":{"@id":"https:\/\/theo.niranbio.com\/pt-br\/#website"},"primaryImageOfPage":{"@id":"https:\/\/theo.niranbio.com\/pt-br\/dioxido-de-titanio-de-grau-alimenticio.html#primaryimage"},"image":{"@id":"https:\/\/theo.niranbio.com\/pt-br\/dioxido-de-titanio-de-grau-alimenticio.html#primaryimage"},"thumbnailUrl":"https:\/\/theo.niranbio.com\/wp-content\/uploads\/2024\/06\/Titanium-Dioxide-Food-Grade.webp","datePublished":"2024-06-20T03:50:34+00:00","dateModified":"2024-08-13T08:41:25+00:00","description":"Fabricamos p\u00f3 de di\u00f3xido de tit\u00e2nio (E171) de grau aliment\u00edcio, um pigmento branco que pode efetivamente fornecer uma cor branca pura aos alimentos.","breadcrumb":{"@id":"https:\/\/theo.niranbio.com\/pt-br\/dioxido-de-titanio-de-grau-alimenticio.html#breadcrumb"},"inLanguage":"pt-BR","potentialAction":[{"@type":"ReadAction","target":["https:\/\/theo.niranbio.com\/pt-br\/dioxido-de-titanio-de-grau-alimenticio.html"]}]},{"@type":"ImageObject","inLanguage":"pt-BR","@id":"https:\/\/theo.niranbio.com\/pt-br\/dioxido-de-titanio-de-grau-alimenticio.html#primaryimage","url":"https:\/\/theo.niranbio.com\/wp-content\/uploads\/2024\/06\/Titanium-Dioxide-Food-Grade.webp","contentUrl":"https:\/\/theo.niranbio.com\/wp-content\/uploads\/2024\/06\/Titanium-Dioxide-Food-Grade.webp","width":600,"height":600,"caption":"Di\u00f3xido de tit\u00e2nio grau aliment\u00edcio"},{"@type":"BreadcrumbList","@id":"https:\/\/theo.niranbio.com\/pt-br\/dioxido-de-titanio-de-grau-alimenticio.html#breadcrumb","itemListElement":[{"@type":"ListItem","position":1,"name":"Home","item":"https:\/\/theo.niranbio.com\/pt-br\/"},{"@type":"ListItem","position":2,"name":"Produtos","item":"https:\/\/theo.niranbio.com\/pt-br\/produtos.html"},{"@type":"ListItem","position":3,"name":"Corantes","item":"https:\/\/theo.niranbio.com\/pt-br\/corantes-produto\/"},{"@type":"ListItem","position":4,"name":"Di\u00f3xido de tit\u00e2nio de grau aliment\u00edcio"}]},{"@type":"WebSite","@id":"https:\/\/theo.niranbio.com\/pt-br\/#website","url":"https:\/\/theo.niranbio.com\/pt-br\/","name":"Niranbio Chemical","description":"","publisher":{"@id":"https:\/\/theo.niranbio.com\/pt-br\/#organization"},"potentialAction":[{"@type":"SearchAction","target":{"@type":"EntryPoint","urlTemplate":"https:\/\/theo.niranbio.com\/pt-br\/?s={search_term_string}"},"query-input":{"@type":"PropertyValueSpecification","valueRequired":true,"valueName":"search_term_string"}}],"inLanguage":"pt-BR"},{"@type":"Organization","@id":"https:\/\/theo.niranbio.com\/pt-br\/#organization","name":"Niranbio Chemical","url":"https:\/\/theo.niranbio.com\/pt-br\/","logo":{"@type":"ImageObject","inLanguage":"pt-BR","@id":"https:\/\/theo.niranbio.com\/pt-br\/#\/schema\/logo\/image\/","url":"https:\/\/theo.niranbio.com\/wp-content\/uploads\/2024\/06\/Niranbio.png","contentUrl":"https:\/\/theo.niranbio.com\/wp-content\/uploads\/2024\/06\/Niranbio.png","width":270,"height":100,"caption":"Niranbio Chemical"},"image":{"@id":"https:\/\/theo.niranbio.com\/pt-br\/#\/schema\/logo\/image\/"}}]}},"_links":{"self":[{"href":"https:\/\/theo.niranbio.com\/pt-br\/wp-json\/wp\/v2\/product\/9638","targetHints":{"allow":["GET"]}}],"collection":[{"href":"https:\/\/theo.niranbio.com\/pt-br\/wp-json\/wp\/v2\/product"}],"about":[{"href":"https:\/\/theo.niranbio.com\/pt-br\/wp-json\/wp\/v2\/types\/product"}],"version-history":[{"count":0,"href":"https:\/\/theo.niranbio.com\/pt-br\/wp-json\/wp\/v2\/product\/9638\/revisions"}],"wp:featuredmedia":[{"embeddable":true,"href":"https:\/\/theo.niranbio.com\/pt-br\/wp-json\/wp\/v2\/media\/8172"}],"wp:attachment":[{"href":"https:\/\/theo.niranbio.com\/pt-br\/wp-json\/wp\/v2\/media?parent=9638"}],"wp:term":[{"taxonomy":"product_brand","embeddable":true,"href":"https:\/\/theo.niranbio.com\/pt-br\/wp-json\/wp\/v2\/product_brand?post=9638"},{"taxonomy":"product_cat","embeddable":true,"href":"https:\/\/theo.niranbio.com\/pt-br\/wp-json\/wp\/v2\/product_cat?post=9638"},{"taxonomy":"product_tag","embeddable":true,"href":"https:\/\/theo.niranbio.com\/pt-br\/wp-json\/wp\/v2\/product_tag?post=9638"}],"curies":[{"name":"wp","href":"https:\/\/api.w.org\/{rel}","templated":true}]}}