{"id":9628,"date":"2024-08-07T15:36:21","date_gmt":"2024-08-07T07:36:21","guid":{"rendered":"https:\/\/theo.niranbio.com\/oxido-de-magnesio-grau-alimenticio\/"},"modified":"2024-08-19T09:28:40","modified_gmt":"2024-08-19T01:28:40","slug":"oxido-de-magnesio-grau-alimenticio","status":"publish","type":"product","link":"https:\/\/theo.niranbio.com\/pt-br\/oxido-de-magnesio-grau-alimenticio.html","title":{"rendered":"\u00d3xido de magn\u00e9sio &#8211; grau aliment\u00edcio"},"content":{"rendered":"<h2><span class=\"ez-toc-section\" id=\"O_que_e_oxido_de_magnesio\"><\/span>O que \u00e9 \u00f3xido de magn\u00e9sio?<span class=\"ez-toc-section-end\"><\/span><\/h2>\n<p>O \u00f3xido de magn\u00e9sio de grau aliment\u00edcio \u00e9 um ingrediente em p\u00f3 cristalino ou branco que \u00e9 usado principalmente para modificar a acidez e a estabilidade dos alimentos. Suas caracter\u00edsticas incluem alta estabilidade qu\u00edmica, insolubilidade em \u00e1gua e melhoria da textura dos alimentos. \u00c9 amplamente utilizado na fabrica\u00e7\u00e3o de alimentos como iogurte, p\u00e3o e condimentos para ajudar a melhorar a qualidade e o sabor dos produtos, e desempenha um papel auxiliar em suplementos nutricionais e alimentos saud\u00e1veis. Existem principalmente os seguintes processos de prepara\u00e7\u00e3o para \u00f3xido de magn\u00e9sio de grau aliment\u00edcio na China:<\/p>\n<p>1. Prepara\u00e7\u00e3o qu\u00edmica: Incluindo o processo de s\u00edntese qu\u00edmica de \u00f3xido de magn\u00e9sio, geralmente formado pela rea\u00e7\u00e3o de mat\u00e9rias-primas de \u00f3xido de magn\u00e9sio com reagentes qu\u00edmicos. Este m\u00e9todo tem um processo maduro e alta efici\u00eancia de produ\u00e7\u00e3o. Na China, agora \u00e9 um procedimento de ponta. M\u00e9todo de decomposi\u00e7\u00e3o t\u00e9rmica: O \u00f3xido de magn\u00e9sio \u00e9 preparado pela decomposi\u00e7\u00e3o t\u00e9rmica de alta temperatura de precursores ou compostos de \u00f3xido de magn\u00e9sio.<\/p>\n<p>2. Esta abordagem funciona bem em algumas circunst\u00e2ncias com requisitos espec\u00edficos, mas normalmente exige condi\u00e7\u00f5es de rea\u00e7\u00e3o de alta temperatura e controle preciso da rea\u00e7\u00e3o.<\/p>\n<h2><span class=\"ez-toc-section\" id=\"Parametros_relacionados\"><\/span>Par\u00e2metros relacionados:<span class=\"ez-toc-section-end\"><\/span><\/h2>\n<table>\n<tbody>\n<tr>\n<td><strong>Itens<\/strong><\/td>\n<td><strong>Especifica\u00e7\u00e3o<\/strong><\/td>\n<\/tr>\n<tr>\n<td>Ensaio<\/td>\n<td>\u226596.5%<\/td>\n<\/tr>\n<tr>\n<td>Identifica\u00e7\u00e3o<\/td>\n<td>Rea\u00e7\u00e3o positiva presente<\/td>\n<\/tr>\n<tr>\n<td>Solu\u00e7\u00e3o em cores<\/td>\n<td>Empresa com o padr\u00e3o<\/td>\n<\/tr>\n<tr>\n<td>CaO %<\/td>\n<td>\u22640.20<\/td>\n<\/tr>\n<tr>\n<td>Carbonato<\/td>\n<td>\u2264 1.5<\/td>\n<\/tr>\n<tr>\n<td>Subst\u00e2ncia insol\u00favel em \u00e1cido<\/td>\n<td>Empresa com o padr\u00e3o<\/td>\n<\/tr>\n<tr>\n<td>Sol\u00faveis %<\/td>\n<td>\u2264 2.0<\/td>\n<\/tr>\n<tr>\n<td>LOI %<\/td>\n<td>\u2264 5.0<\/td>\n<\/tr>\n<tr>\n<td>Como<\/td>\n<td>\u2264 0.0003%<\/td>\n<\/tr>\n<tr>\n<td>Pb<\/td>\n<td>\u2264 2,0 mg\/kg<\/td>\n<\/tr>\n<\/tbody>\n<\/table>\n<h2><span class=\"ez-toc-section\" id=\"Dosagem_recomendada\"><\/span>Dosagem recomendada:<span class=\"ez-toc-section-end\"><\/span><\/h2>\n<table>\n<tbody>\n<tr>\n<td><strong>Nome do alimento<\/strong><\/td>\n<td><strong>Uso m\u00e1ximo (g\/kg)<\/strong><\/td>\n<\/tr>\n<tr>\n<td>Cereais matinais<\/td>\n<td>0,1 &#8211; 0,3 g\/kg<\/td>\n<\/tr>\n<tr>\n<td>Alternativas l\u00e1cteas<\/td>\n<td>0,05 &#8211; 0,2 g\/kg<\/td>\n<\/tr>\n<tr>\n<td>Produtos de panifica\u00e7\u00e3o<\/td>\n<td>0,1 &#8211; 0,5 g\/kg<\/td>\n<\/tr>\n<tr>\n<td>Produtos c\u00e1rneos<\/td>\n<td>0,1 &#8211; 0,3 g\/kg<\/td>\n<\/tr>\n<tr>\n<td>Molhos para salada<\/td>\n<td>0,05 &#8211; 0,2 g\/kg<\/td>\n<\/tr>\n<tr>\n<td>Biscoitos e bolachas<\/td>\n<td>0,1 &#8211; 0,5 g\/kg<\/td>\n<\/tr>\n<tr>\n<td>Alimentos enlatados<\/td>\n<td>0,1 &#8211; 0,3 g\/kg<\/td>\n<\/tr>\n<tr>\n<td>Alimentos para animais de estima\u00e7\u00e3o<\/td>\n<td>0,1 &#8211; 0,3 g\/kg<\/td>\n<\/tr>\n<tr>\n<td>Misturas para bolos<\/td>\n<td>0,1 &#8211; 0,3 g\/kg<\/td>\n<\/tr>\n<tr>\n<td>Substitutos de carne \u00e0 base de plantas<\/td>\n<td>0,1 &#8211; 0,3 g\/kg<\/td>\n<\/tr>\n<tr>\n<td>Lanches de frutas<\/td>\n<td>0,1 &#8211; 0,3 g\/kg<\/td>\n<\/tr>\n<tr>\n<td>Queijos veganos<\/td>\n<td>0,05 &#8211; 0,2 g\/kg<\/td>\n<\/tr>\n<tr>\n<td>Molhos para massas<\/td>\n<td>0,05 &#8211; 0,2 g\/kg<\/td>\n<\/tr>\n<\/tbody>\n<\/table>\n<h2><span class=\"ez-toc-section\" id=\"O_Oxido_de_Magnesio_Tem_Uma_Ampla_Gama_De_Usos\"><\/span>O \u00d3xido de Magn\u00e9sio Tem Uma Ampla Gama De Usos<span class=\"ez-toc-section-end\"><\/span><\/h2>\n<p>1. Regulador de acidez: O \u00f3xido de magn\u00e9sio pode ajustar o pH dos alimentos e \u00e9 particularmente \u00fatil para produtos aliment\u00edcios que precisam controlar o pH. Ele pode neutralizar os componentes \u00e1cidos nos alimentos, estabilizando assim o sabor e a textura dos alimentos.<\/p>\n<p>2. Agente antiaglomerante: O \u00f3xido de magn\u00e9sio pode ser usado como um agente antiaglomerante em alguns alimentos para evitar que os alimentos endure\u00e7am ou grudem devido \u00e0 absor\u00e7\u00e3o de \u00e1gua, estendendo assim a vida \u00fatil do produto e melhorando o sabor.<\/p>\n<p>3. Agente clarificante: Durante o processo de fermenta\u00e7\u00e3o e clarifica\u00e7\u00e3o, o \u00f3xido de magn\u00e9sio pode ajudar a clarificar o vinho, o suco e outros alimentos l\u00edquidos, remover impurezas e turbidez e tornar o produto final mais transparente e claro.<\/p>\n<p>4. Antioxidante: O \u00f3xido de magn\u00e9sio tem certas propriedades antioxidantes, que podem ajudar a proteger gorduras e outros componentes facilmente oxidados nos alimentos, estender a vida \u00fatil dos alimentos e manter seu valor nutricional e sabor.<\/p>\n<p>5. Agente de fermenta\u00e7\u00e3o: Em produtos assados, o \u00f3xido de magn\u00e9sio pode ser usado como um agente de fermenta\u00e7\u00e3o para ajudar o p\u00e3o, bolos e outros produtos a ficarem mais fofos e aumentar o volume. 6. Estabilizador: O \u00f3xido de magn\u00e9sio ajuda a estabilizar a cor e a textura de certos alimentos, permitindo que o produto mantenha a estabilidade e a consist\u00eancia durante o processamento e o armazenamento.<\/p>\n<h2><span class=\"ez-toc-section\" id=\"Pergunta_feita_pelo_usuario\"><\/span>Pergunta feita pelo usu\u00e1rio:<span class=\"ez-toc-section-end\"><\/span><\/h2>\n<p>Pergunta: Como est\u00e1 o mercado global de \u00f3xido de magn\u00e9sio de grau aliment\u00edcio?<\/p>\n<p>Resposta: O crescimento do mercado global de \u00f3xido de magn\u00e9sio adequado para prepara\u00e7\u00e3o de alimentos deve continuar. \u00c0 medida que a conscientiza\u00e7\u00e3o dos consumidores sobre a sa\u00fade aumenta, a demanda da ind\u00fastria aliment\u00edcia por aditivos alimentares funcionais continua a aumentar, e o \u00f3xido de magn\u00e9sio, como uma escolha segura e eficaz, ser\u00e1 amplamente utilizado no mercado global. Ao mesmo tempo, a inova\u00e7\u00e3o tecnol\u00f3gica e os rigorosos requisitos regulat\u00f3rios impulsionam o mercado em dire\u00e7\u00e3o a maior qualidade e seguran\u00e7a, proporcionando aos clientes mais oportunidades de crescimento e desenvolvimento.<\/p>\n","protected":false},"excerpt":{"rendered":"<ul>\n<li>CAS: 1309-48-4<\/li>\n<li>F\u00f3rmula qu\u00edmica: MgO<\/li>\n<li>Certifica\u00e7\u00f5es: KOSHER, ISO, HALAL, FSSC22000, BRC, etc.<\/li>\n<li>Padr\u00e3o: FCCV\/E530\/GB1886.216-2016<\/li>\n<li>Quantidade m\u00ednima do pedido: 1000KG<\/li>\n<li>Prazo de validade: 2 anos<\/li>\n<\/ul>\n","protected":false},"featured_media":9312,"template":"","meta":{"site-sidebar-layout":"default","site-content-layout":"","ast-site-content-layout":"default","site-content-style":"default","site-sidebar-style":"default","ast-global-header-display":"","ast-banner-title-visibility":"","ast-main-header-display":"","ast-hfb-above-header-display":"","ast-hfb-below-header-display":"","ast-hfb-mobile-header-display":"","site-post-title":"","ast-breadcrumbs-content":"","ast-featured-img":"","footer-sml-layout":"","theme-transparent-header-meta":"default","adv-header-id-meta":"","stick-header-meta":"","header-above-stick-meta":"","header-main-stick-meta":"","header-below-stick-meta":"","astra-migrate-meta-layouts":"set","ast-page-background-enabled":"default","ast-page-background-meta":{"desktop":{"background-color":"var(--ast-global-color-4)","background-image":"","background-repeat":"repeat","background-position":"center center","background-size":"auto","background-attachment":"scroll","background-type":"","background-media":"","overlay-type":"","overlay-color":"","overlay-opacity":"","overlay-gradient":""},"tablet":{"background-color":"","background-image":"","background-repeat":"repeat","background-position":"center center","background-size":"auto","background-attachment":"scroll","background-type":"","background-media":"","overlay-type":"","overlay-color":"","overlay-opacity":"","overlay-gradient":""},"mobile":{"background-color":"","background-image":"","background-repeat":"repeat","background-position":"center center","background-size":"auto","background-attachment":"scroll","background-type":"","background-media":"","overlay-type":"","overlay-color":"","overlay-opacity":"","overlay-gradient":""}},"ast-content-background-meta":{"desktop":{"background-color":"var(--ast-global-color-5)","background-image":"","background-repeat":"repeat","background-position":"center center","background-size":"auto","background-attachment":"scroll","background-type":"","background-media":"","overlay-type":"","overlay-color":"","overlay-opacity":"","overlay-gradient":""},"tablet":{"background-color":"var(--ast-global-color-5)","background-image":"","background-repeat":"repeat","background-position":"center center","background-size":"auto","background-attachment":"scroll","background-type":"","background-media":"","overlay-type":"","overlay-color":"","overlay-opacity":"","overlay-gradient":""},"mobile":{"background-color":"var(--ast-global-color-5)","background-image":"","background-repeat":"repeat","background-position":"center center","background-size":"auto","background-attachment":"scroll","background-type":"","background-media":"","overlay-type":"","overlay-color":"","overlay-opacity":"","overlay-gradient":""}}},"product_brand":[],"product_cat":[89],"product_tag":[],"class_list":{"0":"post-9628","1":"product","2":"type-product","3":"status-publish","4":"has-post-thumbnail","6":"product_cat-produto-intensificador-de-nutricao","7":"desktop-align-center","8":"tablet-align-left","9":"mobile-align-left","11":"first","12":"instock","13":"shipping-taxable","14":"product-type-simple"},"yoast_head":"<!-- This site is optimized with the Yoast SEO plugin v26.5 - https:\/\/yoast.com\/wordpress\/plugins\/seo\/ -->\n<title>Org\u00e2nico E530 p\u00f3 pofabricante \u00f3xido de magn\u00e9sio comprar fornecedor| Niranbio Chemical<\/title>\n<meta name=\"description\" content=\"Nosso \u00f3xido de magn\u00e9sio de grau aliment\u00edcio (E530) \u00e9 um ingrediente em p\u00f3 cristalino ou branco que \u00e9 usado principalmente para modificar a acidez e a estabilidade dos alimentos.\" \/>\n<meta name=\"robots\" content=\"noindex, follow, max-snippet:-1, max-image-preview:large, max-video-preview:-1\" \/>\n<meta name=\"twitter:label1\" content=\"Est. tempo de leitura\" \/>\n\t<meta name=\"twitter:data1\" content=\"4 minutos\" \/>\n<script type=\"application\/ld+json\" class=\"yoast-schema-graph\">{\"@context\":\"https:\/\/schema.org\",\"@graph\":[{\"@type\":\"WebPage\",\"@id\":\"https:\/\/theo.niranbio.com\/pt-br\/oxido-de-magnesio-grau-alimenticio.html\",\"url\":\"https:\/\/theo.niranbio.com\/pt-br\/oxido-de-magnesio-grau-alimenticio.html\",\"name\":\"Org\u00e2nico E530 p\u00f3 pofabricante \u00f3xido de magn\u00e9sio comprar fornecedor| Niranbio Chemical\",\"isPartOf\":{\"@id\":\"https:\/\/theo.niranbio.com\/pt-br\/#website\"},\"primaryImageOfPage\":{\"@id\":\"https:\/\/theo.niranbio.com\/pt-br\/oxido-de-magnesio-grau-alimenticio.html#primaryimage\"},\"image\":{\"@id\":\"https:\/\/theo.niranbio.com\/pt-br\/oxido-de-magnesio-grau-alimenticio.html#primaryimage\"},\"thumbnailUrl\":\"https:\/\/theo.niranbio.com\/wp-content\/uploads\/2024\/08\/71df54feec2d8f36d3b005d53991cf8.jpg\",\"datePublished\":\"2024-08-07T07:36:21+00:00\",\"dateModified\":\"2024-08-19T01:28:40+00:00\",\"description\":\"Nosso \u00f3xido de magn\u00e9sio de grau aliment\u00edcio (E530) \u00e9 um ingrediente em p\u00f3 cristalino ou branco que \u00e9 usado principalmente para modificar a acidez e a estabilidade dos alimentos.\",\"breadcrumb\":{\"@id\":\"https:\/\/theo.niranbio.com\/pt-br\/oxido-de-magnesio-grau-alimenticio.html#breadcrumb\"},\"inLanguage\":\"pt-BR\",\"potentialAction\":[{\"@type\":\"ReadAction\",\"target\":[\"https:\/\/theo.niranbio.com\/pt-br\/oxido-de-magnesio-grau-alimenticio.html\"]}]},{\"@type\":\"ImageObject\",\"inLanguage\":\"pt-BR\",\"@id\":\"https:\/\/theo.niranbio.com\/pt-br\/oxido-de-magnesio-grau-alimenticio.html#primaryimage\",\"url\":\"https:\/\/theo.niranbio.com\/wp-content\/uploads\/2024\/08\/71df54feec2d8f36d3b005d53991cf8.jpg\",\"contentUrl\":\"https:\/\/theo.niranbio.com\/wp-content\/uploads\/2024\/08\/71df54feec2d8f36d3b005d53991cf8.jpg\",\"width\":600,\"height\":600},{\"@type\":\"BreadcrumbList\",\"@id\":\"https:\/\/theo.niranbio.com\/pt-br\/oxido-de-magnesio-grau-alimenticio.html#breadcrumb\",\"itemListElement\":[{\"@type\":\"ListItem\",\"position\":1,\"name\":\"Home\",\"item\":\"https:\/\/theo.niranbio.com\/pt-br\/\"},{\"@type\":\"ListItem\",\"position\":2,\"name\":\"Produtos\",\"item\":\"https:\/\/theo.niranbio.com\/pt-br\/produtos.html\"},{\"@type\":\"ListItem\",\"position\":3,\"name\":\"Intensificador de Nutri\u00e7\u00e3o\",\"item\":\"https:\/\/theo.niranbio.com\/pt-br\/produto-intensificador-de-nutricao\/\"},{\"@type\":\"ListItem\",\"position\":4,\"name\":\"\u00d3xido de magn\u00e9sio &#8211; grau aliment\u00edcio\"}]},{\"@type\":\"WebSite\",\"@id\":\"https:\/\/theo.niranbio.com\/pt-br\/#website\",\"url\":\"https:\/\/theo.niranbio.com\/pt-br\/\",\"name\":\"Niranbio Chemical\",\"description\":\"\",\"publisher\":{\"@id\":\"https:\/\/theo.niranbio.com\/pt-br\/#organization\"},\"potentialAction\":[{\"@type\":\"SearchAction\",\"target\":{\"@type\":\"EntryPoint\",\"urlTemplate\":\"https:\/\/theo.niranbio.com\/pt-br\/?s={search_term_string}\"},\"query-input\":{\"@type\":\"PropertyValueSpecification\",\"valueRequired\":true,\"valueName\":\"search_term_string\"}}],\"inLanguage\":\"pt-BR\"},{\"@type\":\"Organization\",\"@id\":\"https:\/\/theo.niranbio.com\/pt-br\/#organization\",\"name\":\"Niranbio Chemical\",\"url\":\"https:\/\/theo.niranbio.com\/pt-br\/\",\"logo\":{\"@type\":\"ImageObject\",\"inLanguage\":\"pt-BR\",\"@id\":\"https:\/\/theo.niranbio.com\/pt-br\/#\/schema\/logo\/image\/\",\"url\":\"https:\/\/theo.niranbio.com\/wp-content\/uploads\/2024\/06\/Niranbio.png\",\"contentUrl\":\"https:\/\/theo.niranbio.com\/wp-content\/uploads\/2024\/06\/Niranbio.png\",\"width\":270,\"height\":100,\"caption\":\"Niranbio Chemical\"},\"image\":{\"@id\":\"https:\/\/theo.niranbio.com\/pt-br\/#\/schema\/logo\/image\/\"}}]}<\/script>\n<!-- \/ Yoast SEO plugin. -->","yoast_head_json":{"title":"Org\u00e2nico E530 p\u00f3 pofabricante \u00f3xido de magn\u00e9sio comprar fornecedor| Niranbio Chemical","description":"Nosso \u00f3xido de magn\u00e9sio de grau aliment\u00edcio (E530) \u00e9 um ingrediente em p\u00f3 cristalino ou branco que \u00e9 usado principalmente para modificar a acidez e a estabilidade dos alimentos.","robots":{"index":"noindex","follow":"follow","max-snippet":"max-snippet:-1","max-image-preview":"max-image-preview:large","max-video-preview":"max-video-preview:-1"},"twitter_misc":{"Est. tempo de leitura":"4 minutos"},"schema":{"@context":"https:\/\/schema.org","@graph":[{"@type":"WebPage","@id":"https:\/\/theo.niranbio.com\/pt-br\/oxido-de-magnesio-grau-alimenticio.html","url":"https:\/\/theo.niranbio.com\/pt-br\/oxido-de-magnesio-grau-alimenticio.html","name":"Org\u00e2nico E530 p\u00f3 pofabricante \u00f3xido de magn\u00e9sio comprar fornecedor| Niranbio Chemical","isPartOf":{"@id":"https:\/\/theo.niranbio.com\/pt-br\/#website"},"primaryImageOfPage":{"@id":"https:\/\/theo.niranbio.com\/pt-br\/oxido-de-magnesio-grau-alimenticio.html#primaryimage"},"image":{"@id":"https:\/\/theo.niranbio.com\/pt-br\/oxido-de-magnesio-grau-alimenticio.html#primaryimage"},"thumbnailUrl":"https:\/\/theo.niranbio.com\/wp-content\/uploads\/2024\/08\/71df54feec2d8f36d3b005d53991cf8.jpg","datePublished":"2024-08-07T07:36:21+00:00","dateModified":"2024-08-19T01:28:40+00:00","description":"Nosso \u00f3xido de magn\u00e9sio de grau aliment\u00edcio (E530) \u00e9 um ingrediente em p\u00f3 cristalino ou branco que \u00e9 usado principalmente para modificar a acidez e a estabilidade dos alimentos.","breadcrumb":{"@id":"https:\/\/theo.niranbio.com\/pt-br\/oxido-de-magnesio-grau-alimenticio.html#breadcrumb"},"inLanguage":"pt-BR","potentialAction":[{"@type":"ReadAction","target":["https:\/\/theo.niranbio.com\/pt-br\/oxido-de-magnesio-grau-alimenticio.html"]}]},{"@type":"ImageObject","inLanguage":"pt-BR","@id":"https:\/\/theo.niranbio.com\/pt-br\/oxido-de-magnesio-grau-alimenticio.html#primaryimage","url":"https:\/\/theo.niranbio.com\/wp-content\/uploads\/2024\/08\/71df54feec2d8f36d3b005d53991cf8.jpg","contentUrl":"https:\/\/theo.niranbio.com\/wp-content\/uploads\/2024\/08\/71df54feec2d8f36d3b005d53991cf8.jpg","width":600,"height":600},{"@type":"BreadcrumbList","@id":"https:\/\/theo.niranbio.com\/pt-br\/oxido-de-magnesio-grau-alimenticio.html#breadcrumb","itemListElement":[{"@type":"ListItem","position":1,"name":"Home","item":"https:\/\/theo.niranbio.com\/pt-br\/"},{"@type":"ListItem","position":2,"name":"Produtos","item":"https:\/\/theo.niranbio.com\/pt-br\/produtos.html"},{"@type":"ListItem","position":3,"name":"Intensificador de Nutri\u00e7\u00e3o","item":"https:\/\/theo.niranbio.com\/pt-br\/produto-intensificador-de-nutricao\/"},{"@type":"ListItem","position":4,"name":"\u00d3xido de magn\u00e9sio &#8211; grau aliment\u00edcio"}]},{"@type":"WebSite","@id":"https:\/\/theo.niranbio.com\/pt-br\/#website","url":"https:\/\/theo.niranbio.com\/pt-br\/","name":"Niranbio Chemical","description":"","publisher":{"@id":"https:\/\/theo.niranbio.com\/pt-br\/#organization"},"potentialAction":[{"@type":"SearchAction","target":{"@type":"EntryPoint","urlTemplate":"https:\/\/theo.niranbio.com\/pt-br\/?s={search_term_string}"},"query-input":{"@type":"PropertyValueSpecification","valueRequired":true,"valueName":"search_term_string"}}],"inLanguage":"pt-BR"},{"@type":"Organization","@id":"https:\/\/theo.niranbio.com\/pt-br\/#organization","name":"Niranbio Chemical","url":"https:\/\/theo.niranbio.com\/pt-br\/","logo":{"@type":"ImageObject","inLanguage":"pt-BR","@id":"https:\/\/theo.niranbio.com\/pt-br\/#\/schema\/logo\/image\/","url":"https:\/\/theo.niranbio.com\/wp-content\/uploads\/2024\/06\/Niranbio.png","contentUrl":"https:\/\/theo.niranbio.com\/wp-content\/uploads\/2024\/06\/Niranbio.png","width":270,"height":100,"caption":"Niranbio Chemical"},"image":{"@id":"https:\/\/theo.niranbio.com\/pt-br\/#\/schema\/logo\/image\/"}}]}},"_links":{"self":[{"href":"https:\/\/theo.niranbio.com\/pt-br\/wp-json\/wp\/v2\/product\/9628","targetHints":{"allow":["GET"]}}],"collection":[{"href":"https:\/\/theo.niranbio.com\/pt-br\/wp-json\/wp\/v2\/product"}],"about":[{"href":"https:\/\/theo.niranbio.com\/pt-br\/wp-json\/wp\/v2\/types\/product"}],"version-history":[{"count":0,"href":"https:\/\/theo.niranbio.com\/pt-br\/wp-json\/wp\/v2\/product\/9628\/revisions"}],"wp:featuredmedia":[{"embeddable":true,"href":"https:\/\/theo.niranbio.com\/pt-br\/wp-json\/wp\/v2\/media\/9312"}],"wp:attachment":[{"href":"https:\/\/theo.niranbio.com\/pt-br\/wp-json\/wp\/v2\/media?parent=9628"}],"wp:term":[{"taxonomy":"product_brand","embeddable":true,"href":"https:\/\/theo.niranbio.com\/pt-br\/wp-json\/wp\/v2\/product_brand?post=9628"},{"taxonomy":"product_cat","embeddable":true,"href":"https:\/\/theo.niranbio.com\/pt-br\/wp-json\/wp\/v2\/product_cat?post=9628"},{"taxonomy":"product_tag","embeddable":true,"href":"https:\/\/theo.niranbio.com\/pt-br\/wp-json\/wp\/v2\/product_tag?post=9628"}],"curies":[{"name":"wp","href":"https:\/\/api.w.org\/{rel}","templated":true}]}}