{"id":9625,"date":"2024-06-20T11:51:43","date_gmt":"2024-06-20T03:51:43","guid":{"rendered":"https:\/\/theo.niranbio.com\/licopeno\/"},"modified":"2024-08-19T11:09:04","modified_gmt":"2024-08-19T03:09:04","slug":"licopeno","status":"publish","type":"product","link":"https:\/\/theo.niranbio.com\/pt-br\/licopeno.html","title":{"rendered":"Licopeno"},"content":{"rendered":"<h2><span class=\"ez-toc-section\" id=\"O_que_e_licopeno\"><\/span>O que \u00e9 licopeno?<span class=\"ez-toc-section-end\"><\/span><\/h2>\n<p>O licopeno \u00e9 um pigmento vermelho e um carotenoide que pode ser encontrado em dietas \u00e0 base de plantas. Parece um pequeno p\u00f3 carmesim. Tem uma a\u00e7\u00e3o antioxidante significativa e \u00e9 amplamente empregado nas ind\u00fastrias de alimentos, cuidados com a sa\u00fade, cosm\u00e9ticos e outras, embora n\u00e3o tenha a atividade fisiol\u00f3gica da vitamina A. Na China, os processos de prepara\u00e7\u00e3o de licopeno de grau aliment\u00edcio incluem principalmente o seguinte: extra\u00e7\u00e3o por solvente, extra\u00e7\u00e3o por fluido supercr\u00edtico, hidr\u00f3lise enzim\u00e1tica e extra\u00e7\u00e3o com \u00e1gua quente.<\/p>\n<p>O licopeno \u00e9 extra\u00eddo usando o m\u00e9todo de extra\u00e7\u00e3o por solvente usando solventes org\u00e2nicos (etanol, n-hexano, etc.). Devido ao seu baixo custo e maturidade, a t\u00e9cnica \u00e9 frequentemente utilizada na ind\u00fastria. No entanto, o m\u00e9todo de extra\u00e7\u00e3o de fluido supercr\u00edtico usa di\u00f3xido de carbono supercr\u00edtico como solvente, que pode extrair licopeno de alta pureza a uma temperatura mais baixa e sem res\u00edduos de solvente, o que o torna gradualmente o principal nos cen\u00e1rios de aplica\u00e7\u00e3o que buscam alta qualidade e prote\u00e7\u00e3o ambiental.<\/p>\n<p>O m\u00e9todo de hidr\u00f3lise enzim\u00e1tica destr\u00f3i a parede celular do tomate por meio da a\u00e7\u00e3o de enzimas espec\u00edficas para melhorar a efici\u00eancia da extra\u00e7\u00e3o e \u00e9 frequentemente usado em combina\u00e7\u00e3o com outros m\u00e9todos de extra\u00e7\u00e3o para otimizar o efeito da extra\u00e7\u00e3o. Embora o m\u00e9todo de extra\u00e7\u00e3o com \u00e1gua quente seja simples de operar, ele geralmente tem baixa efici\u00eancia de extra\u00e7\u00e3o e \u00e9 usado principalmente em pesquisas de laborat\u00f3rio ou produ\u00e7\u00e3o em pequena escala. Em geral, com os crescentes requisitos de alta pureza e prote\u00e7\u00e3o ambiental, a extra\u00e7\u00e3o de fluido supercr\u00edtico tem amplas perspectivas de aplica\u00e7\u00e3o no mercado dom\u00e9stico.<\/p>\n<h2><span class=\"ez-toc-section\" id=\"Dosagem_recomendada\"><\/span>Dosagem recomendada:<span class=\"ez-toc-section-end\"><\/span><\/h2>\n<table>\n<tbody>\n<tr>\n<td>Nome do alimento<\/td>\n<td>Uso m\u00e1ximo (g\/kg)<\/td>\n<\/tr>\n<tr>\n<td>Pasta de tomate<\/td>\n<td>0,5-1,0 g\/kg<\/td>\n<\/tr>\n<tr>\n<td>Suco de tomate<\/td>\n<td>0,1-0,5 g\/kg<\/td>\n<\/tr>\n<tr>\n<td>Concentrado de tomate<\/td>\n<td>0,5-1,0 g\/kg<\/td>\n<\/tr>\n<tr>\n<td>Molho de tomate<\/td>\n<td>0,5-1,0 g\/kg<\/td>\n<\/tr>\n<tr>\n<td>Molho para massas<\/td>\n<td>0,5-1,0 g\/kg<\/td>\n<\/tr>\n<tr>\n<td>Tomates enlatados<\/td>\n<td>0,1-0,5 g\/kg<\/td>\n<\/tr>\n<tr>\n<td>Bebidas de frutas<\/td>\n<td>0,1-0,5 g\/kg<\/td>\n<\/tr>\n<tr>\n<td>Iogurte de frutas<\/td>\n<td>0,1-0,3 g\/kg<\/td>\n<\/tr>\n<tr>\n<td>Doces<\/td>\n<td>0,1-0,3 g\/kg<\/td>\n<\/tr>\n<tr>\n<td>Bebidas energ\u00e9ticas<\/td>\n<td>0,1-0,3 g\/kg<\/td>\n<\/tr>\n<tr>\n<td>Suplementos diet\u00e9ticos<\/td>\n<td>0,1-0,5 g\/kg<\/td>\n<\/tr>\n<tr>\n<td>Barras energ\u00e9ticas<\/td>\n<td>0,1-0,3 g\/kg<\/td>\n<\/tr>\n<tr>\n<td>Milkshakes<\/td>\n<td>0,1-0,3 g\/kg<\/td>\n<\/tr>\n<tr>\n<td>Bebidas proteicas<\/td>\n<td>0,1-0,3 g\/kg<\/td>\n<\/tr>\n<\/tbody>\n<\/table>\n<h2><span class=\"ez-toc-section\" id=\"O_licopeno_tem_uma_ampla_gama_de_usos\"><\/span>O licopeno tem uma ampla gama de usos<span class=\"ez-toc-section-end\"><\/span><\/h2>\n<ol>\n<li>Pigmento natural: o licopeno \u00e9 um pigmento vermelho natural amplamente usado em alimentos e bebidas, fornecendo uma cor vermelha ou rosa que pode aumentar o apelo visual e a competitividade de mercado dos alimentos.<\/li>\n<li>Efeito do antioxidante: o licopeno \u00e9 um antioxidante potente que ajuda a proteger c\u00e9lulas e tecidos do estresse oxidativo, eliminando radicais livres e minimizando os danos \u00e0s c\u00e9lulas. Ele desempenha um papel na preven\u00e7\u00e3o da oxida\u00e7\u00e3o lip\u00eddica e no retardo do envelhecimento dos alimentos, al\u00e9m de ter um efeito positivo na manuten\u00e7\u00e3o da sa\u00fade.<\/li>\n<li>Melhora a estabilidade dos alimentos: As propriedades antioxidantes do licopeno tamb\u00e9m podem ajudar a retardar a oxida\u00e7\u00e3o lip\u00eddica nos alimentos, melhorar a vida \u00fatil e a estabilidade dos alimentos e reduzir a deteriora\u00e7\u00e3o dos alimentos e a gera\u00e7\u00e3o de odores.<\/li>\n<li>Adi\u00e7\u00e3o nutricional: Como um aditivo nutricional, o licopeno \u00e9 frequentemente usado em produtos de sa\u00fade e alimentos funcionais para fornecer valor nutricional adicional e aumentar os benef\u00edcios do produto para a sa\u00fade.<\/li>\n<\/ol>\n<h2><span class=\"ez-toc-section\" id=\"O_usuario_fez_a_seguinte_pergunta\"><\/span>O usu\u00e1rio fez a seguinte pergunta:<span class=\"ez-toc-section-end\"><\/span><\/h2>\n<p>Pergunta: Como est\u00e1 o mercado interno de licopeno de grau aliment\u00edcio? O pre\u00e7o global flutua?<\/p>\n<p>Resposta: At\u00e9 agora, o licopeno de grau aliment\u00edcio tem mostrado uma tend\u00eancia de crescimento constante no mercado interno. A crescente aten\u00e7\u00e3o dos consumidores \u00e0 sa\u00fade e \u00e0 nutri\u00e7\u00e3o natural impulsionou a expans\u00e3o do mercado de alimentos funcionais e produtos de sa\u00fade, entre os quais o licopeno, como um poderoso antioxidante e pigmento natural, recebeu ampla aten\u00e7\u00e3o e aplica\u00e7\u00e3o.<\/p>\n<p>De acordo com dados de pesquisa de mercado, espera-se que as vendas anuais de licopeno de grau aliment\u00edcio no mercado dom\u00e9stico atinjam aproximadamente RMB 1 bilh\u00e3o em 2024, com uma taxa de crescimento anual composta estimada de aproximadamente 15%. Nos \u00faltimos anos, houve algumas oscila\u00e7\u00f5es no pre\u00e7o do licopeno em escala global. Essa flutua\u00e7\u00e3o \u00e9 afetada principalmente por m\u00faltiplos fatores, como produ\u00e7\u00e3o global de tomate, efeitos clim\u00e1ticos, custos de transporte e flutua\u00e7\u00f5es da demanda do mercado. Especificamente, o pre\u00e7o do licopeno pode ser relativamente est\u00e1vel quando a oferta e a demanda est\u00e3o equilibradas, mas pode flutuar no curto prazo quando afetado por fatores imprevis\u00edveis.<\/p>\n","protected":false},"excerpt":{"rendered":"<ul>\n<li>CAS: 502-65-8<\/li>\n<li>F\u00f3rmula qu\u00edmica: C40H56<\/li>\n<li>Certifica\u00e7\u00f5es: KOSHER, ISO, HALAL, FSSC 22000, BRC, etc.<\/li>\n<li>Quantidade m\u00ednima do pedido: 1000KG<\/li>\n<li>Prazo de validade: 2 anos<\/li>\n<\/ul>\n","protected":false},"featured_media":9626,"template":"","meta":{"site-sidebar-layout":"default","site-content-layout":"","ast-site-content-layout":"default","site-content-style":"default","site-sidebar-style":"default","ast-global-header-display":"","ast-banner-title-visibility":"","ast-main-header-display":"","ast-hfb-above-header-display":"","ast-hfb-below-header-display":"","ast-hfb-mobile-header-display":"","site-post-title":"","ast-breadcrumbs-content":"","ast-featured-img":"","footer-sml-layout":"","theme-transparent-header-meta":"default","adv-header-id-meta":"","stick-header-meta":"","header-above-stick-meta":"","header-main-stick-meta":"","header-below-stick-meta":"","astra-migrate-meta-layouts":"set","ast-page-background-enabled":"default","ast-page-background-meta":{"desktop":{"background-color":"var(--ast-global-color-4)","background-image":"","background-repeat":"repeat","background-position":"center center","background-size":"auto","background-attachment":"scroll","background-type":"","background-media":"","overlay-type":"","overlay-color":"","overlay-opacity":"","overlay-gradient":""},"tablet":{"background-color":"","background-image":"","background-repeat":"repeat","background-position":"center center","background-size":"auto","background-attachment":"scroll","background-type":"","background-media":"","overlay-type":"","overlay-color":"","overlay-opacity":"","overlay-gradient":""},"mobile":{"background-color":"","background-image":"","background-repeat":"repeat","background-position":"center center","background-size":"auto","background-attachment":"scroll","background-type":"","background-media":"","overlay-type":"","overlay-color":"","overlay-opacity":"","overlay-gradient":""}},"ast-content-background-meta":{"desktop":{"background-color":"var(--ast-global-color-5)","background-image":"","background-repeat":"repeat","background-position":"center center","background-size":"auto","background-attachment":"scroll","background-type":"","background-media":"","overlay-type":"","overlay-color":"","overlay-opacity":"","overlay-gradient":""},"tablet":{"background-color":"var(--ast-global-color-5)","background-image":"","background-repeat":"repeat","background-position":"center center","background-size":"auto","background-attachment":"scroll","background-type":"","background-media":"","overlay-type":"","overlay-color":"","overlay-opacity":"","overlay-gradient":""},"mobile":{"background-color":"var(--ast-global-color-5)","background-image":"","background-repeat":"repeat","background-position":"center center","background-size":"auto","background-attachment":"scroll","background-type":"","background-media":"","overlay-type":"","overlay-color":"","overlay-opacity":"","overlay-gradient":""}}},"product_brand":[],"product_cat":[83],"product_tag":[],"class_list":{"0":"post-9625","1":"product","2":"type-product","3":"status-publish","4":"has-post-thumbnail","6":"product_cat-corantes-produto","7":"desktop-align-center","8":"tablet-align-left","9":"mobile-align-left","11":"first","12":"instock","13":"shipping-taxable","14":"product-type-simple"},"yoast_head":"<!-- This site is optimized with the Yoast SEO plugin v26.5 - https:\/\/yoast.com\/wordpress\/plugins\/seo\/ -->\n<title>Fabricante De Licopeno Em Po, Licopeno Comprar Pre\u00e7o | Niranbio Chemical<\/title>\n<meta name=\"description\" content=\"Produzimos Licopeno de qualidade alimentar (E160d), um pigmento vermelho natural amplamente utilizado em alimentos e bebidas, proporcionando uma cor vermelha ou rosa.\" \/>\n<meta name=\"robots\" content=\"noindex, follow, max-snippet:-1, max-image-preview:large, max-video-preview:-1\" \/>\n<meta name=\"twitter:label1\" content=\"Est. tempo de leitura\" \/>\n\t<meta name=\"twitter:data1\" content=\"4 minutos\" \/>\n<script type=\"application\/ld+json\" class=\"yoast-schema-graph\">{\"@context\":\"https:\/\/schema.org\",\"@graph\":[{\"@type\":\"WebPage\",\"@id\":\"https:\/\/theo.niranbio.com\/pt-br\/licopeno.html\",\"url\":\"https:\/\/theo.niranbio.com\/pt-br\/licopeno.html\",\"name\":\"Fabricante De Licopeno Em Po, Licopeno Comprar Pre\u00e7o | Niranbio Chemical\",\"isPartOf\":{\"@id\":\"https:\/\/theo.niranbio.com\/pt-br\/#website\"},\"primaryImageOfPage\":{\"@id\":\"https:\/\/theo.niranbio.com\/pt-br\/licopeno.html#primaryimage\"},\"image\":{\"@id\":\"https:\/\/theo.niranbio.com\/pt-br\/licopeno.html#primaryimage\"},\"thumbnailUrl\":\"https:\/\/theo.niranbio.com\/wp-content\/uploads\/2024\/06\/Lycopene.webp\",\"datePublished\":\"2024-06-20T03:51:43+00:00\",\"dateModified\":\"2024-08-19T03:09:04+00:00\",\"description\":\"Produzimos Licopeno de qualidade alimentar (E160d), um pigmento vermelho natural amplamente utilizado em alimentos e bebidas, proporcionando uma cor vermelha ou rosa.\",\"breadcrumb\":{\"@id\":\"https:\/\/theo.niranbio.com\/pt-br\/licopeno.html#breadcrumb\"},\"inLanguage\":\"pt-BR\",\"potentialAction\":[{\"@type\":\"ReadAction\",\"target\":[\"https:\/\/theo.niranbio.com\/pt-br\/licopeno.html\"]}]},{\"@type\":\"ImageObject\",\"inLanguage\":\"pt-BR\",\"@id\":\"https:\/\/theo.niranbio.com\/pt-br\/licopeno.html#primaryimage\",\"url\":\"https:\/\/theo.niranbio.com\/wp-content\/uploads\/2024\/06\/Lycopene.webp\",\"contentUrl\":\"https:\/\/theo.niranbio.com\/wp-content\/uploads\/2024\/06\/Lycopene.webp\",\"width\":600,\"height\":600,\"caption\":\"Licopeno\"},{\"@type\":\"BreadcrumbList\",\"@id\":\"https:\/\/theo.niranbio.com\/pt-br\/licopeno.html#breadcrumb\",\"itemListElement\":[{\"@type\":\"ListItem\",\"position\":1,\"name\":\"Home\",\"item\":\"https:\/\/theo.niranbio.com\/pt-br\/\"},{\"@type\":\"ListItem\",\"position\":2,\"name\":\"Produtos\",\"item\":\"https:\/\/theo.niranbio.com\/pt-br\/produtos.html\"},{\"@type\":\"ListItem\",\"position\":3,\"name\":\"Corantes\",\"item\":\"https:\/\/theo.niranbio.com\/pt-br\/corantes-produto\/\"},{\"@type\":\"ListItem\",\"position\":4,\"name\":\"Licopeno\"}]},{\"@type\":\"WebSite\",\"@id\":\"https:\/\/theo.niranbio.com\/pt-br\/#website\",\"url\":\"https:\/\/theo.niranbio.com\/pt-br\/\",\"name\":\"Niranbio Chemical\",\"description\":\"\",\"publisher\":{\"@id\":\"https:\/\/theo.niranbio.com\/pt-br\/#organization\"},\"potentialAction\":[{\"@type\":\"SearchAction\",\"target\":{\"@type\":\"EntryPoint\",\"urlTemplate\":\"https:\/\/theo.niranbio.com\/pt-br\/?s={search_term_string}\"},\"query-input\":{\"@type\":\"PropertyValueSpecification\",\"valueRequired\":true,\"valueName\":\"search_term_string\"}}],\"inLanguage\":\"pt-BR\"},{\"@type\":\"Organization\",\"@id\":\"https:\/\/theo.niranbio.com\/pt-br\/#organization\",\"name\":\"Niranbio Chemical\",\"url\":\"https:\/\/theo.niranbio.com\/pt-br\/\",\"logo\":{\"@type\":\"ImageObject\",\"inLanguage\":\"pt-BR\",\"@id\":\"https:\/\/theo.niranbio.com\/pt-br\/#\/schema\/logo\/image\/\",\"url\":\"https:\/\/theo.niranbio.com\/wp-content\/uploads\/2024\/06\/Niranbio.png\",\"contentUrl\":\"https:\/\/theo.niranbio.com\/wp-content\/uploads\/2024\/06\/Niranbio.png\",\"width\":270,\"height\":100,\"caption\":\"Niranbio Chemical\"},\"image\":{\"@id\":\"https:\/\/theo.niranbio.com\/pt-br\/#\/schema\/logo\/image\/\"}}]}<\/script>\n<!-- \/ Yoast SEO plugin. -->","yoast_head_json":{"title":"Fabricante De Licopeno Em Po, Licopeno Comprar Pre\u00e7o | Niranbio Chemical","description":"Produzimos Licopeno de qualidade alimentar (E160d), um pigmento vermelho natural amplamente utilizado em alimentos e bebidas, proporcionando uma cor vermelha ou rosa.","robots":{"index":"noindex","follow":"follow","max-snippet":"max-snippet:-1","max-image-preview":"max-image-preview:large","max-video-preview":"max-video-preview:-1"},"twitter_misc":{"Est. tempo de leitura":"4 minutos"},"schema":{"@context":"https:\/\/schema.org","@graph":[{"@type":"WebPage","@id":"https:\/\/theo.niranbio.com\/pt-br\/licopeno.html","url":"https:\/\/theo.niranbio.com\/pt-br\/licopeno.html","name":"Fabricante De Licopeno Em Po, Licopeno Comprar Pre\u00e7o | Niranbio Chemical","isPartOf":{"@id":"https:\/\/theo.niranbio.com\/pt-br\/#website"},"primaryImageOfPage":{"@id":"https:\/\/theo.niranbio.com\/pt-br\/licopeno.html#primaryimage"},"image":{"@id":"https:\/\/theo.niranbio.com\/pt-br\/licopeno.html#primaryimage"},"thumbnailUrl":"https:\/\/theo.niranbio.com\/wp-content\/uploads\/2024\/06\/Lycopene.webp","datePublished":"2024-06-20T03:51:43+00:00","dateModified":"2024-08-19T03:09:04+00:00","description":"Produzimos Licopeno de qualidade alimentar (E160d), um pigmento vermelho natural amplamente utilizado em alimentos e bebidas, proporcionando uma cor vermelha ou rosa.","breadcrumb":{"@id":"https:\/\/theo.niranbio.com\/pt-br\/licopeno.html#breadcrumb"},"inLanguage":"pt-BR","potentialAction":[{"@type":"ReadAction","target":["https:\/\/theo.niranbio.com\/pt-br\/licopeno.html"]}]},{"@type":"ImageObject","inLanguage":"pt-BR","@id":"https:\/\/theo.niranbio.com\/pt-br\/licopeno.html#primaryimage","url":"https:\/\/theo.niranbio.com\/wp-content\/uploads\/2024\/06\/Lycopene.webp","contentUrl":"https:\/\/theo.niranbio.com\/wp-content\/uploads\/2024\/06\/Lycopene.webp","width":600,"height":600,"caption":"Licopeno"},{"@type":"BreadcrumbList","@id":"https:\/\/theo.niranbio.com\/pt-br\/licopeno.html#breadcrumb","itemListElement":[{"@type":"ListItem","position":1,"name":"Home","item":"https:\/\/theo.niranbio.com\/pt-br\/"},{"@type":"ListItem","position":2,"name":"Produtos","item":"https:\/\/theo.niranbio.com\/pt-br\/produtos.html"},{"@type":"ListItem","position":3,"name":"Corantes","item":"https:\/\/theo.niranbio.com\/pt-br\/corantes-produto\/"},{"@type":"ListItem","position":4,"name":"Licopeno"}]},{"@type":"WebSite","@id":"https:\/\/theo.niranbio.com\/pt-br\/#website","url":"https:\/\/theo.niranbio.com\/pt-br\/","name":"Niranbio Chemical","description":"","publisher":{"@id":"https:\/\/theo.niranbio.com\/pt-br\/#organization"},"potentialAction":[{"@type":"SearchAction","target":{"@type":"EntryPoint","urlTemplate":"https:\/\/theo.niranbio.com\/pt-br\/?s={search_term_string}"},"query-input":{"@type":"PropertyValueSpecification","valueRequired":true,"valueName":"search_term_string"}}],"inLanguage":"pt-BR"},{"@type":"Organization","@id":"https:\/\/theo.niranbio.com\/pt-br\/#organization","name":"Niranbio Chemical","url":"https:\/\/theo.niranbio.com\/pt-br\/","logo":{"@type":"ImageObject","inLanguage":"pt-BR","@id":"https:\/\/theo.niranbio.com\/pt-br\/#\/schema\/logo\/image\/","url":"https:\/\/theo.niranbio.com\/wp-content\/uploads\/2024\/06\/Niranbio.png","contentUrl":"https:\/\/theo.niranbio.com\/wp-content\/uploads\/2024\/06\/Niranbio.png","width":270,"height":100,"caption":"Niranbio Chemical"},"image":{"@id":"https:\/\/theo.niranbio.com\/pt-br\/#\/schema\/logo\/image\/"}}]}},"_links":{"self":[{"href":"https:\/\/theo.niranbio.com\/pt-br\/wp-json\/wp\/v2\/product\/9625","targetHints":{"allow":["GET"]}}],"collection":[{"href":"https:\/\/theo.niranbio.com\/pt-br\/wp-json\/wp\/v2\/product"}],"about":[{"href":"https:\/\/theo.niranbio.com\/pt-br\/wp-json\/wp\/v2\/types\/product"}],"version-history":[{"count":0,"href":"https:\/\/theo.niranbio.com\/pt-br\/wp-json\/wp\/v2\/product\/9625\/revisions"}],"wp:featuredmedia":[{"embeddable":true,"href":"https:\/\/theo.niranbio.com\/pt-br\/wp-json\/wp\/v2\/media\/9626"}],"wp:attachment":[{"href":"https:\/\/theo.niranbio.com\/pt-br\/wp-json\/wp\/v2\/media?parent=9625"}],"wp:term":[{"taxonomy":"product_brand","embeddable":true,"href":"https:\/\/theo.niranbio.com\/pt-br\/wp-json\/wp\/v2\/product_brand?post=9625"},{"taxonomy":"product_cat","embeddable":true,"href":"https:\/\/theo.niranbio.com\/pt-br\/wp-json\/wp\/v2\/product_cat?post=9625"},{"taxonomy":"product_tag","embeddable":true,"href":"https:\/\/theo.niranbio.com\/pt-br\/wp-json\/wp\/v2\/product_tag?post=9625"}],"curies":[{"name":"wp","href":"https:\/\/api.w.org\/{rel}","templated":true}]}}