{"id":9619,"date":"2024-06-20T11:54:02","date_gmt":"2024-06-20T03:54:02","guid":{"rendered":"https:\/\/theo.niranbio.com\/%ce%b2-caroteno\/"},"modified":"2024-08-19T11:02:51","modified_gmt":"2024-08-19T03:02:51","slug":"%ce%b2-caroteno","status":"publish","type":"product","link":"https:\/\/theo.niranbio.com\/pt-br\/%CE%B2-caroteno.html","title":{"rendered":"\u03b2 Caroteno"},"content":{"rendered":"<h2><span class=\"ez-toc-section\" id=\"O_que_e_%CE%B2-caroteno\"><\/span>O que \u00e9 \u03b2-caroteno?<span class=\"ez-toc-section-end\"><\/span><\/h2>\n<p>Entre os carotenoides est\u00e1 o \u03b2-caroteno. \u00c9 uma subst\u00e2ncia sol\u00favel em gordura, amarelo-alaranjada. \u00c9 o pigmento mais prevalente e duradouro encontrado na natureza. Sua apar\u00eancia comum \u00e9 p\u00f3 ou l\u00edquido amarelo-alaranjado. Diclorometano, clorof\u00f3rmio e dissulfeto de carbono est\u00e3o entre os solventes org\u00e2nicos nos quais ele se dissolve prontamente. O \u03b2-caroteno encontra amplo uso nos setores de alimentos, ra\u00e7\u00f5es, cosm\u00e9ticos e farmac\u00eauticos. Na China, existem principalmente duas maneiras de preparar \u03b2-caroteno:<\/p>\n<ol>\n<li>Extrair \u03b2-caroteno de plantas naturais, como cenouras e tomates. Esses materiais vegetais s\u00e3o triturados e extra\u00eddos com solventes apropriados (como etanol, n-hexano, etc.) para extrair \u03b2-caroteno e outros nutrientes, e ent\u00e3o extra\u00ed-los por meio de etapas de separa\u00e7\u00e3o e purifica\u00e7\u00e3o, e purific\u00e1-los ainda mais por meio de cromatografia e outras tecnologias para obter \u03b2-caroteno de qualidade alimentar.<\/li>\n<li>Produza \u03b2-caroteno por meio de s\u00edntese qu\u00edmica. Este m\u00e9todo pode garantir a alta pureza e estabilidade do produto e \u00e9 adequado para produ\u00e7\u00e3o industrial em larga escala.<\/li>\n<li>Produza \u03b2-caroteno por meio de bioss\u00edntese usando microrganismos (como Escherichia coli, levedura, etc.) ou tecnologia de engenharia de c\u00e9lulas vegetais. A sustentabilidade e a compatibilidade ambiental dessa abordagem s\u00e3o seus benef\u00edcios.<\/li>\n<\/ol>\n<h2><span class=\"ez-toc-section\" id=\"Dosagem_recomendada\"><\/span>Dosagem recomendada:<span class=\"ez-toc-section-end\"><\/span><\/h2>\n<table>\n<tbody>\n<tr>\n<td>Nome do alimento<\/td>\n<td>Uso m\u00e1ximo (g\/kg)<\/td>\n<\/tr>\n<tr>\n<td>Suco<\/td>\n<td>0,5 &#8211; 1 g\/kg<\/td>\n<\/tr>\n<tr>\n<td>Biscoitos e bolos<\/td>\n<td>0,5 &#8211; 1 g\/kg<\/td>\n<\/tr>\n<tr>\n<td>Temperos e condimentos<\/td>\n<td>0,1 &#8211; 0,5 g\/kg<\/td>\n<\/tr>\n<tr>\n<td>Molhos para salada<\/td>\n<td>0,2 &#8211; 0,5 g\/kg<\/td>\n<\/tr>\n<tr>\n<td>Produtos l\u00e1cteos<\/td>\n<td>0,1 &#8211; 0,3 g\/kg<\/td>\n<\/tr>\n<tr>\n<td>Bebidas<\/td>\n<td>0,1 &#8211; 0,3 g\/kg<\/td>\n<\/tr>\n<tr>\n<td>Produtos de iogurte<\/td>\n<td>0,1 &#8211; 0,3 g\/kg<\/td>\n<\/tr>\n<tr>\n<td>\u00d3leos comest\u00edveis<\/td>\n<td>0,05 &#8211; 0,2 g\/kg<\/td>\n<\/tr>\n<tr>\n<td>Mel e geleia<\/td>\n<td>0,05 &#8211; 0,2 g\/kg<\/td>\n<\/tr>\n<tr>\n<td>Misturas para panifica\u00e7\u00e3o<\/td>\n<td>0,05 &#8211; 0,2 g\/kg<\/td>\n<\/tr>\n<tr>\n<td>Vinagre e molho de soja<\/td>\n<td>0,05 &#8211; 0,2 g\/kg<\/td>\n<\/tr>\n<tr>\n<td>Doces e chocolates<\/td>\n<td>0,05 &#8211; 0,2 g\/kg<\/td>\n<\/tr>\n<tr>\n<td>Alimentos inchados<\/td>\n<td>0,05 &#8211; 0,2 g\/kg<\/td>\n<\/tr>\n<tr>\n<td>Produtos c\u00e1rneos<\/td>\n<td>0,05 &#8211; 0,2 g\/kg<\/td>\n<\/tr>\n<tr>\n<td>Produtos c\u00e1rneos temperados<\/td>\n<td>0,05 &#8211; 0,2 g\/kg<\/td>\n<\/tr>\n<\/tbody>\n<\/table>\n<h2><span class=\"ez-toc-section\" id=\"O_%CE%B2-caroteno_tem_uma_ampla_gama_de_usos\"><\/span>O \u03b2-caroteno tem uma ampla gama de usos<span class=\"ez-toc-section-end\"><\/span><\/h2>\n<ol>\n<li>Na ind\u00fastria aliment\u00edcia, o \u03b2-caroteno \u00e9 amplamente utilizado como pigmento para adicionar laranja ou amarelo aos produtos, aumentando seu apelo visual e competitividade de mercado. Al\u00e9m disso, tamb\u00e9m \u00e9 adicionado a v\u00e1rios alimentos, como sucos, latic\u00ednios, cereais, etc., para aumentar seu valor nutricional.<\/li>\n<li>O forte antioxidante \u03b2-caroteno pode ajudar o corpo a eliminar radicais livres, diminuir os danos que o estresse oxidativo causa \u00e0s c\u00e9lulas, apoiar a manuten\u00e7\u00e3o da fun\u00e7\u00e3o celular normal e adiar o envelhecimento.<\/li>\n<li>O \u03b2-caroteno \u00e9 um precursor do retinol (vitamina A), que pode ser convertido em vitamina A e participar da s\u00edntese de pigmentos da retina, o que \u00e9 essencial para manter a fun\u00e7\u00e3o visual e proteger a sa\u00fade dos olhos.<\/li>\n<li>O \u03b2-caroteno pode melhorar a fun\u00e7\u00e3o do sistema imunol\u00f3gico, ajudar a melhorar a resist\u00eancia do corpo \u00e0 infec\u00e7\u00e3o e reduzir o risco de doen\u00e7as cr\u00f4nicas.<\/li>\n<li>O \u03b2-caroteno pode ajudar a reduzir o n\u00edvel de lip\u00eddios oxidados no sangue, reduzindo o risco de arteriosclerose e doen\u00e7as cardiovasculares.<\/li>\n<\/ol>\n<h2><span class=\"ez-toc-section\" id=\"O_usuario_fez_a_seguinte_pergunta\"><\/span>O usu\u00e1rio fez a seguinte pergunta:<span class=\"ez-toc-section-end\"><\/span><\/h2>\n<p>Pergunta: O \u03b2-caroteno \u00e9 vitamina A ou C?<\/p>\n<p>Resposta: \u03b2-caroteno \u00e9 um precursor da vitamina A, n\u00e3o da vitamina C. No corpo humano, o \u03b2-caroteno pode ser convertido em vitamina A ativa, que \u00e9 um nutriente necess\u00e1rio para manter a sa\u00fade visual, a sa\u00fade da pele, a fun\u00e7\u00e3o imunol\u00f3gica, etc.<\/p>\n<p>Pergunta: At\u00e9 agora, como est\u00e1 o mercado de \u03b2-caroteno de grau aliment\u00edcio no mercado interno? A faixa de pre\u00e7o \u00e9 grande?<\/p>\n<p>Resposta: At\u00e9 agora, o desempenho do \u03b2-caroteno de grau aliment\u00edcio no mercado interno \u00e9 relativamente est\u00e1vel. As flutua\u00e7\u00f5es de pre\u00e7o geralmente s\u00e3o afetadas pela estabilidade do fornecimento de mat\u00e9ria-prima, avan\u00e7os na tecnologia de produ\u00e7\u00e3o e mudan\u00e7as na demanda do mercado. Com a intensifica\u00e7\u00e3o da competi\u00e7\u00e3o da ind\u00fastria e do progresso tecnol\u00f3gico, os custos de produ\u00e7\u00e3o est\u00e3o diminuindo gradualmente, o que ajuda a manter o pre\u00e7o do \u03b2-caroteno relativamente est\u00e1vel.<\/p>\n<div id=\"gtx-trans\" style=\"position: absolute; left: 274px; top: -1px;\">\n<div class=\"gtx-trans-icon\"><\/div>\n<\/div>\n","protected":false},"excerpt":{"rendered":"<ul>\n<li>CAS: 7235-40-7<\/li>\n<li>F\u00f3rmula qu\u00edmica: C40H56<\/li>\n<li>Certifica\u00e7\u00f5es: KOSHER, ISO, HALAL, FSSC 22000, BRC, etc.<\/li>\n<li>Quantidade m\u00ednima do pedido: 1000KG<\/li>\n<li>Prazo de validade: 2 anos<\/li>\n<\/ul>\n","protected":false},"featured_media":9620,"template":"","meta":{"site-sidebar-layout":"default","site-content-layout":"","ast-site-content-layout":"default","site-content-style":"default","site-sidebar-style":"default","ast-global-header-display":"","ast-banner-title-visibility":"","ast-main-header-display":"","ast-hfb-above-header-display":"","ast-hfb-below-header-display":"","ast-hfb-mobile-header-display":"","site-post-title":"","ast-breadcrumbs-content":"","ast-featured-img":"","footer-sml-layout":"","theme-transparent-header-meta":"default","adv-header-id-meta":"","stick-header-meta":"","header-above-stick-meta":"","header-main-stick-meta":"","header-below-stick-meta":"","astra-migrate-meta-layouts":"set","ast-page-background-enabled":"default","ast-page-background-meta":{"desktop":{"background-color":"var(--ast-global-color-4)","background-image":"","background-repeat":"repeat","background-position":"center center","background-size":"auto","background-attachment":"scroll","background-type":"","background-media":"","overlay-type":"","overlay-color":"","overlay-opacity":"","overlay-gradient":""},"tablet":{"background-color":"","background-image":"","background-repeat":"repeat","background-position":"center center","background-size":"auto","background-attachment":"scroll","background-type":"","background-media":"","overlay-type":"","overlay-color":"","overlay-opacity":"","overlay-gradient":""},"mobile":{"background-color":"","background-image":"","background-repeat":"repeat","background-position":"center center","background-size":"auto","background-attachment":"scroll","background-type":"","background-media":"","overlay-type":"","overlay-color":"","overlay-opacity":"","overlay-gradient":""}},"ast-content-background-meta":{"desktop":{"background-color":"var(--ast-global-color-5)","background-image":"","background-repeat":"repeat","background-position":"center center","background-size":"auto","background-attachment":"scroll","background-type":"","background-media":"","overlay-type":"","overlay-color":"","overlay-opacity":"","overlay-gradient":""},"tablet":{"background-color":"var(--ast-global-color-5)","background-image":"","background-repeat":"repeat","background-position":"center center","background-size":"auto","background-attachment":"scroll","background-type":"","background-media":"","overlay-type":"","overlay-color":"","overlay-opacity":"","overlay-gradient":""},"mobile":{"background-color":"var(--ast-global-color-5)","background-image":"","background-repeat":"repeat","background-position":"center center","background-size":"auto","background-attachment":"scroll","background-type":"","background-media":"","overlay-type":"","overlay-color":"","overlay-opacity":"","overlay-gradient":""}}},"product_brand":[],"product_cat":[83],"product_tag":[],"class_list":{"0":"post-9619","1":"product","2":"type-product","3":"status-publish","4":"has-post-thumbnail","6":"product_cat-corantes-produto","7":"desktop-align-center","8":"tablet-align-left","9":"mobile-align-left","11":"first","12":"instock","13":"shipping-taxable","14":"product-type-simple"},"yoast_head":"<!-- This site is optimized with the Yoast SEO plugin v26.5 - https:\/\/yoast.com\/wordpress\/plugins\/seo\/ -->\n<title>Fornecedores de \u03b2 Caroteno, Comprar Beta Caroteno | Niranbio Chemical<\/title>\n<meta name=\"description\" content=\"Fabricamos Beta Caroteno de grau aliment\u00edcio (E160a), oferecendo pureza e pot\u00eancia superiores para suplementos alimentares e aplica\u00e7\u00f5es aliment\u00edcias, tudo a pre\u00e7os competitivos.\" \/>\n<meta name=\"robots\" content=\"noindex, follow, max-snippet:-1, max-image-preview:large, max-video-preview:-1\" \/>\n<meta name=\"twitter:label1\" content=\"Est. tempo de leitura\" \/>\n\t<meta name=\"twitter:data1\" content=\"3 minutos\" \/>\n<script type=\"application\/ld+json\" class=\"yoast-schema-graph\">{\"@context\":\"https:\/\/schema.org\",\"@graph\":[{\"@type\":\"WebPage\",\"@id\":\"https:\/\/theo.niranbio.com\/pt-br\/%CE%B2-caroteno.html\",\"url\":\"https:\/\/theo.niranbio.com\/pt-br\/%CE%B2-caroteno.html\",\"name\":\"Fornecedores de \u03b2 Caroteno, Comprar Beta Caroteno | Niranbio Chemical\",\"isPartOf\":{\"@id\":\"https:\/\/theo.niranbio.com\/pt-br\/#website\"},\"primaryImageOfPage\":{\"@id\":\"https:\/\/theo.niranbio.com\/pt-br\/%CE%B2-caroteno.html#primaryimage\"},\"image\":{\"@id\":\"https:\/\/theo.niranbio.com\/pt-br\/%CE%B2-caroteno.html#primaryimage\"},\"thumbnailUrl\":\"https:\/\/theo.niranbio.com\/wp-content\/uploads\/2024\/06\/B-Carotene.webp\",\"datePublished\":\"2024-06-20T03:54:02+00:00\",\"dateModified\":\"2024-08-19T03:02:51+00:00\",\"description\":\"Fabricamos Beta Caroteno de grau aliment\u00edcio (E160a), oferecendo pureza e pot\u00eancia superiores para suplementos alimentares e aplica\u00e7\u00f5es aliment\u00edcias, tudo a pre\u00e7os competitivos.\",\"breadcrumb\":{\"@id\":\"https:\/\/theo.niranbio.com\/pt-br\/%CE%B2-caroteno.html#breadcrumb\"},\"inLanguage\":\"pt-BR\",\"potentialAction\":[{\"@type\":\"ReadAction\",\"target\":[\"https:\/\/theo.niranbio.com\/pt-br\/%CE%B2-caroteno.html\"]}]},{\"@type\":\"ImageObject\",\"inLanguage\":\"pt-BR\",\"@id\":\"https:\/\/theo.niranbio.com\/pt-br\/%CE%B2-caroteno.html#primaryimage\",\"url\":\"https:\/\/theo.niranbio.com\/wp-content\/uploads\/2024\/06\/B-Carotene.webp\",\"contentUrl\":\"https:\/\/theo.niranbio.com\/wp-content\/uploads\/2024\/06\/B-Carotene.webp\",\"width\":600,\"height\":600,\"caption\":\"B-caroteno\"},{\"@type\":\"BreadcrumbList\",\"@id\":\"https:\/\/theo.niranbio.com\/pt-br\/%CE%B2-caroteno.html#breadcrumb\",\"itemListElement\":[{\"@type\":\"ListItem\",\"position\":1,\"name\":\"Home\",\"item\":\"https:\/\/theo.niranbio.com\/pt-br\/\"},{\"@type\":\"ListItem\",\"position\":2,\"name\":\"Produtos\",\"item\":\"https:\/\/theo.niranbio.com\/pt-br\/produtos.html\"},{\"@type\":\"ListItem\",\"position\":3,\"name\":\"Corantes\",\"item\":\"https:\/\/theo.niranbio.com\/pt-br\/corantes-produto\/\"},{\"@type\":\"ListItem\",\"position\":4,\"name\":\"\u03b2 Caroteno\"}]},{\"@type\":\"WebSite\",\"@id\":\"https:\/\/theo.niranbio.com\/pt-br\/#website\",\"url\":\"https:\/\/theo.niranbio.com\/pt-br\/\",\"name\":\"Niranbio Chemical\",\"description\":\"\",\"publisher\":{\"@id\":\"https:\/\/theo.niranbio.com\/pt-br\/#organization\"},\"potentialAction\":[{\"@type\":\"SearchAction\",\"target\":{\"@type\":\"EntryPoint\",\"urlTemplate\":\"https:\/\/theo.niranbio.com\/pt-br\/?s={search_term_string}\"},\"query-input\":{\"@type\":\"PropertyValueSpecification\",\"valueRequired\":true,\"valueName\":\"search_term_string\"}}],\"inLanguage\":\"pt-BR\"},{\"@type\":\"Organization\",\"@id\":\"https:\/\/theo.niranbio.com\/pt-br\/#organization\",\"name\":\"Niranbio Chemical\",\"url\":\"https:\/\/theo.niranbio.com\/pt-br\/\",\"logo\":{\"@type\":\"ImageObject\",\"inLanguage\":\"pt-BR\",\"@id\":\"https:\/\/theo.niranbio.com\/pt-br\/#\/schema\/logo\/image\/\",\"url\":\"https:\/\/theo.niranbio.com\/wp-content\/uploads\/2024\/06\/Niranbio.png\",\"contentUrl\":\"https:\/\/theo.niranbio.com\/wp-content\/uploads\/2024\/06\/Niranbio.png\",\"width\":270,\"height\":100,\"caption\":\"Niranbio Chemical\"},\"image\":{\"@id\":\"https:\/\/theo.niranbio.com\/pt-br\/#\/schema\/logo\/image\/\"}}]}<\/script>\n<!-- \/ Yoast SEO plugin. -->","yoast_head_json":{"title":"Fornecedores de \u03b2 Caroteno, Comprar Beta Caroteno | Niranbio Chemical","description":"Fabricamos Beta Caroteno de grau aliment\u00edcio (E160a), oferecendo pureza e pot\u00eancia superiores para suplementos alimentares e aplica\u00e7\u00f5es aliment\u00edcias, tudo a pre\u00e7os competitivos.","robots":{"index":"noindex","follow":"follow","max-snippet":"max-snippet:-1","max-image-preview":"max-image-preview:large","max-video-preview":"max-video-preview:-1"},"twitter_misc":{"Est. tempo de leitura":"3 minutos"},"schema":{"@context":"https:\/\/schema.org","@graph":[{"@type":"WebPage","@id":"https:\/\/theo.niranbio.com\/pt-br\/%CE%B2-caroteno.html","url":"https:\/\/theo.niranbio.com\/pt-br\/%CE%B2-caroteno.html","name":"Fornecedores de \u03b2 Caroteno, Comprar Beta Caroteno | Niranbio Chemical","isPartOf":{"@id":"https:\/\/theo.niranbio.com\/pt-br\/#website"},"primaryImageOfPage":{"@id":"https:\/\/theo.niranbio.com\/pt-br\/%CE%B2-caroteno.html#primaryimage"},"image":{"@id":"https:\/\/theo.niranbio.com\/pt-br\/%CE%B2-caroteno.html#primaryimage"},"thumbnailUrl":"https:\/\/theo.niranbio.com\/wp-content\/uploads\/2024\/06\/B-Carotene.webp","datePublished":"2024-06-20T03:54:02+00:00","dateModified":"2024-08-19T03:02:51+00:00","description":"Fabricamos Beta Caroteno de grau aliment\u00edcio (E160a), oferecendo pureza e pot\u00eancia superiores para suplementos alimentares e aplica\u00e7\u00f5es aliment\u00edcias, tudo a pre\u00e7os competitivos.","breadcrumb":{"@id":"https:\/\/theo.niranbio.com\/pt-br\/%CE%B2-caroteno.html#breadcrumb"},"inLanguage":"pt-BR","potentialAction":[{"@type":"ReadAction","target":["https:\/\/theo.niranbio.com\/pt-br\/%CE%B2-caroteno.html"]}]},{"@type":"ImageObject","inLanguage":"pt-BR","@id":"https:\/\/theo.niranbio.com\/pt-br\/%CE%B2-caroteno.html#primaryimage","url":"https:\/\/theo.niranbio.com\/wp-content\/uploads\/2024\/06\/B-Carotene.webp","contentUrl":"https:\/\/theo.niranbio.com\/wp-content\/uploads\/2024\/06\/B-Carotene.webp","width":600,"height":600,"caption":"B-caroteno"},{"@type":"BreadcrumbList","@id":"https:\/\/theo.niranbio.com\/pt-br\/%CE%B2-caroteno.html#breadcrumb","itemListElement":[{"@type":"ListItem","position":1,"name":"Home","item":"https:\/\/theo.niranbio.com\/pt-br\/"},{"@type":"ListItem","position":2,"name":"Produtos","item":"https:\/\/theo.niranbio.com\/pt-br\/produtos.html"},{"@type":"ListItem","position":3,"name":"Corantes","item":"https:\/\/theo.niranbio.com\/pt-br\/corantes-produto\/"},{"@type":"ListItem","position":4,"name":"\u03b2 Caroteno"}]},{"@type":"WebSite","@id":"https:\/\/theo.niranbio.com\/pt-br\/#website","url":"https:\/\/theo.niranbio.com\/pt-br\/","name":"Niranbio Chemical","description":"","publisher":{"@id":"https:\/\/theo.niranbio.com\/pt-br\/#organization"},"potentialAction":[{"@type":"SearchAction","target":{"@type":"EntryPoint","urlTemplate":"https:\/\/theo.niranbio.com\/pt-br\/?s={search_term_string}"},"query-input":{"@type":"PropertyValueSpecification","valueRequired":true,"valueName":"search_term_string"}}],"inLanguage":"pt-BR"},{"@type":"Organization","@id":"https:\/\/theo.niranbio.com\/pt-br\/#organization","name":"Niranbio Chemical","url":"https:\/\/theo.niranbio.com\/pt-br\/","logo":{"@type":"ImageObject","inLanguage":"pt-BR","@id":"https:\/\/theo.niranbio.com\/pt-br\/#\/schema\/logo\/image\/","url":"https:\/\/theo.niranbio.com\/wp-content\/uploads\/2024\/06\/Niranbio.png","contentUrl":"https:\/\/theo.niranbio.com\/wp-content\/uploads\/2024\/06\/Niranbio.png","width":270,"height":100,"caption":"Niranbio Chemical"},"image":{"@id":"https:\/\/theo.niranbio.com\/pt-br\/#\/schema\/logo\/image\/"}}]}},"_links":{"self":[{"href":"https:\/\/theo.niranbio.com\/pt-br\/wp-json\/wp\/v2\/product\/9619","targetHints":{"allow":["GET"]}}],"collection":[{"href":"https:\/\/theo.niranbio.com\/pt-br\/wp-json\/wp\/v2\/product"}],"about":[{"href":"https:\/\/theo.niranbio.com\/pt-br\/wp-json\/wp\/v2\/types\/product"}],"version-history":[{"count":0,"href":"https:\/\/theo.niranbio.com\/pt-br\/wp-json\/wp\/v2\/product\/9619\/revisions"}],"wp:featuredmedia":[{"embeddable":true,"href":"https:\/\/theo.niranbio.com\/pt-br\/wp-json\/wp\/v2\/media\/9620"}],"wp:attachment":[{"href":"https:\/\/theo.niranbio.com\/pt-br\/wp-json\/wp\/v2\/media?parent=9619"}],"wp:term":[{"taxonomy":"product_brand","embeddable":true,"href":"https:\/\/theo.niranbio.com\/pt-br\/wp-json\/wp\/v2\/product_brand?post=9619"},{"taxonomy":"product_cat","embeddable":true,"href":"https:\/\/theo.niranbio.com\/pt-br\/wp-json\/wp\/v2\/product_cat?post=9619"},{"taxonomy":"product_tag","embeddable":true,"href":"https:\/\/theo.niranbio.com\/pt-br\/wp-json\/wp\/v2\/product_tag?post=9619"}],"curies":[{"name":"wp","href":"https:\/\/api.w.org\/{rel}","templated":true}]}}