{"id":9572,"date":"2024-06-20T11:20:52","date_gmt":"2024-06-20T03:20:52","guid":{"rendered":"https:\/\/theo.niranbio.com\/gos-galactooligossacarideo\/"},"modified":"2024-08-16T15:25:45","modified_gmt":"2024-08-16T07:25:45","slug":"gos-galactooligossacarideo","status":"publish","type":"product","link":"https:\/\/theo.niranbio.com\/pt-br\/gos-galactooligossacarideo.html","title":{"rendered":"GOS-Galactooligossacar\u00eddeo"},"content":{"rendered":"<h2><span class=\"ez-toc-section\" id=\"O_que_e_Galacto-oligossacarideo\"><\/span>O que \u00e9 Galacto-oligossacar\u00eddeo?<span class=\"ez-toc-section-end\"><\/span><\/h2>\n<p>Um oligossacar\u00eddeo \u00fatil com qualidades inerentes \u00e9 o galacto-oligossacar\u00eddeo. \u00c9 um p\u00f3 cristalino branco com uma estrutura qu\u00edmica que consiste de um a sete grupos galactose ligados a mol\u00e9culas de glicose ou galactose. Existem dois processos principais de prepara\u00e7\u00e3o para galacto-oligossacar\u00eddeo:<\/p>\n<ol>\n<li>Na produ\u00e7\u00e3o de galacto-oligossacar\u00eddeos (GOS), o m\u00e9todo enzim\u00e1tico \u00e9 o processo principal. Este m\u00e9todo usa galactosidase para converter lactose em galacto-oligossacar\u00eddeos, que tem as vantagens de alta efici\u00eancia, boa seletividade e respeito ao meio ambiente. Durante o processo de produ\u00e7\u00e3o, a lactose reage com enzimas sob condi\u00e7\u00f5es espec\u00edficas de temperatura e pH para gerar galacto-oligossacar\u00eddeos, que s\u00e3o ent\u00e3o separados e purificados por centrifuga\u00e7\u00e3o, cromatografia e outras t\u00e9cnicas. Este m\u00e9todo \u00e9 amplamente utilizado na produ\u00e7\u00e3o industrial porque pode controlar eficientemente a pureza e o comprimento da cadeia do produto.<\/li>\n<li>O m\u00e9todo qu\u00edmico gera principalmente galacto-oligossacar\u00eddeos por meio de rea\u00e7\u00f5es qu\u00edmicas, geralmente envolvendo rea\u00e7\u00f5es de glicosila\u00e7\u00e3o catalisadas por \u00e1cido. Este m\u00e9todo \u00e9 mais comum em escala laboratorial e aplica\u00e7\u00f5es espec\u00edficas, mas relativamente raro em aplica\u00e7\u00f5es industriais devido \u00e0s suas condi\u00e7\u00f5es complexas de rea\u00e7\u00e3o e alto custo. Em geral, o m\u00e9todo de cat\u00e1lise enzim\u00e1tica \u00e9 o m\u00e9todo principal na produ\u00e7\u00e3o de galacto-oligossacar\u00eddeos devido ao seu processo maduro, alta qualidade do produto e bom desempenho ambiental.<\/li>\n<\/ol>\n<h2><span class=\"ez-toc-section\" id=\"Dosagem_recomendada\"><\/span>Dosagem recomendada:<span class=\"ez-toc-section-end\"><\/span><\/h2>\n<table>\n<tbody>\n<tr>\n<td><strong>Nome do alimento<\/strong><\/td>\n<td><strong>Uso m\u00e1ximo (g\/kg)<\/strong><\/td>\n<\/tr>\n<tr>\n<td>Bebidas funcionais<\/td>\n<td>2-5 g\/kg<\/td>\n<\/tr>\n<tr>\n<td>Iogurte<\/td>\n<td>2-6 g\/kg<\/td>\n<\/tr>\n<tr>\n<td>Produtos l\u00e1cteos<\/td>\n<td>1-3 g\/kg<\/td>\n<\/tr>\n<tr>\n<td>Bebidas com baixo teor de a\u00e7\u00facar<\/td>\n<td>3-6 g\/kg<\/td>\n<\/tr>\n<tr>\n<td>Bebidas \u00e0 base de suco<\/td>\n<td>3-5 g\/kg<\/td>\n<\/tr>\n<tr>\n<td>Molhos<\/td>\n<td>1-2 g\/kg<\/td>\n<\/tr>\n<tr>\n<td>Produtos de panifica\u00e7\u00e3o<\/td>\n<td>2-5 g\/kg<\/td>\n<\/tr>\n<tr>\n<td>Chocolate e doces<\/td>\n<td>1-2 g\/kg<\/td>\n<\/tr>\n<tr>\n<td>Alimentos fermentados<\/td>\n<td>1-2 g\/kg<\/td>\n<\/tr>\n<\/tbody>\n<\/table>\n<h2><span class=\"ez-toc-section\" id=\"Galactooligossacarideo_tem_uma_ampla_gama_de_usos\"><\/span>Galactooligossacar\u00eddeo tem uma ampla gama de usos<span class=\"ez-toc-section-end\"><\/span><\/h2>\n<ol>\n<li>Efeito prebi\u00f3tico: Galacto-oligossacar\u00eddeos agem como prebi\u00f3ticos no trato digestivo. Eles previnem a dissemina\u00e7\u00e3o de bact\u00e9rias patog\u00eanicas enquanto promovem o desenvolvimento e a atividade de bact\u00e9rias boas (como lactobacilos e bifidobact\u00e9rias). Esse efeito ajuda a melhorar o equil\u00edbrio da microecologia intestinal, apoia a sa\u00fade digestiva e fortalece o sistema imunol\u00f3gico.<\/li>\n<li>Melhora a sa\u00fade intestinal: GOS pode aumentar o volume das fezes e promover o peristaltismo intestinal, melhorando assim a constipa\u00e7\u00e3o. Ele produz \u00e1cidos graxos de cadeia curta e estimula o crescimento de probi\u00f3ticos, ambos contribuindo para a manuten\u00e7\u00e3o de um ambiente intestinal saud\u00e1vel. \u00c1cidos graxos de cadeia curta melhoram a fun\u00e7\u00e3o da barreira intestinal e apoiam a integridade da mucosa intestinal.<\/li>\n<li>Melhora a absor\u00e7\u00e3o de minerais: Pesquisas indicaram que galacto-oligossacar\u00eddeos t\u00eam o potencial de melhorar a absor\u00e7\u00e3o de minerais como magn\u00e9sio e c\u00e1lcio, particularmente em adultos mais velhos e crian\u00e7as. Isso ajuda a melhorar a sa\u00fade \u00f3ssea e reduzir o risco de osteoporose.<\/li>\n<li>Regular a fun\u00e7\u00e3o imunol\u00f3gica: GOS pode regular indiretamente o sistema imunol\u00f3gico aumentando o n\u00famero e a atividade de probi\u00f3ticos intestinais. Pode estimular o sistema imunol\u00f3gico relacionado ao intestino (como c\u00e9lulas imunol\u00f3gicas intestinais), melhorar a capacidade de resposta imunol\u00f3gica do corpo e reduzir o risco de infec\u00e7\u00e3o e inflama\u00e7\u00e3o.<\/li>\n<li>N\u00edveis mais baixos de a\u00e7\u00facar no sangue e colesterol: Galacto-oligossacar\u00eddeos s\u00e3o fermentados no intestino para produzir \u00e1cidos graxos de cadeia curta, que podem ajudar a regular os n\u00edveis de a\u00e7\u00facar no sangue e reduzir os lip\u00eddios no sangue. Ao melhorar a sensibilidade \u00e0 insulina e reduzir os n\u00edveis de colesterol, o GOS ajuda a reduzir o risco de diabetes e doen\u00e7as cardiovasculares.<\/li>\n<\/ol>\n<h2><span class=\"ez-toc-section\" id=\"Pergunta_feita_pelo_usuario\"><\/span>Pergunta feita pelo usu\u00e1rio:<span class=\"ez-toc-section-end\"><\/span><\/h2>\n<p>Pergunta: Os humanos podem digerir Galacto-oligossacar\u00eddeo?<\/p>\n<p>Resposta: Galacto-oligossacar\u00eddeo (GOS) n\u00e3o pode ser completamente digerido no sistema digestivo humano devido \u00e0 sua composi\u00e7\u00e3o estrutural, o que o impede de ser completamente metabolizado pelas enzimas digestivas no intestino delgado. Uma vez no intestino grosso, o galacto-oligossacar\u00eddeo n\u00e3o digerido \u00e9 fermentado pelos probi\u00f3ticos do intestino para criar g\u00e1s e \u00e1cidos graxos de cadeia curta.<\/p>\n<p>Esse processo n\u00e3o apenas promove a sa\u00fade do microbioma intestinal, mas tamb\u00e9m promove a fun\u00e7\u00e3o intestinal normal e melhora a constipa\u00e7\u00e3o e a fun\u00e7\u00e3o imunol\u00f3gica intestinal, de modo que o galacto-oligossacar\u00eddeo desempenha um papel importante na manuten\u00e7\u00e3o da sa\u00fade intestinal como um prebi\u00f3tico.<\/p>\n<div id=\"gtx-trans\" style=\"position: absolute; left: 344px; top: 164.922px;\">\n<div class=\"gtx-trans-icon\"><\/div>\n<\/div>\n","protected":false},"excerpt":{"rendered":"<ul>\n<li>N\u00famero CAS: 6587-31-1<\/li>\n<li>Certifica\u00e7\u00f5es: KOSHER, ISO, HALAL, FSSC22000, BRC, etc.<\/li>\n<li>Quantidade m\u00ednima do pedido: 1000KG<\/li>\n<li>Prazo de validade: 2 anos<\/li>\n<\/ul>\n<div id=\"gtx-trans\" style=\"position: absolute; left: 12px; top: 104.406px;\">\n<div class=\"gtx-trans-icon\"><\/div>\n<\/div>\n","protected":false},"featured_media":8094,"template":"","meta":{"site-sidebar-layout":"default","site-content-layout":"","ast-site-content-layout":"default","site-content-style":"default","site-sidebar-style":"default","ast-global-header-display":"","ast-banner-title-visibility":"","ast-main-header-display":"","ast-hfb-above-header-display":"","ast-hfb-below-header-display":"","ast-hfb-mobile-header-display":"","site-post-title":"","ast-breadcrumbs-content":"","ast-featured-img":"","footer-sml-layout":"","theme-transparent-header-meta":"default","adv-header-id-meta":"","stick-header-meta":"","header-above-stick-meta":"","header-main-stick-meta":"","header-below-stick-meta":"","astra-migrate-meta-layouts":"set","ast-page-background-enabled":"default","ast-page-background-meta":{"desktop":{"background-color":"var(--ast-global-color-4)","background-image":"","background-repeat":"repeat","background-position":"center center","background-size":"auto","background-attachment":"scroll","background-type":"","background-media":"","overlay-type":"","overlay-color":"","overlay-opacity":"","overlay-gradient":""},"tablet":{"background-color":"","background-image":"","background-repeat":"repeat","background-position":"center center","background-size":"auto","background-attachment":"scroll","background-type":"","background-media":"","overlay-type":"","overlay-color":"","overlay-opacity":"","overlay-gradient":""},"mobile":{"background-color":"","background-image":"","background-repeat":"repeat","background-position":"center center","background-size":"auto","background-attachment":"scroll","background-type":"","background-media":"","overlay-type":"","overlay-color":"","overlay-opacity":"","overlay-gradient":""}},"ast-content-background-meta":{"desktop":{"background-color":"var(--ast-global-color-5)","background-image":"","background-repeat":"repeat","background-position":"center center","background-size":"auto","background-attachment":"scroll","background-type":"","background-media":"","overlay-type":"","overlay-color":"","overlay-opacity":"","overlay-gradient":""},"tablet":{"background-color":"var(--ast-global-color-5)","background-image":"","background-repeat":"repeat","background-position":"center center","background-size":"auto","background-attachment":"scroll","background-type":"","background-media":"","overlay-type":"","overlay-color":"","overlay-opacity":"","overlay-gradient":""},"mobile":{"background-color":"var(--ast-global-color-5)","background-image":"","background-repeat":"repeat","background-position":"center center","background-size":"auto","background-attachment":"scroll","background-type":"","background-media":"","overlay-type":"","overlay-color":"","overlay-opacity":"","overlay-gradient":""}}},"product_brand":[],"product_cat":[77],"product_tag":[],"class_list":{"0":"post-9572","1":"product","2":"type-product","3":"status-publish","4":"has-post-thumbnail","6":"product_cat-produto-adocante","7":"desktop-align-center","8":"tablet-align-left","9":"mobile-align-left","11":"first","12":"instock","13":"shipping-taxable","14":"product-type-simple"},"yoast_head":"<!-- This site is optimized with the Yoast SEO plugin v26.5 - https:\/\/yoast.com\/wordpress\/plugins\/seo\/ -->\n<title>Fornecedor de P\u00f3 de Galacto-oligossacar\u00eddeo | Niranbio Chemical<\/title>\n<meta name=\"description\" content=\"Nosso galacto-oligossacar\u00eddeo \u00e9 um p\u00f3 cristalino branco que oferece excelente pureza e funcionalidade para suplementos alimentares e alimentos funcionais.\" \/>\n<meta name=\"robots\" content=\"noindex, follow, max-snippet:-1, max-image-preview:large, max-video-preview:-1\" \/>\n<meta name=\"twitter:label1\" content=\"Est. tempo de leitura\" \/>\n\t<meta name=\"twitter:data1\" content=\"3 minutos\" \/>\n<script type=\"application\/ld+json\" class=\"yoast-schema-graph\">{\"@context\":\"https:\/\/schema.org\",\"@graph\":[{\"@type\":\"WebPage\",\"@id\":\"https:\/\/theo.niranbio.com\/pt-br\/gos-galactooligossacarideo.html\",\"url\":\"https:\/\/theo.niranbio.com\/pt-br\/gos-galactooligossacarideo.html\",\"name\":\"Fornecedor de P\u00f3 de Galacto-oligossacar\u00eddeo | Niranbio Chemical\",\"isPartOf\":{\"@id\":\"https:\/\/theo.niranbio.com\/pt-br\/#website\"},\"primaryImageOfPage\":{\"@id\":\"https:\/\/theo.niranbio.com\/pt-br\/gos-galactooligossacarideo.html#primaryimage\"},\"image\":{\"@id\":\"https:\/\/theo.niranbio.com\/pt-br\/gos-galactooligossacarideo.html#primaryimage\"},\"thumbnailUrl\":\"https:\/\/theo.niranbio.com\/wp-content\/uploads\/2024\/06\/GOS-Galactooligosaccharide.webp\",\"datePublished\":\"2024-06-20T03:20:52+00:00\",\"dateModified\":\"2024-08-16T07:25:45+00:00\",\"description\":\"Nosso galacto-oligossacar\u00eddeo \u00e9 um p\u00f3 cristalino branco que oferece excelente pureza e funcionalidade para suplementos alimentares e alimentos funcionais.\",\"breadcrumb\":{\"@id\":\"https:\/\/theo.niranbio.com\/pt-br\/gos-galactooligossacarideo.html#breadcrumb\"},\"inLanguage\":\"pt-BR\",\"potentialAction\":[{\"@type\":\"ReadAction\",\"target\":[\"https:\/\/theo.niranbio.com\/pt-br\/gos-galactooligossacarideo.html\"]}]},{\"@type\":\"ImageObject\",\"inLanguage\":\"pt-BR\",\"@id\":\"https:\/\/theo.niranbio.com\/pt-br\/gos-galactooligossacarideo.html#primaryimage\",\"url\":\"https:\/\/theo.niranbio.com\/wp-content\/uploads\/2024\/06\/GOS-Galactooligosaccharide.webp\",\"contentUrl\":\"https:\/\/theo.niranbio.com\/wp-content\/uploads\/2024\/06\/GOS-Galactooligosaccharide.webp\",\"width\":600,\"height\":600,\"caption\":\"GOS-Galactooligossacar\u00eddeo\"},{\"@type\":\"BreadcrumbList\",\"@id\":\"https:\/\/theo.niranbio.com\/pt-br\/gos-galactooligossacarideo.html#breadcrumb\",\"itemListElement\":[{\"@type\":\"ListItem\",\"position\":1,\"name\":\"Home\",\"item\":\"https:\/\/theo.niranbio.com\/pt-br\/\"},{\"@type\":\"ListItem\",\"position\":2,\"name\":\"Produtos\",\"item\":\"https:\/\/theo.niranbio.com\/pt-br\/produtos.html\"},{\"@type\":\"ListItem\",\"position\":3,\"name\":\"Ado\u00e7antes\",\"item\":\"https:\/\/theo.niranbio.com\/pt-br\/produto-adocante\/\"},{\"@type\":\"ListItem\",\"position\":4,\"name\":\"GOS-Galactooligossacar\u00eddeo\"}]},{\"@type\":\"WebSite\",\"@id\":\"https:\/\/theo.niranbio.com\/pt-br\/#website\",\"url\":\"https:\/\/theo.niranbio.com\/pt-br\/\",\"name\":\"Niranbio Chemical\",\"description\":\"\",\"publisher\":{\"@id\":\"https:\/\/theo.niranbio.com\/pt-br\/#organization\"},\"potentialAction\":[{\"@type\":\"SearchAction\",\"target\":{\"@type\":\"EntryPoint\",\"urlTemplate\":\"https:\/\/theo.niranbio.com\/pt-br\/?s={search_term_string}\"},\"query-input\":{\"@type\":\"PropertyValueSpecification\",\"valueRequired\":true,\"valueName\":\"search_term_string\"}}],\"inLanguage\":\"pt-BR\"},{\"@type\":\"Organization\",\"@id\":\"https:\/\/theo.niranbio.com\/pt-br\/#organization\",\"name\":\"Niranbio Chemical\",\"url\":\"https:\/\/theo.niranbio.com\/pt-br\/\",\"logo\":{\"@type\":\"ImageObject\",\"inLanguage\":\"pt-BR\",\"@id\":\"https:\/\/theo.niranbio.com\/pt-br\/#\/schema\/logo\/image\/\",\"url\":\"https:\/\/theo.niranbio.com\/wp-content\/uploads\/2024\/06\/Niranbio.png\",\"contentUrl\":\"https:\/\/theo.niranbio.com\/wp-content\/uploads\/2024\/06\/Niranbio.png\",\"width\":270,\"height\":100,\"caption\":\"Niranbio Chemical\"},\"image\":{\"@id\":\"https:\/\/theo.niranbio.com\/pt-br\/#\/schema\/logo\/image\/\"}}]}<\/script>\n<!-- \/ Yoast SEO plugin. -->","yoast_head_json":{"title":"Fornecedor de P\u00f3 de Galacto-oligossacar\u00eddeo | Niranbio Chemical","description":"Nosso galacto-oligossacar\u00eddeo \u00e9 um p\u00f3 cristalino branco que oferece excelente pureza e funcionalidade para suplementos alimentares e alimentos funcionais.","robots":{"index":"noindex","follow":"follow","max-snippet":"max-snippet:-1","max-image-preview":"max-image-preview:large","max-video-preview":"max-video-preview:-1"},"twitter_misc":{"Est. tempo de leitura":"3 minutos"},"schema":{"@context":"https:\/\/schema.org","@graph":[{"@type":"WebPage","@id":"https:\/\/theo.niranbio.com\/pt-br\/gos-galactooligossacarideo.html","url":"https:\/\/theo.niranbio.com\/pt-br\/gos-galactooligossacarideo.html","name":"Fornecedor de P\u00f3 de Galacto-oligossacar\u00eddeo | Niranbio Chemical","isPartOf":{"@id":"https:\/\/theo.niranbio.com\/pt-br\/#website"},"primaryImageOfPage":{"@id":"https:\/\/theo.niranbio.com\/pt-br\/gos-galactooligossacarideo.html#primaryimage"},"image":{"@id":"https:\/\/theo.niranbio.com\/pt-br\/gos-galactooligossacarideo.html#primaryimage"},"thumbnailUrl":"https:\/\/theo.niranbio.com\/wp-content\/uploads\/2024\/06\/GOS-Galactooligosaccharide.webp","datePublished":"2024-06-20T03:20:52+00:00","dateModified":"2024-08-16T07:25:45+00:00","description":"Nosso galacto-oligossacar\u00eddeo \u00e9 um p\u00f3 cristalino branco que oferece excelente pureza e funcionalidade para suplementos alimentares e alimentos funcionais.","breadcrumb":{"@id":"https:\/\/theo.niranbio.com\/pt-br\/gos-galactooligossacarideo.html#breadcrumb"},"inLanguage":"pt-BR","potentialAction":[{"@type":"ReadAction","target":["https:\/\/theo.niranbio.com\/pt-br\/gos-galactooligossacarideo.html"]}]},{"@type":"ImageObject","inLanguage":"pt-BR","@id":"https:\/\/theo.niranbio.com\/pt-br\/gos-galactooligossacarideo.html#primaryimage","url":"https:\/\/theo.niranbio.com\/wp-content\/uploads\/2024\/06\/GOS-Galactooligosaccharide.webp","contentUrl":"https:\/\/theo.niranbio.com\/wp-content\/uploads\/2024\/06\/GOS-Galactooligosaccharide.webp","width":600,"height":600,"caption":"GOS-Galactooligossacar\u00eddeo"},{"@type":"BreadcrumbList","@id":"https:\/\/theo.niranbio.com\/pt-br\/gos-galactooligossacarideo.html#breadcrumb","itemListElement":[{"@type":"ListItem","position":1,"name":"Home","item":"https:\/\/theo.niranbio.com\/pt-br\/"},{"@type":"ListItem","position":2,"name":"Produtos","item":"https:\/\/theo.niranbio.com\/pt-br\/produtos.html"},{"@type":"ListItem","position":3,"name":"Ado\u00e7antes","item":"https:\/\/theo.niranbio.com\/pt-br\/produto-adocante\/"},{"@type":"ListItem","position":4,"name":"GOS-Galactooligossacar\u00eddeo"}]},{"@type":"WebSite","@id":"https:\/\/theo.niranbio.com\/pt-br\/#website","url":"https:\/\/theo.niranbio.com\/pt-br\/","name":"Niranbio Chemical","description":"","publisher":{"@id":"https:\/\/theo.niranbio.com\/pt-br\/#organization"},"potentialAction":[{"@type":"SearchAction","target":{"@type":"EntryPoint","urlTemplate":"https:\/\/theo.niranbio.com\/pt-br\/?s={search_term_string}"},"query-input":{"@type":"PropertyValueSpecification","valueRequired":true,"valueName":"search_term_string"}}],"inLanguage":"pt-BR"},{"@type":"Organization","@id":"https:\/\/theo.niranbio.com\/pt-br\/#organization","name":"Niranbio Chemical","url":"https:\/\/theo.niranbio.com\/pt-br\/","logo":{"@type":"ImageObject","inLanguage":"pt-BR","@id":"https:\/\/theo.niranbio.com\/pt-br\/#\/schema\/logo\/image\/","url":"https:\/\/theo.niranbio.com\/wp-content\/uploads\/2024\/06\/Niranbio.png","contentUrl":"https:\/\/theo.niranbio.com\/wp-content\/uploads\/2024\/06\/Niranbio.png","width":270,"height":100,"caption":"Niranbio Chemical"},"image":{"@id":"https:\/\/theo.niranbio.com\/pt-br\/#\/schema\/logo\/image\/"}}]}},"_links":{"self":[{"href":"https:\/\/theo.niranbio.com\/pt-br\/wp-json\/wp\/v2\/product\/9572","targetHints":{"allow":["GET"]}}],"collection":[{"href":"https:\/\/theo.niranbio.com\/pt-br\/wp-json\/wp\/v2\/product"}],"about":[{"href":"https:\/\/theo.niranbio.com\/pt-br\/wp-json\/wp\/v2\/types\/product"}],"version-history":[{"count":0,"href":"https:\/\/theo.niranbio.com\/pt-br\/wp-json\/wp\/v2\/product\/9572\/revisions"}],"wp:featuredmedia":[{"embeddable":true,"href":"https:\/\/theo.niranbio.com\/pt-br\/wp-json\/wp\/v2\/media\/8094"}],"wp:attachment":[{"href":"https:\/\/theo.niranbio.com\/pt-br\/wp-json\/wp\/v2\/media?parent=9572"}],"wp:term":[{"taxonomy":"product_brand","embeddable":true,"href":"https:\/\/theo.niranbio.com\/pt-br\/wp-json\/wp\/v2\/product_brand?post=9572"},{"taxonomy":"product_cat","embeddable":true,"href":"https:\/\/theo.niranbio.com\/pt-br\/wp-json\/wp\/v2\/product_cat?post=9572"},{"taxonomy":"product_tag","embeddable":true,"href":"https:\/\/theo.niranbio.com\/pt-br\/wp-json\/wp\/v2\/product_tag?post=9572"}],"curies":[{"name":"wp","href":"https:\/\/api.w.org\/{rel}","templated":true}]}}