{"id":8635,"date":"2024-06-20T10:58:28","date_gmt":"2024-06-20T02:58:28","guid":{"rendered":"https:\/\/theo.niranbio.com\/ascorbato-de-calcio\/"},"modified":"2024-08-13T16:54:02","modified_gmt":"2024-08-13T08:54:02","slug":"ascorbato-de-calcio","status":"publish","type":"product","link":"https:\/\/theo.niranbio.com\/pt-br\/ascorbato-de-calcio.html","title":{"rendered":"Ascorbato de c\u00e1lcio"},"content":{"rendered":"<h2><span class=\"ez-toc-section\" id=\"O_que_e_ascorbato_de_calcio\"><\/span>O que \u00e9 ascorbato de c\u00e1lcio?<span class=\"ez-toc-section-end\"><\/span><\/h2>\n<p>Al\u00e9m de ser mais est\u00e1vel que o Vc, o ascorbato de c\u00e1lcio tamb\u00e9m tem capacidades de absor\u00e7\u00e3o superiores. Al\u00e9m disso, devido \u00e0 introdu\u00e7\u00e3o do c\u00e1lcio, seu efeito de fortifica\u00e7\u00e3o nutricional tamb\u00e9m \u00e9 aprimorado. As ind\u00fastrias aliment\u00edcia, farmac\u00eautica e outras o usam significativamente. Parece ser um p\u00f3 branco. O processo de prepara\u00e7\u00e3o do ascorbato de c\u00e1lcio \u00e9 principalmente reagir diretamente o \u00e1cido asc\u00f3rbico (vitamina C) com hidr\u00f3xido de c\u00e1lcio ou carbonato de c\u00e1lcio para gerar ascorbato de c\u00e1lcio. Este m\u00e9todo tem um processo simples, poucas etapas operacionais, alta efici\u00eancia de produ\u00e7\u00e3o e \u00e9 adequado para produ\u00e7\u00e3o cont\u00ednua em larga escala.<\/p>\n<h2><span class=\"ez-toc-section\" id=\"Parametros_relacionados\"><\/span>Par\u00e2metros relacionados:<span class=\"ez-toc-section-end\"><\/span><\/h2>\n<table>\n<tbody>\n<tr>\n<td><strong>Itens<\/strong><\/td>\n<td><strong>Padr\u00f5es<\/strong><\/td>\n<\/tr>\n<tr>\n<td>Rota\u00e7\u00e3o \u00f3ptica espec\u00edfica<\/td>\n<td>+95\u00b0~+97\u00b0<\/td>\n<\/tr>\n<tr>\n<td>PH (10% W\/V)<\/td>\n<td>6.8-7.4<\/td>\n<\/tr>\n<tr>\n<td>Perda na secagem<\/td>\n<td>\u22640.10%<\/td>\n<\/tr>\n<tr>\n<td>Metais pesados (como Pb)<\/td>\n<td>\u226410ppm<\/td>\n<\/tr>\n<tr>\n<td>Oxalato<\/td>\n<td>Passe<\/td>\n<\/tr>\n<tr>\n<td>Cobre<\/td>\n<td>\u22645ppm<\/td>\n<\/tr>\n<tr>\n<td>Ferro<\/td>\n<td>\u22642ppm<\/td>\n<\/tr>\n<tr>\n<td>Ars\u00eanico<\/td>\n<td>\u22643 mg\/kg<\/td>\n<\/tr>\n<tr>\n<td>Fluoreto<\/td>\n<td>\u22640.001%<\/td>\n<\/tr>\n<tr>\n<td>Ensaio<\/td>\n<td>98.0-100%-100.5%<\/td>\n<\/tr>\n<\/tbody>\n<\/table>\n<h2><span class=\"ez-toc-section\" id=\"Dosagem_recomendada\"><\/span>Dosagem recomendada:<span class=\"ez-toc-section-end\"><\/span><\/h2>\n<table>\n<tbody>\n<tr>\n<td><strong>Nome do alimento<\/strong><\/td>\n<td><strong>Uso m\u00e1ximo (g\/kg)<\/strong><\/td>\n<\/tr>\n<tr>\n<td>Sucos e bebidas com sabor de frutas<\/td>\n<td>0,1-0,5 g\/kg<\/td>\n<\/tr>\n<tr>\n<td>Refrigerantes<\/td>\n<td>0,05-0,2 g\/kg<\/td>\n<\/tr>\n<tr>\n<td>Frutas enlatadas<\/td>\n<td>0,1-0,3 g\/kg<\/td>\n<\/tr>\n<tr>\n<td>Iogurte e produtos l\u00e1cteos<\/td>\n<td>0,05-0,2 g\/kg<\/td>\n<\/tr>\n<tr>\n<td>P\u00e3o e produtos assados<\/td>\n<td>0,1-0,3 g\/kg<\/td>\n<\/tr>\n<tr>\n<td>Chocolate e doces<\/td>\n<td>0,1-0,3 g\/kg<\/td>\n<\/tr>\n<tr>\n<td>Molhos para salada e condimentos<\/td>\n<td>0,05-0,2 g\/kg<\/td>\n<\/tr>\n<tr>\n<td>Produtos c\u00e1rneos e embutidos<\/td>\n<td>0,1-0,3 g\/kg<\/td>\n<\/tr>\n<tr>\n<td>Peixes e frutos do mar enlatados<\/td>\n<td>0,1-0,3 g\/kg<\/td>\n<\/tr>\n<tr>\n<td>Misturas para panifica\u00e7\u00e3o<\/td>\n<td>0,1-0,3 g\/kg<\/td>\n<\/tr>\n<tr>\n<td>Bebidas esportivas<\/td>\n<td>0,05-0,2 g\/kg<\/td>\n<\/tr>\n<tr>\n<td>Bebidas \u00e0 base de suco<\/td>\n<td>0,1-0,5 g\/kg<\/td>\n<\/tr>\n<\/tbody>\n<\/table>\n<h2><span class=\"ez-toc-section\" id=\"O_ascorbato_de_calcio_tem_uma_ampla_gama_de_usos\"><\/span>O ascorbato de c\u00e1lcio tem uma ampla gama de usos<span class=\"ez-toc-section-end\"><\/span><\/h2>\n<p>1. O ascorbato de c\u00e1lcio tem um forte efeito antioxidante e pode efetivamente prevenir a oxida\u00e7\u00e3o de gorduras, \u00f3leos e outros ingredientes facilmente oxidados em alimentos, estendendo assim a vida \u00fatil dos alimentos.<\/p>\n<p>2. O ascorbato de c\u00e1lcio \u00e9 o sal de c\u00e1lcio da vitamina C (\u00e1cido asc\u00f3rbico), que fornece vitamina C e c\u00e1lcio, ajudando a prevenir a defici\u00eancia de vitamina C e c\u00e1lcio.<\/p>\n<p>3. Os alimentos podem ter uma vida \u00fatil mais longa porque o ascorbato de c\u00e1lcio pode impedir que as bact\u00e9rias cres\u00e7am e se reproduzam. Em v\u00e1rios sucos, geleias, compotas e outros itens, ele serve como conservante.<\/p>\n<p>4. O ascorbato de c\u00e1lcio pode ser usado para ajustar o valor do pH dos alimentos e ajudar a manter o equil\u00edbrio \u00e1cido-base dos alimentos, melhorando assim a textura e o sabor dos alimentos.<\/p>\n<p>5. O ascorbato de c\u00e1lcio pode evitar que frutas e vegetais mudem de cor durante o processamento e armazenamento, e manter sua cor natural. \u00c9 amplamente utilizado em frutas enlatadas, sucos e produtos vegetais.<\/p>\n<p>6. Durante o processamento de frutas e vegetais, o ascorbato de c\u00e1lcio pode prevenir rea\u00e7\u00f5es de escurecimento enzim\u00e1tico e manter a cor e a qualidade dos produtos.<\/p>\n<p>7. Em produtos assados, o ascorbato de c\u00e1lcio pode melhorar as propriedades de processamento da massa, aumentar o volume do p\u00e3o e melhorar a textura do p\u00e3o.<\/p>\n<p>8. Como fonte de vitamina C, o ascorbato de c\u00e1lcio ajuda a aumentar a imunidade humana e a resistir a resfriados e outras doen\u00e7as. \u00c9 frequentemente encontrado em refei\u00e7\u00f5es funcionais e produtos de sa\u00fade.<\/p>\n<h2><span class=\"ez-toc-section\" id=\"Pergunta_feita_pelo_usuario\"><\/span>Pergunta feita pelo usu\u00e1rio:<span class=\"ez-toc-section-end\"><\/span><\/h2>\n<p>Pergunta: Qual \u00e9 a diferen\u00e7a funcional entre o ascorbato de c\u00e1lcio e o carbonato de c\u00e1lcio?<\/p>\n<p>Resposta: O ascorbato de c\u00e1lcio e o carbonato de c\u00e1lcio s\u00e3o significativamente diferentes em fun\u00e7\u00e3o e uso. O ascorbato de c\u00e1lcio \u00e9 usado principalmente em alimentos e produtos de sa\u00fade. Ele tem m\u00faltiplas fun\u00e7\u00f5es, como antioxidante, fortifica\u00e7\u00e3o nutricional, preserva\u00e7\u00e3o e prote\u00e7\u00e3o da cor. Ele fornece vitamina C e c\u00e1lcio. \u00c9 frequentemente usado em sucos, bebidas, latic\u00ednios e alimentos infantis para aumentar a imunidade, promover a s\u00edntese de col\u00e1geno e a absor\u00e7\u00e3o de ferro.<\/p>\n<p>O carbonato de c\u00e1lcio \u00e9 usado principalmente como suplemento de c\u00e1lcio e neutralizador de \u00e1cido. \u00c9 amplamente usado para prevenir e tratar defici\u00eancia de c\u00e1lcio, osteoporose e aliviar sintomas como excesso de \u00e1cido g\u00e1strico e azia. O carbonato de c\u00e1lcio tamb\u00e9m \u00e9 utilizado como mat\u00e9ria-prima industrial para revestimentos, pol\u00edmeros e materiais de constru\u00e7\u00e3o, bem como um ingrediente alimentar para aplica\u00e7\u00f5es como agentes antiaglomerantes, estabilizantes e fermentadores. Em suma, as principais caracter\u00edsticas do ascorbato de c\u00e1lcio s\u00e3o sua versatilidade e fortifica\u00e7\u00e3o nutricional, enquanto o carbonato de c\u00e1lcio \u00e9 caracterizado principalmente por seu alto teor de c\u00e1lcio e amplo uso industrial. Qual sal de c\u00e1lcio \u00e9 melhor depende das situa\u00e7\u00f5es de aplica\u00e7\u00e3o e requisitos particulares.<\/p>\n","protected":false},"excerpt":{"rendered":"<ul>\n<li>CAS: 5743-28-2<\/li>\n<li>F\u00f3rmula qu\u00edmica: C<sub>12<\/sub>H<sub>18<\/sub>CaO<sub>14<\/sub><\/li>\n<li>Certifica\u00e7\u00f5es: KOSHER, ISO, HALAL, FSSC22000, BRC, etc.<\/li>\n<li>Padr\u00e3o: BP2016\/USP39\/FCC10\/E302<\/li>\n<li>Quantidade m\u00ednima do pedido: 1000KG<\/li>\n<li>Prazo de validade: 2 anos<\/li>\n<\/ul>\n","protected":false},"featured_media":8636,"template":"","meta":{"site-sidebar-layout":"default","site-content-layout":"","ast-site-content-layout":"default","site-content-style":"default","site-sidebar-style":"default","ast-global-header-display":"","ast-banner-title-visibility":"","ast-main-header-display":"","ast-hfb-above-header-display":"","ast-hfb-below-header-display":"","ast-hfb-mobile-header-display":"","site-post-title":"","ast-breadcrumbs-content":"","ast-featured-img":"","footer-sml-layout":"","theme-transparent-header-meta":"default","adv-header-id-meta":"","stick-header-meta":"","header-above-stick-meta":"","header-main-stick-meta":"","header-below-stick-meta":"","astra-migrate-meta-layouts":"set","ast-page-background-enabled":"default","ast-page-background-meta":{"desktop":{"background-color":"var(--ast-global-color-4)","background-image":"","background-repeat":"repeat","background-position":"center center","background-size":"auto","background-attachment":"scroll","background-type":"","background-media":"","overlay-type":"","overlay-color":"","overlay-opacity":"","overlay-gradient":""},"tablet":{"background-color":"","background-image":"","background-repeat":"repeat","background-position":"center center","background-size":"auto","background-attachment":"scroll","background-type":"","background-media":"","overlay-type":"","overlay-color":"","overlay-opacity":"","overlay-gradient":""},"mobile":{"background-color":"","background-image":"","background-repeat":"repeat","background-position":"center center","background-size":"auto","background-attachment":"scroll","background-type":"","background-media":"","overlay-type":"","overlay-color":"","overlay-opacity":"","overlay-gradient":""}},"ast-content-background-meta":{"desktop":{"background-color":"var(--ast-global-color-5)","background-image":"","background-repeat":"repeat","background-position":"center center","background-size":"auto","background-attachment":"scroll","background-type":"","background-media":"","overlay-type":"","overlay-color":"","overlay-opacity":"","overlay-gradient":""},"tablet":{"background-color":"var(--ast-global-color-5)","background-image":"","background-repeat":"repeat","background-position":"center center","background-size":"auto","background-attachment":"scroll","background-type":"","background-media":"","overlay-type":"","overlay-color":"","overlay-opacity":"","overlay-gradient":""},"mobile":{"background-color":"var(--ast-global-color-5)","background-image":"","background-repeat":"repeat","background-position":"center center","background-size":"auto","background-attachment":"scroll","background-type":"","background-media":"","overlay-type":"","overlay-color":"","overlay-opacity":"","overlay-gradient":""}}},"product_brand":[],"product_cat":[81],"product_tag":[],"class_list":{"0":"post-8635","1":"product","2":"type-product","3":"status-publish","4":"has-post-thumbnail","6":"product_cat-produto-antioxidante","7":"desktop-align-center","8":"tablet-align-left","9":"mobile-align-left","11":"first","12":"instock","13":"shipping-taxable","14":"product-type-simple"},"yoast_head":"<!-- This site is optimized with the Yoast SEO plugin v26.5 - https:\/\/yoast.com\/wordpress\/plugins\/seo\/ -->\n<title>Fornecedor de Ascorbato de C\u00e1lcio, P\u00f3 de Ascorbato de C\u00e1lcio E302 a Granel | Niranbio Chemical<\/title>\n<meta name=\"description\" content=\"Nosso ascorbato de c\u00e1lcio E302 de grau aliment\u00edcio parece ser um p\u00f3 branco, \u00e9 mais est\u00e1vel que o VC e tamb\u00e9m tem capacidade de absor\u00e7\u00e3o superior.\" \/>\n<meta name=\"robots\" content=\"noindex, follow, max-snippet:-1, max-image-preview:large, max-video-preview:-1\" \/>\n<meta name=\"twitter:label1\" content=\"Est. tempo de leitura\" \/>\n\t<meta name=\"twitter:data1\" content=\"4 minutos\" \/>\n<script type=\"application\/ld+json\" class=\"yoast-schema-graph\">{\"@context\":\"https:\/\/schema.org\",\"@graph\":[{\"@type\":\"WebPage\",\"@id\":\"https:\/\/theo.niranbio.com\/pt-br\/ascorbato-de-calcio.html\",\"url\":\"https:\/\/theo.niranbio.com\/pt-br\/ascorbato-de-calcio.html\",\"name\":\"Fornecedor de Ascorbato de C\u00e1lcio, P\u00f3 de Ascorbato de C\u00e1lcio E302 a Granel | Niranbio Chemical\",\"isPartOf\":{\"@id\":\"https:\/\/theo.niranbio.com\/pt-br\/#website\"},\"primaryImageOfPage\":{\"@id\":\"https:\/\/theo.niranbio.com\/pt-br\/ascorbato-de-calcio.html#primaryimage\"},\"image\":{\"@id\":\"https:\/\/theo.niranbio.com\/pt-br\/ascorbato-de-calcio.html#primaryimage\"},\"thumbnailUrl\":\"https:\/\/theo.niranbio.com\/wp-content\/uploads\/2024\/06\/Calcium-Ascorbate.webp\",\"datePublished\":\"2024-06-20T02:58:28+00:00\",\"dateModified\":\"2024-08-13T08:54:02+00:00\",\"description\":\"Nosso ascorbato de c\u00e1lcio E302 de grau aliment\u00edcio parece ser um p\u00f3 branco, \u00e9 mais est\u00e1vel que o VC e tamb\u00e9m tem capacidade de absor\u00e7\u00e3o superior.\",\"breadcrumb\":{\"@id\":\"https:\/\/theo.niranbio.com\/pt-br\/ascorbato-de-calcio.html#breadcrumb\"},\"inLanguage\":\"pt-BR\",\"potentialAction\":[{\"@type\":\"ReadAction\",\"target\":[\"https:\/\/theo.niranbio.com\/pt-br\/ascorbato-de-calcio.html\"]}]},{\"@type\":\"ImageObject\",\"inLanguage\":\"pt-BR\",\"@id\":\"https:\/\/theo.niranbio.com\/pt-br\/ascorbato-de-calcio.html#primaryimage\",\"url\":\"https:\/\/theo.niranbio.com\/wp-content\/uploads\/2024\/06\/Calcium-Ascorbate.webp\",\"contentUrl\":\"https:\/\/theo.niranbio.com\/wp-content\/uploads\/2024\/06\/Calcium-Ascorbate.webp\",\"width\":600,\"height\":600,\"caption\":\"Ascorbato de c\u00e1lcio\"},{\"@type\":\"BreadcrumbList\",\"@id\":\"https:\/\/theo.niranbio.com\/pt-br\/ascorbato-de-calcio.html#breadcrumb\",\"itemListElement\":[{\"@type\":\"ListItem\",\"position\":1,\"name\":\"Home\",\"item\":\"https:\/\/theo.niranbio.com\/pt-br\/\"},{\"@type\":\"ListItem\",\"position\":2,\"name\":\"Produtos\",\"item\":\"https:\/\/theo.niranbio.com\/pt-br\/produtos.html\"},{\"@type\":\"ListItem\",\"position\":3,\"name\":\"Antioxidante\",\"item\":\"https:\/\/theo.niranbio.com\/pt-br\/produto-antioxidante\/\"},{\"@type\":\"ListItem\",\"position\":4,\"name\":\"Ascorbato de c\u00e1lcio\"}]},{\"@type\":\"WebSite\",\"@id\":\"https:\/\/theo.niranbio.com\/pt-br\/#website\",\"url\":\"https:\/\/theo.niranbio.com\/pt-br\/\",\"name\":\"Niranbio Chemical\",\"description\":\"\",\"publisher\":{\"@id\":\"https:\/\/theo.niranbio.com\/pt-br\/#organization\"},\"potentialAction\":[{\"@type\":\"SearchAction\",\"target\":{\"@type\":\"EntryPoint\",\"urlTemplate\":\"https:\/\/theo.niranbio.com\/pt-br\/?s={search_term_string}\"},\"query-input\":{\"@type\":\"PropertyValueSpecification\",\"valueRequired\":true,\"valueName\":\"search_term_string\"}}],\"inLanguage\":\"pt-BR\"},{\"@type\":\"Organization\",\"@id\":\"https:\/\/theo.niranbio.com\/pt-br\/#organization\",\"name\":\"Niranbio Chemical\",\"url\":\"https:\/\/theo.niranbio.com\/pt-br\/\",\"logo\":{\"@type\":\"ImageObject\",\"inLanguage\":\"pt-BR\",\"@id\":\"https:\/\/theo.niranbio.com\/pt-br\/#\/schema\/logo\/image\/\",\"url\":\"https:\/\/theo.niranbio.com\/wp-content\/uploads\/2024\/06\/Niranbio.png\",\"contentUrl\":\"https:\/\/theo.niranbio.com\/wp-content\/uploads\/2024\/06\/Niranbio.png\",\"width\":270,\"height\":100,\"caption\":\"Niranbio Chemical\"},\"image\":{\"@id\":\"https:\/\/theo.niranbio.com\/pt-br\/#\/schema\/logo\/image\/\"}}]}<\/script>\n<!-- \/ Yoast SEO plugin. -->","yoast_head_json":{"title":"Fornecedor de Ascorbato de C\u00e1lcio, P\u00f3 de Ascorbato de C\u00e1lcio E302 a Granel | Niranbio Chemical","description":"Nosso ascorbato de c\u00e1lcio E302 de grau aliment\u00edcio parece ser um p\u00f3 branco, \u00e9 mais est\u00e1vel que o VC e tamb\u00e9m tem capacidade de absor\u00e7\u00e3o superior.","robots":{"index":"noindex","follow":"follow","max-snippet":"max-snippet:-1","max-image-preview":"max-image-preview:large","max-video-preview":"max-video-preview:-1"},"twitter_misc":{"Est. tempo de leitura":"4 minutos"},"schema":{"@context":"https:\/\/schema.org","@graph":[{"@type":"WebPage","@id":"https:\/\/theo.niranbio.com\/pt-br\/ascorbato-de-calcio.html","url":"https:\/\/theo.niranbio.com\/pt-br\/ascorbato-de-calcio.html","name":"Fornecedor de Ascorbato de C\u00e1lcio, P\u00f3 de Ascorbato de C\u00e1lcio E302 a Granel | Niranbio Chemical","isPartOf":{"@id":"https:\/\/theo.niranbio.com\/pt-br\/#website"},"primaryImageOfPage":{"@id":"https:\/\/theo.niranbio.com\/pt-br\/ascorbato-de-calcio.html#primaryimage"},"image":{"@id":"https:\/\/theo.niranbio.com\/pt-br\/ascorbato-de-calcio.html#primaryimage"},"thumbnailUrl":"https:\/\/theo.niranbio.com\/wp-content\/uploads\/2024\/06\/Calcium-Ascorbate.webp","datePublished":"2024-06-20T02:58:28+00:00","dateModified":"2024-08-13T08:54:02+00:00","description":"Nosso ascorbato de c\u00e1lcio E302 de grau aliment\u00edcio parece ser um p\u00f3 branco, \u00e9 mais est\u00e1vel que o VC e tamb\u00e9m tem capacidade de absor\u00e7\u00e3o superior.","breadcrumb":{"@id":"https:\/\/theo.niranbio.com\/pt-br\/ascorbato-de-calcio.html#breadcrumb"},"inLanguage":"pt-BR","potentialAction":[{"@type":"ReadAction","target":["https:\/\/theo.niranbio.com\/pt-br\/ascorbato-de-calcio.html"]}]},{"@type":"ImageObject","inLanguage":"pt-BR","@id":"https:\/\/theo.niranbio.com\/pt-br\/ascorbato-de-calcio.html#primaryimage","url":"https:\/\/theo.niranbio.com\/wp-content\/uploads\/2024\/06\/Calcium-Ascorbate.webp","contentUrl":"https:\/\/theo.niranbio.com\/wp-content\/uploads\/2024\/06\/Calcium-Ascorbate.webp","width":600,"height":600,"caption":"Ascorbato de c\u00e1lcio"},{"@type":"BreadcrumbList","@id":"https:\/\/theo.niranbio.com\/pt-br\/ascorbato-de-calcio.html#breadcrumb","itemListElement":[{"@type":"ListItem","position":1,"name":"Home","item":"https:\/\/theo.niranbio.com\/pt-br\/"},{"@type":"ListItem","position":2,"name":"Produtos","item":"https:\/\/theo.niranbio.com\/pt-br\/produtos.html"},{"@type":"ListItem","position":3,"name":"Antioxidante","item":"https:\/\/theo.niranbio.com\/pt-br\/produto-antioxidante\/"},{"@type":"ListItem","position":4,"name":"Ascorbato de c\u00e1lcio"}]},{"@type":"WebSite","@id":"https:\/\/theo.niranbio.com\/pt-br\/#website","url":"https:\/\/theo.niranbio.com\/pt-br\/","name":"Niranbio Chemical","description":"","publisher":{"@id":"https:\/\/theo.niranbio.com\/pt-br\/#organization"},"potentialAction":[{"@type":"SearchAction","target":{"@type":"EntryPoint","urlTemplate":"https:\/\/theo.niranbio.com\/pt-br\/?s={search_term_string}"},"query-input":{"@type":"PropertyValueSpecification","valueRequired":true,"valueName":"search_term_string"}}],"inLanguage":"pt-BR"},{"@type":"Organization","@id":"https:\/\/theo.niranbio.com\/pt-br\/#organization","name":"Niranbio Chemical","url":"https:\/\/theo.niranbio.com\/pt-br\/","logo":{"@type":"ImageObject","inLanguage":"pt-BR","@id":"https:\/\/theo.niranbio.com\/pt-br\/#\/schema\/logo\/image\/","url":"https:\/\/theo.niranbio.com\/wp-content\/uploads\/2024\/06\/Niranbio.png","contentUrl":"https:\/\/theo.niranbio.com\/wp-content\/uploads\/2024\/06\/Niranbio.png","width":270,"height":100,"caption":"Niranbio Chemical"},"image":{"@id":"https:\/\/theo.niranbio.com\/pt-br\/#\/schema\/logo\/image\/"}}]}},"_links":{"self":[{"href":"https:\/\/theo.niranbio.com\/pt-br\/wp-json\/wp\/v2\/product\/8635","targetHints":{"allow":["GET"]}}],"collection":[{"href":"https:\/\/theo.niranbio.com\/pt-br\/wp-json\/wp\/v2\/product"}],"about":[{"href":"https:\/\/theo.niranbio.com\/pt-br\/wp-json\/wp\/v2\/types\/product"}],"version-history":[{"count":0,"href":"https:\/\/theo.niranbio.com\/pt-br\/wp-json\/wp\/v2\/product\/8635\/revisions"}],"wp:featuredmedia":[{"embeddable":true,"href":"https:\/\/theo.niranbio.com\/pt-br\/wp-json\/wp\/v2\/media\/8636"}],"wp:attachment":[{"href":"https:\/\/theo.niranbio.com\/pt-br\/wp-json\/wp\/v2\/media?parent=8635"}],"wp:term":[{"taxonomy":"product_brand","embeddable":true,"href":"https:\/\/theo.niranbio.com\/pt-br\/wp-json\/wp\/v2\/product_brand?post=8635"},{"taxonomy":"product_cat","embeddable":true,"href":"https:\/\/theo.niranbio.com\/pt-br\/wp-json\/wp\/v2\/product_cat?post=8635"},{"taxonomy":"product_tag","embeddable":true,"href":"https:\/\/theo.niranbio.com\/pt-br\/wp-json\/wp\/v2\/product_tag?post=8635"}],"curies":[{"name":"wp","href":"https:\/\/api.w.org\/{rel}","templated":true}]}}