{"id":8632,"date":"2024-06-20T10:59:50","date_gmt":"2024-06-20T02:59:50","guid":{"rendered":"https:\/\/theo.niranbio.com\/acido-ascorbico\/"},"modified":"2024-08-19T10:38:06","modified_gmt":"2024-08-19T02:38:06","slug":"acido-ascorbico","status":"publish","type":"product","link":"https:\/\/theo.niranbio.com\/pt-br\/acido-ascorbico-em-po.html","title":{"rendered":"\u00c1cido asc\u00f3rbico"},"content":{"rendered":"<h2><span class=\"ez-toc-section\" id=\"O_que_e_acido_ascorbico\"><\/span>O que \u00e9 \u00e1cido asc\u00f3rbico?<span class=\"ez-toc-section-end\"><\/span><\/h2>\n<p>Outro nome para \u00e1cido asc\u00f3rbico, ou vitamina C ou VC, \u00e9 uma vitamina sol\u00favel em \u00e1gua. Tem fortes qualidades redutoras, \u00e9 inodoro, \u00e1cido e parece um p\u00f3 cristalino branco que se dissolve facilmente em \u00e1gua. Pode ser utilizado no setor aliment\u00edcio como suplemento nutricional e antioxidante. Existem tr\u00eas processos principais de prepara\u00e7\u00e3o para \u00e1cido asc\u00f3rbico na China:<\/p>\n<p>1. Converter amido (geralmente amido de milho) em D-sorbitol por fermenta\u00e7\u00e3o microbiana e, em seguida, convert\u00ea-lo em \u00e1cido 2-ceto-L-gul\u00f4nico e, finalmente, em \u00e1cido asc\u00f3rbico. Este processo \u00e9 relativamente maduro, eficiente e relativamente baixo em custo. O \u00e1cido asc\u00f3rbico que pode ser produzido \u00e9 de alta pureza e \u00e9 adequado para produ\u00e7\u00e3o industrial em larga escala.<\/p>\n<p>2. Converter D-glicose em \u00e1cido 2,5-diceto-D-gluc\u00f4nico por fermenta\u00e7\u00e3o microbiana e, em seguida, convert\u00ea-lo em \u00e1cido asc\u00f3rbico por meio de rea\u00e7\u00f5es complexas. As etapas do processo s\u00e3o relativamente complexas e o custo \u00e9 relativamente alto.<\/p>\n<p>3. Use microrganismos geneticamente modificados para fermentar diretamente a glicose para produzir \u00e1cido asc\u00f3rbico. No entanto, esse processo tem efici\u00eancia de produ\u00e7\u00e3o extremamente alta e vantagens ambientais, mas tem altos requisitos t\u00e9cnicos e ainda est\u00e1 em fase de desenvolvimento e otimiza\u00e7\u00e3o.<\/p>\n<h2><span class=\"ez-toc-section\" id=\"Parametros_relacionados\"><\/span>Par\u00e2metros relacionados:<span class=\"ez-toc-section-end\"><\/span><\/h2>\n<table>\n<tbody>\n<tr>\n<td><strong>Itens<\/strong><\/td>\n<td><strong>Especifica\u00e7\u00e3o<\/strong><\/td>\n<\/tr>\n<tr>\n<td>Ponto de fus\u00e3o<\/td>\n<td>Cerca de 190\u00b0C<\/td>\n<\/tr>\n<tr>\n<td>Rota\u00e7\u00e3o espec\u00edfica<\/td>\n<td>+20.5\u00b0~+21.5\u00b0<\/td>\n<\/tr>\n<tr>\n<td rowspan=\"2\">Acidez (pH)<\/td>\n<td>2,1~2,6 (solu\u00e7\u00e3o aquosa a 5%)<\/td>\n<\/tr>\n<tr>\n<td>2,4~2,8 (solu\u00e7\u00e3o aquosa a 2%)<\/td>\n<\/tr>\n<tr>\n<td>Ensaio<\/td>\n<td>99.0~100%~100.5%<\/td>\n<\/tr>\n<tr>\n<td>Perda na secagem<\/td>\n<td>\u22640.40%<\/td>\n<\/tr>\n<tr>\n<td>\u00c1cido ox\u00e1lico<\/td>\n<td>\u22640.3%<\/td>\n<\/tr>\n<tr>\n<td rowspan=\"4\">Subst\u00e2ncia relacionada<\/td>\n<td>Impureza C: \u22640,15%<\/td>\n<\/tr>\n<tr>\n<td>Impureza D: \u22640,15%<\/td>\n<\/tr>\n<tr>\n<td>Impurezas n\u00e3o especificadas: \u22640,10%<\/td>\n<\/tr>\n<tr>\n<td>Impurezas totais diferentes de C\u3001D:\u22640,2%<\/td>\n<\/tr>\n<tr>\n<td>Metais pesados<\/td>\n<td>\u226410ppm<\/td>\n<\/tr>\n<tr>\n<td>Ars\u00eanico<\/td>\n<td>\u22643ppm<\/td>\n<\/tr>\n<tr>\n<td>Chumbo<\/td>\n<td>\u22642ppm<\/td>\n<\/tr>\n<tr>\n<td>Merc\u00fario<\/td>\n<td>\u22641ppm<\/td>\n<\/tr>\n<tr>\n<td>Cobre<\/td>\n<td>\u22645ppm<\/td>\n<\/tr>\n<tr>\n<td>Ferro<\/td>\n<td>\u22642ppm<\/td>\n<\/tr>\n<tr>\n<td>Cinza sulfatada<\/td>\n<td>\u22640.1%<\/td>\n<\/tr>\n<tr>\n<td>Clareza da solu\u00e7\u00e3o<\/td>\n<td>Clareza<\/td>\n<\/tr>\n<tr>\n<td>Cor da solu\u00e7\u00e3o<\/td>\n<td>\u2264BY<\/td>\n<\/tr>\n<tr>\n<td>Solventes residuais<\/td>\n<td>Metanol\u22640,3%<\/td>\n<\/tr>\n<\/tbody>\n<\/table>\n<h2><span class=\"ez-toc-section\" id=\"Dosagem_recomendada\"><\/span>Dosagem recomendada:<span class=\"ez-toc-section-end\"><\/span><\/h2>\n<table>\n<tbody>\n<tr>\n<td><strong>Nome do alimento<\/strong><\/td>\n<td><strong>Uso m\u00e1ximo (g\/kg)<\/strong><\/td>\n<\/tr>\n<tr>\n<td>Bebidas \u00e0 base de suco de frutas<\/td>\n<td>0,2-0,5 g\/kg<\/td>\n<\/tr>\n<tr>\n<td>Bebidas carbonatadas<\/td>\n<td>0,2-0,5 g\/kg<\/td>\n<\/tr>\n<tr>\n<td>Geleia<\/td>\n<td>0,3-0,8 g\/kg<\/td>\n<\/tr>\n<tr>\n<td>Geleia<\/td>\n<td>0,5-1,0 g\/kg<\/td>\n<\/tr>\n<tr>\n<td>Frutas enlatadas<\/td>\n<td>0,2-0,5 g\/kg<\/td>\n<\/tr>\n<tr>\n<td>Alimentos em conserva<\/td>\n<td>0,5-1,0 g\/kg<\/td>\n<\/tr>\n<tr>\n<td>Produtos c\u00e1rneos<\/td>\n<td>0,2-0,5 g\/kg<\/td>\n<\/tr>\n<tr>\n<td>Salsichas<\/td>\n<td>0,3-0,8 g\/kg<\/td>\n<\/tr>\n<tr>\n<td>Presunto<\/td>\n<td>0,2-0,5 g\/kg<\/td>\n<\/tr>\n<tr>\n<td>Produtos l\u00e1cteos<\/td>\n<td>0,1-0,3 g\/kg<\/td>\n<\/tr>\n<tr>\n<td>Iogurte<\/td>\n<td>0,1-0,3 g\/kg<\/td>\n<\/tr>\n<tr>\n<td>P\u00e3o<\/td>\n<td>0,1-0,5 g\/kg<\/td>\n<\/tr>\n<tr>\n<td>Doces<\/td>\n<td>0,5-1,0 g\/kg<\/td>\n<\/tr>\n<tr>\n<td>Molho para salada<\/td>\n<td>0,2-0,5 g\/kg<\/td>\n<\/tr>\n<\/tbody>\n<\/table>\n<h2><span class=\"ez-toc-section\" id=\"O_acido_ascorbico_tem_uma_ampla_gama_de_usos\"><\/span>O \u00e1cido asc\u00f3rbico tem uma ampla gama de usos<span class=\"ez-toc-section-end\"><\/span><\/h2>\n<p>1. Antioxidante: Como um poderoso antioxidante, o \u00e1cido asc\u00f3rbico pode neutralizar radicais livres e prevenir danos oxidativos \u00e0s c\u00e9lulas e tecidos. Essa caracter\u00edstica \u00e9 frequentemente utilizada em alimentos e cosm\u00e9ticos, auxiliando na extens\u00e3o da vida \u00fatil do produto e na prote\u00e7\u00e3o do componente ativo.<\/p>\n<p>2. Potenciador nutricional: Como a principal forma de vitamina C, o \u00e1cido asc\u00f3rbico \u00e9 uma vitamina essencial sol\u00favel em \u00e1gua que participa de uma variedade de processos metab\u00f3licos fisiol\u00f3gicos, promove a s\u00edntese de col\u00e1geno, aumenta a imunidade e ajuda na absor\u00e7\u00e3o de ferro. Isso o torna um importante potenciador nutricional em alimentos e bebidas, melhorando o valor nutricional dos produtos.<\/p>\n<p>3. Protetor de cor: O \u00e1cido asc\u00f3rbico pode inibir rea\u00e7\u00f5es de escurecimento enzim\u00e1ticas e n\u00e3o enzim\u00e1ticas em alimentos e manter a cor natural dos alimentos. Usado no processamento de frutas e vegetais, geleias, compotas e alimentos enlatados, pode evitar o escurecimento da cor e manter a apar\u00eancia fresca do produto.<\/p>\n<p>4. Conservante: O \u00e1cido asc\u00f3rbico desempenha um papel conservante ao inibir o crescimento e a reprodu\u00e7\u00e3o de microrganismos e retardar a deteriora\u00e7\u00e3o dos alimentos. Isso \u00e9 especialmente importante em produtos como produtos de carne, alimentos enlatados e bebidas, estendendo efetivamente a vida \u00fatil dos alimentos.<\/p>\n<p>5. Promotor de fermenta\u00e7\u00e3o: No processo de produ\u00e7\u00e3o de alguns alimentos fermentados, o \u00e1cido asc\u00f3rbico pode ser usado como um promotor de fermenta\u00e7\u00e3o para melhorar a efici\u00eancia da fermenta\u00e7\u00e3o. Isso \u00e9 amplamente utilizado em alimentos fermentados, como vinho, molho de soja e vinagre, o que pode melhorar o efeito da fermenta\u00e7\u00e3o e melhorar a qualidade do produto.<\/p>\n<p>6. Regulador de acidez: O \u00e1cido asc\u00f3rbico \u00e9 \u00e1cido e pode ajustar o valor do pH dos alimentos, melhorando assim o sabor e a estabilidade dos alimentos. \u00c9 usado em alimentos como bebidas, doces e geleias para ajustar a acidez, aumentar o sabor do produto e torn\u00e1-lo mais popular entre os consumidores.<\/p>\n<h2><span class=\"ez-toc-section\" id=\"Pergunta_feita_pelo_usuario\"><\/span>Pergunta feita pelo usu\u00e1rio:<span class=\"ez-toc-section-end\"><\/span><\/h2>\n<p>Pergunta: Quais s\u00e3o os benef\u00edcios do \u00e1cido asc\u00f3rbico para a sa\u00fade?<\/p>\n<p>Resposta: A forma prim\u00e1ria da vitamina C \u00e9 o \u00e1cido asc\u00f3rbico, que tem propriedades antioxidantes potentes. Ajuda a neutralizar os radicais livres e a prevenir danos celulares. Tamb\u00e9m est\u00e1 envolvido na s\u00edntese de col\u00e1geno, promove a cicatriza\u00e7\u00e3o de feridas, fortalece o sistema imunol\u00f3gico, melhora a resist\u00eancia do corpo \u00e0 infec\u00e7\u00e3o e ajuda a absorver o ferro e a prevenir a anemia.<\/p>\n<p>Pergunta: Quais s\u00e3o as vantagens do \u00e1cido asc\u00f3rbico em compara\u00e7\u00e3o com a vitamina E?<\/p>\n<p>Resposta: Comparado com a vitamina E, o \u00e1cido asc\u00f3rbico (vitamina C) tem as vantagens de versatilidade, solubilidade em \u00e1gua, custo-benef\u00edcio e alta seguran\u00e7a. O \u00e1cido asc\u00f3rbico pode n\u00e3o apenas atuar como um poderoso antioxidante para prevenir a oxida\u00e7\u00e3o dos alimentos, mas tamb\u00e9m fornecer vitamina C como um intensificador nutricional e participar de uma variedade de processos metab\u00f3licos fisiol\u00f3gicos. Sua solubilidade em \u00e1gua facilita o uso em alimentos \u00e0 base de \u00e1gua, como sucos. Por exemplo, no suco de laranja, o \u00e1cido asc\u00f3rbico pode manter o sabor e a cor frescos, estender a vida \u00fatil e melhorar o valor nutricional. Essas vantagens o tornam mais amplamente e convenientemente usado na ind\u00fastria aliment\u00edcia.<\/p>\n","protected":false},"excerpt":{"rendered":"<ul>\n<li>CAS: 50-81-7<\/li>\n<li>F\u00f3rmula qu\u00edmica: C<sub>6<\/sub>H<sub>8<\/sub>O<sub>6<\/sub><\/li>\n<li>Certifica\u00e7\u00f5es: KOSHER, ISO, HALAL, FSSC22000, BRC, etc.<\/li>\n<li>Padr\u00e3o: E300\/USP\/FCCX<\/li>\n<li>Quantidade m\u00ednima do pedido: 1000KG<\/li>\n<li>Vida \u00fatil: 3 anos<\/li>\n<\/ul>\n","protected":false},"featured_media":8633,"template":"","meta":{"site-sidebar-layout":"default","site-content-layout":"","ast-site-content-layout":"default","site-content-style":"default","site-sidebar-style":"default","ast-global-header-display":"","ast-banner-title-visibility":"","ast-main-header-display":"","ast-hfb-above-header-display":"","ast-hfb-below-header-display":"","ast-hfb-mobile-header-display":"","site-post-title":"","ast-breadcrumbs-content":"","ast-featured-img":"","footer-sml-layout":"","theme-transparent-header-meta":"default","adv-header-id-meta":"","stick-header-meta":"","header-above-stick-meta":"","header-main-stick-meta":"","header-below-stick-meta":"","astra-migrate-meta-layouts":"set","ast-page-background-enabled":"default","ast-page-background-meta":{"desktop":{"background-color":"var(--ast-global-color-4)","background-image":"","background-repeat":"repeat","background-position":"center center","background-size":"auto","background-attachment":"scroll","background-type":"","background-media":"","overlay-type":"","overlay-color":"","overlay-opacity":"","overlay-gradient":""},"tablet":{"background-color":"","background-image":"","background-repeat":"repeat","background-position":"center center","background-size":"auto","background-attachment":"scroll","background-type":"","background-media":"","overlay-type":"","overlay-color":"","overlay-opacity":"","overlay-gradient":""},"mobile":{"background-color":"","background-image":"","background-repeat":"repeat","background-position":"center center","background-size":"auto","background-attachment":"scroll","background-type":"","background-media":"","overlay-type":"","overlay-color":"","overlay-opacity":"","overlay-gradient":""}},"ast-content-background-meta":{"desktop":{"background-color":"var(--ast-global-color-5)","background-image":"","background-repeat":"repeat","background-position":"center center","background-size":"auto","background-attachment":"scroll","background-type":"","background-media":"","overlay-type":"","overlay-color":"","overlay-opacity":"","overlay-gradient":""},"tablet":{"background-color":"var(--ast-global-color-5)","background-image":"","background-repeat":"repeat","background-position":"center center","background-size":"auto","background-attachment":"scroll","background-type":"","background-media":"","overlay-type":"","overlay-color":"","overlay-opacity":"","overlay-gradient":""},"mobile":{"background-color":"var(--ast-global-color-5)","background-image":"","background-repeat":"repeat","background-position":"center center","background-size":"auto","background-attachment":"scroll","background-type":"","background-media":"","overlay-type":"","overlay-color":"","overlay-opacity":"","overlay-gradient":""}}},"product_brand":[],"product_cat":[81],"product_tag":[],"class_list":{"0":"post-8632","1":"product","2":"type-product","3":"status-publish","4":"has-post-thumbnail","6":"product_cat-produto-antioxidante","7":"desktop-align-center","8":"tablet-align-left","9":"mobile-align-left","11":"first","12":"instock","13":"shipping-taxable","14":"product-type-simple"},"yoast_head":"<!-- This site is optimized with the Yoast SEO plugin v26.5 - https:\/\/yoast.com\/wordpress\/plugins\/seo\/ -->\n<title>\u00c1cido Asc\u00f3rbico P\u00f3 Pre\u00e7o, E300 Comprar | Niranbio Chemical<\/title>\n<meta name=\"description\" content=\"Nosso p\u00f3 de \u00e1cido asc\u00f3rbico E300 tem um p\u00f3 cristalino branco e pode ser utilizado no setor aliment\u00edcio como suplemento nutricional e antioxidante.\" \/>\n<meta name=\"robots\" content=\"noindex, follow, max-snippet:-1, max-image-preview:large, max-video-preview:-1\" \/>\n<meta name=\"twitter:label1\" content=\"Est. tempo de leitura\" \/>\n\t<meta name=\"twitter:data1\" content=\"4 minutos\" \/>\n<script type=\"application\/ld+json\" class=\"yoast-schema-graph\">{\"@context\":\"https:\/\/schema.org\",\"@graph\":[{\"@type\":\"WebPage\",\"@id\":\"https:\/\/theo.niranbio.com\/pt-br\/acido-ascorbico-em-po.html\",\"url\":\"https:\/\/theo.niranbio.com\/pt-br\/acido-ascorbico-em-po.html\",\"name\":\"\u00c1cido Asc\u00f3rbico P\u00f3 Pre\u00e7o, E300 Comprar | Niranbio Chemical\",\"isPartOf\":{\"@id\":\"https:\/\/theo.niranbio.com\/pt-br\/#website\"},\"primaryImageOfPage\":{\"@id\":\"https:\/\/theo.niranbio.com\/pt-br\/acido-ascorbico-em-po.html#primaryimage\"},\"image\":{\"@id\":\"https:\/\/theo.niranbio.com\/pt-br\/acido-ascorbico-em-po.html#primaryimage\"},\"thumbnailUrl\":\"https:\/\/theo.niranbio.com\/wp-content\/uploads\/2024\/06\/Ascorbic-Acid.webp\",\"datePublished\":\"2024-06-20T02:59:50+00:00\",\"dateModified\":\"2024-08-19T02:38:06+00:00\",\"description\":\"Nosso p\u00f3 de \u00e1cido asc\u00f3rbico E300 tem um p\u00f3 cristalino branco e pode ser utilizado no setor aliment\u00edcio como suplemento nutricional e antioxidante.\",\"breadcrumb\":{\"@id\":\"https:\/\/theo.niranbio.com\/pt-br\/acido-ascorbico-em-po.html#breadcrumb\"},\"inLanguage\":\"pt-BR\",\"potentialAction\":[{\"@type\":\"ReadAction\",\"target\":[\"https:\/\/theo.niranbio.com\/pt-br\/acido-ascorbico-em-po.html\"]}]},{\"@type\":\"ImageObject\",\"inLanguage\":\"pt-BR\",\"@id\":\"https:\/\/theo.niranbio.com\/pt-br\/acido-ascorbico-em-po.html#primaryimage\",\"url\":\"https:\/\/theo.niranbio.com\/wp-content\/uploads\/2024\/06\/Ascorbic-Acid.webp\",\"contentUrl\":\"https:\/\/theo.niranbio.com\/wp-content\/uploads\/2024\/06\/Ascorbic-Acid.webp\",\"width\":600,\"height\":600,\"caption\":\"\u00c1cido asc\u00f3rbico\"},{\"@type\":\"BreadcrumbList\",\"@id\":\"https:\/\/theo.niranbio.com\/pt-br\/acido-ascorbico-em-po.html#breadcrumb\",\"itemListElement\":[{\"@type\":\"ListItem\",\"position\":1,\"name\":\"Home\",\"item\":\"https:\/\/theo.niranbio.com\/pt-br\/\"},{\"@type\":\"ListItem\",\"position\":2,\"name\":\"Produtos\",\"item\":\"https:\/\/theo.niranbio.com\/pt-br\/produtos.html\"},{\"@type\":\"ListItem\",\"position\":3,\"name\":\"Antioxidante\",\"item\":\"https:\/\/theo.niranbio.com\/pt-br\/produto-antioxidante\/\"},{\"@type\":\"ListItem\",\"position\":4,\"name\":\"\u00c1cido asc\u00f3rbico\"}]},{\"@type\":\"WebSite\",\"@id\":\"https:\/\/theo.niranbio.com\/pt-br\/#website\",\"url\":\"https:\/\/theo.niranbio.com\/pt-br\/\",\"name\":\"Niranbio Chemical\",\"description\":\"\",\"publisher\":{\"@id\":\"https:\/\/theo.niranbio.com\/pt-br\/#organization\"},\"potentialAction\":[{\"@type\":\"SearchAction\",\"target\":{\"@type\":\"EntryPoint\",\"urlTemplate\":\"https:\/\/theo.niranbio.com\/pt-br\/?s={search_term_string}\"},\"query-input\":{\"@type\":\"PropertyValueSpecification\",\"valueRequired\":true,\"valueName\":\"search_term_string\"}}],\"inLanguage\":\"pt-BR\"},{\"@type\":\"Organization\",\"@id\":\"https:\/\/theo.niranbio.com\/pt-br\/#organization\",\"name\":\"Niranbio Chemical\",\"url\":\"https:\/\/theo.niranbio.com\/pt-br\/\",\"logo\":{\"@type\":\"ImageObject\",\"inLanguage\":\"pt-BR\",\"@id\":\"https:\/\/theo.niranbio.com\/pt-br\/#\/schema\/logo\/image\/\",\"url\":\"https:\/\/theo.niranbio.com\/wp-content\/uploads\/2024\/06\/Niranbio.png\",\"contentUrl\":\"https:\/\/theo.niranbio.com\/wp-content\/uploads\/2024\/06\/Niranbio.png\",\"width\":270,\"height\":100,\"caption\":\"Niranbio Chemical\"},\"image\":{\"@id\":\"https:\/\/theo.niranbio.com\/pt-br\/#\/schema\/logo\/image\/\"}}]}<\/script>\n<!-- \/ Yoast SEO plugin. -->","yoast_head_json":{"title":"\u00c1cido Asc\u00f3rbico P\u00f3 Pre\u00e7o, E300 Comprar | Niranbio Chemical","description":"Nosso p\u00f3 de \u00e1cido asc\u00f3rbico E300 tem um p\u00f3 cristalino branco e pode ser utilizado no setor aliment\u00edcio como suplemento nutricional e antioxidante.","robots":{"index":"noindex","follow":"follow","max-snippet":"max-snippet:-1","max-image-preview":"max-image-preview:large","max-video-preview":"max-video-preview:-1"},"twitter_misc":{"Est. tempo de leitura":"4 minutos"},"schema":{"@context":"https:\/\/schema.org","@graph":[{"@type":"WebPage","@id":"https:\/\/theo.niranbio.com\/pt-br\/acido-ascorbico-em-po.html","url":"https:\/\/theo.niranbio.com\/pt-br\/acido-ascorbico-em-po.html","name":"\u00c1cido Asc\u00f3rbico P\u00f3 Pre\u00e7o, E300 Comprar | Niranbio Chemical","isPartOf":{"@id":"https:\/\/theo.niranbio.com\/pt-br\/#website"},"primaryImageOfPage":{"@id":"https:\/\/theo.niranbio.com\/pt-br\/acido-ascorbico-em-po.html#primaryimage"},"image":{"@id":"https:\/\/theo.niranbio.com\/pt-br\/acido-ascorbico-em-po.html#primaryimage"},"thumbnailUrl":"https:\/\/theo.niranbio.com\/wp-content\/uploads\/2024\/06\/Ascorbic-Acid.webp","datePublished":"2024-06-20T02:59:50+00:00","dateModified":"2024-08-19T02:38:06+00:00","description":"Nosso p\u00f3 de \u00e1cido asc\u00f3rbico E300 tem um p\u00f3 cristalino branco e pode ser utilizado no setor aliment\u00edcio como suplemento nutricional e antioxidante.","breadcrumb":{"@id":"https:\/\/theo.niranbio.com\/pt-br\/acido-ascorbico-em-po.html#breadcrumb"},"inLanguage":"pt-BR","potentialAction":[{"@type":"ReadAction","target":["https:\/\/theo.niranbio.com\/pt-br\/acido-ascorbico-em-po.html"]}]},{"@type":"ImageObject","inLanguage":"pt-BR","@id":"https:\/\/theo.niranbio.com\/pt-br\/acido-ascorbico-em-po.html#primaryimage","url":"https:\/\/theo.niranbio.com\/wp-content\/uploads\/2024\/06\/Ascorbic-Acid.webp","contentUrl":"https:\/\/theo.niranbio.com\/wp-content\/uploads\/2024\/06\/Ascorbic-Acid.webp","width":600,"height":600,"caption":"\u00c1cido asc\u00f3rbico"},{"@type":"BreadcrumbList","@id":"https:\/\/theo.niranbio.com\/pt-br\/acido-ascorbico-em-po.html#breadcrumb","itemListElement":[{"@type":"ListItem","position":1,"name":"Home","item":"https:\/\/theo.niranbio.com\/pt-br\/"},{"@type":"ListItem","position":2,"name":"Produtos","item":"https:\/\/theo.niranbio.com\/pt-br\/produtos.html"},{"@type":"ListItem","position":3,"name":"Antioxidante","item":"https:\/\/theo.niranbio.com\/pt-br\/produto-antioxidante\/"},{"@type":"ListItem","position":4,"name":"\u00c1cido asc\u00f3rbico"}]},{"@type":"WebSite","@id":"https:\/\/theo.niranbio.com\/pt-br\/#website","url":"https:\/\/theo.niranbio.com\/pt-br\/","name":"Niranbio Chemical","description":"","publisher":{"@id":"https:\/\/theo.niranbio.com\/pt-br\/#organization"},"potentialAction":[{"@type":"SearchAction","target":{"@type":"EntryPoint","urlTemplate":"https:\/\/theo.niranbio.com\/pt-br\/?s={search_term_string}"},"query-input":{"@type":"PropertyValueSpecification","valueRequired":true,"valueName":"search_term_string"}}],"inLanguage":"pt-BR"},{"@type":"Organization","@id":"https:\/\/theo.niranbio.com\/pt-br\/#organization","name":"Niranbio Chemical","url":"https:\/\/theo.niranbio.com\/pt-br\/","logo":{"@type":"ImageObject","inLanguage":"pt-BR","@id":"https:\/\/theo.niranbio.com\/pt-br\/#\/schema\/logo\/image\/","url":"https:\/\/theo.niranbio.com\/wp-content\/uploads\/2024\/06\/Niranbio.png","contentUrl":"https:\/\/theo.niranbio.com\/wp-content\/uploads\/2024\/06\/Niranbio.png","width":270,"height":100,"caption":"Niranbio Chemical"},"image":{"@id":"https:\/\/theo.niranbio.com\/pt-br\/#\/schema\/logo\/image\/"}}]}},"_links":{"self":[{"href":"https:\/\/theo.niranbio.com\/pt-br\/wp-json\/wp\/v2\/product\/8632","targetHints":{"allow":["GET"]}}],"collection":[{"href":"https:\/\/theo.niranbio.com\/pt-br\/wp-json\/wp\/v2\/product"}],"about":[{"href":"https:\/\/theo.niranbio.com\/pt-br\/wp-json\/wp\/v2\/types\/product"}],"version-history":[{"count":0,"href":"https:\/\/theo.niranbio.com\/pt-br\/wp-json\/wp\/v2\/product\/8632\/revisions"}],"wp:featuredmedia":[{"embeddable":true,"href":"https:\/\/theo.niranbio.com\/pt-br\/wp-json\/wp\/v2\/media\/8633"}],"wp:attachment":[{"href":"https:\/\/theo.niranbio.com\/pt-br\/wp-json\/wp\/v2\/media?parent=8632"}],"wp:term":[{"taxonomy":"product_brand","embeddable":true,"href":"https:\/\/theo.niranbio.com\/pt-br\/wp-json\/wp\/v2\/product_brand?post=8632"},{"taxonomy":"product_cat","embeddable":true,"href":"https:\/\/theo.niranbio.com\/pt-br\/wp-json\/wp\/v2\/product_cat?post=8632"},{"taxonomy":"product_tag","embeddable":true,"href":"https:\/\/theo.niranbio.com\/pt-br\/wp-json\/wp\/v2\/product_tag?post=8632"}],"curies":[{"name":"wp","href":"https:\/\/api.w.org\/{rel}","templated":true}]}}