{"id":8629,"date":"2024-06-20T11:00:32","date_gmt":"2024-06-20T03:00:32","guid":{"rendered":"https:\/\/theo.niranbio.com\/acido-rosmarinico\/"},"modified":"2024-08-19T10:34:15","modified_gmt":"2024-08-19T02:34:15","slug":"acido-rosmarinico","status":"publish","type":"product","link":"https:\/\/theo.niranbio.com\/pt-br\/acido-rosmarinico.html","title":{"rendered":"\u00c1cido rosmar\u00ednico"},"content":{"rendered":"<h2><span class=\"ez-toc-section\" id=\"O_que_e_o_acido_rosmarinico\"><\/span>O que \u00e9 o \u00e1cido rosmar\u00ednico?<span class=\"ez-toc-section-end\"><\/span><\/h2>\n<p>Isolado do alecrim, uma planta pertencente \u00e0 fam\u00edlia Lamiaceae, o \u00e1cido rosmar\u00ednico \u00e9 um produto qu\u00edmico org\u00e2nico sol\u00favel em \u00e1gua e que cont\u00e9m \u00e1cido fen\u00f3lico. Ele aparece como um p\u00f3 amarelo claro a marrom que \u00e9 f\u00e1cil de absorver umidade; tem um cheiro especial de ervas de alecrim e \u00e9 amplamente utilizado em alimentos, bebidas, ind\u00fastria biofarmac\u00eautica e ind\u00fastria de cosm\u00e9ticos. Existem v\u00e1rios processos de prepara\u00e7\u00e3o para o \u00e1cido rosmar\u00ednico na China:<\/p>\n<p>1. Mergulhe as plantas de alecrim (como folhas de alecrim) em um solvente org\u00e2nico e use o solvente para extrair o \u00e1cido rosmar\u00ednico do material vegetal. O solvente extra\u00eddo \u00e9 concentrado e refinado para obter o \u00e1cido rosmar\u00ednico. Sua grande efici\u00eancia e opera\u00e7\u00e3o muito f\u00e1cil o tornam uma escolha popular na ind\u00fastria dom\u00e9stica.<\/p>\n<p>2. Sintetize o \u00e1cido rosmar\u00ednico no laborat\u00f3rio por meio de rea\u00e7\u00f5es qu\u00edmicas. Este m\u00e9todo envolve o uso de reagentes qu\u00edmicos e catalisadores espec\u00edficos e geralmente requer controle rigoroso das condi\u00e7\u00f5es de rea\u00e7\u00e3o. A s\u00edntese qu\u00edmica \u00e9 usada para pesquisa experimental e produ\u00e7\u00e3o em pequena escala.<\/p>\n<p>3. Use microrganismos espec\u00edficos (como bact\u00e9rias, leveduras ou fungos) para fermentar e produzir \u00e1cido rosmar\u00ednico. Os microrganismos convertem mat\u00e9rias-primas em \u00e1cido rosmar\u00ednico por meio de processos metab\u00f3licos. Produ\u00e7\u00e3o em pequena escala e pesquisa s\u00e3o os usos t\u00edpicos para essa t\u00e9cnica.<\/p>\n<h2><span class=\"ez-toc-section\" id=\"Dosagem_recomendada\"><\/span>Dosagem recomendada:<span class=\"ez-toc-section-end\"><\/span><\/h2>\n<table>\n<tbody>\n<tr>\n<td><strong>Nome do alimento<\/strong><\/td>\n<td><strong>Uso m\u00e1ximo (g\/kg)<\/strong><\/td>\n<\/tr>\n<tr>\n<td>Bebidas<\/td>\n<td>0,05-0,2 g\/kg<\/td>\n<\/tr>\n<tr>\n<td>Doces<\/td>\n<td>0,1-0,3 g\/kg<\/td>\n<\/tr>\n<tr>\n<td>Suco<\/td>\n<td>0,05-0,15 g\/kg<\/td>\n<\/tr>\n<tr>\n<td>Produtos l\u00e1cteos<\/td>\n<td>0,05-0,2 g\/kg<\/td>\n<\/tr>\n<tr>\n<td>Biscoitos<\/td>\n<td>0,1-0,3 g\/kg<\/td>\n<\/tr>\n<tr>\n<td>Bolos<\/td>\n<td>0,1-0,3 g\/kg<\/td>\n<\/tr>\n<tr>\n<td>Chocolate<\/td>\n<td>0,1-0,3 g\/kg<\/td>\n<\/tr>\n<tr>\n<td>Temperos<\/td>\n<td>0,2-0,5 g\/kg<\/td>\n<\/tr>\n<tr>\n<td>Produtos c\u00e1rneos<\/td>\n<td>0,2-0,4 g\/kg<\/td>\n<\/tr>\n<tr>\n<td>Molho para salada<\/td>\n<td>0,2-0,5 g\/kg<\/td>\n<\/tr>\n<tr>\n<td>Cerveja<\/td>\n<td>0,05-0,2 g\/kg<\/td>\n<\/tr>\n<tr>\n<td>Refrigerantes<\/td>\n<td>0,05-0,2 g\/kg<\/td>\n<\/tr>\n<tr>\n<td>Bebidas funcionais<\/td>\n<td>0,1-0,3 g\/kg<\/td>\n<\/tr>\n<tr>\n<td>Queijo<\/td>\n<td>0,1-0,3 g\/kg<\/td>\n<\/tr>\n<tr>\n<td>Molho de soja<\/td>\n<td>0,2-0,5 g\/kg<\/td>\n<\/tr>\n<\/tbody>\n<\/table>\n<h2><span class=\"ez-toc-section\" id=\"O_acido_rosmarinico_tem_uma_ampla_gama_de_usos\"><\/span>O \u00e1cido rosmar\u00ednico tem uma ampla gama de usos<span class=\"ez-toc-section-end\"><\/span><\/h2>\n<p>1. O \u00e1cido rosmar\u00ednico \u00e9 um poderoso antioxidante que pode neutralizar radicais livres, reduzir o estresse oxidativo e combater o envelhecimento e os danos celulares.<\/p>\n<p>2. O \u00e1cido rosmar\u00ednico tem um efeito inibit\u00f3rio sobre uma variedade de bact\u00e9rias, fungos e v\u00edrus, o que ajuda a estender a vida \u00fatil dos alimentos e evitar a deteriora\u00e7\u00e3o.<\/p>\n<p>3. O \u00e1cido rosmar\u00ednico pode inibir a produ\u00e7\u00e3o de mediadores inflamat\u00f3rios, reduzir rea\u00e7\u00f5es inflamat\u00f3rias e tem efeitos terap\u00eauticos potenciais em uma variedade de doen\u00e7as inflamat\u00f3rias.<\/p>\n<p>4. O \u00e1cido rosmar\u00ednico pode melhorar a fun\u00e7\u00e3o imunol\u00f3gica do corpo, aumentar a atividade das c\u00e9lulas imunol\u00f3gicas e aumentar a resist\u00eancia a doen\u00e7as.<\/p>\n<p>5. A libera\u00e7\u00e3o de histamina pode ser inibida, as rea\u00e7\u00f5es al\u00e9rgicas podem ser diminu\u00eddas e as doen\u00e7as al\u00e9rgicas podem ser aliviadas com \u00e1cido rosmar\u00ednico.<\/p>\n<p>6. O \u00e1cido do alecrim tem a capacidade de proteger as c\u00e9lulas nervosas e pode impedir o desenvolvimento de doen\u00e7as neurodegenerativas como o Alzheimer.<\/p>\n<h2><span class=\"ez-toc-section\" id=\"O_usuario_fez_a_seguinte_pergunta\"><\/span>O usu\u00e1rio fez a seguinte pergunta:<span class=\"ez-toc-section-end\"><\/span><\/h2>\n<p>Pergunta: \u00c9 verdade que o \u00e1cido rosmar\u00ednico afeta a mem\u00f3ria das pessoas?<\/p>\n<p>Resposta: Entre outras plantas, o alecrim cont\u00e9m o componente polifen\u00f3lico \u00e1cido rosmar\u00ednico. Ele tem poderosas propriedades antioxidantes e anti-inflamat\u00f3rias, que podem proteger as c\u00e9lulas cerebrais de danos causados \u200b\u200bpor estresse oxidativo e inflama\u00e7\u00e3o, ajudando assim a manter e melhorar a fun\u00e7\u00e3o cognitiva.<\/p>\n<p>Alguns estudos mostraram que o \u00e1cido rosmar\u00ednico pode proteger neur\u00f4nios e prevenir o desenvolvimento de doen\u00e7as neurodegenerativas, o que pode ajudar a manter e melhorar a mem\u00f3ria. Em experimentos com animais, descobriu-se que o \u00e1cido rosmar\u00ednico melhora as habilidades de aprendizado e mem\u00f3ria de animais experimentais, sugerindo que ele pode ter potencial para melhorar a fun\u00e7\u00e3o cognitiva humana.<\/p>\n","protected":false},"excerpt":{"rendered":"<ul>\n<li>CAS: 20283-92-5;537-15-5<\/li>\n<li>F\u00f3rmula qu\u00edmica: C<sub>18<\/sub>H<sub>16<\/sub>O<sub>8<\/sub><\/li>\n<li>Certifica\u00e7\u00f5es: KOSHER, ISO, HALAL, FSSC22000, BRC, etc.<\/li>\n<li>Padr\u00e3o:<\/li>\n<li>Quantidade m\u00ednima do pedido: 1000KG<\/li>\n<li>Prazo de validade: 2 anos<\/li>\n<\/ul>\n","protected":false},"featured_media":8630,"template":"","meta":{"site-sidebar-layout":"default","site-content-layout":"","ast-site-content-layout":"default","site-content-style":"default","site-sidebar-style":"default","ast-global-header-display":"","ast-banner-title-visibility":"","ast-main-header-display":"","ast-hfb-above-header-display":"","ast-hfb-below-header-display":"","ast-hfb-mobile-header-display":"","site-post-title":"","ast-breadcrumbs-content":"","ast-featured-img":"","footer-sml-layout":"","theme-transparent-header-meta":"default","adv-header-id-meta":"","stick-header-meta":"","header-above-stick-meta":"","header-main-stick-meta":"","header-below-stick-meta":"","astra-migrate-meta-layouts":"set","ast-page-background-enabled":"default","ast-page-background-meta":{"desktop":{"background-color":"var(--ast-global-color-4)","background-image":"","background-repeat":"repeat","background-position":"center center","background-size":"auto","background-attachment":"scroll","background-type":"","background-media":"","overlay-type":"","overlay-color":"","overlay-opacity":"","overlay-gradient":""},"tablet":{"background-color":"","background-image":"","background-repeat":"repeat","background-position":"center center","background-size":"auto","background-attachment":"scroll","background-type":"","background-media":"","overlay-type":"","overlay-color":"","overlay-opacity":"","overlay-gradient":""},"mobile":{"background-color":"","background-image":"","background-repeat":"repeat","background-position":"center center","background-size":"auto","background-attachment":"scroll","background-type":"","background-media":"","overlay-type":"","overlay-color":"","overlay-opacity":"","overlay-gradient":""}},"ast-content-background-meta":{"desktop":{"background-color":"var(--ast-global-color-5)","background-image":"","background-repeat":"repeat","background-position":"center center","background-size":"auto","background-attachment":"scroll","background-type":"","background-media":"","overlay-type":"","overlay-color":"","overlay-opacity":"","overlay-gradient":""},"tablet":{"background-color":"var(--ast-global-color-5)","background-image":"","background-repeat":"repeat","background-position":"center center","background-size":"auto","background-attachment":"scroll","background-type":"","background-media":"","overlay-type":"","overlay-color":"","overlay-opacity":"","overlay-gradient":""},"mobile":{"background-color":"var(--ast-global-color-5)","background-image":"","background-repeat":"repeat","background-position":"center center","background-size":"auto","background-attachment":"scroll","background-type":"","background-media":"","overlay-type":"","overlay-color":"","overlay-opacity":"","overlay-gradient":""}}},"product_brand":[],"product_cat":[81],"product_tag":[],"class_list":{"0":"post-8629","1":"product","2":"type-product","3":"status-publish","4":"has-post-thumbnail","6":"product_cat-produto-antioxidante","7":"desktop-align-center","8":"tablet-align-left","9":"mobile-align-left","11":"first","12":"instock","13":"shipping-taxable","14":"product-type-simple"},"yoast_head":"<!-- This site is optimized with the Yoast SEO plugin v26.5 - https:\/\/yoast.com\/wordpress\/plugins\/seo\/ -->\n<title>Fornecemos De \u00c1cido Rosmar\u00ednico, \u00c1cido Rosmar\u00ednico Comprar | Niranbio Chemical<\/title>\n<meta name=\"description\" content=\"Nosso \u00e1cido rosmar\u00ednico aparece como um p\u00f3 amarelo claro a marrom e \u00e9 amplamente usado nas ind\u00fastrias de alimentos, bebidas e biofarmac\u00eauticas.\" \/>\n<meta name=\"robots\" content=\"noindex, follow, max-snippet:-1, max-image-preview:large, max-video-preview:-1\" \/>\n<meta name=\"twitter:label1\" content=\"Est. tempo de leitura\" \/>\n\t<meta name=\"twitter:data1\" content=\"3 minutos\" \/>\n<script type=\"application\/ld+json\" class=\"yoast-schema-graph\">{\"@context\":\"https:\/\/schema.org\",\"@graph\":[{\"@type\":\"WebPage\",\"@id\":\"https:\/\/theo.niranbio.com\/pt-br\/acido-rosmarinico.html\",\"url\":\"https:\/\/theo.niranbio.com\/pt-br\/acido-rosmarinico.html\",\"name\":\"Fornecemos De \u00c1cido Rosmar\u00ednico, \u00c1cido Rosmar\u00ednico Comprar | Niranbio Chemical\",\"isPartOf\":{\"@id\":\"https:\/\/theo.niranbio.com\/pt-br\/#website\"},\"primaryImageOfPage\":{\"@id\":\"https:\/\/theo.niranbio.com\/pt-br\/acido-rosmarinico.html#primaryimage\"},\"image\":{\"@id\":\"https:\/\/theo.niranbio.com\/pt-br\/acido-rosmarinico.html#primaryimage\"},\"thumbnailUrl\":\"https:\/\/theo.niranbio.com\/wp-content\/uploads\/2024\/06\/Water-Soluble-Rosemary-Extract.webp\",\"datePublished\":\"2024-06-20T03:00:32+00:00\",\"dateModified\":\"2024-08-19T02:34:15+00:00\",\"description\":\"Nosso \u00e1cido rosmar\u00ednico aparece como um p\u00f3 amarelo claro a marrom e \u00e9 amplamente usado nas ind\u00fastrias de alimentos, bebidas e biofarmac\u00eauticas.\",\"breadcrumb\":{\"@id\":\"https:\/\/theo.niranbio.com\/pt-br\/acido-rosmarinico.html#breadcrumb\"},\"inLanguage\":\"pt-BR\",\"potentialAction\":[{\"@type\":\"ReadAction\",\"target\":[\"https:\/\/theo.niranbio.com\/pt-br\/acido-rosmarinico.html\"]}]},{\"@type\":\"ImageObject\",\"inLanguage\":\"pt-BR\",\"@id\":\"https:\/\/theo.niranbio.com\/pt-br\/acido-rosmarinico.html#primaryimage\",\"url\":\"https:\/\/theo.niranbio.com\/wp-content\/uploads\/2024\/06\/Water-Soluble-Rosemary-Extract.webp\",\"contentUrl\":\"https:\/\/theo.niranbio.com\/wp-content\/uploads\/2024\/06\/Water-Soluble-Rosemary-Extract.webp\",\"width\":600,\"height\":600},{\"@type\":\"BreadcrumbList\",\"@id\":\"https:\/\/theo.niranbio.com\/pt-br\/acido-rosmarinico.html#breadcrumb\",\"itemListElement\":[{\"@type\":\"ListItem\",\"position\":1,\"name\":\"Home\",\"item\":\"https:\/\/theo.niranbio.com\/pt-br\/\"},{\"@type\":\"ListItem\",\"position\":2,\"name\":\"Produtos\",\"item\":\"https:\/\/theo.niranbio.com\/pt-br\/produtos.html\"},{\"@type\":\"ListItem\",\"position\":3,\"name\":\"Antioxidante\",\"item\":\"https:\/\/theo.niranbio.com\/pt-br\/produto-antioxidante\/\"},{\"@type\":\"ListItem\",\"position\":4,\"name\":\"\u00c1cido rosmar\u00ednico\"}]},{\"@type\":\"WebSite\",\"@id\":\"https:\/\/theo.niranbio.com\/pt-br\/#website\",\"url\":\"https:\/\/theo.niranbio.com\/pt-br\/\",\"name\":\"Niranbio Chemical\",\"description\":\"\",\"publisher\":{\"@id\":\"https:\/\/theo.niranbio.com\/pt-br\/#organization\"},\"potentialAction\":[{\"@type\":\"SearchAction\",\"target\":{\"@type\":\"EntryPoint\",\"urlTemplate\":\"https:\/\/theo.niranbio.com\/pt-br\/?s={search_term_string}\"},\"query-input\":{\"@type\":\"PropertyValueSpecification\",\"valueRequired\":true,\"valueName\":\"search_term_string\"}}],\"inLanguage\":\"pt-BR\"},{\"@type\":\"Organization\",\"@id\":\"https:\/\/theo.niranbio.com\/pt-br\/#organization\",\"name\":\"Niranbio Chemical\",\"url\":\"https:\/\/theo.niranbio.com\/pt-br\/\",\"logo\":{\"@type\":\"ImageObject\",\"inLanguage\":\"pt-BR\",\"@id\":\"https:\/\/theo.niranbio.com\/pt-br\/#\/schema\/logo\/image\/\",\"url\":\"https:\/\/theo.niranbio.com\/wp-content\/uploads\/2024\/06\/Niranbio.png\",\"contentUrl\":\"https:\/\/theo.niranbio.com\/wp-content\/uploads\/2024\/06\/Niranbio.png\",\"width\":270,\"height\":100,\"caption\":\"Niranbio Chemical\"},\"image\":{\"@id\":\"https:\/\/theo.niranbio.com\/pt-br\/#\/schema\/logo\/image\/\"}}]}<\/script>\n<!-- \/ Yoast SEO plugin. -->","yoast_head_json":{"title":"Fornecemos De \u00c1cido Rosmar\u00ednico, \u00c1cido Rosmar\u00ednico Comprar | Niranbio Chemical","description":"Nosso \u00e1cido rosmar\u00ednico aparece como um p\u00f3 amarelo claro a marrom e \u00e9 amplamente usado nas ind\u00fastrias de alimentos, bebidas e biofarmac\u00eauticas.","robots":{"index":"noindex","follow":"follow","max-snippet":"max-snippet:-1","max-image-preview":"max-image-preview:large","max-video-preview":"max-video-preview:-1"},"twitter_misc":{"Est. tempo de leitura":"3 minutos"},"schema":{"@context":"https:\/\/schema.org","@graph":[{"@type":"WebPage","@id":"https:\/\/theo.niranbio.com\/pt-br\/acido-rosmarinico.html","url":"https:\/\/theo.niranbio.com\/pt-br\/acido-rosmarinico.html","name":"Fornecemos De \u00c1cido Rosmar\u00ednico, \u00c1cido Rosmar\u00ednico Comprar | Niranbio Chemical","isPartOf":{"@id":"https:\/\/theo.niranbio.com\/pt-br\/#website"},"primaryImageOfPage":{"@id":"https:\/\/theo.niranbio.com\/pt-br\/acido-rosmarinico.html#primaryimage"},"image":{"@id":"https:\/\/theo.niranbio.com\/pt-br\/acido-rosmarinico.html#primaryimage"},"thumbnailUrl":"https:\/\/theo.niranbio.com\/wp-content\/uploads\/2024\/06\/Water-Soluble-Rosemary-Extract.webp","datePublished":"2024-06-20T03:00:32+00:00","dateModified":"2024-08-19T02:34:15+00:00","description":"Nosso \u00e1cido rosmar\u00ednico aparece como um p\u00f3 amarelo claro a marrom e \u00e9 amplamente usado nas ind\u00fastrias de alimentos, bebidas e biofarmac\u00eauticas.","breadcrumb":{"@id":"https:\/\/theo.niranbio.com\/pt-br\/acido-rosmarinico.html#breadcrumb"},"inLanguage":"pt-BR","potentialAction":[{"@type":"ReadAction","target":["https:\/\/theo.niranbio.com\/pt-br\/acido-rosmarinico.html"]}]},{"@type":"ImageObject","inLanguage":"pt-BR","@id":"https:\/\/theo.niranbio.com\/pt-br\/acido-rosmarinico.html#primaryimage","url":"https:\/\/theo.niranbio.com\/wp-content\/uploads\/2024\/06\/Water-Soluble-Rosemary-Extract.webp","contentUrl":"https:\/\/theo.niranbio.com\/wp-content\/uploads\/2024\/06\/Water-Soluble-Rosemary-Extract.webp","width":600,"height":600},{"@type":"BreadcrumbList","@id":"https:\/\/theo.niranbio.com\/pt-br\/acido-rosmarinico.html#breadcrumb","itemListElement":[{"@type":"ListItem","position":1,"name":"Home","item":"https:\/\/theo.niranbio.com\/pt-br\/"},{"@type":"ListItem","position":2,"name":"Produtos","item":"https:\/\/theo.niranbio.com\/pt-br\/produtos.html"},{"@type":"ListItem","position":3,"name":"Antioxidante","item":"https:\/\/theo.niranbio.com\/pt-br\/produto-antioxidante\/"},{"@type":"ListItem","position":4,"name":"\u00c1cido rosmar\u00ednico"}]},{"@type":"WebSite","@id":"https:\/\/theo.niranbio.com\/pt-br\/#website","url":"https:\/\/theo.niranbio.com\/pt-br\/","name":"Niranbio Chemical","description":"","publisher":{"@id":"https:\/\/theo.niranbio.com\/pt-br\/#organization"},"potentialAction":[{"@type":"SearchAction","target":{"@type":"EntryPoint","urlTemplate":"https:\/\/theo.niranbio.com\/pt-br\/?s={search_term_string}"},"query-input":{"@type":"PropertyValueSpecification","valueRequired":true,"valueName":"search_term_string"}}],"inLanguage":"pt-BR"},{"@type":"Organization","@id":"https:\/\/theo.niranbio.com\/pt-br\/#organization","name":"Niranbio Chemical","url":"https:\/\/theo.niranbio.com\/pt-br\/","logo":{"@type":"ImageObject","inLanguage":"pt-BR","@id":"https:\/\/theo.niranbio.com\/pt-br\/#\/schema\/logo\/image\/","url":"https:\/\/theo.niranbio.com\/wp-content\/uploads\/2024\/06\/Niranbio.png","contentUrl":"https:\/\/theo.niranbio.com\/wp-content\/uploads\/2024\/06\/Niranbio.png","width":270,"height":100,"caption":"Niranbio Chemical"},"image":{"@id":"https:\/\/theo.niranbio.com\/pt-br\/#\/schema\/logo\/image\/"}}]}},"_links":{"self":[{"href":"https:\/\/theo.niranbio.com\/pt-br\/wp-json\/wp\/v2\/product\/8629","targetHints":{"allow":["GET"]}}],"collection":[{"href":"https:\/\/theo.niranbio.com\/pt-br\/wp-json\/wp\/v2\/product"}],"about":[{"href":"https:\/\/theo.niranbio.com\/pt-br\/wp-json\/wp\/v2\/types\/product"}],"version-history":[{"count":0,"href":"https:\/\/theo.niranbio.com\/pt-br\/wp-json\/wp\/v2\/product\/8629\/revisions"}],"wp:featuredmedia":[{"embeddable":true,"href":"https:\/\/theo.niranbio.com\/pt-br\/wp-json\/wp\/v2\/media\/8630"}],"wp:attachment":[{"href":"https:\/\/theo.niranbio.com\/pt-br\/wp-json\/wp\/v2\/media?parent=8629"}],"wp:term":[{"taxonomy":"product_brand","embeddable":true,"href":"https:\/\/theo.niranbio.com\/pt-br\/wp-json\/wp\/v2\/product_brand?post=8629"},{"taxonomy":"product_cat","embeddable":true,"href":"https:\/\/theo.niranbio.com\/pt-br\/wp-json\/wp\/v2\/product_cat?post=8629"},{"taxonomy":"product_tag","embeddable":true,"href":"https:\/\/theo.niranbio.com\/pt-br\/wp-json\/wp\/v2\/product_tag?post=8629"}],"curies":[{"name":"wp","href":"https:\/\/api.w.org\/{rel}","templated":true}]}}