{"id":8625,"date":"2024-06-20T11:02:34","date_gmt":"2024-06-20T03:02:34","guid":{"rendered":"https:\/\/theo.niranbio.com\/extrato-de-alecrim-em-po\/"},"modified":"2024-08-19T10:32:38","modified_gmt":"2024-08-19T02:32:38","slug":"extrato-de-alecrim-em-po","status":"publish","type":"product","link":"https:\/\/theo.niranbio.com\/pt-br\/extrato-de-alecrim-em-po.html","title":{"rendered":"Extrato de alecrim em p\u00f3"},"content":{"rendered":"<h2><span class=\"ez-toc-section\" id=\"O_que_e_o_extrato_de_alecrim_em_po\"><\/span>O que \u00e9 o extrato de alecrim em p\u00f3?<span class=\"ez-toc-section-end\"><\/span><\/h2>\n<p>Um antioxidante natural que \u00e9 retirado das plantas de alecrim \u00e9 chamado extrato de alecrim em p\u00f3. Ele tem uma apar\u00eancia de p\u00f3 marrom-amarelado e \u00e9 resistente a altas temperaturas. \u00c9 amplamente utilizado em molhos temperados, alimentos para animais de estima\u00e7\u00e3o e ra\u00e7\u00f5es, e tem efeitos antioxidantes e antienvelhecimento. Existem v\u00e1rios processos principais de prepara\u00e7\u00e3o para o p\u00f3 de extrato de alecrim na China:<\/p>\n<p>1. Ao ferver o alecrim em \u00e1gua, os ingredientes ativos s\u00e3o extra\u00eddos usando a solubilidade da \u00e1gua, e o extrato filtrado \u00e9 concentrado por evapora\u00e7\u00e3o de press\u00e3o reduzida ou liofiliza\u00e7\u00e3o para obter o p\u00f3 de extrato de alecrim. Este processo de prepara\u00e7\u00e3o tem baixa efici\u00eancia de extra\u00e7\u00e3o e muitas impurezas.<\/p>\n<p>2. Coloque as folhas de alecrim em etanol, deixe-as de molho em temperatura ambiente ou temperatura ligeiramente mais alta por um per\u00edodo de tempo, filtre a mistura embebida, remova as impurezas s\u00f3lidas e, em seguida, recupere o etanol por destila\u00e7\u00e3o para obter um extrato concentrado. Por fim, a mistura concentrada \u00e9 seca para produzir o extrato de alecrim em p\u00f3. Este processo de prepara\u00e7\u00e3o pode efetivamente extrair a atividade do alecrim, e \u00e9 de baixo custo, adequado para produ\u00e7\u00e3o industrial em larga escala, tem pouca polui\u00e7\u00e3o ambiental e \u00e9 amplamente utilizado.<\/p>\n<h2><span class=\"ez-toc-section\" id=\"Parametros_relacionados\"><\/span>Par\u00e2metros relacionados:<span class=\"ez-toc-section-end\"><\/span><\/h2>\n<table>\n<tbody>\n<tr>\n<td><strong>Pe\u00e7a usada<\/strong><\/td>\n<td><strong>Folha<\/strong><\/td>\n<\/tr>\n<tr>\n<td>Apar\u00eancia<\/td>\n<td>P\u00f3 fino<\/td>\n<\/tr>\n<tr>\n<td>Conte\u00fado de cinzas<\/td>\n<td>\u22645%<\/td>\n<\/tr>\n<tr>\n<td>Solvente de extrato<\/td>\n<td>Etanol e \u00e1gua<\/td>\n<\/tr>\n<tr>\n<td>M\u00e9todo de secagem<\/td>\n<td>Tingimento por spray<\/td>\n<\/tr>\n<tr>\n<td>Tamanho da part\u00edcula<\/td>\n<td>100%At\u00e9 80 mesh<\/td>\n<\/tr>\n<tr>\n<td>Perda na secagem<\/td>\n<td>\u22645.0%<\/td>\n<\/tr>\n<tr>\n<td>Densidade a granel<\/td>\n<td>40-60g\/100ml<\/td>\n<\/tr>\n<tr>\n<td>Ars\u00eanico<\/td>\n<td>\u22642ppm<\/td>\n<\/tr>\n<tr>\n<td>Chumbo<\/td>\n<td>\u22642ppm<\/td>\n<\/tr>\n<tr>\n<td>Contagem total de placas<\/td>\n<td>\u22641000cfu\/g<\/td>\n<\/tr>\n<tr>\n<td>Total de leveduras e mofo<\/td>\n<td>\u2264100cfu\/g<\/td>\n<\/tr>\n<\/tbody>\n<\/table>\n<h2><span class=\"ez-toc-section\" id=\"Dosagem_recomendada\"><\/span>Dosagem recomendada:<span class=\"ez-toc-section-end\"><\/span><\/h2>\n<table>\n<tbody>\n<tr>\n<td><strong>Nome do alimento<\/strong><\/td>\n<td><strong>Uso m\u00e1ximo (g\/kg)<\/strong><\/td>\n<\/tr>\n<tr>\n<td>Produtos c\u00e1rneos<\/td>\n<td>0,1-0,3 g\/kg<\/td>\n<\/tr>\n<tr>\n<td>Produtos de peixe<\/td>\n<td>0,2-0,5 g\/kg<\/td>\n<\/tr>\n<tr>\n<td>Produtos de aves<\/td>\n<td>0,2-0,4 g\/kg<\/td>\n<\/tr>\n<tr>\n<td>Molhos<\/td>\n<td>0,05-0,2 g\/kg<\/td>\n<\/tr>\n<tr>\n<td>Produtos de panifica\u00e7\u00e3o<\/td>\n<td>0,1-0,3 g\/kg<\/td>\n<\/tr>\n<tr>\n<td>Gorduras e \u00f3leos<\/td>\n<td>0,1-0,5 g\/kg<\/td>\n<\/tr>\n<tr>\n<td>Produtos l\u00e1cteos<\/td>\n<td>0,05-0,2 g\/kg<\/td>\n<\/tr>\n<tr>\n<td>Alimentos enlatados<\/td>\n<td>0,2-0,4 g\/kg<\/td>\n<\/tr>\n<tr>\n<td>Alimentos congelados<\/td>\n<td>0,1-0,3 g\/kg<\/td>\n<\/tr>\n<tr>\n<td>Produtos de ovos<\/td>\n<td>0,05-0,2 g\/kg<\/td>\n<\/tr>\n<tr>\n<td>\u00d3leos vegetais e gorduras animais<\/td>\n<td>0,2-0,5 g\/kg<\/td>\n<\/tr>\n<tr>\n<td>Salsichas<\/td>\n<td>0,2-0,4 g\/kg<\/td>\n<\/tr>\n<\/tbody>\n<\/table>\n<h2><span class=\"ez-toc-section\" id=\"O_extrato_de_alecrim_em_po_tem_uma_ampla_variedade_de_usos\"><\/span>O extrato de alecrim em p\u00f3 tem uma ampla variedade de usos<span class=\"ez-toc-section-end\"><\/span><\/h2>\n<p>1. O p\u00f3 de extrato de alecrim cont\u00e9m ingredientes antioxidantes ricos, como \u00e1cido rosmar\u00ednico, \u00e1cido urs\u00f3lico e \u00e1cido carn\u00f3sico, que podem efetivamente inibir a produ\u00e7\u00e3o de radicais livres, retardar o processo de oxida\u00e7\u00e3o de gorduras e \u00f3leos e estender a vida \u00fatil dos alimentos.<\/p>\n<p>2. O p\u00f3 de extrato de alecrim tem propriedades antibacterianas significativas, pode inibir o crescimento de uma variedade de bact\u00e9rias e fungos e \u00e9 usado para conservar alimentos e estender a vida \u00fatil.<\/p>\n<p>3. Os ingredientes ativos no p\u00f3 de extrato de alecrim t\u00eam potencial anti-inflamat\u00f3rio e antic\u00e2ncer e podem ser usados \u200b\u200bpara desenvolver alimentos saud\u00e1veis \u200b\u200be funcionais.<\/p>\n<p>4. O p\u00f3 de extrato de alecrim pode real\u00e7ar o sabor natural dos alimentos e reduzir o uso de aditivos artificiais.<\/p>\n<h2><span class=\"ez-toc-section\" id=\"O_usuario_fez_a_seguinte_pergunta\"><\/span>O usu\u00e1rio fez a seguinte pergunta:<span class=\"ez-toc-section-end\"><\/span><\/h2>\n<p>Pergunta: \u00c9 verdade que o p\u00f3 de extrato de alecrim pode promover o crescimento do cabelo?<\/p>\n<p>Resposta: Acredita-se que o extrato de alecrim em p\u00f3 pode ajudar a estimular o crescimento do cabelo de algumas maneiras. De acordo com certas pesquisas, o extrato de alecrim pode estimular o crescimento do cabelo ao aumentar o fluxo sangu\u00edneo do couro cabeludo e diminuir a inflama\u00e7\u00e3o. Os ingredientes ativos do alecrim, como o \u00e1cido rosmar\u00ednico, podem ajudar a retardar o processo de queda de cabelo e estimular os fol\u00edculos capilares. No entanto, embora esses efeitos tenham sido verificados em alguns estudos, mais ensaios cl\u00ednicos em larga escala s\u00e3o necess\u00e1rios para confirmar ainda mais sua efic\u00e1cia e seguran\u00e7a.<\/p>\n","protected":false},"excerpt":{"rendered":"<ul>\n<li>CAS: 3650-09-7<\/li>\n<li>F\u00f3rmula qu\u00edmica: C<sub>20<\/sub>H<sub>28<\/sub>O<sub>4<\/sub><\/li>\n<li>Certifica\u00e7\u00f5es: KOSHER, ISO, HALAL, FSSC22000, BRC, etc.<\/li>\n<li>Quantidade m\u00ednima do pedido: 1000KG<\/li>\n<li>Prazo de validade: 2 anos<\/li>\n<\/ul>\n<div id=\"gtx-trans\" style=\"position: absolute; left: -19px; top: 86.1094px;\">\n<div class=\"gtx-trans-icon\"><\/div>\n<\/div>\n","protected":false},"featured_media":8627,"template":"","meta":{"site-sidebar-layout":"default","site-content-layout":"","ast-site-content-layout":"default","site-content-style":"default","site-sidebar-style":"default","ast-global-header-display":"","ast-banner-title-visibility":"","ast-main-header-display":"","ast-hfb-above-header-display":"","ast-hfb-below-header-display":"","ast-hfb-mobile-header-display":"","site-post-title":"","ast-breadcrumbs-content":"","ast-featured-img":"","footer-sml-layout":"","theme-transparent-header-meta":"default","adv-header-id-meta":"","stick-header-meta":"","header-above-stick-meta":"","header-main-stick-meta":"","header-below-stick-meta":"","astra-migrate-meta-layouts":"set","ast-page-background-enabled":"default","ast-page-background-meta":{"desktop":{"background-color":"var(--ast-global-color-4)","background-image":"","background-repeat":"repeat","background-position":"center center","background-size":"auto","background-attachment":"scroll","background-type":"","background-media":"","overlay-type":"","overlay-color":"","overlay-opacity":"","overlay-gradient":""},"tablet":{"background-color":"","background-image":"","background-repeat":"repeat","background-position":"center center","background-size":"auto","background-attachment":"scroll","background-type":"","background-media":"","overlay-type":"","overlay-color":"","overlay-opacity":"","overlay-gradient":""},"mobile":{"background-color":"","background-image":"","background-repeat":"repeat","background-position":"center center","background-size":"auto","background-attachment":"scroll","background-type":"","background-media":"","overlay-type":"","overlay-color":"","overlay-opacity":"","overlay-gradient":""}},"ast-content-background-meta":{"desktop":{"background-color":"var(--ast-global-color-5)","background-image":"","background-repeat":"repeat","background-position":"center center","background-size":"auto","background-attachment":"scroll","background-type":"","background-media":"","overlay-type":"","overlay-color":"","overlay-opacity":"","overlay-gradient":""},"tablet":{"background-color":"var(--ast-global-color-5)","background-image":"","background-repeat":"repeat","background-position":"center center","background-size":"auto","background-attachment":"scroll","background-type":"","background-media":"","overlay-type":"","overlay-color":"","overlay-opacity":"","overlay-gradient":""},"mobile":{"background-color":"var(--ast-global-color-5)","background-image":"","background-repeat":"repeat","background-position":"center center","background-size":"auto","background-attachment":"scroll","background-type":"","background-media":"","overlay-type":"","overlay-color":"","overlay-opacity":"","overlay-gradient":""}}},"product_brand":[],"product_cat":[81],"product_tag":[],"class_list":{"0":"post-8625","1":"product","2":"type-product","3":"status-publish","4":"has-post-thumbnail","6":"product_cat-produto-antioxidante","7":"desktop-align-center","8":"tablet-align-left","9":"mobile-align-left","11":"first","12":"instock","13":"shipping-taxable","14":"product-type-simple"},"yoast_head":"<!-- This site is optimized with the Yoast SEO plugin v26.5 - https:\/\/yoast.com\/wordpress\/plugins\/seo\/ -->\n<title>Fabricante De Extrato De Alecrim, Extrato De Alecrim Compra | Niranbio Chemical<\/title>\n<meta name=\"description\" content=\"Nosso p\u00f3 de extrato de alecrim tem uma apar\u00eancia de p\u00f3 amarelo-amarronzado e \u00e9 amplamente usado em molhos de tempero, alimentos para animais de estima\u00e7\u00e3o e ra\u00e7\u00f5es.\" \/>\n<meta name=\"robots\" content=\"noindex, follow, max-snippet:-1, max-image-preview:large, max-video-preview:-1\" \/>\n<meta name=\"twitter:label1\" content=\"Est. tempo de leitura\" \/>\n\t<meta name=\"twitter:data1\" content=\"3 minutos\" \/>\n<script type=\"application\/ld+json\" class=\"yoast-schema-graph\">{\"@context\":\"https:\/\/schema.org\",\"@graph\":[{\"@type\":\"WebPage\",\"@id\":\"https:\/\/theo.niranbio.com\/pt-br\/extrato-de-alecrim-em-po.html\",\"url\":\"https:\/\/theo.niranbio.com\/pt-br\/extrato-de-alecrim-em-po.html\",\"name\":\"Fabricante De Extrato De Alecrim, Extrato De Alecrim Compra | Niranbio Chemical\",\"isPartOf\":{\"@id\":\"https:\/\/theo.niranbio.com\/pt-br\/#website\"},\"primaryImageOfPage\":{\"@id\":\"https:\/\/theo.niranbio.com\/pt-br\/extrato-de-alecrim-em-po.html#primaryimage\"},\"image\":{\"@id\":\"https:\/\/theo.niranbio.com\/pt-br\/extrato-de-alecrim-em-po.html#primaryimage\"},\"thumbnailUrl\":\"https:\/\/theo.niranbio.com\/wp-content\/uploads\/2024\/06\/Rosemary-Extract-Powder.webp\",\"datePublished\":\"2024-06-20T03:02:34+00:00\",\"dateModified\":\"2024-08-19T02:32:38+00:00\",\"description\":\"Nosso p\u00f3 de extrato de alecrim tem uma apar\u00eancia de p\u00f3 amarelo-amarronzado e \u00e9 amplamente usado em molhos de tempero, alimentos para animais de estima\u00e7\u00e3o e ra\u00e7\u00f5es.\",\"breadcrumb\":{\"@id\":\"https:\/\/theo.niranbio.com\/pt-br\/extrato-de-alecrim-em-po.html#breadcrumb\"},\"inLanguage\":\"pt-BR\",\"potentialAction\":[{\"@type\":\"ReadAction\",\"target\":[\"https:\/\/theo.niranbio.com\/pt-br\/extrato-de-alecrim-em-po.html\"]}]},{\"@type\":\"ImageObject\",\"inLanguage\":\"pt-BR\",\"@id\":\"https:\/\/theo.niranbio.com\/pt-br\/extrato-de-alecrim-em-po.html#primaryimage\",\"url\":\"https:\/\/theo.niranbio.com\/wp-content\/uploads\/2024\/06\/Rosemary-Extract-Powder.webp\",\"contentUrl\":\"https:\/\/theo.niranbio.com\/wp-content\/uploads\/2024\/06\/Rosemary-Extract-Powder.webp\",\"width\":600,\"height\":600,\"caption\":\"Extrato de Alecrim em P\u00f3\"},{\"@type\":\"BreadcrumbList\",\"@id\":\"https:\/\/theo.niranbio.com\/pt-br\/extrato-de-alecrim-em-po.html#breadcrumb\",\"itemListElement\":[{\"@type\":\"ListItem\",\"position\":1,\"name\":\"Home\",\"item\":\"https:\/\/theo.niranbio.com\/pt-br\/\"},{\"@type\":\"ListItem\",\"position\":2,\"name\":\"Produtos\",\"item\":\"https:\/\/theo.niranbio.com\/pt-br\/produtos.html\"},{\"@type\":\"ListItem\",\"position\":3,\"name\":\"Antioxidante\",\"item\":\"https:\/\/theo.niranbio.com\/pt-br\/produto-antioxidante\/\"},{\"@type\":\"ListItem\",\"position\":4,\"name\":\"Extrato de alecrim em p\u00f3\"}]},{\"@type\":\"WebSite\",\"@id\":\"https:\/\/theo.niranbio.com\/pt-br\/#website\",\"url\":\"https:\/\/theo.niranbio.com\/pt-br\/\",\"name\":\"Niranbio Chemical\",\"description\":\"\",\"publisher\":{\"@id\":\"https:\/\/theo.niranbio.com\/pt-br\/#organization\"},\"potentialAction\":[{\"@type\":\"SearchAction\",\"target\":{\"@type\":\"EntryPoint\",\"urlTemplate\":\"https:\/\/theo.niranbio.com\/pt-br\/?s={search_term_string}\"},\"query-input\":{\"@type\":\"PropertyValueSpecification\",\"valueRequired\":true,\"valueName\":\"search_term_string\"}}],\"inLanguage\":\"pt-BR\"},{\"@type\":\"Organization\",\"@id\":\"https:\/\/theo.niranbio.com\/pt-br\/#organization\",\"name\":\"Niranbio Chemical\",\"url\":\"https:\/\/theo.niranbio.com\/pt-br\/\",\"logo\":{\"@type\":\"ImageObject\",\"inLanguage\":\"pt-BR\",\"@id\":\"https:\/\/theo.niranbio.com\/pt-br\/#\/schema\/logo\/image\/\",\"url\":\"https:\/\/theo.niranbio.com\/wp-content\/uploads\/2024\/06\/Niranbio.png\",\"contentUrl\":\"https:\/\/theo.niranbio.com\/wp-content\/uploads\/2024\/06\/Niranbio.png\",\"width\":270,\"height\":100,\"caption\":\"Niranbio Chemical\"},\"image\":{\"@id\":\"https:\/\/theo.niranbio.com\/pt-br\/#\/schema\/logo\/image\/\"}}]}<\/script>\n<!-- \/ Yoast SEO plugin. -->","yoast_head_json":{"title":"Fabricante De Extrato De Alecrim, Extrato De Alecrim Compra | Niranbio Chemical","description":"Nosso p\u00f3 de extrato de alecrim tem uma apar\u00eancia de p\u00f3 amarelo-amarronzado e \u00e9 amplamente usado em molhos de tempero, alimentos para animais de estima\u00e7\u00e3o e ra\u00e7\u00f5es.","robots":{"index":"noindex","follow":"follow","max-snippet":"max-snippet:-1","max-image-preview":"max-image-preview:large","max-video-preview":"max-video-preview:-1"},"twitter_misc":{"Est. tempo de leitura":"3 minutos"},"schema":{"@context":"https:\/\/schema.org","@graph":[{"@type":"WebPage","@id":"https:\/\/theo.niranbio.com\/pt-br\/extrato-de-alecrim-em-po.html","url":"https:\/\/theo.niranbio.com\/pt-br\/extrato-de-alecrim-em-po.html","name":"Fabricante De Extrato De Alecrim, Extrato De Alecrim Compra | Niranbio Chemical","isPartOf":{"@id":"https:\/\/theo.niranbio.com\/pt-br\/#website"},"primaryImageOfPage":{"@id":"https:\/\/theo.niranbio.com\/pt-br\/extrato-de-alecrim-em-po.html#primaryimage"},"image":{"@id":"https:\/\/theo.niranbio.com\/pt-br\/extrato-de-alecrim-em-po.html#primaryimage"},"thumbnailUrl":"https:\/\/theo.niranbio.com\/wp-content\/uploads\/2024\/06\/Rosemary-Extract-Powder.webp","datePublished":"2024-06-20T03:02:34+00:00","dateModified":"2024-08-19T02:32:38+00:00","description":"Nosso p\u00f3 de extrato de alecrim tem uma apar\u00eancia de p\u00f3 amarelo-amarronzado e \u00e9 amplamente usado em molhos de tempero, alimentos para animais de estima\u00e7\u00e3o e ra\u00e7\u00f5es.","breadcrumb":{"@id":"https:\/\/theo.niranbio.com\/pt-br\/extrato-de-alecrim-em-po.html#breadcrumb"},"inLanguage":"pt-BR","potentialAction":[{"@type":"ReadAction","target":["https:\/\/theo.niranbio.com\/pt-br\/extrato-de-alecrim-em-po.html"]}]},{"@type":"ImageObject","inLanguage":"pt-BR","@id":"https:\/\/theo.niranbio.com\/pt-br\/extrato-de-alecrim-em-po.html#primaryimage","url":"https:\/\/theo.niranbio.com\/wp-content\/uploads\/2024\/06\/Rosemary-Extract-Powder.webp","contentUrl":"https:\/\/theo.niranbio.com\/wp-content\/uploads\/2024\/06\/Rosemary-Extract-Powder.webp","width":600,"height":600,"caption":"Extrato de Alecrim em P\u00f3"},{"@type":"BreadcrumbList","@id":"https:\/\/theo.niranbio.com\/pt-br\/extrato-de-alecrim-em-po.html#breadcrumb","itemListElement":[{"@type":"ListItem","position":1,"name":"Home","item":"https:\/\/theo.niranbio.com\/pt-br\/"},{"@type":"ListItem","position":2,"name":"Produtos","item":"https:\/\/theo.niranbio.com\/pt-br\/produtos.html"},{"@type":"ListItem","position":3,"name":"Antioxidante","item":"https:\/\/theo.niranbio.com\/pt-br\/produto-antioxidante\/"},{"@type":"ListItem","position":4,"name":"Extrato de alecrim em p\u00f3"}]},{"@type":"WebSite","@id":"https:\/\/theo.niranbio.com\/pt-br\/#website","url":"https:\/\/theo.niranbio.com\/pt-br\/","name":"Niranbio Chemical","description":"","publisher":{"@id":"https:\/\/theo.niranbio.com\/pt-br\/#organization"},"potentialAction":[{"@type":"SearchAction","target":{"@type":"EntryPoint","urlTemplate":"https:\/\/theo.niranbio.com\/pt-br\/?s={search_term_string}"},"query-input":{"@type":"PropertyValueSpecification","valueRequired":true,"valueName":"search_term_string"}}],"inLanguage":"pt-BR"},{"@type":"Organization","@id":"https:\/\/theo.niranbio.com\/pt-br\/#organization","name":"Niranbio Chemical","url":"https:\/\/theo.niranbio.com\/pt-br\/","logo":{"@type":"ImageObject","inLanguage":"pt-BR","@id":"https:\/\/theo.niranbio.com\/pt-br\/#\/schema\/logo\/image\/","url":"https:\/\/theo.niranbio.com\/wp-content\/uploads\/2024\/06\/Niranbio.png","contentUrl":"https:\/\/theo.niranbio.com\/wp-content\/uploads\/2024\/06\/Niranbio.png","width":270,"height":100,"caption":"Niranbio Chemical"},"image":{"@id":"https:\/\/theo.niranbio.com\/pt-br\/#\/schema\/logo\/image\/"}}]}},"_links":{"self":[{"href":"https:\/\/theo.niranbio.com\/pt-br\/wp-json\/wp\/v2\/product\/8625","targetHints":{"allow":["GET"]}}],"collection":[{"href":"https:\/\/theo.niranbio.com\/pt-br\/wp-json\/wp\/v2\/product"}],"about":[{"href":"https:\/\/theo.niranbio.com\/pt-br\/wp-json\/wp\/v2\/types\/product"}],"version-history":[{"count":0,"href":"https:\/\/theo.niranbio.com\/pt-br\/wp-json\/wp\/v2\/product\/8625\/revisions"}],"wp:featuredmedia":[{"embeddable":true,"href":"https:\/\/theo.niranbio.com\/pt-br\/wp-json\/wp\/v2\/media\/8627"}],"wp:attachment":[{"href":"https:\/\/theo.niranbio.com\/pt-br\/wp-json\/wp\/v2\/media?parent=8625"}],"wp:term":[{"taxonomy":"product_brand","embeddable":true,"href":"https:\/\/theo.niranbio.com\/pt-br\/wp-json\/wp\/v2\/product_brand?post=8625"},{"taxonomy":"product_cat","embeddable":true,"href":"https:\/\/theo.niranbio.com\/pt-br\/wp-json\/wp\/v2\/product_cat?post=8625"},{"taxonomy":"product_tag","embeddable":true,"href":"https:\/\/theo.niranbio.com\/pt-br\/wp-json\/wp\/v2\/product_tag?post=8625"}],"curies":[{"name":"wp","href":"https:\/\/api.w.org\/{rel}","templated":true}]}}