{"id":8622,"date":"2024-06-20T11:13:35","date_gmt":"2024-06-20T03:13:35","guid":{"rendered":"https:\/\/theo.niranbio.com\/ascorbato-de-sodio\/"},"modified":"2024-08-13T16:51:25","modified_gmt":"2024-08-13T08:51:25","slug":"ascorbato-de-sodio","status":"publish","type":"product","link":"https:\/\/theo.niranbio.com\/pt-br\/ascorbato-de-sodio.html","title":{"rendered":"Ascorbato de s\u00f3dio"},"content":{"rendered":"<h2><span class=\"ez-toc-section\" id=\"O_que_e_ascorbato_de_sodio\"><\/span>O que \u00e9 ascorbato de s\u00f3dio?<span class=\"ez-toc-section-end\"><\/span><\/h2>\n<p>A tonalidade do ascorbato de s\u00f3dio, que \u00e9 cristalino e pode ser branco ou levemente amarelo, varia. \u00c9 um material org\u00e2nico. \u00c9 inodoro e relativamente est\u00e1vel em estado seco. Pode ser usado como um intensificador de nutrientes alimentares na ind\u00fastria aliment\u00edcia, como corante e antioxidante. Desempenha o mesmo papel que a vitamina C. Existem dois processos principais de prepara\u00e7\u00e3o para o ascorbato de s\u00f3dio:<\/p>\n<p>1. Usando vitamina C (\u00e1cido asc\u00f3rbico) e sal de s\u00f3dio (como hidr\u00f3xido de s\u00f3dio) como mat\u00e9rias-primas. Usando extra\u00e7\u00e3o de solvente, cristaliza\u00e7\u00e3o e outras t\u00e9cnicas de separa\u00e7\u00e3o para remover impurezas para obter ascorbato de s\u00f3dio de alta pureza. Na China, esse processo de prepara\u00e7\u00e3o tem alta efici\u00eancia de produ\u00e7\u00e3o, \u00e9 adequado para produ\u00e7\u00e3o em larga escala, tem baixos custos de produ\u00e7\u00e3o e \u00e9 relativamente maduro.<\/p>\n<p>2. Usando microrganismos espec\u00edficos para converter mat\u00e9rias-primas em ascorbato de s\u00f3dio durante a fermenta\u00e7\u00e3o, mas o custo de produ\u00e7\u00e3o desse processo pode ser alto e os requisitos t\u00e9cnicos s\u00e3o complexos.<\/p>\n<h2><span class=\"ez-toc-section\" id=\"Parametros_relacionados\"><\/span>Par\u00e2metros relacionados:<span class=\"ez-toc-section-end\"><\/span><\/h2>\n<table>\n<tbody>\n<tr>\n<td><strong>Itens<\/strong><\/td>\n<td><strong>Padr\u00f5es<\/strong><\/td>\n<\/tr>\n<tr>\n<td>Teste para Ascorbato<\/td>\n<td>Aprovado<\/td>\n<\/tr>\n<tr>\n<td>Teste para s\u00f3dio<\/td>\n<td>Aprovado<\/td>\n<\/tr>\n<tr>\n<td>Rota\u00e7\u00e3o \u00f3ptica espec\u00edfica<\/td>\n<td>+103\u00b0-+106\u00b0<\/td>\n<\/tr>\n<tr>\n<td>PH (solu\u00e7\u00e3o aquosa a 10%)<\/td>\n<td>7.0-8.0<\/td>\n<\/tr>\n<tr>\n<td>Perda de secagem<\/td>\n<td>\u22640.25%<\/td>\n<\/tr>\n<tr>\n<td>Metais pesados<\/td>\n<td>\u226410ppm<\/td>\n<\/tr>\n<tr>\n<td>\u00c1cido ox\u00e1lico<\/td>\n<td>\u22640.3%<\/td>\n<\/tr>\n<tr>\n<td>Ars\u00eanico<\/td>\n<td>\u22643 mg\/kg<\/td>\n<\/tr>\n<tr>\n<td>Chumbo<\/td>\n<td>\u22642 mg\/kg<\/td>\n<\/tr>\n<tr>\n<td>Merc\u00fario<\/td>\n<td>\u22641mg\/kg<\/td>\n<\/tr>\n<tr>\n<td>Ensaio<\/td>\n<td>99.0-101%-101.0%<\/td>\n<\/tr>\n<tr>\n<td>Impurezas org\u00e2nicas vol\u00e1teis<\/td>\n<td>Passe<\/td>\n<\/tr>\n<\/tbody>\n<\/table>\n<h2><span class=\"ez-toc-section\" id=\"Dosagem_recomendada\"><\/span>Dosagem recomendada:<span class=\"ez-toc-section-end\"><\/span><\/h2>\n<table>\n<tbody>\n<tr>\n<td><strong>Nome do alimento<\/strong><\/td>\n<td><strong>Uso m\u00e1ximo (g\/kg)<\/strong><\/td>\n<\/tr>\n<tr>\n<td>Bebidas \u00e0 base de suco<\/td>\n<td>0,1-0,2 g\/kg<\/td>\n<\/tr>\n<tr>\n<td>Alimentos enlatados<\/td>\n<td>0,1-0,2 g\/kg<\/td>\n<\/tr>\n<tr>\n<td>Temperos<\/td>\n<td>0,05-0,1 g\/kg<\/td>\n<\/tr>\n<tr>\n<td>Produtos c\u00e1rneos<\/td>\n<td>0,1-0,2 g\/kg<\/td>\n<\/tr>\n<tr>\n<td>Panifica\u00e7\u00e3o<\/td>\n<td>0,05-0,1 g\/kg<\/td>\n<\/tr>\n<tr>\n<td>Biscoitos<\/td>\n<td>0,05-0,1 g\/kg<\/td>\n<\/tr>\n<tr>\n<td>Chocolate<\/td>\n<td>0,05-0,1 g\/kg<\/td>\n<\/tr>\n<tr>\n<td>Doces<\/td>\n<td>0,05-0,1 g\/kg<\/td>\n<\/tr>\n<tr>\n<td>Vegetais enlatados<\/td>\n<td>0,1-0,2 g\/kg<\/td>\n<\/tr>\n<tr>\n<td>Bebidas fermentadas<\/td>\n<td>0,1-0,2 g\/kg<\/td>\n<\/tr>\n<tr>\n<td>Prote\u00edna em p\u00f3<\/td>\n<td>0,05-0,1 g\/kg<\/td>\n<\/tr>\n<tr>\n<td>Frutas congeladas<\/td>\n<td>0,05-0,1 g\/kg<\/td>\n<\/tr>\n<tr>\n<td>Bebidas com tempero<\/td>\n<td>0,1-0,2 g\/kg<\/td>\n<\/tr>\n<\/tbody>\n<\/table>\n<h2><span class=\"ez-toc-section\" id=\"O_ascorbato_de_sodio_tem_uma_ampla_gama_de_usos\"><\/span>O ascorbato de s\u00f3dio tem uma ampla gama de usos<span class=\"ez-toc-section-end\"><\/span><\/h2>\n<p>1. O ascorbato de s\u00f3dio \u00e9 um antioxidante potente que pode prolongar a vida \u00fatil dos alimentos, evitando que gorduras e \u00f3leos oxidem.<\/p>\n<p>2. Como fonte de vitamina C, pode aumentar o valor nutricional dos alimentos e ajudar a repor a vitamina C necess\u00e1ria ao corpo humano.<\/p>\n<p>3. Pode inibir o crescimento de alguns microrganismos, desempenhando assim um papel conservante.<\/p>\n<p>4. Em alguns alimentos e bebidas, o ascorbato de s\u00f3dio pode ajudar a estabilizar outros ingredientes e evitar que estraguem.<\/p>\n<h2><span class=\"ez-toc-section\" id=\"O_usuario_fez_a_seguinte_pergunta\"><\/span>O usu\u00e1rio fez a seguinte pergunta:<span class=\"ez-toc-section-end\"><\/span><\/h2>\n<p>Pergunta: Qual \u00e9 a diferen\u00e7a entre o ascorbato de s\u00f3dio e a vitamina C comum?<\/p>\n<p>Resposta: 1. O ascorbato de s\u00f3dio \u00e9 mais est\u00e1vel do que a vitamina C comum, especialmente em um ambiente \u00e1cido, e n\u00e3o \u00e9 facilmente oxidado ou degradado, por isso pode manter uma vida \u00fatil mais longa quando usado em alimentos e produtos de sa\u00fade.<\/p>\n<p>2. O ascorbato de s\u00f3dio tem menor acidez e geralmente \u00e9 menos irritante para o est\u00f4mago, por isso \u00e9 mais adequado para pessoas sens\u00edveis a subst\u00e2ncias \u00e1cidas.<\/p>\n<p>3. O ascorbato de s\u00f3dio \u00e9 frequentemente usado em alimentos e produtos de sa\u00fade, e pode substituir a vitamina C comum para melhorar a estabilidade e reduzir a irrita\u00e7\u00e3o gastrointestinal.<\/p>\n","protected":false},"excerpt":{"rendered":"<ul>\n<li>CAS: 134-03-2<\/li>\n<li>F\u00f3rmula Qu\u00edmica: C<sub>6<\/sub>H<sub>7<\/sub>O<sub>6<\/sub>Na<\/li>\n<li>Certifica\u00e7\u00f5es: KOSHER, ISO, HALAL, FSSC22000, BRC, etc.<\/li>\n<li>Padr\u00e3o: BP2016\/USP39\/E301<\/li>\n<li>Quantidade m\u00ednima do pedido: 1000KG<\/li>\n<li>Prazo de validade: 2 anos<\/li>\n<\/ul>\n","protected":false},"featured_media":8623,"template":"","meta":{"site-sidebar-layout":"default","site-content-layout":"","ast-site-content-layout":"default","site-content-style":"default","site-sidebar-style":"default","ast-global-header-display":"","ast-banner-title-visibility":"","ast-main-header-display":"","ast-hfb-above-header-display":"","ast-hfb-below-header-display":"","ast-hfb-mobile-header-display":"","site-post-title":"","ast-breadcrumbs-content":"","ast-featured-img":"","footer-sml-layout":"","theme-transparent-header-meta":"default","adv-header-id-meta":"","stick-header-meta":"","header-above-stick-meta":"","header-main-stick-meta":"","header-below-stick-meta":"","astra-migrate-meta-layouts":"set","ast-page-background-enabled":"default","ast-page-background-meta":{"desktop":{"background-color":"var(--ast-global-color-4)","background-image":"","background-repeat":"repeat","background-position":"center center","background-size":"auto","background-attachment":"scroll","background-type":"","background-media":"","overlay-type":"","overlay-color":"","overlay-opacity":"","overlay-gradient":""},"tablet":{"background-color":"","background-image":"","background-repeat":"repeat","background-position":"center center","background-size":"auto","background-attachment":"scroll","background-type":"","background-media":"","overlay-type":"","overlay-color":"","overlay-opacity":"","overlay-gradient":""},"mobile":{"background-color":"","background-image":"","background-repeat":"repeat","background-position":"center center","background-size":"auto","background-attachment":"scroll","background-type":"","background-media":"","overlay-type":"","overlay-color":"","overlay-opacity":"","overlay-gradient":""}},"ast-content-background-meta":{"desktop":{"background-color":"var(--ast-global-color-5)","background-image":"","background-repeat":"repeat","background-position":"center center","background-size":"auto","background-attachment":"scroll","background-type":"","background-media":"","overlay-type":"","overlay-color":"","overlay-opacity":"","overlay-gradient":""},"tablet":{"background-color":"var(--ast-global-color-5)","background-image":"","background-repeat":"repeat","background-position":"center center","background-size":"auto","background-attachment":"scroll","background-type":"","background-media":"","overlay-type":"","overlay-color":"","overlay-opacity":"","overlay-gradient":""},"mobile":{"background-color":"var(--ast-global-color-5)","background-image":"","background-repeat":"repeat","background-position":"center center","background-size":"auto","background-attachment":"scroll","background-type":"","background-media":"","overlay-type":"","overlay-color":"","overlay-opacity":"","overlay-gradient":""}}},"product_brand":[],"product_cat":[81],"product_tag":[],"class_list":{"0":"post-8622","1":"product","2":"type-product","3":"status-publish","4":"has-post-thumbnail","6":"product_cat-produto-antioxidante","7":"desktop-align-center","8":"tablet-align-left","9":"mobile-align-left","11":"first","12":"instock","13":"shipping-taxable","14":"product-type-simple"},"yoast_head":"<!-- This site is optimized with the Yoast SEO plugin v26.5 - https:\/\/yoast.com\/wordpress\/plugins\/seo\/ -->\n<title>Fornecedor de Ascorbato de S\u00f3dio China, E301 Ascorbato de S\u00f3dio em P\u00f3 a Granel | Niranbio Chemical<\/title>\n<meta name=\"description\" content=\"Nosso p\u00f3 de ascorbato de s\u00f3dio \u00e9 cristalino e pode ser branco ou levemente amarelo, pode ser usado como um intensificador de nutrientes alimentares, corante e antioxidante.\" \/>\n<meta name=\"robots\" content=\"noindex, follow, max-snippet:-1, max-image-preview:large, max-video-preview:-1\" \/>\n<meta name=\"twitter:label1\" content=\"Est. tempo de leitura\" \/>\n\t<meta name=\"twitter:data1\" content=\"3 minutos\" \/>\n<script type=\"application\/ld+json\" class=\"yoast-schema-graph\">{\"@context\":\"https:\/\/schema.org\",\"@graph\":[{\"@type\":\"WebPage\",\"@id\":\"https:\/\/theo.niranbio.com\/pt-br\/ascorbato-de-sodio.html\",\"url\":\"https:\/\/theo.niranbio.com\/pt-br\/ascorbato-de-sodio.html\",\"name\":\"Fornecedor de Ascorbato de S\u00f3dio China, E301 Ascorbato de S\u00f3dio em P\u00f3 a Granel | Niranbio Chemical\",\"isPartOf\":{\"@id\":\"https:\/\/theo.niranbio.com\/pt-br\/#website\"},\"primaryImageOfPage\":{\"@id\":\"https:\/\/theo.niranbio.com\/pt-br\/ascorbato-de-sodio.html#primaryimage\"},\"image\":{\"@id\":\"https:\/\/theo.niranbio.com\/pt-br\/ascorbato-de-sodio.html#primaryimage\"},\"thumbnailUrl\":\"https:\/\/theo.niranbio.com\/wp-content\/uploads\/2024\/06\/USP-Sodium-Ascorbate.webp\",\"datePublished\":\"2024-06-20T03:13:35+00:00\",\"dateModified\":\"2024-08-13T08:51:25+00:00\",\"description\":\"Nosso p\u00f3 de ascorbato de s\u00f3dio \u00e9 cristalino e pode ser branco ou levemente amarelo, pode ser usado como um intensificador de nutrientes alimentares, corante e antioxidante.\",\"breadcrumb\":{\"@id\":\"https:\/\/theo.niranbio.com\/pt-br\/ascorbato-de-sodio.html#breadcrumb\"},\"inLanguage\":\"pt-BR\",\"potentialAction\":[{\"@type\":\"ReadAction\",\"target\":[\"https:\/\/theo.niranbio.com\/pt-br\/ascorbato-de-sodio.html\"]}]},{\"@type\":\"ImageObject\",\"inLanguage\":\"pt-BR\",\"@id\":\"https:\/\/theo.niranbio.com\/pt-br\/ascorbato-de-sodio.html#primaryimage\",\"url\":\"https:\/\/theo.niranbio.com\/wp-content\/uploads\/2024\/06\/USP-Sodium-Ascorbate.webp\",\"contentUrl\":\"https:\/\/theo.niranbio.com\/wp-content\/uploads\/2024\/06\/USP-Sodium-Ascorbate.webp\",\"width\":600,\"height\":600,\"caption\":\"USP-Ascorbato de S\u00f3dio\"},{\"@type\":\"BreadcrumbList\",\"@id\":\"https:\/\/theo.niranbio.com\/pt-br\/ascorbato-de-sodio.html#breadcrumb\",\"itemListElement\":[{\"@type\":\"ListItem\",\"position\":1,\"name\":\"Home\",\"item\":\"https:\/\/theo.niranbio.com\/pt-br\/\"},{\"@type\":\"ListItem\",\"position\":2,\"name\":\"Produtos\",\"item\":\"https:\/\/theo.niranbio.com\/pt-br\/produtos.html\"},{\"@type\":\"ListItem\",\"position\":3,\"name\":\"Antioxidante\",\"item\":\"https:\/\/theo.niranbio.com\/pt-br\/produto-antioxidante\/\"},{\"@type\":\"ListItem\",\"position\":4,\"name\":\"Ascorbato de s\u00f3dio\"}]},{\"@type\":\"WebSite\",\"@id\":\"https:\/\/theo.niranbio.com\/pt-br\/#website\",\"url\":\"https:\/\/theo.niranbio.com\/pt-br\/\",\"name\":\"Niranbio Chemical\",\"description\":\"\",\"publisher\":{\"@id\":\"https:\/\/theo.niranbio.com\/pt-br\/#organization\"},\"potentialAction\":[{\"@type\":\"SearchAction\",\"target\":{\"@type\":\"EntryPoint\",\"urlTemplate\":\"https:\/\/theo.niranbio.com\/pt-br\/?s={search_term_string}\"},\"query-input\":{\"@type\":\"PropertyValueSpecification\",\"valueRequired\":true,\"valueName\":\"search_term_string\"}}],\"inLanguage\":\"pt-BR\"},{\"@type\":\"Organization\",\"@id\":\"https:\/\/theo.niranbio.com\/pt-br\/#organization\",\"name\":\"Niranbio Chemical\",\"url\":\"https:\/\/theo.niranbio.com\/pt-br\/\",\"logo\":{\"@type\":\"ImageObject\",\"inLanguage\":\"pt-BR\",\"@id\":\"https:\/\/theo.niranbio.com\/pt-br\/#\/schema\/logo\/image\/\",\"url\":\"https:\/\/theo.niranbio.com\/wp-content\/uploads\/2024\/06\/Niranbio.png\",\"contentUrl\":\"https:\/\/theo.niranbio.com\/wp-content\/uploads\/2024\/06\/Niranbio.png\",\"width\":270,\"height\":100,\"caption\":\"Niranbio Chemical\"},\"image\":{\"@id\":\"https:\/\/theo.niranbio.com\/pt-br\/#\/schema\/logo\/image\/\"}}]}<\/script>\n<!-- \/ Yoast SEO plugin. -->","yoast_head_json":{"title":"Fornecedor de Ascorbato de S\u00f3dio China, E301 Ascorbato de S\u00f3dio em P\u00f3 a Granel | Niranbio Chemical","description":"Nosso p\u00f3 de ascorbato de s\u00f3dio \u00e9 cristalino e pode ser branco ou levemente amarelo, pode ser usado como um intensificador de nutrientes alimentares, corante e antioxidante.","robots":{"index":"noindex","follow":"follow","max-snippet":"max-snippet:-1","max-image-preview":"max-image-preview:large","max-video-preview":"max-video-preview:-1"},"twitter_misc":{"Est. tempo de leitura":"3 minutos"},"schema":{"@context":"https:\/\/schema.org","@graph":[{"@type":"WebPage","@id":"https:\/\/theo.niranbio.com\/pt-br\/ascorbato-de-sodio.html","url":"https:\/\/theo.niranbio.com\/pt-br\/ascorbato-de-sodio.html","name":"Fornecedor de Ascorbato de S\u00f3dio China, E301 Ascorbato de S\u00f3dio em P\u00f3 a Granel | Niranbio Chemical","isPartOf":{"@id":"https:\/\/theo.niranbio.com\/pt-br\/#website"},"primaryImageOfPage":{"@id":"https:\/\/theo.niranbio.com\/pt-br\/ascorbato-de-sodio.html#primaryimage"},"image":{"@id":"https:\/\/theo.niranbio.com\/pt-br\/ascorbato-de-sodio.html#primaryimage"},"thumbnailUrl":"https:\/\/theo.niranbio.com\/wp-content\/uploads\/2024\/06\/USP-Sodium-Ascorbate.webp","datePublished":"2024-06-20T03:13:35+00:00","dateModified":"2024-08-13T08:51:25+00:00","description":"Nosso p\u00f3 de ascorbato de s\u00f3dio \u00e9 cristalino e pode ser branco ou levemente amarelo, pode ser usado como um intensificador de nutrientes alimentares, corante e antioxidante.","breadcrumb":{"@id":"https:\/\/theo.niranbio.com\/pt-br\/ascorbato-de-sodio.html#breadcrumb"},"inLanguage":"pt-BR","potentialAction":[{"@type":"ReadAction","target":["https:\/\/theo.niranbio.com\/pt-br\/ascorbato-de-sodio.html"]}]},{"@type":"ImageObject","inLanguage":"pt-BR","@id":"https:\/\/theo.niranbio.com\/pt-br\/ascorbato-de-sodio.html#primaryimage","url":"https:\/\/theo.niranbio.com\/wp-content\/uploads\/2024\/06\/USP-Sodium-Ascorbate.webp","contentUrl":"https:\/\/theo.niranbio.com\/wp-content\/uploads\/2024\/06\/USP-Sodium-Ascorbate.webp","width":600,"height":600,"caption":"USP-Ascorbato de S\u00f3dio"},{"@type":"BreadcrumbList","@id":"https:\/\/theo.niranbio.com\/pt-br\/ascorbato-de-sodio.html#breadcrumb","itemListElement":[{"@type":"ListItem","position":1,"name":"Home","item":"https:\/\/theo.niranbio.com\/pt-br\/"},{"@type":"ListItem","position":2,"name":"Produtos","item":"https:\/\/theo.niranbio.com\/pt-br\/produtos.html"},{"@type":"ListItem","position":3,"name":"Antioxidante","item":"https:\/\/theo.niranbio.com\/pt-br\/produto-antioxidante\/"},{"@type":"ListItem","position":4,"name":"Ascorbato de s\u00f3dio"}]},{"@type":"WebSite","@id":"https:\/\/theo.niranbio.com\/pt-br\/#website","url":"https:\/\/theo.niranbio.com\/pt-br\/","name":"Niranbio Chemical","description":"","publisher":{"@id":"https:\/\/theo.niranbio.com\/pt-br\/#organization"},"potentialAction":[{"@type":"SearchAction","target":{"@type":"EntryPoint","urlTemplate":"https:\/\/theo.niranbio.com\/pt-br\/?s={search_term_string}"},"query-input":{"@type":"PropertyValueSpecification","valueRequired":true,"valueName":"search_term_string"}}],"inLanguage":"pt-BR"},{"@type":"Organization","@id":"https:\/\/theo.niranbio.com\/pt-br\/#organization","name":"Niranbio Chemical","url":"https:\/\/theo.niranbio.com\/pt-br\/","logo":{"@type":"ImageObject","inLanguage":"pt-BR","@id":"https:\/\/theo.niranbio.com\/pt-br\/#\/schema\/logo\/image\/","url":"https:\/\/theo.niranbio.com\/wp-content\/uploads\/2024\/06\/Niranbio.png","contentUrl":"https:\/\/theo.niranbio.com\/wp-content\/uploads\/2024\/06\/Niranbio.png","width":270,"height":100,"caption":"Niranbio Chemical"},"image":{"@id":"https:\/\/theo.niranbio.com\/pt-br\/#\/schema\/logo\/image\/"}}]}},"_links":{"self":[{"href":"https:\/\/theo.niranbio.com\/pt-br\/wp-json\/wp\/v2\/product\/8622","targetHints":{"allow":["GET"]}}],"collection":[{"href":"https:\/\/theo.niranbio.com\/pt-br\/wp-json\/wp\/v2\/product"}],"about":[{"href":"https:\/\/theo.niranbio.com\/pt-br\/wp-json\/wp\/v2\/types\/product"}],"version-history":[{"count":0,"href":"https:\/\/theo.niranbio.com\/pt-br\/wp-json\/wp\/v2\/product\/8622\/revisions"}],"wp:featuredmedia":[{"embeddable":true,"href":"https:\/\/theo.niranbio.com\/pt-br\/wp-json\/wp\/v2\/media\/8623"}],"wp:attachment":[{"href":"https:\/\/theo.niranbio.com\/pt-br\/wp-json\/wp\/v2\/media?parent=8622"}],"wp:term":[{"taxonomy":"product_brand","embeddable":true,"href":"https:\/\/theo.niranbio.com\/pt-br\/wp-json\/wp\/v2\/product_brand?post=8622"},{"taxonomy":"product_cat","embeddable":true,"href":"https:\/\/theo.niranbio.com\/pt-br\/wp-json\/wp\/v2\/product_cat?post=8622"},{"taxonomy":"product_tag","embeddable":true,"href":"https:\/\/theo.niranbio.com\/pt-br\/wp-json\/wp\/v2\/product_tag?post=8622"}],"curies":[{"name":"wp","href":"https:\/\/api.w.org\/{rel}","templated":true}]}}