{"id":8620,"date":"2024-06-20T11:14:14","date_gmt":"2024-06-20T03:14:14","guid":{"rendered":"https:\/\/theo.niranbio.com\/acido-eritorbico-grau-alimenticio\/"},"modified":"2024-08-13T16:50:59","modified_gmt":"2024-08-13T08:50:59","slug":"acido-eritorbico-grau-alimenticio","status":"publish","type":"product","link":"https:\/\/theo.niranbio.com\/pt-br\/acido-eritorbico-grau-alimenticio.html","title":{"rendered":"\u00c1cido erit\u00f3rbico &#8211; grau aliment\u00edcio"},"content":{"rendered":"<h2><span class=\"ez-toc-section\" id=\"O_que_e_acido_eritorbico\"><\/span>O que \u00e9 \u00e1cido erit\u00f3rbico?<span class=\"ez-toc-section-end\"><\/span><\/h2>\n<p>O \u00e1cido erit\u00f3rbico \u00e9 um estereois\u00f4mero, semelhante \u00e0 vitamina C em propriedades qu\u00edmicas. Ele aparece como um p\u00f3 cristalino branco. \u00c9 bastante est\u00e1vel no ar quando seco e \u00e9 amplamente utilizado em produtos de carne. Existem dois processos principais de prepara\u00e7\u00e3o para o \u00e1cido erit\u00f3rbico: 1. Usando amido de milho como mat\u00e9ria-prima, ele \u00e9 fermentado em glicose e ent\u00e3o transformado em metil2-cetogluconato.<\/p>\n<p>O isoascorbato de s\u00f3dio \u00e9 obtido por tratamento com met\u00f3xido de s\u00f3dio e ent\u00e3o dessalinizado por resina de troca i\u00f4nica para obter \u00e1cido isoasc\u00f3rbico. \u00c9 tamb\u00e9m o processo de prepara\u00e7\u00e3o principal na China. 2. Usando microrganismos espec\u00edficos para arejar glicose ou amido para obter \u03b1-cetogluconato de c\u00e1lcio, ent\u00e3o usando metanol e \u00e1cido sulf\u00farico para formar \u00e9ster met\u00edlico, e ent\u00e3o adicionando solu\u00e7\u00e3o de hidr\u00f3xido de s\u00f3dio de metanol para rea\u00e7\u00e3o de enoliza\u00e7\u00e3o para obter \u00e1cido erit\u00f3rbico.<\/p>\n<h2><span class=\"ez-toc-section\" id=\"Parametros_relacionados\"><\/span>Par\u00e2metros relacionados:<span class=\"ez-toc-section-end\"><\/span><\/h2>\n<table>\n<tbody>\n<tr>\n<td><strong>Itens<\/strong><\/td>\n<td><strong>Padr\u00f5es<\/strong><\/td>\n<\/tr>\n<tr>\n<td>Identifica\u00e7\u00e3o<\/td>\n<td>A E B<\/td>\n<\/tr>\n<tr>\n<td>Conte\u00fado<\/td>\n<td>98.0% &#8211; 100.5%<\/td>\n<\/tr>\n<tr>\n<td>Rota\u00e7\u00e3o espec\u00edfica<\/td>\n<td>-16.5 \uff5e -18.0<\/td>\n<\/tr>\n<tr>\n<td>Perda na secagem (%)<\/td>\n<td>0.08%<\/td>\n<\/tr>\n<tr>\n<td>OGM<\/td>\n<td>Livre de<\/td>\n<\/tr>\n<tr>\n<td>Res\u00edduo em<\/td>\n<td>0,3%MAX<\/td>\n<\/tr>\n<tr>\n<td>Metal pesado (Pb)<\/td>\n<td>10 PPM MAX<\/td>\n<\/tr>\n<tr>\n<td>Chumbo<\/td>\n<td>2 PPM MAX<\/td>\n<\/tr>\n<tr>\n<td>Ars\u00eanico<\/td>\n<td>3 PPM MAX<\/td>\n<\/tr>\n<tr>\n<td>Odor<\/td>\n<td>Nenhum cheiro peculiar<\/td>\n<\/tr>\n<tr>\n<td>Tamanho da malha<\/td>\n<td>100% Thru.40Mesh<\/td>\n<\/tr>\n<\/tbody>\n<\/table>\n<h2><span class=\"ez-toc-section\" id=\"Dosagem_recomendada\"><\/span>Dosagem recomendada:<span class=\"ez-toc-section-end\"><\/span><\/h2>\n<table>\n<tbody>\n<tr>\n<td><strong>Nome do alimento<\/strong><\/td>\n<td><strong>Uso m\u00e1ximo (g\/kg)<\/strong><\/td>\n<\/tr>\n<tr>\n<td>Bebidas \u00e0 base de suco<\/td>\n<td>0,1-0,2 g\/kg<\/td>\n<\/tr>\n<tr>\n<td>Alimentos enlatados<\/td>\n<td>0,1-0,2 g\/kg<\/td>\n<\/tr>\n<tr>\n<td>Molhos<\/td>\n<td>0,1-0,2 g\/kg<\/td>\n<\/tr>\n<tr>\n<td>Produtos c\u00e1rneos<\/td>\n<td>0,1-0,2 g\/kg<\/td>\n<\/tr>\n<tr>\n<td>Panifica\u00e7\u00e3o<\/td>\n<td>0,05-0,1 g\/kg<\/td>\n<\/tr>\n<tr>\n<td>Biscoitos<\/td>\n<td>0,05-0,1 g\/kg<\/td>\n<\/tr>\n<tr>\n<td>Chocolate<\/td>\n<td>0,05-0,1 g\/kg<\/td>\n<\/tr>\n<tr>\n<td>Doces<\/td>\n<td>0,05-0,1 g\/kg<\/td>\n<\/tr>\n<tr>\n<td>Prote\u00edna em p\u00f3<\/td>\n<td>0,05-0,1 g\/kg<\/td>\n<\/tr>\n<tr>\n<td>Frutas congeladas<\/td>\n<td>0,05-0,1 g\/kg<\/td>\n<\/tr>\n<tr>\n<td>Bebidas aromatizadas<\/td>\n<td>0,1-0,2 g\/kg<\/td>\n<\/tr>\n<\/tbody>\n<\/table>\n<h2><span class=\"ez-toc-section\" id=\"O_acido_eritorbico_tem_uma_ampla_gama_de_usos\"><\/span>O \u00e1cido erit\u00f3rbico tem uma ampla gama de usos<span class=\"ez-toc-section-end\"><\/span><\/h2>\n<p>O \u00e1cido erit\u00f3rbico pode neutralizar efetivamente os radicais livres e prevenir a oxida\u00e7\u00e3o de gorduras e \u00f3leos em alimentos, estendendo assim a vida \u00fatil dos alimentos e mantendo sua cor e sabor. Ao reduzir a oxida\u00e7\u00e3o de compostos fen\u00f3licos, o \u00e1cido erit\u00f3rbico pode evitar que os alimentos escure\u00e7am e manter a apar\u00eancia e a qualidade dos alimentos.<\/p>\n<p>Durante o processamento de alimentos, o \u00e1cido erit\u00f3rbico pode melhorar a estabilidade dos alimentos, prevenir a degrada\u00e7\u00e3o dos ingredientes e manter a qualidade do produto. Ao reduzir as rea\u00e7\u00f5es de oxida\u00e7\u00e3o, o \u00e1cido erit\u00f3rbico pode ajudar a manter o sabor original dos alimentos e prevenir altera\u00e7\u00f5es de sabor causadas pela oxida\u00e7\u00e3o.<\/p>\n<h2><span class=\"ez-toc-section\" id=\"O_usuario_fez_a_seguinte_pergunta\"><\/span>O usu\u00e1rio fez a seguinte pergunta:<span class=\"ez-toc-section-end\"><\/span><\/h2>\n<p>Pergunta: Quais s\u00e3o as diferen\u00e7as e vantagens do \u00e1cido erit\u00f3rbico em compara\u00e7\u00e3o com a vitamina C?<\/p>\n<p>Resposta: O corpo usa vitamina C, que \u00e9 a forma ativa do \u00e1cido asc\u00f3rbico, principalmente como nutri\u00e7\u00e3o e para dar suporte a v\u00e1rios processos fisiol\u00f3gicos, como absor\u00e7\u00e3o de ferro e forma\u00e7\u00e3o de col\u00e1geno. Tem um importante efeito antioxidante no corpo, d\u00e1 suporte ao sistema imunol\u00f3gico e promove a cicatriza\u00e7\u00e3o de feridas.<\/p>\n<p>O \u00e1cido erit\u00f3rbico \u00e9 um is\u00f4mero da vitamina C e \u00e9 usado principalmente como aditivo alimentar. Sua fun\u00e7\u00e3o \u00e9 focada na preven\u00e7\u00e3o da oxida\u00e7\u00e3o e do escurecimento dos alimentos. Ele tem um bom desempenho como antioxidante no processamento de alimentos, mas sua fun\u00e7\u00e3o nutricional \u00e9 relativamente fraca. Vantagens:<\/p>\n<p>1. No processamento e armazenamento de alimentos, o \u00e1cido erit\u00f3rbico mostra alta estabilidade e n\u00e3o \u00e9 facilmente degradado pelo calor, luz e oxig\u00eanio, o que o torna mais eficaz em estender a vida \u00fatil dos alimentos e manter o sabor. Em contraste, a vitamina C \u00e9 mais facilmente degradada nessas condi\u00e7\u00f5es, ent\u00e3o sua estabilidade nos alimentos \u00e9 baixa.<\/p>\n<p>2. O \u00e1cido erit\u00f3rbico \u00e9 amplamente utilizado no setor aliment\u00edcio, incluindo produtos c\u00e1rneos, alimentos enlatados, sucos e bebidas, devido \u00e0 sua alta estabilidade. Ele estende eficientemente a vida \u00fatil dos alimentos e mant\u00e9m a qualidade e o sabor do produto final. O \u00e1cido isorrec\u00f3rbico reduz perdas durante o armazenamento e processamento de longo prazo e geralmente tem melhores benef\u00edcios econ\u00f4micos. No entanto, a vitamina C \u00e9 usada principalmente para suplementos nutricionais e suporte \u00e0 sa\u00fade, e sua economia e estabilidade n\u00e3o s\u00e3o t\u00e3o boas quanto as do \u00e1cido isorrec\u00f3rbico em aplica\u00e7\u00f5es da ind\u00fastria aliment\u00edcia.<\/p>\n","protected":false},"excerpt":{"rendered":"<ul>\n<li>CAS: 89-65-6<\/li>\n<li>F\u00f3rmula qu\u00edmica: C<sub>6<\/sub>H<sub>8<\/sub>O<sub>6<\/sub><\/li>\n<li>Certifica\u00e7\u00f5es: KOSHER, ISO, HALAL, FSSC22000, BRC, etc.<\/li>\n<li>Padr\u00e3o:<\/li>\n<li>Quantidade m\u00ednima do pedido: 1000KG<\/li>\n<li>Prazo de validade: 2 anos<\/li>\n<\/ul>\n","protected":false},"featured_media":8039,"template":"","meta":{"site-sidebar-layout":"default","site-content-layout":"","ast-site-content-layout":"default","site-content-style":"default","site-sidebar-style":"default","ast-global-header-display":"","ast-banner-title-visibility":"","ast-main-header-display":"","ast-hfb-above-header-display":"","ast-hfb-below-header-display":"","ast-hfb-mobile-header-display":"","site-post-title":"","ast-breadcrumbs-content":"","ast-featured-img":"","footer-sml-layout":"","theme-transparent-header-meta":"default","adv-header-id-meta":"","stick-header-meta":"","header-above-stick-meta":"","header-main-stick-meta":"","header-below-stick-meta":"","astra-migrate-meta-layouts":"set","ast-page-background-enabled":"default","ast-page-background-meta":{"desktop":{"background-color":"var(--ast-global-color-4)","background-image":"","background-repeat":"repeat","background-position":"center center","background-size":"auto","background-attachment":"scroll","background-type":"","background-media":"","overlay-type":"","overlay-color":"","overlay-opacity":"","overlay-gradient":""},"tablet":{"background-color":"","background-image":"","background-repeat":"repeat","background-position":"center center","background-size":"auto","background-attachment":"scroll","background-type":"","background-media":"","overlay-type":"","overlay-color":"","overlay-opacity":"","overlay-gradient":""},"mobile":{"background-color":"","background-image":"","background-repeat":"repeat","background-position":"center center","background-size":"auto","background-attachment":"scroll","background-type":"","background-media":"","overlay-type":"","overlay-color":"","overlay-opacity":"","overlay-gradient":""}},"ast-content-background-meta":{"desktop":{"background-color":"var(--ast-global-color-5)","background-image":"","background-repeat":"repeat","background-position":"center center","background-size":"auto","background-attachment":"scroll","background-type":"","background-media":"","overlay-type":"","overlay-color":"","overlay-opacity":"","overlay-gradient":""},"tablet":{"background-color":"var(--ast-global-color-5)","background-image":"","background-repeat":"repeat","background-position":"center center","background-size":"auto","background-attachment":"scroll","background-type":"","background-media":"","overlay-type":"","overlay-color":"","overlay-opacity":"","overlay-gradient":""},"mobile":{"background-color":"var(--ast-global-color-5)","background-image":"","background-repeat":"repeat","background-position":"center center","background-size":"auto","background-attachment":"scroll","background-type":"","background-media":"","overlay-type":"","overlay-color":"","overlay-opacity":"","overlay-gradient":""}}},"product_brand":[],"product_cat":[81],"product_tag":[],"class_list":{"0":"post-8620","1":"product","2":"type-product","3":"status-publish","4":"has-post-thumbnail","6":"product_cat-produto-antioxidante","7":"desktop-align-center","8":"tablet-align-left","9":"mobile-align-left","11":"first","12":"instock","13":"shipping-taxable","14":"product-type-simple"},"yoast_head":"<!-- This site is optimized with the Yoast SEO plugin v26.5 - https:\/\/yoast.com\/wordpress\/plugins\/seo\/ -->\n<title>\u00c1cido Erit\u00f3rbico China, P\u00f3 de \u00c1cido Erit\u00f3rbico E315 | Niranbio Chemical<\/title>\n<meta name=\"description\" content=\"Semelhante \u00e0 vitamina C em propriedades qu\u00edmicas, nosso \u00e1cido erit\u00f3rbico E315 \u00e9 de qualidade alimentar e se apresenta como um p\u00f3 cristalino branco.\" \/>\n<meta name=\"robots\" content=\"noindex, follow, max-snippet:-1, max-image-preview:large, max-video-preview:-1\" \/>\n<meta name=\"twitter:label1\" content=\"Est. tempo de leitura\" \/>\n\t<meta name=\"twitter:data1\" content=\"3 minutos\" \/>\n<script type=\"application\/ld+json\" class=\"yoast-schema-graph\">{\"@context\":\"https:\/\/schema.org\",\"@graph\":[{\"@type\":\"WebPage\",\"@id\":\"https:\/\/theo.niranbio.com\/pt-br\/acido-eritorbico-grau-alimenticio.html\",\"url\":\"https:\/\/theo.niranbio.com\/pt-br\/acido-eritorbico-grau-alimenticio.html\",\"name\":\"\u00c1cido Erit\u00f3rbico China, P\u00f3 de \u00c1cido Erit\u00f3rbico E315 | Niranbio Chemical\",\"isPartOf\":{\"@id\":\"https:\/\/theo.niranbio.com\/pt-br\/#website\"},\"primaryImageOfPage\":{\"@id\":\"https:\/\/theo.niranbio.com\/pt-br\/acido-eritorbico-grau-alimenticio.html#primaryimage\"},\"image\":{\"@id\":\"https:\/\/theo.niranbio.com\/pt-br\/acido-eritorbico-grau-alimenticio.html#primaryimage\"},\"thumbnailUrl\":\"https:\/\/theo.niranbio.com\/wp-content\/uploads\/2024\/06\/Erythorbic-Acid-Food-Grade.webp\",\"datePublished\":\"2024-06-20T03:14:14+00:00\",\"dateModified\":\"2024-08-13T08:50:59+00:00\",\"description\":\"Semelhante \u00e0 vitamina C em propriedades qu\u00edmicas, nosso \u00e1cido erit\u00f3rbico E315 \u00e9 de qualidade alimentar e se apresenta como um p\u00f3 cristalino branco.\",\"breadcrumb\":{\"@id\":\"https:\/\/theo.niranbio.com\/pt-br\/acido-eritorbico-grau-alimenticio.html#breadcrumb\"},\"inLanguage\":\"pt-BR\",\"potentialAction\":[{\"@type\":\"ReadAction\",\"target\":[\"https:\/\/theo.niranbio.com\/pt-br\/acido-eritorbico-grau-alimenticio.html\"]}]},{\"@type\":\"ImageObject\",\"inLanguage\":\"pt-BR\",\"@id\":\"https:\/\/theo.niranbio.com\/pt-br\/acido-eritorbico-grau-alimenticio.html#primaryimage\",\"url\":\"https:\/\/theo.niranbio.com\/wp-content\/uploads\/2024\/06\/Erythorbic-Acid-Food-Grade.webp\",\"contentUrl\":\"https:\/\/theo.niranbio.com\/wp-content\/uploads\/2024\/06\/Erythorbic-Acid-Food-Grade.webp\",\"width\":600,\"height\":600,\"caption\":\"\u00c1cido erit\u00f3rbico de qualidade alimentar\"},{\"@type\":\"BreadcrumbList\",\"@id\":\"https:\/\/theo.niranbio.com\/pt-br\/acido-eritorbico-grau-alimenticio.html#breadcrumb\",\"itemListElement\":[{\"@type\":\"ListItem\",\"position\":1,\"name\":\"Home\",\"item\":\"https:\/\/theo.niranbio.com\/pt-br\/\"},{\"@type\":\"ListItem\",\"position\":2,\"name\":\"Produtos\",\"item\":\"https:\/\/theo.niranbio.com\/pt-br\/produtos.html\"},{\"@type\":\"ListItem\",\"position\":3,\"name\":\"Antioxidante\",\"item\":\"https:\/\/theo.niranbio.com\/pt-br\/produto-antioxidante\/\"},{\"@type\":\"ListItem\",\"position\":4,\"name\":\"\u00c1cido erit\u00f3rbico &#8211; grau aliment\u00edcio\"}]},{\"@type\":\"WebSite\",\"@id\":\"https:\/\/theo.niranbio.com\/pt-br\/#website\",\"url\":\"https:\/\/theo.niranbio.com\/pt-br\/\",\"name\":\"Niranbio Chemical\",\"description\":\"\",\"publisher\":{\"@id\":\"https:\/\/theo.niranbio.com\/pt-br\/#organization\"},\"potentialAction\":[{\"@type\":\"SearchAction\",\"target\":{\"@type\":\"EntryPoint\",\"urlTemplate\":\"https:\/\/theo.niranbio.com\/pt-br\/?s={search_term_string}\"},\"query-input\":{\"@type\":\"PropertyValueSpecification\",\"valueRequired\":true,\"valueName\":\"search_term_string\"}}],\"inLanguage\":\"pt-BR\"},{\"@type\":\"Organization\",\"@id\":\"https:\/\/theo.niranbio.com\/pt-br\/#organization\",\"name\":\"Niranbio Chemical\",\"url\":\"https:\/\/theo.niranbio.com\/pt-br\/\",\"logo\":{\"@type\":\"ImageObject\",\"inLanguage\":\"pt-BR\",\"@id\":\"https:\/\/theo.niranbio.com\/pt-br\/#\/schema\/logo\/image\/\",\"url\":\"https:\/\/theo.niranbio.com\/wp-content\/uploads\/2024\/06\/Niranbio.png\",\"contentUrl\":\"https:\/\/theo.niranbio.com\/wp-content\/uploads\/2024\/06\/Niranbio.png\",\"width\":270,\"height\":100,\"caption\":\"Niranbio Chemical\"},\"image\":{\"@id\":\"https:\/\/theo.niranbio.com\/pt-br\/#\/schema\/logo\/image\/\"}}]}<\/script>\n<!-- \/ Yoast SEO plugin. -->","yoast_head_json":{"title":"\u00c1cido Erit\u00f3rbico China, P\u00f3 de \u00c1cido Erit\u00f3rbico E315 | Niranbio Chemical","description":"Semelhante \u00e0 vitamina C em propriedades qu\u00edmicas, nosso \u00e1cido erit\u00f3rbico E315 \u00e9 de qualidade alimentar e se apresenta como um p\u00f3 cristalino branco.","robots":{"index":"noindex","follow":"follow","max-snippet":"max-snippet:-1","max-image-preview":"max-image-preview:large","max-video-preview":"max-video-preview:-1"},"twitter_misc":{"Est. tempo de leitura":"3 minutos"},"schema":{"@context":"https:\/\/schema.org","@graph":[{"@type":"WebPage","@id":"https:\/\/theo.niranbio.com\/pt-br\/acido-eritorbico-grau-alimenticio.html","url":"https:\/\/theo.niranbio.com\/pt-br\/acido-eritorbico-grau-alimenticio.html","name":"\u00c1cido Erit\u00f3rbico China, P\u00f3 de \u00c1cido Erit\u00f3rbico E315 | Niranbio Chemical","isPartOf":{"@id":"https:\/\/theo.niranbio.com\/pt-br\/#website"},"primaryImageOfPage":{"@id":"https:\/\/theo.niranbio.com\/pt-br\/acido-eritorbico-grau-alimenticio.html#primaryimage"},"image":{"@id":"https:\/\/theo.niranbio.com\/pt-br\/acido-eritorbico-grau-alimenticio.html#primaryimage"},"thumbnailUrl":"https:\/\/theo.niranbio.com\/wp-content\/uploads\/2024\/06\/Erythorbic-Acid-Food-Grade.webp","datePublished":"2024-06-20T03:14:14+00:00","dateModified":"2024-08-13T08:50:59+00:00","description":"Semelhante \u00e0 vitamina C em propriedades qu\u00edmicas, nosso \u00e1cido erit\u00f3rbico E315 \u00e9 de qualidade alimentar e se apresenta como um p\u00f3 cristalino branco.","breadcrumb":{"@id":"https:\/\/theo.niranbio.com\/pt-br\/acido-eritorbico-grau-alimenticio.html#breadcrumb"},"inLanguage":"pt-BR","potentialAction":[{"@type":"ReadAction","target":["https:\/\/theo.niranbio.com\/pt-br\/acido-eritorbico-grau-alimenticio.html"]}]},{"@type":"ImageObject","inLanguage":"pt-BR","@id":"https:\/\/theo.niranbio.com\/pt-br\/acido-eritorbico-grau-alimenticio.html#primaryimage","url":"https:\/\/theo.niranbio.com\/wp-content\/uploads\/2024\/06\/Erythorbic-Acid-Food-Grade.webp","contentUrl":"https:\/\/theo.niranbio.com\/wp-content\/uploads\/2024\/06\/Erythorbic-Acid-Food-Grade.webp","width":600,"height":600,"caption":"\u00c1cido erit\u00f3rbico de qualidade alimentar"},{"@type":"BreadcrumbList","@id":"https:\/\/theo.niranbio.com\/pt-br\/acido-eritorbico-grau-alimenticio.html#breadcrumb","itemListElement":[{"@type":"ListItem","position":1,"name":"Home","item":"https:\/\/theo.niranbio.com\/pt-br\/"},{"@type":"ListItem","position":2,"name":"Produtos","item":"https:\/\/theo.niranbio.com\/pt-br\/produtos.html"},{"@type":"ListItem","position":3,"name":"Antioxidante","item":"https:\/\/theo.niranbio.com\/pt-br\/produto-antioxidante\/"},{"@type":"ListItem","position":4,"name":"\u00c1cido erit\u00f3rbico &#8211; grau aliment\u00edcio"}]},{"@type":"WebSite","@id":"https:\/\/theo.niranbio.com\/pt-br\/#website","url":"https:\/\/theo.niranbio.com\/pt-br\/","name":"Niranbio Chemical","description":"","publisher":{"@id":"https:\/\/theo.niranbio.com\/pt-br\/#organization"},"potentialAction":[{"@type":"SearchAction","target":{"@type":"EntryPoint","urlTemplate":"https:\/\/theo.niranbio.com\/pt-br\/?s={search_term_string}"},"query-input":{"@type":"PropertyValueSpecification","valueRequired":true,"valueName":"search_term_string"}}],"inLanguage":"pt-BR"},{"@type":"Organization","@id":"https:\/\/theo.niranbio.com\/pt-br\/#organization","name":"Niranbio Chemical","url":"https:\/\/theo.niranbio.com\/pt-br\/","logo":{"@type":"ImageObject","inLanguage":"pt-BR","@id":"https:\/\/theo.niranbio.com\/pt-br\/#\/schema\/logo\/image\/","url":"https:\/\/theo.niranbio.com\/wp-content\/uploads\/2024\/06\/Niranbio.png","contentUrl":"https:\/\/theo.niranbio.com\/wp-content\/uploads\/2024\/06\/Niranbio.png","width":270,"height":100,"caption":"Niranbio Chemical"},"image":{"@id":"https:\/\/theo.niranbio.com\/pt-br\/#\/schema\/logo\/image\/"}}]}},"_links":{"self":[{"href":"https:\/\/theo.niranbio.com\/pt-br\/wp-json\/wp\/v2\/product\/8620","targetHints":{"allow":["GET"]}}],"collection":[{"href":"https:\/\/theo.niranbio.com\/pt-br\/wp-json\/wp\/v2\/product"}],"about":[{"href":"https:\/\/theo.niranbio.com\/pt-br\/wp-json\/wp\/v2\/types\/product"}],"version-history":[{"count":0,"href":"https:\/\/theo.niranbio.com\/pt-br\/wp-json\/wp\/v2\/product\/8620\/revisions"}],"wp:featuredmedia":[{"embeddable":true,"href":"https:\/\/theo.niranbio.com\/pt-br\/wp-json\/wp\/v2\/media\/8039"}],"wp:attachment":[{"href":"https:\/\/theo.niranbio.com\/pt-br\/wp-json\/wp\/v2\/media?parent=8620"}],"wp:term":[{"taxonomy":"product_brand","embeddable":true,"href":"https:\/\/theo.niranbio.com\/pt-br\/wp-json\/wp\/v2\/product_brand?post=8620"},{"taxonomy":"product_cat","embeddable":true,"href":"https:\/\/theo.niranbio.com\/pt-br\/wp-json\/wp\/v2\/product_cat?post=8620"},{"taxonomy":"product_tag","embeddable":true,"href":"https:\/\/theo.niranbio.com\/pt-br\/wp-json\/wp\/v2\/product_tag?post=8620"}],"curies":[{"name":"wp","href":"https:\/\/api.w.org\/{rel}","templated":true}]}}