{"id":8617,"date":"2024-06-20T11:15:00","date_gmt":"2024-06-20T03:15:00","guid":{"rendered":"https:\/\/theo.niranbio.com\/eritorbato-de-sodio\/"},"modified":"2024-08-13T16:49:58","modified_gmt":"2024-08-13T08:49:58","slug":"eritorbato-de-sodio","status":"publish","type":"product","link":"https:\/\/theo.niranbio.com\/pt-br\/eritorbato-de-sodio.html","title":{"rendered":"Eritorbato de s\u00f3dio"},"content":{"rendered":"<h2><span class=\"ez-toc-section\" id=\"O_que_e_eritorbato_de_sodio\"><\/span>O que \u00e9 eritorbato de s\u00f3dio?<span class=\"ez-toc-section-end\"><\/span><\/h2>\n<p>Uma nova classe de antioxidante, conservante e intensificador de cor de alimentos de base biol\u00f3gica \u00e9 o eritorbato de s\u00f3dio. Ele prolonga a vida \u00fatil dos alimentos, preserva sua cor e sabor natural e n\u00e3o tem efeitos colaterais prejudiciais. Ele aparece como cristais brancos a branco-amarelados ou p\u00f3s cristalinos e \u00e9 amplamente usado na ind\u00fastria aliment\u00edcia. Existem principalmente os seguintes m\u00e9todos para preparar eritorbato de s\u00f3dio na China:<\/p>\n<p>1. O Eritorbato de S\u00f3dio \u00e9 preparado pela rea\u00e7\u00e3o de vitamina C desidrogenada com sais de s\u00f3dio (como hidr\u00f3xido de s\u00f3dio). Usando este procedimento, a pureza e o rendimento do produto s\u00e3o garantidos pela regula\u00e7\u00e3o das condi\u00e7\u00f5es de rea\u00e7\u00e3o em um laborat\u00f3rio ou em equipamentos industriais. Ap\u00f3s a rea\u00e7\u00e3o, ele \u00e9 purificado por m\u00e9todos como extra\u00e7\u00e3o por solvente e cristaliza\u00e7\u00e3o para obter Eritorbato de S\u00f3dio de alta pureza. Como a s\u00edntese qu\u00edmica \u00e9 barata e produz grandes rendimentos, tornou-se o m\u00e9todo de prepara\u00e7\u00e3o preferido.<\/p>\n<p>2. O eritorbato de s\u00f3dio \u00e9 produzido durante a fermenta\u00e7\u00e3o usando microrganismos espec\u00edficos. Ao usar meios de cultura adequados e otimizar as condi\u00e7\u00f5es de fermenta\u00e7\u00e3o, os microrganismos s\u00e3o capazes de converter mat\u00e9rias-primas em produtos-alvo. Posteriormente, o eritorbato de s\u00f3dio \u00e9 extra\u00eddo do caldo de fermenta\u00e7\u00e3o por meio de etapas de extra\u00e7\u00e3o e purifica\u00e7\u00e3o. Embora os m\u00e9todos biol\u00f3gicos tenham vantagens em termos de prote\u00e7\u00e3o ambiental e sustentabilidade, seus custos de produ\u00e7\u00e3o e complexidade t\u00e9cnica s\u00e3o geralmente altos.<\/p>\n<h2><span class=\"ez-toc-section\" id=\"Parametros_relacionados\"><\/span>Par\u00e2metros relacionados:<span class=\"ez-toc-section-end\"><\/span><\/h2>\n<table>\n<tbody>\n<tr>\n<td><strong>Itens<\/strong><\/td>\n<td><strong>Padr\u00f5es<\/strong><\/td>\n<\/tr>\n<tr>\n<td>Identifica\u00e7\u00e3o<\/td>\n<td>Positivo<\/td>\n<\/tr>\n<tr>\n<td>Ensaio (C6H7O6Na\u30fbH2O)<\/td>\n<td>98.0~100%~100.5%<\/td>\n<\/tr>\n<tr>\n<td>Rota\u00e7\u00e3o espec\u00edfica [\u03b1]D25<\/td>\n<td>+95.5\u00b0~+98.0\u00b0<\/td>\n<\/tr>\n<tr>\n<td>pH (1:20)<\/td>\n<td>5.5~8.0<\/td>\n<\/tr>\n<tr>\n<td>Chumbo<\/td>\n<td>2 PPM m\u00e1ximo<\/td>\n<\/tr>\n<tr>\n<td>Metais pesados (como Pb)<\/td>\n<td>10 PPM m\u00e1ximo<\/td>\n<\/tr>\n<tr>\n<td>Ars\u00eanico<\/td>\n<td>3 PPM m\u00e1ximo<\/td>\n<\/tr>\n<tr>\n<td>Perda na secagem<\/td>\n<td>0,25% M\u00e1ximo<\/td>\n<\/tr>\n<tr>\n<td>Oxalato<\/td>\n<td>Passa no teste<\/td>\n<\/tr>\n<\/tbody>\n<\/table>\n<h2><span class=\"ez-toc-section\" id=\"Dosagem_recomendada\"><\/span>Dosagem recomendada:<span class=\"ez-toc-section-end\"><\/span><\/h2>\n<table>\n<tbody>\n<tr>\n<td><strong>Nome do alimento<\/strong><\/td>\n<td><strong>Uso m\u00e1ximo (g\/kg)<\/strong><\/td>\n<\/tr>\n<tr>\n<td>Bebidas \u00e0 base de suco de frutas<\/td>\n<td>0,1-0,2 g\/kg<\/td>\n<\/tr>\n<tr>\n<td>Bebidas esportivas<\/td>\n<td>0,05-0,1 g\/kg<\/td>\n<\/tr>\n<tr>\n<td>Alimentos enlatados<\/td>\n<td>0,1-0,2 g\/kg<\/td>\n<\/tr>\n<tr>\n<td>Molhos<\/td>\n<td>0,1-0,2 g\/kg<\/td>\n<\/tr>\n<tr>\n<td>Produtos c\u00e1rneos<\/td>\n<td>0,1-0,2 g\/kg<\/td>\n<\/tr>\n<tr>\n<td>Panifica\u00e7\u00e3o<\/td>\n<td>0,05-0,1 g\/kg<\/td>\n<\/tr>\n<tr>\n<td>Alimentos congelados<\/td>\n<td>0,05-0,1 g\/kg<\/td>\n<\/tr>\n<tr>\n<td>Biscoitos<\/td>\n<td>0,05-0,1 g\/kg<\/td>\n<\/tr>\n<tr>\n<td>Geleia<\/td>\n<td>0,05-0,1 g\/kg<\/td>\n<\/tr>\n<tr>\n<td>Chocolate<\/td>\n<td>0,05-0,1 g\/kg<\/td>\n<\/tr>\n<tr>\n<td>Frutas secas<\/td>\n<td>0,1-0,2 g\/kg<\/td>\n<\/tr>\n<tr>\n<td>Prote\u00edna em p\u00f3<\/td>\n<td>0,05-0,1 g\/kg<\/td>\n<\/tr>\n<\/tbody>\n<\/table>\n<h2><span class=\"ez-toc-section\" id=\"O_eritorbato_de_sodio_tem_uma_ampla_gama_de_usos\"><\/span>O eritorbato de s\u00f3dio tem uma ampla gama de usos<span class=\"ez-toc-section-end\"><\/span><\/h2>\n<p>1. Ao evitar que gorduras e \u00f3leos nos alimentos oxidem, o eritorbato de s\u00f3dio, um antioxidante eficiente, prolonga a vida \u00fatil dos alimentos, preservando seu sabor e conte\u00fado nutricional.<\/p>\n<p>2. Ao inibir a oxida\u00e7\u00e3o de compostos fen\u00f3licos, o Eritorbato de S\u00f3dio pode efetivamente reduzir o escurecimento em alimentos e manter a cor e a apar\u00eancia dos alimentos.<\/p>\n<p>3. Durante o processamento de alimentos, o Eritorbato de S\u00f3dio pode melhorar a estabilidade dos alimentos e evitar a degrada\u00e7\u00e3o e a falha de ingredientes alimentares. 4. Ao reduzir as rea\u00e7\u00f5es de oxida\u00e7\u00e3o, ele ajuda a manter o sabor e o gosto originais dos alimentos e evita altera\u00e7\u00f5es de gosto causadas pela oxida\u00e7\u00e3o.<\/p>\n<h2><span class=\"ez-toc-section\" id=\"O_usuario_fez_a_seguinte_pergunta\"><\/span>O usu\u00e1rio fez a seguinte pergunta:<span class=\"ez-toc-section-end\"><\/span><\/h2>\n<p>Pergunta: O eritorbato de s\u00f3dio \u00e9 o mesmo que a vitamina C?<\/p>\n<p>Resposta: Embora tanto o eritorbato de s\u00f3dio quanto a vitamina C tenham efeitos antioxidantes, eles n\u00e3o s\u00e3o a mesma coisa. Um is\u00f4mero da vitamina C chamado eritorbato de s\u00f3dio \u00e9 mais utilizado como antioxidante em alimentos. Ele pode efetivamente prevenir a oxida\u00e7\u00e3o e o escurecimento dos alimentos e tem boa estabilidade. Em contraste, a vitamina C desempenha um papel nutricional importante no corpo, como apoiar o sistema imunol\u00f3gico e a s\u00edntese de col\u00e1geno, mas \u00e9 relativamente inst\u00e1vel e facilmente degradada durante o processamento e armazenamento de alimentos.<\/p>\n","protected":false},"excerpt":{"rendered":"<ul>\n<li>CAS: 6381-77-7<\/li>\n<li>F\u00f3rmula qu\u00edmica: C<sub>6<\/sub>H<sub>7<\/sub>NaO<sub>6<\/sub><\/li>\n<li>Certifica\u00e7\u00f5es: KOSHER, ISO, HALAL, FSSC22000, BRC, etc.<\/li>\n<li>Padr\u00e3o: FCC IX<\/li>\n<li>Quantidade m\u00ednima do pedido: 1000KG<\/li>\n<li>Prazo de validade: 2 anos<\/li>\n<\/ul>\n","protected":false},"featured_media":8618,"template":"","meta":{"site-sidebar-layout":"default","site-content-layout":"","ast-site-content-layout":"default","site-content-style":"default","site-sidebar-style":"default","ast-global-header-display":"","ast-banner-title-visibility":"","ast-main-header-display":"","ast-hfb-above-header-display":"","ast-hfb-below-header-display":"","ast-hfb-mobile-header-display":"","site-post-title":"","ast-breadcrumbs-content":"","ast-featured-img":"","footer-sml-layout":"","theme-transparent-header-meta":"default","adv-header-id-meta":"","stick-header-meta":"","header-above-stick-meta":"","header-main-stick-meta":"","header-below-stick-meta":"","astra-migrate-meta-layouts":"set","ast-page-background-enabled":"default","ast-page-background-meta":{"desktop":{"background-color":"var(--ast-global-color-4)","background-image":"","background-repeat":"repeat","background-position":"center center","background-size":"auto","background-attachment":"scroll","background-type":"","background-media":"","overlay-type":"","overlay-color":"","overlay-opacity":"","overlay-gradient":""},"tablet":{"background-color":"","background-image":"","background-repeat":"repeat","background-position":"center center","background-size":"auto","background-attachment":"scroll","background-type":"","background-media":"","overlay-type":"","overlay-color":"","overlay-opacity":"","overlay-gradient":""},"mobile":{"background-color":"","background-image":"","background-repeat":"repeat","background-position":"center center","background-size":"auto","background-attachment":"scroll","background-type":"","background-media":"","overlay-type":"","overlay-color":"","overlay-opacity":"","overlay-gradient":""}},"ast-content-background-meta":{"desktop":{"background-color":"var(--ast-global-color-5)","background-image":"","background-repeat":"repeat","background-position":"center center","background-size":"auto","background-attachment":"scroll","background-type":"","background-media":"","overlay-type":"","overlay-color":"","overlay-opacity":"","overlay-gradient":""},"tablet":{"background-color":"var(--ast-global-color-5)","background-image":"","background-repeat":"repeat","background-position":"center center","background-size":"auto","background-attachment":"scroll","background-type":"","background-media":"","overlay-type":"","overlay-color":"","overlay-opacity":"","overlay-gradient":""},"mobile":{"background-color":"var(--ast-global-color-5)","background-image":"","background-repeat":"repeat","background-position":"center center","background-size":"auto","background-attachment":"scroll","background-type":"","background-media":"","overlay-type":"","overlay-color":"","overlay-opacity":"","overlay-gradient":""}}},"product_brand":[],"product_cat":[81],"product_tag":[],"class_list":{"0":"post-8617","1":"product","2":"type-product","3":"status-publish","4":"has-post-thumbnail","6":"product_cat-produto-antioxidante","7":"desktop-align-center","8":"tablet-align-left","9":"mobile-align-left","11":"first","12":"instock","13":"shipping-taxable","14":"product-type-simple"},"yoast_head":"<!-- This site is optimized with the Yoast SEO plugin v26.5 - https:\/\/yoast.com\/wordpress\/plugins\/seo\/ -->\n<title>Fabricante de Eritorbato de S\u00f3dio na China, P\u00f3 de Eritorbato de S\u00f3dio E316 | Niranbio Chemical<\/title>\n<meta name=\"description\" content=\"Nosso eritorbato de s\u00f3dio E316 aparece como cristais ou p\u00f3s cristalinos brancos a branco-amarelados e \u00e9 amplamente utilizado na ind\u00fastria aliment\u00edcia.\" \/>\n<meta name=\"robots\" content=\"noindex, follow, max-snippet:-1, max-image-preview:large, max-video-preview:-1\" \/>\n<meta name=\"twitter:label1\" content=\"Est. tempo de leitura\" \/>\n\t<meta name=\"twitter:data1\" content=\"3 minutos\" \/>\n<script type=\"application\/ld+json\" class=\"yoast-schema-graph\">{\"@context\":\"https:\/\/schema.org\",\"@graph\":[{\"@type\":\"WebPage\",\"@id\":\"https:\/\/theo.niranbio.com\/pt-br\/eritorbato-de-sodio.html\",\"url\":\"https:\/\/theo.niranbio.com\/pt-br\/eritorbato-de-sodio.html\",\"name\":\"Fabricante de Eritorbato de S\u00f3dio na China, P\u00f3 de Eritorbato de S\u00f3dio E316 | Niranbio Chemical\",\"isPartOf\":{\"@id\":\"https:\/\/theo.niranbio.com\/pt-br\/#website\"},\"primaryImageOfPage\":{\"@id\":\"https:\/\/theo.niranbio.com\/pt-br\/eritorbato-de-sodio.html#primaryimage\"},\"image\":{\"@id\":\"https:\/\/theo.niranbio.com\/pt-br\/eritorbato-de-sodio.html#primaryimage\"},\"thumbnailUrl\":\"https:\/\/theo.niranbio.com\/wp-content\/uploads\/2024\/06\/Sodium-Erythorbate.webp\",\"datePublished\":\"2024-06-20T03:15:00+00:00\",\"dateModified\":\"2024-08-13T08:49:58+00:00\",\"description\":\"Nosso eritorbato de s\u00f3dio E316 aparece como cristais ou p\u00f3s cristalinos brancos a branco-amarelados e \u00e9 amplamente utilizado na ind\u00fastria aliment\u00edcia.\",\"breadcrumb\":{\"@id\":\"https:\/\/theo.niranbio.com\/pt-br\/eritorbato-de-sodio.html#breadcrumb\"},\"inLanguage\":\"pt-BR\",\"potentialAction\":[{\"@type\":\"ReadAction\",\"target\":[\"https:\/\/theo.niranbio.com\/pt-br\/eritorbato-de-sodio.html\"]}]},{\"@type\":\"ImageObject\",\"inLanguage\":\"pt-BR\",\"@id\":\"https:\/\/theo.niranbio.com\/pt-br\/eritorbato-de-sodio.html#primaryimage\",\"url\":\"https:\/\/theo.niranbio.com\/wp-content\/uploads\/2024\/06\/Sodium-Erythorbate.webp\",\"contentUrl\":\"https:\/\/theo.niranbio.com\/wp-content\/uploads\/2024\/06\/Sodium-Erythorbate.webp\",\"width\":600,\"height\":600,\"caption\":\"Eritorbato de S\u00f3dio\"},{\"@type\":\"BreadcrumbList\",\"@id\":\"https:\/\/theo.niranbio.com\/pt-br\/eritorbato-de-sodio.html#breadcrumb\",\"itemListElement\":[{\"@type\":\"ListItem\",\"position\":1,\"name\":\"Home\",\"item\":\"https:\/\/theo.niranbio.com\/pt-br\/\"},{\"@type\":\"ListItem\",\"position\":2,\"name\":\"Produtos\",\"item\":\"https:\/\/theo.niranbio.com\/pt-br\/produtos.html\"},{\"@type\":\"ListItem\",\"position\":3,\"name\":\"Antioxidante\",\"item\":\"https:\/\/theo.niranbio.com\/pt-br\/produto-antioxidante\/\"},{\"@type\":\"ListItem\",\"position\":4,\"name\":\"Eritorbato de s\u00f3dio\"}]},{\"@type\":\"WebSite\",\"@id\":\"https:\/\/theo.niranbio.com\/pt-br\/#website\",\"url\":\"https:\/\/theo.niranbio.com\/pt-br\/\",\"name\":\"Niranbio Chemical\",\"description\":\"\",\"publisher\":{\"@id\":\"https:\/\/theo.niranbio.com\/pt-br\/#organization\"},\"potentialAction\":[{\"@type\":\"SearchAction\",\"target\":{\"@type\":\"EntryPoint\",\"urlTemplate\":\"https:\/\/theo.niranbio.com\/pt-br\/?s={search_term_string}\"},\"query-input\":{\"@type\":\"PropertyValueSpecification\",\"valueRequired\":true,\"valueName\":\"search_term_string\"}}],\"inLanguage\":\"pt-BR\"},{\"@type\":\"Organization\",\"@id\":\"https:\/\/theo.niranbio.com\/pt-br\/#organization\",\"name\":\"Niranbio Chemical\",\"url\":\"https:\/\/theo.niranbio.com\/pt-br\/\",\"logo\":{\"@type\":\"ImageObject\",\"inLanguage\":\"pt-BR\",\"@id\":\"https:\/\/theo.niranbio.com\/pt-br\/#\/schema\/logo\/image\/\",\"url\":\"https:\/\/theo.niranbio.com\/wp-content\/uploads\/2024\/06\/Niranbio.png\",\"contentUrl\":\"https:\/\/theo.niranbio.com\/wp-content\/uploads\/2024\/06\/Niranbio.png\",\"width\":270,\"height\":100,\"caption\":\"Niranbio Chemical\"},\"image\":{\"@id\":\"https:\/\/theo.niranbio.com\/pt-br\/#\/schema\/logo\/image\/\"}}]}<\/script>\n<!-- \/ Yoast SEO plugin. -->","yoast_head_json":{"title":"Fabricante de Eritorbato de S\u00f3dio na China, P\u00f3 de Eritorbato de S\u00f3dio E316 | Niranbio Chemical","description":"Nosso eritorbato de s\u00f3dio E316 aparece como cristais ou p\u00f3s cristalinos brancos a branco-amarelados e \u00e9 amplamente utilizado na ind\u00fastria aliment\u00edcia.","robots":{"index":"noindex","follow":"follow","max-snippet":"max-snippet:-1","max-image-preview":"max-image-preview:large","max-video-preview":"max-video-preview:-1"},"twitter_misc":{"Est. tempo de leitura":"3 minutos"},"schema":{"@context":"https:\/\/schema.org","@graph":[{"@type":"WebPage","@id":"https:\/\/theo.niranbio.com\/pt-br\/eritorbato-de-sodio.html","url":"https:\/\/theo.niranbio.com\/pt-br\/eritorbato-de-sodio.html","name":"Fabricante de Eritorbato de S\u00f3dio na China, P\u00f3 de Eritorbato de S\u00f3dio E316 | Niranbio Chemical","isPartOf":{"@id":"https:\/\/theo.niranbio.com\/pt-br\/#website"},"primaryImageOfPage":{"@id":"https:\/\/theo.niranbio.com\/pt-br\/eritorbato-de-sodio.html#primaryimage"},"image":{"@id":"https:\/\/theo.niranbio.com\/pt-br\/eritorbato-de-sodio.html#primaryimage"},"thumbnailUrl":"https:\/\/theo.niranbio.com\/wp-content\/uploads\/2024\/06\/Sodium-Erythorbate.webp","datePublished":"2024-06-20T03:15:00+00:00","dateModified":"2024-08-13T08:49:58+00:00","description":"Nosso eritorbato de s\u00f3dio E316 aparece como cristais ou p\u00f3s cristalinos brancos a branco-amarelados e \u00e9 amplamente utilizado na ind\u00fastria aliment\u00edcia.","breadcrumb":{"@id":"https:\/\/theo.niranbio.com\/pt-br\/eritorbato-de-sodio.html#breadcrumb"},"inLanguage":"pt-BR","potentialAction":[{"@type":"ReadAction","target":["https:\/\/theo.niranbio.com\/pt-br\/eritorbato-de-sodio.html"]}]},{"@type":"ImageObject","inLanguage":"pt-BR","@id":"https:\/\/theo.niranbio.com\/pt-br\/eritorbato-de-sodio.html#primaryimage","url":"https:\/\/theo.niranbio.com\/wp-content\/uploads\/2024\/06\/Sodium-Erythorbate.webp","contentUrl":"https:\/\/theo.niranbio.com\/wp-content\/uploads\/2024\/06\/Sodium-Erythorbate.webp","width":600,"height":600,"caption":"Eritorbato de S\u00f3dio"},{"@type":"BreadcrumbList","@id":"https:\/\/theo.niranbio.com\/pt-br\/eritorbato-de-sodio.html#breadcrumb","itemListElement":[{"@type":"ListItem","position":1,"name":"Home","item":"https:\/\/theo.niranbio.com\/pt-br\/"},{"@type":"ListItem","position":2,"name":"Produtos","item":"https:\/\/theo.niranbio.com\/pt-br\/produtos.html"},{"@type":"ListItem","position":3,"name":"Antioxidante","item":"https:\/\/theo.niranbio.com\/pt-br\/produto-antioxidante\/"},{"@type":"ListItem","position":4,"name":"Eritorbato de s\u00f3dio"}]},{"@type":"WebSite","@id":"https:\/\/theo.niranbio.com\/pt-br\/#website","url":"https:\/\/theo.niranbio.com\/pt-br\/","name":"Niranbio Chemical","description":"","publisher":{"@id":"https:\/\/theo.niranbio.com\/pt-br\/#organization"},"potentialAction":[{"@type":"SearchAction","target":{"@type":"EntryPoint","urlTemplate":"https:\/\/theo.niranbio.com\/pt-br\/?s={search_term_string}"},"query-input":{"@type":"PropertyValueSpecification","valueRequired":true,"valueName":"search_term_string"}}],"inLanguage":"pt-BR"},{"@type":"Organization","@id":"https:\/\/theo.niranbio.com\/pt-br\/#organization","name":"Niranbio Chemical","url":"https:\/\/theo.niranbio.com\/pt-br\/","logo":{"@type":"ImageObject","inLanguage":"pt-BR","@id":"https:\/\/theo.niranbio.com\/pt-br\/#\/schema\/logo\/image\/","url":"https:\/\/theo.niranbio.com\/wp-content\/uploads\/2024\/06\/Niranbio.png","contentUrl":"https:\/\/theo.niranbio.com\/wp-content\/uploads\/2024\/06\/Niranbio.png","width":270,"height":100,"caption":"Niranbio Chemical"},"image":{"@id":"https:\/\/theo.niranbio.com\/pt-br\/#\/schema\/logo\/image\/"}}]}},"_links":{"self":[{"href":"https:\/\/theo.niranbio.com\/pt-br\/wp-json\/wp\/v2\/product\/8617","targetHints":{"allow":["GET"]}}],"collection":[{"href":"https:\/\/theo.niranbio.com\/pt-br\/wp-json\/wp\/v2\/product"}],"about":[{"href":"https:\/\/theo.niranbio.com\/pt-br\/wp-json\/wp\/v2\/types\/product"}],"version-history":[{"count":0,"href":"https:\/\/theo.niranbio.com\/pt-br\/wp-json\/wp\/v2\/product\/8617\/revisions"}],"wp:featuredmedia":[{"embeddable":true,"href":"https:\/\/theo.niranbio.com\/pt-br\/wp-json\/wp\/v2\/media\/8618"}],"wp:attachment":[{"href":"https:\/\/theo.niranbio.com\/pt-br\/wp-json\/wp\/v2\/media?parent=8617"}],"wp:term":[{"taxonomy":"product_brand","embeddable":true,"href":"https:\/\/theo.niranbio.com\/pt-br\/wp-json\/wp\/v2\/product_brand?post=8617"},{"taxonomy":"product_cat","embeddable":true,"href":"https:\/\/theo.niranbio.com\/pt-br\/wp-json\/wp\/v2\/product_cat?post=8617"},{"taxonomy":"product_tag","embeddable":true,"href":"https:\/\/theo.niranbio.com\/pt-br\/wp-json\/wp\/v2\/product_tag?post=8617"}],"curies":[{"name":"wp","href":"https:\/\/api.w.org\/{rel}","templated":true}]}}