{"id":8614,"date":"2024-06-20T11:16:02","date_gmt":"2024-06-20T03:16:02","guid":{"rendered":"https:\/\/theo.niranbio.com\/coenzima-q10\/"},"modified":"2024-08-19T10:16:47","modified_gmt":"2024-08-19T02:16:47","slug":"coenzima-q10","status":"publish","type":"product","link":"https:\/\/theo.niranbio.com\/pt-br\/coenzima-q10.html","title":{"rendered":"Coenzima Q10"},"content":{"rendered":"<h2><span class=\"ez-toc-section\" id=\"O_que_e_a_coenzima_Q10\"><\/span>O que \u00e9 a coenzima Q10?<span class=\"ez-toc-section-end\"><\/span><\/h2>\n<p>Uma subst\u00e2ncia encontrada naturalmente nas c\u00e9lulas \u00e9 a coenzima Q10. Ela aparece como um p\u00f3 cristalino amarelo ou amarelo-alaranjado, \u00e9 inodoro e ins\u00edpido e \u00e9 facilmente decomposto pela luz. \u00c9 dificilmente sol\u00favel em etanol e insol\u00favel em \u00e1gua. Tem v\u00e1rios usos nos setores aliment\u00edcio, cosm\u00e9tico, de suplementos nutricionais e outros setores da economia. Existem principalmente os seguintes m\u00e9todos para preparar a Coenzima Q10 na China:<\/p>\n<p>1. O processo de produ\u00e7\u00e3o da Coenzima Q10 por microrganismos espec\u00edficos em um ambiente de fermenta\u00e7\u00e3o controlado. Os microrganismos se reproduzem em meios de cultura e condi\u00e7\u00f5es adequados para produzir a Coenzima Q10 e, em seguida, obt\u00eam um produto de alta pureza por meio de etapas de extra\u00e7\u00e3o e purifica\u00e7\u00e3o. Este procedimento \u00e9 o padr\u00e3o para a produ\u00e7\u00e3o da Coenzima Q10 na China e oferece os benef\u00edcios de alta efici\u00eancia de produ\u00e7\u00e3o e excelente consist\u00eancia do produto.<\/p>\n<p>2. O precursor da Coenzima Q10 \u00e9 sintetizado por rea\u00e7\u00e3o qu\u00edmica e, em seguida, o produto final \u00e9 obtido por meio de tratamento qu\u00edmico adicional. Este m\u00e9todo pode controlar com precis\u00e3o as condi\u00e7\u00f5es de rea\u00e7\u00e3o e obter Coenzima Q10 de alta pureza, mas o custo \u00e9 alto e pode envolver problemas ambientais complexos.<\/p>\n<h2><span class=\"ez-toc-section\" id=\"Parametros_relacionados\"><\/span>Par\u00e2metros relacionados:<span class=\"ez-toc-section-end\"><\/span><\/h2>\n<table>\n<tbody>\n<tr>\n<td><strong>Itens<\/strong><\/td>\n<td><strong>Padr\u00f5es<\/strong><\/td>\n<\/tr>\n<tr>\n<td>Ensaio<\/td>\n<td>98.0~101%~101.0%<\/td>\n<\/tr>\n<tr>\n<td>Ponto de fus\u00e3o<\/td>\n<td>48,0\u00b0C-52,0\u00b0C<\/td>\n<\/tr>\n<tr>\n<td>Perda na secagem<\/td>\n<td>\u2264 0.2%<\/td>\n<\/tr>\n<tr>\n<td>Res\u00edduo na igni\u00e7\u00e3o<\/td>\n<td>\u2264 0.1%<\/td>\n<\/tr>\n<tr>\n<td>Etanol<\/td>\n<td>\u2264 5000ppm<\/td>\n<\/tr>\n<tr>\n<td>Pureza cromatogr\u00e1fica<\/td>\n<td><\/td>\n<\/tr>\n<tr>\n<td>Coenzimas Q7, Q8, Q9, Q11 e impurezas relacionadas<\/td>\n<td>\u2264 1.0%<\/td>\n<\/tr>\n<tr>\n<td>Is\u00f4mero de ubidecarenona (2Z) e relacionados<\/td>\n<td>\u2264 1.0%<\/td>\n<\/tr>\n<tr>\n<td>Obtido a partir dos Procedimentos de Pureza Cromatogr\u00e1fica 1 e 2<\/td>\n<td>\u2264 1.5%<\/td>\n<\/tr>\n<tr>\n<td>Metais pesados<\/td>\n<td>\u2264 10ppm<\/td>\n<\/tr>\n<tr>\n<td>Chumbo (Pb)<\/td>\n<td>\u2264 1ppm<\/td>\n<\/tr>\n<tr>\n<td>Ars\u00eanico (As)<\/td>\n<td>\u2264 lppm<\/td>\n<\/tr>\n<tr>\n<td>C\u00e1dmio (Cd)<\/td>\n<td>\u2264 1ppm<\/td>\n<\/tr>\n<tr>\n<td>Merc\u00fario (Hg)<\/td>\n<td>\u2264 0,1 ppm<\/td>\n<\/tr>\n<tr>\n<td>Contagem microbiana aer\u00f3bica total<\/td>\n<td>\u2264 1000cfu\/g<\/td>\n<\/tr>\n<tr>\n<td>Contagem total de bolores e leveduras<\/td>\n<td>\u2264 100cfu\/g<\/td>\n<\/tr>\n<tr>\n<td>Enterobact\u00e9rias<\/td>\n<td>\u2264 3MPN\/g<\/td>\n<\/tr>\n<tr>\n<td>*Salmonela<\/td>\n<td>Negativo\/10g<\/td>\n<\/tr>\n<tr>\n<td>*E.Coli<\/td>\n<td>Negativo\/10g<\/td>\n<\/tr>\n<tr>\n<td>*Staphylococcus Aureus<\/td>\n<td>Negativo\/10g<\/td>\n<\/tr>\n<\/tbody>\n<\/table>\n<h2><span class=\"ez-toc-section\" id=\"Dosagem_recomendada\"><\/span>Dosagem recomendada:<span class=\"ez-toc-section-end\"><\/span><\/h2>\n<table>\n<tbody>\n<tr>\n<td><strong>Nome do alimento<\/strong><\/td>\n<td><strong>Uso m\u00e1ximo (g\/kg)<\/strong><\/td>\n<\/tr>\n<tr>\n<td>Bebidas com suplementos nutricionais<\/td>\n<td>0,5-1,0 g\/kg<\/td>\n<\/tr>\n<tr>\n<td>Bebidas esportivas<\/td>\n<td>0,5-1,0 g\/kg<\/td>\n<\/tr>\n<tr>\n<td>Caf\u00e9<\/td>\n<td>0,1-0,5 g\/kg<\/td>\n<\/tr>\n<tr>\n<td>Ch\u00e1 de leite<\/td>\n<td>0,1-0,5 g\/kg<\/td>\n<\/tr>\n<tr>\n<td>Bebidas \u00e0 base de suco de frutas<\/td>\n<td>0,1-0,5 g\/kg<\/td>\n<\/tr>\n<tr>\n<td>Chocolate<\/td>\n<td>0,1-0,3 g\/kg<\/td>\n<\/tr>\n<tr>\n<td>Prote\u00edna em p\u00f3<\/td>\n<td>0,5-1,0 g\/kg<\/td>\n<\/tr>\n<tr>\n<td>Biscoitos<\/td>\n<td>0,1-0,3 g\/kg<\/td>\n<\/tr>\n<tr>\n<td>Alimentos enlatados<\/td>\n<td>0,1-0,3 g\/kg<\/td>\n<\/tr>\n<tr>\n<td>Molho<\/td>\n<td>0,1-0,3 g\/kg<\/td>\n<\/tr>\n<tr>\n<td>Produtos l\u00e1cteos<\/td>\n<td>0,1-0,3 g\/kg<\/td>\n<\/tr>\n<tr>\n<td>Bebidas fermentadas<\/td>\n<td>0,1-0,3 g\/kg<\/td>\n<\/tr>\n<tr>\n<td>Bebidas com alto teor de prote\u00edna<\/td>\n<td>0,5-1,0 g\/kg<\/td>\n<\/tr>\n<\/tbody>\n<\/table>\n<h2><span class=\"ez-toc-section\" id=\"A_coenzima_Q10_tem_uma_ampla_gama_de_usos\"><\/span>A coenzima Q10 tem uma ampla gama de usos<span class=\"ez-toc-section-end\"><\/span><\/h2>\n<p>1. A coenzima Q10 desempenha um papel fundamental nas mitoc\u00f4ndrias das c\u00e9lulas, apoiando as necessidades energ\u00e9ticas das c\u00e9lulas ao participar da cadeia de transporte de el\u00e9trons para ajudar a gerar ATP (a principal moeda energ\u00e9tica das c\u00e9lulas).<\/p>\n<p>2. A subst\u00e2ncia tem fortes propriedades antioxidantes, que podem neutralizar os radicais livres, reduzir os danos \u00e0s c\u00e9lulas causados \u200b\u200bpelo estresse oxidativo e proteger as membranas celulares e outras biomacromol\u00e9culas da oxida\u00e7\u00e3o.<\/p>\n<p>3. \u00c9 essencial para manter a sa\u00fade do cora\u00e7\u00e3o, ajudando a melhorar a fun\u00e7\u00e3o card\u00edaca, reduzir os sintomas de insufici\u00eancia card\u00edaca e apoiar os n\u00edveis normais de press\u00e3o arterial.<\/p>\n<p>4. A coenzima Q10 aumenta a imunidade e promove os n\u00edveis de energia, o que refor\u00e7a a resist\u00eancia do corpo a doen\u00e7as.<\/p>\n<p>5. A concentra\u00e7\u00e3o de coenzima Q10 no corpo cai com a idade. A suplementa\u00e7\u00e3o com Coenzima Q10 pode ajudar a retardar o processo de envelhecimento e melhorar a sa\u00fade da pele e os n\u00edveis de energia.<\/p>\n<h2><span class=\"ez-toc-section\" id=\"O_usuario_fez_a_seguinte_pergunta\"><\/span>O usu\u00e1rio fez a seguinte pergunta:<span class=\"ez-toc-section-end\"><\/span><\/h2>\n<p>Pergunta: Quais s\u00e3o algumas subst\u00e2ncias que podem substituir a fun\u00e7\u00e3o da Coenzima Q10?<\/p>\n<p>Resposta: 1. A vitamina E, um forte antioxidante, ajuda a prevenir danos oxidativos e neutraliza os radicais livres. \u00c9 essencial na defesa contra o estresse oxidativo nas membranas celulares e na promo\u00e7\u00e3o da sa\u00fade cardiovascular. A vitamina E \u00e9 frequentemente usada em suplementos de sa\u00fade e produtos para cuidados com a pele para fornecer prote\u00e7\u00e3o antioxidante e melhorar a condi\u00e7\u00e3o da pele, e tem fun\u00e7\u00f5es antioxidantes semelhantes \u00e0 Coenzima Q10.<\/p>\n<p>2. A niacinamida, tamb\u00e9m conhecida como vitamina B3, \u00e9 uma subst\u00e2ncia antioxidante que pode reduzir a inflama\u00e7\u00e3o da pele, melhorar a textura da pele e apoiar o metabolismo energ\u00e9tico celular. Para apoiar a pele saud\u00e1vel e prevenir os efeitos da idade, \u00e9 frequentemente utilizada em produtos para cuidados com a pele. Embora sua fun\u00e7\u00e3o de suporte energ\u00e9tico n\u00e3o seja t\u00e3o poderosa quanto a Coenzima Q10, ela tem efeitos semelhantes na sa\u00fade antioxidante e da pele.<\/p>\n","protected":false},"excerpt":{"rendered":"<ul>\n<li>CAS: 303-98-0<\/li>\n<li>F\u00f3rmula qu\u00edmica: C<sub>59<\/sub>H<sub>90<\/sub>O<sub>4<\/sub><\/li>\n<li>Certifica\u00e7\u00f5es: KOSHER, ISO, HALAL, FSSC22000, BRC, etc.<\/li>\n<li>Quantidade m\u00ednima do pedido: 1000KG<\/li>\n<li>Prazo de validade: 2 anos<\/li>\n<\/ul>\n<div id=\"gtx-trans\" style=\"position: absolute; left: -38px; top: 86.1094px;\">\n<div class=\"gtx-trans-icon\"><\/div>\n<\/div>\n","protected":false},"featured_media":8615,"template":"","meta":{"site-sidebar-layout":"default","site-content-layout":"","ast-site-content-layout":"default","site-content-style":"default","site-sidebar-style":"default","ast-global-header-display":"","ast-banner-title-visibility":"","ast-main-header-display":"","ast-hfb-above-header-display":"","ast-hfb-below-header-display":"","ast-hfb-mobile-header-display":"","site-post-title":"","ast-breadcrumbs-content":"","ast-featured-img":"","footer-sml-layout":"","theme-transparent-header-meta":"default","adv-header-id-meta":"","stick-header-meta":"","header-above-stick-meta":"","header-main-stick-meta":"","header-below-stick-meta":"","astra-migrate-meta-layouts":"set","ast-page-background-enabled":"default","ast-page-background-meta":{"desktop":{"background-color":"var(--ast-global-color-4)","background-image":"","background-repeat":"repeat","background-position":"center center","background-size":"auto","background-attachment":"scroll","background-type":"","background-media":"","overlay-type":"","overlay-color":"","overlay-opacity":"","overlay-gradient":""},"tablet":{"background-color":"","background-image":"","background-repeat":"repeat","background-position":"center center","background-size":"auto","background-attachment":"scroll","background-type":"","background-media":"","overlay-type":"","overlay-color":"","overlay-opacity":"","overlay-gradient":""},"mobile":{"background-color":"","background-image":"","background-repeat":"repeat","background-position":"center center","background-size":"auto","background-attachment":"scroll","background-type":"","background-media":"","overlay-type":"","overlay-color":"","overlay-opacity":"","overlay-gradient":""}},"ast-content-background-meta":{"desktop":{"background-color":"var(--ast-global-color-5)","background-image":"","background-repeat":"repeat","background-position":"center center","background-size":"auto","background-attachment":"scroll","background-type":"","background-media":"","overlay-type":"","overlay-color":"","overlay-opacity":"","overlay-gradient":""},"tablet":{"background-color":"var(--ast-global-color-5)","background-image":"","background-repeat":"repeat","background-position":"center center","background-size":"auto","background-attachment":"scroll","background-type":"","background-media":"","overlay-type":"","overlay-color":"","overlay-opacity":"","overlay-gradient":""},"mobile":{"background-color":"var(--ast-global-color-5)","background-image":"","background-repeat":"repeat","background-position":"center center","background-size":"auto","background-attachment":"scroll","background-type":"","background-media":"","overlay-type":"","overlay-color":"","overlay-opacity":"","overlay-gradient":""}}},"product_brand":[],"product_cat":[81],"product_tag":[],"class_list":{"0":"post-8614","1":"product","2":"type-product","3":"status-publish","4":"has-post-thumbnail","6":"product_cat-produto-antioxidante","7":"desktop-align-center","8":"tablet-align-left","9":"mobile-align-left","11":"first","12":"instock","13":"shipping-taxable","14":"product-type-simple"},"yoast_head":"<!-- This site is optimized with the Yoast SEO plugin v26.5 - https:\/\/yoast.com\/wordpress\/plugins\/seo\/ -->\n<title>Coenzima Q10 P\u00f3 Pre\u00e7o, Coenzima Q10 Comprar | Niranbio Chemical<\/title>\n<meta name=\"description\" content=\"Nosso p\u00f3 de CoQ10 aparece como um p\u00f3 cristalino amarelo ou amarelo-alaranjado, \u00e9 inodoro e ins\u00edpido e \u00e9 facilmente decomposto pela luz.\" \/>\n<meta name=\"robots\" content=\"noindex, follow, max-snippet:-1, max-image-preview:large, max-video-preview:-1\" \/>\n<meta name=\"twitter:label1\" content=\"Est. tempo de leitura\" \/>\n\t<meta name=\"twitter:data1\" content=\"4 minutos\" \/>\n<script type=\"application\/ld+json\" class=\"yoast-schema-graph\">{\"@context\":\"https:\/\/schema.org\",\"@graph\":[{\"@type\":\"WebPage\",\"@id\":\"https:\/\/theo.niranbio.com\/pt-br\/coenzima-q10.html\",\"url\":\"https:\/\/theo.niranbio.com\/pt-br\/coenzima-q10.html\",\"name\":\"Coenzima Q10 P\u00f3 Pre\u00e7o, Coenzima Q10 Comprar | Niranbio Chemical\",\"isPartOf\":{\"@id\":\"https:\/\/theo.niranbio.com\/pt-br\/#website\"},\"primaryImageOfPage\":{\"@id\":\"https:\/\/theo.niranbio.com\/pt-br\/coenzima-q10.html#primaryimage\"},\"image\":{\"@id\":\"https:\/\/theo.niranbio.com\/pt-br\/coenzima-q10.html#primaryimage\"},\"thumbnailUrl\":\"https:\/\/theo.niranbio.com\/wp-content\/uploads\/2024\/06\/Coenzyme-Q10.webp\",\"datePublished\":\"2024-06-20T03:16:02+00:00\",\"dateModified\":\"2024-08-19T02:16:47+00:00\",\"description\":\"Nosso p\u00f3 de CoQ10 aparece como um p\u00f3 cristalino amarelo ou amarelo-alaranjado, \u00e9 inodoro e ins\u00edpido e \u00e9 facilmente decomposto pela luz.\",\"breadcrumb\":{\"@id\":\"https:\/\/theo.niranbio.com\/pt-br\/coenzima-q10.html#breadcrumb\"},\"inLanguage\":\"pt-BR\",\"potentialAction\":[{\"@type\":\"ReadAction\",\"target\":[\"https:\/\/theo.niranbio.com\/pt-br\/coenzima-q10.html\"]}]},{\"@type\":\"ImageObject\",\"inLanguage\":\"pt-BR\",\"@id\":\"https:\/\/theo.niranbio.com\/pt-br\/coenzima-q10.html#primaryimage\",\"url\":\"https:\/\/theo.niranbio.com\/wp-content\/uploads\/2024\/06\/Coenzyme-Q10.webp\",\"contentUrl\":\"https:\/\/theo.niranbio.com\/wp-content\/uploads\/2024\/06\/Coenzyme-Q10.webp\",\"width\":600,\"height\":600,\"caption\":\"Coenzima Q10\"},{\"@type\":\"BreadcrumbList\",\"@id\":\"https:\/\/theo.niranbio.com\/pt-br\/coenzima-q10.html#breadcrumb\",\"itemListElement\":[{\"@type\":\"ListItem\",\"position\":1,\"name\":\"Home\",\"item\":\"https:\/\/theo.niranbio.com\/pt-br\/\"},{\"@type\":\"ListItem\",\"position\":2,\"name\":\"Produtos\",\"item\":\"https:\/\/theo.niranbio.com\/pt-br\/produtos.html\"},{\"@type\":\"ListItem\",\"position\":3,\"name\":\"Antioxidante\",\"item\":\"https:\/\/theo.niranbio.com\/pt-br\/produto-antioxidante\/\"},{\"@type\":\"ListItem\",\"position\":4,\"name\":\"Coenzima Q10\"}]},{\"@type\":\"WebSite\",\"@id\":\"https:\/\/theo.niranbio.com\/pt-br\/#website\",\"url\":\"https:\/\/theo.niranbio.com\/pt-br\/\",\"name\":\"Niranbio Chemical\",\"description\":\"\",\"publisher\":{\"@id\":\"https:\/\/theo.niranbio.com\/pt-br\/#organization\"},\"potentialAction\":[{\"@type\":\"SearchAction\",\"target\":{\"@type\":\"EntryPoint\",\"urlTemplate\":\"https:\/\/theo.niranbio.com\/pt-br\/?s={search_term_string}\"},\"query-input\":{\"@type\":\"PropertyValueSpecification\",\"valueRequired\":true,\"valueName\":\"search_term_string\"}}],\"inLanguage\":\"pt-BR\"},{\"@type\":\"Organization\",\"@id\":\"https:\/\/theo.niranbio.com\/pt-br\/#organization\",\"name\":\"Niranbio Chemical\",\"url\":\"https:\/\/theo.niranbio.com\/pt-br\/\",\"logo\":{\"@type\":\"ImageObject\",\"inLanguage\":\"pt-BR\",\"@id\":\"https:\/\/theo.niranbio.com\/pt-br\/#\/schema\/logo\/image\/\",\"url\":\"https:\/\/theo.niranbio.com\/wp-content\/uploads\/2024\/06\/Niranbio.png\",\"contentUrl\":\"https:\/\/theo.niranbio.com\/wp-content\/uploads\/2024\/06\/Niranbio.png\",\"width\":270,\"height\":100,\"caption\":\"Niranbio Chemical\"},\"image\":{\"@id\":\"https:\/\/theo.niranbio.com\/pt-br\/#\/schema\/logo\/image\/\"}}]}<\/script>\n<!-- \/ Yoast SEO plugin. -->","yoast_head_json":{"title":"Coenzima Q10 P\u00f3 Pre\u00e7o, Coenzima Q10 Comprar | Niranbio Chemical","description":"Nosso p\u00f3 de CoQ10 aparece como um p\u00f3 cristalino amarelo ou amarelo-alaranjado, \u00e9 inodoro e ins\u00edpido e \u00e9 facilmente decomposto pela luz.","robots":{"index":"noindex","follow":"follow","max-snippet":"max-snippet:-1","max-image-preview":"max-image-preview:large","max-video-preview":"max-video-preview:-1"},"twitter_misc":{"Est. tempo de leitura":"4 minutos"},"schema":{"@context":"https:\/\/schema.org","@graph":[{"@type":"WebPage","@id":"https:\/\/theo.niranbio.com\/pt-br\/coenzima-q10.html","url":"https:\/\/theo.niranbio.com\/pt-br\/coenzima-q10.html","name":"Coenzima Q10 P\u00f3 Pre\u00e7o, Coenzima Q10 Comprar | Niranbio Chemical","isPartOf":{"@id":"https:\/\/theo.niranbio.com\/pt-br\/#website"},"primaryImageOfPage":{"@id":"https:\/\/theo.niranbio.com\/pt-br\/coenzima-q10.html#primaryimage"},"image":{"@id":"https:\/\/theo.niranbio.com\/pt-br\/coenzima-q10.html#primaryimage"},"thumbnailUrl":"https:\/\/theo.niranbio.com\/wp-content\/uploads\/2024\/06\/Coenzyme-Q10.webp","datePublished":"2024-06-20T03:16:02+00:00","dateModified":"2024-08-19T02:16:47+00:00","description":"Nosso p\u00f3 de CoQ10 aparece como um p\u00f3 cristalino amarelo ou amarelo-alaranjado, \u00e9 inodoro e ins\u00edpido e \u00e9 facilmente decomposto pela luz.","breadcrumb":{"@id":"https:\/\/theo.niranbio.com\/pt-br\/coenzima-q10.html#breadcrumb"},"inLanguage":"pt-BR","potentialAction":[{"@type":"ReadAction","target":["https:\/\/theo.niranbio.com\/pt-br\/coenzima-q10.html"]}]},{"@type":"ImageObject","inLanguage":"pt-BR","@id":"https:\/\/theo.niranbio.com\/pt-br\/coenzima-q10.html#primaryimage","url":"https:\/\/theo.niranbio.com\/wp-content\/uploads\/2024\/06\/Coenzyme-Q10.webp","contentUrl":"https:\/\/theo.niranbio.com\/wp-content\/uploads\/2024\/06\/Coenzyme-Q10.webp","width":600,"height":600,"caption":"Coenzima Q10"},{"@type":"BreadcrumbList","@id":"https:\/\/theo.niranbio.com\/pt-br\/coenzima-q10.html#breadcrumb","itemListElement":[{"@type":"ListItem","position":1,"name":"Home","item":"https:\/\/theo.niranbio.com\/pt-br\/"},{"@type":"ListItem","position":2,"name":"Produtos","item":"https:\/\/theo.niranbio.com\/pt-br\/produtos.html"},{"@type":"ListItem","position":3,"name":"Antioxidante","item":"https:\/\/theo.niranbio.com\/pt-br\/produto-antioxidante\/"},{"@type":"ListItem","position":4,"name":"Coenzima Q10"}]},{"@type":"WebSite","@id":"https:\/\/theo.niranbio.com\/pt-br\/#website","url":"https:\/\/theo.niranbio.com\/pt-br\/","name":"Niranbio Chemical","description":"","publisher":{"@id":"https:\/\/theo.niranbio.com\/pt-br\/#organization"},"potentialAction":[{"@type":"SearchAction","target":{"@type":"EntryPoint","urlTemplate":"https:\/\/theo.niranbio.com\/pt-br\/?s={search_term_string}"},"query-input":{"@type":"PropertyValueSpecification","valueRequired":true,"valueName":"search_term_string"}}],"inLanguage":"pt-BR"},{"@type":"Organization","@id":"https:\/\/theo.niranbio.com\/pt-br\/#organization","name":"Niranbio Chemical","url":"https:\/\/theo.niranbio.com\/pt-br\/","logo":{"@type":"ImageObject","inLanguage":"pt-BR","@id":"https:\/\/theo.niranbio.com\/pt-br\/#\/schema\/logo\/image\/","url":"https:\/\/theo.niranbio.com\/wp-content\/uploads\/2024\/06\/Niranbio.png","contentUrl":"https:\/\/theo.niranbio.com\/wp-content\/uploads\/2024\/06\/Niranbio.png","width":270,"height":100,"caption":"Niranbio Chemical"},"image":{"@id":"https:\/\/theo.niranbio.com\/pt-br\/#\/schema\/logo\/image\/"}}]}},"_links":{"self":[{"href":"https:\/\/theo.niranbio.com\/pt-br\/wp-json\/wp\/v2\/product\/8614","targetHints":{"allow":["GET"]}}],"collection":[{"href":"https:\/\/theo.niranbio.com\/pt-br\/wp-json\/wp\/v2\/product"}],"about":[{"href":"https:\/\/theo.niranbio.com\/pt-br\/wp-json\/wp\/v2\/types\/product"}],"version-history":[{"count":0,"href":"https:\/\/theo.niranbio.com\/pt-br\/wp-json\/wp\/v2\/product\/8614\/revisions"}],"wp:featuredmedia":[{"embeddable":true,"href":"https:\/\/theo.niranbio.com\/pt-br\/wp-json\/wp\/v2\/media\/8615"}],"wp:attachment":[{"href":"https:\/\/theo.niranbio.com\/pt-br\/wp-json\/wp\/v2\/media?parent=8614"}],"wp:term":[{"taxonomy":"product_brand","embeddable":true,"href":"https:\/\/theo.niranbio.com\/pt-br\/wp-json\/wp\/v2\/product_brand?post=8614"},{"taxonomy":"product_cat","embeddable":true,"href":"https:\/\/theo.niranbio.com\/pt-br\/wp-json\/wp\/v2\/product_cat?post=8614"},{"taxonomy":"product_tag","embeddable":true,"href":"https:\/\/theo.niranbio.com\/pt-br\/wp-json\/wp\/v2\/product_tag?post=8614"}],"curies":[{"name":"wp","href":"https:\/\/api.w.org\/{rel}","templated":true}]}}