{"id":8458,"date":"2024-06-20T09:21:36","date_gmt":"2024-06-20T01:21:36","guid":{"rendered":"https:\/\/theo.niranbio.com\/aspartame\/"},"modified":"2024-08-19T09:11:39","modified_gmt":"2024-08-19T01:11:39","slug":"aspartame","status":"publish","type":"product","link":"https:\/\/theo.niranbio.com\/pt-br\/aspartame.html","title":{"rendered":"Aspartame"},"content":{"rendered":"<h2><span class=\"ez-toc-section\" id=\"O_que_e_aspartame\"><\/span>O que \u00e9 aspartame?<span class=\"ez-toc-section-end\"><\/span><\/h2>\n<p>O aspartame \u00e9 um oligossacar\u00eddeo funcional natural com alta do\u00e7ura e propriedades n\u00e3o deliquescentes. Ele aparece como um p\u00f3 cristalino branco. Devido \u00e0 sua do\u00e7ura incr\u00edvel e teor cal\u00f3rico excepcionalmente baixo, ele pode ser adicionado a bebidas, itens farmac\u00eauticos ou gomas de mascar sem a\u00e7\u00facar como uma alternativa ao a\u00e7\u00facar.<\/p>\n<p>Os m\u00e9todos comuns de prepara\u00e7\u00e3o para o aspartame s\u00e3o s\u00edntese qu\u00edmica e m\u00e9todos enzim\u00e1ticos. Entre eles, a s\u00edntese qu\u00edmica \u00e9 o m\u00e9todo mais antigo e comumente usado. Seu princ\u00edpio b\u00e1sico \u00e9 primeiro esterificar a fenilalanina com metanol ou etanol para produzir \u00e9ster met\u00edlico de fenilalanina ou \u00e9ster et\u00edlico de fenilalanina e, em seguida, condensar com \u00e1cido asp\u00e1rtico sob condi\u00e7\u00f5es \u00e1cidas para produzir aspartame. Este processo requer uma certa temperatura, press\u00e3o e catalisador, e produzir\u00e1 alguns subprodutos, como o \u03b2-aspartame amargo.<\/p>\n<p>O m\u00e9todo enzim\u00e1tico \u00e9 um novo m\u00e9todo desenvolvido nos \u00faltimos anos. Suas vantagens s\u00e3o forte especificidade, alta taxa de convers\u00e3o, condi\u00e7\u00f5es suaves e poucos subprodutos. O princ\u00edpio do m\u00e9todo enzim\u00e1tico \u00e9 usar uma cepa microbiana especial para converter fenilalanina e \u00e1cido asp\u00e1rtico em \u00e9steres met\u00edlicos \u00e1cidos correspondentes por meio de um processo de fermenta\u00e7\u00e3o e, em seguida, usar uma enzima especial para sintetizar diretamente os dois \u00e9steres met\u00edlicos \u00e1cidos em aspartame. Este processo n\u00e3o requer a adi\u00e7\u00e3o de nenhum solvente externo ou catalisador e pode ser realizado em temperatura e press\u00e3o ambientes.<\/p>\n<h2><span class=\"ez-toc-section\" id=\"Parametros_relacionados\"><\/span>Par\u00e2metros relacionados:<span class=\"ez-toc-section-end\"><\/span><\/h2>\n<table>\n<tbody>\n<tr>\n<td><strong>Itens<\/strong><\/td>\n<td><strong>Padr\u00f5es<\/strong><\/td>\n<\/tr>\n<tr>\n<td>Ensaio (Titulom\u00e9trico)<\/td>\n<td>98,0-102,0% (base seca) w\/w<\/td>\n<\/tr>\n<tr>\n<td>Rota\u00e7\u00e3o espec\u00edfica [\u03b1]D20<\/td>\n<td>+14.50\u00b0~+16.50\u00b0<\/td>\n<\/tr>\n<tr>\n<td>Perda na secagem<\/td>\n<td>\u22644.50%<\/td>\n<\/tr>\n<tr>\n<td>Res\u00edduo na igni\u00e7\u00e3o\uff08Cinzas de sulfato\uff09<\/td>\n<td>\u22640.20%<\/td>\n<\/tr>\n<tr>\n<td>PH (0,8% p\/v em \u00e1gua)<\/td>\n<td>4.50-6.00<\/td>\n<\/tr>\n<tr>\n<td>\u00c1cido 5-benzil-3,6-dioxo-2-piperazina ac\u00e9tico de dicetopiperazina (DKP)<\/td>\n<td>\u22641.5%<\/td>\n<\/tr>\n<tr>\n<td>Outras subst\u00e2ncias relacionadasImpurezas cromatogr\u00e1ficas<\/td>\n<td>\u22642.0%<\/td>\n<\/tr>\n<tr>\n<td>Transmit\u00e2ncia<\/td>\n<td>\u226590.0%<\/td>\n<\/tr>\n<tr>\n<td>Metal pesado (como Pb)<\/td>\n<td>\u226410 ppm<\/td>\n<\/tr>\n<tr>\n<td>Ars\u00eanico (como As)<\/td>\n<td>\u2264 5 ppm<\/td>\n<\/tr>\n<tr>\n<td>Chumbo<\/td>\n<td>\u2264 1 ppm<\/td>\n<\/tr>\n<tr>\n<td>Solventes residuais<\/td>\n<td>Atende aos requisitos<\/td>\n<\/tr>\n<\/tbody>\n<\/table>\n<h2><span class=\"ez-toc-section\" id=\"Dosagem_recomendada\"><\/span>Dosagem recomendada:<span class=\"ez-toc-section-end\"><\/span><\/h2>\n<table>\n<tbody>\n<tr>\n<td><strong>Nome do alimento<\/strong><\/td>\n<td><strong>Uso m\u00e1ximo (g\/kg)<\/strong><\/td>\n<\/tr>\n<tr>\n<td>Bebidas carbonatadas<\/td>\n<td>0,6 g\/kg<\/td>\n<\/tr>\n<tr>\n<td>Bebidas de frutas<\/td>\n<td>0,5 g\/kg<\/td>\n<\/tr>\n<tr>\n<td>Iogurte<\/td>\n<td>0,3 g\/kg<\/td>\n<\/tr>\n<tr>\n<td>Bebidas l\u00e1cteas<\/td>\n<td>0,3 g\/kg<\/td>\n<\/tr>\n<tr>\n<td>P\u00e3o<\/td>\n<td>0,4 g\/kg<\/td>\n<\/tr>\n<tr>\n<td>Balas macias<\/td>\n<td>0,6 g\/kg<\/td>\n<\/tr>\n<tr>\n<td>Balas duras<\/td>\n<td>0,6 g\/kg<\/td>\n<\/tr>\n<tr>\n<td>Chocolate<\/td>\n<td>0,3 g\/kg<\/td>\n<\/tr>\n<tr>\n<td>Molho de soja<\/td>\n<td>0,3 g\/kg<\/td>\n<\/tr>\n<tr>\n<td>Vinagre<\/td>\n<td>0,3 g\/kg<\/td>\n<\/tr>\n<tr>\n<td>Ketchup<\/td>\n<td>0,3 g\/kg<\/td>\n<\/tr>\n<tr>\n<td>Presunto<\/td>\n<td>0,3 g\/kg<\/td>\n<\/tr>\n<tr>\n<td>Salsicha<\/td>\n<td>0,3 g\/kg<\/td>\n<\/tr>\n<tr>\n<td>Bacon<\/td>\n<td>0,3 g\/kg<\/td>\n<\/tr>\n<tr>\n<td>Sorvete<\/td>\n<td>0,5 g\/kg<\/td>\n<\/tr>\n<tr>\n<td>Batatas fritas<\/td>\n<td>0,3 g\/kg<\/td>\n<\/tr>\n<tr>\n<td>Alimento inchado<\/td>\n<td>0,3 g\/kg<\/td>\n<\/tr>\n<\/tbody>\n<\/table>\n<h2><span class=\"ez-toc-section\" id=\"O_aspartame_tem_uma_ampla_gama_de_usos\"><\/span>O aspartame tem uma ampla gama de usos<span class=\"ez-toc-section-end\"><\/span><\/h2>\n<ol>\n<li>Bebidas: Aplic\u00e1vel a todos os tipos de bebidas carbonatadas, sucos de frutas, ch\u00e1s, etc., para fornecer alta do\u00e7ura, mantendo baixas calorias.<\/li>\n<li>Latic\u00ednios: Incluindo queijo, iogurte, sorvete, etc., que podem aumentar a do\u00e7ura sem aumentar as calorias.<\/li>\n<li>Produtos assados: Como bolos, biscoitos, p\u00e3o, etc., podem substituir parte ou todo o a\u00e7\u00facar para atingir o efeito de redu\u00e7\u00e3o de calorias.<\/li>\n<li>Sobremesas e doces: Fornecem do\u00e7ura e tamb\u00e9m s\u00e3o adequados para a produ\u00e7\u00e3o de alimentos com baixo teor de a\u00e7\u00facar ou sem a\u00e7\u00facar.<\/li>\n<li>Gomas de mascar e doces: Como o principal ingrediente ado\u00e7ante para aumentar a do\u00e7ura e o sabor.<\/li>\n<li>Medicamentos e produtos de sa\u00fade: Usado em alguns medicamentos orais e suplementos nutricionais para mascarar o amargor dos medicamentos ou aumentar o sabor.<\/li>\n<li>Alimentos enlatados e preparados: usados \u200b\u200bpara real\u00e7ar a do\u00e7ura dos alimentos enquanto controla a ingest\u00e3o total de a\u00e7\u00facar.<\/li>\n<li>Vinagre e condimentos: usados \u200b\u200bpara fazer produtos de vinagre e molhos com baixo teor de a\u00e7\u00facar ou sem a\u00e7\u00facar para atender \u00e0s necessidades de sa\u00fade de diferentes consumidores.<\/li>\n<\/ol>\n<h2><span class=\"ez-toc-section\" id=\"O_usuario_fez_a_seguinte_pergunta\"><\/span>O usu\u00e1rio fez a seguinte pergunta:<span class=\"ez-toc-section-end\"><\/span><\/h2>\n<p>Pergunta: Quais s\u00e3o as vantagens do aspartame sobre a sucralose?<\/p>\n<p>Resposta: 1. Intensidade da do\u00e7ura e calorias: o aspartame \u00e9 cerca de 200 vezes mais doce que a sacarose, enquanto a sucralose \u00e9 600 vezes mais doce que a sacarose, por isso \u00e9 usado em quantidades menores e tem menos calorias.<\/p>\n<p>2. Sabor e do\u00e7ura natural: O aspartame tem um sabor mais pr\u00f3ximo da do\u00e7ura natural e n\u00e3o deixa amargor ou outros gostos desagrad\u00e1veis, enquanto a sucralose pode trazer um leve gosto amargo em altas concentra\u00e7\u00f5es.<\/p>\n<p>3. Estabilidade: O aspartame tem boa estabilidade sob condi\u00e7\u00f5es comuns de processamento de alimentos e n\u00e3o \u00e9 f\u00e1cil de decompor ou perder sua do\u00e7ura, enquanto a sucralose pode se degradar sob condi\u00e7\u00f5es de alta temperatura.<\/p>\n<p>4. Escopo de aplica\u00e7\u00e3o: O aspartame \u00e9 adequado para uma variedade de alimentos e bebidas, incluindo assados, bebidas, latic\u00ednios, etc., e \u00e9 amplamente utilizado na ind\u00fastria aliment\u00edcia. A sucralose tamb\u00e9m tem uma ampla gama de aplica\u00e7\u00f5es, mas deve-se prestar aten\u00e7\u00e3o \u00e0 sua estabilidade sob certas condi\u00e7\u00f5es de processamento de alimentos.<\/p>\n","protected":false},"excerpt":{"rendered":"<ul>\n<li>CAS: 22839-47-0<\/li>\n<li>F\u00f3rmula qu\u00edmica: C<sub>14<\/sub>H<sub>18<\/sub>N<sub>2<\/sub>O<sub>5<\/sub><\/li>\n<li>Certifica\u00e7\u00f5es: KOSHER, ISO, HALAL, FSSC22000, BRC, etc.<\/li>\n<li>Padr\u00e3o: FCCVIII \/ USP 36<\/li>\n<li>Quantidade m\u00ednima do pedido: 1000KG<\/li>\n<li>Prazo de validade: 2 anos<\/li>\n<\/ul>\n","protected":false},"featured_media":8459,"template":"","meta":{"site-sidebar-layout":"default","site-content-layout":"","ast-site-content-layout":"default","site-content-style":"default","site-sidebar-style":"default","ast-global-header-display":"","ast-banner-title-visibility":"","ast-main-header-display":"","ast-hfb-above-header-display":"","ast-hfb-below-header-display":"","ast-hfb-mobile-header-display":"","site-post-title":"","ast-breadcrumbs-content":"","ast-featured-img":"","footer-sml-layout":"","theme-transparent-header-meta":"default","adv-header-id-meta":"","stick-header-meta":"","header-above-stick-meta":"","header-main-stick-meta":"","header-below-stick-meta":"","astra-migrate-meta-layouts":"set","ast-page-background-enabled":"default","ast-page-background-meta":{"desktop":{"background-color":"var(--ast-global-color-4)","background-image":"","background-repeat":"repeat","background-position":"center center","background-size":"auto","background-attachment":"scroll","background-type":"","background-media":"","overlay-type":"","overlay-color":"","overlay-opacity":"","overlay-gradient":""},"tablet":{"background-color":"","background-image":"","background-repeat":"repeat","background-position":"center center","background-size":"auto","background-attachment":"scroll","background-type":"","background-media":"","overlay-type":"","overlay-color":"","overlay-opacity":"","overlay-gradient":""},"mobile":{"background-color":"","background-image":"","background-repeat":"repeat","background-position":"center center","background-size":"auto","background-attachment":"scroll","background-type":"","background-media":"","overlay-type":"","overlay-color":"","overlay-opacity":"","overlay-gradient":""}},"ast-content-background-meta":{"desktop":{"background-color":"var(--ast-global-color-5)","background-image":"","background-repeat":"repeat","background-position":"center center","background-size":"auto","background-attachment":"scroll","background-type":"","background-media":"","overlay-type":"","overlay-color":"","overlay-opacity":"","overlay-gradient":""},"tablet":{"background-color":"var(--ast-global-color-5)","background-image":"","background-repeat":"repeat","background-position":"center center","background-size":"auto","background-attachment":"scroll","background-type":"","background-media":"","overlay-type":"","overlay-color":"","overlay-opacity":"","overlay-gradient":""},"mobile":{"background-color":"var(--ast-global-color-5)","background-image":"","background-repeat":"repeat","background-position":"center center","background-size":"auto","background-attachment":"scroll","background-type":"","background-media":"","overlay-type":"","overlay-color":"","overlay-opacity":"","overlay-gradient":""}}},"product_brand":[],"product_cat":[77],"product_tag":[],"class_list":{"0":"post-8458","1":"product","2":"type-product","3":"status-publish","4":"has-post-thumbnail","6":"product_cat-produto-adocante","7":"desktop-align-center","8":"tablet-align-left","9":"mobile-align-left","11":"first","12":"instock","13":"shipping-taxable","14":"product-type-simple"},"yoast_head":"<!-- This site is optimized with the Yoast SEO plugin v26.5 - https:\/\/yoast.com\/wordpress\/plugins\/seo\/ -->\n<title>Aspartame Po Pre\u00e7o, E951 Comprar| Niranbio Chemical<\/title>\n<meta name=\"description\" content=\"O aspartame, um p\u00f3 cristalino branco, \u00e9 um ado\u00e7ante de baixa caloria usado em bebidas, produtos farmac\u00eauticos e gomas de mascar sem a\u00e7\u00facar.\" \/>\n<meta name=\"robots\" content=\"noindex, follow, max-snippet:-1, max-image-preview:large, max-video-preview:-1\" \/>\n<meta name=\"twitter:label1\" content=\"Est. tempo de leitura\" \/>\n\t<meta name=\"twitter:data1\" content=\"4 minutos\" \/>\n<script type=\"application\/ld+json\" class=\"yoast-schema-graph\">{\"@context\":\"https:\/\/schema.org\",\"@graph\":[{\"@type\":\"WebPage\",\"@id\":\"https:\/\/theo.niranbio.com\/pt-br\/aspartame.html\",\"url\":\"https:\/\/theo.niranbio.com\/pt-br\/aspartame.html\",\"name\":\"Aspartame Po Pre\u00e7o, E951 Comprar| Niranbio Chemical\",\"isPartOf\":{\"@id\":\"https:\/\/theo.niranbio.com\/pt-br\/#website\"},\"primaryImageOfPage\":{\"@id\":\"https:\/\/theo.niranbio.com\/pt-br\/aspartame.html#primaryimage\"},\"image\":{\"@id\":\"https:\/\/theo.niranbio.com\/pt-br\/aspartame.html#primaryimage\"},\"thumbnailUrl\":\"https:\/\/theo.niranbio.com\/wp-content\/uploads\/2024\/06\/Aspartame.webp\",\"datePublished\":\"2024-06-20T01:21:36+00:00\",\"dateModified\":\"2024-08-19T01:11:39+00:00\",\"description\":\"O aspartame, um p\u00f3 cristalino branco, \u00e9 um ado\u00e7ante de baixa caloria usado em bebidas, produtos farmac\u00eauticos e gomas de mascar sem a\u00e7\u00facar.\",\"breadcrumb\":{\"@id\":\"https:\/\/theo.niranbio.com\/pt-br\/aspartame.html#breadcrumb\"},\"inLanguage\":\"pt-BR\",\"potentialAction\":[{\"@type\":\"ReadAction\",\"target\":[\"https:\/\/theo.niranbio.com\/pt-br\/aspartame.html\"]}]},{\"@type\":\"ImageObject\",\"inLanguage\":\"pt-BR\",\"@id\":\"https:\/\/theo.niranbio.com\/pt-br\/aspartame.html#primaryimage\",\"url\":\"https:\/\/theo.niranbio.com\/wp-content\/uploads\/2024\/06\/Aspartame.webp\",\"contentUrl\":\"https:\/\/theo.niranbio.com\/wp-content\/uploads\/2024\/06\/Aspartame.webp\",\"width\":600,\"height\":600,\"caption\":\"Aspartame\"},{\"@type\":\"BreadcrumbList\",\"@id\":\"https:\/\/theo.niranbio.com\/pt-br\/aspartame.html#breadcrumb\",\"itemListElement\":[{\"@type\":\"ListItem\",\"position\":1,\"name\":\"Home\",\"item\":\"https:\/\/theo.niranbio.com\/pt-br\/\"},{\"@type\":\"ListItem\",\"position\":2,\"name\":\"Produtos\",\"item\":\"https:\/\/theo.niranbio.com\/pt-br\/produtos.html\"},{\"@type\":\"ListItem\",\"position\":3,\"name\":\"Ado\u00e7antes\",\"item\":\"https:\/\/theo.niranbio.com\/pt-br\/produto-adocante\/\"},{\"@type\":\"ListItem\",\"position\":4,\"name\":\"Aspartame\"}]},{\"@type\":\"WebSite\",\"@id\":\"https:\/\/theo.niranbio.com\/pt-br\/#website\",\"url\":\"https:\/\/theo.niranbio.com\/pt-br\/\",\"name\":\"Niranbio Chemical\",\"description\":\"\",\"publisher\":{\"@id\":\"https:\/\/theo.niranbio.com\/pt-br\/#organization\"},\"potentialAction\":[{\"@type\":\"SearchAction\",\"target\":{\"@type\":\"EntryPoint\",\"urlTemplate\":\"https:\/\/theo.niranbio.com\/pt-br\/?s={search_term_string}\"},\"query-input\":{\"@type\":\"PropertyValueSpecification\",\"valueRequired\":true,\"valueName\":\"search_term_string\"}}],\"inLanguage\":\"pt-BR\"},{\"@type\":\"Organization\",\"@id\":\"https:\/\/theo.niranbio.com\/pt-br\/#organization\",\"name\":\"Niranbio Chemical\",\"url\":\"https:\/\/theo.niranbio.com\/pt-br\/\",\"logo\":{\"@type\":\"ImageObject\",\"inLanguage\":\"pt-BR\",\"@id\":\"https:\/\/theo.niranbio.com\/pt-br\/#\/schema\/logo\/image\/\",\"url\":\"https:\/\/theo.niranbio.com\/wp-content\/uploads\/2024\/06\/Niranbio.png\",\"contentUrl\":\"https:\/\/theo.niranbio.com\/wp-content\/uploads\/2024\/06\/Niranbio.png\",\"width\":270,\"height\":100,\"caption\":\"Niranbio Chemical\"},\"image\":{\"@id\":\"https:\/\/theo.niranbio.com\/pt-br\/#\/schema\/logo\/image\/\"}}]}<\/script>\n<!-- \/ Yoast SEO plugin. -->","yoast_head_json":{"title":"Aspartame Po Pre\u00e7o, E951 Comprar| Niranbio Chemical","description":"O aspartame, um p\u00f3 cristalino branco, \u00e9 um ado\u00e7ante de baixa caloria usado em bebidas, produtos farmac\u00eauticos e gomas de mascar sem a\u00e7\u00facar.","robots":{"index":"noindex","follow":"follow","max-snippet":"max-snippet:-1","max-image-preview":"max-image-preview:large","max-video-preview":"max-video-preview:-1"},"twitter_misc":{"Est. tempo de leitura":"4 minutos"},"schema":{"@context":"https:\/\/schema.org","@graph":[{"@type":"WebPage","@id":"https:\/\/theo.niranbio.com\/pt-br\/aspartame.html","url":"https:\/\/theo.niranbio.com\/pt-br\/aspartame.html","name":"Aspartame Po Pre\u00e7o, E951 Comprar| Niranbio Chemical","isPartOf":{"@id":"https:\/\/theo.niranbio.com\/pt-br\/#website"},"primaryImageOfPage":{"@id":"https:\/\/theo.niranbio.com\/pt-br\/aspartame.html#primaryimage"},"image":{"@id":"https:\/\/theo.niranbio.com\/pt-br\/aspartame.html#primaryimage"},"thumbnailUrl":"https:\/\/theo.niranbio.com\/wp-content\/uploads\/2024\/06\/Aspartame.webp","datePublished":"2024-06-20T01:21:36+00:00","dateModified":"2024-08-19T01:11:39+00:00","description":"O aspartame, um p\u00f3 cristalino branco, \u00e9 um ado\u00e7ante de baixa caloria usado em bebidas, produtos farmac\u00eauticos e gomas de mascar sem a\u00e7\u00facar.","breadcrumb":{"@id":"https:\/\/theo.niranbio.com\/pt-br\/aspartame.html#breadcrumb"},"inLanguage":"pt-BR","potentialAction":[{"@type":"ReadAction","target":["https:\/\/theo.niranbio.com\/pt-br\/aspartame.html"]}]},{"@type":"ImageObject","inLanguage":"pt-BR","@id":"https:\/\/theo.niranbio.com\/pt-br\/aspartame.html#primaryimage","url":"https:\/\/theo.niranbio.com\/wp-content\/uploads\/2024\/06\/Aspartame.webp","contentUrl":"https:\/\/theo.niranbio.com\/wp-content\/uploads\/2024\/06\/Aspartame.webp","width":600,"height":600,"caption":"Aspartame"},{"@type":"BreadcrumbList","@id":"https:\/\/theo.niranbio.com\/pt-br\/aspartame.html#breadcrumb","itemListElement":[{"@type":"ListItem","position":1,"name":"Home","item":"https:\/\/theo.niranbio.com\/pt-br\/"},{"@type":"ListItem","position":2,"name":"Produtos","item":"https:\/\/theo.niranbio.com\/pt-br\/produtos.html"},{"@type":"ListItem","position":3,"name":"Ado\u00e7antes","item":"https:\/\/theo.niranbio.com\/pt-br\/produto-adocante\/"},{"@type":"ListItem","position":4,"name":"Aspartame"}]},{"@type":"WebSite","@id":"https:\/\/theo.niranbio.com\/pt-br\/#website","url":"https:\/\/theo.niranbio.com\/pt-br\/","name":"Niranbio Chemical","description":"","publisher":{"@id":"https:\/\/theo.niranbio.com\/pt-br\/#organization"},"potentialAction":[{"@type":"SearchAction","target":{"@type":"EntryPoint","urlTemplate":"https:\/\/theo.niranbio.com\/pt-br\/?s={search_term_string}"},"query-input":{"@type":"PropertyValueSpecification","valueRequired":true,"valueName":"search_term_string"}}],"inLanguage":"pt-BR"},{"@type":"Organization","@id":"https:\/\/theo.niranbio.com\/pt-br\/#organization","name":"Niranbio Chemical","url":"https:\/\/theo.niranbio.com\/pt-br\/","logo":{"@type":"ImageObject","inLanguage":"pt-BR","@id":"https:\/\/theo.niranbio.com\/pt-br\/#\/schema\/logo\/image\/","url":"https:\/\/theo.niranbio.com\/wp-content\/uploads\/2024\/06\/Niranbio.png","contentUrl":"https:\/\/theo.niranbio.com\/wp-content\/uploads\/2024\/06\/Niranbio.png","width":270,"height":100,"caption":"Niranbio Chemical"},"image":{"@id":"https:\/\/theo.niranbio.com\/pt-br\/#\/schema\/logo\/image\/"}}]}},"_links":{"self":[{"href":"https:\/\/theo.niranbio.com\/pt-br\/wp-json\/wp\/v2\/product\/8458","targetHints":{"allow":["GET"]}}],"collection":[{"href":"https:\/\/theo.niranbio.com\/pt-br\/wp-json\/wp\/v2\/product"}],"about":[{"href":"https:\/\/theo.niranbio.com\/pt-br\/wp-json\/wp\/v2\/types\/product"}],"version-history":[{"count":0,"href":"https:\/\/theo.niranbio.com\/pt-br\/wp-json\/wp\/v2\/product\/8458\/revisions"}],"wp:featuredmedia":[{"embeddable":true,"href":"https:\/\/theo.niranbio.com\/pt-br\/wp-json\/wp\/v2\/media\/8459"}],"wp:attachment":[{"href":"https:\/\/theo.niranbio.com\/pt-br\/wp-json\/wp\/v2\/media?parent=8458"}],"wp:term":[{"taxonomy":"product_brand","embeddable":true,"href":"https:\/\/theo.niranbio.com\/pt-br\/wp-json\/wp\/v2\/product_brand?post=8458"},{"taxonomy":"product_cat","embeddable":true,"href":"https:\/\/theo.niranbio.com\/pt-br\/wp-json\/wp\/v2\/product_cat?post=8458"},{"taxonomy":"product_tag","embeddable":true,"href":"https:\/\/theo.niranbio.com\/pt-br\/wp-json\/wp\/v2\/product_tag?post=8458"}],"curies":[{"name":"wp","href":"https:\/\/api.w.org\/{rel}","templated":true}]}}