{"id":8456,"date":"2024-06-20T09:23:52","date_gmt":"2024-06-20T01:23:52","guid":{"rendered":"https:\/\/theo.niranbio.com\/xarope-de-glicose\/"},"modified":"2024-08-19T09:03:44","modified_gmt":"2024-08-19T01:03:44","slug":"xarope-de-glicose","status":"publish","type":"product","link":"https:\/\/theo.niranbio.com\/pt-br\/xarope-de-glicose.html","title":{"rendered":"Xarope de glicose"},"content":{"rendered":"<h2><span class=\"ez-toc-section\" id=\"O_que_e_xarope_de_glicose\"><\/span>O que \u00e9 xarope de glicose?<span class=\"ez-toc-section-end\"><\/span><\/h2>\n<p>O xarope de glicose, um l\u00edquido transparente e viscoso com alta absor\u00e7\u00e3o e reten\u00e7\u00e3o de umidade, \u00e9 feito de amido e \u00e9 produzido por enzimas ou \u00e1cidos usando amido como mat\u00e9ria-prima. \u00c9 amplamente utilizado na ind\u00fastria aliment\u00edcia para manter o teor de umidade consistente, macio e delicioso de produtos assados.<\/p>\n<p>O m\u00e9todo comum de prepara\u00e7\u00e3o do xarope de glicose \u00e9 misturar amido (geralmente amido de milho) com \u00e1gua e, em seguida, liquefazer e sacarificar por aquecimento e pela a\u00e7\u00e3o de \u00e1cido ou enzimas para decompor o amido em glicose; em seguida, remover impurezas por filtragem e, em seguida, fazer o xarope atingir a concentra\u00e7\u00e3o desejada por meio de uma etapa de concentra\u00e7\u00e3o; finalmente, descolorir e desmineralizar para obter um produto de xarope de glicose puro.<\/p>\n<h2><span class=\"ez-toc-section\" id=\"Parametros_relacionados\"><\/span>Par\u00e2metros relacionados:<span class=\"ez-toc-section-end\"><\/span><\/h2>\n<table>\n<tbody>\n<tr>\n<td><strong>Teste<\/strong><\/td>\n<td><strong>Resultado<\/strong><\/td>\n<\/tr>\n<tr>\n<td>Apar\u00eancia<\/td>\n<td>Xarope incolor ou amarelo-claro, sem nenhum contaminante vis\u00edvel.<\/td>\n<\/tr>\n<tr>\n<td>Odor e sabor<\/td>\n<td>Nenhum odor ou cheiro incomum, nenhum sabor incomum.<\/td>\n<\/tr>\n<tr>\n<td>Subst\u00e2ncia s\u00f3lida, em %<\/td>\n<td>75-84<\/td>\n<\/tr>\n<tr>\n<td>DE<\/td>\n<td>41-60<\/td>\n<\/tr>\n<tr>\n<td>pH<\/td>\n<td>4.0-6.0<\/td>\n<\/tr>\n<tr>\n<td>Transmit\u00e2ncia (426nm)<\/td>\n<td>M\u00ednimo 94<\/td>\n<\/tr>\n<tr>\n<td>Temperatura do coque, em \u00b0C<\/td>\n<td>M\u00e1ximo 125<\/td>\n<\/tr>\n<tr>\n<td>Cinzas, em %<\/td>\n<td>M\u00e1ximo 0,3<\/td>\n<\/tr>\n<tr>\n<td>Chumbo, em ppm<\/td>\n<td>M\u00e1ximo de 0,5 ppm<\/td>\n<\/tr>\n<tr>\n<td>As, em ppm<\/td>\n<td>M\u00e1ximo de 0,5 ppm<\/td>\n<\/tr>\n<tr>\n<td>Total de bact\u00e9rias, em cfu\/g<\/td>\n<td>M\u00e1ximo 1000<\/td>\n<\/tr>\n<tr>\n<td>E.coli, em cfu\/100g<\/td>\n<td>M\u00e1ximo 30<\/td>\n<\/tr>\n<\/tbody>\n<\/table>\n<h2><span class=\"ez-toc-section\" id=\"Dosagem_recomendada\"><\/span>Dosagem recomendada:<span class=\"ez-toc-section-end\"><\/span><\/h2>\n<table>\n<tbody>\n<tr>\n<td><strong>Nome do alimento<\/strong><\/td>\n<td><strong>Uso m\u00e1ximo (g\/kg)<\/strong><\/td>\n<\/tr>\n<tr>\n<td>Produtos de panifica\u00e7\u00e3o<\/td>\n<td>30 g\/kg<\/td>\n<\/tr>\n<tr>\n<td>Confeitaria<\/td>\n<td>50 g\/kg<\/td>\n<\/tr>\n<tr>\n<td>Sorvete<\/td>\n<td>50 g\/kg<\/td>\n<\/tr>\n<tr>\n<td>Bebidas<\/td>\n<td>15 g\/kg<\/td>\n<\/tr>\n<tr>\n<td>Produtos l\u00e1cteos<\/td>\n<td>30 g\/kg<\/td>\n<\/tr>\n<tr>\n<td>Frutas enlatadas<\/td>\n<td>30 g\/kg<\/td>\n<\/tr>\n<tr>\n<td>Doces e gel\u00e9ias<\/td>\n<td>50 g\/kg<\/td>\n<\/tr>\n<tr>\n<td>Chocolates<\/td>\n<td>50 g\/kg<\/td>\n<\/tr>\n<tr>\n<td>Recheios de frutas<\/td>\n<td>30 g\/kg<\/td>\n<\/tr>\n<tr>\n<td>Molhos e temperos<\/td>\n<td>15 g\/kg<\/td>\n<\/tr>\n<tr>\n<td>Alimentos para lanches<\/td>\n<td>30 g\/kg<\/td>\n<\/tr>\n<tr>\n<td>Sobremesas de gelatina<\/td>\n<td>50 g\/kg<\/td>\n<\/tr>\n<tr>\n<td>Vegetais enlatados<\/td>\n<td>30 g\/kg<\/td>\n<\/tr>\n<tr>\n<td>Alimentos funcionais<\/td>\n<td>30 g\/kg<\/td>\n<\/tr>\n<\/tbody>\n<\/table>\n<h2><span class=\"ez-toc-section\" id=\"O_xarope_de_glicose_tem_uma_ampla_gama_de_usos\"><\/span>O xarope de glicose tem uma ampla gama de usos<span class=\"ez-toc-section-end\"><\/span><\/h2>\n<ol>\n<li>O campo do processamento de alimentos Um componente-chave no processamento de alimentos \u00e9 o xarope de glicose. Inicialmente, ele pode ser adicionado a doces, biscoitos, chocolate e outros alimentos para dar-lhes do\u00e7ura como um ado\u00e7ante. Em segundo lugar, o xarope de glicose tamb\u00e9m pode aumentar a reten\u00e7\u00e3o de umidade e a textura dos alimentos, tornando os doces mais macios e melhorando o sabor. Al\u00e9m disso, o xarope de glicose tamb\u00e9m pode ser usado como um agente de revestimento para tornar a superf\u00edcie de alimentos como doces e geleias mais lisa e aumentar a atratividade dos alimentos.<\/li>\n<li>Fabrica\u00e7\u00e3o de bebidas O xarope de glicose tamb\u00e9m tem uma aplica\u00e7\u00e3o importante na fabrica\u00e7\u00e3o de bebidas. Ele pode ser adicionado a bebidas como um ado\u00e7ante para torn\u00e1-las mais doces e saborosas. Ao mesmo tempo, o xarope de glicose tamb\u00e9m pode aumentar a viscosidade das bebidas e melhorar o sabor. Em bebidas de suco de frutas, o xarope de glicose pode ser usado como um estabilizador para evitar a precipita\u00e7\u00e3o do suco e estender a vida \u00fatil do suco.<\/li>\n<li>Ind\u00fastria farmac\u00eautica O xarope de glicose tem uma aplica\u00e7\u00e3o importante na ind\u00fastria farmac\u00eautica. Primeiro, ele pode ser usado como um excipiente para medicamentos para aumentar a estabilidade e o sabor dos medicamentos. Em segundo lugar, o xarope de glicose tamb\u00e9m pode ser usado como um solvente para medicamentos para torn\u00e1-los mais f\u00e1ceis de dissolver. Al\u00e9m disso, o xarope de glicose tamb\u00e9m pode ser usado como um estabilizador para inje\u00e7\u00f5es para aumentar a vida \u00fatil das inje\u00e7\u00f5es<\/li>\n<li>Fabrica\u00e7\u00e3o de cosm\u00e9ticos O xarope de glicose tamb\u00e9m \u00e9 amplamente usado na fabrica\u00e7\u00e3o de cosm\u00e9ticos. Ele pode ser usado como um hidratante para cosm\u00e9ticos para aumentar o efeito hidratante do produto. O xarope de glicose tamb\u00e9m pode ser utilizado como um aglutinante em cosm\u00e9ticos para aumentar a ader\u00eancia do produto. Em cosm\u00e9ticos como batons e protetores labiais, o xarope de glicose pode ser usado como um espessante para tornar o produto mais f\u00e1cil de aplicar.<\/li>\n<\/ol>\n<h2><span class=\"ez-toc-section\" id=\"Pergunta_feita_pelo_usuario\"><\/span>Pergunta feita pelo usu\u00e1rio<span class=\"ez-toc-section-end\"><\/span><\/h2>\n<p>Pergunta: Qual \u00e9 a diferen\u00e7a entre xarope de glicose e xarope de frutose?<\/p>\n<p>Resposta: O xarope de glicose, \u00e0s vezes chamado de glicose l\u00edquida ou dextrose, \u00e9 um monossacar\u00eddeo feito de hexose com alde\u00eddo. \u00c9 agrad\u00e1vel, facilmente sol\u00favel em \u00e1gua e branco cristalizado. \u00c9 feito principalmente pela hidr\u00f3lise do amido de milho e pertence aos a\u00e7\u00facares do amido.<\/p>\n<p>A\u00e7\u00facares, ou carboidratos, s\u00e3o abundantes no xarope de glicose e podem dar energia ao corpo. Por exemplo, pessoas que frequentemente fazem trabalho f\u00edsico, se tomarem xarope de glicose adequadamente, podem repor rapidamente o glicog\u00eanio nos m\u00fasculos, fornecer energia para o corpo e restaurar a for\u00e7a f\u00edsica;<\/p>\n<p>o a\u00e7\u00facar rico no xarope de glicose pode fornecer energia para o metabolismo cerebral. Se pessoas com perda de mem\u00f3ria tomarem glicose adequadamente, ela pode fornecer energia para o metabolismo cerebral e tem o efeito de beneficiar a intelig\u00eancia e a sa\u00fade cerebral. O amido vegetal passa por hidr\u00f3lise e isomeriza\u00e7\u00e3o para produzir xarope de frutose, um cristal de amido. \u00c9 um ado\u00e7ante importante. Tamb\u00e9m \u00e9 conhecido como xarope de frutose porque a glicose e a frutose s\u00e3o seus constituintes prim\u00e1rios.<\/p>\n<p>A fun\u00e7\u00e3o do xarope de milho rico em frutose \u00e9 inibir a decomposi\u00e7\u00e3o de prote\u00ednas no corpo, e \u00e9 adequado para trabalhadores manuais e atletas; tem a fun\u00e7\u00e3o de decompor o etanol, o que pode prevenir a embriaguez, e \u00e9 adequado para pacientes com hepatite e cirrose; Uma subst\u00e2ncia que pode ser usada no lugar da sacarose \u00e9 o xarope de milho rico em frutose, que \u00e9 amplamente utilizado no setor de alimentos e bebidas. Seu sabor e aroma s\u00e3o melhores do que a sacarose, e \u00e9 um pouco semelhante ao suco de fruta natural.<\/p>\n","protected":false},"excerpt":{"rendered":"<ul>\n<li>CAS: 8029-43-4<\/li>\n<li>F\u00f3rmula qu\u00edmica: C<sub>6<\/sub>H<sub>12<\/sub>O<sub>6<\/sub><\/li>\n<li>Certifica\u00e7\u00f5es: KOSHER, ISO, HALAL, FSSC22000, BRC, etc.<\/li>\n<li>Padr\u00e3o: GB\/FCC<\/li>\n<li>Quantidade m\u00ednima do pedido: 1000KG<\/li>\n<li>Prazo de validade: 2 anos<\/li>\n<\/ul>\n","protected":false},"featured_media":8022,"template":"","meta":{"site-sidebar-layout":"default","site-content-layout":"","ast-site-content-layout":"default","site-content-style":"default","site-sidebar-style":"default","ast-global-header-display":"","ast-banner-title-visibility":"","ast-main-header-display":"","ast-hfb-above-header-display":"","ast-hfb-below-header-display":"","ast-hfb-mobile-header-display":"","site-post-title":"","ast-breadcrumbs-content":"","ast-featured-img":"","footer-sml-layout":"","theme-transparent-header-meta":"default","adv-header-id-meta":"","stick-header-meta":"","header-above-stick-meta":"","header-main-stick-meta":"","header-below-stick-meta":"","astra-migrate-meta-layouts":"set","ast-page-background-enabled":"default","ast-page-background-meta":{"desktop":{"background-color":"var(--ast-global-color-4)","background-image":"","background-repeat":"repeat","background-position":"center center","background-size":"auto","background-attachment":"scroll","background-type":"","background-media":"","overlay-type":"","overlay-color":"","overlay-opacity":"","overlay-gradient":""},"tablet":{"background-color":"","background-image":"","background-repeat":"repeat","background-position":"center center","background-size":"auto","background-attachment":"scroll","background-type":"","background-media":"","overlay-type":"","overlay-color":"","overlay-opacity":"","overlay-gradient":""},"mobile":{"background-color":"","background-image":"","background-repeat":"repeat","background-position":"center center","background-size":"auto","background-attachment":"scroll","background-type":"","background-media":"","overlay-type":"","overlay-color":"","overlay-opacity":"","overlay-gradient":""}},"ast-content-background-meta":{"desktop":{"background-color":"var(--ast-global-color-5)","background-image":"","background-repeat":"repeat","background-position":"center center","background-size":"auto","background-attachment":"scroll","background-type":"","background-media":"","overlay-type":"","overlay-color":"","overlay-opacity":"","overlay-gradient":""},"tablet":{"background-color":"var(--ast-global-color-5)","background-image":"","background-repeat":"repeat","background-position":"center center","background-size":"auto","background-attachment":"scroll","background-type":"","background-media":"","overlay-type":"","overlay-color":"","overlay-opacity":"","overlay-gradient":""},"mobile":{"background-color":"var(--ast-global-color-5)","background-image":"","background-repeat":"repeat","background-position":"center center","background-size":"auto","background-attachment":"scroll","background-type":"","background-media":"","overlay-type":"","overlay-color":"","overlay-opacity":"","overlay-gradient":""}}},"product_brand":[],"product_cat":[77],"product_tag":[],"class_list":{"0":"post-8456","1":"product","2":"type-product","3":"status-publish","4":"has-post-thumbnail","6":"product_cat-produto-adocante","7":"desktop-align-center","8":"tablet-align-left","9":"mobile-align-left","11":"first","12":"instock","13":"shipping-taxable","14":"product-type-simple"},"yoast_head":"<!-- This site is optimized with the Yoast SEO plugin v26.5 - https:\/\/yoast.com\/wordpress\/plugins\/seo\/ -->\n<title>Xarope De Glucose Comprar Pre\u00e7o, Fornecedor De Xarope De Glicose | Niranbio Chemical<\/title>\n<meta name=\"description\" content=\"O xarope de glicose, um l\u00edquido transparente e viscoso feito de amido por meio de enzimas ou \u00e1cidos, \u00e9 amplamente utilizado na ind\u00fastria aliment\u00edcia para reten\u00e7\u00e3o de umidade.\" \/>\n<meta name=\"robots\" content=\"noindex, follow, max-snippet:-1, max-image-preview:large, max-video-preview:-1\" \/>\n<meta name=\"twitter:label1\" content=\"Est. tempo de leitura\" \/>\n\t<meta name=\"twitter:data1\" content=\"5 minutos\" \/>\n<script type=\"application\/ld+json\" class=\"yoast-schema-graph\">{\"@context\":\"https:\/\/schema.org\",\"@graph\":[{\"@type\":\"WebPage\",\"@id\":\"https:\/\/theo.niranbio.com\/pt-br\/xarope-de-glicose.html\",\"url\":\"https:\/\/theo.niranbio.com\/pt-br\/xarope-de-glicose.html\",\"name\":\"Xarope De Glucose Comprar Pre\u00e7o, Fornecedor De Xarope De Glicose | Niranbio Chemical\",\"isPartOf\":{\"@id\":\"https:\/\/theo.niranbio.com\/pt-br\/#website\"},\"primaryImageOfPage\":{\"@id\":\"https:\/\/theo.niranbio.com\/pt-br\/xarope-de-glicose.html#primaryimage\"},\"image\":{\"@id\":\"https:\/\/theo.niranbio.com\/pt-br\/xarope-de-glicose.html#primaryimage\"},\"thumbnailUrl\":\"https:\/\/theo.niranbio.com\/wp-content\/uploads\/2024\/06\/Glucose-syrup.webp\",\"datePublished\":\"2024-06-20T01:23:52+00:00\",\"dateModified\":\"2024-08-19T01:03:44+00:00\",\"description\":\"O xarope de glicose, um l\u00edquido transparente e viscoso feito de amido por meio de enzimas ou \u00e1cidos, \u00e9 amplamente utilizado na ind\u00fastria aliment\u00edcia para reten\u00e7\u00e3o de umidade.\",\"breadcrumb\":{\"@id\":\"https:\/\/theo.niranbio.com\/pt-br\/xarope-de-glicose.html#breadcrumb\"},\"inLanguage\":\"pt-BR\",\"potentialAction\":[{\"@type\":\"ReadAction\",\"target\":[\"https:\/\/theo.niranbio.com\/pt-br\/xarope-de-glicose.html\"]}]},{\"@type\":\"ImageObject\",\"inLanguage\":\"pt-BR\",\"@id\":\"https:\/\/theo.niranbio.com\/pt-br\/xarope-de-glicose.html#primaryimage\",\"url\":\"https:\/\/theo.niranbio.com\/wp-content\/uploads\/2024\/06\/Glucose-syrup.webp\",\"contentUrl\":\"https:\/\/theo.niranbio.com\/wp-content\/uploads\/2024\/06\/Glucose-syrup.webp\",\"width\":600,\"height\":600,\"caption\":\"Xarope de glicose\"},{\"@type\":\"BreadcrumbList\",\"@id\":\"https:\/\/theo.niranbio.com\/pt-br\/xarope-de-glicose.html#breadcrumb\",\"itemListElement\":[{\"@type\":\"ListItem\",\"position\":1,\"name\":\"Home\",\"item\":\"https:\/\/theo.niranbio.com\/pt-br\/\"},{\"@type\":\"ListItem\",\"position\":2,\"name\":\"Produtos\",\"item\":\"https:\/\/theo.niranbio.com\/pt-br\/produtos.html\"},{\"@type\":\"ListItem\",\"position\":3,\"name\":\"Ado\u00e7antes\",\"item\":\"https:\/\/theo.niranbio.com\/pt-br\/produto-adocante\/\"},{\"@type\":\"ListItem\",\"position\":4,\"name\":\"Xarope de glicose\"}]},{\"@type\":\"WebSite\",\"@id\":\"https:\/\/theo.niranbio.com\/pt-br\/#website\",\"url\":\"https:\/\/theo.niranbio.com\/pt-br\/\",\"name\":\"Niranbio Chemical\",\"description\":\"\",\"publisher\":{\"@id\":\"https:\/\/theo.niranbio.com\/pt-br\/#organization\"},\"potentialAction\":[{\"@type\":\"SearchAction\",\"target\":{\"@type\":\"EntryPoint\",\"urlTemplate\":\"https:\/\/theo.niranbio.com\/pt-br\/?s={search_term_string}\"},\"query-input\":{\"@type\":\"PropertyValueSpecification\",\"valueRequired\":true,\"valueName\":\"search_term_string\"}}],\"inLanguage\":\"pt-BR\"},{\"@type\":\"Organization\",\"@id\":\"https:\/\/theo.niranbio.com\/pt-br\/#organization\",\"name\":\"Niranbio Chemical\",\"url\":\"https:\/\/theo.niranbio.com\/pt-br\/\",\"logo\":{\"@type\":\"ImageObject\",\"inLanguage\":\"pt-BR\",\"@id\":\"https:\/\/theo.niranbio.com\/pt-br\/#\/schema\/logo\/image\/\",\"url\":\"https:\/\/theo.niranbio.com\/wp-content\/uploads\/2024\/06\/Niranbio.png\",\"contentUrl\":\"https:\/\/theo.niranbio.com\/wp-content\/uploads\/2024\/06\/Niranbio.png\",\"width\":270,\"height\":100,\"caption\":\"Niranbio Chemical\"},\"image\":{\"@id\":\"https:\/\/theo.niranbio.com\/pt-br\/#\/schema\/logo\/image\/\"}}]}<\/script>\n<!-- \/ Yoast SEO plugin. -->","yoast_head_json":{"title":"Xarope De Glucose Comprar Pre\u00e7o, Fornecedor De Xarope De Glicose | Niranbio Chemical","description":"O xarope de glicose, um l\u00edquido transparente e viscoso feito de amido por meio de enzimas ou \u00e1cidos, \u00e9 amplamente utilizado na ind\u00fastria aliment\u00edcia para reten\u00e7\u00e3o de umidade.","robots":{"index":"noindex","follow":"follow","max-snippet":"max-snippet:-1","max-image-preview":"max-image-preview:large","max-video-preview":"max-video-preview:-1"},"twitter_misc":{"Est. tempo de leitura":"5 minutos"},"schema":{"@context":"https:\/\/schema.org","@graph":[{"@type":"WebPage","@id":"https:\/\/theo.niranbio.com\/pt-br\/xarope-de-glicose.html","url":"https:\/\/theo.niranbio.com\/pt-br\/xarope-de-glicose.html","name":"Xarope De Glucose Comprar Pre\u00e7o, Fornecedor De Xarope De Glicose | Niranbio Chemical","isPartOf":{"@id":"https:\/\/theo.niranbio.com\/pt-br\/#website"},"primaryImageOfPage":{"@id":"https:\/\/theo.niranbio.com\/pt-br\/xarope-de-glicose.html#primaryimage"},"image":{"@id":"https:\/\/theo.niranbio.com\/pt-br\/xarope-de-glicose.html#primaryimage"},"thumbnailUrl":"https:\/\/theo.niranbio.com\/wp-content\/uploads\/2024\/06\/Glucose-syrup.webp","datePublished":"2024-06-20T01:23:52+00:00","dateModified":"2024-08-19T01:03:44+00:00","description":"O xarope de glicose, um l\u00edquido transparente e viscoso feito de amido por meio de enzimas ou \u00e1cidos, \u00e9 amplamente utilizado na ind\u00fastria aliment\u00edcia para reten\u00e7\u00e3o de umidade.","breadcrumb":{"@id":"https:\/\/theo.niranbio.com\/pt-br\/xarope-de-glicose.html#breadcrumb"},"inLanguage":"pt-BR","potentialAction":[{"@type":"ReadAction","target":["https:\/\/theo.niranbio.com\/pt-br\/xarope-de-glicose.html"]}]},{"@type":"ImageObject","inLanguage":"pt-BR","@id":"https:\/\/theo.niranbio.com\/pt-br\/xarope-de-glicose.html#primaryimage","url":"https:\/\/theo.niranbio.com\/wp-content\/uploads\/2024\/06\/Glucose-syrup.webp","contentUrl":"https:\/\/theo.niranbio.com\/wp-content\/uploads\/2024\/06\/Glucose-syrup.webp","width":600,"height":600,"caption":"Xarope de glicose"},{"@type":"BreadcrumbList","@id":"https:\/\/theo.niranbio.com\/pt-br\/xarope-de-glicose.html#breadcrumb","itemListElement":[{"@type":"ListItem","position":1,"name":"Home","item":"https:\/\/theo.niranbio.com\/pt-br\/"},{"@type":"ListItem","position":2,"name":"Produtos","item":"https:\/\/theo.niranbio.com\/pt-br\/produtos.html"},{"@type":"ListItem","position":3,"name":"Ado\u00e7antes","item":"https:\/\/theo.niranbio.com\/pt-br\/produto-adocante\/"},{"@type":"ListItem","position":4,"name":"Xarope de glicose"}]},{"@type":"WebSite","@id":"https:\/\/theo.niranbio.com\/pt-br\/#website","url":"https:\/\/theo.niranbio.com\/pt-br\/","name":"Niranbio Chemical","description":"","publisher":{"@id":"https:\/\/theo.niranbio.com\/pt-br\/#organization"},"potentialAction":[{"@type":"SearchAction","target":{"@type":"EntryPoint","urlTemplate":"https:\/\/theo.niranbio.com\/pt-br\/?s={search_term_string}"},"query-input":{"@type":"PropertyValueSpecification","valueRequired":true,"valueName":"search_term_string"}}],"inLanguage":"pt-BR"},{"@type":"Organization","@id":"https:\/\/theo.niranbio.com\/pt-br\/#organization","name":"Niranbio Chemical","url":"https:\/\/theo.niranbio.com\/pt-br\/","logo":{"@type":"ImageObject","inLanguage":"pt-BR","@id":"https:\/\/theo.niranbio.com\/pt-br\/#\/schema\/logo\/image\/","url":"https:\/\/theo.niranbio.com\/wp-content\/uploads\/2024\/06\/Niranbio.png","contentUrl":"https:\/\/theo.niranbio.com\/wp-content\/uploads\/2024\/06\/Niranbio.png","width":270,"height":100,"caption":"Niranbio Chemical"},"image":{"@id":"https:\/\/theo.niranbio.com\/pt-br\/#\/schema\/logo\/image\/"}}]}},"_links":{"self":[{"href":"https:\/\/theo.niranbio.com\/pt-br\/wp-json\/wp\/v2\/product\/8456","targetHints":{"allow":["GET"]}}],"collection":[{"href":"https:\/\/theo.niranbio.com\/pt-br\/wp-json\/wp\/v2\/product"}],"about":[{"href":"https:\/\/theo.niranbio.com\/pt-br\/wp-json\/wp\/v2\/types\/product"}],"version-history":[{"count":0,"href":"https:\/\/theo.niranbio.com\/pt-br\/wp-json\/wp\/v2\/product\/8456\/revisions"}],"wp:featuredmedia":[{"embeddable":true,"href":"https:\/\/theo.niranbio.com\/pt-br\/wp-json\/wp\/v2\/media\/8022"}],"wp:attachment":[{"href":"https:\/\/theo.niranbio.com\/pt-br\/wp-json\/wp\/v2\/media?parent=8456"}],"wp:term":[{"taxonomy":"product_brand","embeddable":true,"href":"https:\/\/theo.niranbio.com\/pt-br\/wp-json\/wp\/v2\/product_brand?post=8456"},{"taxonomy":"product_cat","embeddable":true,"href":"https:\/\/theo.niranbio.com\/pt-br\/wp-json\/wp\/v2\/product_cat?post=8456"},{"taxonomy":"product_tag","embeddable":true,"href":"https:\/\/theo.niranbio.com\/pt-br\/wp-json\/wp\/v2\/product_tag?post=8456"}],"curies":[{"name":"wp","href":"https:\/\/api.w.org\/{rel}","templated":true}]}}