{"id":8450,"date":"2024-06-20T09:25:29","date_gmt":"2024-06-20T01:25:29","guid":{"rendered":"https:\/\/theo.niranbio.com\/polidextrose\/"},"modified":"2024-08-19T08:53:08","modified_gmt":"2024-08-19T00:53:08","slug":"polidextrose","status":"publish","type":"product","link":"https:\/\/theo.niranbio.com\/pt-br\/polidextrose-e1200.html","title":{"rendered":"Polidextrose"},"content":{"rendered":"<h2><span class=\"ez-toc-section\" id=\"O_que_e_polidextrose\"><\/span>O que \u00e9 polidextrose?<span class=\"ez-toc-section-end\"><\/span><\/h2>\n<p>A polidextrose \u00e9 um pol\u00edmero biodegrad\u00e1vel que aparece como part\u00edculas s\u00f3lidas ou p\u00f3 branco ou esbranqui\u00e7ado, n\u00e3o tem cheiro especial e tem boa estabilidade t\u00e9rmica. Tem usos no setor aliment\u00edcio como espessante, ado\u00e7ante, estabilizador e muito mais. Tamb\u00e9m \u00e9 utilizado em algumas capacidades pelas ind\u00fastrias cosm\u00e9tica e farmac\u00eautica.<\/p>\n<p>A abordagem enzim\u00e1tica e o m\u00e9todo de s\u00edntese qu\u00edmica s\u00e3o as duas maneiras b\u00e1sicas de sintetizar a polidextrose. O m\u00e9todo enzim\u00e1tico usa cat\u00e1lise enzim\u00e1tica e a a\u00e7\u00e3o enzim\u00e1tica da levulose para dextrose, usa D-glicose como mat\u00e9ria-prima e passa por uma s\u00e9rie de rea\u00e7\u00f5es enzim\u00e1ticas para sintetizar a polidextrose. Este m\u00e9todo tem vantagens na pureza do produto e no controle da estrutura molecular, mas o rendimento \u00e9 baixo e o custo \u00e9 alto.<\/p>\n<p>M\u00e9todo de s\u00edntese qu\u00edmica: O m\u00e9todo de s\u00edntese qu\u00edmica da polidextrose \u00e9 conectar mol\u00e9culas de D-glicose por meio de rea\u00e7\u00f5es qu\u00edmicas para formar um pol\u00edmero. H\u00e1 muitas rea\u00e7\u00f5es colaterais durante o processo de s\u00edntese e a pureza \u00e9 relativamente baixa.<\/p>\n<h2><span class=\"ez-toc-section\" id=\"Parametros_relacionados\"><\/span>Par\u00e2metros relacionados:<span class=\"ez-toc-section-end\"><\/span><\/h2>\n<table>\n<tbody>\n<tr>\n<td><strong>Itens de teste<\/strong><\/td>\n<td><strong>Especifica\u00e7\u00f5es<\/strong><\/td>\n<\/tr>\n<tr>\n<td>Apar\u00eancia<\/td>\n<td>P\u00f3 fino branco<\/td>\n<\/tr>\n<tr>\n<td>Odor e sabor<\/td>\n<td>Limpo, levemente adocicado<\/td>\n<\/tr>\n<tr>\n<td>Identifica\u00e7\u00e3o<\/td>\n<td>Atende ao teste<\/td>\n<\/tr>\n<tr>\n<td>Ensaio, como polidextrose, %*<\/td>\n<td>M\u00ednimo 95,00<\/td>\n<\/tr>\n<tr>\n<td>D-Anidroglucoses,%*<\/td>\n<td>M\u00e1x.4.00<\/td>\n<\/tr>\n<tr>\n<td>Glicose+ Sorbitol,%*<\/td>\n<td>M\u00e1x. 6,00<\/td>\n<\/tr>\n<tr>\n<td>Glicose,%*<\/td>\n<td>M\u00e1x.4.00<\/td>\n<\/tr>\n<tr>\n<td>Sorbitol,%*<\/td>\n<td>M\u00e1x.2.00<\/td>\n<\/tr>\n<tr>\n<td>\u00c1gua, %<\/td>\n<td>M\u00e1x.4.00<\/td>\n<\/tr>\n<tr>\n<td>Limite de peso molecular, D<\/td>\n<td>&lt;22000<\/td>\n<\/tr>\n<tr>\n<td>5-Hidroximetilfurfural e compostos relacionados,%*<\/td>\n<td>M\u00e1x.0,10<\/td>\n<\/tr>\n<tr>\n<td>Faixa de pH (solu\u00e7\u00e3o a 10%)<\/td>\n<td>4.00-6.00<\/td>\n<\/tr>\n<tr>\n<td>Res\u00edduo na igni\u00e7\u00e3o (cinza sulfatada), %<\/td>\n<td>M\u00e1x.0,30<\/td>\n<\/tr>\n<tr>\n<td>Chumbo, mg\/kg*<\/td>\n<td>M\u00e1x. 0,4<\/td>\n<\/tr>\n<tr>\n<td>Ars\u00eanico, mg\/kg*<\/td>\n<td>M\u00e1x.0,5<\/td>\n<\/tr>\n<tr>\n<td>N\u00edquel, mg\/kg*<\/td>\n<td>M\u00e1x.2.0<\/td>\n<\/tr>\n<tr>\n<td>Metais pesados, mg\/kg*<\/td>\n<td>M\u00e1x.5.0<\/td>\n<\/tr>\n<tr>\n<td>Transpar\u00eancia leve,%(30% concentra\u00e7\u00e3o%(30% )<\/td>\n<td>M\u00ednimo de 75,0<\/td>\n<\/tr>\n<tr>\n<td>Brancura<\/td>\n<td>M\u00ednimo de 75<\/td>\n<\/tr>\n<tr>\n<td>Contagem de placas aer\u00f3bicas, CFU\/g<\/td>\n<td>M\u00e1x.100<\/td>\n<\/tr>\n<tr>\n<td>Levedura, CFU\/g<\/td>\n<td>M\u00e1x.20<\/td>\n<\/tr>\n<tr>\n<td>Molde, CFu\/g<\/td>\n<td>M\u00e1x.20<\/td>\n<\/tr>\n<tr>\n<td>E.Coli, MPN\/g<\/td>\n<td>&lt;3.0<\/td>\n<\/tr>\n<tr>\n<td>Salmonella, UFC\/25g<\/td>\n<td>Negativo ao teste<\/td>\n<\/tr>\n<tr>\n<td>Staph aureus, UFC\/10g<\/td>\n<td>Negativo ao teste<\/td>\n<\/tr>\n<\/tbody>\n<\/table>\n<h2><span class=\"ez-toc-section\" id=\"Dosagem_recomendada\"><\/span>Dosagem recomendada:<span class=\"ez-toc-section-end\"><\/span><\/h2>\n<table>\n<tbody>\n<tr>\n<td><strong>Nome do alimento<\/strong><\/td>\n<td><strong>Uso m\u00e1ximo (g\/kg)<\/strong><\/td>\n<\/tr>\n<tr>\n<td>Bebidas<\/td>\n<td>10,0 g\/kg<\/td>\n<\/tr>\n<tr>\n<td>Produtos de panifica\u00e7\u00e3o<\/td>\n<td>15,0 g\/kg<\/td>\n<\/tr>\n<tr>\n<td>Marinadas de carne<\/td>\n<td>8 g\/kg<\/td>\n<\/tr>\n<tr>\n<td>Frutas enlatadas<\/td>\n<td>5 g\/kg<\/td>\n<\/tr>\n<tr>\n<td>Produtos l\u00e1cteos<\/td>\n<td>12 g\/kg<\/td>\n<\/tr>\n<tr>\n<td>Geleia<\/td>\n<td>6 g\/kg<\/td>\n<\/tr>\n<tr>\n<td>Molhos<\/td>\n<td>8 g\/kg<\/td>\n<\/tr>\n<tr>\n<td>Molho para salada<\/td>\n<td>5 g\/kg<\/td>\n<\/tr>\n<tr>\n<td>Suplementos nutricionais<\/td>\n<td>8 g\/kg<\/td>\n<\/tr>\n<tr>\n<td>Produtos c\u00e1rneos<\/td>\n<td>8 g\/kg<\/td>\n<\/tr>\n<tr>\n<td>Marinada<\/td>\n<td>8 g\/kg<\/td>\n<\/tr>\n<\/tbody>\n<\/table>\n<h2><span class=\"ez-toc-section\" id=\"A_polidextrose_tem_uma_ampla_gama_de_usos\"><\/span>A polidextrose tem uma ampla gama de usos<span class=\"ez-toc-section-end\"><\/span><\/h2>\n<ol>\n<li>Controlar o metabolismo dos lip\u00eddios Para limitar efetivamente a absor\u00e7\u00e3o de gordura no trato digestivo, estimular a excre\u00e7\u00e3o de compostos lip\u00eddicos, aumentar a saciedade e reduzir a ingest\u00e3o de alimentos \u2014 tudo isso contribui para a regula\u00e7\u00e3o dos lip\u00eddios do sangue, a redu\u00e7\u00e3o do ac\u00famulo de gordura e a preven\u00e7\u00e3o da obesidade \u2014 a polidextrose pode formar uma camada de membrana no intestino delgado e envolver parte da gordura nos alimentos.<\/li>\n<li>Reduzir o colesterol Mol\u00e9culas org\u00e2nicas como \u00e1cido biliar e mutador de colesterol podem ser absorvidas pela polidextrose, que tamb\u00e9m pode ser usada para prevenir e tratar esclerose da art\u00e9ria coron\u00e1ria, colelit\u00edase, doen\u00e7as cardiovasculares e cerebrovasculares, diminuir a s\u00edntese e absor\u00e7\u00e3o de \u00e1cido biliar e sais e diminuir a quantidade de colesterol no plasma e f\u00edgado humanos.<\/li>\n<li>Diminuir a absor\u00e7\u00e3o de a\u00e7\u00facar Al\u00e9m de evitar que os alimentos entrem em contato total com os sucos digestivos, a polidextrose tamb\u00e9m pode limitar a produ\u00e7\u00e3o de glucagon, retardar a absor\u00e7\u00e3o de glicose, diminuir os n\u00edveis de a\u00e7\u00facar no sangue p\u00f3s-prandial, maximizar a fun\u00e7\u00e3o da insulina e prevenir o diabetes.<\/li>\n<li>Evitar e lidar com a constipa\u00e7\u00e3o Al\u00e9m de aumentar a quantidade de fezes, estimular o peristaltismo intestinal, acelerar a frequ\u00eancia das defeca\u00e7\u00f5es e ajudar a manter os intestinos \u00famidos e prevenir a constipa\u00e7\u00e3o, a polidextrose pode absorver \u00e1gua, inchar e reter \u00e1gua no intestino humano.<\/li>\n<li>Limpeza e est\u00e9tica O pH do intestino pode ser regulado efetivamente pela polidextrose. Al\u00e9m disso, pode melhorar as condi\u00e7\u00f5es para a r\u00e1pida reprodu\u00e7\u00e3o de bact\u00e9rias ben\u00e9ficas, incluindo bifidobact\u00e9rias, e aumentar sua popula\u00e7\u00e3o. Isso inibe o crescimento de sapr\u00f3fitas, previne a atrofia da mucosa intestinal e acelera a excre\u00e7\u00e3o de toxinas e res\u00edduos metab\u00f3licos do corpo, evitando que as toxinas saiam da pele e melhorando a apar\u00eancia da pele, ao mesmo tempo em que previne o desenvolvimento de hemorroidas, gastroenterite, c\u00e2ncer de c\u00f3lon e outras doen\u00e7as.<\/li>\n<\/ol>\n<h2><span class=\"ez-toc-section\" id=\"O_usuario_fez_a_seguinte_pergunta\"><\/span>O usu\u00e1rio fez a seguinte pergunta:<span class=\"ez-toc-section-end\"><\/span><\/h2>\n<p>Pergunta: A polidextrose \u00e9 um ado\u00e7ante artificial?<\/p>\n<p>Resposta: A ind\u00fastria aliment\u00edcia usa principalmente a polidextrose, um polissacar\u00eddeo, como ingrediente. Os usos comuns incluem como estabilizador e espessante em alimentos para melhorar a textura e o sabor dos alimentos. Ao contr\u00e1rio dos ado\u00e7antes artificiais, a polidextrose n\u00e3o fornece do\u00e7ura, mas \u00e9 usada para melhorar as propriedades f\u00edsicas dos alimentos.<\/p>\n<p>Pergunta: A polidextrose \u00e9 a mesma coisa que a glicose monossacar\u00eddica?<\/p>\n<p>Resposta: A polidextrose \u00e9 diferente da glicose monossacar\u00eddica. Uma das principais mol\u00e9culas usadas como fonte de energia \u00e9 a glicose, um monossacar\u00eddeo. Ela pode ser metabolizada diretamente em organismos vivos. A polidextrose \u00e9 um polissacar\u00eddeo composto de m\u00faltiplas mol\u00e9culas de glicose conectadas por liga\u00e7\u00f5es qu\u00edmicas. \u00c9 frequentemente adicionado \u00e0s refei\u00e7\u00f5es como um aditivo para melhorar o sabor e a estabilidade dos alimentos. \u00c9 significativamente diferente da glicose em propriedades qu\u00edmicas e usos.<\/p>\n","protected":false},"excerpt":{"rendered":"<ul>\n<li>CAS: 68424-04-4<\/li>\n<li>F\u00f3rmula qu\u00edmica: (C<sub>6<\/sub>H<sub>10<\/sub>O<sub>5<\/sub>)n<\/li>\n<li>Certifica\u00e7\u00f5es: KOSHER, ISO, HALAL, FSSC22000, BRC, etc.<\/li>\n<li>Padr\u00e3o: USP<\/li>\n<li>Quantidade m\u00ednima do pedido: 1000KG<\/li>\n<li>Prazo de validade: 2 anos<\/li>\n<\/ul>\n","protected":false},"featured_media":8451,"template":"","meta":{"site-sidebar-layout":"default","site-content-layout":"","ast-site-content-layout":"default","site-content-style":"default","site-sidebar-style":"default","ast-global-header-display":"","ast-banner-title-visibility":"","ast-main-header-display":"","ast-hfb-above-header-display":"","ast-hfb-below-header-display":"","ast-hfb-mobile-header-display":"","site-post-title":"","ast-breadcrumbs-content":"","ast-featured-img":"","footer-sml-layout":"","theme-transparent-header-meta":"default","adv-header-id-meta":"","stick-header-meta":"","header-above-stick-meta":"","header-main-stick-meta":"","header-below-stick-meta":"","astra-migrate-meta-layouts":"set","ast-page-background-enabled":"default","ast-page-background-meta":{"desktop":{"background-color":"var(--ast-global-color-4)","background-image":"","background-repeat":"repeat","background-position":"center center","background-size":"auto","background-attachment":"scroll","background-type":"","background-media":"","overlay-type":"","overlay-color":"","overlay-opacity":"","overlay-gradient":""},"tablet":{"background-color":"","background-image":"","background-repeat":"repeat","background-position":"center center","background-size":"auto","background-attachment":"scroll","background-type":"","background-media":"","overlay-type":"","overlay-color":"","overlay-opacity":"","overlay-gradient":""},"mobile":{"background-color":"","background-image":"","background-repeat":"repeat","background-position":"center center","background-size":"auto","background-attachment":"scroll","background-type":"","background-media":"","overlay-type":"","overlay-color":"","overlay-opacity":"","overlay-gradient":""}},"ast-content-background-meta":{"desktop":{"background-color":"var(--ast-global-color-5)","background-image":"","background-repeat":"repeat","background-position":"center center","background-size":"auto","background-attachment":"scroll","background-type":"","background-media":"","overlay-type":"","overlay-color":"","overlay-opacity":"","overlay-gradient":""},"tablet":{"background-color":"var(--ast-global-color-5)","background-image":"","background-repeat":"repeat","background-position":"center center","background-size":"auto","background-attachment":"scroll","background-type":"","background-media":"","overlay-type":"","overlay-color":"","overlay-opacity":"","overlay-gradient":""},"mobile":{"background-color":"var(--ast-global-color-5)","background-image":"","background-repeat":"repeat","background-position":"center center","background-size":"auto","background-attachment":"scroll","background-type":"","background-media":"","overlay-type":"","overlay-color":"","overlay-opacity":"","overlay-gradient":""}}},"product_brand":[],"product_cat":[77],"product_tag":[],"class_list":{"0":"post-8450","1":"product","2":"type-product","3":"status-publish","4":"has-post-thumbnail","6":"product_cat-produto-adocante","7":"desktop-align-center","8":"tablet-align-left","9":"mobile-align-left","11":"first","12":"instock","13":"shipping-taxable","14":"product-type-simple"},"yoast_head":"<!-- This site is optimized with the Yoast SEO plugin v26.5 - https:\/\/yoast.com\/wordpress\/plugins\/seo\/ -->\n<title>Polidextrose Fornecedor Comprar E1200 Pre\u00e7o | Niranbio Chemical<\/title>\n<meta name=\"description\" content=\"A polidextrose, um p\u00f3 branco ou esbranqui\u00e7ado com boa estabilidade t\u00e9rmica, \u00e9 usada em alimentos, cosm\u00e9ticos e produtos farmac\u00eauticos como espessante, ado\u00e7ante e estabilizador.\" \/>\n<meta name=\"robots\" content=\"noindex, follow, max-snippet:-1, max-image-preview:large, max-video-preview:-1\" \/>\n<meta name=\"twitter:label1\" content=\"Est. tempo de leitura\" \/>\n\t<meta name=\"twitter:data1\" content=\"4 minutos\" \/>\n<script type=\"application\/ld+json\" class=\"yoast-schema-graph\">{\"@context\":\"https:\/\/schema.org\",\"@graph\":[{\"@type\":\"WebPage\",\"@id\":\"https:\/\/theo.niranbio.com\/pt-br\/polidextrose-e1200.html\",\"url\":\"https:\/\/theo.niranbio.com\/pt-br\/polidextrose-e1200.html\",\"name\":\"Polidextrose Fornecedor Comprar E1200 Pre\u00e7o | Niranbio Chemical\",\"isPartOf\":{\"@id\":\"https:\/\/theo.niranbio.com\/pt-br\/#website\"},\"primaryImageOfPage\":{\"@id\":\"https:\/\/theo.niranbio.com\/pt-br\/polidextrose-e1200.html#primaryimage\"},\"image\":{\"@id\":\"https:\/\/theo.niranbio.com\/pt-br\/polidextrose-e1200.html#primaryimage\"},\"thumbnailUrl\":\"https:\/\/theo.niranbio.com\/wp-content\/uploads\/2024\/06\/Polydextrose-powder.webp\",\"datePublished\":\"2024-06-20T01:25:29+00:00\",\"dateModified\":\"2024-08-19T00:53:08+00:00\",\"description\":\"A polidextrose, um p\u00f3 branco ou esbranqui\u00e7ado com boa estabilidade t\u00e9rmica, \u00e9 usada em alimentos, cosm\u00e9ticos e produtos farmac\u00eauticos como espessante, ado\u00e7ante e estabilizador.\",\"breadcrumb\":{\"@id\":\"https:\/\/theo.niranbio.com\/pt-br\/polidextrose-e1200.html#breadcrumb\"},\"inLanguage\":\"pt-BR\",\"potentialAction\":[{\"@type\":\"ReadAction\",\"target\":[\"https:\/\/theo.niranbio.com\/pt-br\/polidextrose-e1200.html\"]}]},{\"@type\":\"ImageObject\",\"inLanguage\":\"pt-BR\",\"@id\":\"https:\/\/theo.niranbio.com\/pt-br\/polidextrose-e1200.html#primaryimage\",\"url\":\"https:\/\/theo.niranbio.com\/wp-content\/uploads\/2024\/06\/Polydextrose-powder.webp\",\"contentUrl\":\"https:\/\/theo.niranbio.com\/wp-content\/uploads\/2024\/06\/Polydextrose-powder.webp\",\"width\":600,\"height\":600,\"caption\":\"P\u00f3 de polidextrose\"},{\"@type\":\"BreadcrumbList\",\"@id\":\"https:\/\/theo.niranbio.com\/pt-br\/polidextrose-e1200.html#breadcrumb\",\"itemListElement\":[{\"@type\":\"ListItem\",\"position\":1,\"name\":\"Home\",\"item\":\"https:\/\/theo.niranbio.com\/pt-br\/\"},{\"@type\":\"ListItem\",\"position\":2,\"name\":\"Produtos\",\"item\":\"https:\/\/theo.niranbio.com\/pt-br\/produtos.html\"},{\"@type\":\"ListItem\",\"position\":3,\"name\":\"Ado\u00e7antes\",\"item\":\"https:\/\/theo.niranbio.com\/pt-br\/produto-adocante\/\"},{\"@type\":\"ListItem\",\"position\":4,\"name\":\"Polidextrose\"}]},{\"@type\":\"WebSite\",\"@id\":\"https:\/\/theo.niranbio.com\/pt-br\/#website\",\"url\":\"https:\/\/theo.niranbio.com\/pt-br\/\",\"name\":\"Niranbio Chemical\",\"description\":\"\",\"publisher\":{\"@id\":\"https:\/\/theo.niranbio.com\/pt-br\/#organization\"},\"potentialAction\":[{\"@type\":\"SearchAction\",\"target\":{\"@type\":\"EntryPoint\",\"urlTemplate\":\"https:\/\/theo.niranbio.com\/pt-br\/?s={search_term_string}\"},\"query-input\":{\"@type\":\"PropertyValueSpecification\",\"valueRequired\":true,\"valueName\":\"search_term_string\"}}],\"inLanguage\":\"pt-BR\"},{\"@type\":\"Organization\",\"@id\":\"https:\/\/theo.niranbio.com\/pt-br\/#organization\",\"name\":\"Niranbio Chemical\",\"url\":\"https:\/\/theo.niranbio.com\/pt-br\/\",\"logo\":{\"@type\":\"ImageObject\",\"inLanguage\":\"pt-BR\",\"@id\":\"https:\/\/theo.niranbio.com\/pt-br\/#\/schema\/logo\/image\/\",\"url\":\"https:\/\/theo.niranbio.com\/wp-content\/uploads\/2024\/06\/Niranbio.png\",\"contentUrl\":\"https:\/\/theo.niranbio.com\/wp-content\/uploads\/2024\/06\/Niranbio.png\",\"width\":270,\"height\":100,\"caption\":\"Niranbio Chemical\"},\"image\":{\"@id\":\"https:\/\/theo.niranbio.com\/pt-br\/#\/schema\/logo\/image\/\"}}]}<\/script>\n<!-- \/ Yoast SEO plugin. -->","yoast_head_json":{"title":"Polidextrose Fornecedor Comprar E1200 Pre\u00e7o | Niranbio Chemical","description":"A polidextrose, um p\u00f3 branco ou esbranqui\u00e7ado com boa estabilidade t\u00e9rmica, \u00e9 usada em alimentos, cosm\u00e9ticos e produtos farmac\u00eauticos como espessante, ado\u00e7ante e estabilizador.","robots":{"index":"noindex","follow":"follow","max-snippet":"max-snippet:-1","max-image-preview":"max-image-preview:large","max-video-preview":"max-video-preview:-1"},"twitter_misc":{"Est. tempo de leitura":"4 minutos"},"schema":{"@context":"https:\/\/schema.org","@graph":[{"@type":"WebPage","@id":"https:\/\/theo.niranbio.com\/pt-br\/polidextrose-e1200.html","url":"https:\/\/theo.niranbio.com\/pt-br\/polidextrose-e1200.html","name":"Polidextrose Fornecedor Comprar E1200 Pre\u00e7o | Niranbio Chemical","isPartOf":{"@id":"https:\/\/theo.niranbio.com\/pt-br\/#website"},"primaryImageOfPage":{"@id":"https:\/\/theo.niranbio.com\/pt-br\/polidextrose-e1200.html#primaryimage"},"image":{"@id":"https:\/\/theo.niranbio.com\/pt-br\/polidextrose-e1200.html#primaryimage"},"thumbnailUrl":"https:\/\/theo.niranbio.com\/wp-content\/uploads\/2024\/06\/Polydextrose-powder.webp","datePublished":"2024-06-20T01:25:29+00:00","dateModified":"2024-08-19T00:53:08+00:00","description":"A polidextrose, um p\u00f3 branco ou esbranqui\u00e7ado com boa estabilidade t\u00e9rmica, \u00e9 usada em alimentos, cosm\u00e9ticos e produtos farmac\u00eauticos como espessante, ado\u00e7ante e estabilizador.","breadcrumb":{"@id":"https:\/\/theo.niranbio.com\/pt-br\/polidextrose-e1200.html#breadcrumb"},"inLanguage":"pt-BR","potentialAction":[{"@type":"ReadAction","target":["https:\/\/theo.niranbio.com\/pt-br\/polidextrose-e1200.html"]}]},{"@type":"ImageObject","inLanguage":"pt-BR","@id":"https:\/\/theo.niranbio.com\/pt-br\/polidextrose-e1200.html#primaryimage","url":"https:\/\/theo.niranbio.com\/wp-content\/uploads\/2024\/06\/Polydextrose-powder.webp","contentUrl":"https:\/\/theo.niranbio.com\/wp-content\/uploads\/2024\/06\/Polydextrose-powder.webp","width":600,"height":600,"caption":"P\u00f3 de polidextrose"},{"@type":"BreadcrumbList","@id":"https:\/\/theo.niranbio.com\/pt-br\/polidextrose-e1200.html#breadcrumb","itemListElement":[{"@type":"ListItem","position":1,"name":"Home","item":"https:\/\/theo.niranbio.com\/pt-br\/"},{"@type":"ListItem","position":2,"name":"Produtos","item":"https:\/\/theo.niranbio.com\/pt-br\/produtos.html"},{"@type":"ListItem","position":3,"name":"Ado\u00e7antes","item":"https:\/\/theo.niranbio.com\/pt-br\/produto-adocante\/"},{"@type":"ListItem","position":4,"name":"Polidextrose"}]},{"@type":"WebSite","@id":"https:\/\/theo.niranbio.com\/pt-br\/#website","url":"https:\/\/theo.niranbio.com\/pt-br\/","name":"Niranbio Chemical","description":"","publisher":{"@id":"https:\/\/theo.niranbio.com\/pt-br\/#organization"},"potentialAction":[{"@type":"SearchAction","target":{"@type":"EntryPoint","urlTemplate":"https:\/\/theo.niranbio.com\/pt-br\/?s={search_term_string}"},"query-input":{"@type":"PropertyValueSpecification","valueRequired":true,"valueName":"search_term_string"}}],"inLanguage":"pt-BR"},{"@type":"Organization","@id":"https:\/\/theo.niranbio.com\/pt-br\/#organization","name":"Niranbio Chemical","url":"https:\/\/theo.niranbio.com\/pt-br\/","logo":{"@type":"ImageObject","inLanguage":"pt-BR","@id":"https:\/\/theo.niranbio.com\/pt-br\/#\/schema\/logo\/image\/","url":"https:\/\/theo.niranbio.com\/wp-content\/uploads\/2024\/06\/Niranbio.png","contentUrl":"https:\/\/theo.niranbio.com\/wp-content\/uploads\/2024\/06\/Niranbio.png","width":270,"height":100,"caption":"Niranbio Chemical"},"image":{"@id":"https:\/\/theo.niranbio.com\/pt-br\/#\/schema\/logo\/image\/"}}]}},"_links":{"self":[{"href":"https:\/\/theo.niranbio.com\/pt-br\/wp-json\/wp\/v2\/product\/8450","targetHints":{"allow":["GET"]}}],"collection":[{"href":"https:\/\/theo.niranbio.com\/pt-br\/wp-json\/wp\/v2\/product"}],"about":[{"href":"https:\/\/theo.niranbio.com\/pt-br\/wp-json\/wp\/v2\/types\/product"}],"version-history":[{"count":0,"href":"https:\/\/theo.niranbio.com\/pt-br\/wp-json\/wp\/v2\/product\/8450\/revisions"}],"wp:featuredmedia":[{"embeddable":true,"href":"https:\/\/theo.niranbio.com\/pt-br\/wp-json\/wp\/v2\/media\/8451"}],"wp:attachment":[{"href":"https:\/\/theo.niranbio.com\/pt-br\/wp-json\/wp\/v2\/media?parent=8450"}],"wp:term":[{"taxonomy":"product_brand","embeddable":true,"href":"https:\/\/theo.niranbio.com\/pt-br\/wp-json\/wp\/v2\/product_brand?post=8450"},{"taxonomy":"product_cat","embeddable":true,"href":"https:\/\/theo.niranbio.com\/pt-br\/wp-json\/wp\/v2\/product_cat?post=8450"},{"taxonomy":"product_tag","embeddable":true,"href":"https:\/\/theo.niranbio.com\/pt-br\/wp-json\/wp\/v2\/product_tag?post=8450"}],"curies":[{"name":"wp","href":"https:\/\/api.w.org\/{rel}","templated":true}]}}