{"id":8448,"date":"2024-06-20T09:19:56","date_gmt":"2024-06-20T01:19:56","guid":{"rendered":"https:\/\/theo.niranbio.com\/fos-frutooligossacarideos\/"},"modified":"2024-08-19T09:17:15","modified_gmt":"2024-08-19T01:17:15","slug":"fos-frutooligossacarideos","status":"publish","type":"product","link":"https:\/\/theo.niranbio.com\/pt-br\/fos-frutooligossacarideos.html","title":{"rendered":"FOS &#8211; frutooligossacar\u00eddeos"},"content":{"rendered":"<h2><span class=\"ez-toc-section\" id=\"O_que_e_FOS_%E2%80%93_frutooligossacarideos\"><\/span>O que \u00e9 FOS &#8211; frutooligossacar\u00eddeos?<span class=\"ez-toc-section-end\"><\/span><\/h2>\n<p>FOS-Fructooligossacar\u00eddeos \u00e9 uma fibra diet\u00e9tica sol\u00favel natural, encontrada principalmente em frutas, vegetais e algumas plantas. N\u00e3o tem aroma forte e parece um p\u00f3 incolor ou amarelo claro. \u00c9 amplamente utilizado em alimentos, cuidados de sa\u00fade, medicamentos, cosm\u00e9ticos e ra\u00e7\u00f5es.<\/p>\n<p>Existem dois processos principais de produ\u00e7\u00e3o para FOS-Fructooligossacar\u00eddeos. Um \u00e9 usar sacarose como mat\u00e9ria-prima e transform\u00e1-la usando \u03b2-fructosiltransferase ou \u03b2-fructofuranosidase produzida por fermenta\u00e7\u00e3o microbiana; o outro \u00e9 usar inulina como mat\u00e9ria-prima e usar hidr\u00f3lise enzim\u00e1tica.<\/p>\n<p>O m\u00e9todo de produ\u00e7\u00e3o convencional na China \u00e9 o primeiro m\u00e9todo, que usa sacarose como mat\u00e9ria-prima e usa \u03b2-fructofuranosidase e \u03b2-fructosiltransferase secretadas por Aspergillus niger, Fusarium rotundum, Aspergillus japonicus e outras cepas para rea\u00e7\u00e3o enzim\u00e1tica, e ent\u00e3o obt\u00e9m o produto final por meio de filtra\u00e7\u00e3o, purifica\u00e7\u00e3o, refinamento e concentra\u00e7\u00e3o.<\/p>\n<h2><span class=\"ez-toc-section\" id=\"Parametros_relacionados\"><\/span>Par\u00e2metros relacionados:<span class=\"ez-toc-section-end\"><\/span><\/h2>\n<table>\n<tbody>\n<tr>\n<td><strong>Item<\/strong><\/td>\n<td><strong>Especifica\u00e7\u00e3o<\/strong><\/td>\n<\/tr>\n<tr>\n<td>Apar\u00eancia<\/td>\n<td>P\u00f3 incolor ou amarelo-palha, sem impurezas vis\u00edveis<\/td>\n<\/tr>\n<tr>\n<td>Odor e sabor<\/td>\n<td>Nenhum sabor ou cheiro peculiar, apenas uma do\u00e7ura saud\u00e1vel<\/td>\n<\/tr>\n<tr>\n<td>Total de fruto-oligossacar\u00eddeo:<\/td>\n<td>M\u00ednimo de 95%<\/td>\n<\/tr>\n<tr>\n<td>PH:<\/td>\n<td>5.0-7.0<\/td>\n<\/tr>\n<tr>\n<td>Umidade:<\/td>\n<td>M\u00e1ximo de 3,0%<\/td>\n<\/tr>\n<tr>\n<td>Chumbo (contado como Pb):<\/td>\n<td>M\u00e1ximo de 0,5mg\/kg<\/td>\n<\/tr>\n<tr>\n<td>Ars\u00eanico (contado como As):<\/td>\n<td>M\u00e1ximo de 1,0mg\/kg<\/td>\n<\/tr>\n<tr>\n<td>Total de bact\u00e9rias:<\/td>\n<td>At\u00e9 1000 CFU\/g<\/td>\n<\/tr>\n<tr>\n<td>E.coli:<\/td>\n<td>M\u00e1ximo de 30 cfu\/100g<\/td>\n<\/tr>\n<tr>\n<td>Microzima:<\/td>\n<td>M\u00e1ximo de 25 ufc\/10g<\/td>\n<\/tr>\n<\/tbody>\n<\/table>\n<h2><span class=\"ez-toc-section\" id=\"Dosagem_recomendada\"><\/span>Dosagem recomendada:<span class=\"ez-toc-section-end\"><\/span><\/h2>\n<table>\n<tbody>\n<tr>\n<td width=\"225\">Nome do alimento<\/td>\n<td width=\"158\">Uso m\u00e1ximo (g\/kg)<\/td>\n<\/tr>\n<tr>\n<td width=\"225\">Biscoitos e doces<\/td>\n<td width=\"158\">10 g\/kg<\/td>\n<\/tr>\n<tr>\n<td width=\"225\">Geleia e compota<\/td>\n<td width=\"158\">20 g\/kg<\/td>\n<\/tr>\n<tr>\n<td width=\"225\">Produtos l\u00e1cteos<\/td>\n<td width=\"158\">15 g\/kg<\/td>\n<\/tr>\n<tr>\n<td width=\"225\">Sucos e bebidas<\/td>\n<td width=\"158\">15 g\/kg<\/td>\n<\/tr>\n<tr>\n<td width=\"225\">Frutas enlatadas<\/td>\n<td width=\"158\">15 g\/kg<\/td>\n<\/tr>\n<tr>\n<td width=\"225\">Molho<\/td>\n<td width=\"158\">10 g\/kg<\/td>\n<\/tr>\n<tr>\n<td width=\"225\">Produtos c\u00e1rneos<\/td>\n<td width=\"158\">8 g\/kg<\/td>\n<\/tr>\n<tr>\n<td width=\"225\">Panifica\u00e7\u00e3o<\/td>\n<td width=\"158\">10 g\/kg<\/td>\n<\/tr>\n<tr>\n<td width=\"225\">Macarr\u00e3o instant\u00e2neo e fast food<\/td>\n<td width=\"158\">10 g\/kg<\/td>\n<\/tr>\n<tr>\n<td width=\"225\">Beber produtos l\u00e1cteos<\/td>\n<td width=\"158\">15 g\/kg<\/td>\n<\/tr>\n<tr>\n<td width=\"225\">Molho para salada<\/td>\n<td width=\"158\">10 g\/kg<\/td>\n<\/tr>\n<tr>\n<td width=\"225\">Lanches<\/td>\n<td width=\"158\">15 g\/kg<\/td>\n<\/tr>\n<tr>\n<td width=\"225\">Bebidas nutricionais<\/td>\n<td width=\"158\">15 g\/kg<\/td>\n<\/tr>\n<tr>\n<td width=\"225\">Nozes e frutas secas<\/td>\n<td width=\"158\">5-10 g\/kg<\/td>\n<\/tr>\n<\/tbody>\n<\/table>\n<h2><span class=\"ez-toc-section\" id=\"Os_frutooligossacarideos_FOS_tem_uma_ampla_variedade_de_usos\"><\/span>Os frutooligossacar\u00eddeos (FOS) t\u00eam uma ampla variedade de usos<span class=\"ez-toc-section-end\"><\/span><\/h2>\n<ol>\n<li>Efeito prebi\u00f3tico: Bifidobact\u00e9rias e lactobacilos s\u00e3o dois exemplos de bact\u00e9rias intestinais boas que s\u00e3o estimuladas a prosperar e se reproduzir por FOS-Frutooligossacar\u00eddeos, um prebi\u00f3tico. Essas bact\u00e9rias \u00fateis s\u00e3o essenciais para preservar um equil\u00edbrio saud\u00e1vel da flora intestinal, apoiando uma digest\u00e3o saud\u00e1vel e fortalecendo o sistema imunol\u00f3gico.<\/li>\n<li>Melhorar a absor\u00e7\u00e3o de c\u00e1lcio: Alguns estudos mostraram que tomar FOS-Frutooligossacar\u00eddeos pode ajudar a aumentar a absor\u00e7\u00e3o de c\u00e1lcio. Em particular para aqueles com osteoporose ou outros dist\u00farbios \u00f3sseos, isso \u00e9 crucial para manter ossos saud\u00e1veis.<\/li>\n<li>Regular a fun\u00e7\u00e3o intestinal: FOS-Frutooligossacar\u00eddeos ajudam a manter a sa\u00fade intestinal, promovem o peristaltismo intestinal normal, diminuem a velocidade com que os alimentos passam pelos intestinos e ajudam a aliviar problemas de constipa\u00e7\u00e3o.<\/li>\n<li>Regular o a\u00e7\u00facar no sangue: Alguns estudos apontaram que FOS-Frutooligossacar\u00eddeos podem ajudar a reduzir os n\u00edveis de a\u00e7\u00facar no sangue e afetar o controle do a\u00e7\u00facar no sangue at\u00e9 certo ponto, o que pode ser \u00fatil para pacientes diab\u00e9ticos.<\/li>\n<li>Prevenir doen\u00e7as intestinais: O efeito prebi\u00f3tico dos FOS-Frutooligossacar\u00eddeos ajuda a prevenir a ocorr\u00eancia de certas doen\u00e7as intestinais, como enterite, infec\u00e7\u00f5es intestinais, etc.<\/li>\n<\/ol>\n<h2><span class=\"ez-toc-section\" id=\"O_usuario_fez_a_seguinte_pergunta\"><\/span>O usu\u00e1rio fez a seguinte pergunta:<span class=\"ez-toc-section-end\"><\/span><\/h2>\n<p>Pergunta: O armazenamento ou tr\u00e2nsito de frutooligossacar\u00eddeos requer refrigera\u00e7\u00e3o?<\/p>\n<p>Resposta: Frutooligossacar\u00eddeos n\u00e3o cont\u00eam bact\u00e9rias vivas e n\u00e3o precisam ser refrigerados ou congelados. \u00c9 aconselh\u00e1vel manter frutooligossacar\u00eddeos em uma \u00e1rea seca e bem ventilada, principalmente se forem em p\u00f3. Frutooligossacar\u00eddeos t\u00eam forte higroscopicidade e podem facilmente absorver \u00e1gua e aglomerar-se em um ambiente \u00famido.<\/p>\n","protected":false},"excerpt":{"rendered":"<ul>\n<li>CAS: 223122-07-4<\/li>\n<li>Certifica\u00e7\u00f5es: KOSHER, ISO, HALAL, FSSC22000, BRC, etc.<\/li>\n<li>Padr\u00e3o:<\/li>\n<li>Quantidade m\u00ednima do pedido: 1000KG<\/li>\n<li>Prazo de validade: 2 anos<\/li>\n<\/ul>\n","protected":false},"featured_media":8017,"template":"","meta":{"site-sidebar-layout":"default","site-content-layout":"","ast-site-content-layout":"default","site-content-style":"default","site-sidebar-style":"default","ast-global-header-display":"","ast-banner-title-visibility":"","ast-main-header-display":"","ast-hfb-above-header-display":"","ast-hfb-below-header-display":"","ast-hfb-mobile-header-display":"","site-post-title":"","ast-breadcrumbs-content":"","ast-featured-img":"","footer-sml-layout":"","theme-transparent-header-meta":"default","adv-header-id-meta":"","stick-header-meta":"","header-above-stick-meta":"","header-main-stick-meta":"","header-below-stick-meta":"","astra-migrate-meta-layouts":"set","ast-page-background-enabled":"default","ast-page-background-meta":{"desktop":{"background-color":"var(--ast-global-color-4)","background-image":"","background-repeat":"repeat","background-position":"center center","background-size":"auto","background-attachment":"scroll","background-type":"","background-media":"","overlay-type":"","overlay-color":"","overlay-opacity":"","overlay-gradient":""},"tablet":{"background-color":"","background-image":"","background-repeat":"repeat","background-position":"center center","background-size":"auto","background-attachment":"scroll","background-type":"","background-media":"","overlay-type":"","overlay-color":"","overlay-opacity":"","overlay-gradient":""},"mobile":{"background-color":"","background-image":"","background-repeat":"repeat","background-position":"center center","background-size":"auto","background-attachment":"scroll","background-type":"","background-media":"","overlay-type":"","overlay-color":"","overlay-opacity":"","overlay-gradient":""}},"ast-content-background-meta":{"desktop":{"background-color":"var(--ast-global-color-5)","background-image":"","background-repeat":"repeat","background-position":"center center","background-size":"auto","background-attachment":"scroll","background-type":"","background-media":"","overlay-type":"","overlay-color":"","overlay-opacity":"","overlay-gradient":""},"tablet":{"background-color":"var(--ast-global-color-5)","background-image":"","background-repeat":"repeat","background-position":"center center","background-size":"auto","background-attachment":"scroll","background-type":"","background-media":"","overlay-type":"","overlay-color":"","overlay-opacity":"","overlay-gradient":""},"mobile":{"background-color":"var(--ast-global-color-5)","background-image":"","background-repeat":"repeat","background-position":"center center","background-size":"auto","background-attachment":"scroll","background-type":"","background-media":"","overlay-type":"","overlay-color":"","overlay-opacity":"","overlay-gradient":""}}},"product_brand":[],"product_cat":[77],"product_tag":[],"class_list":{"0":"post-8448","1":"product","2":"type-product","3":"status-publish","4":"has-post-thumbnail","6":"product_cat-produto-adocante","7":"desktop-align-center","8":"tablet-align-left","9":"mobile-align-left","11":"first","12":"instock","13":"shipping-taxable","14":"product-type-simple"},"yoast_head":"<!-- This site is optimized with the Yoast SEO plugin v26.5 - https:\/\/yoast.com\/wordpress\/plugins\/seo\/ -->\n<title>P\u00f3 De Fos Frutooligossacar\u00eddeos, Fornecedor De Fos Frutooligossacar\u00eddeos | Niranbio Chemical<\/title>\n<meta name=\"description\" content=\"FOS-Frutooligossacar\u00eddeos, um p\u00f3 incolor ou amarelo-claro, s\u00e3o encontrados em frutas, vegetais e plantas, usados \u200b\u200bem alimentos, cuidados com a sa\u00fade, cosm\u00e9ticos e ra\u00e7\u00f5es.\" \/>\n<meta name=\"robots\" content=\"noindex, follow, max-snippet:-1, max-image-preview:large, max-video-preview:-1\" \/>\n<meta name=\"twitter:label1\" content=\"Est. tempo de leitura\" \/>\n\t<meta name=\"twitter:data1\" content=\"3 minutos\" \/>\n<script type=\"application\/ld+json\" class=\"yoast-schema-graph\">{\"@context\":\"https:\/\/schema.org\",\"@graph\":[{\"@type\":\"WebPage\",\"@id\":\"https:\/\/theo.niranbio.com\/pt-br\/fos-frutooligossacarideos.html\",\"url\":\"https:\/\/theo.niranbio.com\/pt-br\/fos-frutooligossacarideos.html\",\"name\":\"P\u00f3 De Fos Frutooligossacar\u00eddeos, Fornecedor De Fos Frutooligossacar\u00eddeos | Niranbio Chemical\",\"isPartOf\":{\"@id\":\"https:\/\/theo.niranbio.com\/pt-br\/#website\"},\"primaryImageOfPage\":{\"@id\":\"https:\/\/theo.niranbio.com\/pt-br\/fos-frutooligossacarideos.html#primaryimage\"},\"image\":{\"@id\":\"https:\/\/theo.niranbio.com\/pt-br\/fos-frutooligossacarideos.html#primaryimage\"},\"thumbnailUrl\":\"https:\/\/theo.niranbio.com\/wp-content\/uploads\/2024\/06\/FOS-Fructooligosaccharides.webp\",\"datePublished\":\"2024-06-20T01:19:56+00:00\",\"dateModified\":\"2024-08-19T01:17:15+00:00\",\"description\":\"FOS-Frutooligossacar\u00eddeos, um p\u00f3 incolor ou amarelo-claro, s\u00e3o encontrados em frutas, vegetais e plantas, usados \u200b\u200bem alimentos, cuidados com a sa\u00fade, cosm\u00e9ticos e ra\u00e7\u00f5es.\",\"breadcrumb\":{\"@id\":\"https:\/\/theo.niranbio.com\/pt-br\/fos-frutooligossacarideos.html#breadcrumb\"},\"inLanguage\":\"pt-BR\",\"potentialAction\":[{\"@type\":\"ReadAction\",\"target\":[\"https:\/\/theo.niranbio.com\/pt-br\/fos-frutooligossacarideos.html\"]}]},{\"@type\":\"ImageObject\",\"inLanguage\":\"pt-BR\",\"@id\":\"https:\/\/theo.niranbio.com\/pt-br\/fos-frutooligossacarideos.html#primaryimage\",\"url\":\"https:\/\/theo.niranbio.com\/wp-content\/uploads\/2024\/06\/FOS-Fructooligosaccharides.webp\",\"contentUrl\":\"https:\/\/theo.niranbio.com\/wp-content\/uploads\/2024\/06\/FOS-Fructooligosaccharides.webp\",\"width\":600,\"height\":600,\"caption\":\"FOS Frutooligossacar\u00eddeos\"},{\"@type\":\"BreadcrumbList\",\"@id\":\"https:\/\/theo.niranbio.com\/pt-br\/fos-frutooligossacarideos.html#breadcrumb\",\"itemListElement\":[{\"@type\":\"ListItem\",\"position\":1,\"name\":\"Home\",\"item\":\"https:\/\/theo.niranbio.com\/pt-br\/\"},{\"@type\":\"ListItem\",\"position\":2,\"name\":\"Produtos\",\"item\":\"https:\/\/theo.niranbio.com\/pt-br\/produtos.html\"},{\"@type\":\"ListItem\",\"position\":3,\"name\":\"Ado\u00e7antes\",\"item\":\"https:\/\/theo.niranbio.com\/pt-br\/produto-adocante\/\"},{\"@type\":\"ListItem\",\"position\":4,\"name\":\"FOS &#8211; frutooligossacar\u00eddeos\"}]},{\"@type\":\"WebSite\",\"@id\":\"https:\/\/theo.niranbio.com\/pt-br\/#website\",\"url\":\"https:\/\/theo.niranbio.com\/pt-br\/\",\"name\":\"Niranbio Chemical\",\"description\":\"\",\"publisher\":{\"@id\":\"https:\/\/theo.niranbio.com\/pt-br\/#organization\"},\"potentialAction\":[{\"@type\":\"SearchAction\",\"target\":{\"@type\":\"EntryPoint\",\"urlTemplate\":\"https:\/\/theo.niranbio.com\/pt-br\/?s={search_term_string}\"},\"query-input\":{\"@type\":\"PropertyValueSpecification\",\"valueRequired\":true,\"valueName\":\"search_term_string\"}}],\"inLanguage\":\"pt-BR\"},{\"@type\":\"Organization\",\"@id\":\"https:\/\/theo.niranbio.com\/pt-br\/#organization\",\"name\":\"Niranbio Chemical\",\"url\":\"https:\/\/theo.niranbio.com\/pt-br\/\",\"logo\":{\"@type\":\"ImageObject\",\"inLanguage\":\"pt-BR\",\"@id\":\"https:\/\/theo.niranbio.com\/pt-br\/#\/schema\/logo\/image\/\",\"url\":\"https:\/\/theo.niranbio.com\/wp-content\/uploads\/2024\/06\/Niranbio.png\",\"contentUrl\":\"https:\/\/theo.niranbio.com\/wp-content\/uploads\/2024\/06\/Niranbio.png\",\"width\":270,\"height\":100,\"caption\":\"Niranbio Chemical\"},\"image\":{\"@id\":\"https:\/\/theo.niranbio.com\/pt-br\/#\/schema\/logo\/image\/\"}}]}<\/script>\n<!-- \/ Yoast SEO plugin. -->","yoast_head_json":{"title":"P\u00f3 De Fos Frutooligossacar\u00eddeos, Fornecedor De Fos Frutooligossacar\u00eddeos | Niranbio Chemical","description":"FOS-Frutooligossacar\u00eddeos, um p\u00f3 incolor ou amarelo-claro, s\u00e3o encontrados em frutas, vegetais e plantas, usados \u200b\u200bem alimentos, cuidados com a sa\u00fade, cosm\u00e9ticos e ra\u00e7\u00f5es.","robots":{"index":"noindex","follow":"follow","max-snippet":"max-snippet:-1","max-image-preview":"max-image-preview:large","max-video-preview":"max-video-preview:-1"},"twitter_misc":{"Est. tempo de leitura":"3 minutos"},"schema":{"@context":"https:\/\/schema.org","@graph":[{"@type":"WebPage","@id":"https:\/\/theo.niranbio.com\/pt-br\/fos-frutooligossacarideos.html","url":"https:\/\/theo.niranbio.com\/pt-br\/fos-frutooligossacarideos.html","name":"P\u00f3 De Fos Frutooligossacar\u00eddeos, Fornecedor De Fos Frutooligossacar\u00eddeos | Niranbio Chemical","isPartOf":{"@id":"https:\/\/theo.niranbio.com\/pt-br\/#website"},"primaryImageOfPage":{"@id":"https:\/\/theo.niranbio.com\/pt-br\/fos-frutooligossacarideos.html#primaryimage"},"image":{"@id":"https:\/\/theo.niranbio.com\/pt-br\/fos-frutooligossacarideos.html#primaryimage"},"thumbnailUrl":"https:\/\/theo.niranbio.com\/wp-content\/uploads\/2024\/06\/FOS-Fructooligosaccharides.webp","datePublished":"2024-06-20T01:19:56+00:00","dateModified":"2024-08-19T01:17:15+00:00","description":"FOS-Frutooligossacar\u00eddeos, um p\u00f3 incolor ou amarelo-claro, s\u00e3o encontrados em frutas, vegetais e plantas, usados \u200b\u200bem alimentos, cuidados com a sa\u00fade, cosm\u00e9ticos e ra\u00e7\u00f5es.","breadcrumb":{"@id":"https:\/\/theo.niranbio.com\/pt-br\/fos-frutooligossacarideos.html#breadcrumb"},"inLanguage":"pt-BR","potentialAction":[{"@type":"ReadAction","target":["https:\/\/theo.niranbio.com\/pt-br\/fos-frutooligossacarideos.html"]}]},{"@type":"ImageObject","inLanguage":"pt-BR","@id":"https:\/\/theo.niranbio.com\/pt-br\/fos-frutooligossacarideos.html#primaryimage","url":"https:\/\/theo.niranbio.com\/wp-content\/uploads\/2024\/06\/FOS-Fructooligosaccharides.webp","contentUrl":"https:\/\/theo.niranbio.com\/wp-content\/uploads\/2024\/06\/FOS-Fructooligosaccharides.webp","width":600,"height":600,"caption":"FOS Frutooligossacar\u00eddeos"},{"@type":"BreadcrumbList","@id":"https:\/\/theo.niranbio.com\/pt-br\/fos-frutooligossacarideos.html#breadcrumb","itemListElement":[{"@type":"ListItem","position":1,"name":"Home","item":"https:\/\/theo.niranbio.com\/pt-br\/"},{"@type":"ListItem","position":2,"name":"Produtos","item":"https:\/\/theo.niranbio.com\/pt-br\/produtos.html"},{"@type":"ListItem","position":3,"name":"Ado\u00e7antes","item":"https:\/\/theo.niranbio.com\/pt-br\/produto-adocante\/"},{"@type":"ListItem","position":4,"name":"FOS &#8211; frutooligossacar\u00eddeos"}]},{"@type":"WebSite","@id":"https:\/\/theo.niranbio.com\/pt-br\/#website","url":"https:\/\/theo.niranbio.com\/pt-br\/","name":"Niranbio Chemical","description":"","publisher":{"@id":"https:\/\/theo.niranbio.com\/pt-br\/#organization"},"potentialAction":[{"@type":"SearchAction","target":{"@type":"EntryPoint","urlTemplate":"https:\/\/theo.niranbio.com\/pt-br\/?s={search_term_string}"},"query-input":{"@type":"PropertyValueSpecification","valueRequired":true,"valueName":"search_term_string"}}],"inLanguage":"pt-BR"},{"@type":"Organization","@id":"https:\/\/theo.niranbio.com\/pt-br\/#organization","name":"Niranbio Chemical","url":"https:\/\/theo.niranbio.com\/pt-br\/","logo":{"@type":"ImageObject","inLanguage":"pt-BR","@id":"https:\/\/theo.niranbio.com\/pt-br\/#\/schema\/logo\/image\/","url":"https:\/\/theo.niranbio.com\/wp-content\/uploads\/2024\/06\/Niranbio.png","contentUrl":"https:\/\/theo.niranbio.com\/wp-content\/uploads\/2024\/06\/Niranbio.png","width":270,"height":100,"caption":"Niranbio Chemical"},"image":{"@id":"https:\/\/theo.niranbio.com\/pt-br\/#\/schema\/logo\/image\/"}}]}},"_links":{"self":[{"href":"https:\/\/theo.niranbio.com\/pt-br\/wp-json\/wp\/v2\/product\/8448","targetHints":{"allow":["GET"]}}],"collection":[{"href":"https:\/\/theo.niranbio.com\/pt-br\/wp-json\/wp\/v2\/product"}],"about":[{"href":"https:\/\/theo.niranbio.com\/pt-br\/wp-json\/wp\/v2\/types\/product"}],"version-history":[{"count":0,"href":"https:\/\/theo.niranbio.com\/pt-br\/wp-json\/wp\/v2\/product\/8448\/revisions"}],"wp:featuredmedia":[{"embeddable":true,"href":"https:\/\/theo.niranbio.com\/pt-br\/wp-json\/wp\/v2\/media\/8017"}],"wp:attachment":[{"href":"https:\/\/theo.niranbio.com\/pt-br\/wp-json\/wp\/v2\/media?parent=8448"}],"wp:term":[{"taxonomy":"product_brand","embeddable":true,"href":"https:\/\/theo.niranbio.com\/pt-br\/wp-json\/wp\/v2\/product_brand?post=8448"},{"taxonomy":"product_cat","embeddable":true,"href":"https:\/\/theo.niranbio.com\/pt-br\/wp-json\/wp\/v2\/product_cat?post=8448"},{"taxonomy":"product_tag","embeddable":true,"href":"https:\/\/theo.niranbio.com\/pt-br\/wp-json\/wp\/v2\/product_tag?post=8448"}],"curies":[{"name":"wp","href":"https:\/\/api.w.org\/{rel}","templated":true}]}}